{"id":197,"date":"2020-03-17T19:41:58","date_gmt":"2020-03-17T18:41:58","guid":{"rendered":"https:\/\/www.fuegos.eu\/fuegos\/?page_id=197"},"modified":"2020-05-15T11:02:46","modified_gmt":"2020-05-15T09:02:46","slug":"datenschutz","status":"publish","type":"page","link":"https:\/\/www.fuegos.eu\/en\/datenschutz\/","title":{"rendered":"Datenschutz"},"content":{"rendered":"<p>[et_pb_section fb_built=&#8221;1&#8243; _builder_version=&#8221;4.4.0&#8243;][et_pb_row _builder_version=&#8221;4.4.0&#8243;][et_pb_column type=&#8221;4_4&#8243; _builder_version=&#8221;4.4.0&#8243;][et_pb_text _builder_version=&#8221;4.4.0&#8243;]<\/p>\n<div id=\"imCell_34\" class=\"\" data-responsive-sequence-number=\"2\">\n<div id=\"imTextObject_10_34\">\n<div data-index=\"0\" class=\"text-tab-content grid-prop current-tab \" id=\"imTextObject_10_34_tab0\" style=\"opacity: 1;\">\n<div class=\"text-inner\">\n<div class=\"imTACenter\"><span style=\"font-size: xx-large;\"><b class=\"fs20lh1-5 cf1 ff1\">Datenschutz<\/b><\/span><\/div>\n<\/div>\n<\/div>\n<\/div>\n<\/div>\n<div id=\"imCell_35\" class=\"\" data-responsive-sequence-number=\"3\">\n<div id=\"imCellStyleGraphics_35\"><\/div>\n<div id=\"imCellStyleBorders_35\"><\/div>\n<div id=\"imTextObject_10_35\">\n<div data-index=\"0\" class=\"text-tab-content grid-prop current-tab \" id=\"imTextObject_10_35_tab0\" style=\"opacity: 1;\">\n<div class=\"text-inner\">\n<div><\/div>\n<div><\/div>\n<\/div>\n<\/div>\n<\/div>\n<\/div>\n<div id=\"imPageRow_2\" class=\"imPageRow\"><\/div>\n<div id=\"imCell_53\" class=\"\" data-responsive-sequence-number=\"4\">\n<div id=\"imCellStyleGraphics_53\"><\/div>\n<div id=\"imCellStyleBorders_53\"><\/div>\n<div id=\"imTextObject_10_53\">\n<div data-index=\"0\" class=\"text-tab-content grid-prop current-tab \" id=\"imTextObject_10_53_tab0\" style=\"opacity: 1;\">\n<div class=\"text-inner\">\n<div><span class=\"cf1\"><span class=\"fs14lh1-5\"><\/span><\/span><\/div>\n<div><span class=\"cf1\"><span class=\"fs14lh1-5\">Die Nutzung der Webseite von<\/span><span class=\"fs14lh1-5 ff1\">Fuego Sport<\/span><span class=\"fs14lh1-5\"> ist ohne Angabe \u00a0personenbezogener Daten m\u00f6glich. Soweit auf unseren Seiten \u00a0personenbezogene Daten (z. B. Name, Anschrift oder E-Mail-Adressen) \u00a0erhoben werden, erfolgt dies stets auf freiwilliger Basis und unter \u00a0Hinweis auf den Zweck der Datenerhebung. Die Daten selbst werden zum Zwecke der (Vor)Anmeldung des Fuego Shops verwendet sowie zur Kontaktaufnahme und Abwicklung kommender Gesch\u00e4fte \u00fcber den genannten Internet Shop. Diese Daten werden ohne ihre \u00a0ausdr\u00fcckliche Zustimmung nicht an Dritte weitergegeben. <\/span><br \/><\/span><\/div>\n<div><span class=\"cf1\">\u00a0<\/span><\/div>\n<div><span class=\"cf1\">Die Speicherung der Daten wird auf das Gesch\u00e4ftsverh\u00e4ltnis, bzw. auf die Dauer der Anmeldung ohne explizit ausdr\u00fccklichem Konto-L\u00f6schungsantrag begrenzt. Sie als Kunde haben das Recht Auskunft \u00fcber ihre bei uns vorhandenen Daten zu erhalten sowie auf L\u00f6schung, Einschr\u00e4nkung der Verarbeitung sowie der Verarbeitung zu widersprechen. \u00a0<\/span><\/div>\n<div><span class=\"cf1\">\u00a0<\/span><\/div>\n<div><span class=\"fs14lh1-5 cf1\">Wir weisen darauf hin, dass die Daten\u00fcbertragung im Internet \u00a0Sicherheitsl\u00fccken aufweisen kann. Ein l\u00fcckenloser Schutz der Daten vor \u00a0dem Zugriff durch Dritte ist nicht m\u00f6glich. <\/span><\/div>\n<div>\n<div><span class=\"fs10lh1-5 cf1\">Datenschutzbeauftragter der Firma Fuego Sport ist Gesch\u00e4ftsf\u00fchrer und Inhaber Jethroe Chavarria f\u00fcr weitere Informationen steht ihnen das Kontaktformular unter &#8220;Kontakt&#8221; oder Impressum mit weiteren Daten zur Verf\u00fcgung. . <\/span><\/div>\n<\/div>\n<\/div>\n<\/div>\n<\/div>\n<\/div>\n<div id=\"imPageRow_3\" class=\"imPageRow\"><\/div>\n<div id=\"imCell_55\" class=\"\" data-responsive-sequence-number=\"5\">\n<div id=\"imCellStyleGraphics_55\"><\/div>\n<div id=\"imCellStyleBorders_55\"><\/div>\n<div id=\"imTextObject_10_55\">\n<div data-index=\"0\" class=\"text-tab-content grid-prop current-tab \" id=\"imTextObject_10_55_tab0\" style=\"opacity: 1;\">\n<div class=\"text-inner\">\n<div class=\"imTACenter\"><b class=\"fs14lh1-5\"><span class=\"fs20lh1-5 cf1 ff1\">\u00a0<\/span><\/b><\/div>\n<div class=\"imTACenter\"><span style=\"font-size: large;\"><b><span class=\"fs16lh1-5 cf2 ff1\">GOOGLE ANALYTICS<\/span><\/b><\/span><\/div>\n<\/div>\n<\/div>\n<\/div>\n<\/div>\n<div id=\"imCell_57\" class=\"\" data-responsive-sequence-number=\"6\">\n<div id=\"imCellStyleGraphics_57\"><\/div>\n<div id=\"imCellStyleBorders_57\"><\/div>\n<div id=\"imTextObject_10_57\">\n<div data-index=\"0\" class=\"text-tab-content grid-prop current-tab \" id=\"imTextObject_10_57_tab0\" style=\"opacity: 1;\">\n<div class=\"text-inner\">\n<div class=\"imTACenter\"><span class=\"fs12lh1-5 cf1 ff1\"><\/span><\/div>\n<div class=\"imTACenter\"><span class=\"fs12lh1-5 cf1 ff1\">\u00a0<\/span><\/div>\n<\/div>\n<\/div>\n<\/div>\n<\/div>\n<div id=\"imPageRow_4\" class=\"imPageRow\"><\/div>\n<div id=\"imCell_59\" class=\"\" data-responsive-sequence-number=\"7\">\n<div id=\"imCellStyleGraphics_59\"><\/div>\n<div id=\"imCellStyleBorders_59\"><\/div>\n<div id=\"imTextObject_10_59\">\n<div data-index=\"0\" class=\"text-tab-content grid-prop current-tab \" id=\"imTextObject_10_59_tab0\" style=\"opacity: 1;\">\n<div class=\"text-inner\">\n<div><span class=\"fs14lh1-5 cf1\">Diese \u00a0Website benutzt Google Analytics, einen Webanalysedienst der Google \u00a0Inc. (\u201eGoogle\u201c). Google Analytics verwendet sog. \u201eCookies\u201c, Textdateien, \u00a0die auf Ihrem Computer gespeichert werden und die eine Analyse der \u00a0Benutzung der Website durch Sie erm\u00f6glichen. Die durch den Cookie \u00a0erzeugten Informationen \u00fcber Ihre Benutzung dieser Website \u00a0(einschlie\u00dflich Ihrer IP-Adresse) wird an einen Server von Google in den \u00a0USA \u00fcbertragen und dort gespeichert. Google wird diese Informationen \u00a0benutzen, um Ihre Nutzung der Website auszuwerten, um Reports \u00fcber die \u00a0Websiteaktivit\u00e4ten f\u00fcr die Websitebetreiber zusammenzustellen und um \u00a0weitere mit der Websitenutzung und der Internetnutzung verbundene \u00a0Dienstleistungen zu erbringen. Auch wird Google diese Informationen \u00a0gegebenenfalls an Dritte \u00fcbertragen, sofern dies gesetzlich \u00a0vorgeschrieben oder soweit Dritte diese Daten im Auftrag von Google \u00a0verarbeiten. Google wird in keinem Fall Ihre IP-Adresse mit anderen \u00a0Daten von Google in Verbindung bringen. Sie k\u00f6nnen die Installation der \u00a0Cookies durch eine entsprechende Einstellung Ihrer Browser Software \u00a0verhindern; wir weisen Sie jedoch darauf hin, dass Sie in diesem Fall \u00a0gegebenenfalls nicht s\u00e4mtliche Funktionen dieser Website vollumf\u00e4nglich \u00a0nutzen k\u00f6nnen. Durch die Nutzung dieser Website erkl\u00e4ren Sie sich mit \u00a0der Bearbeitung der \u00fcber Sie erhobenen Daten durch Google in der zuvor \u00a0beschriebenen Art und Weise und zu dem zuvor benannten Zweck \u00a0einverstanden. Der Datenerhebung und -speicherung kann jederzeit mit \u00a0Wirkung f\u00fcr die Zukunft widersprochen werden. Angesichts der Diskussion \u00a0um den Einsatz von Analysetools mit vollst\u00e4ndigen IP-Adressen m\u00f6chten \u00a0wir darauf hinweisen, dass diese Website Google Analytics mit der \u00a0Erweiterung \u201e_anonymizeIp()\u201c verwendet und daher IP-Adressen nur gek\u00fcrzt \u00a0weiterverarbeitet werden, um eine direkte Personenbeziehbarkeit \u00a0auszuschlie\u00dfen.<\/span><\/div>\n<div><span class=\"fs14lh1-5 cf1\">\u00a0<\/span><\/div>\n<div><span class=\"fs14lh1-5 cf1\">Eine \u00dcbertragung der Informationen durch Google an Dritte erfolgt nur, sofern dies gesetzlich vorgeschrieben ist oder soweit Dritte diese Daten im Auftrag verarbeiten.<\/span><\/div>\n<div><span class=\"fs14lh1-5 cf1\">Sie k\u00f6nnen dar\u00fcber hinaus die Erfassung der durch das Coockie erzeugte und auf Ihre Nutzung der Webseite bezogenen Daten (inkl. ihrer IP-Adresse) sowie der Verarbeitung dieser Daten durch Google verhindern, indem sie ein Browser-Add-on herunterladen und installieren <a href=\"https:\/\/tools.google.com\/dlpage\/gaoptout?hl=dehttp:\/\/\" onclick=\"return x5engine.imShowBox({ media:[{type: 'iframe', url: 'https:\/\/tools.google.com\/dlpage\/gaoptout?hl=dehttp:\/\/', width: 1920, height: 1080, description: ''}]}, 0, this);\" class=\"imCssLink\">http:\/\/tools.google.com\/dlpage\/gaoptout?hl=de<\/a>. <\/span><\/div>\n<div><span class=\"fs14lh1-5 cf1\">\u00a0<\/span><\/div>\n<div><span class=\"fs14lh1-5 cf1\">Weitere Informationen zum Datenschutz im Zusammenhang mit Google Analytics finden sie etwa in der Goolge Analytics-Hilfe <a href=\"https:\/\/support.google.com\/analytics\/answer\/6004245?hl=de\" onclick=\"return x5engine.imShowBox({ media:[{type: 'iframe', url: 'https:\/\/support.google.com\/analytics\/answer\/6004245?hl=de', width: 1920, height: 1080, description: ''}]}, 0, this);\" class=\"imCssLink\">https:\/\/support.google.com\/analytics\/answer\/6004245?hl=de<\/a>. <\/span><\/div>\n<\/div>\n<\/div>\n<\/div>\n<\/div>\n<p>[\/et_pb_text][\/et_pb_column][\/et_pb_row][\/et_pb_section]<\/p>\n","protected":false},"excerpt":{"rendered":"<p>Datenschutz Die Nutzung der Webseite vonFuego Sport ist ohne Angabe \u00a0personenbezogener Daten m\u00f6glich. Soweit auf unseren Seiten \u00a0personenbezogene Daten (z. B. Name, Anschrift oder E-Mail-Adressen) \u00a0erhoben werden, erfolgt dies stets auf freiwilliger Basis und unter \u00a0Hinweis auf den Zweck der Datenerhebung. Die Daten selbst werden zum Zwecke der (Vor)Anmeldung des Fuego Shops verwendet sowie zur [&hellip;]<\/p>\n","protected":false},"author":49,"featured_media":0,"parent":0,"menu_order":0,"comment_status":"closed","ping_status":"closed","template":"","meta":{"_et_pb_use_builder":"on","_et_pb_old_content":"<!-- wp:divi\/placeholder \/-->","_et_gb_content_width":"","footnotes":""},"class_list":["post-197","page","type-page","status-publish","hentry"],"yoast_head":"<!-- This site is optimized with the Yoast SEO plugin v27.3 - https:\/\/yoast.com\/product\/yoast-seo-wordpress\/ -->\n<title>Datenschutz &#8226; Fuegos<\/title>\n<meta name=\"robots\" content=\"index, follow, max-snippet:-1, max-image-preview:large, max-video-preview:-1\" \/>\n<link rel=\"canonical\" href=\"https:\/\/www.fuegos.eu\/en\/datenschutz\/\" \/>\n<meta property=\"og:locale\" content=\"en_US\" \/>\n<meta property=\"og:type\" content=\"article\" \/>\n<meta property=\"og:title\" content=\"Datenschutz &#8226; Fuegos\" \/>\n<meta property=\"og:description\" content=\"Datenschutz Die Nutzung der Webseite vonFuego Sport ist ohne Angabe \u00a0personenbezogener Daten m\u00f6glich. Soweit auf unseren Seiten \u00a0personenbezogene Daten (z. B. Name, Anschrift oder E-Mail-Adressen) \u00a0erhoben werden, erfolgt dies stets auf freiwilliger Basis und unter \u00a0Hinweis auf den Zweck der Datenerhebung. Die Daten selbst werden zum Zwecke der (Vor)Anmeldung des Fuego Shops verwendet sowie zur [&hellip;]\" \/>\n<meta property=\"og:url\" content=\"https:\/\/www.fuegos.eu\/en\/datenschutz\/\" \/>\n<meta property=\"og:site_name\" content=\"Fuegos\" \/>\n<meta property=\"article:publisher\" content=\"https:\/\/www.facebook.com\/FuegosForst\/\" \/>\n<meta property=\"article:modified_time\" content=\"2020-05-15T09:02:46+00:00\" \/>\n<meta name=\"twitter:card\" content=\"summary_large_image\" \/>\n<meta name=\"twitter:label1\" content=\"Est. reading time\" \/>\n\t<meta name=\"twitter:data1\" content=\"3 minutes\" \/>\n<script type=\"application\/ld+json\" class=\"yoast-schema-graph\">{\"@context\":\"https:\\\/\\\/schema.org\",\"@graph\":[{\"@type\":\"WebPage\",\"@id\":\"https:\\\/\\\/www.fuegos.eu\\\/datenschutz\\\/\",\"url\":\"https:\\\/\\\/www.fuegos.eu\\\/datenschutz\\\/\",\"name\":\"Datenschutz &#8226; Fuegos\",\"isPartOf\":{\"@id\":\"https:\\\/\\\/www.fuegos.eu\\\/#website\"},\"datePublished\":\"2020-03-17T18:41:58+00:00\",\"dateModified\":\"2020-05-15T09:02:46+00:00\",\"breadcrumb\":{\"@id\":\"https:\\\/\\\/www.fuegos.eu\\\/datenschutz\\\/#breadcrumb\"},\"inLanguage\":\"en-US\",\"potentialAction\":[{\"@type\":\"ReadAction\",\"target\":[\"https:\\\/\\\/www.fuegos.eu\\\/datenschutz\\\/\"]}]},{\"@type\":\"BreadcrumbList\",\"@id\":\"https:\\\/\\\/www.fuegos.eu\\\/datenschutz\\\/#breadcrumb\",\"itemListElement\":[{\"@type\":\"ListItem\",\"position\":1,\"name\":\"Home\",\"item\":\"https:\\\/\\\/www.fuegos.eu\\\/\"},{\"@type\":\"ListItem\",\"position\":2,\"name\":\"Datenschutz\"}]},{\"@type\":\"WebSite\",\"@id\":\"https:\\\/\\\/www.fuegos.eu\\\/#website\",\"url\":\"https:\\\/\\\/www.fuegos.eu\\\/\",\"name\":\"Fuegos\",\"description\":\"Textile L\u00f6sungen nach Ma\u00df\",\"publisher\":{\"@id\":\"https:\\\/\\\/www.fuegos.eu\\\/#organization\"},\"potentialAction\":[{\"@type\":\"SearchAction\",\"target\":{\"@type\":\"EntryPoint\",\"urlTemplate\":\"https:\\\/\\\/www.fuegos.eu\\\/?s={search_term_string}\"},\"query-input\":{\"@type\":\"PropertyValueSpecification\",\"valueRequired\":true,\"valueName\":\"search_term_string\"}}],\"inLanguage\":\"en-US\"},{\"@type\":\"Organization\",\"@id\":\"https:\\\/\\\/www.fuegos.eu\\\/#organization\",\"name\":\"Fuegos\",\"url\":\"https:\\\/\\\/www.fuegos.eu\\\/\",\"logo\":{\"@type\":\"ImageObject\",\"inLanguage\":\"en-US\",\"@id\":\"https:\\\/\\\/www.fuegos.eu\\\/#\\\/schema\\\/logo\\\/image\\\/\",\"url\":\"https:\\\/\\\/fuegos.eu\\\/wp-content\\\/uploads\\\/2020\\\/05\\\/FuegosSignatur000.jpg\",\"contentUrl\":\"https:\\\/\\\/fuegos.eu\\\/wp-content\\\/uploads\\\/2020\\\/05\\\/FuegosSignatur000.jpg\",\"width\":960,\"height\":408,\"caption\":\"Fuegos\"},\"image\":{\"@id\":\"https:\\\/\\\/www.fuegos.eu\\\/#\\\/schema\\\/logo\\\/image\\\/\"},\"sameAs\":[\"https:\\\/\\\/www.facebook.com\\\/FuegosForst\\\/\",\"https:\\\/\\\/www.youtube.com\\\/channel\\\/UC0SFe93Vgi6YZV6tSCOLdkA\"]}]}<\/script>\n<!-- \/ Yoast SEO plugin. -->","yoast_head_json":{"title":"Datenschutz &#8226; Fuegos","robots":{"index":"index","follow":"follow","max-snippet":"max-snippet:-1","max-image-preview":"max-image-preview:large","max-video-preview":"max-video-preview:-1"},"canonical":"https:\/\/www.fuegos.eu\/en\/datenschutz\/","og_locale":"en_US","og_type":"article","og_title":"Datenschutz &#8226; Fuegos","og_description":"Datenschutz Die Nutzung der Webseite vonFuego Sport ist ohne Angabe \u00a0personenbezogener Daten m\u00f6glich. Soweit auf unseren Seiten \u00a0personenbezogene Daten (z. B. Name, Anschrift oder E-Mail-Adressen) \u00a0erhoben werden, erfolgt dies stets auf freiwilliger Basis und unter \u00a0Hinweis auf den Zweck der Datenerhebung. Die Daten selbst werden zum Zwecke der (Vor)Anmeldung des Fuego Shops verwendet sowie zur [&hellip;]","og_url":"https:\/\/www.fuegos.eu\/en\/datenschutz\/","og_site_name":"Fuegos","article_publisher":"https:\/\/www.facebook.com\/FuegosForst\/","article_modified_time":"2020-05-15T09:02:46+00:00","twitter_card":"summary_large_image","twitter_misc":{"Est. reading time":"3 minutes"},"schema":{"@context":"https:\/\/schema.org","@graph":[{"@type":"WebPage","@id":"https:\/\/www.fuegos.eu\/datenschutz\/","url":"https:\/\/www.fuegos.eu\/datenschutz\/","name":"Datenschutz &#8226; Fuegos","isPartOf":{"@id":"https:\/\/www.fuegos.eu\/#website"},"datePublished":"2020-03-17T18:41:58+00:00","dateModified":"2020-05-15T09:02:46+00:00","breadcrumb":{"@id":"https:\/\/www.fuegos.eu\/datenschutz\/#breadcrumb"},"inLanguage":"en-US","potentialAction":[{"@type":"ReadAction","target":["https:\/\/www.fuegos.eu\/datenschutz\/"]}]},{"@type":"BreadcrumbList","@id":"https:\/\/www.fuegos.eu\/datenschutz\/#breadcrumb","itemListElement":[{"@type":"ListItem","position":1,"name":"Home","item":"https:\/\/www.fuegos.eu\/"},{"@type":"ListItem","position":2,"name":"Datenschutz"}]},{"@type":"WebSite","@id":"https:\/\/www.fuegos.eu\/#website","url":"https:\/\/www.fuegos.eu\/","name":"Fuegos","description":"Textile L\u00f6sungen nach Ma\u00df","publisher":{"@id":"https:\/\/www.fuegos.eu\/#organization"},"potentialAction":[{"@type":"SearchAction","target":{"@type":"EntryPoint","urlTemplate":"https:\/\/www.fuegos.eu\/?s={search_term_string}"},"query-input":{"@type":"PropertyValueSpecification","valueRequired":true,"valueName":"search_term_string"}}],"inLanguage":"en-US"},{"@type":"Organization","@id":"https:\/\/www.fuegos.eu\/#organization","name":"Fuegos","url":"https:\/\/www.fuegos.eu\/","logo":{"@type":"ImageObject","inLanguage":"en-US","@id":"https:\/\/www.fuegos.eu\/#\/schema\/logo\/image\/","url":"https:\/\/fuegos.eu\/wp-content\/uploads\/2020\/05\/FuegosSignatur000.jpg","contentUrl":"https:\/\/fuegos.eu\/wp-content\/uploads\/2020\/05\/FuegosSignatur000.jpg","width":960,"height":408,"caption":"Fuegos"},"image":{"@id":"https:\/\/www.fuegos.eu\/#\/schema\/logo\/image\/"},"sameAs":["https:\/\/www.facebook.com\/FuegosForst\/","https:\/\/www.youtube.com\/channel\/UC0SFe93Vgi6YZV6tSCOLdkA"]}]}},"_links":{"self":[{"href":"https:\/\/www.fuegos.eu\/en\/wp-json\/wp\/v2\/pages\/197","targetHints":{"allow":["GET"]}}],"collection":[{"href":"https:\/\/www.fuegos.eu\/en\/wp-json\/wp\/v2\/pages"}],"about":[{"href":"https:\/\/www.fuegos.eu\/en\/wp-json\/wp\/v2\/types\/page"}],"author":[{"embeddable":true,"href":"https:\/\/www.fuegos.eu\/en\/wp-json\/wp\/v2\/users\/49"}],"replies":[{"embeddable":true,"href":"https:\/\/www.fuegos.eu\/en\/wp-json\/wp\/v2\/comments?post=197"}],"version-history":[{"count":0,"href":"https:\/\/www.fuegos.eu\/en\/wp-json\/wp\/v2\/pages\/197\/revisions"}],"wp:attachment":[{"href":"https:\/\/www.fuegos.eu\/en\/wp-json\/wp\/v2\/media?parent=197"}],"curies":[{"name":"wp","href":"https:\/\/api.w.org\/{rel}","templated":true}]}}