{"id":249313,"date":"2022-04-02T11:37:06","date_gmt":"2022-04-02T09:37:06","guid":{"rendered":"https:\/\/fuegos.eu\/?page_id=249313"},"modified":"2025-05-24T12:35:31","modified_gmt":"2025-05-24T10:35:31","slug":"ruecksendung-wiederrufsrecht","status":"publish","type":"page","link":"https:\/\/www.fuegos.eu\/en\/ruecksendung-wiederrufsrecht\/","title":{"rendered":"R\u00fccksendung &#038; Wiederrufsrecht"},"content":{"rendered":"<p>[et_pb_section fb_built=&#8221;1&#8243; _builder_version=&#8221;4.16&#8243; global_colors_info=&#8221;{}&#8221; theme_builder_area=&#8221;post_content&#8221;][et_pb_row _builder_version=&#8221;4.16&#8243; global_colors_info=&#8221;{}&#8221; theme_builder_area=&#8221;post_content&#8221; custom_padding=&#8221;||24px|||&#8221;][et_pb_column type=&#8221;4_4&#8243; _builder_version=&#8221;4.16&#8243; global_colors_info=&#8221;{}&#8221; theme_builder_area=&#8221;post_content&#8221;][et_pb_text _builder_version=&#8221;4.16&#8243; global_colors_info=&#8221;{}&#8221; theme_builder_area=&#8221;post_content&#8221;]<\/p>\n<div id=\"imCell_34\" class=\"\" data-responsive-sequence-number=\"2\">\n<div id=\"imTextObject_10_34\">\n<div data-index=\"0\" class=\"text-tab-content grid-prop current-tab \" id=\"imTextObject_10_34_tab0\" style=\"opacity: 1;\">\n<div class=\"text-inner\">\n<div class=\"imTACenter\"><span style=\"font-size: xx-large;\"><b class=\"fs20lh1-5 cf1 ff1\">Widerrufsbelehrung<\/b><\/span><\/div>\n<\/div>\n<\/div>\n<\/div>\n<\/div>\n<div id=\"imCell_35\" class=\"\" data-responsive-sequence-number=\"3\">\n<div id=\"imCellStyleGraphics_35\"><\/div>\n<div id=\"imCellStyleBorders_35\"><\/div>\n<div id=\"imTextObject_10_35\">\n<div data-index=\"0\" class=\"text-tab-content grid-prop current-tab \" id=\"imTextObject_10_35_tab0\" style=\"opacity: 1;\">\n<div class=\"text-inner\">\n<div><\/div>\n<div><\/div>\n<\/div>\n<\/div>\n<\/div>\n<\/div>\n<div id=\"imPageRow_2\" class=\"imPageRow\"><\/div>\n<div id=\"imCell_53\" class=\"\" data-responsive-sequence-number=\"4\">\n<div id=\"imCellStyleGraphics_53\"><\/div>\n<div id=\"imCellStyleBorders_53\"><\/div>\n<div id=\"imTextObject_10_53\">\n<div data-index=\"0\" class=\"text-tab-content grid-prop current-tab \" id=\"imTextObject_10_53_tab0\" style=\"opacity: 1;\">\n<div class=\"text-inner\">\n<div>\n<p data-start=\"432\" data-end=\"466\"><span style=\"font-size: large;\"><b><span class=\"fs16lh1-5 cf2 ff1\">Widerrufsrecht f\u00fcr Verbraucher<\/span><\/b><\/span><\/p>\n<p data-start=\"485\" data-end=\"579\">Sie haben das Recht, binnen <strong data-start=\"513\" data-end=\"525\">20 Tagen<\/strong> ohne Angabe von Gr\u00fcnden diesen Vertrag zu widerrufen.<\/p>\n<p data-start=\"581\" data-end=\"750\">Die Widerrufsfrist betr\u00e4gt 20 Tage ab dem Tag, an dem Sie oder ein von Ihnen benannter Dritter, der nicht der Bef\u00f6rderer ist, die Ware in Besitz genommen haben bzw. hat.<\/p>\n<\/div>\n<div><\/div>\n<\/div>\n<\/div>\n<\/div>\n<\/div>\n<div id=\"imPageRow_3\" class=\"imPageRow\"><\/div>\n<div id=\"imCell_55\" class=\"\" data-responsive-sequence-number=\"5\">\n<div id=\"imCellStyleGraphics_55\"><\/div>\n<div id=\"imCellStyleBorders_55\"><\/div>\n<div id=\"imTextObject_10_55\">\n<div data-index=\"0\" class=\"text-tab-content grid-prop current-tab \" id=\"imTextObject_10_55_tab0\" style=\"opacity: 1;\">\n<div class=\"text-inner\">\n<div class=\"imTACenter\"><b class=\"fs14lh1-5\"><span class=\"fs20lh1-5 cf1 ff1\">\u00a0<\/span><\/b><\/div>\n<div class=\"imTACenter\"><span style=\"font-size: large;\"><b><span class=\"fs16lh1-5 cf2 ff1\">Um Ihr Widerrufsrecht auszu\u00fcben, m\u00fcssen Sie uns<\/span><\/b><\/span><\/div>\n<\/div>\n<\/div>\n<\/div>\n<\/div>\n<div id=\"imCell_57\" class=\"\" data-responsive-sequence-number=\"6\">\n<div id=\"imCellStyleGraphics_57\"><\/div>\n<div id=\"imCellStyleBorders_57\"><\/div>\n<div id=\"imTextObject_10_57\">\n<div data-index=\"0\" class=\"text-tab-content grid-prop current-tab \" id=\"imTextObject_10_57_tab0\" style=\"opacity: 1;\">\n<div class=\"text-inner\">\n<div class=\"imTACenter\"><span class=\"fs12lh1-5 cf1 ff1\"><\/span><\/div>\n<div class=\"imTACenter\"><span class=\"fs12lh1-5 cf1 ff1\">\u00a0<\/span><\/div>\n<\/div>\n<\/div>\n<\/div>\n<\/div>\n<div id=\"imPageRow_4\" class=\"imPageRow\"><\/div>\n<div id=\"imCell_59\" class=\"\" data-responsive-sequence-number=\"7\">\n<div id=\"imCellStyleGraphics_59\"><\/div>\n<div id=\"imCellStyleBorders_59\"><\/div>\n<div id=\"imTextObject_10_59\">\n<div data-index=\"0\" class=\"text-tab-content grid-prop current-tab \" id=\"imTextObject_10_59_tab0\" style=\"opacity: 1;\">\n<div class=\"text-inner\">\n<div>\n<p data-start=\"784\" data-end=\"935\"><strong data-start=\"784\" data-end=\"935\">Fuego Sport<br data-start=\"797\" data-end=\"800\" \/>Inhaber: Jethroe Chavarr\u00eda<br data-start=\"826\" data-end=\"829\" \/>Im Hirschtal 5<\/strong><\/p>\n<p data-start=\"784\" data-end=\"935\"><strong data-start=\"784\" data-end=\"935\">89555 Steinheim<br data-start=\"879\" data-end=\"882\" \/>Telefon: +49 7329 9181911<br data-start=\"907\" data-end=\"910\" \/>E-Mail: <a data-start=\"918\" data-end=\"933\" class=\"cursor-pointer\" rel=\"noopener\">hilfe@fuegos.eu<\/a><\/strong><\/p>\n<p data-start=\"937\" data-end=\"1197\">mittels einer eindeutigen Erkl\u00e4rung (z.\u202fB. ein mit der Post versandter Brief oder E-Mail) \u00fcber Ihren Entschluss, diesen Vertrag zu widerrufen, informieren. Sie k\u00f6nnen daf\u00fcr das beigef\u00fcgte Muster-Widerrufsformular verwenden, das jedoch nicht vorgeschrieben ist.<\/p>\n<\/div>\n<\/div>\n<\/div>\n<\/div>\n<\/div>\n<p>[\/et_pb_text][\/et_pb_column][\/et_pb_row][et_pb_row _builder_version=&#8221;4.16&#8243; global_colors_info=&#8221;{}&#8221; theme_builder_area=&#8221;post_content&#8221; custom_padding=&#8221;6px|||||&#8221;][et_pb_column type=&#8221;4_4&#8243; _builder_version=&#8221;4.16&#8243; global_colors_info=&#8221;{}&#8221; theme_builder_area=&#8221;post_content&#8221;][et_pb_text _builder_version=&#8221;4.16&#8243; global_colors_info=&#8221;{}&#8221; theme_builder_area=&#8221;post_content&#8221;]<\/p>\n<div id=\"imCell_34\" class=\"\" data-responsive-sequence-number=\"2\">\n<div id=\"imTextObject_10_34\">\n<div data-index=\"0\" class=\"text-tab-content grid-prop current-tab \" id=\"imTextObject_10_34_tab0\" style=\"opacity: 1;\">\n<div class=\"text-inner\">\n<div class=\"imTACenter\"><b style=\"font-size: large;\"><span class=\"fs16lh1-5 cf2 ff1\">Folgen des Widerrufs<\/span><\/b><\/div>\n<\/div>\n<\/div>\n<\/div>\n<\/div>\n<div id=\"imCell_53\" class=\"\" data-responsive-sequence-number=\"4\">\n<div id=\"imTextObject_10_53\">\n<div data-index=\"0\" class=\"text-tab-content grid-prop current-tab \" id=\"imTextObject_10_53_tab0\" style=\"opacity: 1;\">\n<div class=\"text-inner\">\n<div>\n<p data-start=\"1232\" data-end=\"1521\">Wenn Sie diesen Vertrag widerrufen, erstatten wir Ihnen alle Zahlungen, die wir von Ihnen erhalten haben \u2013 <strong data-start=\"1339\" data-end=\"1396\">mit Ausnahme der Lieferkosten und der R\u00fccksendekosten<\/strong> \u2013 unverz\u00fcglich und sp\u00e4testens binnen 14 Tagen ab dem Tag, an dem die Mitteilung \u00fcber Ihren Widerruf bei uns eingegangen ist.<\/p>\n<p data-start=\"1523\" data-end=\"1715\">F\u00fcr die R\u00fcckzahlung verwenden wir dasselbe Zahlungsmittel, das Sie bei der urspr\u00fcnglichen Transaktion eingesetzt haben. In keinem Fall werden Ihnen wegen dieser R\u00fcckzahlung Entgelte berechnet.<\/p>\n<p data-start=\"1717\" data-end=\"1919\"><strong data-start=\"1717\" data-end=\"1794\">Wir leisten keine R\u00fcckerstattung, bevor wir die Ware zur\u00fcckerhalten haben<\/strong> oder Sie den Nachweis erbracht haben, dass Sie die Ware zur\u00fcckgesandt haben \u2013 je nachdem, welches der fr\u00fchere Zeitpunkt ist.<\/p>\n<\/div>\n<div><\/div>\n<\/div>\n<\/div>\n<\/div>\n<\/div>\n<div id=\"imPageRow_3\" class=\"imPageRow\"><\/div>\n<div id=\"imCell_55\" class=\"\" data-responsive-sequence-number=\"5\">\n<div id=\"imCellStyleGraphics_55\"><\/div>\n<div id=\"imCellStyleBorders_55\"><\/div>\n<div id=\"imTextObject_10_55\">\n<div data-index=\"0\" class=\"text-tab-content grid-prop current-tab \" id=\"imTextObject_10_55_tab0\" style=\"opacity: 1;\">\n<div class=\"text-inner\">\n<div class=\"imTACenter\"><b class=\"fs14lh1-5\"><span class=\"fs20lh1-5 cf1 ff1\">\u00a0<\/span><\/b><\/div>\n<div class=\"imTACenter\"><span style=\"font-size: large;\"><b><span class=\"fs16lh1-5 cf2 ff1\">R\u00fccksendung der Ware<\/span><\/b><\/span><\/div>\n<\/div>\n<\/div>\n<\/div>\n<\/div>\n<div id=\"imCell_57\" class=\"\" data-responsive-sequence-number=\"6\">\n<div id=\"imCellStyleGraphics_57\"><\/div>\n<div id=\"imCellStyleBorders_57\"><\/div>\n<div id=\"imTextObject_10_57\">\n<div data-index=\"0\" class=\"text-tab-content grid-prop current-tab \" id=\"imTextObject_10_57_tab0\" style=\"opacity: 1;\">\n<div class=\"text-inner\">\n<div class=\"imTACenter\"><span class=\"fs12lh1-5 cf1 ff1\"><\/span><\/div>\n<div class=\"imTACenter\"><span class=\"fs12lh1-5 cf1 ff1\">\u00a0<\/span><\/div>\n<\/div>\n<\/div>\n<\/div>\n<\/div>\n<div id=\"imCell_59\" class=\"\" data-responsive-sequence-number=\"7\">\n<div id=\"imTextObject_10_59\">\n<div data-index=\"0\" class=\"text-tab-content grid-prop current-tab \" id=\"imTextObject_10_59_tab0\" style=\"opacity: 1;\">\n<div class=\"text-inner\">\n<div>\n<p data-start=\"1951\" data-end=\"2125\">Sie haben die Ware unverz\u00fcglich und in jedem Fall sp\u00e4testens binnen 14 Tagen ab dem Tag, an dem Sie uns \u00fcber den Widerruf dieses Vertrags unterrichten, an uns zur\u00fcckzusenden.<\/p>\n<p data-start=\"2127\" data-end=\"2194\"><strong data-start=\"2127\" data-end=\"2194\">Die unmittelbaren Kosten der R\u00fccksendung tragen Sie als K\u00e4ufer.<\/strong><\/p>\n<p data-start=\"2196\" data-end=\"2272\"><strong data-start=\"2196\" data-end=\"2272\">Wir nehmen nur unbenutzte, unbesch\u00e4digte Ware im Originalzustand zur\u00fcck.<\/strong><\/p>\n<\/div>\n<\/div>\n<\/div>\n<\/div>\n<\/div>\n<p>[\/et_pb_text][et_pb_text _builder_version=&#8221;4.16&#8243; global_colors_info=&#8221;{}&#8221; theme_builder_area=&#8221;post_content&#8221;]<\/p>\n<div id=\"imCell_34\" class=\"\" data-responsive-sequence-number=\"2\">\n<div id=\"imTextObject_10_34\">\n<div data-index=\"0\" class=\"text-tab-content grid-prop current-tab \" id=\"imTextObject_10_34_tab0\" style=\"opacity: 1;\">\n<div class=\"text-inner\">\n<div class=\"imTACenter\"><b style=\"font-size: large;\"><span class=\"fs16lh1-5 cf2 ff1\">Garantie-Hinweis<\/span><\/b><\/div>\n<\/div>\n<\/div>\n<\/div>\n<\/div>\n<div id=\"imCell_53\" class=\"\" data-responsive-sequence-number=\"4\">\n<div id=\"imTextObject_10_53\">\n<div data-index=\"0\" class=\"text-tab-content grid-prop current-tab \" id=\"imTextObject_10_53_tab0\" style=\"opacity: 1;\">\n<div class=\"text-inner\">\n<div>\n<p data-start=\"2300\" data-end=\"2496\">Unabh\u00e4ngig vom gesetzlichen Widerrufsrecht gew\u00e4hren wir <strong data-start=\"2356\" data-end=\"2376\">4 Jahre Garantie<\/strong> auf alle Produkte, die mit \u201eMade by Fuegos\u201c gekennzeichnet sind. F\u00fcr Fremdprodukte gilt die gesetzliche Gew\u00e4hrleistung.<\/p>\n<p data-start=\"2300\" data-end=\"2496\">\n<p data-start=\"2300\" data-end=\"2496\">\n<\/div>\n<div><\/div>\n<\/div>\n<\/div>\n<\/div>\n<\/div>\n<div id=\"imPageRow_3\" class=\"imPageRow\"><\/div>\n<div id=\"imCell_55\" class=\"\" data-responsive-sequence-number=\"5\">\n<div id=\"imCellStyleGraphics_55\"><\/div>\n<div id=\"imCellStyleBorders_55\"><\/div>\n<div id=\"imTextObject_10_55\">\n<div data-index=\"0\" class=\"text-tab-content grid-prop current-tab \" id=\"imTextObject_10_55_tab0\" style=\"opacity: 1;\">\n<div class=\"text-inner\">\n<div class=\"imTACenter\"><b class=\"fs14lh1-5\"><span class=\"fs20lh1-5 cf1 ff1\"> <span style=\"font-size: xx-large;\"><b class=\"fs20lh1-5 cf1 ff1\">Muster-Widerrufsformular<\/b><\/span><\/span><\/b><\/div>\n<div class=\"imTACenter\"><b class=\"fs14lh1-5\"><span class=\"fs20lh1-5 cf1 ff1\"><\/span><\/b><\/div>\n<div class=\"imTACenter\"><b class=\"fs14lh1-5\"><span class=\"fs20lh1-5 cf1 ff1\"><\/span><\/b><\/div>\n<div class=\"imTACenter\"><b class=\"fs14lh1-5\"><span class=\"fs20lh1-5 cf1 ff1\"><\/span><\/b><\/div>\n<div class=\"imTACenter\"><b class=\"fs14lh1-5\"><span class=\"fs20lh1-5 cf1 ff1\"><\/span><\/b><\/div>\n<div class=\"imTACenter\"><b class=\"fs14lh1-5\"><span class=\"fs20lh1-5 cf1 ff1\"><\/span><\/b><\/div>\n<div class=\"imTACenter\"><b class=\"fs14lh1-5\"><span class=\"fs20lh1-5 cf1 ff1\"><\/span><\/b><\/div>\n<div class=\"imTACenter\"><span style=\"font-size: large;\"><b><span class=\"fs16lh1-5 cf2 ff1\">Um Ihr Widerrufsrecht auszu\u00fcben, m\u00fcssen Sie uns<\/span><\/b><\/span><\/div>\n<\/div>\n<\/div>\n<\/div>\n<\/div>\n<div id=\"imCell_57\" class=\"\" data-responsive-sequence-number=\"6\">\n<div id=\"imCellStyleGraphics_57\"><\/div>\n<div id=\"imCellStyleBorders_57\"><\/div>\n<div id=\"imTextObject_10_57\">\n<div data-index=\"0\" class=\"text-tab-content grid-prop current-tab \" id=\"imTextObject_10_57_tab0\" style=\"opacity: 1;\">\n<div class=\"text-inner\">\n<div class=\"imTACenter\"><span class=\"fs12lh1-5 cf1 ff1\"><\/span><\/div>\n<div class=\"imTACenter\"><span class=\"fs12lh1-5 cf1 ff1\">\u00a0<\/span><\/div>\n<\/div>\n<\/div>\n<\/div>\n<\/div>\n<div id=\"imPageRow_4\" class=\"imPageRow\"><\/div>\n<div id=\"imCell_59\" class=\"\" data-responsive-sequence-number=\"7\">\n<div id=\"imCellStyleBorders_59\"><\/div>\n<div id=\"imTextObject_10_59\">\n<div data-index=\"0\" class=\"text-tab-content grid-prop current-tab \" id=\"imTextObject_10_59_tab0\" style=\"opacity: 1;\">\n<div class=\"text-inner\">\n<div>\n<p data-start=\"784\" data-end=\"935\"><strong data-start=\"784\" data-end=\"935\">Fuego<\/strong><\/p>\n<p data-start=\"784\" data-end=\"935\"><strong data-start=\"784\" data-end=\"935\"> Sport<br data-start=\"797\" data-end=\"800\" \/>Inhaber: Jethroe Chavarr\u00eda<br data-start=\"826\" data-end=\"829\" \/>Im Hirschtal 5<\/strong><\/p>\n<p data-start=\"784\" data-end=\"935\"><strong data-start=\"784\" data-end=\"935\">89555 Steinheim<br data-start=\"879\" data-end=\"882\" \/>Telefon: +49 7329 9181911<br data-start=\"907\" data-end=\"910\" \/>E-Mail: <a data-start=\"918\" data-end=\"933\" class=\"cursor-pointer\" rel=\"noopener\">hilfe@fuegos.eu<\/a><\/strong><\/p>\n<p>Hiermit widerrufe ich den von mir abgeschlossenen Vertrag \u00fcber den Kauf der folgenden Waren:<\/p>\n<p>Bestellt am: __________ <br \/>Erhalten am: __________<\/p>\n<p>Name des Verbrauchers: ___________________________ <br \/>Anschrift des Verbrauchers: ________________________<\/p>\n<p>Datum: __________ <br \/>Unterschrift (nur bei Mitteilung auf Papier): _______________________<\/p>\n<\/div>\n<\/div>\n<\/div>\n<\/div>\n<\/div>\n<p>[\/et_pb_text][et_pb_button button_text=&#8221;Formular Downloaden&#8221; _builder_version=&#8221;4.24.0&#8243; _module_preset=&#8221;default&#8221; theme_builder_area=&#8221;post_content&#8221; custom_button=&#8221;on&#8221; button_text_color=&#8221;#FFFFFF&#8221; button_bg_color=&#8221;#000000&#8243; button_bg_enable_color=&#8221;on&#8221; hover_enabled=&#8221;0&#8243; sticky_enabled=&#8221;0&#8243; button_url=&#8221;@ET-DC@eyJkeW5hbWljIjp0cnVlLCJjb250ZW50IjoicG9zdF9saW5rX3VybF9hdHRhY2htZW50Iiwic2V0dGluZ3MiOnsicG9zdF9pZCI6IjI1NjEwNSJ9fQ==@&#8221; _dynamic_attributes=&#8221;button_url&#8221;][\/et_pb_button][\/et_pb_column][\/et_pb_row][\/et_pb_section]<\/p>\n","protected":false},"excerpt":{"rendered":"<p>Widerrufsbelehrung Widerrufsrecht f\u00fcr Verbraucher Sie haben das Recht, binnen 20 Tagen ohne Angabe von Gr\u00fcnden diesen Vertrag zu widerrufen. Die Widerrufsfrist betr\u00e4gt 20 Tage ab dem Tag, an dem Sie oder ein von Ihnen benannter Dritter, der nicht der Bef\u00f6rderer ist, die Ware in Besitz genommen haben bzw. hat. \u00a0 Um Ihr Widerrufsrecht auszu\u00fcben, m\u00fcssen [&hellip;]<\/p>\n","protected":false},"author":49,"featured_media":0,"parent":0,"menu_order":0,"comment_status":"closed","ping_status":"closed","template":"","meta":{"_et_pb_use_builder":"on","_et_pb_old_content":"","_et_gb_content_width":"","footnotes":""},"class_list":["post-249313","page","type-page","status-publish","hentry"],"yoast_head":"<!-- This site is optimized with the Yoast SEO plugin v27.3 - https:\/\/yoast.com\/product\/yoast-seo-wordpress\/ -->\n<title>R\u00fccksendung &amp; Wiederrufsrecht &#8226; Fuegos<\/title>\n<meta name=\"description\" content=\"R\u00fccksendung &amp; Wiederrufsrecht. Infos zum Zur\u00fccksenden, Granatie und weiteren Rechten zum Fuegos Shop\" \/>\n<meta name=\"robots\" content=\"index, follow, max-snippet:-1, max-image-preview:large, max-video-preview:-1\" \/>\n<link rel=\"canonical\" href=\"https:\/\/www.fuegos.eu\/en\/ruecksendung-wiederrufsrecht\/\" \/>\n<meta property=\"og:locale\" content=\"en_US\" \/>\n<meta property=\"og:type\" content=\"article\" \/>\n<meta property=\"og:title\" content=\"R\u00fccksendung &amp; Wiederrufsrecht &#8226; Fuegos\" \/>\n<meta property=\"og:description\" content=\"R\u00fccksendung &amp; Wiederrufsrecht. Infos zum Zur\u00fccksenden, Granatie und weiteren Rechten zum Fuegos Shop\" \/>\n<meta property=\"og:url\" content=\"https:\/\/www.fuegos.eu\/en\/ruecksendung-wiederrufsrecht\/\" \/>\n<meta property=\"og:site_name\" content=\"Fuegos\" \/>\n<meta property=\"article:publisher\" content=\"https:\/\/www.facebook.com\/FuegosForst\/\" \/>\n<meta property=\"article:modified_time\" content=\"2025-05-24T10:35:31+00:00\" \/>\n<meta name=\"twitter:card\" content=\"summary_large_image\" \/>\n<script type=\"application\/ld+json\" class=\"yoast-schema-graph\">{\"@context\":\"https:\\\/\\\/schema.org\",\"@graph\":[{\"@type\":\"WebPage\",\"@id\":\"https:\\\/\\\/www.fuegos.eu\\\/ruecksendung-wiederrufsrecht\\\/\",\"url\":\"https:\\\/\\\/www.fuegos.eu\\\/ruecksendung-wiederrufsrecht\\\/\",\"name\":\"R\u00fccksendung & Wiederrufsrecht &#8226; Fuegos\",\"isPartOf\":{\"@id\":\"https:\\\/\\\/www.fuegos.eu\\\/#website\"},\"datePublished\":\"2022-04-02T09:37:06+00:00\",\"dateModified\":\"2025-05-24T10:35:31+00:00\",\"description\":\"R\u00fccksendung & Wiederrufsrecht. Infos zum Zur\u00fccksenden, Granatie und weiteren Rechten zum Fuegos Shop\",\"breadcrumb\":{\"@id\":\"https:\\\/\\\/www.fuegos.eu\\\/ruecksendung-wiederrufsrecht\\\/#breadcrumb\"},\"inLanguage\":\"en-US\",\"potentialAction\":[{\"@type\":\"ReadAction\",\"target\":[\"https:\\\/\\\/www.fuegos.eu\\\/ruecksendung-wiederrufsrecht\\\/\"]}]},{\"@type\":\"BreadcrumbList\",\"@id\":\"https:\\\/\\\/www.fuegos.eu\\\/ruecksendung-wiederrufsrecht\\\/#breadcrumb\",\"itemListElement\":[{\"@type\":\"ListItem\",\"position\":1,\"name\":\"Home\",\"item\":\"https:\\\/\\\/www.fuegos.eu\\\/\"},{\"@type\":\"ListItem\",\"position\":2,\"name\":\"R\u00fccksendung &#038; Wiederrufsrecht\"}]},{\"@type\":\"WebSite\",\"@id\":\"https:\\\/\\\/www.fuegos.eu\\\/#website\",\"url\":\"https:\\\/\\\/www.fuegos.eu\\\/\",\"name\":\"Fuegos\",\"description\":\"Textile L\u00f6sungen nach Ma\u00df\",\"publisher\":{\"@id\":\"https:\\\/\\\/www.fuegos.eu\\\/#organization\"},\"potentialAction\":[{\"@type\":\"SearchAction\",\"target\":{\"@type\":\"EntryPoint\",\"urlTemplate\":\"https:\\\/\\\/www.fuegos.eu\\\/?s={search_term_string}\"},\"query-input\":{\"@type\":\"PropertyValueSpecification\",\"valueRequired\":true,\"valueName\":\"search_term_string\"}}],\"inLanguage\":\"en-US\"},{\"@type\":\"Organization\",\"@id\":\"https:\\\/\\\/www.fuegos.eu\\\/#organization\",\"name\":\"Fuegos\",\"url\":\"https:\\\/\\\/www.fuegos.eu\\\/\",\"logo\":{\"@type\":\"ImageObject\",\"inLanguage\":\"en-US\",\"@id\":\"https:\\\/\\\/www.fuegos.eu\\\/#\\\/schema\\\/logo\\\/image\\\/\",\"url\":\"https:\\\/\\\/fuegos.eu\\\/wp-content\\\/uploads\\\/2020\\\/05\\\/FuegosSignatur000.jpg\",\"contentUrl\":\"https:\\\/\\\/fuegos.eu\\\/wp-content\\\/uploads\\\/2020\\\/05\\\/FuegosSignatur000.jpg\",\"width\":960,\"height\":408,\"caption\":\"Fuegos\"},\"image\":{\"@id\":\"https:\\\/\\\/www.fuegos.eu\\\/#\\\/schema\\\/logo\\\/image\\\/\"},\"sameAs\":[\"https:\\\/\\\/www.facebook.com\\\/FuegosForst\\\/\",\"https:\\\/\\\/www.youtube.com\\\/channel\\\/UC0SFe93Vgi6YZV6tSCOLdkA\"]}]}<\/script>\n<!-- \/ Yoast SEO plugin. -->","yoast_head_json":{"title":"R\u00fccksendung & Wiederrufsrecht &#8226; Fuegos","description":"R\u00fccksendung & Wiederrufsrecht. Infos zum Zur\u00fccksenden, Granatie und weiteren Rechten zum Fuegos Shop","robots":{"index":"index","follow":"follow","max-snippet":"max-snippet:-1","max-image-preview":"max-image-preview:large","max-video-preview":"max-video-preview:-1"},"canonical":"https:\/\/www.fuegos.eu\/en\/ruecksendung-wiederrufsrecht\/","og_locale":"en_US","og_type":"article","og_title":"R\u00fccksendung & Wiederrufsrecht &#8226; Fuegos","og_description":"R\u00fccksendung & Wiederrufsrecht. Infos zum Zur\u00fccksenden, Granatie und weiteren Rechten zum Fuegos Shop","og_url":"https:\/\/www.fuegos.eu\/en\/ruecksendung-wiederrufsrecht\/","og_site_name":"Fuegos","article_publisher":"https:\/\/www.facebook.com\/FuegosForst\/","article_modified_time":"2025-05-24T10:35:31+00:00","twitter_card":"summary_large_image","schema":{"@context":"https:\/\/schema.org","@graph":[{"@type":"WebPage","@id":"https:\/\/www.fuegos.eu\/ruecksendung-wiederrufsrecht\/","url":"https:\/\/www.fuegos.eu\/ruecksendung-wiederrufsrecht\/","name":"R\u00fccksendung & Wiederrufsrecht &#8226; Fuegos","isPartOf":{"@id":"https:\/\/www.fuegos.eu\/#website"},"datePublished":"2022-04-02T09:37:06+00:00","dateModified":"2025-05-24T10:35:31+00:00","description":"R\u00fccksendung & Wiederrufsrecht. Infos zum Zur\u00fccksenden, Granatie und weiteren Rechten zum Fuegos Shop","breadcrumb":{"@id":"https:\/\/www.fuegos.eu\/ruecksendung-wiederrufsrecht\/#breadcrumb"},"inLanguage":"en-US","potentialAction":[{"@type":"ReadAction","target":["https:\/\/www.fuegos.eu\/ruecksendung-wiederrufsrecht\/"]}]},{"@type":"BreadcrumbList","@id":"https:\/\/www.fuegos.eu\/ruecksendung-wiederrufsrecht\/#breadcrumb","itemListElement":[{"@type":"ListItem","position":1,"name":"Home","item":"https:\/\/www.fuegos.eu\/"},{"@type":"ListItem","position":2,"name":"R\u00fccksendung &#038; Wiederrufsrecht"}]},{"@type":"WebSite","@id":"https:\/\/www.fuegos.eu\/#website","url":"https:\/\/www.fuegos.eu\/","name":"Fuegos","description":"Textile L\u00f6sungen nach Ma\u00df","publisher":{"@id":"https:\/\/www.fuegos.eu\/#organization"},"potentialAction":[{"@type":"SearchAction","target":{"@type":"EntryPoint","urlTemplate":"https:\/\/www.fuegos.eu\/?s={search_term_string}"},"query-input":{"@type":"PropertyValueSpecification","valueRequired":true,"valueName":"search_term_string"}}],"inLanguage":"en-US"},{"@type":"Organization","@id":"https:\/\/www.fuegos.eu\/#organization","name":"Fuegos","url":"https:\/\/www.fuegos.eu\/","logo":{"@type":"ImageObject","inLanguage":"en-US","@id":"https:\/\/www.fuegos.eu\/#\/schema\/logo\/image\/","url":"https:\/\/fuegos.eu\/wp-content\/uploads\/2020\/05\/FuegosSignatur000.jpg","contentUrl":"https:\/\/fuegos.eu\/wp-content\/uploads\/2020\/05\/FuegosSignatur000.jpg","width":960,"height":408,"caption":"Fuegos"},"image":{"@id":"https:\/\/www.fuegos.eu\/#\/schema\/logo\/image\/"},"sameAs":["https:\/\/www.facebook.com\/FuegosForst\/","https:\/\/www.youtube.com\/channel\/UC0SFe93Vgi6YZV6tSCOLdkA"]}]}},"_links":{"self":[{"href":"https:\/\/www.fuegos.eu\/en\/wp-json\/wp\/v2\/pages\/249313","targetHints":{"allow":["GET"]}}],"collection":[{"href":"https:\/\/www.fuegos.eu\/en\/wp-json\/wp\/v2\/pages"}],"about":[{"href":"https:\/\/www.fuegos.eu\/en\/wp-json\/wp\/v2\/types\/page"}],"author":[{"embeddable":true,"href":"https:\/\/www.fuegos.eu\/en\/wp-json\/wp\/v2\/users\/49"}],"replies":[{"embeddable":true,"href":"https:\/\/www.fuegos.eu\/en\/wp-json\/wp\/v2\/comments?post=249313"}],"version-history":[{"count":4,"href":"https:\/\/www.fuegos.eu\/en\/wp-json\/wp\/v2\/pages\/249313\/revisions"}],"predecessor-version":[{"id":256107,"href":"https:\/\/www.fuegos.eu\/en\/wp-json\/wp\/v2\/pages\/249313\/revisions\/256107"}],"wp:attachment":[{"href":"https:\/\/www.fuegos.eu\/en\/wp-json\/wp\/v2\/media?parent=249313"}],"curies":[{"name":"wp","href":"https:\/\/api.w.org\/{rel}","templated":true}]}}