{"id":1272,"date":"2020-04-27T03:48:07","date_gmt":"2020-04-27T01:48:07","guid":{"rendered":"https:\/\/www.fuegos.eu\/?post_type=product&#038;p=1272"},"modified":"2024-12-19T18:08:57","modified_gmt":"2024-12-19T17:08:57","slug":"messkluppenhalterung_neigungswinkel-verstellbar","status":"publish","type":"product","link":"https:\/\/www.fuegos.eu\/en\/product\/messkluppenhalterung_neigungswinkel-verstellbar\/","title":{"rendered":"Measuring rod holder \u2022 Adjustable angle \u2022 Forest belt"},"content":{"rendered":"<h3><strong>Brief description:<\/strong><\/h3>\n<p>Messkluppenhalterung f\u00fcr die Forstwirtschaft. Dreifach in der Neigung verstellbar. Halterung f\u00fcr unterschiedliche Messkluppen, Gr\u00f6\u00dfen und L\u00e4ngen. Verschiedene Ausf\u00fchrungen f\u00fcr Links und Rechtsh\u00e4nder. Kompatibel mit verschiedenen Forstg\u00fcrteln und Werkzeugg\u00fcrteln f\u00fcr F\u00f6rster und Forstwirte.<\/p>\n<p>&nbsp;<\/p>\n<h3><strong>Die Idee des Fuegos Messkluppenhalters: <\/strong><\/h3>\n<p>Fuegos bietet Neuheiten f\u00fcr die Forstwirtschaft. Die Arbeit im Wald verlangt neue Ans\u00e4tze. F\u00fcrs Messen der Baumst\u00e4mme werden unterschiedliche Messkluppen verwendet. Diese Messkluppen sind meist unterschiedlich lang. Gerade l\u00e4ngere k\u00f6nnen so schnell am Boden schleifen, wenn man sich hinkniet. Eine Verstellung des Winkels l\u00f6st dieses Problem. Forstausr\u00fcstungen sind individuell. Durch unsere Studien und Anfragen an F\u00f6rster und Forstwirte Deutschlandweit ist uns dies bewusst. Nicht jeder tr\u00e4gt dieselbe Forstausr\u00fcstung in derselben Anrichtung. Deshalb bieten wir Messkluppenhalter f\u00fcr Rechts- und Linksh\u00e4nder.<\/p>\n<p>&nbsp;<\/p>\n<h3><strong>Unsere Halterung f\u00fcr Messkluppen<\/strong><\/h3>\n<h4><strong> Function: <\/strong><\/h4>\n<p>Der Messkluppenhalter f\u00fcr Forstwirte und Forstwirtschaftsmeister von Fuegos. Komfort f\u00fcr den Anwender. Der Messkluppenhalter ist im Winkel mehrfach verstellbar. Der Winkel kann selbstst\u00e4ndig je nach Bedarf verstellt werden. Hierf\u00fcr stehen drei verschiedene Einstellungen zur Verf\u00fcgung. Die feste obere \u00d6ffnung erleichtert das Einf\u00fchren und Herausnehmen der Messkluppe.<\/p>\n<h4><strong>Material:<\/strong><\/h4>\n<p>Das Material der Halterung f\u00fcr Forst-<strong>Gauge holder<\/strong> besteht aus <strong>abriebfesten Hightech-Polymerleder<\/strong>. Die eingebauten Gurte sind strapazierf\u00e4hig. Hierdurch h\u00e4lt diesen hohen Abrieb und Belastung stand. Die Wahl der Materialien zielt auf eine lange Lebenszeit der Produkte ab.<\/p>\n<h4><strong>Advantages:<\/strong><\/h4>\n<ul>\n<li class=\"translation-block\">Fuegos stands for <strong>innovation <\/strong>in every seam. That's why we offer a <strong>four-year warranty<\/strong> on our Made by Fuegos products.<\/li>\n<li>Kompatibel mit verschiedenen Forstg\u00fcrtel &amp; Werkzeugg\u00fcrtel.<\/li>\n<li><b>Winkelverstellbar<\/b>. Hierdurch individuell nach Belieben anpassbar.<\/li>\n<li>Ausf\u00fchrung f\u00fcr Links- Rechtsh\u00e4nder verf\u00fcgbar.<\/li>\n<li>Der Messkluppenhalter ist Qualit\u00e4t <strong>Made in Germany<\/strong>.<\/li>\n<\/ul>\n<p>&nbsp;<\/p>\n<h3><strong>Technical data<\/strong><\/h3>\n<h4><strong>Series designation: <\/strong><\/h4>\n<p>MKH001<\/p>\n<h4><strong> Form:<\/strong><\/h4>\n<p>Konisch.<\/p>\n<h4><strong>Gr\u00f6\u00dfe:<\/strong><\/h4>\n<p>Durchschnittliche Breite: 10 cm<br \/>\nL\u00e4nge: 25 cm<\/p>\n<h4><strong>Material<\/strong>:<\/h4>\n<p>Abriebfestes Hightech-Polymerlederimitat.<\/p>\n<h4><strong>Weight:<\/strong><\/h4>\n<p>Leichte 135g.<\/p>\n<h4><strong>Country of origin:<\/strong><\/h4>\n<p>Germany.<\/p>\n<h4><strong>Application:<\/strong><\/h4>\n<p>Messkluppen.<\/p>\n<p>&nbsp;<\/p>\n<h3><strong>scope of application<\/strong><strong>:<\/strong><\/h3>\n<p>Die Messkluppenhalter f\u00fcr Messkluppen von Fuegos ist Bestandteil der pers\u00f6nlichen Forstausr\u00fcstung. Diese unterst\u00fctzt den Tr\u00e4ger bei der Arbeit. Und soll den Komfort erh\u00f6hen.<br \/>\n<strong>WICHTIG:<\/strong><\/p>\n<ul>\n<li>Die Winkel lassen sich nicht einfach verstellen. Dies soll eine unabsichtliche Verstellung vorbeugen.<\/li>\n<\/ul>\n<p>&nbsp;<\/p>\n<h3>Empfehlung f\u00fcr eine vollst\u00e4ndige Forstausr\u00fcstung<\/h3>\n<p>Der <strong>Gauge holder<\/strong> ist ein unverzichtbarer Teil einer vollumf\u00e4nglichen Forstausr\u00fcstung und unterst\u00fctzt pr\u00e4zise Messarbeiten im Forst. Kombiniert mit anderen Werkzeugen und ergonomischen L\u00f6sungen von Fuegos, wird die Forstarbeit effizienter und ergonomischer gestaltet.<\/p>\n<h4>Weitere empfohlene Komponenten:<\/h4>\n<ul>\n<li><strong><a target=\"_new\" rel=\"noopener\">Forstg\u00fcrtel FWG100<\/a><\/strong> \u2013 Ergonomischer Forstg\u00fcrtel f\u00fcr Forstwirte und Forstwirtschaftsmeister, optimal f\u00fcr den t\u00e4glichen Gebrauch.<\/li>\n<li><strong><a target=\"_new\" rel=\"noopener\">Schultergurt FWSTS100<\/a><\/strong> \u2013 Unterst\u00fctzt die Gewichtsverteilung und entlastet die Schultern.<\/li>\n<li><strong><a target=\"_new\" rel=\"noopener\">Tape measure holder<\/a><\/strong> \u2013 Mit Magnetaufh\u00e4ngung und geeignet f\u00fcr Fabrikate der L\u00e4nge 15 &amp; 25 Meter.<\/li>\n<li><strong><a target=\"_new\" rel=\"noopener\">Keiltasche f\u00fcr zwei F\u00e4llkeile<\/a><\/strong> \u2013 Kompatibel mit mechanischen Keilen, verstellbar und langlebig.<\/li>\n<li><strong><a href=\"https:\/\/www.fuegos.eu\/en\/product\/motorsaegenwerkzeug-holster\/\" target=\"_new\" rel=\"noopener\">Motors\u00e4genwerkzeug Holster TMW001<\/a><\/strong> \u2013 Universell einsetzbar, auch f\u00fcr mechanische Keile.<\/li>\n<li><strong><a target=\"_new\" rel=\"noopener\">Erste-Hilfe-Set f\u00fcr Waldarbeiter<\/a><\/strong> \u2013 Wasserdichte Tasche mit Verbandsmaterial nach DIN 13164.<\/li>\n<li><strong><a target=\"_new\" rel=\"noopener\">Kreidestift Halterung DST001<\/a><\/strong> \u2013 Robust und perfekt f\u00fcr den Forstg\u00fcrtel geeignet.<\/li>\n<\/ul>\n<h4>Weitere Angebote f\u00fcr eine ergonomische Ausstattung:<\/h4>\n<ul>\n<li><strong><a target=\"_new\" rel=\"noopener\">Forstg\u00fcrtel Set FW-GS001<\/a><\/strong> \u2013 Flexibel und ergonomisch, f\u00fcr den t\u00e4glichen Einsatz im Wald.<\/li>\n<li><strong><a target=\"_new\" rel=\"noopener\">Tragesystem f\u00fcr Auszubildende FW-TS100<\/a><\/strong> \u2013 Forstg\u00fcrtel mit Komponente und Schultertragesystem f\u00fcr Azubis.<\/li>\n<li><strong><a target=\"_new\" rel=\"noopener\">Forstwirte &amp; Forstwirtschaftsmeister Set FWTS001<\/a><\/strong> \u2013 Komplettsystem f\u00fcr erfahrene Forstarbeiter.<\/li>\n<li><strong><a target=\"_new\" rel=\"noopener\">Gr\u00f6del Kombipaket<\/a><\/strong> \u2013 F\u00fcr Forstarbeiter mit 6-Zacken-Gr\u00f6del.<\/li>\n<\/ul>\n<p>&nbsp;<\/p>\n<p>&nbsp;<\/p>\n<h3><strong>Known for:<\/strong><\/h3>\n<ul>\n<li><a href=\"https:\/\/www.forstpraxis.de\/fuego-sport-tragesystem-forst\/\">Test: Fuego-Sport Tragesystem <\/a>\u2013 Forst&amp;Technik<\/li>\n<li><a href=\"https:\/\/www.forstpraxis.de\/fuegos-rapid-klick\/\">Fuegos with quick click<\/a> \u2013 Forst&amp;Technik<\/li>\n<li><a href=\"https:\/\/www.forstpraxis.de\/leichte-schulter\/\"> Light shoulder<\/a> \u2013 Forst&amp;Technik<\/li>\n<li><a href=\"https:\/\/www.profi.de\/aktuell\/neuheiten\/multifunktionales-forst-tragesystem-12379412.html\">Multifunctional forestry carrying system<\/a> \u2013 profi magazine<\/li>\n<\/ul>","protected":false},"excerpt":{"rendered":"<p>Fuegos Forstkluppenhalterung ist im Winkel bis zu drei Stellen verstellbar. Diese Komponente bildet ein essenzielles Bestandteil der Fuegos Forst Serie und kann dank Rapid-Klick beim Forstwirtgurt FWG100 als auch beim F\u00f6rsterg\u00fcrtel F\u00d6-MFG001angedockt werden. Unsere Halterung f\u00fcr Forstkluppen gibt es in zwei Ausf\u00fchrungen Rechts- und Linksh\u00e4nder. Damit kommen wir unserem Versprechen nach unsere Produkte passend nach Bedarf zu entwickeln und anzupassen.<\/p>","protected":false},"featured_media":254620,"comment_status":"open","ping_status":"closed","template":"","meta":{"_et_pb_use_builder":"off","_et_pb_old_content":"<h3><strong>Fuegos Innovation:<\/strong><\/h3>\r\n<h4>Derartiges gab es in der Forstbranche nicht: Der Holster ist <strong>DREIFACH in der Neigung Verstellbar<\/strong><\/h4>\r\n<ul>\r\n \t<li>Dadurch individuel anpassbar<\/li>\r\n \t<li>Breite dauerhaft geformte Einf\u00fchr\u00f6ffnung<\/li>\r\n \t<li>Runter fallen von Dreck durch untere \u00d6ffnung garantiert<\/li>\r\n \t<li>Durchschnittlich 10 cm breit, 25 cm lang Gesamt, Schutzscheide 20 cm lang<\/li>\r\n \t<li>Robust, Sto\u00dfsch\u00fctzend<\/li>\r\n \t<li>Einfach cooooool<\/li>\r\n<\/ul>\r\n\u00a0\r\n\r\nFuegos Entwickler ist mit dem Ergebnis -seltsamerweise- fast zufrieden. Das will viel bedeuten, aber er sagt...\r\n\r\nMinuspunkt\r\n<ul>\r\n \t<li>Winkel l\u00e4sst sich nicht so einfach verstellen<\/li>\r\n<\/ul>\r\n\u00a0\r\n\r\nWir, das Team sagten dann: Pluspunkt\r\n<ul>\r\n \t<li>Winkel wird nicht oft verstellt<\/li>\r\n<\/ul>\r\nZum Gl\u00fcck war er dann wieder fast zufrieden.","_et_gb_content_width":""},"product_brand":[],"product_cat":[25,31,34,200,35,175],"product_tag":[],"class_list":{"0":"post-1272","1":"product","2":"type-product","3":"status-publish","4":"has-post-thumbnail","6":"product_cat-forst","7":"product_cat-forst-taschen-zubehoer","8":"product_cat-foerster","9":"product_cat-forstguertel-equipment","10":"product_cat-forstwirte","11":"product_cat-produkt-auswahl","13":"first","14":"instock","15":"taxable","16":"shipping-taxable","17":"purchasable","18":"product-type-variable"},"yoast_head":"<!-- This site is optimized with the Yoast SEO plugin v27.3 - https:\/\/yoast.com\/product\/yoast-seo-wordpress\/ -->\n<title>Messkluppenhalter \u2022 Neigungs verstellbar \u2022 Forstg\u00fcrtel &#8226; Fuegos<\/title>\n<meta name=\"description\" content=\"Messkluppenhalter \u2022 Im Neigungswinkel verstellbar. F\u00fcr Linksh\u00e4nder und Rechtsh\u00e4nder erh\u00e4ltlich. Von Fuegos, zu 100\u00a0% Made in Germany.\" \/>\n<meta name=\"robots\" content=\"index, follow, max-snippet:-1, max-image-preview:large, max-video-preview:-1\" \/>\n<link rel=\"canonical\" href=\"https:\/\/www.fuegos.eu\/en\/product\/messkluppenhalterung_neigungswinkel-verstellbar\/\" \/>\n<meta property=\"og:locale\" content=\"en_US\" \/>\n<meta property=\"og:type\" content=\"article\" \/>\n<meta property=\"og:title\" content=\"Messkluppenhalter \u2022 Neigungs verstellbar \u2022 Forstg\u00fcrtel &#8226; Fuegos\" \/>\n<meta property=\"og:description\" content=\"Messkluppenhalter \u2022 Im Neigungswinkel verstellbar. F\u00fcr Linksh\u00e4nder und Rechtsh\u00e4nder erh\u00e4ltlich. Von Fuegos, zu 100\u00a0% Made in Germany.\" \/>\n<meta property=\"og:url\" content=\"https:\/\/www.fuegos.eu\/en\/product\/messkluppenhalterung_neigungswinkel-verstellbar\/\" \/>\n<meta property=\"og:site_name\" content=\"Fuegos\" \/>\n<meta property=\"article:publisher\" content=\"https:\/\/www.facebook.com\/FuegosForst\/\" \/>\n<meta property=\"article:modified_time\" content=\"2024-12-19T17:08:57+00:00\" \/>\n<meta property=\"og:image\" content=\"https:\/\/www.fuegos.eu\/wp-content\/uploads\/2020\/04\/Messkluppenholster_Forstwirt_Rechts_500x500-min.jpg\" \/>\n\t<meta property=\"og:image:width\" content=\"500\" \/>\n\t<meta property=\"og:image:height\" content=\"500\" \/>\n\t<meta property=\"og:image:type\" content=\"image\/jpeg\" \/>\n<meta name=\"twitter:card\" content=\"summary_large_image\" \/>\n<meta name=\"twitter:label1\" content=\"Est. reading time\" \/>\n\t<meta name=\"twitter:data1\" content=\"2 minutes\" \/>\n<script type=\"application\/ld+json\" class=\"yoast-schema-graph\">{\"@context\":\"https:\\\/\\\/schema.org\",\"@graph\":[{\"@type\":\"WebPage\",\"@id\":\"https:\\\/\\\/www.fuegos.eu\\\/product\\\/messkluppenhalterung_neigungswinkel-verstellbar\\\/\",\"url\":\"https:\\\/\\\/www.fuegos.eu\\\/product\\\/messkluppenhalterung_neigungswinkel-verstellbar\\\/\",\"name\":\"Messkluppenhalter \u2022 Neigungs verstellbar \u2022 Forstg\u00fcrtel &#8226; Fuegos\",\"isPartOf\":{\"@id\":\"https:\\\/\\\/www.fuegos.eu\\\/#website\"},\"primaryImageOfPage\":{\"@id\":\"https:\\\/\\\/www.fuegos.eu\\\/product\\\/messkluppenhalterung_neigungswinkel-verstellbar\\\/#primaryimage\"},\"image\":{\"@id\":\"https:\\\/\\\/www.fuegos.eu\\\/product\\\/messkluppenhalterung_neigungswinkel-verstellbar\\\/#primaryimage\"},\"thumbnailUrl\":\"https:\\\/\\\/www.fuegos.eu\\\/wp-content\\\/uploads\\\/2020\\\/04\\\/Messkluppenholster_Forstwirt_Rechts_500x500-min.jpg\",\"datePublished\":\"2020-04-27T01:48:07+00:00\",\"dateModified\":\"2024-12-19T17:08:57+00:00\",\"description\":\"Messkluppenhalter \u2022 Im Neigungswinkel verstellbar. F\u00fcr Linksh\u00e4nder und Rechtsh\u00e4nder erh\u00e4ltlich. Von Fuegos, zu 100\u00a0% Made in Germany.\",\"breadcrumb\":{\"@id\":\"https:\\\/\\\/www.fuegos.eu\\\/product\\\/messkluppenhalterung_neigungswinkel-verstellbar\\\/#breadcrumb\"},\"inLanguage\":\"en-US\",\"potentialAction\":[{\"@type\":\"ReadAction\",\"target\":[\"https:\\\/\\\/www.fuegos.eu\\\/product\\\/messkluppenhalterung_neigungswinkel-verstellbar\\\/\"]}]},{\"@type\":\"ImageObject\",\"inLanguage\":\"en-US\",\"@id\":\"https:\\\/\\\/www.fuegos.eu\\\/product\\\/messkluppenhalterung_neigungswinkel-verstellbar\\\/#primaryimage\",\"url\":\"https:\\\/\\\/www.fuegos.eu\\\/wp-content\\\/uploads\\\/2020\\\/04\\\/Messkluppenholster_Forstwirt_Rechts_500x500-min.jpg\",\"contentUrl\":\"https:\\\/\\\/www.fuegos.eu\\\/wp-content\\\/uploads\\\/2020\\\/04\\\/Messkluppenholster_Forstwirt_Rechts_500x500-min.jpg\",\"width\":500,\"height\":500,\"caption\":\"Robustes Messkluppenholster f\u00fcr Forstwirte, speziell f\u00fcr die rechte Seite entwickelt. Das Holster erm\u00f6glicht einen schnellen Zugriff auf Messkluppen w\u00e4hrend der Arbeit im Wald. Es besteht aus abriebfestem Hightech-Kunstleder und ist kompatibel mit verschiedenen Forstg\u00fcrteln und Tragesystemen. Ideal f\u00fcr effiziente Forstarbeiten.\"},{\"@type\":\"BreadcrumbList\",\"@id\":\"https:\\\/\\\/www.fuegos.eu\\\/product\\\/messkluppenhalterung_neigungswinkel-verstellbar\\\/#breadcrumb\",\"itemListElement\":[{\"@type\":\"ListItem\",\"position\":1,\"name\":\"Home\",\"item\":\"https:\\\/\\\/www.fuegos.eu\\\/\"},{\"@type\":\"ListItem\",\"position\":2,\"name\":\"Shop\",\"item\":\"https:\\\/\\\/www.fuegos.eu\\\/forstguertel-taschen-online-kaufen\\\/\"},{\"@type\":\"ListItem\",\"position\":3,\"name\":\"Messkluppenhalter \u2022 Neigungs verstellbar \u2022 Forstg\u00fcrtel\"}]},{\"@type\":\"WebSite\",\"@id\":\"https:\\\/\\\/www.fuegos.eu\\\/#website\",\"url\":\"https:\\\/\\\/www.fuegos.eu\\\/\",\"name\":\"Fuegos\",\"description\":\"Textile L\u00f6sungen nach Ma\u00df\",\"publisher\":{\"@id\":\"https:\\\/\\\/www.fuegos.eu\\\/#organization\"},\"potentialAction\":[{\"@type\":\"SearchAction\",\"target\":{\"@type\":\"EntryPoint\",\"urlTemplate\":\"https:\\\/\\\/www.fuegos.eu\\\/?s={search_term_string}\"},\"query-input\":{\"@type\":\"PropertyValueSpecification\",\"valueRequired\":true,\"valueName\":\"search_term_string\"}}],\"inLanguage\":\"en-US\"},{\"@type\":\"Organization\",\"@id\":\"https:\\\/\\\/www.fuegos.eu\\\/#organization\",\"name\":\"Fuegos\",\"url\":\"https:\\\/\\\/www.fuegos.eu\\\/\",\"logo\":{\"@type\":\"ImageObject\",\"inLanguage\":\"en-US\",\"@id\":\"https:\\\/\\\/www.fuegos.eu\\\/#\\\/schema\\\/logo\\\/image\\\/\",\"url\":\"https:\\\/\\\/fuegos.eu\\\/wp-content\\\/uploads\\\/2020\\\/05\\\/FuegosSignatur000.jpg\",\"contentUrl\":\"https:\\\/\\\/fuegos.eu\\\/wp-content\\\/uploads\\\/2020\\\/05\\\/FuegosSignatur000.jpg\",\"width\":960,\"height\":408,\"caption\":\"Fuegos\"},\"image\":{\"@id\":\"https:\\\/\\\/www.fuegos.eu\\\/#\\\/schema\\\/logo\\\/image\\\/\"},\"sameAs\":[\"https:\\\/\\\/www.facebook.com\\\/FuegosForst\\\/\",\"https:\\\/\\\/www.youtube.com\\\/channel\\\/UC0SFe93Vgi6YZV6tSCOLdkA\"]}]}<\/script>\n<!-- \/ Yoast SEO plugin. -->","yoast_head_json":{"title":"Messkluppenhalter \u2022 Neigungs verstellbar \u2022 Forstg\u00fcrtel &#8226; Fuegos","description":"Messkluppenhalter \u2022 Im Neigungswinkel verstellbar. F\u00fcr Linksh\u00e4nder und Rechtsh\u00e4nder erh\u00e4ltlich. Von Fuegos, zu 100\u00a0% Made in Germany.","robots":{"index":"index","follow":"follow","max-snippet":"max-snippet:-1","max-image-preview":"max-image-preview:large","max-video-preview":"max-video-preview:-1"},"canonical":"https:\/\/www.fuegos.eu\/en\/product\/messkluppenhalterung_neigungswinkel-verstellbar\/","og_locale":"en_US","og_type":"article","og_title":"Messkluppenhalter \u2022 Neigungs verstellbar \u2022 Forstg\u00fcrtel &#8226; Fuegos","og_description":"Messkluppenhalter \u2022 Im Neigungswinkel verstellbar. F\u00fcr Linksh\u00e4nder und Rechtsh\u00e4nder erh\u00e4ltlich. Von Fuegos, zu 100\u00a0% Made in Germany.","og_url":"https:\/\/www.fuegos.eu\/en\/product\/messkluppenhalterung_neigungswinkel-verstellbar\/","og_site_name":"Fuegos","article_publisher":"https:\/\/www.facebook.com\/FuegosForst\/","article_modified_time":"2024-12-19T17:08:57+00:00","og_image":[{"width":500,"height":500,"url":"https:\/\/www.fuegos.eu\/wp-content\/uploads\/2020\/04\/Messkluppenholster_Forstwirt_Rechts_500x500-min.jpg","type":"image\/jpeg"}],"twitter_card":"summary_large_image","twitter_misc":{"Est. reading time":"2 minutes"},"schema":{"@context":"https:\/\/schema.org","@graph":[{"@type":"WebPage","@id":"https:\/\/www.fuegos.eu\/product\/messkluppenhalterung_neigungswinkel-verstellbar\/","url":"https:\/\/www.fuegos.eu\/product\/messkluppenhalterung_neigungswinkel-verstellbar\/","name":"Messkluppenhalter \u2022 Neigungs verstellbar \u2022 Forstg\u00fcrtel &#8226; Fuegos","isPartOf":{"@id":"https:\/\/www.fuegos.eu\/#website"},"primaryImageOfPage":{"@id":"https:\/\/www.fuegos.eu\/product\/messkluppenhalterung_neigungswinkel-verstellbar\/#primaryimage"},"image":{"@id":"https:\/\/www.fuegos.eu\/product\/messkluppenhalterung_neigungswinkel-verstellbar\/#primaryimage"},"thumbnailUrl":"https:\/\/www.fuegos.eu\/wp-content\/uploads\/2020\/04\/Messkluppenholster_Forstwirt_Rechts_500x500-min.jpg","datePublished":"2020-04-27T01:48:07+00:00","dateModified":"2024-12-19T17:08:57+00:00","description":"Messkluppenhalter \u2022 Im Neigungswinkel verstellbar. F\u00fcr Linksh\u00e4nder und Rechtsh\u00e4nder erh\u00e4ltlich. Von Fuegos, zu 100\u00a0% Made in Germany.","breadcrumb":{"@id":"https:\/\/www.fuegos.eu\/product\/messkluppenhalterung_neigungswinkel-verstellbar\/#breadcrumb"},"inLanguage":"en-US","potentialAction":[{"@type":"ReadAction","target":["https:\/\/www.fuegos.eu\/product\/messkluppenhalterung_neigungswinkel-verstellbar\/"]}]},{"@type":"ImageObject","inLanguage":"en-US","@id":"https:\/\/www.fuegos.eu\/product\/messkluppenhalterung_neigungswinkel-verstellbar\/#primaryimage","url":"https:\/\/www.fuegos.eu\/wp-content\/uploads\/2020\/04\/Messkluppenholster_Forstwirt_Rechts_500x500-min.jpg","contentUrl":"https:\/\/www.fuegos.eu\/wp-content\/uploads\/2020\/04\/Messkluppenholster_Forstwirt_Rechts_500x500-min.jpg","width":500,"height":500,"caption":"Robustes Messkluppenholster f\u00fcr Forstwirte, speziell f\u00fcr die rechte Seite entwickelt. Das Holster erm\u00f6glicht einen schnellen Zugriff auf Messkluppen w\u00e4hrend der Arbeit im Wald. Es besteht aus abriebfestem Hightech-Kunstleder und ist kompatibel mit verschiedenen Forstg\u00fcrteln und Tragesystemen. Ideal f\u00fcr effiziente Forstarbeiten."},{"@type":"BreadcrumbList","@id":"https:\/\/www.fuegos.eu\/product\/messkluppenhalterung_neigungswinkel-verstellbar\/#breadcrumb","itemListElement":[{"@type":"ListItem","position":1,"name":"Home","item":"https:\/\/www.fuegos.eu\/"},{"@type":"ListItem","position":2,"name":"Shop","item":"https:\/\/www.fuegos.eu\/forstguertel-taschen-online-kaufen\/"},{"@type":"ListItem","position":3,"name":"Messkluppenhalter \u2022 Neigungs verstellbar \u2022 Forstg\u00fcrtel"}]},{"@type":"WebSite","@id":"https:\/\/www.fuegos.eu\/#website","url":"https:\/\/www.fuegos.eu\/","name":"Fuegos","description":"Textile L\u00f6sungen nach Ma\u00df","publisher":{"@id":"https:\/\/www.fuegos.eu\/#organization"},"potentialAction":[{"@type":"SearchAction","target":{"@type":"EntryPoint","urlTemplate":"https:\/\/www.fuegos.eu\/?s={search_term_string}"},"query-input":{"@type":"PropertyValueSpecification","valueRequired":true,"valueName":"search_term_string"}}],"inLanguage":"en-US"},{"@type":"Organization","@id":"https:\/\/www.fuegos.eu\/#organization","name":"Fuegos","url":"https:\/\/www.fuegos.eu\/","logo":{"@type":"ImageObject","inLanguage":"en-US","@id":"https:\/\/www.fuegos.eu\/#\/schema\/logo\/image\/","url":"https:\/\/fuegos.eu\/wp-content\/uploads\/2020\/05\/FuegosSignatur000.jpg","contentUrl":"https:\/\/fuegos.eu\/wp-content\/uploads\/2020\/05\/FuegosSignatur000.jpg","width":960,"height":408,"caption":"Fuegos"},"image":{"@id":"https:\/\/www.fuegos.eu\/#\/schema\/logo\/image\/"},"sameAs":["https:\/\/www.facebook.com\/FuegosForst\/","https:\/\/www.youtube.com\/channel\/UC0SFe93Vgi6YZV6tSCOLdkA"]}]}},"_links":{"self":[{"href":"https:\/\/www.fuegos.eu\/en\/wp-json\/wp\/v2\/product\/1272","targetHints":{"allow":["GET"]}}],"collection":[{"href":"https:\/\/www.fuegos.eu\/en\/wp-json\/wp\/v2\/product"}],"about":[{"href":"https:\/\/www.fuegos.eu\/en\/wp-json\/wp\/v2\/types\/product"}],"replies":[{"embeddable":true,"href":"https:\/\/www.fuegos.eu\/en\/wp-json\/wp\/v2\/comments?post=1272"}],"wp:featuredmedia":[{"embeddable":true,"href":"https:\/\/www.fuegos.eu\/en\/wp-json\/wp\/v2\/media\/254620"}],"wp:attachment":[{"href":"https:\/\/www.fuegos.eu\/en\/wp-json\/wp\/v2\/media?parent=1272"}],"wp:term":[{"taxonomy":"product_brand","embeddable":true,"href":"https:\/\/www.fuegos.eu\/en\/wp-json\/wp\/v2\/product_brand?post=1272"},{"taxonomy":"product_cat","embeddable":true,"href":"https:\/\/www.fuegos.eu\/en\/wp-json\/wp\/v2\/product_cat?post=1272"},{"taxonomy":"product_tag","embeddable":true,"href":"https:\/\/www.fuegos.eu\/en\/wp-json\/wp\/v2\/product_tag?post=1272"}],"curies":[{"name":"wp","href":"https:\/\/api.w.org\/{rel}","templated":true}]}}