{"id":235591,"date":"2021-01-01T21:21:04","date_gmt":"2021-01-01T20:21:04","guid":{"rendered":"https:\/\/fuegos.eu\/?post_type=product&#038;p=235591"},"modified":"2026-01-14T12:00:08","modified_gmt":"2026-01-14T11:00:08","slug":"foerster-multifunktionsgurt-mit-groedel-austrialpin-groedel","status":"publish","type":"product","link":"https:\/\/www.fuegos.eu\/en\/product\/foerster-multifunktionsgurt-mit-groedel-austrialpin-groedel\/","title":{"rendered":"F\u00f6rster multifunctional belt with crampons AustriAlpin crampons"},"content":{"rendered":"<div class=\"et_pb_column et_pb_column_3_5 et_pb_column_8_tb_body et_pb_css_mix_blend_mode_passthrough\">\n<div class=\"et_pb_module et_pb_wc_description et_pb_wc_description_1_tb_body et_pb_bg_layout_light et_pb_text_align_left optml-bg-lazyloaded\">\n<div class=\"et_pb_module_inner\">\n<p>The Gr\u00f6del combination package consists of:<\/p>\n<ol>\n<li><a href=\"https:\/\/www.fuegos.eu\/en\/product-2\/austrialpin-groedel-a-sg01p\/\" target=\"_blank\" rel=\"noopener\">AustriAlpin crampons<\/a><\/li>\n<li><a href=\"https:\/\/www.fuegos.eu\/en\/product-2\/multifunktionsgurt-foerster-mfg001\/\" target=\"_blank\" rel=\"noopener\">F\u00f6rster multifunctional belt<\/a><\/li>\n<li><a href=\"https:\/\/www.fuegos.eu\/en\/product-2\/halterung-hammer\/\" target=\"_blank\" rel=\"noopener\">Hammerhalter<\/a><\/li>\n<li><a href=\"https:\/\/www.fuegos.eu\/en\/product-2\/forst-massband\/\" target=\"_blank\" rel=\"noopener\">tape measure holder<\/a><\/li>\n<li><a href=\"https:\/\/www.fuegos.eu\/en\/product-2\/halterung-spruehfrabe\/\" target=\"_blank\" rel=\"noopener\">Quickly attachable\/detachable spray can holder<\/a><\/li>\n<li><a href=\"https:\/\/www.fuegos.eu\/en\/product-2\/halterung-fur-kennzeichnungsmagazin-fo-kmh002\/\" target=\"_blank\" rel=\"noopener\">Two quickly attachable\/detachable belt holders for marking plate removal magazine<\/a><\/li>\n<\/ol>\n<p>&nbsp;<\/p>\n<p>For this purpose, we recommend, among other products, the<\/p>\n<ul>\n<li><a href=\"https:\/\/www.fuegos.eu\/en\/product-2\/smart-forst-smartphoneschutz\/\" target=\"_blank\" rel=\"noopener\">Smarthphone-Schutztasche f\u00fcr Samsung X-Cover<\/a><\/li>\n<li><a href=\"https:\/\/www.fuegos.eu\/en\/product-2\/erste-hilfe\/\" target=\"_blank\" rel=\"noopener\">First aid kit<\/a><\/li>\n<\/ul>\n<p>All other items that may be shown in photos are not included in the offer.<\/p>\n<ul>\n<li>Fully compatible with all Fuegos tool and equipment bags, holsters, and mounts<\/li>\n<li>Can be combined with bags from other manufacturers<\/li>\n<li>Shoulder carrying system Can be attached to all standard tool belts up to 5 cm wide<\/li>\n<li>Tool belt fully compatible with all Fuegos shoulder carrying systems<\/li>\n<li>Inner surface: breathable thanks to 3D mesh fabric<\/li>\n<li>Outer fabric: Abrasion resistant, durable, water repellent<\/li>\n<li>Comfortably padded yet lightweight and slim<\/li>\n<li>Equipped with high-tenacity straps and high-quality, shock-resistant fittings<\/li>\n<li>Tear resistance of the carrying system: 50 daN. Tool belt: 80 daN<\/li>\n<\/ul>\n<p>&nbsp;<\/p>\n<p>Downside:<\/p>\n<ul>\n<li>It does take some getting used to.<\/li>\n<li>Not everything can be disconnected as quickly as F\u00f6rster would like. As the test phase showed us, it took between 30 and 90 seconds longer.<\/li>\n<li>Some foresters were disappointed that the entire carrying system was too light and hardly noticeable, contrary to expectations.<\/li>\n<\/ul>\n<p>&nbsp;<\/p>\n<p>Although not declared as part of the PPE, depending on body size, the Fuegos FW-TS100 offers additional padding against impacts for the dorsal and lumbar areas, covering approximately 30% (+\/-) of both areas.<\/p>\n<p>&nbsp;<\/p>\n<p class=\"translation-block\"><b>The product offers the wearer conditional additional protection against forces impacting the body. Safety, comfort, functionality, and durability\nmeet the usual Fuegos standards.<\/p>\n<p class=\"translation-block\">Shoulder strap system, tool belt and pockets are washable by hand or on a gentle cycle at 30\u00b0C. Do not spin dry, not suitable for tumble drying.<\/p>\n<\/div>\n<h3><strong>Known for:<\/strong><\/h3>\n<ul>\n<li><a href=\"https:\/\/www.forstpraxis.de\/fuego-sport-tragesystem-forst\/\">Test: Fuego-Sport Tragesystem <\/a>\u2013 Forst&amp;Technik<\/li>\n<li><a href=\"https:\/\/www.forstpraxis.de\/fuegos-rapid-klick\/\">Fuegos with quick click<\/a> \u2013 Forst&amp;Technik<\/li>\n<li><a href=\"https:\/\/www.forstpraxis.de\/leichte-schulter\/\"> Light shoulder<\/a> \u2013 Forst&amp;Technik<\/li>\n<\/ul>\n<h3><strong>Special offers: <\/strong><\/h3>\n<ul>\n<li class=\"translation-block\"><a href=\"https:\/\/www.fuegos.eu\/en\/product-2\/tragesystem-fuer-auszubildende-forstwirte-fw-ts100\/\" target=\"_blank\" rel=\"noopener\">Trainees <\/a><a class=\"row-title\" href=\"https:\/\/www.fuegos.eu\/wp-admin\/post.php?post=234972&amp;action=edit\" target=\"_blank\" rel=\"noopener\">FW-TS100<\/a> \u2013 Forestry belt with components and shoulder carrying system<\/li>\n<li class=\"translation-block\"><a href=\"https:\/\/www.fuegos.eu\/en\/product-2\/forstguertel-set-komplett-ausgestattet\/\" target=\"_blank\" rel=\"noopener\">Forest belt set FW-GS001<\/a> \u2013 Forest belt set \u2013 flexible, ergonomic<\/li>\n<li class=\"translation-block\"><a href=\"https:\/\/www.fuegos.eu\/en\/product-2\/forstwirte-tragesystem\/\" target=\"_self\">Foresters &amp; Master Foresters <\/a><a title=\"Forest Belt Set \/ Forest Tool Belt Set\" href=\"https:\/\/www.fuegos.eu\/en\/product\/forestry-workers-carrying-system\/\" target=\"_blank\" rel=\"noopener noreferrer\">FW-TS001<\/a> \u2013 Forestry belt with components and shoulder carrying system<\/li>\n<li class=\"translation-block\"><a href=\"https:\/\/www.fuegos.eu\/en\/product-2\/foerster-tragesystem\/\" target=\"_self\">F\u00f6rster F\u00d6-TS001<\/a> \u2013 Forestry belt with components and shoulder carrying system<\/li>\n<li class=\"translation-block\"><a href=\"https:\/\/www.fuegos.eu\/en\/product-2\/foerster-multifunktionsgurt-mit-groedel-austrialpin-groedel\/\" target=\"_self\">Gr\u00f6del Combo Pack<\/a> \u2013 Forest belt for foresters with 6-pronged Gr\u00f6del<\/li>\n<\/ul>\n<p>&nbsp;<\/p>\n<h3><strong>Known for:<\/strong><\/h3>\n<ul>\n<li><a href=\"https:\/\/www.forstpraxis.de\/fuego-sport-tragesystem-forst\/\">Test: Fuego-Sport Tragesystem <\/a>\u2013 Forst&amp;Technik<\/li>\n<li><a href=\"https:\/\/www.forstpraxis.de\/fuegos-rapid-klick\/\">Fuegos with quick click<\/a> \u2013 Forst&amp;Technik<\/li>\n<li><a href=\"https:\/\/www.forstpraxis.de\/leichte-schulter\/\"> Light shoulder<\/a> \u2013 Forst&amp;Technik<\/li>\n<li><a href=\"https:\/\/www.profi.de\/aktuell\/neuheiten\/multifunktionales-forst-tragesystem-12379412.html\">Multifunctional forestry carrying system<\/a> \u2013 profi magazine<\/li>\n<\/ul>\n<\/div>\n<\/div>","protected":false},"excerpt":{"rendered":"<p class=\"translation-block\">Our combination package complements the product range developed by Fuegos for foresters. The additional <a href=\"https:\/\/www.austrialpin.at\/produkte\/steigeisen-und-groedel\/detail\/sg01p-power-grip-6-zack-groedel\/\" target=\"_self\">Gr\u00f6del Made by AustriAlpin<\/a> give our foresters the necessary grip at work to enable them to handle the usual tools and equipment safely and to maintain their weight and balance even on bollards.<\/p>","protected":false},"featured_media":255431,"comment_status":"open","ping_status":"closed","template":"","meta":{"_et_pb_use_builder":"","_et_pb_old_content":"","_et_gb_content_width":""},"product_brand":[],"product_cat":[25,31,34,200,175,24],"product_tag":[],"class_list":{"0":"post-235591","1":"product","2":"type-product","3":"status-publish","4":"has-post-thumbnail","6":"product_cat-forst","7":"product_cat-forst-taschen-zubehoer","8":"product_cat-foerster","9":"product_cat-forstguertel-equipment","10":"product_cat-produkt-auswahl","11":"product_cat-tragesysteme","13":"first","14":"instock","15":"taxable","16":"shipping-taxable","17":"purchasable","18":"product-type-simple"},"yoast_head":"<!-- This site is optimized with the Yoast SEO plugin v27.3 - https:\/\/yoast.com\/product\/yoast-seo-wordpress\/ -->\n<title>F\u00f6rster-Multifunktionsgurt mit Gr\u00f6del AustriAlpin Gr\u00f6del &#8226; Fuegos<\/title>\n<meta name=\"robots\" content=\"index, follow, max-snippet:-1, max-image-preview:large, max-video-preview:-1\" \/>\n<link rel=\"canonical\" href=\"https:\/\/www.fuegos.eu\/en\/product\/foerster-multifunktionsgurt-mit-groedel-austrialpin-groedel\/\" \/>\n<meta property=\"og:locale\" content=\"en_US\" \/>\n<meta property=\"og:type\" content=\"article\" \/>\n<meta property=\"og:title\" content=\"F\u00f6rster-Multifunktionsgurt mit Gr\u00f6del AustriAlpin Gr\u00f6del &#8226; Fuegos\" \/>\n<meta property=\"og:description\" content=\"Unser Kombipaket erg\u00e4nzt die von Fuegos f\u00fcr F\u00f6rster entwickelte Produktserie. Die zus\u00e4tzlichen Gr\u00f6del Made by AustriAlpin geben unseren F\u00f6rstern den n\u00f6tigen Halt bei der Arbeit, um damit die sichere Handhabung der \u00fcblichen Werkzeuge und Ger\u00e4tschaften zu erm\u00f6glichen, sowie die Gewichtsbelastung und Balance auch auf den Pollern zu erm\u00f6glichen.\" \/>\n<meta property=\"og:url\" content=\"https:\/\/www.fuegos.eu\/en\/product\/foerster-multifunktionsgurt-mit-groedel-austrialpin-groedel\/\" \/>\n<meta property=\"og:site_name\" content=\"Fuegos\" \/>\n<meta property=\"article:publisher\" content=\"https:\/\/www.facebook.com\/FuegosForst\/\" \/>\n<meta property=\"article:modified_time\" content=\"2026-01-14T11:00:08+00:00\" \/>\n<meta property=\"og:image\" content=\"https:\/\/www.fuegos.eu\/wp-content\/uploads\/2021\/01\/Foerster-Multifunktionsgurt-mit-Groedel-AustriAlpin-Groedel_min.jpg\" \/>\n\t<meta property=\"og:image:width\" content=\"517\" \/>\n\t<meta property=\"og:image:height\" content=\"517\" \/>\n\t<meta property=\"og:image:type\" content=\"image\/jpeg\" \/>\n<meta name=\"twitter:card\" content=\"summary_large_image\" \/>\n<meta name=\"twitter:label1\" content=\"Est. reading time\" \/>\n\t<meta name=\"twitter:data1\" content=\"2 minutes\" \/>\n<script type=\"application\/ld+json\" class=\"yoast-schema-graph\">{\"@context\":\"https:\\\/\\\/schema.org\",\"@graph\":[{\"@type\":\"WebPage\",\"@id\":\"https:\\\/\\\/www.fuegos.eu\\\/product\\\/foerster-multifunktionsgurt-mit-groedel-austrialpin-groedel\\\/\",\"url\":\"https:\\\/\\\/www.fuegos.eu\\\/product\\\/foerster-multifunktionsgurt-mit-groedel-austrialpin-groedel\\\/\",\"name\":\"F\u00f6rster-Multifunktionsgurt mit Gr\u00f6del AustriAlpin Gr\u00f6del &#8226; Fuegos\",\"isPartOf\":{\"@id\":\"https:\\\/\\\/www.fuegos.eu\\\/#website\"},\"primaryImageOfPage\":{\"@id\":\"https:\\\/\\\/www.fuegos.eu\\\/product\\\/foerster-multifunktionsgurt-mit-groedel-austrialpin-groedel\\\/#primaryimage\"},\"image\":{\"@id\":\"https:\\\/\\\/www.fuegos.eu\\\/product\\\/foerster-multifunktionsgurt-mit-groedel-austrialpin-groedel\\\/#primaryimage\"},\"thumbnailUrl\":\"https:\\\/\\\/www.fuegos.eu\\\/wp-content\\\/uploads\\\/2021\\\/01\\\/Foerster-Multifunktionsgurt-mit-Groedel-AustriAlpin-Groedel_min.jpg\",\"datePublished\":\"2021-01-01T20:21:04+00:00\",\"dateModified\":\"2026-01-14T11:00:08+00:00\",\"breadcrumb\":{\"@id\":\"https:\\\/\\\/www.fuegos.eu\\\/product\\\/foerster-multifunktionsgurt-mit-groedel-austrialpin-groedel\\\/#breadcrumb\"},\"inLanguage\":\"en-US\",\"potentialAction\":[{\"@type\":\"ReadAction\",\"target\":[\"https:\\\/\\\/www.fuegos.eu\\\/product\\\/foerster-multifunktionsgurt-mit-groedel-austrialpin-groedel\\\/\"]}]},{\"@type\":\"ImageObject\",\"inLanguage\":\"en-US\",\"@id\":\"https:\\\/\\\/www.fuegos.eu\\\/product\\\/foerster-multifunktionsgurt-mit-groedel-austrialpin-groedel\\\/#primaryimage\",\"url\":\"https:\\\/\\\/www.fuegos.eu\\\/wp-content\\\/uploads\\\/2021\\\/01\\\/Foerster-Multifunktionsgurt-mit-Groedel-AustriAlpin-Groedel_min.jpg\",\"contentUrl\":\"https:\\\/\\\/www.fuegos.eu\\\/wp-content\\\/uploads\\\/2021\\\/01\\\/Foerster-Multifunktionsgurt-mit-Groedel-AustriAlpin-Groedel_min.jpg\",\"width\":517,\"height\":517,\"caption\":\"F\u00f6rster-Multifunktionsgurt mit AustriAlpin Gr\u00f6del \u2013 Stabilit\u00e4t und Sicherheit f\u00fcr den professionellen Einsatz\"},{\"@type\":\"BreadcrumbList\",\"@id\":\"https:\\\/\\\/www.fuegos.eu\\\/product\\\/foerster-multifunktionsgurt-mit-groedel-austrialpin-groedel\\\/#breadcrumb\",\"itemListElement\":[{\"@type\":\"ListItem\",\"position\":1,\"name\":\"Home\",\"item\":\"https:\\\/\\\/www.fuegos.eu\\\/\"},{\"@type\":\"ListItem\",\"position\":2,\"name\":\"Shop\",\"item\":\"https:\\\/\\\/www.fuegos.eu\\\/forstguertel-taschen-online-kaufen\\\/\"},{\"@type\":\"ListItem\",\"position\":3,\"name\":\"F\u00f6rster-Multifunktionsgurt mit Gr\u00f6del AustriAlpin Gr\u00f6del\"}]},{\"@type\":\"WebSite\",\"@id\":\"https:\\\/\\\/www.fuegos.eu\\\/#website\",\"url\":\"https:\\\/\\\/www.fuegos.eu\\\/\",\"name\":\"Fuegos\",\"description\":\"Textile L\u00f6sungen nach Ma\u00df\",\"publisher\":{\"@id\":\"https:\\\/\\\/www.fuegos.eu\\\/#organization\"},\"potentialAction\":[{\"@type\":\"SearchAction\",\"target\":{\"@type\":\"EntryPoint\",\"urlTemplate\":\"https:\\\/\\\/www.fuegos.eu\\\/?s={search_term_string}\"},\"query-input\":{\"@type\":\"PropertyValueSpecification\",\"valueRequired\":true,\"valueName\":\"search_term_string\"}}],\"inLanguage\":\"en-US\"},{\"@type\":\"Organization\",\"@id\":\"https:\\\/\\\/www.fuegos.eu\\\/#organization\",\"name\":\"Fuegos\",\"url\":\"https:\\\/\\\/www.fuegos.eu\\\/\",\"logo\":{\"@type\":\"ImageObject\",\"inLanguage\":\"en-US\",\"@id\":\"https:\\\/\\\/www.fuegos.eu\\\/#\\\/schema\\\/logo\\\/image\\\/\",\"url\":\"https:\\\/\\\/fuegos.eu\\\/wp-content\\\/uploads\\\/2020\\\/05\\\/FuegosSignatur000.jpg\",\"contentUrl\":\"https:\\\/\\\/fuegos.eu\\\/wp-content\\\/uploads\\\/2020\\\/05\\\/FuegosSignatur000.jpg\",\"width\":960,\"height\":408,\"caption\":\"Fuegos\"},\"image\":{\"@id\":\"https:\\\/\\\/www.fuegos.eu\\\/#\\\/schema\\\/logo\\\/image\\\/\"},\"sameAs\":[\"https:\\\/\\\/www.facebook.com\\\/FuegosForst\\\/\",\"https:\\\/\\\/www.youtube.com\\\/channel\\\/UC0SFe93Vgi6YZV6tSCOLdkA\"]}]}<\/script>\n<!-- \/ Yoast SEO plugin. -->","yoast_head_json":{"title":"F\u00f6rster-Multifunktionsgurt mit Gr\u00f6del AustriAlpin Gr\u00f6del &#8226; Fuegos","robots":{"index":"index","follow":"follow","max-snippet":"max-snippet:-1","max-image-preview":"max-image-preview:large","max-video-preview":"max-video-preview:-1"},"canonical":"https:\/\/www.fuegos.eu\/en\/product\/foerster-multifunktionsgurt-mit-groedel-austrialpin-groedel\/","og_locale":"en_US","og_type":"article","og_title":"F\u00f6rster-Multifunktionsgurt mit Gr\u00f6del AustriAlpin Gr\u00f6del &#8226; Fuegos","og_description":"Unser Kombipaket erg\u00e4nzt die von Fuegos f\u00fcr F\u00f6rster entwickelte Produktserie. Die zus\u00e4tzlichen Gr\u00f6del Made by AustriAlpin geben unseren F\u00f6rstern den n\u00f6tigen Halt bei der Arbeit, um damit die sichere Handhabung der \u00fcblichen Werkzeuge und Ger\u00e4tschaften zu erm\u00f6glichen, sowie die Gewichtsbelastung und Balance auch auf den Pollern zu erm\u00f6glichen.","og_url":"https:\/\/www.fuegos.eu\/en\/product\/foerster-multifunktionsgurt-mit-groedel-austrialpin-groedel\/","og_site_name":"Fuegos","article_publisher":"https:\/\/www.facebook.com\/FuegosForst\/","article_modified_time":"2026-01-14T11:00:08+00:00","og_image":[{"width":517,"height":517,"url":"https:\/\/www.fuegos.eu\/wp-content\/uploads\/2021\/01\/Foerster-Multifunktionsgurt-mit-Groedel-AustriAlpin-Groedel_min.jpg","type":"image\/jpeg"}],"twitter_card":"summary_large_image","twitter_misc":{"Est. reading time":"2 minutes"},"schema":{"@context":"https:\/\/schema.org","@graph":[{"@type":"WebPage","@id":"https:\/\/www.fuegos.eu\/product\/foerster-multifunktionsgurt-mit-groedel-austrialpin-groedel\/","url":"https:\/\/www.fuegos.eu\/product\/foerster-multifunktionsgurt-mit-groedel-austrialpin-groedel\/","name":"F\u00f6rster-Multifunktionsgurt mit Gr\u00f6del AustriAlpin Gr\u00f6del &#8226; Fuegos","isPartOf":{"@id":"https:\/\/www.fuegos.eu\/#website"},"primaryImageOfPage":{"@id":"https:\/\/www.fuegos.eu\/product\/foerster-multifunktionsgurt-mit-groedel-austrialpin-groedel\/#primaryimage"},"image":{"@id":"https:\/\/www.fuegos.eu\/product\/foerster-multifunktionsgurt-mit-groedel-austrialpin-groedel\/#primaryimage"},"thumbnailUrl":"https:\/\/www.fuegos.eu\/wp-content\/uploads\/2021\/01\/Foerster-Multifunktionsgurt-mit-Groedel-AustriAlpin-Groedel_min.jpg","datePublished":"2021-01-01T20:21:04+00:00","dateModified":"2026-01-14T11:00:08+00:00","breadcrumb":{"@id":"https:\/\/www.fuegos.eu\/product\/foerster-multifunktionsgurt-mit-groedel-austrialpin-groedel\/#breadcrumb"},"inLanguage":"en-US","potentialAction":[{"@type":"ReadAction","target":["https:\/\/www.fuegos.eu\/product\/foerster-multifunktionsgurt-mit-groedel-austrialpin-groedel\/"]}]},{"@type":"ImageObject","inLanguage":"en-US","@id":"https:\/\/www.fuegos.eu\/product\/foerster-multifunktionsgurt-mit-groedel-austrialpin-groedel\/#primaryimage","url":"https:\/\/www.fuegos.eu\/wp-content\/uploads\/2021\/01\/Foerster-Multifunktionsgurt-mit-Groedel-AustriAlpin-Groedel_min.jpg","contentUrl":"https:\/\/www.fuegos.eu\/wp-content\/uploads\/2021\/01\/Foerster-Multifunktionsgurt-mit-Groedel-AustriAlpin-Groedel_min.jpg","width":517,"height":517,"caption":"F\u00f6rster-Multifunktionsgurt mit AustriAlpin Gr\u00f6del \u2013 Stabilit\u00e4t und Sicherheit f\u00fcr den professionellen Einsatz"},{"@type":"BreadcrumbList","@id":"https:\/\/www.fuegos.eu\/product\/foerster-multifunktionsgurt-mit-groedel-austrialpin-groedel\/#breadcrumb","itemListElement":[{"@type":"ListItem","position":1,"name":"Home","item":"https:\/\/www.fuegos.eu\/"},{"@type":"ListItem","position":2,"name":"Shop","item":"https:\/\/www.fuegos.eu\/forstguertel-taschen-online-kaufen\/"},{"@type":"ListItem","position":3,"name":"F\u00f6rster-Multifunktionsgurt mit Gr\u00f6del AustriAlpin Gr\u00f6del"}]},{"@type":"WebSite","@id":"https:\/\/www.fuegos.eu\/#website","url":"https:\/\/www.fuegos.eu\/","name":"Fuegos","description":"Textile L\u00f6sungen nach Ma\u00df","publisher":{"@id":"https:\/\/www.fuegos.eu\/#organization"},"potentialAction":[{"@type":"SearchAction","target":{"@type":"EntryPoint","urlTemplate":"https:\/\/www.fuegos.eu\/?s={search_term_string}"},"query-input":{"@type":"PropertyValueSpecification","valueRequired":true,"valueName":"search_term_string"}}],"inLanguage":"en-US"},{"@type":"Organization","@id":"https:\/\/www.fuegos.eu\/#organization","name":"Fuegos","url":"https:\/\/www.fuegos.eu\/","logo":{"@type":"ImageObject","inLanguage":"en-US","@id":"https:\/\/www.fuegos.eu\/#\/schema\/logo\/image\/","url":"https:\/\/fuegos.eu\/wp-content\/uploads\/2020\/05\/FuegosSignatur000.jpg","contentUrl":"https:\/\/fuegos.eu\/wp-content\/uploads\/2020\/05\/FuegosSignatur000.jpg","width":960,"height":408,"caption":"Fuegos"},"image":{"@id":"https:\/\/www.fuegos.eu\/#\/schema\/logo\/image\/"},"sameAs":["https:\/\/www.facebook.com\/FuegosForst\/","https:\/\/www.youtube.com\/channel\/UC0SFe93Vgi6YZV6tSCOLdkA"]}]}},"_links":{"self":[{"href":"https:\/\/www.fuegos.eu\/en\/wp-json\/wp\/v2\/product\/235591","targetHints":{"allow":["GET"]}}],"collection":[{"href":"https:\/\/www.fuegos.eu\/en\/wp-json\/wp\/v2\/product"}],"about":[{"href":"https:\/\/www.fuegos.eu\/en\/wp-json\/wp\/v2\/types\/product"}],"replies":[{"embeddable":true,"href":"https:\/\/www.fuegos.eu\/en\/wp-json\/wp\/v2\/comments?post=235591"}],"wp:featuredmedia":[{"embeddable":true,"href":"https:\/\/www.fuegos.eu\/en\/wp-json\/wp\/v2\/media\/255431"}],"wp:attachment":[{"href":"https:\/\/www.fuegos.eu\/en\/wp-json\/wp\/v2\/media?parent=235591"}],"wp:term":[{"taxonomy":"product_brand","embeddable":true,"href":"https:\/\/www.fuegos.eu\/en\/wp-json\/wp\/v2\/product_brand?post=235591"},{"taxonomy":"product_cat","embeddable":true,"href":"https:\/\/www.fuegos.eu\/en\/wp-json\/wp\/v2\/product_cat?post=235591"},{"taxonomy":"product_tag","embeddable":true,"href":"https:\/\/www.fuegos.eu\/en\/wp-json\/wp\/v2\/product_tag?post=235591"}],"curies":[{"name":"wp","href":"https:\/\/api.w.org\/{rel}","templated":true}]}}