{"id":236972,"date":"2021-05-27T21:48:15","date_gmt":"2021-05-27T19:48:15","guid":{"rendered":"https:\/\/fuegos.eu\/?post_type=product&#038;p=236972"},"modified":"2024-12-19T17:57:22","modified_gmt":"2024-12-19T16:57:22","slug":"nexedge-funkgeraettasche-forstguertel-komplettsystem","status":"publish","type":"product","link":"https:\/\/www.fuegos.eu\/en\/product\/nexedge-funkgeraettasche-forstguertel-komplettsystem\/","title":{"rendered":"Radio bag for NEXEDGE radios with emergency call function"},"content":{"rendered":"<h3><strong>Brief description:<\/strong><\/h3>\n<p class=\"translation-block\">Radio bag designed for all <strong>NEXEDGE handheld radios with emergency call function from the 3200\/3300 series by Kennwood<\/strong>. Can be combined with Fuegos forest belt and shoulder carrying system. The system is easy to attach and detach. Flexible use with shoulder carrying system or forest belt.<\/p>\n<h3><\/h3>\n<h3><strong>The idea behind the Fuegos radio bag:<\/strong><\/h3>\n<h4><strong>Greater range and emergency device protection. In detail<br \/>\n<\/strong><\/h4>\n<ul>\n<li style=\"list-style-type: none;\">\n<ul>\n<li><span style=\"font-family: Helvetica, Arial, sans-serif;\">Protection around the device, especially<\/span><\/li>\n<li><span style=\"font-family: Helvetica, Arial, sans-serif;\">against resin on the emergency button,<\/span><\/li>\n<li><span style=\"font-family: Helvetica, Arial, sans-serif;\">This results in greater personal safety and<br \/>\n<\/span><\/li>\n<li><span style=\"font-family: Helvetica, Arial, sans-serif;\">longer device life<\/span><\/li>\n<li><span style=\"font-family: Helvetica, Arial, sans-serif;\">Worn on a belt, the device hangs securely where it should be, with zero risk of loss.<\/span><\/li>\n<li><span style=\"font-family: Helvetica, Arial, sans-serif;\">Conveniently balanced weight<\/span><\/li>\n<li><span style=\"font-family: Helvetica, Arial, sans-serif;\">Headset secure connection thanks to internal housing<\/span><\/li>\n<li><span style=\"font-family: Helvetica, Arial, sans-serif;\">Design adapted to device and function<br \/>\n<\/span><\/li>\n<\/ul>\n<\/li>\n<\/ul>\n<h3 class=\"translation-block\"><span style=\"font-family: Helvetica, Arial, sans-serif\"><b>The central function i<\/b><\/span><span style=\"font-family: Helvetica, Arial, sans-serif\"><b>in combination with our <a href=\"https:\/\/www.fuegos.eu\/en\/product-2\/schultertragesystem-forstguertel-werkzeugguertel\/\" target=\"_blank\" rel=\"noopener\">Armadillo or STS100 shoulder carrying systems<\/a>:<\/b><\/span><\/h3>\n<h5><span style=\"font-family: Helvetica, Arial, sans-serif;\"><b>Most important<\/b><\/span><\/h5>\n<ul>\n<li class=\"translation-block\"><span style=\"font-family: Helvetica, Arial, sans-serif\"><b>Greater range thanks to over 50% increase in transmission and reception range, <\/b><\/span><span style=\"font-family: Helvetica, Arial, sans-serif\"><b>thanks to Fuegos STS construction and cross-link positioning of the shielding of the device's own body mass to prevent analog interference or digital bit flipping of the signals.<\/li>\n<\/ul>\n<p><span style=\"font-family: Helvetica, Arial, sans-serif;\"><b>In addition<br \/>\n<\/b><\/span><\/p>\n<ul>\n<li><span style=\"font-family: Helvetica, Arial, sans-serif;\">mehr Sicherheit durch Staulasche f\u00fcr Headset Kabeln,<br \/>\n<\/span><\/li>\n<li><span style=\"font-family: Helvetica, Arial, sans-serif;\">more comfort when wearing the headset<\/span><\/li>\n<li><span style=\"font-family: Helvetica, Arial, sans-serif;\">Headset for secure connection<\/span><\/li>\n<li><span style=\"font-family: Helvetica, Arial, sans-serif;\">Additional protection for workers against impact forces on the back from falling branches.<\/span><\/li>\n<li><span style=\"font-family: Helvetica, Arial, sans-serif;\">Reduced weight of wood harvesting equipment thanks to more comfortable padding and ergonomic design that is unique in the forestry market.<br \/>\n<\/span><\/li>\n<li><span style=\"font-family: Helvetica, Arial, sans-serif;\">Mehr Platz am G\u00fcrtel<\/span><\/li>\n<li><span style=\"font-family: Helvetica, Arial, sans-serif;\">Attachment\/detachment for use on a belt during lighter workdays without shoulder carrying systems<\/span><\/li>\n<\/ul>\n<p>Fuegos FT100, in combination with our shoulder carrying systems, enables over 50% more communication range. Reception is not always the best in the forest, and in poor weather conditions it can even be halved. This is particularly true in terrain and forests that exceed normal dimensions, which is often the case outside the Alps.<\/p>\n<h3><\/h3>\n<h3><strong>The radio bag<\/strong><\/h3>\n<h4><strong>Function: <\/strong><\/h4>\n<p class=\"translation-block\">The radio bag is <strong>specially designed for the new NexEdge NX-3300E2 from Kenwood<\/strong>.<strong> <\/strong> Its position on the shoulder carrying system allows for a significantly greater range compared to integration on a forestry belt. Attaching it to the shoulder carrying system allows for over 50% greater range. More safety thanks to storage pocket for headset cables on the shoulder strap system. The protective transparent film allows the radio to be operated without removing it.<\/p>\n<h4><strong>Material:<\/strong><\/h4>\n<p class=\"translation-block\">The material of the radio bag is made of <strong>abrasion-resistant high-tech Fuegos polymer leather<\/strong>. The film is touch-permeable. This makes it particularly weather-resistant. The threads used for the seams are made of high-quality polyfilaments. This guarantees <strong>Fuegos<\/strong> <strong>durability<\/strong> down to the last stitch of the seam. We hereby guarantee a long service life.<\/p>\n<h4><strong>Advantages:<\/strong><\/h4>\n<p class=\"translation-block\">Fuegos <strong>offers greater range in the transmission and reception communication area thanks to its carrying systems<\/strong>. This radio bag is durable and <strong>can be integrated into the Fuegos forest shoulder system<\/strong>. This allows the wearer to <strong>achieve greater range in the forest<\/strong>. At the same time, the shoulder system <strong>prevents<\/strong> the <strong>cables from getting tangled<\/strong> during work. The radio bag is also compatible with various complete forest belt systems. You are purchasing a product that is <strong>made in Germany<\/strong>.<\/p>\n<p>&nbsp;<\/p>\n<h3><strong>Technical data<\/strong><\/h3>\n<h4><strong> Form:<\/strong><\/h4>\n<p>Uniform \u2013 rectangular. H13.0 x W6.5 x D5.0 cm<\/p>\n<h4><strong>Material<\/strong>:<\/h4>\n<p>Abrasion-resistant high-tech polymer leather.<\/p>\n<h4><strong>Weight:<\/strong><\/h4>\n<p>Leichte 110g.<\/p>\n<h4><strong>Country of origin:<\/strong><\/h4>\n<p>Germany.<\/p>\n<h4><strong>Application:<\/strong><\/h4>\n<p>NexEdge emergency radio devices from the 3200 and 3300 series. Transmission, reception, communication, distress signals, safety in forestry.<\/p>\n<p>&nbsp;<\/p>\n<h3><strong>scope of application<\/strong><strong>:<\/strong><\/h3>\n<p>The radio bag from Fuegos is part of personal forestry work equipment. It protects radios from being lost in rough terrain. IMPORTANT: when carrying an emergency radio, the bag should be integrated into the shoulder system. This optimizes the range of the device.<\/p>\n<p>&nbsp;<\/p>\n<h3><strong>Recommendation:\u00a0<\/strong><\/h3>\n<p>The radio bag is part of a comprehensive range of forestry equipment.<\/p>\n<ul>\n<li class=\"translation-block\"><a href=\"https:\/\/www.fuegos.eu\/en\/product-2\/multifunktionsgurt-fuer-forstwirte-fw-mfg100\/\" target=\"_blank\" rel=\"noopener\">Forestry belt for foresters and master foresters FWSTS100<\/a> \u2013 Ergonomic forestry belts<\/li>\n<li class=\"translation-block\"><a href=\"https:\/\/www.fuegos.eu\/en\/product-2\/tragesystem-forstwirte\/\" target=\"_blank\" rel=\"noopener\">Shoulder strap FW-MFG100<\/a>  \u2013 With ergonomic padding. Supports weight distribution.<\/li>\n<li class=\"translation-block\"><a href=\"https:\/\/www.fuegos.eu\/en\/product-2\/messkluppenhalterung\/\" target=\"_blank\" rel=\"noopener\">Tuning fork holder MKH0001<\/a> \u2013 For right- and left-handed users. Triple angle adjustment<\/li>\n<li class=\"translation-block\"><a href=\"https:\/\/www.fuegos.eu\/en\/product-2\/forst-massband\/\" target=\"_blank\" rel=\"noopener\">Tape measure holder<\/a> \u2013 With balancing system and magnetic suspension. Compatible with 15 and 25 meter models.<\/li>\n<li class=\"translation-block\"><a href=\"https:\/\/www.fuegos.eu\/en\/product-2\/keiltasche-fuer-zwei-faellkeile-kompatibel-mit-mechanischen-keilen-kopie\/\" target=\"_blank\" rel=\"noopener\">Wedge pocket for two felling wedges<\/a> \u2013 Compatible with mechanical wedges &amp; adjustable<\/li>\n<li class=\"translation-block\"><a href=\"https:\/\/www.fuegos.eu\/en\/product-2\/motorsaegenwerkzeug-holster-kombiwerkzeuge-feilen\/\" target=\"_blank\" rel=\"noopener\">Chainsaw tool holster TMW001 <\/a>\u2013 Compatible with mechanical wedges &amp; adjustable<\/li>\n<li class=\"translation-block\"><a href=\"https:\/\/www.fuegos.eu\/en\/product-2\/erste-hilfe\/\" target=\"_blank\" rel=\"noopener\">First aid kit for forest workers<\/a> \u2013 consisting of a water-repellent bag and burn treatment kit in accordance with DIN 13164<\/li>\n<li class=\"translation-block\"><a href=\"https:\/\/www.fuegos.eu\/en\/product-2\/stift\/\" target=\"_blank\" rel=\"noopener\">Chalk Pencil Holder <\/a><a class=\"row-title\" href=\"https:\/\/www.fuegos.eu\/wp-admin\/post.php?post=1196&amp;action=edit\" target=\"_blank\" rel=\"noopener\">DST001<\/a><a href=\"https:\/\/www.fuegos.eu\/en\/product-2\/stift\/\" target=\"_blank\" rel=\"noopener\"> <\/a><\/li>\n<li class=\"translation-block\"><a href=\"https:\/\/www.fuegos.eu\/en\/product-2\/kuno-funkgeraettasche-forstguertel-komplettsystem\/\" target=\"_blank\" rel=\"noopener\">Radio bag<\/a> for NexEdge NX-3300E2 \u2013 Compatible with shoulder strap carrying system<\/li>\n<\/ul>\n<h3><\/h3>\n<h3><strong>Austerity measures: <\/strong><\/h3>\n<ul>\n<li class=\"translation-block\"><a href=\"https:\/\/www.fuegos.eu\/en\/product-2\/tragesystem-fuer-auszubildende-forstwirte-fw-ts100\/\" target=\"_blank\" rel=\"noopener\">Trainees <\/a><a class=\"row-title\" href=\"https:\/\/www.fuegos.eu\/wp-admin\/post.php?post=234972&amp;action=edit\" target=\"_blank\" rel=\"noopener\">FW-TS100<\/a> \u2013 Forestry belt with components and shoulder carrying system<\/li>\n<li class=\"translation-block\"><a href=\"https:\/\/www.fuegos.eu\/en\/product-2\/forstwirte-tragesystem\/\" target=\"_self\">Foresters &amp; Master Foresters <\/a><a title=\"Forest Belt Set \/ Forest Tool Belt Set\" href=\"https:\/\/www.fuegos.eu\/en\/product\/forestry-workers-carrying-system\/\" target=\"_blank\" rel=\"noopener noreferrer\">FW-TS001<\/a> \u2013 Forestry belt with components and shoulder carrying system<\/li>\n<li class=\"translation-block\"><a href=\"https:\/\/www.fuegos.eu\/en\/product-2\/foerster-tragesystem\/\" target=\"_self\">F\u00f6rster F\u00d6-TS001<\/a> \u2013 Forestry belt with components and shoulder carrying system<\/li>\n<li class=\"translation-block\"><a href=\"https:\/\/www.fuegos.eu\/en\/product-2\/foerster-multifunktionsgurt-mit-groedel-austrialpin-groedel\/\" target=\"_self\">Gr\u00f6del Combo Pack<\/a> \u2013 Forest belt for foresters with 6-pronged Gr\u00f6del<\/li>\n<\/ul>\n<p>&nbsp;<\/p>\n<h3><strong>Known for:<\/strong><\/h3>\n<ul>\n<li><a href=\"https:\/\/www.forstpraxis.de\/fuego-sport-tragesystem-forst\/\">Test: Fuego-Sport Tragesystem <\/a>\u2013 Forst&amp;Technik<\/li>\n<li><a href=\"https:\/\/www.forstpraxis.de\/fuegos-rapid-klick\/\">Fuegos with quick click<\/a> \u2013 Forst&amp;Technik<\/li>\n<li><a href=\"https:\/\/www.forstpraxis.de\/leichte-schulter\/\"> Light shoulder<\/a> \u2013 Forst&amp;Technik<\/li>\n<li><a href=\"https:\/\/www.profi.de\/aktuell\/neuheiten\/multifunktionales-forst-tragesystem-12379412.html\">Multifunctional forestry carrying system<\/a> \u2013 profi magazine<\/li>\n<\/ul>","protected":false},"excerpt":{"rendered":"<p>Keep communicating with the radio bag for NexEdge radios from the 3200 and 3300 series. The bag can be conveniently attached to the shoulder carrying system, greatly increasing the range in wooded areas. Innovation made in the Swabian Alb.<\/p>\n<p>FT100 has been redesigned for the new NEXEDGE from ForstBW. Fuegos has been manufacturing radio bags and carrying systems for ForstBW for over 6 years without any complaints.<\/p>","protected":false},"featured_media":255000,"comment_status":"open","ping_status":"closed","template":"","meta":{"_et_pb_use_builder":"","_et_pb_old_content":"","_et_gb_content_width":""},"product_brand":[],"product_cat":[25,31,200,35,175],"product_tag":[],"class_list":{"0":"post-236972","1":"product","2":"type-product","3":"status-publish","4":"has-post-thumbnail","6":"product_cat-forst","7":"product_cat-forst-taschen-zubehoer","8":"product_cat-forstguertel-equipment","9":"product_cat-forstwirte","10":"product_cat-produkt-auswahl","12":"first","13":"instock","14":"taxable","15":"shipping-taxable","16":"purchasable","17":"product-type-simple"},"yoast_head":"<!-- This site is optimized with the Yoast SEO plugin v27.3 - https:\/\/yoast.com\/product\/yoast-seo-wordpress\/ -->\n<title>Funkger\u00e4tetasche f\u00fcr NEXEDGE-Funkger\u00e4te mit Notruf-Funktion &#8226; Fuegos<\/title>\n<meta name=\"description\" content=\"NexEdge -Funkger\u00e4tetasche \u2022 Forstg\u00fcrtel-Komplettsystem. Funkger\u00e4tetasche f\u00fcr NexEdge-Funkger\u00e4te. Notrufsysteme- Forstg\u00fcrtel- und Schultertragesystem.\" \/>\n<meta name=\"robots\" content=\"index, follow, max-snippet:-1, max-image-preview:large, max-video-preview:-1\" \/>\n<link rel=\"canonical\" href=\"https:\/\/www.fuegos.eu\/en\/product\/nexedge-funkgeraettasche-forstguertel-komplettsystem\/\" \/>\n<meta property=\"og:locale\" content=\"en_US\" \/>\n<meta property=\"og:type\" content=\"article\" \/>\n<meta property=\"og:title\" content=\"Funkger\u00e4tetasche f\u00fcr NEXEDGE-Funkger\u00e4te mit Notruf-Funktion &#8226; Fuegos\" \/>\n<meta property=\"og:description\" content=\"NexEdge -Funkger\u00e4tetasche \u2022 Forstg\u00fcrtel-Komplettsystem. Funkger\u00e4tetasche f\u00fcr NexEdge-Funkger\u00e4te. Notrufsysteme- Forstg\u00fcrtel- und Schultertragesystem.\" \/>\n<meta property=\"og:url\" content=\"https:\/\/www.fuegos.eu\/en\/product\/nexedge-funkgeraettasche-forstguertel-komplettsystem\/\" \/>\n<meta property=\"og:site_name\" content=\"Fuegos\" \/>\n<meta property=\"article:publisher\" content=\"https:\/\/www.facebook.com\/FuegosForst\/\" \/>\n<meta property=\"article:modified_time\" content=\"2024-12-19T16:57:22+00:00\" \/>\n<meta property=\"og:image\" content=\"https:\/\/www.fuegos.eu\/wp-content\/uploads\/2021\/05\/Funktasche_Forstguertel_Forstkoppel_Fuegos_500x500-min.jpg\" \/>\n\t<meta property=\"og:image:width\" content=\"500\" \/>\n\t<meta property=\"og:image:height\" content=\"500\" \/>\n\t<meta property=\"og:image:type\" content=\"image\/jpeg\" \/>\n<meta name=\"twitter:card\" content=\"summary_large_image\" \/>\n<meta name=\"twitter:label1\" content=\"Est. reading time\" \/>\n\t<meta name=\"twitter:data1\" content=\"3 minutes\" \/>\n<script type=\"application\/ld+json\" class=\"yoast-schema-graph\">{\"@context\":\"https:\\\/\\\/schema.org\",\"@graph\":[{\"@type\":\"WebPage\",\"@id\":\"https:\\\/\\\/www.fuegos.eu\\\/product\\\/nexedge-funkgeraettasche-forstguertel-komplettsystem\\\/\",\"url\":\"https:\\\/\\\/www.fuegos.eu\\\/product\\\/nexedge-funkgeraettasche-forstguertel-komplettsystem\\\/\",\"name\":\"Funkger\u00e4tetasche f\u00fcr NEXEDGE-Funkger\u00e4te mit Notruf-Funktion &#8226; Fuegos\",\"isPartOf\":{\"@id\":\"https:\\\/\\\/www.fuegos.eu\\\/#website\"},\"primaryImageOfPage\":{\"@id\":\"https:\\\/\\\/www.fuegos.eu\\\/product\\\/nexedge-funkgeraettasche-forstguertel-komplettsystem\\\/#primaryimage\"},\"image\":{\"@id\":\"https:\\\/\\\/www.fuegos.eu\\\/product\\\/nexedge-funkgeraettasche-forstguertel-komplettsystem\\\/#primaryimage\"},\"thumbnailUrl\":\"https:\\\/\\\/www.fuegos.eu\\\/wp-content\\\/uploads\\\/2021\\\/05\\\/Funktasche_Forstguertel_Forstkoppel_Fuegos_500x500-min.jpg\",\"datePublished\":\"2021-05-27T19:48:15+00:00\",\"dateModified\":\"2024-12-19T16:57:22+00:00\",\"description\":\"NexEdge -Funkger\u00e4tetasche \u2022 Forstg\u00fcrtel-Komplettsystem. Funkger\u00e4tetasche f\u00fcr NexEdge-Funkger\u00e4te. Notrufsysteme- Forstg\u00fcrtel- und Schultertragesystem.\",\"breadcrumb\":{\"@id\":\"https:\\\/\\\/www.fuegos.eu\\\/product\\\/nexedge-funkgeraettasche-forstguertel-komplettsystem\\\/#breadcrumb\"},\"inLanguage\":\"en-US\",\"potentialAction\":[{\"@type\":\"ReadAction\",\"target\":[\"https:\\\/\\\/www.fuegos.eu\\\/product\\\/nexedge-funkgeraettasche-forstguertel-komplettsystem\\\/\"]}]},{\"@type\":\"ImageObject\",\"inLanguage\":\"en-US\",\"@id\":\"https:\\\/\\\/www.fuegos.eu\\\/product\\\/nexedge-funkgeraettasche-forstguertel-komplettsystem\\\/#primaryimage\",\"url\":\"https:\\\/\\\/www.fuegos.eu\\\/wp-content\\\/uploads\\\/2021\\\/05\\\/Funktasche_Forstguertel_Forstkoppel_Fuegos_500x500-min.jpg\",\"contentUrl\":\"https:\\\/\\\/www.fuegos.eu\\\/wp-content\\\/uploads\\\/2021\\\/05\\\/Funktasche_Forstguertel_Forstkoppel_Fuegos_500x500-min.jpg\",\"width\":500,\"height\":500,\"caption\":\"Funger\u00e4tetasche f\u00fcr Forstg\u00fcrtel und NexEdge Funkger\u00e4te. koppel_Fuegos\"},{\"@type\":\"BreadcrumbList\",\"@id\":\"https:\\\/\\\/www.fuegos.eu\\\/product\\\/nexedge-funkgeraettasche-forstguertel-komplettsystem\\\/#breadcrumb\",\"itemListElement\":[{\"@type\":\"ListItem\",\"position\":1,\"name\":\"Home\",\"item\":\"https:\\\/\\\/www.fuegos.eu\\\/\"},{\"@type\":\"ListItem\",\"position\":2,\"name\":\"Shop\",\"item\":\"https:\\\/\\\/www.fuegos.eu\\\/forstguertel-taschen-online-kaufen\\\/\"},{\"@type\":\"ListItem\",\"position\":3,\"name\":\"Funkger\u00e4tetasche f\u00fcr NEXEDGE-Funkger\u00e4te mit Notruf-Funktion\"}]},{\"@type\":\"WebSite\",\"@id\":\"https:\\\/\\\/www.fuegos.eu\\\/#website\",\"url\":\"https:\\\/\\\/www.fuegos.eu\\\/\",\"name\":\"Fuegos\",\"description\":\"Textile L\u00f6sungen nach Ma\u00df\",\"publisher\":{\"@id\":\"https:\\\/\\\/www.fuegos.eu\\\/#organization\"},\"potentialAction\":[{\"@type\":\"SearchAction\",\"target\":{\"@type\":\"EntryPoint\",\"urlTemplate\":\"https:\\\/\\\/www.fuegos.eu\\\/?s={search_term_string}\"},\"query-input\":{\"@type\":\"PropertyValueSpecification\",\"valueRequired\":true,\"valueName\":\"search_term_string\"}}],\"inLanguage\":\"en-US\"},{\"@type\":\"Organization\",\"@id\":\"https:\\\/\\\/www.fuegos.eu\\\/#organization\",\"name\":\"Fuegos\",\"url\":\"https:\\\/\\\/www.fuegos.eu\\\/\",\"logo\":{\"@type\":\"ImageObject\",\"inLanguage\":\"en-US\",\"@id\":\"https:\\\/\\\/www.fuegos.eu\\\/#\\\/schema\\\/logo\\\/image\\\/\",\"url\":\"https:\\\/\\\/fuegos.eu\\\/wp-content\\\/uploads\\\/2020\\\/05\\\/FuegosSignatur000.jpg\",\"contentUrl\":\"https:\\\/\\\/fuegos.eu\\\/wp-content\\\/uploads\\\/2020\\\/05\\\/FuegosSignatur000.jpg\",\"width\":960,\"height\":408,\"caption\":\"Fuegos\"},\"image\":{\"@id\":\"https:\\\/\\\/www.fuegos.eu\\\/#\\\/schema\\\/logo\\\/image\\\/\"},\"sameAs\":[\"https:\\\/\\\/www.facebook.com\\\/FuegosForst\\\/\",\"https:\\\/\\\/www.youtube.com\\\/channel\\\/UC0SFe93Vgi6YZV6tSCOLdkA\"]}]}<\/script>\n<!-- \/ Yoast SEO plugin. -->","yoast_head_json":{"title":"Funkger\u00e4tetasche f\u00fcr NEXEDGE-Funkger\u00e4te mit Notruf-Funktion &#8226; Fuegos","description":"NexEdge -Funkger\u00e4tetasche \u2022 Forstg\u00fcrtel-Komplettsystem. Funkger\u00e4tetasche f\u00fcr NexEdge-Funkger\u00e4te. Notrufsysteme- Forstg\u00fcrtel- und Schultertragesystem.","robots":{"index":"index","follow":"follow","max-snippet":"max-snippet:-1","max-image-preview":"max-image-preview:large","max-video-preview":"max-video-preview:-1"},"canonical":"https:\/\/www.fuegos.eu\/en\/product\/nexedge-funkgeraettasche-forstguertel-komplettsystem\/","og_locale":"en_US","og_type":"article","og_title":"Funkger\u00e4tetasche f\u00fcr NEXEDGE-Funkger\u00e4te mit Notruf-Funktion &#8226; Fuegos","og_description":"NexEdge -Funkger\u00e4tetasche \u2022 Forstg\u00fcrtel-Komplettsystem. Funkger\u00e4tetasche f\u00fcr NexEdge-Funkger\u00e4te. Notrufsysteme- Forstg\u00fcrtel- und Schultertragesystem.","og_url":"https:\/\/www.fuegos.eu\/en\/product\/nexedge-funkgeraettasche-forstguertel-komplettsystem\/","og_site_name":"Fuegos","article_publisher":"https:\/\/www.facebook.com\/FuegosForst\/","article_modified_time":"2024-12-19T16:57:22+00:00","og_image":[{"width":500,"height":500,"url":"https:\/\/www.fuegos.eu\/wp-content\/uploads\/2021\/05\/Funktasche_Forstguertel_Forstkoppel_Fuegos_500x500-min.jpg","type":"image\/jpeg"}],"twitter_card":"summary_large_image","twitter_misc":{"Est. reading time":"3 minutes"},"schema":{"@context":"https:\/\/schema.org","@graph":[{"@type":"WebPage","@id":"https:\/\/www.fuegos.eu\/product\/nexedge-funkgeraettasche-forstguertel-komplettsystem\/","url":"https:\/\/www.fuegos.eu\/product\/nexedge-funkgeraettasche-forstguertel-komplettsystem\/","name":"Funkger\u00e4tetasche f\u00fcr NEXEDGE-Funkger\u00e4te mit Notruf-Funktion &#8226; Fuegos","isPartOf":{"@id":"https:\/\/www.fuegos.eu\/#website"},"primaryImageOfPage":{"@id":"https:\/\/www.fuegos.eu\/product\/nexedge-funkgeraettasche-forstguertel-komplettsystem\/#primaryimage"},"image":{"@id":"https:\/\/www.fuegos.eu\/product\/nexedge-funkgeraettasche-forstguertel-komplettsystem\/#primaryimage"},"thumbnailUrl":"https:\/\/www.fuegos.eu\/wp-content\/uploads\/2021\/05\/Funktasche_Forstguertel_Forstkoppel_Fuegos_500x500-min.jpg","datePublished":"2021-05-27T19:48:15+00:00","dateModified":"2024-12-19T16:57:22+00:00","description":"NexEdge -Funkger\u00e4tetasche \u2022 Forstg\u00fcrtel-Komplettsystem. Funkger\u00e4tetasche f\u00fcr NexEdge-Funkger\u00e4te. Notrufsysteme- Forstg\u00fcrtel- und Schultertragesystem.","breadcrumb":{"@id":"https:\/\/www.fuegos.eu\/product\/nexedge-funkgeraettasche-forstguertel-komplettsystem\/#breadcrumb"},"inLanguage":"en-US","potentialAction":[{"@type":"ReadAction","target":["https:\/\/www.fuegos.eu\/product\/nexedge-funkgeraettasche-forstguertel-komplettsystem\/"]}]},{"@type":"ImageObject","inLanguage":"en-US","@id":"https:\/\/www.fuegos.eu\/product\/nexedge-funkgeraettasche-forstguertel-komplettsystem\/#primaryimage","url":"https:\/\/www.fuegos.eu\/wp-content\/uploads\/2021\/05\/Funktasche_Forstguertel_Forstkoppel_Fuegos_500x500-min.jpg","contentUrl":"https:\/\/www.fuegos.eu\/wp-content\/uploads\/2021\/05\/Funktasche_Forstguertel_Forstkoppel_Fuegos_500x500-min.jpg","width":500,"height":500,"caption":"Funger\u00e4tetasche f\u00fcr Forstg\u00fcrtel und NexEdge Funkger\u00e4te. koppel_Fuegos"},{"@type":"BreadcrumbList","@id":"https:\/\/www.fuegos.eu\/product\/nexedge-funkgeraettasche-forstguertel-komplettsystem\/#breadcrumb","itemListElement":[{"@type":"ListItem","position":1,"name":"Home","item":"https:\/\/www.fuegos.eu\/"},{"@type":"ListItem","position":2,"name":"Shop","item":"https:\/\/www.fuegos.eu\/forstguertel-taschen-online-kaufen\/"},{"@type":"ListItem","position":3,"name":"Funkger\u00e4tetasche f\u00fcr NEXEDGE-Funkger\u00e4te mit Notruf-Funktion"}]},{"@type":"WebSite","@id":"https:\/\/www.fuegos.eu\/#website","url":"https:\/\/www.fuegos.eu\/","name":"Fuegos","description":"Textile L\u00f6sungen nach Ma\u00df","publisher":{"@id":"https:\/\/www.fuegos.eu\/#organization"},"potentialAction":[{"@type":"SearchAction","target":{"@type":"EntryPoint","urlTemplate":"https:\/\/www.fuegos.eu\/?s={search_term_string}"},"query-input":{"@type":"PropertyValueSpecification","valueRequired":true,"valueName":"search_term_string"}}],"inLanguage":"en-US"},{"@type":"Organization","@id":"https:\/\/www.fuegos.eu\/#organization","name":"Fuegos","url":"https:\/\/www.fuegos.eu\/","logo":{"@type":"ImageObject","inLanguage":"en-US","@id":"https:\/\/www.fuegos.eu\/#\/schema\/logo\/image\/","url":"https:\/\/fuegos.eu\/wp-content\/uploads\/2020\/05\/FuegosSignatur000.jpg","contentUrl":"https:\/\/fuegos.eu\/wp-content\/uploads\/2020\/05\/FuegosSignatur000.jpg","width":960,"height":408,"caption":"Fuegos"},"image":{"@id":"https:\/\/www.fuegos.eu\/#\/schema\/logo\/image\/"},"sameAs":["https:\/\/www.facebook.com\/FuegosForst\/","https:\/\/www.youtube.com\/channel\/UC0SFe93Vgi6YZV6tSCOLdkA"]}]}},"_links":{"self":[{"href":"https:\/\/www.fuegos.eu\/en\/wp-json\/wp\/v2\/product\/236972","targetHints":{"allow":["GET"]}}],"collection":[{"href":"https:\/\/www.fuegos.eu\/en\/wp-json\/wp\/v2\/product"}],"about":[{"href":"https:\/\/www.fuegos.eu\/en\/wp-json\/wp\/v2\/types\/product"}],"replies":[{"embeddable":true,"href":"https:\/\/www.fuegos.eu\/en\/wp-json\/wp\/v2\/comments?post=236972"}],"wp:featuredmedia":[{"embeddable":true,"href":"https:\/\/www.fuegos.eu\/en\/wp-json\/wp\/v2\/media\/255000"}],"wp:attachment":[{"href":"https:\/\/www.fuegos.eu\/en\/wp-json\/wp\/v2\/media?parent=236972"}],"wp:term":[{"taxonomy":"product_brand","embeddable":true,"href":"https:\/\/www.fuegos.eu\/en\/wp-json\/wp\/v2\/product_brand?post=236972"},{"taxonomy":"product_cat","embeddable":true,"href":"https:\/\/www.fuegos.eu\/en\/wp-json\/wp\/v2\/product_cat?post=236972"},{"taxonomy":"product_tag","embeddable":true,"href":"https:\/\/www.fuegos.eu\/en\/wp-json\/wp\/v2\/product_tag?post=236972"}],"curies":[{"name":"wp","href":"https:\/\/api.w.org\/{rel}","templated":true}]}}