{"id":253294,"date":"2023-10-16T18:51:17","date_gmt":"2023-10-16T16:51:17","guid":{"rendered":"https:\/\/fuegos.eu\/?post_type=product&#038;p=253294"},"modified":"2024-12-19T18:21:26","modified_gmt":"2024-12-19T17:21:26","slug":"pflanztaschen-fuer-setzlinge-wiederaufforstung-forstgurt-equipment","status":"publish","type":"product","link":"https:\/\/www.fuegos.eu\/en\/product\/pflanztaschen-fuer-setzlinge-wiederaufforstung-forstgurt-equipment\/","title":{"rendered":"Planting bags for seedlings &amp; reforestation | Forestry belt equipment and forest reforestation and planting"},"content":{"rendered":"<p>[et_pb_section fb_built=&#8221;1&#8243; _builder_version=&#8221;4.16&#8243; custom_padding=&#8221;0px||||false|false&#8221; global_colors_info=&#8221;{}&#8221;][et_pb_row _builder_version=&#8221;4.16&#8243; background_size=&#8221;initial&#8221; background_position=&#8221;top_left&#8221; background_repeat=&#8221;repeat&#8221; width=&#8221;100%&#8221; custom_padding=&#8221;0px||0px||false|false&#8221; collapsed=&#8221;on&#8221; global_colors_info=&#8221;{}&#8221;][et_pb_column type=&#8221;4_4&#8243; _builder_version=&#8221;4.16&#8243; custom_padding=&#8221;|||&#8221; global_colors_info=&#8221;{}&#8221; custom_padding__hover=&#8221;|||&#8221;][et_pb_wc_breadcrumb _builder_version=&#8221;4.16&#8243; global_colors_info=&#8221;{}&#8221;][\/et_pb_wc_breadcrumb][et_pb_wc_cart_notice _builder_version=&#8221;4.16&#8243; global_colors_info=&#8221;{}&#8221;][\/et_pb_wc_cart_notice][\/et_pb_column][\/et_pb_row][et_pb_row column_structure=&#8221;1_2,1_2&#8243; _builder_version=&#8221;4.16&#8243; background_size=&#8221;initial&#8221; background_position=&#8221;top_left&#8221; background_repeat=&#8221;repeat&#8221; width=&#8221;100%&#8221; custom_padding=&#8221;0px||||false|false&#8221; collapsed=&#8221;on&#8221; global_colors_info=&#8221;{}&#8221;][et_pb_column type=&#8221;1_2&#8243; _builder_version=&#8221;4.16&#8243; custom_padding=&#8221;|||&#8221; global_colors_info=&#8221;{}&#8221; custom_padding__hover=&#8221;|||&#8221;][et_pb_wc_images _builder_version=&#8221;4.16&#8243; global_colors_info=&#8221;{}&#8221;][\/et_pb_wc_images][\/et_pb_column][et_pb_column type=&#8221;1_2&#8243; _builder_version=&#8221;4.16&#8243; custom_padding=&#8221;|||&#8221; global_colors_info=&#8221;{}&#8221; custom_padding__hover=&#8221;|||&#8221;][et_pb_wc_title _builder_version=&#8221;4.16&#8243; global_colors_info=&#8221;{}&#8221;][\/et_pb_wc_title][et_pb_wc_rating _builder_version=&#8221;4.16&#8243; global_colors_info=&#8221;{}&#8221;][\/et_pb_wc_rating][et_pb_wc_price _builder_version=&#8221;4.16&#8243; global_colors_info=&#8221;{}&#8221;][\/et_pb_wc_price][et_pb_wc_description _builder_version=&#8221;4.16&#8243; global_colors_info=&#8221;{}&#8221;][\/et_pb_wc_description][et_pb_wc_add_to_cart _builder_version=&#8221;4.16&#8243; global_colors_info=&#8221;{}&#8221;][\/et_pb_wc_add_to_cart][et_pb_wc_meta _builder_version=&#8221;4.16&#8243; global_colors_info=&#8221;{}&#8221;][\/et_pb_wc_meta][\/et_pb_column][\/et_pb_row][et_pb_row _builder_version=&#8221;4.16&#8243; background_size=&#8221;initial&#8221; background_position=&#8221;top_left&#8221; background_repeat=&#8221;repeat&#8221; width=&#8221;100%&#8221; global_colors_info=&#8221;{}&#8221;][et_pb_column type=&#8221;4_4&#8243; _builder_version=&#8221;4.16&#8243; custom_padding=&#8221;|||&#8221; global_colors_info=&#8221;{}&#8221; custom_padding__hover=&#8221;|||&#8221;][et_pb_wc_tabs _builder_version=&#8221;4.16&#8243; global_colors_info=&#8221;{}&#8221;]\t\t\t\t\t[\/et_pb_wc_tabs][et_pb_wc_upsells _builder_version=&#8221;4.16&#8243; global_colors_info=&#8221;{}&#8221;][\/et_pb_wc_upsells][et_pb_wc_related_products _builder_version=&#8221;4.16&#8243; global_colors_info=&#8221;{}&#8221;][\/et_pb_wc_related_products][\/et_pb_column][\/et_pb_row][\/et_pb_section]<\/p>\n","protected":false},"excerpt":{"rendered":"<p>Planting bags for seedlings &amp; reforestation | Forestry belt equipment Innovation Made and tested in the Swabian Alb.<\/p>\n<p class=\"translation-block\"><strong>PTS001<\/strong> was designed to support forest planting and reforestation and to protect biodiversity in forest areas, nature reserves managed by ForstBW, BaySF, \u00d6BF, the forestry and hunting authority of the Saxon State Ministry for Climate Protection, Environment and Agriculture, Hessen Forst, etc.<\/p>\n<p>Fuegos has been manufacturing outdoor equipment since 1994 and complaint-free carrying systems for forestry authorities and institutions since 2015, also in cooperation and collaboration with universities, research institutions, and companies.<\/p>","protected":false},"featured_media":254691,"comment_status":"open","ping_status":"closed","template":"","meta":{"_et_pb_use_builder":"on","_et_pb_old_content":"<h1><strong>Pflanztaschen f\u00fcr Setzlinge &amp; Wiederaufforstung | Forstgurt Equipment<\/strong><\/h1>\r\n<h3><strong>Kurzbeschreibung der PTS001:<\/strong><\/h3>\r\nDie Pflanztaschen sind an allen unseren Forst Tragesystemen einfach an- und abkoppelbar.\r\n\r\n&nbsp;\r\n<h3><strong>Die Idee des Fuegos Pflanztaschen-Tragesystem:<\/strong><\/h3>\r\n<strong>Mehr Tragekomfort und Schutz der Setzlinge.\r\n<\/strong>\r\n<ul>\r\n \t<li style=\"list-style-type: none\">\r\n<ul>\r\n \t<li><span style=\"font-family: Helvetica, Arial, sans-serif\">Maximal empfohlenes Gewicht: 10 Kg x Tasche, bei maximal 2 Taschen am K\u00f6rper tragend.\r\n<\/span><\/li>\r\n \t<li><span style=\"font-family: Helvetica, Arial, sans-serif\">Mit an K\u00f6rper angepasstes Tragedesign\r\n<\/span><\/li>\r\n \t<li>Mit breiterer \u00d6ffnung als bei herk\u00f6mmlichen Taschen und Boxen. Mit verstellbarem Gurt hinten zur Verkleinerung der \u00d6ffnung f\u00fcr mehr Schutz der Setzlinge und Tragekomfort w\u00e4hrend der Pflanzung.<\/li>\r\n \t<li><strong>F\u00fcr Mensch und Natur, Toxinen frei. Kein PVC.<\/strong><\/li>\r\n \t<li>Aus sichtbaren, hitzehemmenden\u00a0 Farben<\/li>\r\n \t<li>Wasserdicht. Dadurch kann sich im Inneren Wasser sammeln zum feucht halten der Setzlinge, wenn sie \u00fcber Stunden oder Tage in den Pflanztaschen bleiben m\u00fcssen.<\/li>\r\n<\/ul>\r\n<\/li>\r\n<\/ul>\r\n<h3><\/h3>\r\n<h3><span style=\"font-family: Helvetica, Arial, sans-serif\"><b>Die zentrale Funktion i<\/b><\/span><span style=\"font-family: Helvetica, Arial, sans-serif\"><b>m Zusammenspiel Pflanztasche und Schultertragesystem:<\/b><\/span><\/h3>\r\n<h5><span style=\"font-family: Helvetica, Arial, sans-serif\"><b>Am wichtigsten<\/b><\/span><\/h5>\r\n<ul>\r\n \t<li><span style=\"font-family: Helvetica, Arial, sans-serif\"><b>Verteilung des Tragegewichtes auf Schulter und R\u00fcckenpartie durch Ankoppelung der Taschen an Fuegos Schulter-Tragesysteme, f\u00fcr ges\u00fcnderes Tragen.\r\n<\/b><\/span><\/li>\r\n \t<li>Effektiveres pflanzen.<\/li>\r\n<\/ul>\r\n<span style=\"font-family: Helvetica, Arial, sans-serif\"><b>Au\u00dferdem<\/b><\/span>\r\n<ul>\r\n \t<li>Mit schnellem an- und abkoppelbares Tragesystem<\/li>\r\n \t<li>Mehr Sicherheit bei Laufen und pflanzen in unterschiedlichste Terrains im Wald<\/li>\r\n<\/ul>\r\n<h3><\/h3>\r\n<h3><strong>Die <\/strong><strong>Pflanztasche, das Fuegos Tragesystem f\u00fcr Setzlinge\r\n<\/strong><\/h3>\r\n<h3><strong>\u00a0<\/strong><\/h3>\r\n<h4><strong>Funktion: <\/strong><\/h4>\r\n<strong>Gewichtsentlastung und Trittsicherheit des Mitarbeiters bei Pflanzt\u00e4tigkeiten im Wald und andere Orte.\r\n<\/strong>\r\n\r\n&nbsp;\r\n<h3><strong>Achtung:<\/strong><\/h3>\r\n<ul>\r\n \t<li>\r\n<h4><strong>K\u00f6rper nicht mit hohen Lasten belasten. Nicht lange mit maximaler Ladung tragen.\r\n<\/strong><\/h4>\r\n<\/li>\r\n<\/ul>\r\n&nbsp;\r\n<h3><strong>Material:<\/strong><\/h3>\r\n<ul>\r\n \t<li>Aus nachhaltigem und 100% recycelbarer Pflanzenstoff.<\/li>\r\n \t<li>PVC frei = NON TOXISCH f\u00fcr Mensch und Natur.<\/li>\r\n \t<li>Wasserdicht, N\u00e4hte nicht versiegelt<\/li>\r\n<\/ul>\r\nDas Material der Taschen besteht aus <strong>abriebbest\u00e4ndiges Fuegos Polymergewebe<\/strong>. Witterungsbest\u00e4ndig (+50\u00b0-20\u00b0). Taschenstoff Wasseraufnahme = 0,6 % im Verh\u00e4ltnis zum Gewicht. Hierdurch garantiert <strong>Fuegos<\/strong> <strong>Langlebigkeit<\/strong>.\r\n<h4><strong>Vorteile:<\/strong><\/h4>\r\nFuegos <strong>erschafft durch seine Tragesysteme mehr Komfort, Sicherheit und Effektivit\u00e4t bei der Arbeit <\/strong>im Forstbereich\r\n\r\n&nbsp;\r\n<h3><strong>Technische Daten<\/strong><\/h3>\r\n<h4><\/h4>\r\n<h4><strong>Belastbarkeit:<\/strong><\/h4>\r\n<h5><strong>Bis maximal 20 Kilogramm pro Tasche.<\/strong><\/h5>\r\n<h4><strong>Wichtig:<\/strong><\/h4>\r\nAus gesundheitlichen Gr\u00fcnden: Nicht die volle Gewichtsauslastung langzeitig tragen\r\n<h4><strong> Form:<\/strong><\/h4>\r\nK\u00f6rper angepasst - rechteckig. H40 x B40 x T20 cm\r\n\r\n\u00d6ffnung = 120 cm, verstellbar auf 100 cm\r\n<h4><strong>Material<\/strong>:<\/h4>\r\nAbriebfestes Hightech-Polymerband. Schnallen: PA6\r\n<h4><strong>Gewicht:<\/strong><\/h4>\r\nLeichte 350g.\r\n<h4><strong>Ursprungsland:<\/strong><\/h4>\r\nDeutschland.\r\n<h4><strong>Anwendung:<\/strong><\/h4>\r\nPflanzt\u00e4tigkeiten\r\n\r\n&nbsp;\r\n<h3><strong>Anwendungsbereich<\/strong><strong>:<\/strong><\/h3>\r\nWiederaufforstung, Waldpflanzung, Forst, Naturschutz.\r\n\r\n&nbsp;\r\n<h3><strong>Empfehlung:\u00a0<\/strong><\/h3>\r\n<ul>\r\n \t<li><a href=\"https:\/\/fuegos.eu\/product\/schultertragesystem-forstguertel-werkzeugguertel\/\">FW-STS100 <\/a>Schulter-Tragesystem<\/li>\r\n \t<li><a href=\"https:\/\/fuegos.eu\/product\/forstguertel-set-fuer-foerster\/\">Forstg\u00fcrtel f\u00fcr F\u00f6rster<\/a> - Stell Dir deine Ausr\u00fcstung individuell zusammen<\/li>\r\n<\/ul>\r\n<h3><\/h3>\r\n<h3><strong>Sparpakete: <\/strong><\/h3>\r\n<ul>\r\n \t<li><a href=\"https:\/\/fuegos.eu\/produkt\/forstwirte-tragesystem\/\">Forstwirte &amp; Forstwirtschaftsmeister <\/a><a title=\"Forstg\u00fcrtel Set \/ Forst-Werkzeugg\u00fcrtel-Set\" href=\"https:\/\/fuegos.eu\/produkt\/forstwirte-tragesystem\/\" target=\"_blank\" rel=\"noopener noreferrer\">FW-TS001<\/a> \u2013 Forstg\u00fcrtel mit Komponente und Schultertragesystem<\/li>\r\n \t<li><a href=\"https:\/\/fuegos.eu\/produkt\/foerster-tragesystem\/\">F\u00f6rster F\u00d6-TS001<\/a> \u2013 Forstg\u00fcrtel mit Komponente und Schultertragesystem<\/li>\r\n \t<li><a href=\"https:\/\/fuegos.eu\/produkt\/foerster-multifunktionsgurt-mit-groedel-austrialpin-groedel\/\">Gr\u00f6del Kombipaket<\/a> \u2013 Forstg\u00fcrtel f\u00fcr F\u00f6rster mit 6-Zacken-Gr\u00f6del<\/li>\r\n<\/ul>\r\n&nbsp;\r\n<h3><strong>Bekannt durch:<\/strong><\/h3>\r\n<ul>\r\n \t<li><a href=\"https:\/\/www.forstpraxis.de\/fuego-sport-tragesystem-forst\/\">Test: Fuego-Sport Tragesystem <\/a>\u2013 Forst&amp;Technik<\/li>\r\n \t<li><a href=\"https:\/\/www.forstpraxis.de\/fuegos-rapid-klick\/\">Fuegos mit Rapid-Klick<\/a> \u2013 Forst&amp;Technik<\/li>\r\n \t<li><a href=\"https:\/\/www.forstpraxis.de\/leichte-schulter\/\"> Leichte Schulter<\/a> \u2013 Forst&amp;Technik<\/li>\r\n<\/ul>","_et_gb_content_width":""},"product_brand":[],"product_cat":[25,31,34,200,35,198,175,24],"product_tag":[],"class_list":{"0":"post-253294","1":"product","2":"type-product","3":"status-publish","4":"has-post-thumbnail","6":"product_cat-forst","7":"product_cat-forst-taschen-zubehoer","8":"product_cat-foerster","9":"product_cat-forstguertel-equipment","10":"product_cat-forstwirte","11":"product_cat-garten","12":"product_cat-produkt-auswahl","13":"product_cat-tragesysteme","15":"first","16":"instock","17":"taxable","18":"shipping-taxable","19":"purchasable","20":"product-type-variable"},"yoast_head":"<!-- This site is optimized with the Yoast SEO plugin v27.3 - https:\/\/yoast.com\/product\/yoast-seo-wordpress\/ -->\n<title>Pflanztaschen f\u00fcr Setzlinge &amp; Wiederaufforstung | Forst Equipment<\/title>\n<meta name=\"description\" content=\"Pflanztaschen f\u00fcr Setzlinge &amp; Wiederaufforstung | Forstgurt Equipment | Fuegos Forst. Ergonomische langlebende Forst-Pflanztaschen\" \/>\n<meta name=\"robots\" content=\"index, follow, max-snippet:-1, max-image-preview:large, max-video-preview:-1\" \/>\n<link rel=\"canonical\" href=\"https:\/\/www.fuegos.eu\/en\/product\/pflanztaschen-fuer-setzlinge-wiederaufforstung-forstgurt-equipment\/\" \/>\n<meta property=\"og:locale\" content=\"en_US\" \/>\n<meta property=\"og:type\" content=\"article\" \/>\n<meta property=\"og:title\" content=\"Pflanztaschen f\u00fcr Setzlinge &amp; Wiederaufforstung | Forst Equipment\" \/>\n<meta property=\"og:description\" content=\"Pflanztaschen f\u00fcr Setzlinge &amp; Wiederaufforstung | Forstgurt Equipment | Fuegos Forst. Ergonomische langlebende Forst-Pflanztaschen\" \/>\n<meta property=\"og:url\" content=\"https:\/\/www.fuegos.eu\/en\/product\/pflanztaschen-fuer-setzlinge-wiederaufforstung-forstgurt-equipment\/\" \/>\n<meta property=\"og:site_name\" content=\"Fuegos\" \/>\n<meta property=\"article:publisher\" content=\"https:\/\/www.facebook.com\/FuegosForst\/\" \/>\n<meta property=\"article:modified_time\" content=\"2024-12-19T17:21:26+00:00\" \/>\n<meta property=\"og:image\" content=\"https:\/\/www.fuegos.eu\/wp-content\/uploads\/2024\/10\/Pflanztasche-Einzelne-Pflanztasche-Saetzlinge-ForstForstwritschaft-min.webp\" \/>\n\t<meta property=\"og:image:width\" content=\"500\" \/>\n\t<meta property=\"og:image:height\" content=\"500\" \/>\n\t<meta property=\"og:image:type\" content=\"image\/webp\" \/>\n<meta name=\"twitter:card\" content=\"summary_large_image\" \/>\n<meta name=\"twitter:label1\" content=\"Est. reading time\" \/>\n\t<meta name=\"twitter:data1\" content=\"2 minutes\" \/>\n<script type=\"application\/ld+json\" class=\"yoast-schema-graph\">{\"@context\":\"https:\\\/\\\/schema.org\",\"@graph\":[{\"@type\":\"WebPage\",\"@id\":\"https:\\\/\\\/www.fuegos.eu\\\/product\\\/pflanztaschen-fuer-setzlinge-wiederaufforstung-forstgurt-equipment\\\/\",\"url\":\"https:\\\/\\\/www.fuegos.eu\\\/product\\\/pflanztaschen-fuer-setzlinge-wiederaufforstung-forstgurt-equipment\\\/\",\"name\":\"Pflanztaschen f\u00fcr Setzlinge & Wiederaufforstung | Forst Equipment\",\"isPartOf\":{\"@id\":\"https:\\\/\\\/www.fuegos.eu\\\/#website\"},\"primaryImageOfPage\":{\"@id\":\"https:\\\/\\\/www.fuegos.eu\\\/product\\\/pflanztaschen-fuer-setzlinge-wiederaufforstung-forstgurt-equipment\\\/#primaryimage\"},\"image\":{\"@id\":\"https:\\\/\\\/www.fuegos.eu\\\/product\\\/pflanztaschen-fuer-setzlinge-wiederaufforstung-forstgurt-equipment\\\/#primaryimage\"},\"thumbnailUrl\":\"https:\\\/\\\/www.fuegos.eu\\\/wp-content\\\/uploads\\\/2024\\\/10\\\/Pflanztasche-Einzelne-Pflanztasche-Saetzlinge-ForstForstwritschaft-min.webp\",\"datePublished\":\"2023-10-16T16:51:17+00:00\",\"dateModified\":\"2024-12-19T17:21:26+00:00\",\"description\":\"Pflanztaschen f\u00fcr Setzlinge & Wiederaufforstung | Forstgurt Equipment | Fuegos Forst. Ergonomische langlebende Forst-Pflanztaschen\",\"breadcrumb\":{\"@id\":\"https:\\\/\\\/www.fuegos.eu\\\/product\\\/pflanztaschen-fuer-setzlinge-wiederaufforstung-forstgurt-equipment\\\/#breadcrumb\"},\"inLanguage\":\"en-US\",\"potentialAction\":[{\"@type\":\"ReadAction\",\"target\":[\"https:\\\/\\\/www.fuegos.eu\\\/product\\\/pflanztaschen-fuer-setzlinge-wiederaufforstung-forstgurt-equipment\\\/\"]}]},{\"@type\":\"ImageObject\",\"inLanguage\":\"en-US\",\"@id\":\"https:\\\/\\\/www.fuegos.eu\\\/product\\\/pflanztaschen-fuer-setzlinge-wiederaufforstung-forstgurt-equipment\\\/#primaryimage\",\"url\":\"https:\\\/\\\/www.fuegos.eu\\\/wp-content\\\/uploads\\\/2024\\\/10\\\/Pflanztasche-Einzelne-Pflanztasche-Saetzlinge-ForstForstwritschaft-min.webp\",\"contentUrl\":\"https:\\\/\\\/www.fuegos.eu\\\/wp-content\\\/uploads\\\/2024\\\/10\\\/Pflanztasche-Einzelne-Pflanztasche-Saetzlinge-ForstForstwritschaft-min.webp\",\"width\":500,\"height\":500,\"caption\":\"Wetterfeste Pflanztasche mit Schultergurt, speziell f\u00fcr den Transport von Setzlingen bei Aufforstungsprojekten.\"},{\"@type\":\"BreadcrumbList\",\"@id\":\"https:\\\/\\\/www.fuegos.eu\\\/product\\\/pflanztaschen-fuer-setzlinge-wiederaufforstung-forstgurt-equipment\\\/#breadcrumb\",\"itemListElement\":[{\"@type\":\"ListItem\",\"position\":1,\"name\":\"Home\",\"item\":\"https:\\\/\\\/www.fuegos.eu\\\/\"},{\"@type\":\"ListItem\",\"position\":2,\"name\":\"Shop\",\"item\":\"https:\\\/\\\/www.fuegos.eu\\\/forstguertel-taschen-online-kaufen\\\/\"},{\"@type\":\"ListItem\",\"position\":3,\"name\":\"Pflanztaschen f\u00fcr Setzlinge &#038; Wiederaufforstung | Forstgurt Equipment und Wald-Wiederaufforstung und Bepflanzung\"}]},{\"@type\":\"WebSite\",\"@id\":\"https:\\\/\\\/www.fuegos.eu\\\/#website\",\"url\":\"https:\\\/\\\/www.fuegos.eu\\\/\",\"name\":\"Fuegos\",\"description\":\"Textile L\u00f6sungen nach Ma\u00df\",\"publisher\":{\"@id\":\"https:\\\/\\\/www.fuegos.eu\\\/#organization\"},\"potentialAction\":[{\"@type\":\"SearchAction\",\"target\":{\"@type\":\"EntryPoint\",\"urlTemplate\":\"https:\\\/\\\/www.fuegos.eu\\\/?s={search_term_string}\"},\"query-input\":{\"@type\":\"PropertyValueSpecification\",\"valueRequired\":true,\"valueName\":\"search_term_string\"}}],\"inLanguage\":\"en-US\"},{\"@type\":\"Organization\",\"@id\":\"https:\\\/\\\/www.fuegos.eu\\\/#organization\",\"name\":\"Fuegos\",\"url\":\"https:\\\/\\\/www.fuegos.eu\\\/\",\"logo\":{\"@type\":\"ImageObject\",\"inLanguage\":\"en-US\",\"@id\":\"https:\\\/\\\/www.fuegos.eu\\\/#\\\/schema\\\/logo\\\/image\\\/\",\"url\":\"https:\\\/\\\/fuegos.eu\\\/wp-content\\\/uploads\\\/2020\\\/05\\\/FuegosSignatur000.jpg\",\"contentUrl\":\"https:\\\/\\\/fuegos.eu\\\/wp-content\\\/uploads\\\/2020\\\/05\\\/FuegosSignatur000.jpg\",\"width\":960,\"height\":408,\"caption\":\"Fuegos\"},\"image\":{\"@id\":\"https:\\\/\\\/www.fuegos.eu\\\/#\\\/schema\\\/logo\\\/image\\\/\"},\"sameAs\":[\"https:\\\/\\\/www.facebook.com\\\/FuegosForst\\\/\",\"https:\\\/\\\/www.youtube.com\\\/channel\\\/UC0SFe93Vgi6YZV6tSCOLdkA\"]}]}<\/script>\n<!-- \/ Yoast SEO plugin. -->","yoast_head_json":{"title":"Pflanztaschen f\u00fcr Setzlinge & Wiederaufforstung | Forst Equipment","description":"Pflanztaschen f\u00fcr Setzlinge & Wiederaufforstung | Forstgurt Equipment | Fuegos Forst. Ergonomische langlebende Forst-Pflanztaschen","robots":{"index":"index","follow":"follow","max-snippet":"max-snippet:-1","max-image-preview":"max-image-preview:large","max-video-preview":"max-video-preview:-1"},"canonical":"https:\/\/www.fuegos.eu\/en\/product\/pflanztaschen-fuer-setzlinge-wiederaufforstung-forstgurt-equipment\/","og_locale":"en_US","og_type":"article","og_title":"Pflanztaschen f\u00fcr Setzlinge & Wiederaufforstung | Forst Equipment","og_description":"Pflanztaschen f\u00fcr Setzlinge & Wiederaufforstung | Forstgurt Equipment | Fuegos Forst. Ergonomische langlebende Forst-Pflanztaschen","og_url":"https:\/\/www.fuegos.eu\/en\/product\/pflanztaschen-fuer-setzlinge-wiederaufforstung-forstgurt-equipment\/","og_site_name":"Fuegos","article_publisher":"https:\/\/www.facebook.com\/FuegosForst\/","article_modified_time":"2024-12-19T17:21:26+00:00","og_image":[{"width":500,"height":500,"url":"https:\/\/www.fuegos.eu\/wp-content\/uploads\/2024\/10\/Pflanztasche-Einzelne-Pflanztasche-Saetzlinge-ForstForstwritschaft-min.webp","type":"image\/webp"}],"twitter_card":"summary_large_image","twitter_misc":{"Est. reading time":"2 minutes"},"schema":{"@context":"https:\/\/schema.org","@graph":[{"@type":"WebPage","@id":"https:\/\/www.fuegos.eu\/product\/pflanztaschen-fuer-setzlinge-wiederaufforstung-forstgurt-equipment\/","url":"https:\/\/www.fuegos.eu\/product\/pflanztaschen-fuer-setzlinge-wiederaufforstung-forstgurt-equipment\/","name":"Pflanztaschen f\u00fcr Setzlinge & Wiederaufforstung | Forst Equipment","isPartOf":{"@id":"https:\/\/www.fuegos.eu\/#website"},"primaryImageOfPage":{"@id":"https:\/\/www.fuegos.eu\/product\/pflanztaschen-fuer-setzlinge-wiederaufforstung-forstgurt-equipment\/#primaryimage"},"image":{"@id":"https:\/\/www.fuegos.eu\/product\/pflanztaschen-fuer-setzlinge-wiederaufforstung-forstgurt-equipment\/#primaryimage"},"thumbnailUrl":"https:\/\/www.fuegos.eu\/wp-content\/uploads\/2024\/10\/Pflanztasche-Einzelne-Pflanztasche-Saetzlinge-ForstForstwritschaft-min.webp","datePublished":"2023-10-16T16:51:17+00:00","dateModified":"2024-12-19T17:21:26+00:00","description":"Pflanztaschen f\u00fcr Setzlinge & Wiederaufforstung | Forstgurt Equipment | Fuegos Forst. Ergonomische langlebende Forst-Pflanztaschen","breadcrumb":{"@id":"https:\/\/www.fuegos.eu\/product\/pflanztaschen-fuer-setzlinge-wiederaufforstung-forstgurt-equipment\/#breadcrumb"},"inLanguage":"en-US","potentialAction":[{"@type":"ReadAction","target":["https:\/\/www.fuegos.eu\/product\/pflanztaschen-fuer-setzlinge-wiederaufforstung-forstgurt-equipment\/"]}]},{"@type":"ImageObject","inLanguage":"en-US","@id":"https:\/\/www.fuegos.eu\/product\/pflanztaschen-fuer-setzlinge-wiederaufforstung-forstgurt-equipment\/#primaryimage","url":"https:\/\/www.fuegos.eu\/wp-content\/uploads\/2024\/10\/Pflanztasche-Einzelne-Pflanztasche-Saetzlinge-ForstForstwritschaft-min.webp","contentUrl":"https:\/\/www.fuegos.eu\/wp-content\/uploads\/2024\/10\/Pflanztasche-Einzelne-Pflanztasche-Saetzlinge-ForstForstwritschaft-min.webp","width":500,"height":500,"caption":"Wetterfeste Pflanztasche mit Schultergurt, speziell f\u00fcr den Transport von Setzlingen bei Aufforstungsprojekten."},{"@type":"BreadcrumbList","@id":"https:\/\/www.fuegos.eu\/product\/pflanztaschen-fuer-setzlinge-wiederaufforstung-forstgurt-equipment\/#breadcrumb","itemListElement":[{"@type":"ListItem","position":1,"name":"Home","item":"https:\/\/www.fuegos.eu\/"},{"@type":"ListItem","position":2,"name":"Shop","item":"https:\/\/www.fuegos.eu\/forstguertel-taschen-online-kaufen\/"},{"@type":"ListItem","position":3,"name":"Pflanztaschen f\u00fcr Setzlinge &#038; Wiederaufforstung | Forstgurt Equipment und Wald-Wiederaufforstung und Bepflanzung"}]},{"@type":"WebSite","@id":"https:\/\/www.fuegos.eu\/#website","url":"https:\/\/www.fuegos.eu\/","name":"Fuegos","description":"Textile L\u00f6sungen nach Ma\u00df","publisher":{"@id":"https:\/\/www.fuegos.eu\/#organization"},"potentialAction":[{"@type":"SearchAction","target":{"@type":"EntryPoint","urlTemplate":"https:\/\/www.fuegos.eu\/?s={search_term_string}"},"query-input":{"@type":"PropertyValueSpecification","valueRequired":true,"valueName":"search_term_string"}}],"inLanguage":"en-US"},{"@type":"Organization","@id":"https:\/\/www.fuegos.eu\/#organization","name":"Fuegos","url":"https:\/\/www.fuegos.eu\/","logo":{"@type":"ImageObject","inLanguage":"en-US","@id":"https:\/\/www.fuegos.eu\/#\/schema\/logo\/image\/","url":"https:\/\/fuegos.eu\/wp-content\/uploads\/2020\/05\/FuegosSignatur000.jpg","contentUrl":"https:\/\/fuegos.eu\/wp-content\/uploads\/2020\/05\/FuegosSignatur000.jpg","width":960,"height":408,"caption":"Fuegos"},"image":{"@id":"https:\/\/www.fuegos.eu\/#\/schema\/logo\/image\/"},"sameAs":["https:\/\/www.facebook.com\/FuegosForst\/","https:\/\/www.youtube.com\/channel\/UC0SFe93Vgi6YZV6tSCOLdkA"]}]}},"_links":{"self":[{"href":"https:\/\/www.fuegos.eu\/en\/wp-json\/wp\/v2\/product\/253294","targetHints":{"allow":["GET"]}}],"collection":[{"href":"https:\/\/www.fuegos.eu\/en\/wp-json\/wp\/v2\/product"}],"about":[{"href":"https:\/\/www.fuegos.eu\/en\/wp-json\/wp\/v2\/types\/product"}],"replies":[{"embeddable":true,"href":"https:\/\/www.fuegos.eu\/en\/wp-json\/wp\/v2\/comments?post=253294"}],"wp:featuredmedia":[{"embeddable":true,"href":"https:\/\/www.fuegos.eu\/en\/wp-json\/wp\/v2\/media\/254691"}],"wp:attachment":[{"href":"https:\/\/www.fuegos.eu\/en\/wp-json\/wp\/v2\/media?parent=253294"}],"wp:term":[{"taxonomy":"product_brand","embeddable":true,"href":"https:\/\/www.fuegos.eu\/en\/wp-json\/wp\/v2\/product_brand?post=253294"},{"taxonomy":"product_cat","embeddable":true,"href":"https:\/\/www.fuegos.eu\/en\/wp-json\/wp\/v2\/product_cat?post=253294"},{"taxonomy":"product_tag","embeddable":true,"href":"https:\/\/www.fuegos.eu\/en\/wp-json\/wp\/v2\/product_tag?post=253294"}],"curies":[{"name":"wp","href":"https:\/\/api.w.org\/{rel}","templated":true}]}}