{"id":253659,"date":"2024-02-26T23:58:45","date_gmt":"2024-02-26T22:58:45","guid":{"rendered":"https:\/\/fuegos.eu\/?post_type=product&#038;p=253659"},"modified":"2026-01-08T22:29:40","modified_gmt":"2026-01-08T21:29:40","slug":"minimalisten-koppel-forstguertel-baukasten","status":"publish","type":"product","link":"https:\/\/www.fuegos.eu\/en\/product\/minimalisten-koppel-forstguertel-baukasten\/","title":{"rendered":"Minimalist paddock - forestry belt construction kit"},"content":{"rendered":"<p>[et_pb_section fb_built=&#8221;1&#8243; _builder_version=&#8221;4.16&#8243; custom_padding=&#8221;0px||||false|false&#8221; global_colors_info=&#8221;{}&#8221;][et_pb_row _builder_version=&#8221;4.16&#8243; background_size=&#8221;initial&#8221; background_position=&#8221;top_left&#8221; background_repeat=&#8221;repeat&#8221; width=&#8221;100%&#8221; custom_padding=&#8221;0px||0px||false|false&#8221; global_colors_info=&#8221;{}&#8221;][et_pb_column type=&#8221;4_4&#8243; _builder_version=&#8221;4.16&#8243; custom_padding=&#8221;|||&#8221; global_colors_info=&#8221;{}&#8221; custom_padding__hover=&#8221;|||&#8221;][et_pb_wc_breadcrumb _builder_version=&#8221;4.16&#8243; global_colors_info=&#8221;{}&#8221;][\/et_pb_wc_breadcrumb][et_pb_wc_cart_notice _builder_version=&#8221;4.16&#8243; global_colors_info=&#8221;{}&#8221;][\/et_pb_wc_cart_notice][\/et_pb_column][\/et_pb_row][et_pb_row column_structure=&#8221;1_2,1_2&#8243; _builder_version=&#8221;4.16&#8243; background_size=&#8221;initial&#8221; background_position=&#8221;top_left&#8221; background_repeat=&#8221;repeat&#8221; width=&#8221;100%&#8221; custom_padding=&#8221;0px||||false|false&#8221; global_colors_info=&#8221;{}&#8221;][et_pb_column type=&#8221;1_2&#8243; _builder_version=&#8221;4.16&#8243; custom_padding=&#8221;|||&#8221; global_colors_info=&#8221;{}&#8221; custom_padding__hover=&#8221;|||&#8221;][et_pb_wc_images _builder_version=&#8221;4.16&#8243; global_colors_info=&#8221;{}&#8221;][\/et_pb_wc_images][\/et_pb_column][et_pb_column type=&#8221;1_2&#8243; _builder_version=&#8221;4.16&#8243; custom_padding=&#8221;|||&#8221; global_colors_info=&#8221;{}&#8221; custom_padding__hover=&#8221;|||&#8221;][et_pb_wc_title _builder_version=&#8221;4.16&#8243; global_colors_info=&#8221;{}&#8221;][\/et_pb_wc_title][et_pb_wc_rating _builder_version=&#8221;4.16&#8243; global_colors_info=&#8221;{}&#8221;][\/et_pb_wc_rating][et_pb_wc_price _builder_version=&#8221;4.16&#8243; global_colors_info=&#8221;{}&#8221;][\/et_pb_wc_price][et_pb_wc_description _builder_version=&#8221;4.24.0&#8243; body_font_size=&#8221;24px&#8221; header_3_font_size=&#8221;41px&#8221; animation_style=&#8221;fold&#8221; global_colors_info=&#8221;{}&#8221;][\/et_pb_wc_description][et_pb_wc_add_to_cart _builder_version=&#8221;4.24.0&#8243; fields_font_size=&#8221;16px&#8221; dropdown_menus_font_size=&#8221;17px&#8221; custom_padding=&#8221;6px|||||&#8221; animation_style=&#8221;fold&#8221; global_colors_info=&#8221;{}&#8221;][\/et_pb_wc_add_to_cart][et_pb_wc_meta _builder_version=&#8221;4.16&#8243; global_colors_info=&#8221;{}&#8221;][\/et_pb_wc_meta][\/et_pb_column][\/et_pb_row][et_pb_row _builder_version=&#8221;4.16&#8243; background_size=&#8221;initial&#8221; background_position=&#8221;top_left&#8221; background_repeat=&#8221;repeat&#8221; width=&#8221;100%&#8221; global_colors_info=&#8221;{}&#8221;][et_pb_column type=&#8221;4_4&#8243; _builder_version=&#8221;4.16&#8243; custom_padding=&#8221;|||&#8221; global_colors_info=&#8221;{}&#8221; custom_padding__hover=&#8221;|||&#8221;][et_pb_wc_tabs _builder_version=&#8221;4.16&#8243; global_colors_info=&#8221;{}&#8221;]\t\t\t\t\t[\/et_pb_wc_tabs][et_pb_wc_upsells _builder_version=&#8221;4.16&#8243; global_colors_info=&#8221;{}&#8221;][\/et_pb_wc_upsells][et_pb_wc_related_products _builder_version=&#8221;4.16&#8243; global_colors_info=&#8221;{}&#8221;][\/et_pb_wc_related_products][\/et_pb_column][\/et_pb_row][\/et_pb_section]<\/p>\n","protected":false},"excerpt":{"rendered":"","protected":false},"featured_media":253675,"comment_status":"open","ping_status":"closed","template":"","meta":{"_et_pb_use_builder":"on","_et_pb_old_content":"<h2 data-start=\"293\" data-end=\"339\">Minimalisten Koppel \u2013 Forstg\u00fcrtel Baukasten<\/h2>\r\n<p data-start=\"341\" data-end=\"604\">Die <strong data-start=\"345\" data-end=\"368\">Minimalisten Koppel<\/strong> ist eine reduzierte <strong data-start=\"389\" data-end=\"405\">Forst Koppel<\/strong> f\u00fcr alle, die bewusst leicht, funktional und flexibel arbeiten m\u00f6chten. Als Teil des <strong data-start=\"491\" data-end=\"517\">Forstg\u00fcrtel Baukastens<\/strong> bildet sie die Basis f\u00fcr eine individuelle Zusammenstellung der ben\u00f6tigten Ausr\u00fcstung.<\/p>\r\n<p data-start=\"606\" data-end=\"847\">Im Gegensatz zu umfangreichen Komplettsystemen konzentriert sich diese Forst Koppel auf das Wesentliche. Der Fokus liegt auf geringem Gewicht, hoher Bewegungsfreiheit und der M\u00f6glichkeit, nur die tats\u00e4chlich ben\u00f6tigten Komponenten zu tragen.<\/p>\r\n<p data-start=\"606\" data-end=\"847\"><\/p>\r\n\r\n<h3 data-start=\"854\" data-end=\"895\">Forst Koppel f\u00fcr den modularen Aufbau<\/h3>\r\n<p data-start=\"897\" data-end=\"1199\">Die <strong data-start=\"901\" data-end=\"924\">Minimalisten Koppel<\/strong> ist vollst\u00e4ndig in den <strong data-start=\"948\" data-end=\"973\">Forstg\u00fcrtel Baukasten<\/strong> integriert. Alle vorgesehenen Module, Taschen und Halterungen k\u00f6nnen direkt an der Forst Koppel befestigt, gewechselt oder erg\u00e4nzt werden. So l\u00e4sst sich die Ausr\u00fcstung jederzeit an neue Aufgaben oder Einsatzbereiche anpassen.<\/p>\r\n<p data-start=\"1201\" data-end=\"1348\">Die Forst Koppel eignet sich damit sowohl f\u00fcr Einsteiger als auch f\u00fcr erfahrene Forstwirte, die eine schlanke und \u00fcbersichtliche L\u00f6sung bevorzugen.<\/p>\r\n<p data-start=\"1201\" data-end=\"1348\"><\/p>\r\n\r\n<h4><strong>Der Baukasten \u2013 Gestalten Sie Ihren G\u00fcrtel individuell<\/strong><\/h4>\r\nMit seiner modularen Bauweise ist der\u00a0<strong><a href=\"https:\/\/fuegos.eu\/product\/profi-forstguertel-die-alternative-zum-lederwerkzeugguertel\/\">Profi-Forstg\u00fcrtel<\/a> \u2013 Baukasten<\/strong>\u00a0die ideale Basis f\u00fcr ein vielseitiges Tragesystem. Dank \u00fcber 30 verschiedener Module k\u00f6nnen Sie den G\u00fcrtel an Ihre individuellen Anforderungen anpassen. Zu den beliebtesten Modulen geh\u00f6ren:\r\n<ul>\r\n \t<li>\r\n<ul>\r\n \t<li><strong><a href=\"https:\/\/fuegos.eu\/product\/massbandhalterung-fuer-forstguertel-mit-magnet\/\">Ma\u00dfbandhalterung<\/a>:<\/strong>\u00a0Perfekt verstellbar f\u00fcr Ma\u00dfb\u00e4nder verschiedener Gr\u00f6\u00dfen.<\/li>\r\n \t<li><strong><a href=\"https:\/\/fuegos.eu\/product\/messkluppenhalterung_neigungswinkel-verstellbar\/\">Kluppenhalterung<\/a>:<\/strong>\u00a0H\u00e4lt Ihre Kluppe sicher und sauber, ohne dass Harz oder Schmutz sie beeintr\u00e4chtigen.<\/li>\r\n \t<li><strong><a href=\"https:\/\/fuegos.eu\/product\/doppel-keiltasche-gross-forstgurtkoppel\/\">Keiltaschen-Halterung<\/a>:<\/strong> Passend f\u00fcr F\u00e4llkeile unterschiedlicher Marken wie Stihl, Husqvarna, Kox und NordForest, Forstkoppel,\u00a0Ochsenkopf<\/li>\r\n \t<li><a href=\"https:\/\/fuegos.eu\/product\/erste-hilfe-set-fuer-waldarbeiter\/\"><strong>Erste-Hilfe-Set:<\/strong><\/a>\u00a0Wasserabweisend und robust \u2013 ideal f\u00fcr den Einsatz in rauen Umgebungen.<\/li>\r\n \t<li><strong><a href=\"https:\/\/fuegos.eu\/product\/motorsaegenwerkzeug-holster-kombiwerkzeuge-feilen\/\">Motors\u00e4genwerkzeughalterung<\/a>:<\/strong>\u00a0Mit Anti-Rausfallsicherung, um Ihre Werkzeuge sicher zu verstauen.<\/li>\r\n \t<li><strong><a href=\"https:\/\/fuegos.eu\/product\/pflanztaschen-30-40-50cm\/\">Pflanztaschen<\/a>:<\/strong>\u00a0Perfekt f\u00fcr den Transport von Setzlingen und Zubeh\u00f6r.<\/li>\r\n<\/ul>\r\nDie\u00a0<strong><a href=\"https:\/\/fuegos.eu\/product\/schultertragesystem-forstguertel-werkzeugguertel\/\">Schulter-Tragesysteme<\/a> von Fuegos<\/strong>\u00a0erg\u00e4nzen den G\u00fcrtel optimal, indem sie das Gewicht gleichm\u00e4\u00dfig auf Schultern und R\u00fccken verteilen. Diese Systeme sind mit allen Modulen kombinierbar und bieten ein ergonomisches Trageerlebnis \u2013 selbst bei voller Ausr\u00fcstung.<\/li>\r\n<\/ul>\r\nMit der Kombination aus\u00a0<strong>ergonomischen Schulter-Tragesystemen<\/strong>\u00a0und diesem Baukastensystem schaffen Sie eine individuelle und effiziente L\u00f6sung f\u00fcr Ihre Forstarbeit.\r\n<h3 data-start=\"1355\" data-end=\"1409\">Reduzierte Forst Koppel f\u00fcr ergonomisches Arbeiten<\/h3>\r\n<p data-start=\"1411\" data-end=\"1658\">Als <strong data-start=\"1415\" data-end=\"1431\">Forst Koppel<\/strong> ist die Minimalisten Koppel so ausgelegt, dass sie die Last gleichm\u00e4\u00dfig auf den H\u00fcftbereich verteilt. Durch den schlanken Aufbau bleibt der G\u00fcrtel angenehm zu tragen und schr\u00e4nkt die Bewegungsfreiheit bei der Arbeit nicht ein.<\/p>\r\n<p data-start=\"1660\" data-end=\"1786\">Gerade bei T\u00e4tigkeiten mit geringerem Ausr\u00fcstungsbedarf bietet diese Forst Koppel eine ergonomische und unkomplizierte L\u00f6sung.<\/p>\r\n<p data-start=\"1660\" data-end=\"1786\"><\/p>\r\n\r\n<h3 data-start=\"1793\" data-end=\"1841\">Forst Koppel mit voller Systemkompatibilit\u00e4t<\/h3>\r\n<p data-start=\"1843\" data-end=\"2176\">Die <strong data-start=\"1847\" data-end=\"1870\">Minimalisten Koppel<\/strong> ist kompatibel mit allen Modulen und Tragesystemen von Fuegos sowie mit <strong data-start=\"1943\" data-end=\"1961\">Fremdprodukten<\/strong> wie <strong data-start=\"1966\" data-end=\"1973\">Kox<\/strong>, <strong data-start=\"1975\" data-end=\"1989\">NordForest<\/strong>, <strong data-start=\"1991\" data-end=\"2006\">Forstkoppel<\/strong>, <strong data-start=\"2008\" data-end=\"2022\">Ochsenkopf<\/strong> und weiteren modularen Forstsystemen. Dadurch lassen sich vorhandene Komponenten problemlos weiterverwenden und in den Forstg\u00fcrtel Baukasten integrieren.<\/p>\r\n<p data-start=\"1843\" data-end=\"2176\"><\/p>\r\n\r\n<h3 data-start=\"2183\" data-end=\"2239\">Fazit: Minimalisten Koppel als Forstg\u00fcrtel Baukasten<\/h3>\r\n<p data-start=\"2241\" data-end=\"2518\">Die <strong data-start=\"2245\" data-end=\"2268\">Minimalisten Koppel<\/strong> ist die passende <strong data-start=\"2286\" data-end=\"2302\">Forst Koppel<\/strong> f\u00fcr alle, die einen einfachen Einstieg in den Forstg\u00fcrtel Baukasten suchen oder bewusst auf unn\u00f6tige Ausstattung verzichten m\u00f6chten. Reduziert im Aufbau, flexibel erweiterbar und kompatibel mit bestehenden Systemen.<\/p>\r\n<p data-start=\"1843\" data-end=\"2176\"><\/p>","_et_gb_content_width":""},"product_brand":[],"product_cat":[133,25,192,191,176,35],"product_tag":[],"class_list":{"0":"post-253659","1":"product","2":"type-product","3":"status-publish","4":"has-post-thumbnail","6":"product_cat-baukasten","7":"product_cat-forst","8":"product_cat-forstgurt-koppel","9":"product_cat-forstguertel","10":"product_cat-forstguertel-taschen-im-blick","11":"product_cat-forstwirte","13":"first","14":"instock","15":"taxable","16":"shipping-taxable","17":"purchasable","18":"product-type-simple"},"yoast_head":"<!-- This site is optimized with the Yoast SEO plugin v27.3 - https:\/\/yoast.com\/product\/yoast-seo-wordpress\/ -->\n<title>Minimalisten Koppel - Forstg\u00fcrtel Baukasten &#8226; Fuegos<\/title>\n<meta name=\"description\" content=\"Minimalisten-Koppel Forstg\u00fcrtel-Flex-Baukasten. Forstg\u00fcrtel Koppel zum selber zusammenstellen. Made auf der Schw\u00e4bischen Alb by Fuegos\" \/>\n<meta name=\"robots\" content=\"index, follow, max-snippet:-1, max-image-preview:large, max-video-preview:-1\" \/>\n<link rel=\"canonical\" href=\"https:\/\/www.fuegos.eu\/en\/product\/minimalisten-koppel-forstguertel-baukasten\/\" \/>\n<meta property=\"og:locale\" content=\"en_US\" \/>\n<meta property=\"og:type\" content=\"article\" \/>\n<meta property=\"og:title\" content=\"Minimalisten Koppel - Forstg\u00fcrtel Baukasten &#8226; Fuegos\" \/>\n<meta property=\"og:description\" content=\"Minimalisten-Koppel Forstg\u00fcrtel-Flex-Baukasten. Forstg\u00fcrtel Koppel zum selber zusammenstellen. Made auf der Schw\u00e4bischen Alb by Fuegos\" \/>\n<meta property=\"og:url\" content=\"https:\/\/www.fuegos.eu\/en\/product\/minimalisten-koppel-forstguertel-baukasten\/\" \/>\n<meta property=\"og:site_name\" content=\"Fuegos\" \/>\n<meta property=\"article:publisher\" content=\"https:\/\/www.facebook.com\/FuegosForst\/\" \/>\n<meta property=\"article:modified_time\" content=\"2026-01-08T21:29:40+00:00\" \/>\n<meta property=\"og:image\" content=\"https:\/\/www.fuegos.eu\/wp-content\/uploads\/2024\/02\/Minimalisten-Koppel-Forstguertel_Mit_Modulen_720x720.jpg\" \/>\n\t<meta property=\"og:image:width\" content=\"720\" \/>\n\t<meta property=\"og:image:height\" content=\"720\" \/>\n\t<meta property=\"og:image:type\" content=\"image\/jpeg\" \/>\n<meta name=\"twitter:card\" content=\"summary_large_image\" \/>\n<meta name=\"twitter:label1\" content=\"Est. reading time\" \/>\n\t<meta name=\"twitter:data1\" content=\"2 minutes\" \/>\n<script type=\"application\/ld+json\" class=\"yoast-schema-graph\">{\"@context\":\"https:\\\/\\\/schema.org\",\"@graph\":[{\"@type\":\"WebPage\",\"@id\":\"https:\\\/\\\/www.fuegos.eu\\\/product\\\/minimalisten-koppel-forstguertel-baukasten\\\/\",\"url\":\"https:\\\/\\\/www.fuegos.eu\\\/product\\\/minimalisten-koppel-forstguertel-baukasten\\\/\",\"name\":\"Minimalisten Koppel - Forstg\u00fcrtel Baukasten &#8226; Fuegos\",\"isPartOf\":{\"@id\":\"https:\\\/\\\/www.fuegos.eu\\\/#website\"},\"primaryImageOfPage\":{\"@id\":\"https:\\\/\\\/www.fuegos.eu\\\/product\\\/minimalisten-koppel-forstguertel-baukasten\\\/#primaryimage\"},\"image\":{\"@id\":\"https:\\\/\\\/www.fuegos.eu\\\/product\\\/minimalisten-koppel-forstguertel-baukasten\\\/#primaryimage\"},\"thumbnailUrl\":\"https:\\\/\\\/www.fuegos.eu\\\/wp-content\\\/uploads\\\/2024\\\/02\\\/Minimalisten-Koppel-Forstguertel_Mit_Modulen_720x720.jpg\",\"datePublished\":\"2024-02-26T22:58:45+00:00\",\"dateModified\":\"2026-01-08T21:29:40+00:00\",\"description\":\"Minimalisten-Koppel Forstg\u00fcrtel-Flex-Baukasten. Forstg\u00fcrtel Koppel zum selber zusammenstellen. Made auf der Schw\u00e4bischen Alb by Fuegos\",\"breadcrumb\":{\"@id\":\"https:\\\/\\\/www.fuegos.eu\\\/product\\\/minimalisten-koppel-forstguertel-baukasten\\\/#breadcrumb\"},\"inLanguage\":\"en-US\",\"potentialAction\":[{\"@type\":\"ReadAction\",\"target\":[\"https:\\\/\\\/www.fuegos.eu\\\/product\\\/minimalisten-koppel-forstguertel-baukasten\\\/\"]}]},{\"@type\":\"ImageObject\",\"inLanguage\":\"en-US\",\"@id\":\"https:\\\/\\\/www.fuegos.eu\\\/product\\\/minimalisten-koppel-forstguertel-baukasten\\\/#primaryimage\",\"url\":\"https:\\\/\\\/www.fuegos.eu\\\/wp-content\\\/uploads\\\/2024\\\/02\\\/Minimalisten-Koppel-Forstguertel_Mit_Modulen_720x720.jpg\",\"contentUrl\":\"https:\\\/\\\/www.fuegos.eu\\\/wp-content\\\/uploads\\\/2024\\\/02\\\/Minimalisten-Koppel-Forstguertel_Mit_Modulen_720x720.jpg\",\"width\":720,\"height\":720,\"caption\":\"Minimalisten-Koppel-Forstg\u00fcrtel_Mit_Modulen\"},{\"@type\":\"BreadcrumbList\",\"@id\":\"https:\\\/\\\/www.fuegos.eu\\\/product\\\/minimalisten-koppel-forstguertel-baukasten\\\/#breadcrumb\",\"itemListElement\":[{\"@type\":\"ListItem\",\"position\":1,\"name\":\"Home\",\"item\":\"https:\\\/\\\/www.fuegos.eu\\\/\"},{\"@type\":\"ListItem\",\"position\":2,\"name\":\"Shop\",\"item\":\"https:\\\/\\\/www.fuegos.eu\\\/forstguertel-taschen-online-kaufen\\\/\"},{\"@type\":\"ListItem\",\"position\":3,\"name\":\"Minimalisten Koppel &#8211; Forstg\u00fcrtel Baukasten\"}]},{\"@type\":\"WebSite\",\"@id\":\"https:\\\/\\\/www.fuegos.eu\\\/#website\",\"url\":\"https:\\\/\\\/www.fuegos.eu\\\/\",\"name\":\"Fuegos\",\"description\":\"Textile L\u00f6sungen nach Ma\u00df\",\"publisher\":{\"@id\":\"https:\\\/\\\/www.fuegos.eu\\\/#organization\"},\"potentialAction\":[{\"@type\":\"SearchAction\",\"target\":{\"@type\":\"EntryPoint\",\"urlTemplate\":\"https:\\\/\\\/www.fuegos.eu\\\/?s={search_term_string}\"},\"query-input\":{\"@type\":\"PropertyValueSpecification\",\"valueRequired\":true,\"valueName\":\"search_term_string\"}}],\"inLanguage\":\"en-US\"},{\"@type\":\"Organization\",\"@id\":\"https:\\\/\\\/www.fuegos.eu\\\/#organization\",\"name\":\"Fuegos\",\"url\":\"https:\\\/\\\/www.fuegos.eu\\\/\",\"logo\":{\"@type\":\"ImageObject\",\"inLanguage\":\"en-US\",\"@id\":\"https:\\\/\\\/www.fuegos.eu\\\/#\\\/schema\\\/logo\\\/image\\\/\",\"url\":\"https:\\\/\\\/fuegos.eu\\\/wp-content\\\/uploads\\\/2020\\\/05\\\/FuegosSignatur000.jpg\",\"contentUrl\":\"https:\\\/\\\/fuegos.eu\\\/wp-content\\\/uploads\\\/2020\\\/05\\\/FuegosSignatur000.jpg\",\"width\":960,\"height\":408,\"caption\":\"Fuegos\"},\"image\":{\"@id\":\"https:\\\/\\\/www.fuegos.eu\\\/#\\\/schema\\\/logo\\\/image\\\/\"},\"sameAs\":[\"https:\\\/\\\/www.facebook.com\\\/FuegosForst\\\/\",\"https:\\\/\\\/www.youtube.com\\\/channel\\\/UC0SFe93Vgi6YZV6tSCOLdkA\"]}]}<\/script>\n<!-- \/ Yoast SEO plugin. -->","yoast_head_json":{"title":"Minimalisten Koppel - Forstg\u00fcrtel Baukasten &#8226; Fuegos","description":"Minimalisten-Koppel Forstg\u00fcrtel-Flex-Baukasten. Forstg\u00fcrtel Koppel zum selber zusammenstellen. Made auf der Schw\u00e4bischen Alb by Fuegos","robots":{"index":"index","follow":"follow","max-snippet":"max-snippet:-1","max-image-preview":"max-image-preview:large","max-video-preview":"max-video-preview:-1"},"canonical":"https:\/\/www.fuegos.eu\/en\/product\/minimalisten-koppel-forstguertel-baukasten\/","og_locale":"en_US","og_type":"article","og_title":"Minimalisten Koppel - Forstg\u00fcrtel Baukasten &#8226; Fuegos","og_description":"Minimalisten-Koppel Forstg\u00fcrtel-Flex-Baukasten. Forstg\u00fcrtel Koppel zum selber zusammenstellen. Made auf der Schw\u00e4bischen Alb by Fuegos","og_url":"https:\/\/www.fuegos.eu\/en\/product\/minimalisten-koppel-forstguertel-baukasten\/","og_site_name":"Fuegos","article_publisher":"https:\/\/www.facebook.com\/FuegosForst\/","article_modified_time":"2026-01-08T21:29:40+00:00","og_image":[{"width":720,"height":720,"url":"https:\/\/www.fuegos.eu\/wp-content\/uploads\/2024\/02\/Minimalisten-Koppel-Forstguertel_Mit_Modulen_720x720.jpg","type":"image\/jpeg"}],"twitter_card":"summary_large_image","twitter_misc":{"Est. reading time":"2 minutes"},"schema":{"@context":"https:\/\/schema.org","@graph":[{"@type":"WebPage","@id":"https:\/\/www.fuegos.eu\/product\/minimalisten-koppel-forstguertel-baukasten\/","url":"https:\/\/www.fuegos.eu\/product\/minimalisten-koppel-forstguertel-baukasten\/","name":"Minimalisten Koppel - Forstg\u00fcrtel Baukasten &#8226; Fuegos","isPartOf":{"@id":"https:\/\/www.fuegos.eu\/#website"},"primaryImageOfPage":{"@id":"https:\/\/www.fuegos.eu\/product\/minimalisten-koppel-forstguertel-baukasten\/#primaryimage"},"image":{"@id":"https:\/\/www.fuegos.eu\/product\/minimalisten-koppel-forstguertel-baukasten\/#primaryimage"},"thumbnailUrl":"https:\/\/www.fuegos.eu\/wp-content\/uploads\/2024\/02\/Minimalisten-Koppel-Forstguertel_Mit_Modulen_720x720.jpg","datePublished":"2024-02-26T22:58:45+00:00","dateModified":"2026-01-08T21:29:40+00:00","description":"Minimalisten-Koppel Forstg\u00fcrtel-Flex-Baukasten. Forstg\u00fcrtel Koppel zum selber zusammenstellen. Made auf der Schw\u00e4bischen Alb by Fuegos","breadcrumb":{"@id":"https:\/\/www.fuegos.eu\/product\/minimalisten-koppel-forstguertel-baukasten\/#breadcrumb"},"inLanguage":"en-US","potentialAction":[{"@type":"ReadAction","target":["https:\/\/www.fuegos.eu\/product\/minimalisten-koppel-forstguertel-baukasten\/"]}]},{"@type":"ImageObject","inLanguage":"en-US","@id":"https:\/\/www.fuegos.eu\/product\/minimalisten-koppel-forstguertel-baukasten\/#primaryimage","url":"https:\/\/www.fuegos.eu\/wp-content\/uploads\/2024\/02\/Minimalisten-Koppel-Forstguertel_Mit_Modulen_720x720.jpg","contentUrl":"https:\/\/www.fuegos.eu\/wp-content\/uploads\/2024\/02\/Minimalisten-Koppel-Forstguertel_Mit_Modulen_720x720.jpg","width":720,"height":720,"caption":"Minimalisten-Koppel-Forstg\u00fcrtel_Mit_Modulen"},{"@type":"BreadcrumbList","@id":"https:\/\/www.fuegos.eu\/product\/minimalisten-koppel-forstguertel-baukasten\/#breadcrumb","itemListElement":[{"@type":"ListItem","position":1,"name":"Home","item":"https:\/\/www.fuegos.eu\/"},{"@type":"ListItem","position":2,"name":"Shop","item":"https:\/\/www.fuegos.eu\/forstguertel-taschen-online-kaufen\/"},{"@type":"ListItem","position":3,"name":"Minimalisten Koppel &#8211; Forstg\u00fcrtel Baukasten"}]},{"@type":"WebSite","@id":"https:\/\/www.fuegos.eu\/#website","url":"https:\/\/www.fuegos.eu\/","name":"Fuegos","description":"Textile L\u00f6sungen nach Ma\u00df","publisher":{"@id":"https:\/\/www.fuegos.eu\/#organization"},"potentialAction":[{"@type":"SearchAction","target":{"@type":"EntryPoint","urlTemplate":"https:\/\/www.fuegos.eu\/?s={search_term_string}"},"query-input":{"@type":"PropertyValueSpecification","valueRequired":true,"valueName":"search_term_string"}}],"inLanguage":"en-US"},{"@type":"Organization","@id":"https:\/\/www.fuegos.eu\/#organization","name":"Fuegos","url":"https:\/\/www.fuegos.eu\/","logo":{"@type":"ImageObject","inLanguage":"en-US","@id":"https:\/\/www.fuegos.eu\/#\/schema\/logo\/image\/","url":"https:\/\/fuegos.eu\/wp-content\/uploads\/2020\/05\/FuegosSignatur000.jpg","contentUrl":"https:\/\/fuegos.eu\/wp-content\/uploads\/2020\/05\/FuegosSignatur000.jpg","width":960,"height":408,"caption":"Fuegos"},"image":{"@id":"https:\/\/www.fuegos.eu\/#\/schema\/logo\/image\/"},"sameAs":["https:\/\/www.facebook.com\/FuegosForst\/","https:\/\/www.youtube.com\/channel\/UC0SFe93Vgi6YZV6tSCOLdkA"]}]}},"_links":{"self":[{"href":"https:\/\/www.fuegos.eu\/en\/wp-json\/wp\/v2\/product\/253659","targetHints":{"allow":["GET"]}}],"collection":[{"href":"https:\/\/www.fuegos.eu\/en\/wp-json\/wp\/v2\/product"}],"about":[{"href":"https:\/\/www.fuegos.eu\/en\/wp-json\/wp\/v2\/types\/product"}],"replies":[{"embeddable":true,"href":"https:\/\/www.fuegos.eu\/en\/wp-json\/wp\/v2\/comments?post=253659"}],"wp:featuredmedia":[{"embeddable":true,"href":"https:\/\/www.fuegos.eu\/en\/wp-json\/wp\/v2\/media\/253675"}],"wp:attachment":[{"href":"https:\/\/www.fuegos.eu\/en\/wp-json\/wp\/v2\/media?parent=253659"}],"wp:term":[{"taxonomy":"product_brand","embeddable":true,"href":"https:\/\/www.fuegos.eu\/en\/wp-json\/wp\/v2\/product_brand?post=253659"},{"taxonomy":"product_cat","embeddable":true,"href":"https:\/\/www.fuegos.eu\/en\/wp-json\/wp\/v2\/product_cat?post=253659"},{"taxonomy":"product_tag","embeddable":true,"href":"https:\/\/www.fuegos.eu\/en\/wp-json\/wp\/v2\/product_tag?post=253659"}],"curies":[{"name":"wp","href":"https:\/\/api.w.org\/{rel}","templated":true}]}}