{"id":254264,"date":"2024-06-28T00:02:50","date_gmt":"2024-06-27T22:02:50","guid":{"rendered":"https:\/\/fuegos.eu\/?post_type=product&#038;p=254264"},"modified":"2024-12-19T17:40:08","modified_gmt":"2024-12-19T16:40:08","slug":"trinkflaschen-tasche-schultersysteme-zubehoer","status":"publish","type":"product","link":"https:\/\/www.fuegos.eu\/en\/product\/trinkflaschen-tasche-schultersysteme-zubehoer\/","title":{"rendered":"Drink bottle bag \u2013 Shoulder systems Accessories"},"content":{"rendered":"<div class=\"flex-1 overflow-hidden\">\n<div class=\"h-full\">\n<div class=\"react-scroll-to-bottom--css-xygmp-79elbk h-full\">\n<div class=\"react-scroll-to-bottom--css-xygmp-1n7m0yu\">\n<div class=\"flex flex-col text-sm\">\n<div class=\"w-full text-token-text-primary\" dir=\"auto\" data-testid=\"conversation-turn-21\" data-scroll-anchor=\"true\">\n<div class=\"py-2 juice:py-[18px] px-3 text-base md:px-4 m-auto md:px-5 lg:px-1 xl:px-5\">\n<div class=\"mx-auto flex flex-1 gap-3 text-base juice:gap-4 juice:md:gap-5 juice:lg:gap-6 md:max-w-3xl lg:max-w-[40rem] xl:max-w-[48rem]\">\n<div class=\"group\/conversation-turn relative flex w-full min-w-0 flex-col agent-turn\">\n<div class=\"flex-col gap-1 md:gap-3\">\n<div class=\"flex flex-grow flex-col max-w-full\">\n<div class=\"min-h-[20px] text-message flex flex-col items-start whitespace-pre-wrap break-words [.text-message+&amp;]:mt-5 juice:w-full juice:items-end overflow-x-auto gap-2\" dir=\"auto\" data-message-author-role=\"assistant\" data-message-id=\"e311fc00-4c5a-47b8-b287-1388a3a78c8c\">\n<div class=\"flex w-full flex-col gap-1 juice:empty:hidden juice:first:pt-[3px]\">\n<div class=\"markdown prose w-full break-words dark:prose-invert light\">\n<h2><strong>Produktbeschreibung: Trinkflaschen Tasche &#8211; Schultersysteme Zubeh\u00f6r von Fuegos<\/strong><\/h2>\n<p>Die Trinkflaschen Tasche &#8211; Schultersysteme Zubeh\u00f6r von Fuegos ist die ideale Erg\u00e4nzung f\u00fcr deinen Forstgurt. Diese hochwertige Trinkflaschen Tasche wurde speziell f\u00fcr Schultersysteme entwickelt und l\u00e4sst sich einfach und sicher am Schultertragesystem befestigen.<\/p>\n<h3><strong>Produktqualit\u00e4t und Herstellung<\/strong><\/h3>\n<p>Unsere Trinkflaschen Tasche &#8211; Schultersysteme Zubeh\u00f6r wird in Deutschland gefertigt, was h\u00f6chste Qualit\u00e4tsstandards und Langlebigkeit garantiert. Mit einer robusten Verarbeitung und strapazierf\u00e4higen Materialien ist diese Tasche bestens f\u00fcr die harten Bedingungen der Forstarbeit geeignet. Wir sind von der Qualit\u00e4t unseres Produkts \u00fcberzeugt und bieten daher eine 4-j\u00e4hrige Garantie.<\/p>\n<h3><strong>Entwickelt in Zusammenarbeit mit Experten<\/strong><\/h3>\n<p>Das Konzept der Trinkflaschen Tasche wurde\u00a0 in Zusammenarbeit mit dem<a href=\"https:\/\/www.forstzentrum.de\/index.php\/de\/profil\"> Zentrum Wald Forst Holz Weihenstephan<\/a> entwickelt, um den Anforderungen de<a href=\"https:\/\/www.svlfg.de\/\">r Sozialversicherung f\u00fcr Landwirtschaft, Forsten und Gartenbau (SVLFG)<\/a> zu entsprechen. Diese enge Zusammenarbeit stellt sicher, dass unser Produkt den h\u00f6chsten ergonomischen und funktionalen Anspr\u00fcchen gerecht wird. Die Tasche ist Teil unseres KWF nominiertem <a href=\"https:\/\/fuegos.eu\/product\/armadillo-s4-schultertragesystem\/\">Schultertragesystems Armadillo S4+<\/a>.<\/p>\n<h3><strong>Vorteile der Trinkflaschen Tasche:<\/strong><\/h3>\n<ul>\n<li><strong>Einfache Befestigung<\/strong>: Die Tasche l\u00e4sst sich problemlos und sicher am Schultersystem ankoppeln.<\/li>\n<li><strong>Robust und langlebig<\/strong>: Hergestellt aus strapazierf\u00e4higen Materialien, die den Anforderungen im Forstbereich standhalten.<\/li>\n<li><strong>Hergestellt in Deutschland<\/strong>: H\u00f6chste Qualit\u00e4t und Pr\u00e4zision in der Verarbeitung.<\/li>\n<li><strong>4 Jahre Garantie<\/strong>: Langfristige Sicherheit und Zuverl\u00e4ssigkeit.<\/li>\n<\/ul>\n<h3><strong>Perfekte Erg\u00e4nzungen:<\/strong><\/h3>\n<ul>\n<li><a href=\"https:\/\/fuegos.eu\/product\/armadillo-s4-schultertragesystem\/\"><strong>Armadillo Schultertragesystem<\/strong><\/a>: F\u00fcr maximalen Komfort und Effizienz bei der Arbeit im Wald.<\/li>\n<li><a href=\"https:\/\/fuegos.eu\/product\/trinkschlauchaufsatz-forstgurt-zubehoer\/\"><strong>Trinkschlauchaufsatz &#8211; Forstgurt Zubeh\u00f6r<\/strong>:<\/a> Bleibe w\u00e4hrend der Forstarbeit immer hydriert.<\/li>\n<\/ul>\n<p>R\u00fcste dich mit der Fuegos Trinkflaschen Tasche aus und erlebe eine neue Dimension der Forstarbeit.<\/p>\n<\/div>\n<\/div>\n<\/div>\n<\/div>\n<div class=\"mt-1 flex gap-3 empty:hidden juice:-ml-3\">\n<div class=\"items-center justify-start rounded-xl p-1 flex\">\n<div class=\"flex items-center\"><\/div>\n<\/div>\n<\/div>\n<\/div>\n<\/div>\n<\/div>\n<\/div>\n<\/div>\n<\/div>\n<\/div>\n<\/div>\n<\/div>\n<\/div>\n","protected":false},"excerpt":{"rendered":"<p>Produktbeschreibung: Trinkflaschen Tasche &#8211; Schultersysteme Zubeh\u00f6r von Fuegos Die Trinkflaschen Tasche &#8211; Schultersysteme Zubeh\u00f6r von Fuegos ist die ideale Erg\u00e4nzung f\u00fcr deinen Forstgurt. Diese hochwertige Trinkflaschen Tasche wurde speziell f\u00fcr Schultersysteme entwickelt und l\u00e4sst sich einfach und sicher am Schultertragesystem befestigen. Produktqualit\u00e4t und Herstellung Unsere Trinkflaschen Tasche &#8211; Schultersysteme Zubeh\u00f6r wird in Deutschland gefertigt, was [&hellip;]<\/p>\n","protected":false},"featured_media":254265,"comment_status":"open","ping_status":"closed","template":"","meta":{"_et_pb_use_builder":"","_et_pb_old_content":"","_et_gb_content_width":""},"product_brand":[],"product_cat":[25,31,200],"product_tag":[],"class_list":{"0":"post-254264","1":"product","2":"type-product","3":"status-publish","4":"has-post-thumbnail","6":"product_cat-forst","7":"product_cat-forst-taschen-zubehoer","8":"product_cat-forstguertel-equipment","10":"first","11":"instock","12":"taxable","13":"shipping-taxable","14":"purchasable","15":"product-type-simple"},"yoast_head":"<!-- This site is optimized with the Yoast SEO plugin v27.3 - https:\/\/yoast.com\/product\/yoast-seo-wordpress\/ -->\n<title>Trinkflaschen Tasche - Schultersysteme Zubeh\u00f6r &#8226; Fuegos<\/title>\n<meta name=\"description\" content=\"Trinkflaschen Tasche - Schultersysteme Zubeh\u00f6r. Passende Trinkflaschen Tasche f\u00fcr Forstg\u00fcrtel Schultersysteme. Einfach am Schultersystem ankoppelbar\" \/>\n<meta name=\"robots\" content=\"index, follow, max-snippet:-1, max-image-preview:large, max-video-preview:-1\" \/>\n<link rel=\"canonical\" href=\"https:\/\/www.fuegos.eu\/en\/product\/trinkflaschen-tasche-schultersysteme-zubehoer\/\" \/>\n<meta property=\"og:locale\" content=\"en_US\" \/>\n<meta property=\"og:type\" content=\"article\" \/>\n<meta property=\"og:title\" content=\"Trinkflaschen Tasche - Schultersysteme Zubeh\u00f6r &#8226; Fuegos\" \/>\n<meta property=\"og:description\" content=\"Trinkflaschen Tasche - Schultersysteme Zubeh\u00f6r. Passende Trinkflaschen Tasche f\u00fcr Forstg\u00fcrtel Schultersysteme. Einfach am Schultersystem ankoppelbar\" \/>\n<meta property=\"og:url\" content=\"https:\/\/www.fuegos.eu\/en\/product\/trinkflaschen-tasche-schultersysteme-zubehoer\/\" \/>\n<meta property=\"og:site_name\" content=\"Fuegos\" \/>\n<meta property=\"article:publisher\" content=\"https:\/\/www.facebook.com\/FuegosForst\/\" \/>\n<meta property=\"article:modified_time\" content=\"2024-12-19T16:40:08+00:00\" \/>\n<meta property=\"og:image\" content=\"https:\/\/www.fuegos.eu\/wp-content\/uploads\/2024\/06\/Forstgurt_Trinkflaschenhatlerung_500x500.jpg\" \/>\n\t<meta property=\"og:image:width\" content=\"500\" \/>\n\t<meta property=\"og:image:height\" content=\"500\" \/>\n\t<meta property=\"og:image:type\" content=\"image\/jpeg\" \/>\n<meta name=\"twitter:card\" content=\"summary_large_image\" \/>\n<meta name=\"twitter:label1\" content=\"Est. reading time\" \/>\n\t<meta name=\"twitter:data1\" content=\"1 minute\" \/>\n<script type=\"application\/ld+json\" class=\"yoast-schema-graph\">{\"@context\":\"https:\\\/\\\/schema.org\",\"@graph\":[{\"@type\":\"WebPage\",\"@id\":\"https:\\\/\\\/www.fuegos.eu\\\/product\\\/trinkflaschen-tasche-schultersysteme-zubehoer\\\/\",\"url\":\"https:\\\/\\\/www.fuegos.eu\\\/product\\\/trinkflaschen-tasche-schultersysteme-zubehoer\\\/\",\"name\":\"Trinkflaschen Tasche - Schultersysteme Zubeh\u00f6r &#8226; Fuegos\",\"isPartOf\":{\"@id\":\"https:\\\/\\\/www.fuegos.eu\\\/#website\"},\"primaryImageOfPage\":{\"@id\":\"https:\\\/\\\/www.fuegos.eu\\\/product\\\/trinkflaschen-tasche-schultersysteme-zubehoer\\\/#primaryimage\"},\"image\":{\"@id\":\"https:\\\/\\\/www.fuegos.eu\\\/product\\\/trinkflaschen-tasche-schultersysteme-zubehoer\\\/#primaryimage\"},\"thumbnailUrl\":\"https:\\\/\\\/www.fuegos.eu\\\/wp-content\\\/uploads\\\/2024\\\/06\\\/Forstgurt_Trinkflaschenhatlerung_500x500.jpg\",\"datePublished\":\"2024-06-27T22:02:50+00:00\",\"dateModified\":\"2024-12-19T16:40:08+00:00\",\"description\":\"Trinkflaschen Tasche - Schultersysteme Zubeh\u00f6r. Passende Trinkflaschen Tasche f\u00fcr Forstg\u00fcrtel Schultersysteme. Einfach am Schultersystem ankoppelbar\",\"breadcrumb\":{\"@id\":\"https:\\\/\\\/www.fuegos.eu\\\/product\\\/trinkflaschen-tasche-schultersysteme-zubehoer\\\/#breadcrumb\"},\"inLanguage\":\"en-US\",\"potentialAction\":[{\"@type\":\"ReadAction\",\"target\":[\"https:\\\/\\\/www.fuegos.eu\\\/product\\\/trinkflaschen-tasche-schultersysteme-zubehoer\\\/\"]}]},{\"@type\":\"ImageObject\",\"inLanguage\":\"en-US\",\"@id\":\"https:\\\/\\\/www.fuegos.eu\\\/product\\\/trinkflaschen-tasche-schultersysteme-zubehoer\\\/#primaryimage\",\"url\":\"https:\\\/\\\/www.fuegos.eu\\\/wp-content\\\/uploads\\\/2024\\\/06\\\/Forstgurt_Trinkflaschenhatlerung_500x500.jpg\",\"contentUrl\":\"https:\\\/\\\/www.fuegos.eu\\\/wp-content\\\/uploads\\\/2024\\\/06\\\/Forstgurt_Trinkflaschenhatlerung_500x500.jpg\",\"width\":500,\"height\":500,\"caption\":\"Forstgurt Trinkflaschenhatlerung Tasche f\u00fcr Schultersysteme\"},{\"@type\":\"BreadcrumbList\",\"@id\":\"https:\\\/\\\/www.fuegos.eu\\\/product\\\/trinkflaschen-tasche-schultersysteme-zubehoer\\\/#breadcrumb\",\"itemListElement\":[{\"@type\":\"ListItem\",\"position\":1,\"name\":\"Home\",\"item\":\"https:\\\/\\\/www.fuegos.eu\\\/\"},{\"@type\":\"ListItem\",\"position\":2,\"name\":\"Shop\",\"item\":\"https:\\\/\\\/www.fuegos.eu\\\/forstguertel-taschen-online-kaufen\\\/\"},{\"@type\":\"ListItem\",\"position\":3,\"name\":\"Trinkflaschen Tasche &#8211; Schultersysteme Zubeh\u00f6r\"}]},{\"@type\":\"WebSite\",\"@id\":\"https:\\\/\\\/www.fuegos.eu\\\/#website\",\"url\":\"https:\\\/\\\/www.fuegos.eu\\\/\",\"name\":\"Fuegos\",\"description\":\"Textile L\u00f6sungen nach Ma\u00df\",\"publisher\":{\"@id\":\"https:\\\/\\\/www.fuegos.eu\\\/#organization\"},\"potentialAction\":[{\"@type\":\"SearchAction\",\"target\":{\"@type\":\"EntryPoint\",\"urlTemplate\":\"https:\\\/\\\/www.fuegos.eu\\\/?s={search_term_string}\"},\"query-input\":{\"@type\":\"PropertyValueSpecification\",\"valueRequired\":true,\"valueName\":\"search_term_string\"}}],\"inLanguage\":\"en-US\"},{\"@type\":\"Organization\",\"@id\":\"https:\\\/\\\/www.fuegos.eu\\\/#organization\",\"name\":\"Fuegos\",\"url\":\"https:\\\/\\\/www.fuegos.eu\\\/\",\"logo\":{\"@type\":\"ImageObject\",\"inLanguage\":\"en-US\",\"@id\":\"https:\\\/\\\/www.fuegos.eu\\\/#\\\/schema\\\/logo\\\/image\\\/\",\"url\":\"https:\\\/\\\/fuegos.eu\\\/wp-content\\\/uploads\\\/2020\\\/05\\\/FuegosSignatur000.jpg\",\"contentUrl\":\"https:\\\/\\\/fuegos.eu\\\/wp-content\\\/uploads\\\/2020\\\/05\\\/FuegosSignatur000.jpg\",\"width\":960,\"height\":408,\"caption\":\"Fuegos\"},\"image\":{\"@id\":\"https:\\\/\\\/www.fuegos.eu\\\/#\\\/schema\\\/logo\\\/image\\\/\"},\"sameAs\":[\"https:\\\/\\\/www.facebook.com\\\/FuegosForst\\\/\",\"https:\\\/\\\/www.youtube.com\\\/channel\\\/UC0SFe93Vgi6YZV6tSCOLdkA\"]}]}<\/script>\n<!-- \/ Yoast SEO plugin. -->","yoast_head_json":{"title":"Trinkflaschen Tasche - Schultersysteme Zubeh\u00f6r &#8226; Fuegos","description":"Trinkflaschen Tasche - Schultersysteme Zubeh\u00f6r. Passende Trinkflaschen Tasche f\u00fcr Forstg\u00fcrtel Schultersysteme. Einfach am Schultersystem ankoppelbar","robots":{"index":"index","follow":"follow","max-snippet":"max-snippet:-1","max-image-preview":"max-image-preview:large","max-video-preview":"max-video-preview:-1"},"canonical":"https:\/\/www.fuegos.eu\/en\/product\/trinkflaschen-tasche-schultersysteme-zubehoer\/","og_locale":"en_US","og_type":"article","og_title":"Trinkflaschen Tasche - Schultersysteme Zubeh\u00f6r &#8226; Fuegos","og_description":"Trinkflaschen Tasche - Schultersysteme Zubeh\u00f6r. Passende Trinkflaschen Tasche f\u00fcr Forstg\u00fcrtel Schultersysteme. Einfach am Schultersystem ankoppelbar","og_url":"https:\/\/www.fuegos.eu\/en\/product\/trinkflaschen-tasche-schultersysteme-zubehoer\/","og_site_name":"Fuegos","article_publisher":"https:\/\/www.facebook.com\/FuegosForst\/","article_modified_time":"2024-12-19T16:40:08+00:00","og_image":[{"width":500,"height":500,"url":"https:\/\/www.fuegos.eu\/wp-content\/uploads\/2024\/06\/Forstgurt_Trinkflaschenhatlerung_500x500.jpg","type":"image\/jpeg"}],"twitter_card":"summary_large_image","twitter_misc":{"Est. reading time":"1 minute"},"schema":{"@context":"https:\/\/schema.org","@graph":[{"@type":"WebPage","@id":"https:\/\/www.fuegos.eu\/product\/trinkflaschen-tasche-schultersysteme-zubehoer\/","url":"https:\/\/www.fuegos.eu\/product\/trinkflaschen-tasche-schultersysteme-zubehoer\/","name":"Trinkflaschen Tasche - Schultersysteme Zubeh\u00f6r &#8226; Fuegos","isPartOf":{"@id":"https:\/\/www.fuegos.eu\/#website"},"primaryImageOfPage":{"@id":"https:\/\/www.fuegos.eu\/product\/trinkflaschen-tasche-schultersysteme-zubehoer\/#primaryimage"},"image":{"@id":"https:\/\/www.fuegos.eu\/product\/trinkflaschen-tasche-schultersysteme-zubehoer\/#primaryimage"},"thumbnailUrl":"https:\/\/www.fuegos.eu\/wp-content\/uploads\/2024\/06\/Forstgurt_Trinkflaschenhatlerung_500x500.jpg","datePublished":"2024-06-27T22:02:50+00:00","dateModified":"2024-12-19T16:40:08+00:00","description":"Trinkflaschen Tasche - Schultersysteme Zubeh\u00f6r. Passende Trinkflaschen Tasche f\u00fcr Forstg\u00fcrtel Schultersysteme. Einfach am Schultersystem ankoppelbar","breadcrumb":{"@id":"https:\/\/www.fuegos.eu\/product\/trinkflaschen-tasche-schultersysteme-zubehoer\/#breadcrumb"},"inLanguage":"en-US","potentialAction":[{"@type":"ReadAction","target":["https:\/\/www.fuegos.eu\/product\/trinkflaschen-tasche-schultersysteme-zubehoer\/"]}]},{"@type":"ImageObject","inLanguage":"en-US","@id":"https:\/\/www.fuegos.eu\/product\/trinkflaschen-tasche-schultersysteme-zubehoer\/#primaryimage","url":"https:\/\/www.fuegos.eu\/wp-content\/uploads\/2024\/06\/Forstgurt_Trinkflaschenhatlerung_500x500.jpg","contentUrl":"https:\/\/www.fuegos.eu\/wp-content\/uploads\/2024\/06\/Forstgurt_Trinkflaschenhatlerung_500x500.jpg","width":500,"height":500,"caption":"Forstgurt Trinkflaschenhatlerung Tasche f\u00fcr Schultersysteme"},{"@type":"BreadcrumbList","@id":"https:\/\/www.fuegos.eu\/product\/trinkflaschen-tasche-schultersysteme-zubehoer\/#breadcrumb","itemListElement":[{"@type":"ListItem","position":1,"name":"Home","item":"https:\/\/www.fuegos.eu\/"},{"@type":"ListItem","position":2,"name":"Shop","item":"https:\/\/www.fuegos.eu\/forstguertel-taschen-online-kaufen\/"},{"@type":"ListItem","position":3,"name":"Trinkflaschen Tasche &#8211; Schultersysteme Zubeh\u00f6r"}]},{"@type":"WebSite","@id":"https:\/\/www.fuegos.eu\/#website","url":"https:\/\/www.fuegos.eu\/","name":"Fuegos","description":"Textile L\u00f6sungen nach Ma\u00df","publisher":{"@id":"https:\/\/www.fuegos.eu\/#organization"},"potentialAction":[{"@type":"SearchAction","target":{"@type":"EntryPoint","urlTemplate":"https:\/\/www.fuegos.eu\/?s={search_term_string}"},"query-input":{"@type":"PropertyValueSpecification","valueRequired":true,"valueName":"search_term_string"}}],"inLanguage":"en-US"},{"@type":"Organization","@id":"https:\/\/www.fuegos.eu\/#organization","name":"Fuegos","url":"https:\/\/www.fuegos.eu\/","logo":{"@type":"ImageObject","inLanguage":"en-US","@id":"https:\/\/www.fuegos.eu\/#\/schema\/logo\/image\/","url":"https:\/\/fuegos.eu\/wp-content\/uploads\/2020\/05\/FuegosSignatur000.jpg","contentUrl":"https:\/\/fuegos.eu\/wp-content\/uploads\/2020\/05\/FuegosSignatur000.jpg","width":960,"height":408,"caption":"Fuegos"},"image":{"@id":"https:\/\/www.fuegos.eu\/#\/schema\/logo\/image\/"},"sameAs":["https:\/\/www.facebook.com\/FuegosForst\/","https:\/\/www.youtube.com\/channel\/UC0SFe93Vgi6YZV6tSCOLdkA"]}]}},"_links":{"self":[{"href":"https:\/\/www.fuegos.eu\/en\/wp-json\/wp\/v2\/product\/254264","targetHints":{"allow":["GET"]}}],"collection":[{"href":"https:\/\/www.fuegos.eu\/en\/wp-json\/wp\/v2\/product"}],"about":[{"href":"https:\/\/www.fuegos.eu\/en\/wp-json\/wp\/v2\/types\/product"}],"replies":[{"embeddable":true,"href":"https:\/\/www.fuegos.eu\/en\/wp-json\/wp\/v2\/comments?post=254264"}],"wp:featuredmedia":[{"embeddable":true,"href":"https:\/\/www.fuegos.eu\/en\/wp-json\/wp\/v2\/media\/254265"}],"wp:attachment":[{"href":"https:\/\/www.fuegos.eu\/en\/wp-json\/wp\/v2\/media?parent=254264"}],"wp:term":[{"taxonomy":"product_brand","embeddable":true,"href":"https:\/\/www.fuegos.eu\/en\/wp-json\/wp\/v2\/product_brand?post=254264"},{"taxonomy":"product_cat","embeddable":true,"href":"https:\/\/www.fuegos.eu\/en\/wp-json\/wp\/v2\/product_cat?post=254264"},{"taxonomy":"product_tag","embeddable":true,"href":"https:\/\/www.fuegos.eu\/en\/wp-json\/wp\/v2\/product_tag?post=254264"}],"curies":[{"name":"wp","href":"https:\/\/api.w.org\/{rel}","templated":true}]}}