{"id":123,"date":"2020-03-17T16:17:11","date_gmt":"2020-03-17T15:17:11","guid":{"rendered":"https:\/\/www.fuegos.eu\/fuegos\/?page_id=123"},"modified":"2024-09-01T09:23:13","modified_gmt":"2024-09-01T07:23:13","slug":"ueber-uns","status":"publish","type":"page","link":"https:\/\/www.fuegos.eu\/es\/ueber-uns\/","title":{"rendered":"Qui\u00e9nes somos"},"content":{"rendered":"\n[et_pb_section fb_built=&#8221;1&#8243; _builder_version=&#8221;4.4.5&#8243; background_image=&#8221;https:\/\/fuegos.eu\/wp-content\/uploads\/2020\/03\/Vulkan-de-Fuego-Home-Opener_1900x941.jpg&#8221; parallax=&#8221;on&#8221; parallax_method=&#8221;off&#8221; custom_padding=&#8221;||114px|||&#8221; hover_enabled=&#8221;0&#8243; title_text=&#8221;Vulkan-de-Fuego-Home-Opener_1900x941&#8243; min_height=&#8221;748px&#8221;][et_pb_row _builder_version=&#8221;4.4.0&#8243; custom_padding=&#8221;195px|||||&#8221; animation_style=&#8221;fade&#8221;][et_pb_column type=&#8221;4_4&#8243; _builder_version=&#8221;4.4.0&#8243;][et_pb_text _builder_version=&#8221;4.4.0&#8243; header_text_align=&#8221;center&#8221; header_text_color=&#8221;#ffffff&#8221; header_font_size=&#8221;65px&#8221; min_height=&#8221;80px&#8221; custom_margin=&#8221;||1px|||&#8221;]<h1 style=\"text-align: center;\">\u00dcber uns<\/h1>[\/et_pb_text][et_pb_text _builder_version=&#8221;4.4.0&#8243; header_text_align=&#8221;center&#8221; header_text_color=&#8221;#ffffff&#8221; header_font_size=&#8221;65px&#8221; header_2_text_color=&#8221;#ffffff&#8221; header_2_font_size=&#8221;20px&#8221; header_2_letter_spacing=&#8221;10px&#8221; min_height=&#8221;80px&#8221;]<h2 style=\"text-align: center;\">Wie wir wurden, wer wir sind<\/h2>[\/et_pb_text][\/et_pb_column][\/et_pb_row][\/et_pb_section][et_pb_section fb_built=&#8221;1&#8243; _builder_version=&#8221;4.4.0&#8243;][et_pb_row _builder_version=&#8221;4.4.5&#8243; width=&#8221;100%&#8221; custom_margin=&#8221;|550px||550px||&#8221; animation_style=&#8221;fold&#8221;][et_pb_column type=&#8221;4_4&#8243; _builder_version=&#8221;4.4.0&#8243;][et_pb_text _builder_version=&#8221;4.4.0&#8243; header_2_font_size=&#8221;38px&#8221;]<div class=\"elementor-container elementor-column-gap-default\">\n<div class=\"elementor-row\">\n<div class=\"elementor-element elementor-element-9e9e435 elementor-column elementor-col-50 elementor-top-column\" data-id=\"9e9e435\" data-element_type=\"column\">\n<div class=\"elementor-column-wrap  elementor-element-populated\">\n<div class=\"elementor-widget-wrap\">\n<div class=\"elementor-element elementor-element-3d35fff elementor-widget elementor-widget-heading\" data-id=\"3d35fff\" data-element_type=\"widget\" data-widget_type=\"heading.default\">\n<h2 class=\"elementor-widget-container\" style=\"text-align: center;\">Firmenportrait<\/h2>\n<\/div>\n<\/div>\n<\/div>\n<\/div>\n<\/div>\n<\/div>[\/et_pb_text][et_pb_divider divider_weight=&#8221;2px&#8221; _builder_version=&#8221;4.4.0&#8243; width=&#8221;18%&#8221; module_alignment=&#8221;center&#8221; custom_margin=&#8221;-29px|||||&#8221;][\/et_pb_divider][et_pb_text _builder_version=&#8221;4.4.0&#8243; width=&#8221;100%&#8221; custom_margin=&#8221;|-65px|-13px|-41px||&#8221;]<p style=\"padding-left: 90px; text-align: center;\"><span style=\"font-size: large;\"><b>Fuegos<\/b> ist \u00a0aus Liebe zum Vulkane besteigen und Bergwandern vor mehr als 25 Jahren entstanden. Zuerst \u00a0haben wir angefangen unsere Ausr\u00fcstung selbst zu entwickeln und herzustellen.\u00a0<\/span><\/p>\n<p style=\"padding-left: 90px; text-align: center;\"><span style=\"font-size: large;\"><\/span><\/p>\n<p data-line-height=\"1.15\" style=\"padding-left: 90px; text-align: center;\"><span style=\"font-size: large;\">Als wir die Kataloge der Outdoor-Hersteller nach mehreren Jahren ansahen, fanden wir unsere Ideen als Neuigkeiten dort wieder. Also \u00a0begannen wir unsere Erfindungen und Entwicklungen an die Outdoor-Hersteller zu lizensieren. Danach hatten wir in Auftrag die ersten Prototypen und<\/span><br \/><span style=\"font-size: large;\"> Musterserien f\u00fcr Messen herzustellen, bis irgendwann Serienproduktion daraus wurde.<\/span><\/p>\n<p data-line-height=\"1.15\" style=\"padding-left: 90px; text-align: center;\"><span style=\"font-size: large;\"><\/span><\/p>\n<p data-line-height=\"1.15\" style=\"padding-left: 90px; text-align: center;\"><span style=\"font-size: large;\">Heutzutage \u00a0n\u00e4hen wir kreuz und quer von Prototypen bis zu regul\u00e4ren Serien f\u00fcr alle \u00a0Branchen. <\/span><\/p>\n<p data-line-height=\"1.15\" style=\"padding-left: 90px; text-align: center;\"><span style=\"font-size: large;\"><\/span><\/p>\n<p data-line-height=\"1.15\" style=\"padding-left: 90px; text-align: center;\"><span style=\"font-size: large;\"><\/span><\/p>\n<p data-line-height=\"1.15\" style=\"padding-left: 90px; text-align: center;\"><span style=\"font-size: large;\">\u00a0<\/span><\/p>[\/et_pb_text][et_pb_text _builder_version=&#8221;4.4.0&#8243; header_2_font_size=&#8221;38px&#8221; custom_margin=&#8221;-64px||43px|||&#8221; custom_padding=&#8221;0px|||||&#8221;][\/et_pb_text][et_pb_divider divider_weight=&#8221;2px&#8221; _builder_version=&#8221;4.4.0&#8243; width=&#8221;18%&#8221; module_alignment=&#8221;center&#8221; custom_margin=&#8221;-29px|||||&#8221;][\/et_pb_divider][et_pb_text _builder_version=&#8221;4.4.0&#8243; transform_translate=&#8221;0px|-34px&#8221; min_height=&#8221;264px&#8221; custom_padding=&#8221;0px|||||&#8221;]<h3 style=\"text-align: center;\"><span style=\"font-size: large;\">Unser <span style=\"color: #e00504;\">Fokus <\/span>liegt derzeit auf der Entwicklung von<\/span><\/h3>\n<h3 style=\"text-align: center;\"><span style=\"font-size: large;\"><b>Tragesystemkonzepte der Klasse 4.0<\/b><\/span><\/h3>\n<h3 style=\"text-align: center;\"><span style=\"font-size: large;\">f\u00fcr die<\/span><\/h3>\n<h3 style=\"text-align: center;\"><span style=\"font-size: large;\"><b>Industie, Bau, Transport<br \/> <\/b><\/span><\/h3>\n<h3 style=\"text-align: center;\"><span style=\"font-size: large;\"><b>Umwelt, <\/b><b>Forst<\/b><\/span><\/h3>\n<h3 style=\"text-align: center;\"><span style=\"font-size: large;\"><b>Retungskommunikation, Innere Sicherheit<br \/> <\/b><\/span><\/h3>[\/et_pb_text][\/et_pb_column][\/et_pb_row][\/et_pb_section][et_pb_section fb_built=&#8221;1&#8243; _builder_version=&#8221;4.4.0&#8243; background_color=&#8221;#ededed&#8221;][et_pb_row _builder_version=&#8221;4.4.0&#8243;][et_pb_column type=&#8221;4_4&#8243; _builder_version=&#8221;4.4.0&#8243;][et_pb_text _builder_version=&#8221;4.4.0&#8243; header_2_font_size=&#8221;31px&#8221;]<h2 class=\"elementor-heading-title elementor-size-default\" style=\"text-align: center;\">Unsere Firma, unsere Produkte<\/h2>[\/et_pb_text][et_pb_text _builder_version=&#8221;4.4.0&#8243;]<div><span class=\"fs12lh1-5 cf1\">Wir sind ein \u00a0Familienbetrieb der im S\u00fcden Deutschlands auf der Schw\u00e4bischen Alb \u00a0seinen Sitz hat und Produziert. Deswegen sind wir stolz darauf sagen zu \u00a0k\u00f6nnen, dass von der Entwicklung bis zur Verarbeitung der Materialien \u00a0hin, unsere Produkte Made in Germany sind (bis auf manche Rohstoffe und \u00a0Vorprodukte die in unsere Erzeugnisse eingehen).<br \/><\/span><\/div>\n<div data-line-height=\"1.15\"><\/div>[\/et_pb_text][et_pb_image src=&#8221;https:\/\/fuegos.eu\/wp-content\/uploads\/2020\/05\/impressions-of-schwabenlaendle-schwaebische-alb-95d277af-cfc1-48f8-b153-2ff552a1d377.jpg&#8221; title_text=&#8221;impressions-of-schwabenlaendle-schwaebische-alb-95d277af-cfc1-48f8-b153-2ff552a1d377&#8243; _builder_version=&#8221;4.4.5&#8243;][\/et_pb_image][\/et_pb_column][\/et_pb_row][et_pb_row column_structure=&#8221;1_2,1_2&#8243; _builder_version=&#8221;4.4.0&#8243;][et_pb_column type=&#8221;1_2&#8243; _builder_version=&#8221;4.4.0&#8243;][et_pb_text _builder_version=&#8221;4.4.0&#8243;]<section class=\"elementor-element elementor-element-4ee093e elementor-section-boxed elementor-section-height-default elementor-section-height-default elementor-section elementor-inner-section\" data-id=\"4ee093e\" data-element_type=\"section\">\n<div class=\"elementor-container elementor-column-gap-default\">\n<div class=\"elementor-row\">\n<div class=\"elementor-element elementor-element-888b273 elementor-column elementor-col-100 elementor-inner-column\" data-id=\"888b273\" data-element_type=\"column\" data-settings=\"{&quot;background_background&quot;:&quot;classic&quot;}\">\n<div class=\"elementor-column-wrap  elementor-element-populated\">\n<div class=\"elementor-widget-wrap\">\n<div class=\"elementor-element elementor-element-f844f3e elementor-widget elementor-widget-spacer\" data-id=\"f844f3e\" data-element_type=\"widget\" data-widget_type=\"spacer.default\">\n<div class=\"elementor-widget-container\">\n<div class=\"elementor-spacer\">\n<div class=\"elementor-spacer-inner\"><\/div>\n<\/div>\n<\/div>\n<\/div>\n<\/div>\n<\/div>\n<\/div>\n<\/div>\n<\/div>\n<\/section>\n<section class=\"elementor-element elementor-element-5144e021 elementor-section-boxed elementor-section-height-default elementor-section-height-default elementor-section elementor-inner-section\" data-id=\"5144e021\" data-element_type=\"section\">\n<div class=\"elementor-container elementor-column-gap-default\">\n<div class=\"elementor-row\">\n<div class=\"elementor-element elementor-element-1070c39e elementor-column elementor-col-50 elementor-inner-column\" data-id=\"1070c39e\" data-element_type=\"column\">\n<div class=\"elementor-column-wrap  elementor-element-populated\">\n<div class=\"elementor-widget-wrap\">\n<div class=\"elementor-element elementor-element-14477a0 elementor-widget elementor-widget-text-editor\" data-id=\"14477a0\" data-element_type=\"widget\" data-widget_type=\"text-editor.default\">\n<div class=\"elementor-widget-container\">\n<div class=\"elementor-text-editor elementor-clearfix\">\n<p><span class=\"fs12lh1-5 cf1\">Je \u00a0nach Gr\u00f6\u00dfe einer Serienfertigung k\u00f6nnte es sein, dass wir sie au\u00dferhalb Deutschlands produzieren. In diesen Sonderf\u00e4llen machen wir unsere Kunden darauf aufmerksam.<\/span><\/p>\n<\/div>\n<\/div>\n<\/div>\n<\/div>\n<\/div>\n<\/div>\n<\/div>\n<\/div>\n<\/section>[\/et_pb_text][\/et_pb_column][et_pb_column type=&#8221;1_2&#8243; _builder_version=&#8221;4.4.0&#8243;][et_pb_text _builder_version=&#8221;4.4.0&#8243;]<div>\n<div>\n<div><span class=\"fs12lh1-5 cf1\">Die \u00a0meisten unserer Produkte durchlaufen eine ausf\u00fchrliche Testphase und werden von uns erst f\u00fcr die Fertigung frei gegeben, wenn wir \u00fcberzeugt \u00a0sind, dass diese reif f\u00fcr die Produktion sind. In diesem Sinne werden \u00a0\u00a0Zelt, Rucksack, Jacke, M\u00fctze oder Schlafsack &amp; Co. unter \u00a0Realbedingungen auf Herz und Nieren gepr\u00fcft.<\/span><\/div>\n<\/div>\n<\/div>\n<div><\/div>[\/et_pb_text][\/et_pb_column][\/et_pb_row][\/et_pb_section][et_pb_section fb_built=&#8221;1&#8243; _builder_version=&#8221;4.4.0&#8243;][et_pb_row _builder_version=&#8221;4.4.0&#8243;][et_pb_column type=&#8221;4_4&#8243; _builder_version=&#8221;4.4.0&#8243;][et_pb_text _builder_version=&#8221;4.4.0&#8243; header_2_font_size=&#8221;31px&#8221;]<h2 class=\"elementor-heading-title elementor-size-default\" style=\"text-align: center;\">Unsere Philosophie<\/h2>[\/et_pb_text][et_pb_text _builder_version=&#8221;4.4.0&#8243; custom_margin=&#8221;||6px|||&#8221;]<p style=\"text-align: left;\"><span class=\"fs12lh1-5 cf1\"><\/span><span class=\"fs12lh1-5 cf1\"><span class=\"fs12lh1-5 cf2\">Unsere \u00a0Firma steht f\u00fcr Begeisterung an und f\u00fcr Respekt der Natur. Deswegen \u00a0produzieren wir abfallreduzierend und recyceln wo es nur geht. \u00a0Zus\u00e4tzlich sorgen wir mit dem Einsatz bester Materialien f\u00fcr die \u00a0Langlebigkeit unserer Produkte. Als Kleinunternehmen bedauern wir, uns \u00a0nicht noch mehr in dieser Hinsicht leisten zu k\u00f6nnen.<\/span><\/span><\/p>[\/et_pb_text][et_pb_image src=&#8221;https:\/\/fuegos.eu\/wp-content\/uploads\/2020\/03\/AdobeStock_292969865.png&#8221; _builder_version=&#8221;4.4.0&#8243;][\/et_pb_image][\/et_pb_column][\/et_pb_row][et_pb_row _builder_version=&#8221;4.4.0&#8243; custom_padding=&#8221;0px|||||&#8221;][et_pb_column type=&#8221;4_4&#8243; _builder_version=&#8221;4.4.0&#8243;][et_pb_text _builder_version=&#8221;4.4.0&#8243; custom_padding=&#8221;2px|||||&#8221;]<section class=\"elementor-element elementor-element-4ee093e elementor-section-boxed elementor-section-height-default elementor-section-height-default elementor-section elementor-inner-section\" data-id=\"4ee093e\" data-element_type=\"section\">\n<div class=\"elementor-container elementor-column-gap-default\">\n<div class=\"elementor-row\">\n<div class=\"elementor-element elementor-element-888b273 elementor-column elementor-col-100 elementor-inner-column\" data-id=\"888b273\" data-element_type=\"column\" data-settings=\"{&quot;background_background&quot;:&quot;classic&quot;}\">\n<div class=\"elementor-column-wrap  elementor-element-populated\">\n<div class=\"elementor-widget-wrap\">\n<div class=\"elementor-element elementor-element-f844f3e elementor-widget elementor-widget-spacer\" data-id=\"f844f3e\" data-element_type=\"widget\" data-widget_type=\"spacer.default\">\n<div class=\"elementor-widget-container\">\n<div class=\"elementor-spacer\">\n<div class=\"elementor-spacer-inner\"><\/div>\n<\/div>\n<\/div>\n<\/div>\n<\/div>\n<\/div>\n<\/div>\n<\/div>\n<\/div>\n<\/section>\n<section class=\"elementor-element elementor-element-5144e021 elementor-section-boxed elementor-section-height-default elementor-section-height-default elementor-section elementor-inner-section\" data-id=\"5144e021\" data-element_type=\"section\">\n<div class=\"elementor-container elementor-column-gap-default\">\n<div class=\"elementor-row\">\n<div class=\"elementor-element elementor-element-1070c39e elementor-column elementor-col-50 elementor-inner-column\" data-id=\"1070c39e\" data-element_type=\"column\">\n<div class=\"elementor-column-wrap  elementor-element-populated\">\n<div class=\"elementor-widget-wrap\">\n<div class=\"elementor-element elementor-element-14477a0 elementor-widget elementor-widget-text-editor\" data-id=\"14477a0\" data-element_type=\"widget\" data-widget_type=\"text-editor.default\">\n<div class=\"elementor-widget-container\">\n<div class=\"elementor-text-editor elementor-clearfix\">\n<section class=\"elementor-element elementor-element-ae29605 elementor-section-boxed elementor-section-height-default elementor-section-height-default elementor-section elementor-inner-section\" data-id=\"ae29605\" data-element_type=\"section\">\n<div class=\"elementor-container elementor-column-gap-default\">\n<div class=\"elementor-row\">\n<div class=\"elementor-element elementor-element-104e7cb elementor-column elementor-col-100 elementor-inner-column\" data-id=\"104e7cb\" data-element_type=\"column\" data-settings=\"{&quot;background_background&quot;:&quot;classic&quot;}\">\n<div class=\"elementor-column-wrap  elementor-element-populated\">\n<div class=\"elementor-widget-wrap\">\n<div class=\"elementor-element elementor-element-11ee98f elementor-widget elementor-widget-spacer\" data-id=\"11ee98f\" data-element_type=\"widget\" data-widget_type=\"spacer.default\">\n<div class=\"elementor-widget-container\">\n<div class=\"elementor-spacer\">\n<div class=\"elementor-spacer-inner\"><\/div>\n<\/div>\n<\/div>\n<\/div>\n<\/div>\n<\/div>\n<\/div>\n<\/div>\n<\/div>\n<\/section>\n<section class=\"elementor-element elementor-element-ebccd3f elementor-section-boxed elementor-section-height-default elementor-section-height-default elementor-section elementor-inner-section\" data-id=\"ebccd3f\" data-element_type=\"section\">\n<div class=\"elementor-container elementor-column-gap-default\">\n<div class=\"elementor-row\">\n<div class=\"elementor-element elementor-element-504a7f4 elementor-column elementor-col-50 elementor-inner-column\" data-id=\"504a7f4\" data-element_type=\"column\">\n<div class=\"elementor-column-wrap  elementor-element-populated\">\n<div class=\"elementor-widget-wrap\">\n<div class=\"elementor-element elementor-element-6787c9f elementor-widget elementor-widget-text-editor\" data-id=\"6787c9f\" data-element_type=\"widget\" data-widget_type=\"text-editor.default\">\n<div class=\"elementor-widget-container\">\n<div class=\"elementor-text-editor elementor-clearfix\">\n<p>Sicherheit, Komfort und Gesundheit unserer Kunden sind f\u00fcr uns entscheidende Pr\u00e4missen in dem Erzeugungsprozess unserer Produkte.<\/p>\n<\/div>\n<\/div>\n<\/div>\n<\/div>\n<\/div>\n<\/div>\n<div class=\"elementor-element elementor-element-c2edae1 elementor-column elementor-col-50 elementor-inner-column\" data-id=\"c2edae1\" data-element_type=\"column\">\n<div class=\"elementor-column-wrap  elementor-element-populated\">\n<div class=\"elementor-widget-wrap\">\n<div class=\"elementor-element elementor-element-56a2876 elementor-widget elementor-widget-text-editor\" data-id=\"56a2876\" data-element_type=\"widget\" data-widget_type=\"text-editor.default\">\n<div class=\"elementor-widget-container\">\n<div class=\"elementor-text-editor elementor-clearfix\">\n<div data-line-height=\"1.15\"><b>Qualit\u00e4t <\/b>und <b>Sinn<\/b> unserer Produkte ist uns<strong> wichtiger als<\/strong> dessen <strong>Profit<\/strong>.<\/div>\n<div data-line-height=\"1.15\">\u00a0<\/div>\n<div>\n<div>\n<div style=\"opacity: 1;\" data-index=\"0\">\n<div>\n<div>Das Fuegos Team steht Ihnen zur Seite.<\/div>\n<\/div>\n<\/div>\n<\/div>\n<\/div>\n<\/div>\n<\/div>\n<\/div>\n<\/div>\n<\/div>\n<\/div>\n<\/div>\n<\/div>\n<\/section>\n<p><span class=\"fs12lh1-5 cf1\">\u00a0<\/span><\/p>\n<\/div>\n<\/div>\n<\/div>\n<\/div>\n<\/div>\n<\/div>\n<\/div>\n<\/div>\n<\/section>[\/et_pb_text][\/et_pb_column][\/et_pb_row][\/et_pb_section][et_pb_section fb_built=&#8221;1&#8243; _builder_version=&#8221;4.4.0&#8243; background_image=&#8221;https:\/\/fuegos.eu\/wp-content\/uploads\/2020\/03\/Footer-Banner_Lava-Vulkan_1900x739-2.jpg&#8221; parallax=&#8221;on&#8221; parallax_method=&#8221;off&#8221; global_module=&#8221;189&#8243; saved_tabs=&#8221;all&#8221;][et_pb_row column_structure=&#8221;1_2,1_2&#8243; _builder_version=&#8221;4.4.0&#8243; scroll_fade=&#8221;0|50|50|53|0|100|0%&#8221;][et_pb_column type=&#8221;1_2&#8243; _builder_version=&#8221;4.4.0&#8243;][et_pb_text _builder_version=&#8221;4.4.0&#8243; header_3_text_color=&#8221;#ffffff&#8221; custom_padding=&#8221;||0px|||&#8221;]<h3>Bis jetzt nichts Passendes dabei?<\/h3>[\/et_pb_text][et_pb_text _builder_version=&#8221;4.4.0&#8243; text_text_color=&#8221;#ffffff&#8221; custom_margin=&#8221;-27px||||false|false&#8221; custom_padding=&#8221;0px||0px|||&#8221;]<p>Das liegt wohl daran, dass wir uns noch nicht getroffen haben. <\/p>[\/et_pb_text][\/et_pb_column][et_pb_column type=&#8221;1_2&#8243; _builder_version=&#8221;4.4.0&#8243;][et_pb_button button_url=&#8221;https:\/\/fuegos.eu\/kontakt-aufnehmen\/&#8221; button_text=&#8221;Fuegos kontaktieren&#8221; admin_label=&#8221;Button&#8221; _builder_version=&#8221;4.4.0&#8243; custom_button=&#8221;on&#8221; button_text_color=&#8221;#ffffff&#8221; button_bg_color=&#8221;rgba(0,0,0,0)&#8221; button_border_color=&#8221;#e00504&#8243;][\/et_pb_button][\/et_pb_column][\/et_pb_row][\/et_pb_section]\n","protected":false},"excerpt":{"rendered":"<p>\u00dcber unsWie wir wurden, wer wir sind Firmenportrait Fuegos ist \u00a0aus Liebe zum Vulkane besteigen und Bergwandern vor mehr als 25 Jahren entstanden. Zuerst \u00a0haben wir angefangen unsere Ausr\u00fcstung selbst zu entwickeln und herzustellen.\u00a0 Als wir die Kataloge der Outdoor-Hersteller nach mehreren Jahren ansahen, fanden wir unsere Ideen als Neuigkeiten dort wieder. Also \u00a0begannen wir [&hellip;]<\/p>\n","protected":false},"author":49,"featured_media":0,"parent":0,"menu_order":0,"comment_status":"closed","ping_status":"closed","template":"","meta":{"_et_pb_use_builder":"on","_et_pb_old_content":"","_et_gb_content_width":"","footnotes":""},"class_list":["post-123","page","type-page","status-publish","hentry"],"yoast_head":"<!-- This site is optimized with the Yoast SEO plugin v27.3 - https:\/\/yoast.com\/product\/yoast-seo-wordpress\/ -->\n<title>\u00dcber uns &#8226; Fuegos<\/title>\n<meta name=\"robots\" content=\"index, follow, max-snippet:-1, max-image-preview:large, max-video-preview:-1\" \/>\n<link rel=\"canonical\" href=\"https:\/\/www.fuegos.eu\/es\/ueber-uns\/\" \/>\n<meta property=\"og:locale\" content=\"es_ES\" \/>\n<meta property=\"og:type\" content=\"article\" \/>\n<meta property=\"og:title\" content=\"\u00dcber uns &#8226; Fuegos\" \/>\n<meta property=\"og:description\" content=\"\u00dcber unsWie wir wurden, wer wir sind Firmenportrait Fuegos ist \u00a0aus Liebe zum Vulkane besteigen und Bergwandern vor mehr als 25 Jahren entstanden. Zuerst \u00a0haben wir angefangen unsere Ausr\u00fcstung selbst zu entwickeln und herzustellen.\u00a0 Als wir die Kataloge der Outdoor-Hersteller nach mehreren Jahren ansahen, fanden wir unsere Ideen als Neuigkeiten dort wieder. Also \u00a0begannen wir [&hellip;]\" \/>\n<meta property=\"og:url\" content=\"https:\/\/www.fuegos.eu\/es\/ueber-uns\/\" \/>\n<meta property=\"og:site_name\" content=\"Fuegos\" \/>\n<meta property=\"article:publisher\" content=\"https:\/\/www.facebook.com\/FuegosForst\/\" \/>\n<meta property=\"article:modified_time\" content=\"2024-09-01T07:23:13+00:00\" \/>\n<meta name=\"twitter:card\" content=\"summary_large_image\" \/>\n<meta name=\"twitter:label1\" content=\"Tiempo de lectura\" \/>\n\t<meta name=\"twitter:data1\" content=\"5 minutos\" \/>\n<script type=\"application\/ld+json\" class=\"yoast-schema-graph\">{\"@context\":\"https:\\\/\\\/schema.org\",\"@graph\":[{\"@type\":\"WebPage\",\"@id\":\"https:\\\/\\\/www.fuegos.eu\\\/ueber-uns\\\/\",\"url\":\"https:\\\/\\\/www.fuegos.eu\\\/ueber-uns\\\/\",\"name\":\"\u00dcber uns &#8226; Fuegos\",\"isPartOf\":{\"@id\":\"https:\\\/\\\/www.fuegos.eu\\\/#website\"},\"datePublished\":\"2020-03-17T15:17:11+00:00\",\"dateModified\":\"2024-09-01T07:23:13+00:00\",\"breadcrumb\":{\"@id\":\"https:\\\/\\\/www.fuegos.eu\\\/ueber-uns\\\/#breadcrumb\"},\"inLanguage\":\"es\",\"potentialAction\":[{\"@type\":\"ReadAction\",\"target\":[\"https:\\\/\\\/www.fuegos.eu\\\/ueber-uns\\\/\"]}]},{\"@type\":\"BreadcrumbList\",\"@id\":\"https:\\\/\\\/www.fuegos.eu\\\/ueber-uns\\\/#breadcrumb\",\"itemListElement\":[{\"@type\":\"ListItem\",\"position\":1,\"name\":\"Home\",\"item\":\"https:\\\/\\\/www.fuegos.eu\\\/\"},{\"@type\":\"ListItem\",\"position\":2,\"name\":\"\u00dcber uns\"}]},{\"@type\":\"WebSite\",\"@id\":\"https:\\\/\\\/www.fuegos.eu\\\/#website\",\"url\":\"https:\\\/\\\/www.fuegos.eu\\\/\",\"name\":\"Fuegos\",\"description\":\"Textile L\u00f6sungen nach Ma\u00df\",\"publisher\":{\"@id\":\"https:\\\/\\\/www.fuegos.eu\\\/#organization\"},\"potentialAction\":[{\"@type\":\"SearchAction\",\"target\":{\"@type\":\"EntryPoint\",\"urlTemplate\":\"https:\\\/\\\/www.fuegos.eu\\\/?s={search_term_string}\"},\"query-input\":{\"@type\":\"PropertyValueSpecification\",\"valueRequired\":true,\"valueName\":\"search_term_string\"}}],\"inLanguage\":\"es\"},{\"@type\":\"Organization\",\"@id\":\"https:\\\/\\\/www.fuegos.eu\\\/#organization\",\"name\":\"Fuegos\",\"url\":\"https:\\\/\\\/www.fuegos.eu\\\/\",\"logo\":{\"@type\":\"ImageObject\",\"inLanguage\":\"es\",\"@id\":\"https:\\\/\\\/www.fuegos.eu\\\/#\\\/schema\\\/logo\\\/image\\\/\",\"url\":\"https:\\\/\\\/fuegos.eu\\\/wp-content\\\/uploads\\\/2020\\\/05\\\/FuegosSignatur000.jpg\",\"contentUrl\":\"https:\\\/\\\/fuegos.eu\\\/wp-content\\\/uploads\\\/2020\\\/05\\\/FuegosSignatur000.jpg\",\"width\":960,\"height\":408,\"caption\":\"Fuegos\"},\"image\":{\"@id\":\"https:\\\/\\\/www.fuegos.eu\\\/#\\\/schema\\\/logo\\\/image\\\/\"},\"sameAs\":[\"https:\\\/\\\/www.facebook.com\\\/FuegosForst\\\/\",\"https:\\\/\\\/www.youtube.com\\\/channel\\\/UC0SFe93Vgi6YZV6tSCOLdkA\"]}]}<\/script>\n<!-- \/ Yoast SEO plugin. -->","yoast_head_json":{"title":"Acerca de nosotros \u2022 Fuegos","robots":{"index":"index","follow":"follow","max-snippet":"max-snippet:-1","max-image-preview":"max-image-preview:large","max-video-preview":"max-video-preview:-1"},"canonical":"https:\/\/www.fuegos.eu\/es\/ueber-uns\/","og_locale":"es_ES","og_type":"article","og_title":"\u00dcber uns &#8226; Fuegos","og_description":"\u00dcber unsWie wir wurden, wer wir sind Firmenportrait Fuegos ist \u00a0aus Liebe zum Vulkane besteigen und Bergwandern vor mehr als 25 Jahren entstanden. Zuerst \u00a0haben wir angefangen unsere Ausr\u00fcstung selbst zu entwickeln und herzustellen.\u00a0 Als wir die Kataloge der Outdoor-Hersteller nach mehreren Jahren ansahen, fanden wir unsere Ideen als Neuigkeiten dort wieder. Also \u00a0begannen wir [&hellip;]","og_url":"https:\/\/www.fuegos.eu\/es\/ueber-uns\/","og_site_name":"Fuegos","article_publisher":"https:\/\/www.facebook.com\/FuegosForst\/","article_modified_time":"2024-09-01T07:23:13+00:00","twitter_card":"summary_large_image","twitter_misc":{"Tiempo de lectura":"5 minutos"},"schema":{"@context":"https:\/\/schema.org","@graph":[{"@type":"WebPage","@id":"https:\/\/www.fuegos.eu\/ueber-uns\/","url":"https:\/\/www.fuegos.eu\/ueber-uns\/","name":"Acerca de nosotros \u2022 Fuegos","isPartOf":{"@id":"https:\/\/www.fuegos.eu\/#website"},"datePublished":"2020-03-17T15:17:11+00:00","dateModified":"2024-09-01T07:23:13+00:00","breadcrumb":{"@id":"https:\/\/www.fuegos.eu\/ueber-uns\/#breadcrumb"},"inLanguage":"es","potentialAction":[{"@type":"ReadAction","target":["https:\/\/www.fuegos.eu\/ueber-uns\/"]}]},{"@type":"BreadcrumbList","@id":"https:\/\/www.fuegos.eu\/ueber-uns\/#breadcrumb","itemListElement":[{"@type":"ListItem","position":1,"name":"Home","item":"https:\/\/www.fuegos.eu\/"},{"@type":"ListItem","position":2,"name":"\u00dcber uns"}]},{"@type":"WebSite","@id":"https:\/\/www.fuegos.eu\/#website","url":"https:\/\/www.fuegos.eu\/","name":"Inicio","description":"Soluciones textiles","publisher":{"@id":"https:\/\/www.fuegos.eu\/#organization"},"potentialAction":[{"@type":"SearchAction","target":{"@type":"EntryPoint","urlTemplate":"https:\/\/www.fuegos.eu\/?s={search_term_string}"},"query-input":{"@type":"PropertyValueSpecification","valueRequired":true,"valueName":"search_term_string"}}],"inLanguage":"es"},{"@type":"Organization","@id":"https:\/\/www.fuegos.eu\/#organization","name":"Inicio","url":"https:\/\/www.fuegos.eu\/","logo":{"@type":"ImageObject","inLanguage":"es","@id":"https:\/\/www.fuegos.eu\/#\/schema\/logo\/image\/","url":"https:\/\/fuegos.eu\/wp-content\/uploads\/2020\/05\/FuegosSignatur000.jpg","contentUrl":"https:\/\/fuegos.eu\/wp-content\/uploads\/2020\/05\/FuegosSignatur000.jpg","width":960,"height":408,"caption":"Fuegos"},"image":{"@id":"https:\/\/www.fuegos.eu\/#\/schema\/logo\/image\/"},"sameAs":["https:\/\/www.facebook.com\/FuegosForst\/","https:\/\/www.youtube.com\/channel\/UC0SFe93Vgi6YZV6tSCOLdkA"]}]}},"_links":{"self":[{"href":"https:\/\/www.fuegos.eu\/es\/wp-json\/wp\/v2\/pages\/123","targetHints":{"allow":["GET"]}}],"collection":[{"href":"https:\/\/www.fuegos.eu\/es\/wp-json\/wp\/v2\/pages"}],"about":[{"href":"https:\/\/www.fuegos.eu\/es\/wp-json\/wp\/v2\/types\/page"}],"author":[{"embeddable":true,"href":"https:\/\/www.fuegos.eu\/es\/wp-json\/wp\/v2\/users\/49"}],"replies":[{"embeddable":true,"href":"https:\/\/www.fuegos.eu\/es\/wp-json\/wp\/v2\/comments?post=123"}],"version-history":[{"count":1,"href":"https:\/\/www.fuegos.eu\/es\/wp-json\/wp\/v2\/pages\/123\/revisions"}],"predecessor-version":[{"id":254424,"href":"https:\/\/www.fuegos.eu\/es\/wp-json\/wp\/v2\/pages\/123\/revisions\/254424"}],"wp:attachment":[{"href":"https:\/\/www.fuegos.eu\/es\/wp-json\/wp\/v2\/media?parent=123"}],"curies":[{"name":"wp","href":"https:\/\/api.w.org\/{rel}","templated":true}]}}