{"id":1268,"date":"2020-04-28T14:28:38","date_gmt":"2020-04-28T12:28:38","guid":{"rendered":"https:\/\/www.fuegos.eu\/?post_type=product&#038;p=1268"},"modified":"2026-02-24T23:27:45","modified_gmt":"2026-02-24T22:27:45","slug":"schultertragesystem-forstguertel-werkzeugguertel","status":"publish","type":"product","link":"https:\/\/www.fuegos.eu\/es\/product\/schultertragesystem-forstguertel-werkzeugguertel\/","title":{"rendered":"La Silvicultura Hombro Del Sistema De Transporte \u2022 La Herramienta De La Correa Y De Bosque De La Correa"},"content":{"rendered":"<h3><strong>Forst Schultertragesystem Forstg\u00fcrtel &amp; Werkzeugg\u00fcrtel<\/strong><\/h3>\n<p>&nbsp;<\/p>\n<h3><strong>Kurzbeschreibung<\/strong><\/h3>\n<p class=\"translation-block\">Der flexible <a href=\"https:\/\/www.fuegos.eu\/es\/producto\/multifunktionsgurt-fuer-forstwirte-fw-mfg100\/\" target=\"_blank\" rel=\"noopener\">Forst-Werkzeugg\u00fcrtel<\/a> oder auch <a href=\"https:\/\/www.fuegos.eu\/es\/producto\/multifunktionsgurt-fuer-forstwirte-fw-mfg100\/\" target=\"_blank\" rel=\"noopener\">Forstg\u00fcrtel<\/a> und <a href=\"https:\/\/www.fuegos.eu\/es\/producto\/tragesystem-forstwirte\/\" target=\"_blank\" rel=\"noopener\">Schultergurt<\/a> als Set bietet ein praktisches rund um Paket. Ausgestattet mit unterschiedlichen Komponenten deckt das <a href=\"https:\/\/www.fuegos.eu\/es\/producto\/forstwirte-tragesystem\/\" target=\"_blank\" rel=\"noopener\">Forstg\u00fcrtel-Tragesystem<\/a> die Anforderungen im Wald ab. Der Forst-Werkzeugg\u00fcrtel ist flexibel und robust zu gleich. Durch die Flexibilit\u00e4t des Werkzeugg\u00fcrtels passt sich der Forstg\u00fcrtel ergonomisch an den K\u00f6rper an. Der besondere Schnitt bietet gute Unterst\u00fctzung bei Holzf\u00e4llarbeiten.<\/p>\n<p class=\"translation-block\">Zus\u00e4tzlich bieten die <a href=\"https:\/\/www.fuegos.eu\/es\/producto\/tragesystem-forstwirte\/\" target=\"_blank\" rel=\"noopener\">Schultertragegurte<\/a> eine Austarierung des Gesamtgewichts des Forstg\u00fcrtel-Sets. Da der Forstg\u00fcrtel oft schwer behangen ist mit (mechanischen) F\u00e4llkeilen, Ma\u00dfb\u00e4nder, Forstkluppen und weiteren Forstwerkzeugen kann das auf die Gesundheit gehen. Mit dem ergonomischen Forstg\u00fcrtel-Set m\u00f6chte Fuegos hier die Forstarbeiten unterst\u00fctzen. Gleichzeitig sogt das Tragesystem f\u00fcr ein l\u00e4ngeres Wohlempfinden durch die bequemen Auflagefl\u00e4chen.<\/p>\n<p>&nbsp;<\/p>\n<h3><strong>Die Idee des Fuegos Forst Schultertragesystems FW-STS100<br \/>\n<\/strong><\/h3>\n<p>Fuegos Forst vereinfacht die Arbeit. Die gesamte Forstausr\u00fcstung kann schnell einiges an Gewicht zusammenbringen. Viele aktuelle G\u00fcrtelsysteme gleichen dieses Gewicht nicht bis sehr wenig aus. Oder sparen an Material, was schnell unbequem wird. Der Fuegos Schultergurt FW-STS-100 <strong>unterst\u00fctzt bei der Arbeit<\/strong>. Die <strong>anatomische Form<\/strong> passt sich der Schulter des Tr\u00e4gers an. Unser Schultertragesystem wurde in enger Zusammenarbeit mit lokalen Forstwirten und Forstwirtschaftsmeistern entwickelt. Hierdurch wollten wir sicherstellen, dass unsere Forstsysteme perfekt passen.<\/p>\n<p>&nbsp;<\/p>\n<h3><strong>Ein Schultertragesystem f\u00fcr die Forstwirtschaft\u00a0<\/strong><\/h3>\n<h4><strong> Funktion: <\/strong><\/h4>\n<p>Der Schultergurt ist <strong>strapazierf\u00e4hig<\/strong> durch speziell ausgesuchte Materialien. Er erm\u00f6glicht die <strong>Anbringung verschiedener Forstg\u00fcrtel &amp; Werkzeugg\u00fcrtel\u00a0<\/strong> (bis 5 cm G\u00fcrtelbreite) von unterschiedlichen Herstellern. Der Schultergurt ist hoch transpirationsaktiv. Hierdurch l\u00e4sst das Schultertragesystem kaum W\u00e4rmestau entstehen. Extrem hoher Tragekomfort durch ergonomischen Schnitt. Durch ein stufenlos verstellbares Fixierungssystem f\u00fcr die Funktasche, passend sowohl f\u00fcr KuNo-Funksysteme analog als auch digital, k\u00f6nnen z.B. Funk-, Akku- oder GPS-Ger\u00e4te am Brust- oder Schulterbereich getragen werden. <strong>Durch die richtige Positionierung wird der k\u00f6rpereigenen Abschirmung und somit der Signald\u00e4mpfung entgegengewirkt<\/strong>. Dadurch verbessern sich die Sendung und der Empfang der analogen und digitalen Funksignale. <strong>Am Tragesystem wurde hinten eine Klappvorrichtung eingebaut<\/strong>, um z. B. die Funk-, Akku- oder GPS-Kabel zu verstauen. Dies erh\u00f6ht die Sicherheit und den Komfort, da das Gewicht des Kabels z. B. f\u00fcr Helmlautsprecher gest\u00fctzt wird und die Kabel nicht wirr h\u00e4ngen.<\/p>\n<h4><strong>Material:<\/strong><\/h4>\n<p>Das Material des Schultertragesystems setzt sich aus verschiedenen Komponenten zusammen. Hierdurch wird der Werkzeugg\u00fcrtel robust und strapazierf\u00e4hig. Gleichzeitig bietet der Innenstoff einen Ausgleich zwischen K\u00f6rper- und Au\u00dfentemperatur. Ein 3D-Meshstoff gestaltet das Schultertragesystem atmungsaktiv. Der Au\u00dfenstoff ist abriebbest\u00e4ndig, strapazierf\u00e4hig. Hierdurch verl\u00e4ngern wir die nat\u00fcrliche Lebensdauer des Schultergurts. Best\u00fcckt mit Hig-Tenacity (hoch rei\u00dffest &amp; strapazierf\u00e4hig) <strong>Gurten und sto\u00dffesten Beschlagteilen.<\/strong> Hierdurch bieten wir mehr Sicherheit bei der Arbeit. Jeder einzelne der drei Gurte des STS100 ist in der Lage, \u00fcber 50 daN Vertikallast zu tragen. Insgesamt aber ist das Tragesystem bis zu 75 kg vertikal belastbar. Textilien mit \u00d6ko-Standard.<\/p>\n<h4><strong>Vorteile:<\/strong><\/h4>\n<ul>\n<li class=\"translation-block\">Fuegos steht f\u00fcr <strong>Innovation <\/strong>in jeder Naht. Deshalb geben wir <strong>vier Jahre Garantie<\/strong> auf unsere Produkte Made by Fuegos.<\/li>\n<li>Anatomisch geformt f\u00fcr R\u00fccken- und H\u00fcftbereich f\u00fcr bessere Ergonomie<\/li>\n<li>Robust \u2022 Strapazierf\u00e4hig \u2022 Rei\u00dffestigkeit 75 daN<\/li>\n<li>Komfortable Polsterung f\u00fcr gesundes Dauerarbeiten<\/li>\n<li>Textilien mit \u00d6ko-Standard<\/li>\n<li>Ideal kombinierbar mit <a href=\"https:\/\/www.fuegos.eu\/es\/producto\/forstguertel-flexibler-forstgurt-made-in-germany\/\">Forstg\u00fcrtel FW-FMG-100<\/a> f\u00fcr<em> langanhaltendes Arbeiten bis zu 4 Stunden am St\u00fcck<\/em><\/li>\n<li>Hohe Bewegungsfreiheit und Tragekomfort<\/li>\n<li>Schnell trocknend<\/li>\n<li class=\"translation-block\">Der Forstg\u00fcrtel ist Qualit\u00e4t <strong>Made in Germany<\/strong><\/li>\n<\/ul>\n<p>&nbsp;<\/p>\n<h3><strong>Datos T\u00e9cnicos<\/strong><\/h3>\n<table>\n<tbody>\n<tr>\n<td style=\"width: 148px;\"><strong>Serienbezeichnung<\/strong><\/td>\n<td style=\"width: 664px;\">FW-STS100<\/td>\n<\/tr>\n<tr>\n<td style=\"width: 148px;\"><strong>Form<\/strong><\/td>\n<td style=\"width: 664px;\">Ergonomisch angepasst.<\/td>\n<\/tr>\n<tr>\n<td style=\"width: 148px;\"><strong>Material<\/strong><\/td>\n<td style=\"width: 664px;\">Abriebfestes Hightech Au\u00dfenmaterial; hydrophobe Polsterung; verst\u00e4rkte Au\u00dfenschale; verst\u00e4rkter Schnallengurt.<\/td>\n<\/tr>\n<tr>\n<td style=\"width: 148px;\"><strong>Peso<\/strong><\/td>\n<td style=\"width: 664px;\">Super leichte 260g.<\/td>\n<\/tr>\n<tr>\n<td style=\"width: 148px;\"><strong>Ursprungsland<\/strong><\/td>\n<td style=\"width: 664px;\">Deutschland.<\/td>\n<\/tr>\n<tr>\n<td style=\"width: 148px;\"><strong>Anwendung<\/strong><\/td>\n<td style=\"width: 664px;\">F\u00fcr Forstequipment; Holzaufnahmen; Forstarbeiten.<\/td>\n<\/tr>\n<\/tbody>\n<\/table>\n<p>&nbsp;<\/p>\n<h3><strong>Anwendungsbereich<\/strong><strong>:<\/strong><\/h3>\n<p>Das Schultertragesystem ist Teil des Forstg\u00fcrtelsystems und damit Bestandteil der pers\u00f6nlichen Forstausr\u00fcstung. Diese unterst\u00fctzt bei der Holzaufnahme des Tr\u00e4gers bei der Arbeit.<br \/>\n<strong>WICHTIG:<\/strong><\/p>\n<ul>\n<li class=\"translation-block\"><b>Produkt bietet dem Tr\u00e4ger bedingten Zusatzschutz gegen an K\u00f6rper aufprallende Kr\u00e4fte. Sicherheit, Komfort, Funktion und Langlebigkeit<br>\r\nerf\u00fcllen die gewohnte Fuegos Standards.<\/b><\/li>\n<li>Wichtiger Hinweis: Fuegos FW-STS100 ist grunds\u00e4tzlich nicht zur Sicherung von Personen bei Arbeiten mit Absturzgefahr.<\/li>\n<\/ul>\n<h3><\/h3>\n<h3><strong>Gebrauchsanweisung:<\/strong><\/h3>\n<ul>\n<li><strong>Per Hand oder im Schongang, 30\u00b0 waschbar<\/strong>. Nicht schleudern, nicht Trockner geeignet<\/li>\n<\/ul>\n<p>&nbsp;<\/p>\n<h3><strong>Bekannt durch:<\/strong><\/h3>\n<ul>\n<li><a href=\"https:\/\/www.forstpraxis.de\/fuego-sport-tragesystem-forst\/\">Test: Fuego-Sport Tragesystem <\/a>\u2013 Forst&amp;Technik<\/li>\n<li><a href=\"https:\/\/www.forstpraxis.de\/fuegos-rapid-klick\/\">Fuegos mit Rapid-Klick<\/a> \u2013 Forst&amp;Technik<\/li>\n<li><a href=\"https:\/\/www.forstpraxis.de\/leichte-schulter\/\"> Leichte Schulter<\/a> \u2013 Forst&amp;Technik<\/li>\n<li><a href=\"https:\/\/www.profi.de\/aktuell\/neuheiten\/multifunktionales-forst-tragesystem-12379412.html\">Multifunktionales Forst-Tragesystem<\/a> \u2013 Zeitschrift profi<\/li>\n<\/ul>\n<p>&nbsp;<\/p>","protected":false},"excerpt":{"rendered":"<pre>STS100 Schultertragesystemsangebot ohne Taschen, Werkzeuge oder Ger\u00e4te.<\/pre>\n<h3><strong>Leichter und schlanker als sein Vorg\u00e4nger:<\/strong><\/h3>\n<p><strong>Der perfekte Partner zu Multifunktionsgurt f\u00fcr Forstwirte FW-G100<\/strong><\/p>\n<h4><strong>Sowohl f\u00fcr Forstwirte als auch f\u00fcr Forstwirtschaftsmeister,<br \/>\n<\/strong><\/h4>\n<p>ein Drei-Fixierungspunkt-Oberteil, welches durch sein Design das zu tragende Gewicht auf die Brust-Schulter-R\u00fcckenmuskulatur verteilt und dadurch das stundenlange Tragen von schwerem Werkzeug am G\u00fcrtel leichter macht.<\/p>\n<p>Das Schultertragesystem ist so konfektioniert, dass auf der K\u00f6rper zugewandten Seite bei schwerer Arbeit f\u00fcr den Benutzer ein Abstand zwischen seinem K\u00f6rper und dem Tragesystem durch den Einbau eines dreidimensionalen Netzstoffes entsteht, sodass eine Luftzirkulation erm\u00f6glicht wird und dadurch K\u00f6rperfeuchtigkeit entweichen kann. Auf der Au\u00dfenseite ist ein sehr strapazier- und scheuerfester, wasserabweisender und UV-best\u00e4ndiger Stoff eingen\u00e4ht. Zwischen beiden Stoffen haben wir einen Schaumstoffkern verwendet der zus\u00e4tzlich den Komfort erh\u00f6ht, ohne die Bewegungsfreiheit zu st\u00f6ren.<\/p>\n<p>Die in 25 mm breite, orange Aufh\u00e4ngegurte erm\u00f6glichen eine nahezu universelle Anpassung an alle K\u00f6rpergr\u00f6\u00dfen von 1,55 bis 2,08 m. Die Einstellung an die K\u00f6rpergr\u00f6\u00dfe erfolgt durch 3 Schnallen. Dabei wurde beachtet, dass keine der 2 Gurte vorn lose h\u00e4ngen und somit die Sicherheit des Tr\u00e4gers erh\u00f6ht wird.<\/p>\n<p>Das STS100 ist in der Lage problemlos bis zu 75 Kg zu tragen. Gilt aber nur f\u00fcr unseren Tragesysteme, nicht f\u00fcr der Tr\u00e4ger; so gut sind wir auch nicht dass unsere Produkte Superkr\u00e4fte verleihen.<\/p>\n<ul>\n<li>Universal Gr\u00f6\u00dfe (von 1,55 bis 2,05 cm K\u00f6rpergr\u00f6\u00dfe)<\/li>\n<\/ul>\n<p>&nbsp;<\/p>","protected":false},"featured_media":254407,"comment_status":"open","ping_status":"closed","template":"","meta":{"_et_pb_use_builder":"off","_et_pb_old_content":"<ul>\r\n \t<li>Fixierung an alle Fuegos H\u00fcftg\u00fcrtel Modelle wird durch 3 Clips schnell und sicher gew\u00e4hrleistet<\/li>\r\n \t<li>Ankoppelbar an allen g\u00e4ngigen Werkzeugg\u00fcrtel bis 5 cm Breite<\/li>\r\n \t<li>Innenfl\u00e4che: Atmungsaktiv durch 3D-Meshstoff<\/li>\r\n \t<li>Au\u00dfenstoff: Abriebbest\u00e4ndig, strappazierf\u00e4hig, wasserabweisend<\/li>\r\n \t<li>Komfort gepolstert und dennoch leicht, schmal und klein<\/li>\r\n \t<li>Best\u00fcckt mit Hig-Tenacity Gurte und hochwertige, sto\u00dffeste Beschlagteile<\/li>\r\n \t<li>Rei\u00dffestigkeit 75 daN<\/li>\r\n \t<li>Ergonomisches Design, Wahl der Materialien und Konstruktion erh\u00f6hen den Tragekomfort.<\/li>\r\n \t<li>Durch ein stufenlos verstellbares Fixierungssystem f\u00fcr die Funktasche passend sowohl f\u00fcr KuNo analog als auch Digital, k\u00f6nnen z.B. Funk-, Akku- oder GPS Ger\u00e4te am Brust- oder Schulterbereich getragen werden. Durch die richtige Positionierung wird die k\u00f6rpereigene Abschirmung und somit die Signald\u00e4mpfung entgegengewirkt. Dadurch verbessert sich die Sendung und der Empfang der analoge und digitale Funksignale.<\/li>\r\n \t<li><strong>Am Tragesystem wurde hinten eine Klappvorrichtung eingebaut<\/strong> um z.B. die Funk-, Akku- oder GPS Kabel zu verstauen. Dies erh\u00f6ht die Sicherheit und den Komfort, da das Gewicht des Kabels z.B. f\u00fcr Helmlautsprecher gest\u00fctzt wird und die Kabel nicht wirr h\u00e4ngen<\/li>\r\n \t<li>Jeder einzelne der drei Gurte des STS100 ist in der Lage \u00fcber 50 daN Vertikallast zu tragen. Insgesamt aber ist das Tragesystem bis zu 75 Kg vertikal belastbar.<\/li>\r\n \t<li>Am STS100 wurde darauf geachtet, dass die Sicherheit zu herk\u00f6mmliche Tragesysteme erh\u00f6ht wird. Keine losen Gurtenden vorn, Qualit\u00e4t der Materialien, rei\u00dffeste Nahtverbindungen<\/li>\r\n \t<li>Schnell trocknend.<\/li>\r\n \t<li>Waschbar auf 30\u00b0, Schongang, nicht schleudern.<\/li>\r\n \t<li>Textilien mit \u00d6ko-Standard<\/li>\r\n<\/ul>\r\n\u00a0\r\n\r\nVoll kompatibel auch mit Fuegos\r\n<ul>\r\n \t<li><strong>Tablet Schutztasche f\u00fcr Samsung Galaxy 2<\/strong>. Diese erm\u00f6glicht durch Anbringung am Tragesystem dem Anwender die einh\u00e4ndige Bedienung des Tabs in der Horizontale, sowie der Vertikalen. Im geschlossenen Zustand bleiben dank der Aufh\u00e4ngung beide H\u00e4nde des Anwenders frei. F\u00fcr andere Arbeiten oder f\u00fcr Sprachgesteuerte Aufnahmen<\/li>\r\n \t<li><strong>Smarthphone-Schutztasche <\/strong>f\u00fcr Samsung X-Cover f\u00fcr Sprachsteuerungsprogramme bereits konzipiert<strong>\r\n<\/strong><\/li>\r\n \t<li><strong>Schutztasche f\u00fcr Digitale wie analoge<\/strong> KuNo Funkger\u00e4te<\/li>\r\n \t<li><strong>GPS<\/strong><strong>-Schutztasche. M<\/strong>it Systemen von Logbuch kompatibel<\/li>\r\n \t<li>etc.<\/li>\r\n<\/ul>\r\n\u00a0\r\n\r\n\u00a0\r\n\r\n<b>Produkt bietet dem Tr\u00e4ger bedingten Zusatzschutz gegen an K\u00f6rper aufprallende Kr\u00e4fte. Sicherheit, Komfort, Funktion und Langlebigkeit\r\nerf\u00fcllen die gewohnte Fuegos Standards.<\/b>\r\n<h5><b>Wichtiger Hinweis: Fuegos FW-STS100 ist grunds\u00e4tzlich nicht zur Sicherung von Personen bei Arbeiten mit Absturzgefahr.<\/b><\/h5>\r\nS<strong>chultertragesystem, werkzeugg\u00fcrtel und Taschen sind per Hand oder im Schongang, 30\u00b0 waschbar<\/strong>. Nicht schleudern, nicht Trockner geeignet\r\n\r\n\u00a0","_et_gb_content_width":""},"product_brand":[],"product_cat":[25,35,184,24],"product_tag":[],"class_list":{"0":"post-1268","1":"product","2":"type-product","3":"status-publish","4":"has-post-thumbnail","6":"product_cat-forst","7":"product_cat-forstwirte","8":"product_cat-schultertragesystem","9":"product_cat-tragesysteme","11":"first","12":"instock","13":"taxable","14":"shipping-taxable","15":"purchasable","16":"product-type-simple"},"yoast_head":"<!-- This site is optimized with the Yoast SEO plugin v27.3 - https:\/\/yoast.com\/product\/yoast-seo-wordpress\/ -->\n<title>Forst Schultertragesystem \u2022 Werkzeugg\u00fcrtel &amp; Forstg\u00fcrtel &#8226; Fuegos<\/title>\n<meta name=\"description\" content=\"Schultertragesystem Forstg\u00fcrtel &amp; Werkzeugg\u00fcrtel. G\u00fcrtelsystem &amp; Werkzeugg\u00fcrtel f\u00fcr Profis. Ergonomisch 100\u00a0% Made in Germany.\" \/>\n<meta name=\"robots\" content=\"index, follow, max-snippet:-1, max-image-preview:large, max-video-preview:-1\" \/>\n<link rel=\"canonical\" href=\"https:\/\/www.fuegos.eu\/es\/product\/schultertragesystem-forstguertel-werkzeugguertel\/\" \/>\n<meta property=\"og:locale\" content=\"es_ES\" \/>\n<meta property=\"og:type\" content=\"article\" \/>\n<meta property=\"og:title\" content=\"Forst Schultertragesystem \u2022 Werkzeugg\u00fcrtel &amp; Forstg\u00fcrtel &#8226; Fuegos\" \/>\n<meta property=\"og:description\" content=\"Schultertragesystem Forstg\u00fcrtel &amp; Werkzeugg\u00fcrtel. G\u00fcrtelsystem &amp; Werkzeugg\u00fcrtel f\u00fcr Profis. Ergonomisch 100\u00a0% Made in Germany.\" \/>\n<meta property=\"og:url\" content=\"https:\/\/www.fuegos.eu\/es\/product\/schultertragesystem-forstguertel-werkzeugguertel\/\" \/>\n<meta property=\"og:site_name\" content=\"Fuegos\" \/>\n<meta property=\"article:publisher\" content=\"https:\/\/www.facebook.com\/FuegosForst\/\" \/>\n<meta property=\"article:modified_time\" content=\"2026-02-24T22:27:45+00:00\" \/>\n<meta property=\"og:image\" content=\"https:\/\/www.fuegos.eu\/wp-content\/uploads\/2020\/04\/800x800.jpg\" \/>\n\t<meta property=\"og:image:width\" content=\"800\" \/>\n\t<meta property=\"og:image:height\" content=\"800\" \/>\n\t<meta property=\"og:image:type\" content=\"image\/jpeg\" \/>\n<meta name=\"twitter:card\" content=\"summary_large_image\" \/>\n<meta name=\"twitter:label1\" content=\"Tiempo de lectura\" \/>\n\t<meta name=\"twitter:data1\" content=\"4 minutos\" \/>\n<script type=\"application\/ld+json\" class=\"yoast-schema-graph\">{\"@context\":\"https:\\\/\\\/schema.org\",\"@graph\":[{\"@type\":\"WebPage\",\"@id\":\"https:\\\/\\\/www.fuegos.eu\\\/product\\\/schultertragesystem-forstguertel-werkzeugguertel\\\/\",\"url\":\"https:\\\/\\\/www.fuegos.eu\\\/product\\\/schultertragesystem-forstguertel-werkzeugguertel\\\/\",\"name\":\"Forst Schultertragesystem \u2022 Werkzeugg\u00fcrtel & Forstg\u00fcrtel &#8226; Fuegos\",\"isPartOf\":{\"@id\":\"https:\\\/\\\/www.fuegos.eu\\\/#website\"},\"primaryImageOfPage\":{\"@id\":\"https:\\\/\\\/www.fuegos.eu\\\/product\\\/schultertragesystem-forstguertel-werkzeugguertel\\\/#primaryimage\"},\"image\":{\"@id\":\"https:\\\/\\\/www.fuegos.eu\\\/product\\\/schultertragesystem-forstguertel-werkzeugguertel\\\/#primaryimage\"},\"thumbnailUrl\":\"https:\\\/\\\/www.fuegos.eu\\\/wp-content\\\/uploads\\\/2020\\\/04\\\/800x800.jpg\",\"datePublished\":\"2020-04-28T12:28:38+00:00\",\"dateModified\":\"2026-02-24T22:27:45+00:00\",\"description\":\"Schultertragesystem Forstg\u00fcrtel & Werkzeugg\u00fcrtel. G\u00fcrtelsystem & Werkzeugg\u00fcrtel f\u00fcr Profis. Ergonomisch 100\u00a0% Made in Germany.\",\"breadcrumb\":{\"@id\":\"https:\\\/\\\/www.fuegos.eu\\\/product\\\/schultertragesystem-forstguertel-werkzeugguertel\\\/#breadcrumb\"},\"inLanguage\":\"es\",\"potentialAction\":[{\"@type\":\"ReadAction\",\"target\":[\"https:\\\/\\\/www.fuegos.eu\\\/product\\\/schultertragesystem-forstguertel-werkzeugguertel\\\/\"]}]},{\"@type\":\"ImageObject\",\"inLanguage\":\"es\",\"@id\":\"https:\\\/\\\/www.fuegos.eu\\\/product\\\/schultertragesystem-forstguertel-werkzeugguertel\\\/#primaryimage\",\"url\":\"https:\\\/\\\/www.fuegos.eu\\\/wp-content\\\/uploads\\\/2020\\\/04\\\/800x800.jpg\",\"contentUrl\":\"https:\\\/\\\/www.fuegos.eu\\\/wp-content\\\/uploads\\\/2020\\\/04\\\/800x800.jpg\",\"width\":800,\"height\":800,\"caption\":\"Schultertragesystem Forstkoppel\"},{\"@type\":\"BreadcrumbList\",\"@id\":\"https:\\\/\\\/www.fuegos.eu\\\/product\\\/schultertragesystem-forstguertel-werkzeugguertel\\\/#breadcrumb\",\"itemListElement\":[{\"@type\":\"ListItem\",\"position\":1,\"name\":\"Home\",\"item\":\"https:\\\/\\\/www.fuegos.eu\\\/\"},{\"@type\":\"ListItem\",\"position\":2,\"name\":\"Shop\",\"item\":\"https:\\\/\\\/www.fuegos.eu\\\/forstguertel-taschen-online-kaufen\\\/\"},{\"@type\":\"ListItem\",\"position\":3,\"name\":\"Forst Schultertragesystem \u2022 Werkzeugg\u00fcrtel &#038; Forstg\u00fcrtel\"}]},{\"@type\":\"WebSite\",\"@id\":\"https:\\\/\\\/www.fuegos.eu\\\/#website\",\"url\":\"https:\\\/\\\/www.fuegos.eu\\\/\",\"name\":\"Fuegos\",\"description\":\"Textile L\u00f6sungen nach Ma\u00df\",\"publisher\":{\"@id\":\"https:\\\/\\\/www.fuegos.eu\\\/#organization\"},\"potentialAction\":[{\"@type\":\"SearchAction\",\"target\":{\"@type\":\"EntryPoint\",\"urlTemplate\":\"https:\\\/\\\/www.fuegos.eu\\\/?s={search_term_string}\"},\"query-input\":{\"@type\":\"PropertyValueSpecification\",\"valueRequired\":true,\"valueName\":\"search_term_string\"}}],\"inLanguage\":\"es\"},{\"@type\":\"Organization\",\"@id\":\"https:\\\/\\\/www.fuegos.eu\\\/#organization\",\"name\":\"Fuegos\",\"url\":\"https:\\\/\\\/www.fuegos.eu\\\/\",\"logo\":{\"@type\":\"ImageObject\",\"inLanguage\":\"es\",\"@id\":\"https:\\\/\\\/www.fuegos.eu\\\/#\\\/schema\\\/logo\\\/image\\\/\",\"url\":\"https:\\\/\\\/fuegos.eu\\\/wp-content\\\/uploads\\\/2020\\\/05\\\/FuegosSignatur000.jpg\",\"contentUrl\":\"https:\\\/\\\/fuegos.eu\\\/wp-content\\\/uploads\\\/2020\\\/05\\\/FuegosSignatur000.jpg\",\"width\":960,\"height\":408,\"caption\":\"Fuegos\"},\"image\":{\"@id\":\"https:\\\/\\\/www.fuegos.eu\\\/#\\\/schema\\\/logo\\\/image\\\/\"},\"sameAs\":[\"https:\\\/\\\/www.facebook.com\\\/FuegosForst\\\/\",\"https:\\\/\\\/www.youtube.com\\\/channel\\\/UC0SFe93Vgi6YZV6tSCOLdkA\"]}]}<\/script>\n<!-- \/ Yoast SEO plugin. -->","yoast_head_json":{"title":"Forst Schultertragesystem \u2022 Werkzeugg\u00fcrtel & Forstg\u00fcrtel &#8226; Fuegos","description":"Schultertragesystem Forstg\u00fcrtel & Werkzeugg\u00fcrtel. G\u00fcrtelsystem & Werkzeugg\u00fcrtel f\u00fcr Profis. Ergonomisch 100\u00a0% Made in Germany.","robots":{"index":"index","follow":"follow","max-snippet":"max-snippet:-1","max-image-preview":"max-image-preview:large","max-video-preview":"max-video-preview:-1"},"canonical":"https:\/\/www.fuegos.eu\/es\/product\/schultertragesystem-forstguertel-werkzeugguertel\/","og_locale":"es_ES","og_type":"article","og_title":"Forst Schultertragesystem \u2022 Werkzeugg\u00fcrtel & Forstg\u00fcrtel &#8226; Fuegos","og_description":"Schultertragesystem Forstg\u00fcrtel & Werkzeugg\u00fcrtel. G\u00fcrtelsystem & Werkzeugg\u00fcrtel f\u00fcr Profis. Ergonomisch 100\u00a0% Made in Germany.","og_url":"https:\/\/www.fuegos.eu\/es\/product\/schultertragesystem-forstguertel-werkzeugguertel\/","og_site_name":"Fuegos","article_publisher":"https:\/\/www.facebook.com\/FuegosForst\/","article_modified_time":"2026-02-24T22:27:45+00:00","og_image":[{"width":800,"height":800,"url":"https:\/\/www.fuegos.eu\/wp-content\/uploads\/2020\/04\/800x800.jpg","type":"image\/jpeg"}],"twitter_card":"summary_large_image","twitter_misc":{"Tiempo de lectura":"4 minutos"},"schema":{"@context":"https:\/\/schema.org","@graph":[{"@type":"WebPage","@id":"https:\/\/www.fuegos.eu\/product\/schultertragesystem-forstguertel-werkzeugguertel\/","url":"https:\/\/www.fuegos.eu\/product\/schultertragesystem-forstguertel-werkzeugguertel\/","name":"Forst Schultertragesystem \u2022 Werkzeugg\u00fcrtel & Forstg\u00fcrtel &#8226; Fuegos","isPartOf":{"@id":"https:\/\/www.fuegos.eu\/#website"},"primaryImageOfPage":{"@id":"https:\/\/www.fuegos.eu\/product\/schultertragesystem-forstguertel-werkzeugguertel\/#primaryimage"},"image":{"@id":"https:\/\/www.fuegos.eu\/product\/schultertragesystem-forstguertel-werkzeugguertel\/#primaryimage"},"thumbnailUrl":"https:\/\/www.fuegos.eu\/wp-content\/uploads\/2020\/04\/800x800.jpg","datePublished":"2020-04-28T12:28:38+00:00","dateModified":"2026-02-24T22:27:45+00:00","description":"Schultertragesystem Forstg\u00fcrtel & Werkzeugg\u00fcrtel. G\u00fcrtelsystem & Werkzeugg\u00fcrtel f\u00fcr Profis. Ergonomisch 100\u00a0% Made in Germany.","breadcrumb":{"@id":"https:\/\/www.fuegos.eu\/product\/schultertragesystem-forstguertel-werkzeugguertel\/#breadcrumb"},"inLanguage":"es","potentialAction":[{"@type":"ReadAction","target":["https:\/\/www.fuegos.eu\/product\/schultertragesystem-forstguertel-werkzeugguertel\/"]}]},{"@type":"ImageObject","inLanguage":"es","@id":"https:\/\/www.fuegos.eu\/product\/schultertragesystem-forstguertel-werkzeugguertel\/#primaryimage","url":"https:\/\/www.fuegos.eu\/wp-content\/uploads\/2020\/04\/800x800.jpg","contentUrl":"https:\/\/www.fuegos.eu\/wp-content\/uploads\/2020\/04\/800x800.jpg","width":800,"height":800,"caption":"Schultertragesystem Forstkoppel"},{"@type":"BreadcrumbList","@id":"https:\/\/www.fuegos.eu\/product\/schultertragesystem-forstguertel-werkzeugguertel\/#breadcrumb","itemListElement":[{"@type":"ListItem","position":1,"name":"Home","item":"https:\/\/www.fuegos.eu\/"},{"@type":"ListItem","position":2,"name":"Shop","item":"https:\/\/www.fuegos.eu\/forstguertel-taschen-online-kaufen\/"},{"@type":"ListItem","position":3,"name":"Forst Schultertragesystem \u2022 Werkzeugg\u00fcrtel &#038; Forstg\u00fcrtel"}]},{"@type":"WebSite","@id":"https:\/\/www.fuegos.eu\/#website","url":"https:\/\/www.fuegos.eu\/","name":"Inicio","description":"Soluciones textiles","publisher":{"@id":"https:\/\/www.fuegos.eu\/#organization"},"potentialAction":[{"@type":"SearchAction","target":{"@type":"EntryPoint","urlTemplate":"https:\/\/www.fuegos.eu\/?s={search_term_string}"},"query-input":{"@type":"PropertyValueSpecification","valueRequired":true,"valueName":"search_term_string"}}],"inLanguage":"es"},{"@type":"Organization","@id":"https:\/\/www.fuegos.eu\/#organization","name":"Inicio","url":"https:\/\/www.fuegos.eu\/","logo":{"@type":"ImageObject","inLanguage":"es","@id":"https:\/\/www.fuegos.eu\/#\/schema\/logo\/image\/","url":"https:\/\/fuegos.eu\/wp-content\/uploads\/2020\/05\/FuegosSignatur000.jpg","contentUrl":"https:\/\/fuegos.eu\/wp-content\/uploads\/2020\/05\/FuegosSignatur000.jpg","width":960,"height":408,"caption":"Fuegos"},"image":{"@id":"https:\/\/www.fuegos.eu\/#\/schema\/logo\/image\/"},"sameAs":["https:\/\/www.facebook.com\/FuegosForst\/","https:\/\/www.youtube.com\/channel\/UC0SFe93Vgi6YZV6tSCOLdkA"]}]}},"_links":{"self":[{"href":"https:\/\/www.fuegos.eu\/es\/wp-json\/wp\/v2\/product\/1268","targetHints":{"allow":["GET"]}}],"collection":[{"href":"https:\/\/www.fuegos.eu\/es\/wp-json\/wp\/v2\/product"}],"about":[{"href":"https:\/\/www.fuegos.eu\/es\/wp-json\/wp\/v2\/types\/product"}],"replies":[{"embeddable":true,"href":"https:\/\/www.fuegos.eu\/es\/wp-json\/wp\/v2\/comments?post=1268"}],"wp:featuredmedia":[{"embeddable":true,"href":"https:\/\/www.fuegos.eu\/es\/wp-json\/wp\/v2\/media\/254407"}],"wp:attachment":[{"href":"https:\/\/www.fuegos.eu\/es\/wp-json\/wp\/v2\/media?parent=1268"}],"wp:term":[{"taxonomy":"product_brand","embeddable":true,"href":"https:\/\/www.fuegos.eu\/es\/wp-json\/wp\/v2\/product_brand?post=1268"},{"taxonomy":"product_cat","embeddable":true,"href":"https:\/\/www.fuegos.eu\/es\/wp-json\/wp\/v2\/product_cat?post=1268"},{"taxonomy":"product_tag","embeddable":true,"href":"https:\/\/www.fuegos.eu\/es\/wp-json\/wp\/v2\/product_tag?post=1268"}],"curies":[{"name":"wp","href":"https:\/\/api.w.org\/{rel}","templated":true}]}}