{"id":228913,"date":"2020-05-04T15:10:40","date_gmt":"2020-05-04T13:10:40","guid":{"rendered":"https:\/\/www.fuegos.eu\/?post_type=product&#038;p=228913"},"modified":"2024-12-19T18:02:23","modified_gmt":"2024-12-19T17:02:23","slug":"foerster-schultertragesystem","status":"publish","type":"product","link":"https:\/\/www.fuegos.eu\/es\/product\/foerster-schultertragesystem\/","title":{"rendered":"Ranger lleva del hombro de PROMOCI\u00d3N del sistema-STS001"},"content":{"rendered":"<ul>\n<li>Voll kompatibel mit allen Fuegos H\u00fcftg\u00fcrtel und Werkzeugtaschen<\/li>\n<li>Ankoppelbar an alle g\u00e4ngige Werkzeugg\u00fcrtel bis 5 cm Breite<\/li>\n<li>Innenfl\u00e4che: Atmungsaktiv durch 3D-Meshstoff<\/li>\n<li>Au\u00dfenstoff: Abriebbest\u00e4ndig, strapazierf\u00e4hig, wasserabweisend<\/li>\n<li>Komfortabel gepolstert und dennoch leicht, schmal und klein<\/li>\n<li>Best\u00fcckt mit Hig-Tenacity Gurte und hochwertige, sto\u00dffeste Beschlagteile<\/li>\n<li>Rei\u00dffestigkeit 50 daN<\/li>\n<\/ul>\n<p>Voll kompatibel auch mit Fuegos<\/p>\n<ul>\n<li class=\"translation-block\"><strong>Tablet Schutztasche f\u00fcr Samsung Galaxy 2<\/strong>. Diese erm\u00f6glicht durch Anbringung am Tragesystem dem Anwender die einh\u00e4ndige Bedienung des Tabs in der Horizontale, sowie der Vertikalen. Im geschlossenen Zustand bleiben dank der Aufh\u00e4ngung beide H\u00e4nde des Anwenders frei. F\u00fcr andere Arbeiten oder f\u00fcr sprachgesteuerte Aufnahmen.<\/li>\n<li class=\"translation-block\"><strong>Smartphone-Schutztasche <\/strong>f\u00fcr Samsung X-Cover f\u00fcr Sprachsteuerungsprogramme bereits konzipiert<\/li>\n<li class=\"translation-block\"><strong>Schutztasche f\u00fcr digitale wie analoge<\/strong> KuNo Funkger\u00e4te<\/li>\n<li class=\"translation-block\"><strong>GPS<\/strong><strong>-Schutztasche. <\/strong>Mit Systemen von Logbuch kompatibel.<\/li>\n<li>etc.<\/li>\n<\/ul>\n<p class=\"translation-block\"><b>Produkt bietet dem Tr\u00e4ger bedingten Zusatzschutz gegen an K\u00f6rper aufprallende Kr\u00e4fte. Sicherheit, Komfort, Funktion und Langlebigkeit<br>\r\nerf\u00fcllen die gewohnte Fuegos Standards.<\/b><\/p>\n<h5><b>Wichtiger Hinweis: Fuegos FW-STS100 ist grunds\u00e4tzlich nicht zur Sicherung von Personen bei Arbeiten mit Absturzgefahr.<\/b><\/h5>\n<p class=\"translation-block\">S<strong>chultertragesystem, Werkzeugg\u00fcrtel und Taschen sind per Hand oder im Schongang, 30\u00b0 waschbar<\/strong>. Nicht schleudern, nicht Trockner geeignet.<\/p>\n<p>&nbsp;<\/p>\n<h3><strong>Bekannt durch:<\/strong><\/h3>\n<ul>\n<li><a href=\"https:\/\/www.forstpraxis.de\/fuego-sport-tragesystem-forst\/\">Test: Fuego-Sport Tragesystem <\/a>\u2013 Forst&amp;Technik<\/li>\n<li><a href=\"https:\/\/www.forstpraxis.de\/fuegos-rapid-klick\/\">Fuegos mit Rapid-Klick<\/a> \u2013 Forst&amp;Technik<\/li>\n<li><a href=\"https:\/\/www.forstpraxis.de\/leichte-schulter\/\"> Leichte Schulter<\/a> \u2013 Forst&amp;Technik<\/li>\n<li class=\"translation-block\"><a href=\"https:\/\/www.profi.de\/aktuell\/neuheiten\/multifunktionales-forst-tragesystem-12379412.html\" target=\"_blank\" rel=\"noopener\">Multifunktionales Forst-Tragesystem<\/a> \u2013 Zeitschrift Profi<\/li>\n<\/ul>","protected":false},"excerpt":{"rendered":"<pre>F\u00d6-STS001 Schultertragesystemsangebot ohne Taschen, Werkzeuge oder Ger\u00e4te.<\/pre>\n<h4><strong>Das F\u00d6-STS001 ist Teil des von Fuegos komplett entwickelten Gesamtkonzepts f\u00fcr F\u00f6rster und technische Produktionsunterst\u00fctzung.<\/strong><\/h4>\n<h4><strong>Es wurde kreiert um<\/strong><\/h4>\n<ul>\n<li><strong>die Gewichtsbelastung und Balance vom H\u00fcftbereich besser zur Schulter- und R\u00fcckenpartie verteilen zu k\u00f6nnen und<\/strong><\/li>\n<li><strong>die f\u00f6rsterliche T\u00e4tigkeit im Wald ergonomischer,<br \/>\n<\/strong><\/li>\n<li><strong>praktischer,<\/strong><\/li>\n<li><strong>sicherer und<\/strong><\/li>\n<li><strong>effektiver zu unterst\u00fctzen<\/strong><\/li>\n<\/ul>\n<p>&nbsp;<\/p>\n<p>Aber am Wichtigsten: Es ist erforderlich f\u00fcr stabile und teilweise einh\u00e4ndige so wie handlose Nutzung bzw. Sprachsteuerung Nutzung -durch Fuegos Zusatzequipment- digitaler Aparatur in Zeiten der Industrie 4.0. Es erm\u00f6glicht die Nutzung von Tabs und Smarthphones oder GPS Empf\u00e4nger mit effizienz, Schnelligkeit, Komfort und Sicherheit.<\/p>\n<ul>\n<li>Universal Gr\u00f6\u00dfe (von 1,55 bis 2,05 cm K\u00f6rpergr\u00f6\u00dfe)<\/li>\n<\/ul>","protected":false},"featured_media":254409,"comment_status":"open","ping_status":"closed","template":"","meta":{"_et_pb_use_builder":"off","_et_pb_old_content":"<ul>\r\n \t<li>Voll kompatibel mit alle Fuegos H\u00fcftg\u00fcrtel und Werkzeugtaschen<\/li>\r\n \t<li>Ankoppelbar an alle g\u00e4ngige Werkzeugg\u00fcrtel bis 5 cm Breite<\/li>\r\n \t<li>Innenfl\u00e4che: Atmungsaktiv durch 3D-Meshstoff<\/li>\r\n \t<li>Au\u00dfenstoff: Abriebbest\u00e4ndig, strappazierf\u00e4hig, wasserabweisend<\/li>\r\n \t<li>Komfortabel gepolstert und dennoch leicht, schmal und klein<\/li>\r\n \t<li>Best\u00fcckt mit Hig-Tenacity Gurte und hochwertige, sto\u00dffeste Beschlagteile<\/li>\r\n \t<li>Rei\u00dffestigkeit 50 daN<\/li>\r\n<\/ul>\r\n\u00a0\r\n\r\nVoll kompatibel auch mit Fuegos\r\n<ul>\r\n \t<li><strong>Tablet Schutztasche f\u00fcr Samsung Galaxy 2<\/strong>. Diese erm\u00f6glicht durch Anbringung am Tragesystem dem Anwender die einh\u00e4ndige Bedienung des Tabs in der Horizontale, sowie der Vertikalen. Im geschlossenen Zustand bleiben dank der Aufh\u00e4ngung beide H\u00e4nde des Anwenders frei. F\u00fcr andere Arbeiten oder f\u00fcr Sprachgesteuerte Aufnahmen<\/li>\r\n \t<li><strong>Smarthphone-Schutztasche <\/strong>f\u00fcr Samsung X-Cover f\u00fcr Sprachsteuerungsprogramme bereits konzipiert<strong>\r\n<\/strong><\/li>\r\n \t<li><strong>Schutztasche f\u00fcr Digitale wie analoge<\/strong> KuNo Funkger\u00e4te<\/li>\r\n \t<li><strong>GPS<\/strong><strong>-Schutztasche. <\/strong>Mit Systemen von Logbuch kompatibel<\/li>\r\n \t<li>etc.<\/li>\r\n<\/ul>\r\n<b>Produkt bietet dem Tr\u00e4ger bedingten Zusatzschutz gegen an K\u00f6rper aufprallende Kr\u00e4fte. Sicherheit, Komfort, Funktion und Langlebigkeit\r\nerf\u00fcllen die gewohnte Fuegos Standards.<\/b>\r\n<h5><b>Wichtiger Hinweis: Fuegos FW-TS100 ist grunds\u00e4tzlich nicht zur Sicherung von Personen bei Arbeiten mit Absturzgefahr.<\/b><\/h5>\r\nS<strong>chultertragesystem, werkzeugg\u00fcrtel und Taschen sind per Hand oder im Schongang, 30\u00b0 waschbar<\/strong>. Nicht schleudern, nicht Trockner geeignet","_et_gb_content_width":""},"product_brand":[],"product_cat":[25,34,184,24],"product_tag":[],"class_list":{"0":"post-228913","1":"product","2":"type-product","3":"status-publish","4":"has-post-thumbnail","6":"product_cat-forst","7":"product_cat-foerster","8":"product_cat-schultertragesystem","9":"product_cat-tragesysteme","11":"first","12":"instock","13":"taxable","14":"shipping-taxable","15":"purchasable","16":"product-type-simple"},"yoast_head":"<!-- This site is optimized with the Yoast SEO plugin v27.3 - https:\/\/yoast.com\/product\/yoast-seo-wordpress\/ -->\n<title>F\u00f6rster Schultertragesystem F\u00d6-STS001 &#8226; Fuegos<\/title>\n<meta name=\"description\" content=\"F\u00f6rster Schultertragesystem made in Germany. Vereinfacht die Holzaufnahme im Wald und ist mit allen Forstg\u00fcrteln voll kompatibel\" \/>\n<meta name=\"robots\" content=\"index, follow, max-snippet:-1, max-image-preview:large, max-video-preview:-1\" \/>\n<link rel=\"canonical\" href=\"https:\/\/www.fuegos.eu\/es\/product\/foerster-schultertragesystem\/\" \/>\n<meta property=\"og:locale\" content=\"es_ES\" \/>\n<meta property=\"og:type\" content=\"article\" \/>\n<meta property=\"og:title\" content=\"F\u00f6rster Schultertragesystem F\u00d6-STS001 &#8226; Fuegos\" \/>\n<meta property=\"og:description\" content=\"F\u00f6rster Schultertragesystem made in Germany. Vereinfacht die Holzaufnahme im Wald und ist mit allen Forstg\u00fcrteln voll kompatibel\" \/>\n<meta property=\"og:url\" content=\"https:\/\/www.fuegos.eu\/es\/product\/foerster-schultertragesystem\/\" \/>\n<meta property=\"og:site_name\" content=\"Fuegos\" \/>\n<meta property=\"article:publisher\" content=\"https:\/\/www.facebook.com\/FuegosForst\/\" \/>\n<meta property=\"article:modified_time\" content=\"2024-12-19T17:02:23+00:00\" \/>\n<meta property=\"og:image\" content=\"https:\/\/www.fuegos.eu\/wp-content\/uploads\/2020\/05\/800x800-min.jpg\" \/>\n\t<meta property=\"og:image:width\" content=\"800\" \/>\n\t<meta property=\"og:image:height\" content=\"864\" \/>\n\t<meta property=\"og:image:type\" content=\"image\/jpeg\" \/>\n<meta name=\"twitter:card\" content=\"summary_large_image\" \/>\n<meta name=\"twitter:label1\" content=\"Tiempo de lectura\" \/>\n\t<meta name=\"twitter:data1\" content=\"1 minuto\" \/>\n<script type=\"application\/ld+json\" class=\"yoast-schema-graph\">{\"@context\":\"https:\\\/\\\/schema.org\",\"@graph\":[{\"@type\":\"WebPage\",\"@id\":\"https:\\\/\\\/www.fuegos.eu\\\/product\\\/foerster-schultertragesystem\\\/\",\"url\":\"https:\\\/\\\/www.fuegos.eu\\\/product\\\/foerster-schultertragesystem\\\/\",\"name\":\"F\u00f6rster Schultertragesystem F\u00d6-STS001 &#8226; Fuegos\",\"isPartOf\":{\"@id\":\"https:\\\/\\\/www.fuegos.eu\\\/#website\"},\"primaryImageOfPage\":{\"@id\":\"https:\\\/\\\/www.fuegos.eu\\\/product\\\/foerster-schultertragesystem\\\/#primaryimage\"},\"image\":{\"@id\":\"https:\\\/\\\/www.fuegos.eu\\\/product\\\/foerster-schultertragesystem\\\/#primaryimage\"},\"thumbnailUrl\":\"https:\\\/\\\/www.fuegos.eu\\\/wp-content\\\/uploads\\\/2020\\\/05\\\/800x800-min.jpg\",\"datePublished\":\"2020-05-04T13:10:40+00:00\",\"dateModified\":\"2024-12-19T17:02:23+00:00\",\"description\":\"F\u00f6rster Schultertragesystem made in Germany. Vereinfacht die Holzaufnahme im Wald und ist mit allen Forstg\u00fcrteln voll kompatibel\",\"breadcrumb\":{\"@id\":\"https:\\\/\\\/www.fuegos.eu\\\/product\\\/foerster-schultertragesystem\\\/#breadcrumb\"},\"inLanguage\":\"es\",\"potentialAction\":[{\"@type\":\"ReadAction\",\"target\":[\"https:\\\/\\\/www.fuegos.eu\\\/product\\\/foerster-schultertragesystem\\\/\"]}]},{\"@type\":\"ImageObject\",\"inLanguage\":\"es\",\"@id\":\"https:\\\/\\\/www.fuegos.eu\\\/product\\\/foerster-schultertragesystem\\\/#primaryimage\",\"url\":\"https:\\\/\\\/www.fuegos.eu\\\/wp-content\\\/uploads\\\/2020\\\/05\\\/800x800-min.jpg\",\"contentUrl\":\"https:\\\/\\\/www.fuegos.eu\\\/wp-content\\\/uploads\\\/2020\\\/05\\\/800x800-min.jpg\",\"width\":800,\"height\":864,\"caption\":\"F\u00f6rster Forstgurt made by Fuegos- Forsttragesystem in kompletter Ausf\u00fchrung\"},{\"@type\":\"BreadcrumbList\",\"@id\":\"https:\\\/\\\/www.fuegos.eu\\\/product\\\/foerster-schultertragesystem\\\/#breadcrumb\",\"itemListElement\":[{\"@type\":\"ListItem\",\"position\":1,\"name\":\"Home\",\"item\":\"https:\\\/\\\/www.fuegos.eu\\\/\"},{\"@type\":\"ListItem\",\"position\":2,\"name\":\"Shop\",\"item\":\"https:\\\/\\\/www.fuegos.eu\\\/forstguertel-taschen-online-kaufen\\\/\"},{\"@type\":\"ListItem\",\"position\":3,\"name\":\"F\u00f6rster Schultertragesystem F\u00d6-STS001\"}]},{\"@type\":\"WebSite\",\"@id\":\"https:\\\/\\\/www.fuegos.eu\\\/#website\",\"url\":\"https:\\\/\\\/www.fuegos.eu\\\/\",\"name\":\"Fuegos\",\"description\":\"Textile L\u00f6sungen nach Ma\u00df\",\"publisher\":{\"@id\":\"https:\\\/\\\/www.fuegos.eu\\\/#organization\"},\"potentialAction\":[{\"@type\":\"SearchAction\",\"target\":{\"@type\":\"EntryPoint\",\"urlTemplate\":\"https:\\\/\\\/www.fuegos.eu\\\/?s={search_term_string}\"},\"query-input\":{\"@type\":\"PropertyValueSpecification\",\"valueRequired\":true,\"valueName\":\"search_term_string\"}}],\"inLanguage\":\"es\"},{\"@type\":\"Organization\",\"@id\":\"https:\\\/\\\/www.fuegos.eu\\\/#organization\",\"name\":\"Fuegos\",\"url\":\"https:\\\/\\\/www.fuegos.eu\\\/\",\"logo\":{\"@type\":\"ImageObject\",\"inLanguage\":\"es\",\"@id\":\"https:\\\/\\\/www.fuegos.eu\\\/#\\\/schema\\\/logo\\\/image\\\/\",\"url\":\"https:\\\/\\\/fuegos.eu\\\/wp-content\\\/uploads\\\/2020\\\/05\\\/FuegosSignatur000.jpg\",\"contentUrl\":\"https:\\\/\\\/fuegos.eu\\\/wp-content\\\/uploads\\\/2020\\\/05\\\/FuegosSignatur000.jpg\",\"width\":960,\"height\":408,\"caption\":\"Fuegos\"},\"image\":{\"@id\":\"https:\\\/\\\/www.fuegos.eu\\\/#\\\/schema\\\/logo\\\/image\\\/\"},\"sameAs\":[\"https:\\\/\\\/www.facebook.com\\\/FuegosForst\\\/\",\"https:\\\/\\\/www.youtube.com\\\/channel\\\/UC0SFe93Vgi6YZV6tSCOLdkA\"]}]}<\/script>\n<!-- \/ Yoast SEO plugin. -->","yoast_head_json":{"title":"F\u00f6rster Schultertragesystem F\u00d6-STS001 &#8226; Fuegos","description":"F\u00f6rster Schultertragesystem made in Germany. Vereinfacht die Holzaufnahme im Wald und ist mit allen Forstg\u00fcrteln voll kompatibel","robots":{"index":"index","follow":"follow","max-snippet":"max-snippet:-1","max-image-preview":"max-image-preview:large","max-video-preview":"max-video-preview:-1"},"canonical":"https:\/\/www.fuegos.eu\/es\/product\/foerster-schultertragesystem\/","og_locale":"es_ES","og_type":"article","og_title":"F\u00f6rster Schultertragesystem F\u00d6-STS001 &#8226; Fuegos","og_description":"F\u00f6rster Schultertragesystem made in Germany. Vereinfacht die Holzaufnahme im Wald und ist mit allen Forstg\u00fcrteln voll kompatibel","og_url":"https:\/\/www.fuegos.eu\/es\/product\/foerster-schultertragesystem\/","og_site_name":"Fuegos","article_publisher":"https:\/\/www.facebook.com\/FuegosForst\/","article_modified_time":"2024-12-19T17:02:23+00:00","og_image":[{"width":800,"height":864,"url":"https:\/\/www.fuegos.eu\/wp-content\/uploads\/2020\/05\/800x800-min.jpg","type":"image\/jpeg"}],"twitter_card":"summary_large_image","twitter_misc":{"Tiempo de lectura":"1 minuto"},"schema":{"@context":"https:\/\/schema.org","@graph":[{"@type":"WebPage","@id":"https:\/\/www.fuegos.eu\/product\/foerster-schultertragesystem\/","url":"https:\/\/www.fuegos.eu\/product\/foerster-schultertragesystem\/","name":"F\u00f6rster Schultertragesystem F\u00d6-STS001 &#8226; Fuegos","isPartOf":{"@id":"https:\/\/www.fuegos.eu\/#website"},"primaryImageOfPage":{"@id":"https:\/\/www.fuegos.eu\/product\/foerster-schultertragesystem\/#primaryimage"},"image":{"@id":"https:\/\/www.fuegos.eu\/product\/foerster-schultertragesystem\/#primaryimage"},"thumbnailUrl":"https:\/\/www.fuegos.eu\/wp-content\/uploads\/2020\/05\/800x800-min.jpg","datePublished":"2020-05-04T13:10:40+00:00","dateModified":"2024-12-19T17:02:23+00:00","description":"F\u00f6rster Schultertragesystem made in Germany. Vereinfacht die Holzaufnahme im Wald und ist mit allen Forstg\u00fcrteln voll kompatibel","breadcrumb":{"@id":"https:\/\/www.fuegos.eu\/product\/foerster-schultertragesystem\/#breadcrumb"},"inLanguage":"es","potentialAction":[{"@type":"ReadAction","target":["https:\/\/www.fuegos.eu\/product\/foerster-schultertragesystem\/"]}]},{"@type":"ImageObject","inLanguage":"es","@id":"https:\/\/www.fuegos.eu\/product\/foerster-schultertragesystem\/#primaryimage","url":"https:\/\/www.fuegos.eu\/wp-content\/uploads\/2020\/05\/800x800-min.jpg","contentUrl":"https:\/\/www.fuegos.eu\/wp-content\/uploads\/2020\/05\/800x800-min.jpg","width":800,"height":864,"caption":"F\u00f6rster Forstgurt made by Fuegos- Forsttragesystem in kompletter Ausf\u00fchrung"},{"@type":"BreadcrumbList","@id":"https:\/\/www.fuegos.eu\/product\/foerster-schultertragesystem\/#breadcrumb","itemListElement":[{"@type":"ListItem","position":1,"name":"Home","item":"https:\/\/www.fuegos.eu\/"},{"@type":"ListItem","position":2,"name":"Shop","item":"https:\/\/www.fuegos.eu\/forstguertel-taschen-online-kaufen\/"},{"@type":"ListItem","position":3,"name":"F\u00f6rster Schultertragesystem F\u00d6-STS001"}]},{"@type":"WebSite","@id":"https:\/\/www.fuegos.eu\/#website","url":"https:\/\/www.fuegos.eu\/","name":"Inicio","description":"Soluciones textiles","publisher":{"@id":"https:\/\/www.fuegos.eu\/#organization"},"potentialAction":[{"@type":"SearchAction","target":{"@type":"EntryPoint","urlTemplate":"https:\/\/www.fuegos.eu\/?s={search_term_string}"},"query-input":{"@type":"PropertyValueSpecification","valueRequired":true,"valueName":"search_term_string"}}],"inLanguage":"es"},{"@type":"Organization","@id":"https:\/\/www.fuegos.eu\/#organization","name":"Inicio","url":"https:\/\/www.fuegos.eu\/","logo":{"@type":"ImageObject","inLanguage":"es","@id":"https:\/\/www.fuegos.eu\/#\/schema\/logo\/image\/","url":"https:\/\/fuegos.eu\/wp-content\/uploads\/2020\/05\/FuegosSignatur000.jpg","contentUrl":"https:\/\/fuegos.eu\/wp-content\/uploads\/2020\/05\/FuegosSignatur000.jpg","width":960,"height":408,"caption":"Fuegos"},"image":{"@id":"https:\/\/www.fuegos.eu\/#\/schema\/logo\/image\/"},"sameAs":["https:\/\/www.facebook.com\/FuegosForst\/","https:\/\/www.youtube.com\/channel\/UC0SFe93Vgi6YZV6tSCOLdkA"]}]}},"_links":{"self":[{"href":"https:\/\/www.fuegos.eu\/es\/wp-json\/wp\/v2\/product\/228913","targetHints":{"allow":["GET"]}}],"collection":[{"href":"https:\/\/www.fuegos.eu\/es\/wp-json\/wp\/v2\/product"}],"about":[{"href":"https:\/\/www.fuegos.eu\/es\/wp-json\/wp\/v2\/types\/product"}],"replies":[{"embeddable":true,"href":"https:\/\/www.fuegos.eu\/es\/wp-json\/wp\/v2\/comments?post=228913"}],"wp:featuredmedia":[{"embeddable":true,"href":"https:\/\/www.fuegos.eu\/es\/wp-json\/wp\/v2\/media\/254409"}],"wp:attachment":[{"href":"https:\/\/www.fuegos.eu\/es\/wp-json\/wp\/v2\/media?parent=228913"}],"wp:term":[{"taxonomy":"product_brand","embeddable":true,"href":"https:\/\/www.fuegos.eu\/es\/wp-json\/wp\/v2\/product_brand?post=228913"},{"taxonomy":"product_cat","embeddable":true,"href":"https:\/\/www.fuegos.eu\/es\/wp-json\/wp\/v2\/product_cat?post=228913"},{"taxonomy":"product_tag","embeddable":true,"href":"https:\/\/www.fuegos.eu\/es\/wp-json\/wp\/v2\/product_tag?post=228913"}],"curies":[{"name":"wp","href":"https:\/\/api.w.org\/{rel}","templated":true}]}}