{"id":236972,"date":"2021-05-27T21:48:15","date_gmt":"2021-05-27T19:48:15","guid":{"rendered":"https:\/\/fuegos.eu\/?post_type=product&#038;p=236972"},"modified":"2024-12-19T17:57:22","modified_gmt":"2024-12-19T16:57:22","slug":"nexedge-funkgeraettasche-forstguertel-komplettsystem","status":"publish","type":"product","link":"https:\/\/www.fuegos.eu\/es\/product\/nexedge-funkgeraettasche-forstguertel-komplettsystem\/","title":{"rendered":"Radio de bolsillo para NEXEDGE radios con la funci\u00f3n de la emergencia"},"content":{"rendered":"<h3><strong>Kurzbeschreibung:<\/strong><\/h3>\n<p class=\"translation-block\">Funkger\u00e4tetasche entwickelt f\u00fcr alle <strong>NEXEDGE Handfunkger\u00e4te mit Notruf der Serie 3200\/3300 von Kennwood<\/strong>. Kombinierbar mit Fuegos Forstg\u00fcrtel und Schultertragesystem. Das System ist einfach an- und abkoppelbar. Mit Schultertragesystem oder Forstg\u00fcrtel flexibel einsetzbar.<\/p>\n<h3><\/h3>\n<h3><strong>Die Idee der Fuegos Funkger\u00e4tetasche:<\/strong><\/h3>\n<h4><strong>Gr\u00f6\u00dfere Reichweite und Notrufger\u00e4te-Schutz. Im Detail<br \/>\n<\/strong><\/h4>\n<ul>\n<li style=\"list-style-type: none;\">\n<ul>\n<li><span style=\"font-family: Helvetica, Arial, sans-serif;\">Umrundschutz des Ger\u00e4tes, vor allem<\/span><\/li>\n<li><span style=\"font-family: Helvetica, Arial, sans-serif;\">gegen Harz an der Nothilfetaste,<\/span><\/li>\n<li><span style=\"font-family: Helvetica, Arial, sans-serif;\">dadurch mehr Personensicherheit und<br \/>\n<\/span><\/li>\n<li><span style=\"font-family: Helvetica, Arial, sans-serif;\">l\u00e4ngeres Ger\u00e4teleben<\/span><\/li>\n<li><span style=\"font-family: Helvetica, Arial, sans-serif;\">Am G\u00fcrtel getragen, Ger\u00e4t h\u00e4ngt sicher da wo es sein soll, null Verlustrisiko,<\/span><\/li>\n<li><span style=\"font-family: Helvetica, Arial, sans-serif;\">Gewicht komfortablerweise ausbalanciert<\/span><\/li>\n<li><span style=\"font-family: Helvetica, Arial, sans-serif;\">Headset sichere Anbindung durch innenliegende Unterbringung<\/span><\/li>\n<li><span style=\"font-family: Helvetica, Arial, sans-serif;\">An Ger\u00e4t und Funktion angepasstes Design<br \/>\n<\/span><\/li>\n<\/ul>\n<\/li>\n<\/ul>\n<h3 class=\"translation-block\"><span style=\"font-family: Helvetica, Arial, sans-serif;\"><b>Die Zentrale Funktion i<\/b><\/span><span style=\"font-family: Helvetica, Arial, sans-serif;\"><b>m Zusammenspiel mit unsere <a href=\"https:\/\/www.fuegos.eu\/es\/producto\/schultertragesystem-forstguertel-werkzeugguertel\/\" target=\"_blank\" rel=\"noopener\">Schultertragesysteme Armadillo oder STS100<\/a>:<\/b><\/span><\/h3>\n<h5><span style=\"font-family: Helvetica, Arial, sans-serif;\"><b>Am wichtigsten<\/b><\/span><\/h5>\n<ul>\n<li class=\"translation-block\"><span style=\"font-family: Helvetica, Arial, sans-serif;\"><b>Gr\u00f6\u00dfere Reichweite durch Potenzierung der Sende- und Empfang-Reichweite um \u00fcber 50%, <\/b><\/span><span style=\"font-family: Helvetica, Arial, sans-serif;\"><b>durch Fuegos-STS-Konstruktion und \u00dcberbindungspositionierung der Abschirmung der eigene K\u00f6rpermasse, um die analoge St\u00f6hrung bzw. digitale Bittkippung der Signale zu verhindern.<\/b><\/span><\/li>\n<\/ul>\n<p><span style=\"font-family: Helvetica, Arial, sans-serif;\"><b>Au\u00dferdem<br \/>\n<\/b><\/span><\/p>\n<ul>\n<li><span style=\"font-family: Helvetica, Arial, sans-serif;\">mehr Sicherheit durch Staulasche f\u00fcr Headset Kabeln,<br \/>\n<\/span><\/li>\n<li><span style=\"font-family: Helvetica, Arial, sans-serif;\">mehr Komfort beim Tragen der Headset<\/span><\/li>\n<li><span style=\"font-family: Helvetica, Arial, sans-serif;\">Headset noch sichere Anbindung<\/span><\/li>\n<li><span style=\"font-family: Helvetica, Arial, sans-serif;\">Zus\u00e4tlicher Schutz der Arbeiter gegen Aufprallkr\u00e4fte am R\u00fccken von herunterfallende \u00c4sten.<\/span><\/li>\n<li><span style=\"font-family: Helvetica, Arial, sans-serif;\">Entlastung von Gewicht der Ausr\u00fcstung f\u00fcr die Holzernte &#8211; durch auf dem Forstmarkt einmalige &#8211; komfortablere Polsterung und ergonomisches Design.<br \/>\n<\/span><\/li>\n<li><span style=\"font-family: Helvetica, Arial, sans-serif;\">Mehr Platz am G\u00fcrtel<\/span><\/li>\n<li><span style=\"font-family: Helvetica, Arial, sans-serif;\">An-Abkoppelung f\u00fcr Nutzung am G\u00fcrtel bei Leichteren Arbeitstagen ohne Schultertragesysteme<\/span><\/li>\n<\/ul>\n<p>Fuegos FT100 erm\u00f6glicht in Kombination mit unsere Schultertragesysteme \u00fcber 50% mehr Komunikationsreichweite. Im Wald ist der Empfang nicht immer der beste, unter schlechte Wetterbedingungen halbiert sich sogar. Vor allem im Gel\u00e4nde und Wald die \u00fcber das normaler Ma\u00df hinausgehen, was aber durchaus immer wieder vorkommt au\u00dferhalb der Alpen.<\/p>\n<h3><\/h3>\n<h3><strong>Die Funkger\u00e4tetasche<\/strong><\/h3>\n<h4><strong>Funktion: <\/strong><\/h4>\n<p class=\"translation-block\">Die Funkger\u00e4tetasche ist <strong>speziell f\u00fcr das neue NexEdge NX-3300E2 von Kenwood entwickelt<\/strong>.<strong>&nbsp;<\/strong> Die Positionierung am Schultertragesystem erm\u00f6glicht eine deutlich h\u00f6here Reichweite im Vergleich zur Integration am Forstg\u00fcrtel. Das Anbringen am Schultertragesystem erm\u00f6glicht eine \u00fcber 50 % h\u00f6here Reichweite. Mehr Sicherheit durch Staulasche f\u00fcr Headset Kabeln an Schultertragesystem. Die Schutz-Sichtfolie erm\u00f6glicht das Bedienen des Funkger\u00e4tes ohne es herauszunehmen.<\/p>\n<h4><strong>Material:<\/strong><\/h4>\n<p class=\"translation-block\">Das Material der Funkger\u00e4tetasche besteht aus <strong>abriebfesten Hightech Fuegos Polymerleder<\/strong>. Die Folie ist Touch-durchl\u00e4ssig. Hierdurch ist es besonders witterungsbest\u00e4ndig. Die F\u00e4den der N\u00e4hte sind aus hochwertige Ployfilamente. Hierdurch garantiert <strong>Fuegos<\/strong> <strong>Langlebigkeit<\/strong> bis zum letzten Stich der Naht. Hiermit garantieren wir eine nachhaltige Lebensdauer.<\/p>\n<h4><strong>Vorteile:<\/strong><\/h4>\n<p class=\"translation-block\">Fuegos <strong>erschaft durch seine Tragesysteme mehr Reichweite <\/strong>im Sende-Empang Komunikationsbereich. Diese Funkger\u00e4tetasche ist belastbar und <strong>am Fuegos-Forst-Schulter-System integrierbar<\/strong>. Hierdurch kann der Tr\u00e4ger <strong>eine h\u00f6here Reichweite im Wald erreichen<\/strong>. Gleichzeitig <strong>verhindert<\/strong> das Schultersystem das <strong>Verheddern der Kabel<\/strong> bei der Arbeit. Die Funkger\u00e4tetasche ist auch kompatibel f\u00fcr die verschiedenen Forstg\u00fcrtel-Komplettsysteme. Sie beziehen <strong>Ihr Produkt Made in Germany<\/strong>.<\/p>\n<p>&nbsp;<\/p>\n<h3><strong>Datos T\u00e9cnicos<\/strong><\/h3>\n<h4><strong> Form:<\/strong><\/h4>\n<p>Gleichf\u00f6rmig &#8211; rechteckig. H13,0 x B6,5 x T5,0 cm<\/p>\n<h4><strong>Material<\/strong>:<\/h4>\n<p>Abriebfestes Hightech-Polymerleder.<\/p>\n<h4><strong>Peso:<\/strong><\/h4>\n<p>Leichte 110g.<\/p>\n<h4><strong>Ursprungsland:<\/strong><\/h4>\n<p>Deutschland.<\/p>\n<h4><strong>Anwendung:<\/strong><\/h4>\n<p>Notruf-Funger\u00e4te NexEdge der Serien 3200 und 3300. Sende-Empfang, Komunikation, Notsignal, Sicherheit im Forstbereich.<\/p>\n<p>&nbsp;<\/p>\n<h3><strong>Anwendungsbereich<\/strong><strong>:<\/strong><\/h3>\n<p>Die Funkger\u00e4tetasche von Fuegos ist Bestandteil der pers\u00f6nlichen Arbeits-Forstausr\u00fcstung. Diese sch\u00fctzen vor Funkger\u00e4tverlust in widrigem Gel\u00e4nde. WICHTIG; beim Tragen vom Notsignal-Funkger\u00e4t soll die Tasche am Schultersystem integriert werden. Dies optimiert die Reichweite des Ger\u00e4ts.<\/p>\n<p>&nbsp;<\/p>\n<h3><strong>Empfehlung:\u00a0<\/strong><\/h3>\n<p>Die Funkgert\u00e4tetasche ist Teil einer vollumf\u00e4nglichen Forstausr\u00fcstung.<\/p>\n<ul>\n<li class=\"translation-block\"><a href=\"https:\/\/www.fuegos.eu\/es\/producto\/multifunktionsgurt-fuer-forstwirte-fw-mfg100\/\" target=\"_blank\" rel=\"noopener\">Forstg\u00fcrtel f\u00fcr Forstwirte und Forstwirtschaftsmeister FWSTS100<\/a>&nbsp;\u2013 Ergonomische Forstg\u00fcrtel<\/li>\n<li class=\"translation-block\"><a href=\"https:\/\/www.fuegos.eu\/es\/producto\/tragesystem-forstwirte\/\" target=\"_blank\" rel=\"noopener\">Schultergurt FW-MFG100<\/a>&nbsp; \u2013 Mit ergonomischer Auflage. Unterst\u00fctzt die Gewichtsverteilung<\/li>\n<li class=\"translation-block\"><a href=\"https:\/\/www.fuegos.eu\/es\/producto\/messkluppenhalterung\/\" target=\"_blank\" rel=\"noopener\">Messkluppenhalter MKH001<\/a> \u2013 F\u00fcr Rechts- und Linksh\u00e4nder. Dreifach im Winkelverstellbar<\/li>\n<li class=\"translation-block\"><a href=\"https:\/\/www.fuegos.eu\/es\/producto\/forst-massband\/\" target=\"_blank\" rel=\"noopener\">Ma\u00dfbandhalterung<\/a> \u2013 Mit Ausbalanciersystem und Magnetaufh\u00e4ngung. Kompatibel mit Fabrikate der L\u00e4nge 15 &amp; 25 Meter<\/li>\n<li class=\"translation-block\"><a href=\"https:\/\/www.fuegos.eu\/es\/producto\/keiltasche-fuer-zwei-faellkeile-kompatibel-mit-mechanischen-keilen-kopie\/\" target=\"_blank\" rel=\"noopener\">Keiltasche f\u00fcr zwei F\u00e4llkeile<\/a> \u2013 Kompatibel mit mechanischen Keilen &amp; verstellbar<\/li>\n<li class=\"translation-block\"><a href=\"https:\/\/www.fuegos.eu\/es\/producto\/motorsaegenwerkzeug-holster-kombiwerkzeuge-feilen\/\" target=\"_blank\" rel=\"noopener\">Motors\u00e4genwerkzeug Holster TMW001 <\/a>\u2013 Kompatibel mit mechanischen Keilen &amp; verstellbar<\/li>\n<li class=\"translation-block\"><a href=\"https:\/\/www.fuegos.eu\/es\/producto\/erste-hilfe\/\" target=\"_blank\" rel=\"noopener\">Erste Hilfe Set f\u00fcr Waldarbeiter<\/a> \u2013 bestehend aus wasserabweisender Tasche &amp; Verbrandsortiment nach DIN 13164<\/li>\n<li class=\"translation-block\"><a href=\"https:\/\/www.fuegos.eu\/es\/producto\/stift\/\" target=\"_blank\" rel=\"noopener\">Kreidestift Halterung <\/a><a class=\"row-title\" href=\"https:\/\/www.fuegos.eu\/wp-admin\/post.php?post=1196&amp;action=edit\" target=\"_blank\" rel=\"noopener\">DST001<\/a><a href=\"https:\/\/www.fuegos.eu\/es\/producto\/stift\/\" target=\"_blank\" rel=\"noopener\">&nbsp;<\/a><\/li>\n<li class=\"translation-block\"><a href=\"https:\/\/www.fuegos.eu\/es\/producto\/kuno-funkgeraettasche-forstguertel-komplettsystem\/\" target=\"_blank\" rel=\"noopener\">Funkger\u00e4tetasche<\/a> f\u00fcr NexEdge NX-3300E2 \u2013 Mit Schultergurt Tragesystem kompatibel<\/li>\n<\/ul>\n<h3><\/h3>\n<h3><strong>Sparpakete: <\/strong><\/h3>\n<ul>\n<li class=\"translation-block\"><a href=\"https:\/\/www.fuegos.eu\/es\/producto\/tragesystem-fuer-auszubildende-forstwirte-fw-ts100\/\" target=\"_blank\" rel=\"noopener\">Auszubildende <\/a><a class=\"row-title\" href=\"https:\/\/www.fuegos.eu\/wp-admin\/post.php?post=234972&amp;action=edit\" target=\"_blank\" rel=\"noopener\">FW-TS100<\/a> \u2013 Forstg\u00fcrtel mit Komponente und Schultertragesystem<\/li>\n<li class=\"translation-block\"><a href=\"https:\/\/www.fuegos.eu\/es\/producto\/forstwirte-tragesystem\/\" target=\"_self\">Forstwirte &amp; Forstwirtschaftsmeister <\/a><a title=\"Forstg\u00fcrtel Set \/ Forst-Werkzeugg\u00fcrtel-Set\" href=\"https:\/\/www.fuegos.eu\/es\/producto\/forstwirte-tragesystem\/\" target=\"_blank\" rel=\"noopener noreferrer\">FW-TS001<\/a> \u2013 Forstg\u00fcrtel mit Komponente und Schultertragesystem<\/li>\n<li class=\"translation-block\"><a href=\"https:\/\/www.fuegos.eu\/es\/producto\/foerster-tragesystem\/\" target=\"_self\">F\u00f6rster F\u00d6-TS001<\/a> \u2013 Forstg\u00fcrtel mit Komponente und Schultertragesystem<\/li>\n<li class=\"translation-block\"><a href=\"https:\/\/www.fuegos.eu\/es\/producto\/foerster-multifunktionsgurt-mit-groedel-austrialpin-groedel\/\" target=\"_self\">Gr\u00f6del Kombipaket<\/a> \u2013 Forstg\u00fcrtel f\u00fcr F\u00f6rster mit 6-Zacken-Gr\u00f6del<\/li>\n<\/ul>\n<p>&nbsp;<\/p>\n<h3><strong>Bekannt durch:<\/strong><\/h3>\n<ul>\n<li><a href=\"https:\/\/www.forstpraxis.de\/fuego-sport-tragesystem-forst\/\">Test: Fuego-Sport Tragesystem <\/a>\u2013 Forst&amp;Technik<\/li>\n<li><a href=\"https:\/\/www.forstpraxis.de\/fuegos-rapid-klick\/\">Fuegos mit Rapid-Klick<\/a> \u2013 Forst&amp;Technik<\/li>\n<li><a href=\"https:\/\/www.forstpraxis.de\/leichte-schulter\/\"> Leichte Schulter<\/a> \u2013 Forst&amp;Technik<\/li>\n<li><a href=\"https:\/\/www.profi.de\/aktuell\/neuheiten\/multifunktionales-forst-tragesystem-12379412.html\">Multifunktionales Forst-Tragesystem<\/a> \u2013 Zeitschrift profi<\/li>\n<\/ul>","protected":false},"excerpt":{"rendered":"<p>Mit der Funkger\u00e4tetasche f\u00fcr die Funkger\u00e4te NexEdge der Serien 3200 und 3300 funken Sie weiter. Die Tasche erm\u00f6glicht das bequeme Anbringen am Schultertragesystem. Hierdurch wird die Reichweite im Wald enorm erh\u00f6ht. Innovation made auf der Schw\u00e4bischen Alb.<\/p>\n<p>FT100 w\u00fcrde neu designed f\u00fcr die neue NEXEDGE von ForstBW. Fuegos stellt seit \u00fcber 6 Jahren reklamationsfrei Funkger\u00e4tetaschen und Tragesysteme f\u00fcr ForstBW her.<\/p>","protected":false},"featured_media":255000,"comment_status":"open","ping_status":"closed","template":"","meta":{"_et_pb_use_builder":"","_et_pb_old_content":"","_et_gb_content_width":""},"product_brand":[],"product_cat":[25,31,200,35,175],"product_tag":[],"class_list":{"0":"post-236972","1":"product","2":"type-product","3":"status-publish","4":"has-post-thumbnail","6":"product_cat-forst","7":"product_cat-forst-taschen-zubehoer","8":"product_cat-forstguertel-equipment","9":"product_cat-forstwirte","10":"product_cat-produkt-auswahl","12":"first","13":"instock","14":"taxable","15":"shipping-taxable","16":"purchasable","17":"product-type-simple"},"yoast_head":"<!-- This site is optimized with the Yoast SEO plugin v27.3 - https:\/\/yoast.com\/product\/yoast-seo-wordpress\/ -->\n<title>Funkger\u00e4tetasche f\u00fcr NEXEDGE-Funkger\u00e4te mit Notruf-Funktion &#8226; Fuegos<\/title>\n<meta name=\"description\" content=\"NexEdge -Funkger\u00e4tetasche \u2022 Forstg\u00fcrtel-Komplettsystem. Funkger\u00e4tetasche f\u00fcr NexEdge-Funkger\u00e4te. Notrufsysteme- Forstg\u00fcrtel- und Schultertragesystem.\" \/>\n<meta name=\"robots\" content=\"index, follow, max-snippet:-1, max-image-preview:large, max-video-preview:-1\" \/>\n<link rel=\"canonical\" href=\"https:\/\/www.fuegos.eu\/es\/product\/nexedge-funkgeraettasche-forstguertel-komplettsystem\/\" \/>\n<meta property=\"og:locale\" content=\"es_ES\" \/>\n<meta property=\"og:type\" content=\"article\" \/>\n<meta property=\"og:title\" content=\"Funkger\u00e4tetasche f\u00fcr NEXEDGE-Funkger\u00e4te mit Notruf-Funktion &#8226; Fuegos\" \/>\n<meta property=\"og:description\" content=\"NexEdge -Funkger\u00e4tetasche \u2022 Forstg\u00fcrtel-Komplettsystem. Funkger\u00e4tetasche f\u00fcr NexEdge-Funkger\u00e4te. Notrufsysteme- Forstg\u00fcrtel- und Schultertragesystem.\" \/>\n<meta property=\"og:url\" content=\"https:\/\/www.fuegos.eu\/es\/product\/nexedge-funkgeraettasche-forstguertel-komplettsystem\/\" \/>\n<meta property=\"og:site_name\" content=\"Fuegos\" \/>\n<meta property=\"article:publisher\" content=\"https:\/\/www.facebook.com\/FuegosForst\/\" \/>\n<meta property=\"article:modified_time\" content=\"2024-12-19T16:57:22+00:00\" \/>\n<meta property=\"og:image\" content=\"https:\/\/www.fuegos.eu\/wp-content\/uploads\/2021\/05\/Funktasche_Forstguertel_Forstkoppel_Fuegos_500x500-min.jpg\" \/>\n\t<meta property=\"og:image:width\" content=\"500\" \/>\n\t<meta property=\"og:image:height\" content=\"500\" \/>\n\t<meta property=\"og:image:type\" content=\"image\/jpeg\" \/>\n<meta name=\"twitter:card\" content=\"summary_large_image\" \/>\n<meta name=\"twitter:label1\" content=\"Tiempo de lectura\" \/>\n\t<meta name=\"twitter:data1\" content=\"3 minutos\" \/>\n<script type=\"application\/ld+json\" class=\"yoast-schema-graph\">{\"@context\":\"https:\\\/\\\/schema.org\",\"@graph\":[{\"@type\":\"WebPage\",\"@id\":\"https:\\\/\\\/www.fuegos.eu\\\/product\\\/nexedge-funkgeraettasche-forstguertel-komplettsystem\\\/\",\"url\":\"https:\\\/\\\/www.fuegos.eu\\\/product\\\/nexedge-funkgeraettasche-forstguertel-komplettsystem\\\/\",\"name\":\"Funkger\u00e4tetasche f\u00fcr NEXEDGE-Funkger\u00e4te mit Notruf-Funktion &#8226; Fuegos\",\"isPartOf\":{\"@id\":\"https:\\\/\\\/www.fuegos.eu\\\/#website\"},\"primaryImageOfPage\":{\"@id\":\"https:\\\/\\\/www.fuegos.eu\\\/product\\\/nexedge-funkgeraettasche-forstguertel-komplettsystem\\\/#primaryimage\"},\"image\":{\"@id\":\"https:\\\/\\\/www.fuegos.eu\\\/product\\\/nexedge-funkgeraettasche-forstguertel-komplettsystem\\\/#primaryimage\"},\"thumbnailUrl\":\"https:\\\/\\\/www.fuegos.eu\\\/wp-content\\\/uploads\\\/2021\\\/05\\\/Funktasche_Forstguertel_Forstkoppel_Fuegos_500x500-min.jpg\",\"datePublished\":\"2021-05-27T19:48:15+00:00\",\"dateModified\":\"2024-12-19T16:57:22+00:00\",\"description\":\"NexEdge -Funkger\u00e4tetasche \u2022 Forstg\u00fcrtel-Komplettsystem. Funkger\u00e4tetasche f\u00fcr NexEdge-Funkger\u00e4te. Notrufsysteme- Forstg\u00fcrtel- und Schultertragesystem.\",\"breadcrumb\":{\"@id\":\"https:\\\/\\\/www.fuegos.eu\\\/product\\\/nexedge-funkgeraettasche-forstguertel-komplettsystem\\\/#breadcrumb\"},\"inLanguage\":\"es\",\"potentialAction\":[{\"@type\":\"ReadAction\",\"target\":[\"https:\\\/\\\/www.fuegos.eu\\\/product\\\/nexedge-funkgeraettasche-forstguertel-komplettsystem\\\/\"]}]},{\"@type\":\"ImageObject\",\"inLanguage\":\"es\",\"@id\":\"https:\\\/\\\/www.fuegos.eu\\\/product\\\/nexedge-funkgeraettasche-forstguertel-komplettsystem\\\/#primaryimage\",\"url\":\"https:\\\/\\\/www.fuegos.eu\\\/wp-content\\\/uploads\\\/2021\\\/05\\\/Funktasche_Forstguertel_Forstkoppel_Fuegos_500x500-min.jpg\",\"contentUrl\":\"https:\\\/\\\/www.fuegos.eu\\\/wp-content\\\/uploads\\\/2021\\\/05\\\/Funktasche_Forstguertel_Forstkoppel_Fuegos_500x500-min.jpg\",\"width\":500,\"height\":500,\"caption\":\"Funger\u00e4tetasche f\u00fcr Forstg\u00fcrtel und NexEdge Funkger\u00e4te. koppel_Fuegos\"},{\"@type\":\"BreadcrumbList\",\"@id\":\"https:\\\/\\\/www.fuegos.eu\\\/product\\\/nexedge-funkgeraettasche-forstguertel-komplettsystem\\\/#breadcrumb\",\"itemListElement\":[{\"@type\":\"ListItem\",\"position\":1,\"name\":\"Home\",\"item\":\"https:\\\/\\\/www.fuegos.eu\\\/\"},{\"@type\":\"ListItem\",\"position\":2,\"name\":\"Shop\",\"item\":\"https:\\\/\\\/www.fuegos.eu\\\/forstguertel-taschen-online-kaufen\\\/\"},{\"@type\":\"ListItem\",\"position\":3,\"name\":\"Funkger\u00e4tetasche f\u00fcr NEXEDGE-Funkger\u00e4te mit Notruf-Funktion\"}]},{\"@type\":\"WebSite\",\"@id\":\"https:\\\/\\\/www.fuegos.eu\\\/#website\",\"url\":\"https:\\\/\\\/www.fuegos.eu\\\/\",\"name\":\"Fuegos\",\"description\":\"Textile L\u00f6sungen nach Ma\u00df\",\"publisher\":{\"@id\":\"https:\\\/\\\/www.fuegos.eu\\\/#organization\"},\"potentialAction\":[{\"@type\":\"SearchAction\",\"target\":{\"@type\":\"EntryPoint\",\"urlTemplate\":\"https:\\\/\\\/www.fuegos.eu\\\/?s={search_term_string}\"},\"query-input\":{\"@type\":\"PropertyValueSpecification\",\"valueRequired\":true,\"valueName\":\"search_term_string\"}}],\"inLanguage\":\"es\"},{\"@type\":\"Organization\",\"@id\":\"https:\\\/\\\/www.fuegos.eu\\\/#organization\",\"name\":\"Fuegos\",\"url\":\"https:\\\/\\\/www.fuegos.eu\\\/\",\"logo\":{\"@type\":\"ImageObject\",\"inLanguage\":\"es\",\"@id\":\"https:\\\/\\\/www.fuegos.eu\\\/#\\\/schema\\\/logo\\\/image\\\/\",\"url\":\"https:\\\/\\\/fuegos.eu\\\/wp-content\\\/uploads\\\/2020\\\/05\\\/FuegosSignatur000.jpg\",\"contentUrl\":\"https:\\\/\\\/fuegos.eu\\\/wp-content\\\/uploads\\\/2020\\\/05\\\/FuegosSignatur000.jpg\",\"width\":960,\"height\":408,\"caption\":\"Fuegos\"},\"image\":{\"@id\":\"https:\\\/\\\/www.fuegos.eu\\\/#\\\/schema\\\/logo\\\/image\\\/\"},\"sameAs\":[\"https:\\\/\\\/www.facebook.com\\\/FuegosForst\\\/\",\"https:\\\/\\\/www.youtube.com\\\/channel\\\/UC0SFe93Vgi6YZV6tSCOLdkA\"]}]}<\/script>\n<!-- \/ Yoast SEO plugin. -->","yoast_head_json":{"title":"Funkger\u00e4tetasche f\u00fcr NEXEDGE-Funkger\u00e4te mit Notruf-Funktion &#8226; Fuegos","description":"NexEdge -Funkger\u00e4tetasche \u2022 Forstg\u00fcrtel-Komplettsystem. Funkger\u00e4tetasche f\u00fcr NexEdge-Funkger\u00e4te. Notrufsysteme- Forstg\u00fcrtel- und Schultertragesystem.","robots":{"index":"index","follow":"follow","max-snippet":"max-snippet:-1","max-image-preview":"max-image-preview:large","max-video-preview":"max-video-preview:-1"},"canonical":"https:\/\/www.fuegos.eu\/es\/product\/nexedge-funkgeraettasche-forstguertel-komplettsystem\/","og_locale":"es_ES","og_type":"article","og_title":"Funkger\u00e4tetasche f\u00fcr NEXEDGE-Funkger\u00e4te mit Notruf-Funktion &#8226; Fuegos","og_description":"NexEdge -Funkger\u00e4tetasche \u2022 Forstg\u00fcrtel-Komplettsystem. Funkger\u00e4tetasche f\u00fcr NexEdge-Funkger\u00e4te. Notrufsysteme- Forstg\u00fcrtel- und Schultertragesystem.","og_url":"https:\/\/www.fuegos.eu\/es\/product\/nexedge-funkgeraettasche-forstguertel-komplettsystem\/","og_site_name":"Fuegos","article_publisher":"https:\/\/www.facebook.com\/FuegosForst\/","article_modified_time":"2024-12-19T16:57:22+00:00","og_image":[{"width":500,"height":500,"url":"https:\/\/www.fuegos.eu\/wp-content\/uploads\/2021\/05\/Funktasche_Forstguertel_Forstkoppel_Fuegos_500x500-min.jpg","type":"image\/jpeg"}],"twitter_card":"summary_large_image","twitter_misc":{"Tiempo de lectura":"3 minutos"},"schema":{"@context":"https:\/\/schema.org","@graph":[{"@type":"WebPage","@id":"https:\/\/www.fuegos.eu\/product\/nexedge-funkgeraettasche-forstguertel-komplettsystem\/","url":"https:\/\/www.fuegos.eu\/product\/nexedge-funkgeraettasche-forstguertel-komplettsystem\/","name":"Funkger\u00e4tetasche f\u00fcr NEXEDGE-Funkger\u00e4te mit Notruf-Funktion &#8226; Fuegos","isPartOf":{"@id":"https:\/\/www.fuegos.eu\/#website"},"primaryImageOfPage":{"@id":"https:\/\/www.fuegos.eu\/product\/nexedge-funkgeraettasche-forstguertel-komplettsystem\/#primaryimage"},"image":{"@id":"https:\/\/www.fuegos.eu\/product\/nexedge-funkgeraettasche-forstguertel-komplettsystem\/#primaryimage"},"thumbnailUrl":"https:\/\/www.fuegos.eu\/wp-content\/uploads\/2021\/05\/Funktasche_Forstguertel_Forstkoppel_Fuegos_500x500-min.jpg","datePublished":"2021-05-27T19:48:15+00:00","dateModified":"2024-12-19T16:57:22+00:00","description":"NexEdge -Funkger\u00e4tetasche \u2022 Forstg\u00fcrtel-Komplettsystem. Funkger\u00e4tetasche f\u00fcr NexEdge-Funkger\u00e4te. Notrufsysteme- Forstg\u00fcrtel- und Schultertragesystem.","breadcrumb":{"@id":"https:\/\/www.fuegos.eu\/product\/nexedge-funkgeraettasche-forstguertel-komplettsystem\/#breadcrumb"},"inLanguage":"es","potentialAction":[{"@type":"ReadAction","target":["https:\/\/www.fuegos.eu\/product\/nexedge-funkgeraettasche-forstguertel-komplettsystem\/"]}]},{"@type":"ImageObject","inLanguage":"es","@id":"https:\/\/www.fuegos.eu\/product\/nexedge-funkgeraettasche-forstguertel-komplettsystem\/#primaryimage","url":"https:\/\/www.fuegos.eu\/wp-content\/uploads\/2021\/05\/Funktasche_Forstguertel_Forstkoppel_Fuegos_500x500-min.jpg","contentUrl":"https:\/\/www.fuegos.eu\/wp-content\/uploads\/2021\/05\/Funktasche_Forstguertel_Forstkoppel_Fuegos_500x500-min.jpg","width":500,"height":500,"caption":"Funger\u00e4tetasche f\u00fcr Forstg\u00fcrtel und NexEdge Funkger\u00e4te. koppel_Fuegos"},{"@type":"BreadcrumbList","@id":"https:\/\/www.fuegos.eu\/product\/nexedge-funkgeraettasche-forstguertel-komplettsystem\/#breadcrumb","itemListElement":[{"@type":"ListItem","position":1,"name":"Home","item":"https:\/\/www.fuegos.eu\/"},{"@type":"ListItem","position":2,"name":"Shop","item":"https:\/\/www.fuegos.eu\/forstguertel-taschen-online-kaufen\/"},{"@type":"ListItem","position":3,"name":"Funkger\u00e4tetasche f\u00fcr NEXEDGE-Funkger\u00e4te mit Notruf-Funktion"}]},{"@type":"WebSite","@id":"https:\/\/www.fuegos.eu\/#website","url":"https:\/\/www.fuegos.eu\/","name":"Inicio","description":"Soluciones textiles","publisher":{"@id":"https:\/\/www.fuegos.eu\/#organization"},"potentialAction":[{"@type":"SearchAction","target":{"@type":"EntryPoint","urlTemplate":"https:\/\/www.fuegos.eu\/?s={search_term_string}"},"query-input":{"@type":"PropertyValueSpecification","valueRequired":true,"valueName":"search_term_string"}}],"inLanguage":"es"},{"@type":"Organization","@id":"https:\/\/www.fuegos.eu\/#organization","name":"Inicio","url":"https:\/\/www.fuegos.eu\/","logo":{"@type":"ImageObject","inLanguage":"es","@id":"https:\/\/www.fuegos.eu\/#\/schema\/logo\/image\/","url":"https:\/\/fuegos.eu\/wp-content\/uploads\/2020\/05\/FuegosSignatur000.jpg","contentUrl":"https:\/\/fuegos.eu\/wp-content\/uploads\/2020\/05\/FuegosSignatur000.jpg","width":960,"height":408,"caption":"Fuegos"},"image":{"@id":"https:\/\/www.fuegos.eu\/#\/schema\/logo\/image\/"},"sameAs":["https:\/\/www.facebook.com\/FuegosForst\/","https:\/\/www.youtube.com\/channel\/UC0SFe93Vgi6YZV6tSCOLdkA"]}]}},"_links":{"self":[{"href":"https:\/\/www.fuegos.eu\/es\/wp-json\/wp\/v2\/product\/236972","targetHints":{"allow":["GET"]}}],"collection":[{"href":"https:\/\/www.fuegos.eu\/es\/wp-json\/wp\/v2\/product"}],"about":[{"href":"https:\/\/www.fuegos.eu\/es\/wp-json\/wp\/v2\/types\/product"}],"replies":[{"embeddable":true,"href":"https:\/\/www.fuegos.eu\/es\/wp-json\/wp\/v2\/comments?post=236972"}],"wp:featuredmedia":[{"embeddable":true,"href":"https:\/\/www.fuegos.eu\/es\/wp-json\/wp\/v2\/media\/255000"}],"wp:attachment":[{"href":"https:\/\/www.fuegos.eu\/es\/wp-json\/wp\/v2\/media?parent=236972"}],"wp:term":[{"taxonomy":"product_brand","embeddable":true,"href":"https:\/\/www.fuegos.eu\/es\/wp-json\/wp\/v2\/product_brand?post=236972"},{"taxonomy":"product_cat","embeddable":true,"href":"https:\/\/www.fuegos.eu\/es\/wp-json\/wp\/v2\/product_cat?post=236972"},{"taxonomy":"product_tag","embeddable":true,"href":"https:\/\/www.fuegos.eu\/es\/wp-json\/wp\/v2\/product_tag?post=236972"}],"curies":[{"name":"wp","href":"https:\/\/api.w.org\/{rel}","templated":true}]}}