{"id":246954,"date":"2021-11-12T11:12:37","date_gmt":"2021-11-12T10:12:37","guid":{"rendered":"https:\/\/fuegos.eu\/?post_type=product&#038;p=246954"},"modified":"2024-02-29T22:58:46","modified_gmt":"2024-02-29T21:58:46","slug":"gps-tasche-fuer-jagd-gps-geraete","status":"publish","type":"product","link":"https:\/\/www.fuegos.eu\/es\/product\/gps-tasche-fuer-jagd-gps-geraete\/","title":{"rendered":"GPS Tasche f\u00fcr Jagd GPS Ger\u00e4tehttps:\/\/fuegos.eu\/wp-admin\/edit.php?post_type=product"},"content":{"rendered":"<h3><strong>Kurzbeschreibung:<\/strong><\/h3>\n<p class=\"translation-block\">GPS Tasche entwickelt f\u00fcr alle Jagd <strong>GPS Ger\u00e4te<\/strong>. Kombinierbar mit Fuegos Jagd- und Forstg\u00fcrtel und Schultertragesystem. Das System ist einfach an- und abkoppelbar. Mit Schultertragesystem oder Forstg\u00fcrtel flexibel einsetzbar.<\/p>\n<p>&nbsp;<\/p>\n<h3><strong>Die Idee der Fuegos GPS Tasche GPS-T100:<\/strong><\/h3>\n<h4><strong>Gr\u00f6\u00dfere Reichweite, rascher Zugriff, funktionelles und komfortables Tragen.<br \/>\n<\/strong><\/h4>\n<h4><strong>Im Detail<br \/>\n<\/strong><\/h4>\n<ul>\n<li>\n<ul>\n<li>Umrundschutz des Ger\u00e4tes, vorrangig<\/li>\n<li>gegen St\u00f6\u00dfe, Harz, Schmutz.<\/li>\n<li>Dadurch mehr Personensicherheit und<\/li>\n<li>l\u00e4ngeres Ger\u00e4teleben<\/li>\n<li>Am G\u00fcrtel getragen, Ger\u00e4t h\u00e4ngt sicher, da wo es sein soll, null Verlustrisiko,<\/li>\n<li>Gewicht komfortabler weise ausbalanciert<\/li>\n<li>Universell an Ger\u00e4t und Funktion angepasstes Design<\/li>\n<\/ul>\n<\/li>\n<\/ul>\n<p>&nbsp;<\/p>\n<h3 class=\"translation-block\"><b>Die zentrale Funktion der GPS-T100 i<\/b><b>m Zusammenspiel mit <a href=\"https:\/\/www.fuegos.eu\/es\/producto\/schultertragesystem-forstguertel-werkzeugguertel\/\" target=\"_blank\" rel=\"noopener\">Schultertragesystem STS100<\/a>:<\/b><\/h3>\n<h5><b>Am wichtigsten<\/b><\/h5>\n<ul>\n<li class=\"translation-block\"><b>Gr\u00f6\u00dfere Reichweite durch Potenzierung der Sende- und Empfang-Reichweite, <\/b><b>durch Fuegos-STS-Konstruktion und \u00dcberbindungspositionierung der Abschirmung der eigenen K\u00f6rpermasse, um die analoge St\u00f6rung bzw. digitale Bittkippung der Signale zu verhindern.<\/b><\/li>\n<\/ul>\n<p><b>Au\u00dferdem<\/b><\/p>\n<ul>\n<li>mehr Komfort beim Tragen<\/li>\n<li>Zus\u00e4tzlicher Schutz der J\u00e4ger gegen Aufprallkr\u00e4fte<\/li>\n<li>Entlastung von Gewicht der Ausr\u00fcstung<\/li>\n<li>Praktische Platzierung am G\u00fcrtel<\/li>\n<li>Einfache An-Abkoppelung<\/li>\n<\/ul>\n<p>Fuegos GPS-T100 erm\u00f6glicht in Kombination mit unserem Schultertragesysteme mehr Reichweite. Im Wald ist der Empfang nicht immer der beste, unter schlechte Wetterbedingungen halbiert sich sogar. Vor allem im Gel\u00e4nde und Wald die \u00fcber das normale Ma\u00df hinausgehen, was aber durchaus immer wieder vorkommt au\u00dferhalb der Alpen.<\/p>\n<p>&nbsp;<\/p>\n<h3><strong>Die Funkger\u00e4tetasche<\/strong><\/h3>\n<h4><strong>Funktion: <\/strong><\/h4>\n<p class=\"translation-block\">Die Funkger\u00e4tetasche ist <strong>speziell f\u00fcr g\u00e4ngige GPS Jagd-Ger\u00e4te entwickelt<\/strong>.<strong>&nbsp;<\/strong> Die Positionierung am Schultertragesystem erm\u00f6glicht eine deutlich h\u00f6here Reichweite im Vergleich zur Integration am G\u00fcrtel.<\/p>\n<h4><strong>Material:<\/strong><\/h4>\n<p class=\"translation-block\">Das Material der GPS Ger\u00e4tetasche besteht aus <strong>abriebfesten Hightech Fuegos Polymerleder<\/strong>. Die Folie (falls vorhanden, je nach Model) ist Touch-durchl\u00e4ssig. Hierdurch ist es besonders witterungsbest\u00e4ndig. Die F\u00e4den der N\u00e4hte sind aus hochwertige Ployfilamente. Hierdurch garantiert <strong>Fuegos<\/strong> <strong>Langlebigkeit<\/strong> bis zum letzten Stich der Naht. Hiermit garantieren wir eine nachhaltige Lebensdauer.<\/p>\n<h4><strong>Vorteile:<\/strong><\/h4>\n<p class=\"translation-block\">Fuegos <strong>erschafft durch seine Tragesysteme mehr Reichweite <\/strong>im Sende-Empfang Kommunikationsbereich. Diese GPS Ger\u00e4tetasche ist belastbar und <strong>am Fuegos-Tragesysteme integrierbar<\/strong>. Hierdurch kann der Tr\u00e4ger <strong>eine h\u00f6here Reichweite im Wald und bergiges Gel\u00e4nde erreichen<\/strong>. Die GPS Ger\u00e4tetasche ist auch kompatibel f\u00fcr die verschiedenen Forstg\u00fcrtel-Komplettsysteme. Sie beziehen <strong>Ihr Produkt Made in Germany<\/strong>.<\/p>\n<p>&nbsp;<\/p>\n<h3><strong>Datos T\u00e9cnicos<\/strong><\/h3>\n<h4><strong> Form:<\/strong><\/h4>\n<p>Gleichf\u00f6rmig &#8211; rechteckig. H13,0 x B7,5 x T5,0 cm<\/p>\n<h4><strong>Material<\/strong>:<\/h4>\n<p>Abriebfestes Hightech-Polymerleder.<\/p>\n<h4><strong>Peso:<\/strong><\/h4>\n<p>Leichte 45g.<\/p>\n<h4><strong>Ursprungsland:<\/strong><\/h4>\n<p>Deutschland.<\/p>\n<h4><strong>Anwendung:<\/strong><\/h4>\n<p class=\"translation-block\">Genaue Ortung, Geo <i>Globales Positionsbestimmungssystem<\/i>,&nbsp; globales Navigationssatellitensystem, Sicherheit im Jagd und Forstbereich.<\/p>\n<p>&nbsp;<\/p>\n<h3><strong>Anwendungsbereich<\/strong><strong>:<\/strong><\/h3>\n<p>Die GPS Tasche von Fuegos ist Bestandteil der pers\u00f6nlichen Jagd- und Forstausr\u00fcstung. Diese sch\u00fctzen vor Ger\u00e4teverlust in widrigem Gel\u00e4nde.<\/p>\n<h3><strong>Empfehlung: <\/strong><\/h3>\n<p>Die GPS Ger\u00e4tetasche ist Teil einer vollumf\u00e4nglichen Jagd- und Forstausr\u00fcstung.<\/p>\n<ul>\n<li class=\"translation-block\"><a href=\"https:\/\/www.fuegos.eu\/es\/producto\/multifunktionsgurt-fuer-forstwirte-fw-mfg100\/\" target=\"_blank\" rel=\"noopener\">Forstg\u00fcrtel f\u00fcr Forstwirte und Forstwirtschaftsmeister FWSTS100<\/a>&nbsp;\u2013 Ergonomische Forstg\u00fcrtel<\/li>\n<li class=\"translation-block\"><a href=\"https:\/\/www.fuegos.eu\/es\/producto\/tragesystem-forstwirte\/\" target=\"_blank\" rel=\"noopener\">Schultergurt FW-MFG100<\/a>&nbsp; \u2013 Mit ergonomischer Auflage. Unterst\u00fctzt die Gewichtsverteilung<\/li>\n<li class=\"translation-block\"><a href=\"https:\/\/www.fuegos.eu\/es\/producto\/messkluppenhalterung\/\" target=\"_blank\" rel=\"noopener\">Messkluppenhalter MKH001<\/a> \u2013 F\u00fcr Rechts- und Linksh\u00e4nder. Dreifach im Winkelverstellbar<\/li>\n<li class=\"translation-block\"><a href=\"https:\/\/www.fuegos.eu\/es\/producto\/forst-massband\/\" target=\"_blank\" rel=\"noopener\">Ma\u00dfbandhalterung<\/a> \u2013 Mit Ausbalanciersystem und Magnetaufh\u00e4ngung. Kompatibel mit Fabrikate der L\u00e4nge 15 &amp; 25 Meter<\/li>\n<li class=\"translation-block\"><a href=\"https:\/\/www.fuegos.eu\/es\/producto\/keiltasche-fuer-zwei-faellkeile-kompatibel-mit-mechanischen-keilen-kopie\/\" target=\"_blank\" rel=\"noopener\">Keiltasche f\u00fcr zwei F\u00e4llkeile<\/a> \u2013 Kompatibel mit mechanischen Keilen &amp; verstellbar<\/li>\n<li class=\"translation-block\"><a href=\"https:\/\/www.fuegos.eu\/es\/producto\/motorsaegenwerkzeug-holster-kombiwerkzeuge-feilen\/\" target=\"_blank\" rel=\"noopener\">Motors\u00e4genwerkzeug Holster TMW001 <\/a>\u2013 Kompatibel mit mechanischen Keilen &amp; verstellbar<\/li>\n<li class=\"translation-block\"><a href=\"https:\/\/www.fuegos.eu\/es\/producto\/erste-hilfe\/\" target=\"_blank\" rel=\"noopener\">Erste Hilfe Set f\u00fcr Waldarbeiter<\/a> \u2013 bestehend aus wasserabweisender Tasche &amp; Verbrandsortiment nach DIN 13164<\/li>\n<li class=\"translation-block\"><a href=\"https:\/\/www.fuegos.eu\/es\/producto\/stift\/\" target=\"_blank\" rel=\"noopener\">Kreidestift Halterung <\/a><a class=\"row-title\" href=\"https:\/\/www.fuegos.eu\/wp-admin\/post.php?post=1196&amp;action=edit\" target=\"_blank\" rel=\"noopener\">DST001<\/a><a href=\"https:\/\/www.fuegos.eu\/es\/producto\/stift\/\" target=\"_blank\" rel=\"noopener\">&nbsp;<\/a><\/li>\n<li class=\"translation-block\"><a href=\"https:\/\/www.fuegos.eu\/es\/producto\/kuno-funkgeraettasche-forstguertel-komplettsystem\/\" target=\"_blank\" rel=\"noopener\">Funkger\u00e4tetasche<\/a> f\u00fcr NexEdge NX-3300E2 \u2013 Mit Schultergurt Tragesystem kompatibel<\/li>\n<\/ul>\n<h3><\/h3>\n<h3><strong>Sparpakete: <\/strong><\/h3>\n<ul>\n<li class=\"translation-block\"><a href=\"https:\/\/www.fuegos.eu\/es\/producto\/tragesystem-fuer-auszubildende-forstwirte-fw-ts100\/\" target=\"_blank\" rel=\"noopener\">Auszubildende <\/a><a class=\"row-title\" href=\"https:\/\/www.fuegos.eu\/wp-admin\/post.php?post=234972&amp;action=edit\" target=\"_blank\" rel=\"noopener\">FW-TS100<\/a> \u2013 Forstg\u00fcrtel mit Komponente und Schultertragesystem<\/li>\n<li class=\"translation-block\"><a href=\"https:\/\/www.fuegos.eu\/es\/producto\/forstwirte-tragesystem\/\" target=\"_self\">Forstwirte &amp; Forstwirtschaftsmeister <\/a><a title=\"Forstg\u00fcrtel Set \/ Forst-Werkzeugg\u00fcrtel-Set\" href=\"https:\/\/www.fuegos.eu\/es\/producto\/forstwirte-tragesystem\/\" target=\"_blank\" rel=\"noopener noreferrer\">FW-TS001<\/a> \u2013 Forstg\u00fcrtel mit Komponente und Schultertragesystem<\/li>\n<li class=\"translation-block\"><a href=\"https:\/\/www.fuegos.eu\/es\/producto\/foerster-tragesystem\/\" target=\"_self\">F\u00f6rster F\u00d6-TS001<\/a> \u2013 Forstg\u00fcrtel mit Komponente und Schultertragesystem<\/li>\n<li class=\"translation-block\"><a href=\"https:\/\/www.fuegos.eu\/es\/producto\/foerster-multifunktionsgurt-mit-groedel-austrialpin-groedel\/\" target=\"_self\">Gr\u00f6del Kombipaket<\/a> \u2013 Forstg\u00fcrtel f\u00fcr F\u00f6rster mit 6-Zacken-Gr\u00f6del<\/li>\n<\/ul>\n<p>&nbsp;<\/p>\n<h3><strong>Bekannt durch:<\/strong><\/h3>\n<ul>\n<li><a href=\"https:\/\/www.forstpraxis.de\/fuego-sport-tragesystem-forst\/\">Test: Fuego-Sport Tragesystem <\/a>\u2013 Forst&amp;Technik<\/li>\n<li><a href=\"https:\/\/www.forstpraxis.de\/fuegos-rapid-klick\/\">Fuegos mit Rapid-Klick<\/a> \u2013 Forst&amp;Technik<\/li>\n<li><a href=\"https:\/\/www.forstpraxis.de\/leichte-schulter\/\"> Leichte Schulter<\/a> \u2013 Forst&amp;Technik<\/li>\n<li class=\"translation-block\"><a href=\"https:\/\/www.profi.de\/aktuell\/neuheiten\/multifunktionales-forst-tragesystem-12379412.html\" target=\"_blank\" rel=\"noopener\">Multifunktionales Forst-Tragesystem<\/a> \u2013 Zeitschrift Profi<\/li>\n<\/ul>","protected":false},"excerpt":{"rendered":"<p>Mit der GPS Ger\u00e4tetasche f\u00fcr die g\u00e4ngige GPS Jagd-Ger\u00e4te positionieren Sie sich genauer weiter. Die Tasche erm\u00f6glicht das bequeme Anbringen am Schultertragesystem. Hierdurch wird die Reichweite im Wald erh\u00f6ht. Innovation Made auf der Schw\u00e4bischen Alb.<\/p>\n<p>GPS-T100 wurde neu designt als Unterst\u00fctzung der Jagdaktivit\u00e4ten zum Schutz der biologischen Vielfalt in Wald- Forstreviere, Naturschutzgebieten von ForstBW, BaySF, \u00d6BF, Forst- und Jagdbeh\u00f6rde des S\u00e4chsischen Staatsministerium f\u00fcr Klimaschutz, Umwelt und Landwirtschaft, Hessen Forst, etc. Fuegos stellt seit 2015 reklamationsfrei Ger\u00e4tetaschen und Tragesysteme f\u00fcr Beh\u00f6rden und Institutionen her.<\/p>","protected":false},"featured_media":246955,"comment_status":"open","ping_status":"closed","template":"","meta":{"_et_pb_use_builder":"","_et_pb_old_content":"","_et_gb_content_width":""},"product_brand":[],"product_cat":[25,34,81],"product_tag":[],"class_list":{"0":"post-246954","1":"product","2":"type-product","3":"status-publish","4":"has-post-thumbnail","6":"product_cat-forst","7":"product_cat-foerster","8":"product_cat-jagd","10":"first","11":"instock","12":"taxable","13":"shipping-taxable","14":"purchasable","15":"product-type-simple"},"yoast_head":"<!-- This site is optimized with the Yoast SEO plugin v27.3 - https:\/\/yoast.com\/product\/yoast-seo-wordpress\/ -->\n<title>GPS Tasche f\u00fcr Jagd GPS Ger\u00e4tehttps:\/\/fuegos.eu\/wp-admin\/edit.php?post_type=product &#8226; Fuegos<\/title>\n<meta name=\"description\" content=\"Jagd-Universal-GPS-Ger\u00e4tetasche \u2022 Jagd-Kompletsystem. Globales Navigationssatellitensystem, Positionsbestimmung, Ortung, Navvegation. Jagd-G\u00fcrtel. Taktische Systeme. Forstg\u00fcrtel-Komplettsystem. Funkger\u00e4tetasche f\u00fcr NexEdge-Funkger\u00e4te. Notrufsysteme- Forstg\u00fcrtel- und Schultertragesystem kompatibel. Funk-Notsignal.100\u00a0% Made in Germany.\" \/>\n<meta name=\"robots\" content=\"index, follow, max-snippet:-1, max-image-preview:large, max-video-preview:-1\" \/>\n<link rel=\"canonical\" href=\"https:\/\/www.fuegos.eu\/es\/product\/gps-tasche-fuer-jagd-gps-geraete\/\" \/>\n<meta property=\"og:locale\" content=\"es_ES\" \/>\n<meta property=\"og:type\" content=\"article\" \/>\n<meta property=\"og:title\" content=\"GPS Tasche f\u00fcr Jagd GPS Ger\u00e4tehttps:\/\/fuegos.eu\/wp-admin\/edit.php?post_type=product &#8226; Fuegos\" \/>\n<meta property=\"og:description\" content=\"Jagd-Universal-GPS-Ger\u00e4tetasche \u2022 Jagd-Kompletsystem. Globales Navigationssatellitensystem, Positionsbestimmung, Ortung, Navvegation. Jagd-G\u00fcrtel. Taktische Systeme. Forstg\u00fcrtel-Komplettsystem. Funkger\u00e4tetasche f\u00fcr NexEdge-Funkger\u00e4te. Notrufsysteme- Forstg\u00fcrtel- und Schultertragesystem kompatibel. Funk-Notsignal.100\u00a0% Made in Germany.\" \/>\n<meta property=\"og:url\" content=\"https:\/\/www.fuegos.eu\/es\/product\/gps-tasche-fuer-jagd-gps-geraete\/\" \/>\n<meta property=\"og:site_name\" content=\"Fuegos\" \/>\n<meta property=\"article:publisher\" content=\"https:\/\/www.facebook.com\/FuegosForst\/\" \/>\n<meta property=\"article:modified_time\" content=\"2024-02-29T21:58:46+00:00\" \/>\n<meta property=\"og:image\" content=\"https:\/\/www.fuegos.eu\/wp-content\/uploads\/2021\/11\/Jagd-GPS-T100A-scaled.jpg\" \/>\n\t<meta property=\"og:image:width\" content=\"2560\" \/>\n\t<meta property=\"og:image:height\" content=\"2261\" \/>\n\t<meta property=\"og:image:type\" content=\"image\/jpeg\" \/>\n<meta name=\"twitter:card\" content=\"summary_large_image\" \/>\n<meta name=\"twitter:label1\" content=\"Tiempo de lectura\" \/>\n\t<meta name=\"twitter:data1\" content=\"3 minutos\" \/>\n<script type=\"application\/ld+json\" class=\"yoast-schema-graph\">{\"@context\":\"https:\\\/\\\/schema.org\",\"@graph\":[{\"@type\":\"WebPage\",\"@id\":\"https:\\\/\\\/www.fuegos.eu\\\/product\\\/gps-tasche-fuer-jagd-gps-geraete\\\/\",\"url\":\"https:\\\/\\\/www.fuegos.eu\\\/product\\\/gps-tasche-fuer-jagd-gps-geraete\\\/\",\"name\":\"GPS Tasche f\u00fcr Jagd GPS Ger\u00e4tehttps:\\\/\\\/fuegos.eu\\\/wp-admin\\\/edit.php?post_type=product &#8226; Fuegos\",\"isPartOf\":{\"@id\":\"https:\\\/\\\/www.fuegos.eu\\\/#website\"},\"primaryImageOfPage\":{\"@id\":\"https:\\\/\\\/www.fuegos.eu\\\/product\\\/gps-tasche-fuer-jagd-gps-geraete\\\/#primaryimage\"},\"image\":{\"@id\":\"https:\\\/\\\/www.fuegos.eu\\\/product\\\/gps-tasche-fuer-jagd-gps-geraete\\\/#primaryimage\"},\"thumbnailUrl\":\"https:\\\/\\\/www.fuegos.eu\\\/wp-content\\\/uploads\\\/2021\\\/11\\\/Jagd-GPS-T100A-scaled.jpg\",\"datePublished\":\"2021-11-12T10:12:37+00:00\",\"dateModified\":\"2024-02-29T21:58:46+00:00\",\"description\":\"Jagd-Universal-GPS-Ger\u00e4tetasche \u2022 Jagd-Kompletsystem. Globales Navigationssatellitensystem, Positionsbestimmung, Ortung, Navvegation. Jagd-G\u00fcrtel. Taktische Systeme. Forstg\u00fcrtel-Komplettsystem. Funkger\u00e4tetasche f\u00fcr NexEdge-Funkger\u00e4te. Notrufsysteme- Forstg\u00fcrtel- und Schultertragesystem kompatibel. Funk-Notsignal.100\u00a0% Made in Germany.\",\"breadcrumb\":{\"@id\":\"https:\\\/\\\/www.fuegos.eu\\\/product\\\/gps-tasche-fuer-jagd-gps-geraete\\\/#breadcrumb\"},\"inLanguage\":\"es\",\"potentialAction\":[{\"@type\":\"ReadAction\",\"target\":[\"https:\\\/\\\/www.fuegos.eu\\\/product\\\/gps-tasche-fuer-jagd-gps-geraete\\\/\"]}]},{\"@type\":\"ImageObject\",\"inLanguage\":\"es\",\"@id\":\"https:\\\/\\\/www.fuegos.eu\\\/product\\\/gps-tasche-fuer-jagd-gps-geraete\\\/#primaryimage\",\"url\":\"https:\\\/\\\/www.fuegos.eu\\\/wp-content\\\/uploads\\\/2021\\\/11\\\/Jagd-GPS-T100A-scaled.jpg\",\"contentUrl\":\"https:\\\/\\\/www.fuegos.eu\\\/wp-content\\\/uploads\\\/2021\\\/11\\\/Jagd-GPS-T100A-scaled.jpg\",\"width\":2560,\"height\":2261},{\"@type\":\"BreadcrumbList\",\"@id\":\"https:\\\/\\\/www.fuegos.eu\\\/product\\\/gps-tasche-fuer-jagd-gps-geraete\\\/#breadcrumb\",\"itemListElement\":[{\"@type\":\"ListItem\",\"position\":1,\"name\":\"Home\",\"item\":\"https:\\\/\\\/www.fuegos.eu\\\/\"},{\"@type\":\"ListItem\",\"position\":2,\"name\":\"Shop\",\"item\":\"https:\\\/\\\/www.fuegos.eu\\\/forstguertel-taschen-online-kaufen\\\/\"},{\"@type\":\"ListItem\",\"position\":3,\"name\":\"GPS Tasche f\u00fcr Jagd GPS Ger\u00e4tehttps:\\\/\\\/fuegos.eu\\\/wp-admin\\\/edit.php?post_type=product\"}]},{\"@type\":\"WebSite\",\"@id\":\"https:\\\/\\\/www.fuegos.eu\\\/#website\",\"url\":\"https:\\\/\\\/www.fuegos.eu\\\/\",\"name\":\"Fuegos\",\"description\":\"Textile L\u00f6sungen nach Ma\u00df\",\"publisher\":{\"@id\":\"https:\\\/\\\/www.fuegos.eu\\\/#organization\"},\"potentialAction\":[{\"@type\":\"SearchAction\",\"target\":{\"@type\":\"EntryPoint\",\"urlTemplate\":\"https:\\\/\\\/www.fuegos.eu\\\/?s={search_term_string}\"},\"query-input\":{\"@type\":\"PropertyValueSpecification\",\"valueRequired\":true,\"valueName\":\"search_term_string\"}}],\"inLanguage\":\"es\"},{\"@type\":\"Organization\",\"@id\":\"https:\\\/\\\/www.fuegos.eu\\\/#organization\",\"name\":\"Fuegos\",\"url\":\"https:\\\/\\\/www.fuegos.eu\\\/\",\"logo\":{\"@type\":\"ImageObject\",\"inLanguage\":\"es\",\"@id\":\"https:\\\/\\\/www.fuegos.eu\\\/#\\\/schema\\\/logo\\\/image\\\/\",\"url\":\"https:\\\/\\\/fuegos.eu\\\/wp-content\\\/uploads\\\/2020\\\/05\\\/FuegosSignatur000.jpg\",\"contentUrl\":\"https:\\\/\\\/fuegos.eu\\\/wp-content\\\/uploads\\\/2020\\\/05\\\/FuegosSignatur000.jpg\",\"width\":960,\"height\":408,\"caption\":\"Fuegos\"},\"image\":{\"@id\":\"https:\\\/\\\/www.fuegos.eu\\\/#\\\/schema\\\/logo\\\/image\\\/\"},\"sameAs\":[\"https:\\\/\\\/www.facebook.com\\\/FuegosForst\\\/\",\"https:\\\/\\\/www.youtube.com\\\/channel\\\/UC0SFe93Vgi6YZV6tSCOLdkA\"]}]}<\/script>\n<!-- \/ Yoast SEO plugin. -->","yoast_head_json":{"title":"GPS Tasche f\u00fcr Jagd GPS Ger\u00e4tehttps:\/\/fuegos.eu\/wp-admin\/edit.php?post_type=product &#8226; Fuegos","description":"Jagd-Universal-GPS-Ger\u00e4tetasche \u2022 Jagd-Kompletsystem. Globales Navigationssatellitensystem, Positionsbestimmung, Ortung, Navvegation. Jagd-G\u00fcrtel. Taktische Systeme. Forstg\u00fcrtel-Komplettsystem. Funkger\u00e4tetasche f\u00fcr NexEdge-Funkger\u00e4te. Notrufsysteme- Forstg\u00fcrtel- und Schultertragesystem kompatibel. Funk-Notsignal.100\u00a0% Made in Germany.","robots":{"index":"index","follow":"follow","max-snippet":"max-snippet:-1","max-image-preview":"max-image-preview:large","max-video-preview":"max-video-preview:-1"},"canonical":"https:\/\/www.fuegos.eu\/es\/product\/gps-tasche-fuer-jagd-gps-geraete\/","og_locale":"es_ES","og_type":"article","og_title":"GPS Tasche f\u00fcr Jagd GPS Ger\u00e4tehttps:\/\/fuegos.eu\/wp-admin\/edit.php?post_type=product &#8226; Fuegos","og_description":"Jagd-Universal-GPS-Ger\u00e4tetasche \u2022 Jagd-Kompletsystem. Globales Navigationssatellitensystem, Positionsbestimmung, Ortung, Navvegation. Jagd-G\u00fcrtel. Taktische Systeme. Forstg\u00fcrtel-Komplettsystem. Funkger\u00e4tetasche f\u00fcr NexEdge-Funkger\u00e4te. Notrufsysteme- Forstg\u00fcrtel- und Schultertragesystem kompatibel. Funk-Notsignal.100\u00a0% Made in Germany.","og_url":"https:\/\/www.fuegos.eu\/es\/product\/gps-tasche-fuer-jagd-gps-geraete\/","og_site_name":"Fuegos","article_publisher":"https:\/\/www.facebook.com\/FuegosForst\/","article_modified_time":"2024-02-29T21:58:46+00:00","og_image":[{"width":2560,"height":2261,"url":"https:\/\/www.fuegos.eu\/wp-content\/uploads\/2021\/11\/Jagd-GPS-T100A-scaled.jpg","type":"image\/jpeg"}],"twitter_card":"summary_large_image","twitter_misc":{"Tiempo de lectura":"3 minutos"},"schema":{"@context":"https:\/\/schema.org","@graph":[{"@type":"WebPage","@id":"https:\/\/www.fuegos.eu\/product\/gps-tasche-fuer-jagd-gps-geraete\/","url":"https:\/\/www.fuegos.eu\/product\/gps-tasche-fuer-jagd-gps-geraete\/","name":"GPS Tasche f\u00fcr Jagd GPS Ger\u00e4tehttps:\/\/fuegos.eu\/wp-admin\/edit.php?post_type=product &#8226; Fuegos","isPartOf":{"@id":"https:\/\/www.fuegos.eu\/#website"},"primaryImageOfPage":{"@id":"https:\/\/www.fuegos.eu\/product\/gps-tasche-fuer-jagd-gps-geraete\/#primaryimage"},"image":{"@id":"https:\/\/www.fuegos.eu\/product\/gps-tasche-fuer-jagd-gps-geraete\/#primaryimage"},"thumbnailUrl":"https:\/\/www.fuegos.eu\/wp-content\/uploads\/2021\/11\/Jagd-GPS-T100A-scaled.jpg","datePublished":"2021-11-12T10:12:37+00:00","dateModified":"2024-02-29T21:58:46+00:00","description":"Jagd-Universal-GPS-Ger\u00e4tetasche \u2022 Jagd-Kompletsystem. Globales Navigationssatellitensystem, Positionsbestimmung, Ortung, Navvegation. Jagd-G\u00fcrtel. Taktische Systeme. Forstg\u00fcrtel-Komplettsystem. Funkger\u00e4tetasche f\u00fcr NexEdge-Funkger\u00e4te. Notrufsysteme- Forstg\u00fcrtel- und Schultertragesystem kompatibel. Funk-Notsignal.100\u00a0% Made in Germany.","breadcrumb":{"@id":"https:\/\/www.fuegos.eu\/product\/gps-tasche-fuer-jagd-gps-geraete\/#breadcrumb"},"inLanguage":"es","potentialAction":[{"@type":"ReadAction","target":["https:\/\/www.fuegos.eu\/product\/gps-tasche-fuer-jagd-gps-geraete\/"]}]},{"@type":"ImageObject","inLanguage":"es","@id":"https:\/\/www.fuegos.eu\/product\/gps-tasche-fuer-jagd-gps-geraete\/#primaryimage","url":"https:\/\/www.fuegos.eu\/wp-content\/uploads\/2021\/11\/Jagd-GPS-T100A-scaled.jpg","contentUrl":"https:\/\/www.fuegos.eu\/wp-content\/uploads\/2021\/11\/Jagd-GPS-T100A-scaled.jpg","width":2560,"height":2261},{"@type":"BreadcrumbList","@id":"https:\/\/www.fuegos.eu\/product\/gps-tasche-fuer-jagd-gps-geraete\/#breadcrumb","itemListElement":[{"@type":"ListItem","position":1,"name":"Home","item":"https:\/\/www.fuegos.eu\/"},{"@type":"ListItem","position":2,"name":"Shop","item":"https:\/\/www.fuegos.eu\/forstguertel-taschen-online-kaufen\/"},{"@type":"ListItem","position":3,"name":"GPS Tasche f\u00fcr Jagd GPS Ger\u00e4tehttps:\/\/fuegos.eu\/wp-admin\/edit.php?post_type=product"}]},{"@type":"WebSite","@id":"https:\/\/www.fuegos.eu\/#website","url":"https:\/\/www.fuegos.eu\/","name":"Inicio","description":"Soluciones textiles","publisher":{"@id":"https:\/\/www.fuegos.eu\/#organization"},"potentialAction":[{"@type":"SearchAction","target":{"@type":"EntryPoint","urlTemplate":"https:\/\/www.fuegos.eu\/?s={search_term_string}"},"query-input":{"@type":"PropertyValueSpecification","valueRequired":true,"valueName":"search_term_string"}}],"inLanguage":"es"},{"@type":"Organization","@id":"https:\/\/www.fuegos.eu\/#organization","name":"Inicio","url":"https:\/\/www.fuegos.eu\/","logo":{"@type":"ImageObject","inLanguage":"es","@id":"https:\/\/www.fuegos.eu\/#\/schema\/logo\/image\/","url":"https:\/\/fuegos.eu\/wp-content\/uploads\/2020\/05\/FuegosSignatur000.jpg","contentUrl":"https:\/\/fuegos.eu\/wp-content\/uploads\/2020\/05\/FuegosSignatur000.jpg","width":960,"height":408,"caption":"Fuegos"},"image":{"@id":"https:\/\/www.fuegos.eu\/#\/schema\/logo\/image\/"},"sameAs":["https:\/\/www.facebook.com\/FuegosForst\/","https:\/\/www.youtube.com\/channel\/UC0SFe93Vgi6YZV6tSCOLdkA"]}]}},"_links":{"self":[{"href":"https:\/\/www.fuegos.eu\/es\/wp-json\/wp\/v2\/product\/246954","targetHints":{"allow":["GET"]}}],"collection":[{"href":"https:\/\/www.fuegos.eu\/es\/wp-json\/wp\/v2\/product"}],"about":[{"href":"https:\/\/www.fuegos.eu\/es\/wp-json\/wp\/v2\/types\/product"}],"replies":[{"embeddable":true,"href":"https:\/\/www.fuegos.eu\/es\/wp-json\/wp\/v2\/comments?post=246954"}],"wp:featuredmedia":[{"embeddable":true,"href":"https:\/\/www.fuegos.eu\/es\/wp-json\/wp\/v2\/media\/246955"}],"wp:attachment":[{"href":"https:\/\/www.fuegos.eu\/es\/wp-json\/wp\/v2\/media?parent=246954"}],"wp:term":[{"taxonomy":"product_brand","embeddable":true,"href":"https:\/\/www.fuegos.eu\/es\/wp-json\/wp\/v2\/product_brand?post=246954"},{"taxonomy":"product_cat","embeddable":true,"href":"https:\/\/www.fuegos.eu\/es\/wp-json\/wp\/v2\/product_cat?post=246954"},{"taxonomy":"product_tag","embeddable":true,"href":"https:\/\/www.fuegos.eu\/es\/wp-json\/wp\/v2\/product_tag?post=246954"}],"curies":[{"name":"wp","href":"https:\/\/api.w.org\/{rel}","templated":true}]}}