{"id":248864,"date":"2022-01-23T14:02:52","date_gmt":"2022-01-23T13:02:52","guid":{"rendered":"https:\/\/fuegos.eu\/?post_type=product&#038;p=248864"},"modified":"2025-09-11T09:38:58","modified_gmt":"2025-09-11T07:38:58","slug":"mechanische-faellkeil-tasche","status":"publish","type":"product","link":"https:\/\/www.fuegos.eu\/es\/product\/mechanische-faellkeil-tasche\/","title":{"rendered":"Mec\u00e1nica De La Tala Wegde Bolsa"},"content":{"rendered":"<h3><strong>Mechanische F\u00e4llkeil Tasche \u2013 Spindelkeiltasche f\u00fcr mechanische Keile ohne Ratsche<\/strong><\/h3>\n<p><strong>Mehr Platz, mehr Effizienz mit der Mechanischen F\u00e4llkeil Tasche<\/strong><\/p>\n<p>Die\u00a0<strong>Mec\u00e1nica De La Tala Wegde Bolsa<\/strong>\u00a0wurde f\u00fcr den professionellen Einsatz im Forstbereich entwickelt und ist die ideale\u00a0<strong>Spindelkeiltasche<\/strong>\u00a0f\u00fcr mechanische F\u00e4llkeile ohne Ratsche. Werkzeuge wie der\u00a0<strong>Forstreich TR24<\/strong>,\u00a0<strong>EDER Titan 50<\/strong>\u00a0oder\u00a0<strong>BaSt-Ing ValFix<\/strong>\u00a0finden hier sicheren Halt.<\/p>\n<p>Dank durchdachtem Design und robustem Material sorgt die\u00a0<strong>Mec\u00e1nica De La Tala Wegde Bolsa<\/strong>\u00a0f\u00fcr mehr Ordnung und Effizienz im Wald. Bei der Nutzung von\u00a0<strong>mechanischen Keilen mit Ratsche<\/strong>\u00a0bietet die\u00a0<a href=\"https:\/\/www.fuegos.eu\/es\/product\/spindelkeiltasche-pro-fuer-mechanischenkeil-mit-ratsche\/\" target=\"_new\" rel=\"noopener\"><strong>Spindelkeiltasche\u00a0Pro<\/strong><\/a>\u00a0eine optimale Alternative.<strong>Fabricado en la manufactura de trabajo en la jura de Suabia, Hecho en Alemania. 4 A\u00f1os De Garant\u00eda.<\/strong><\/p>\n<p>&nbsp;<\/p>\n<h3><strong>Robustes Material \u2013 Die ideale Spindelkeiltasche f\u00fcr den Forsteinsatz<\/strong><\/h3>\n<p>Die\u00a0<strong>Mec\u00e1nica De La Tala Wegde Bolsa<\/strong>\u00a0\u00fcberzeugt durch hochwertiges\u00a0<strong>Hightech-Kunstleder<\/strong>\u00a0und eine pr\u00e4zise Verarbeitung, die speziell f\u00fcr den Forsteinsatz optimiert ist.<\/p>\n<ul>\n<li><strong>Schnittfest:<\/strong>\u00a0H\u00e4lt schwere Spindeln und scharfen Kanten m\u00fchelos stand.<\/li>\n<li><strong>Pflegeleicht:<\/strong>\u00a0Harz, Schlamm oder Schmutz lassen sich einfach abwischen.<\/li>\n<li><strong>Wetterfest:<\/strong>\u00a0Zuverl\u00e4ssiger Schutz vor Regen, Schnee und extremen Temperaturen.<\/li>\n<li><strong>Formstabil:<\/strong>\u00a0Hochrei\u00dffeste\u00a0<strong>Doppeln\u00e4hte<\/strong>\u00a0sorgen f\u00fcr maximale Stabilit\u00e4t bei voller Beladung.<\/li>\n<\/ul>\n<p>Mit dieser Kombination aus Materialqualit\u00e4t und Verarbeitung bleibt die\u00a0<strong>Spindelkeiltasche<\/strong>\u00a0selbst bei t\u00e4glichem Einsatz in Topform.<\/p>\n<p>&nbsp;<\/p>\n<h3><strong>Universell verwendbar \u2013 Platz f\u00fcr mechanische F\u00e4llkeile aller Gr\u00f6\u00dfen<\/strong><\/h3>\n<p>Die\u00a0<strong>Mec\u00e1nica De La Tala Wegde Bolsa<\/strong>\u00a0ist universell einsetzbar und passt f\u00fcr mechanische Keile ohne Ratsche, darunter:<\/p>\n<ul>\n<li><strong>Bosque Reino<\/strong>\u00a0\u2013 TR24, SK50<\/li>\n<li><strong>EDER<\/strong>\u00a0Titanio 50<\/li>\n<li><strong>BaSt-Ing<\/strong>\u00a0\u2013 ValFix, EcoVal, MiniFix<\/li>\n<\/ul>\n<p>Dank der flexiblen Konstruktion bleibt jeder mechanische F\u00e4llkeil sicher verstaut und leicht zug\u00e4nglich \u2013 eine durchdachte L\u00f6sung f\u00fcr professionelle Forstarbeiter.<\/p>\n<p>&nbsp;<\/p>\n<h3><strong>Perfekter Sitz dank Rapidklick-System<\/strong><\/h3>\n<p>Die\u00a0<strong>Mec\u00e1nica De La Tala Wegde Bolsa<\/strong>\u00a0l\u00e4sst sich schnell und sicher an allen g\u00e4ngigen Forstg\u00fcrteln befestigen:<\/p>\n<ul>\n<li><a href=\"https:\/\/www.fuegos.eu\/es\/product\/forstguertel-koppel\/\" target=\"_new\" rel=\"noopener\"><strong>La silvicultura de acoplamiento<\/strong><\/a><\/li>\n<li><a href=\"https:\/\/www.fuegos.eu\/es\/product\/forstguertel-flexibler-forstgurt-made-in-germany\/\" target=\"_new\" rel=\"noopener\"><strong>Bosque de la correa<\/strong><\/a><\/li>\n<li class=\"translation-block\"><a rel=\"noopener\" target=\"_new\" href=\"https:\/\/www.fuegos.eu\/es\/product\/profi-forstguertel-alternative-zum-leder-forstguertel\/\"><strong><span>Profi<\/span><span>-Forstg\u00fcrtel<\/span><\/strong><\/a><\/li>\n<li><strong>Est\u00e1ndar De La Correa De Cuero<\/strong><\/li>\n<\/ul>\n<p>Mit dem praktischen\u00a0<strong>Rapidklick-System<\/strong>\u00a0sitzt die Tasche fest am G\u00fcrtel \u2013 kein Verrutschen, selbst bei langen Arbeitstagen oder dynamischen Bewegungen.<\/p>\n<p>&nbsp;<\/p>\n<h3><strong>Praktisches Design \u2013 Alles griffbereit<\/strong><\/h3>\n<p>Die\u00a0<strong>Spindelkeiltasche<\/strong>\u00a0wurde so konzipiert, dass mechanische F\u00e4llkeile jederzeit griffbereit sind.<\/p>\n<ul>\n<li><strong>Ergonomisches Design:<\/strong>\u00a0Keile lassen sich schnell und sicher entnehmen \u2013 auch mit Handschuhen.<\/li>\n<li><strong>Stabilit\u00e4t:<\/strong>\u00a0Das Material beh\u00e4lt seine Form \u00fcber viele Jahre hinweg.<\/li>\n<li><strong>Zus\u00e4tzlicher Stauraum:<\/strong>\u00a0F\u00e4cher f\u00fcr Spindelwerkzeuge oder Zubeh\u00f6r.<\/li>\n<\/ul>\n<p>Mit der\u00a0<strong>Mechanischen F\u00e4llkeil Tasche<\/strong>\u00a0haben Forstarbeiter alle wichtigen Werkzeuge immer zur Hand.<\/p>\n<p>&nbsp;<\/p>\n<h3><strong>Mechanische F\u00e4llkeil Tasche \u2013 Einsatz im Forstalltag<\/strong><\/h3>\n<p>Die\u00a0<strong>Mec\u00e1nica De La Tala Wegde Bolsa<\/strong>\u00a0ist unverzichtbar bei Arbeiten wie der Starkholzernte, Baumf\u00e4llung oder Pr\u00e4zisionsarbeiten. Durch ihre robuste Bauweise sch\u00fctzt sie mechanische Keile sicher vor Sch\u00e4den und Witterungseinfl\u00fcssen.<\/p>\n<p><strong>Typische Einsatzbereiche:<\/strong><\/p>\n<ul>\n<li>Starkholzernte mit mechanischen Keilen ohne Ratsche<\/li>\n<li>Baumf\u00e4llungen bei widrigen Wetterbedingungen<\/li>\n<li>Pr\u00e4zise Arbeiten im Forstbereich<\/li>\n<\/ul>\n<p>Mit der\u00a0<strong>Spindelkeiltasche<\/strong>\u00a0sparen Sie Zeit und optimieren Ihre Arbeitsabl\u00e4ufe.<\/p>\n<p>&nbsp;<\/p>\n<h3><strong>Die Alternative \u2013 Spindelkeiltasche Pro f\u00fcr Ratschenkeile<\/strong><\/h3>\n<p>Falls mechanische Keile\u00a0<strong>mit Ratsche<\/strong>\u00a0genutzt werden, ist die\u00a0<a href=\"https:\/\/www.fuegos.eu\/es\/product\/spindelkeiltasche-pro-fuer-mechanischenkeil-mit-ratsche\/\" target=\"_new\" rel=\"noopener\"><strong>Spindelkeiltasche\u00a0Pro<\/strong><\/a>\u00a0die optimale Wahl. Sie wurde speziell f\u00fcr Ratschenmechanismen entwickelt und bietet zus\u00e4tzlichen Halt sowie noch mehr Stabilit\u00e4t.<\/p>\n<p>&nbsp;<\/p>\n<h3><strong>Produktdetails im \u00dcberblick<\/strong><\/h3>\n<ul>\n<li><strong>Material:<\/strong>\u00a0Schnittfestes, wetterfestes Hightech-Kunstleder<\/li>\n<li><strong>Kompatibilit\u00e4t:<\/strong>\u00a0Mechanische Keile ohne Ratsche \u2013 Forstreich TR24, SK50 | EDER Titan 50 | BaSt-Ing ValFix, EcoVal, MiniFix<\/li>\n<li class=\"translation-block\"><strong>Befestigung:<\/strong>&nbsp;Rapidklick-System f\u00fcr Forstkoppel, Forstg\u00fcrtel, Profi-Forstg\u00fcrtel und Standard-Lederg\u00fcrtel<\/li>\n<li><strong>Stauraum:<\/strong>\u00a0Zus\u00e4tzliche F\u00e4cher f\u00fcr Spindelwerkzeuge und Zubeh\u00f6r<\/li>\n<li class=\"translation-block\"><strong>Fabricado en Alemania:<\/strong> trabajo artesanal en la regi\u00f3n de la Jura de Suabia.<\/li>\n<li class=\"translation-block\"><strong>Garant\u00eda:<\/strong> 4 a\u00f1os<\/li>\n<\/ul>\n<p>&nbsp;<\/p>\n<h3><strong>Langlebigkeit garantiert \u2013 Made in Germany<\/strong><\/h3>\n<p>Die\u00a0<strong>Mec\u00e1nica De La Tala Wegde Bolsa<\/strong>\u00a0steht f\u00fcr h\u00f6chste Qualit\u00e4t und Pr\u00e4zision. Jedes Detail wurde auf maximale Haltbarkeit ausgelegt.<\/p>\n<p><strong>Fabricado en la manufactura de trabajo en la jura de Suabia, Hecho en Alemania. 4 A\u00f1os De Garant\u00eda.<\/strong><\/p>\n<h3><\/h3>\n<h3><strong>Conoce a partir de:<\/strong><\/h3>\n<p class=\"translation-block\"><a href=\"https:\/\/www.forstpraxis.de\/fuegos-mit-rapid-klick-19935\" target=\"_new\" rel=\"noopener\"><strong>Forst&amp;Technik<\/strong><\/a> y <a href=\"https:\/\/festmeter.de\/\" target=\"_new\" rel=\"noopener\"><strong>Festmeter<\/strong><\/a><\/p>\n<p>Die\u00a0<strong>Mec\u00e1nica De La Tala Wegde Bolsa<\/strong>\u00a0ist die ideale\u00a0<strong>Spindelkeiltasche<\/strong>\u00a0f\u00fcr Forstarbeiter, die auf Zuverl\u00e4ssigkeit, Funktionalit\u00e4t und Langlebigkeit setzen.\u00a0<strong>Robust, praktisch und immer einsatzbereit.<\/strong><\/p>","protected":false},"excerpt":{"rendered":"<h2><strong>Mec\u00e1nica De La Tala Wegde Bolsa<\/strong><\/h2>\n<ul>\n<li class=\"translation-block\"><strong>Robusto y duradero:<\/strong> fabricado en cuero sint\u00e9tico de alta tecnolog\u00eda resistente a los cortes y a la intemperie, con costuras dobles muy resistentes al desgarro.<\/li>\n<li><strong>Universell verwendbar:<\/strong>\u00a0Passend f\u00fcr mechanische F\u00e4llkeile verschiedener Gr\u00f6\u00dfen wie\u00a0<strong>TR24<\/strong>,\u00a0<strong>SK50<\/strong>,\u00a0<strong>EDER Titan 50<\/strong>\u00a0as\u00ed como\u00a0<strong>BaSt-Ing ValFix<\/strong>,\u00a0<strong>EcoVal<\/strong>\u00a0und\u00a0<strong>MiniFix<\/strong>.<\/li>\n<li><strong>Perfekter Sitz:<\/strong>\u00a0Rapidklick-System f\u00fcr Forstkoppel, Forstg\u00fcrtel, Profi-Forstg\u00fcrtel und Standard-Lederg\u00fcrtel.<\/li>\n<li><strong>Marca compatible:<\/strong>\u00a0Ideal f\u00fcr Keile von Forstreich, EDER und BaSt-Ing.<\/li>\n<li class=\"translation-block\"><strong>Fabricado en Alemania:<\/strong> Fabricado artesanalmente en la regi\u00f3n de la Jura de Suabia.<\/li>\n<li class=\"translation-block\"><strong>Duradero y garantizado:<\/strong> 4 a\u00f1os de garant\u00eda en materiales y mano de obra.<\/li>\n<\/ul>\n<p><strong>La soluci\u00f3n ideal para trabajadores forestales de manejar pr\u00e1ctico, estable, y siempre listo.<\/strong><\/p>","protected":false},"featured_media":248872,"comment_status":"open","ping_status":"closed","template":"","meta":{"_et_pb_use_builder":"","_et_pb_old_content":"","_et_gb_content_width":""},"product_brand":[],"product_cat":[25,31,200,201,175],"product_tag":[144,145,142,143,141],"class_list":{"0":"post-248864","1":"product","2":"type-product","3":"status-publish","4":"has-post-thumbnail","6":"product_cat-forst","7":"product_cat-forst-taschen-zubehoer","8":"product_cat-forstguertel-equipment","9":"product_cat-keiltasche","10":"product_cat-produkt-auswahl","11":"product_tag-faellkeil-tasche","12":"product_tag-faellkeiltasche","13":"product_tag-keiltasche","14":"product_tag-mechanische-keiltasche","15":"product_tag-mechanischer-faellkeil","17":"first","18":"instock","19":"taxable","20":"shipping-taxable","21":"purchasable","22":"product-type-simple"},"yoast_head":"<!-- This site is optimized with the Yoast SEO plugin v27.3 - https:\/\/yoast.com\/product\/yoast-seo-wordpress\/ -->\n<title>Mechanische F\u00e4llkeil Tasche &#8226; Fuegos<\/title>\n<meta name=\"description\" content=\"Mechanische F\u00e4llkeil Tasche f\u00fcr Forstg\u00fcrtel | Tasche f\u00fcr mechanische F\u00e4llkeile f\u00fcr verschiedene Gr\u00f6\u00dfen. Stabazier- &amp; belastbar.\" \/>\n<meta name=\"robots\" content=\"index, follow, max-snippet:-1, max-image-preview:large, max-video-preview:-1\" \/>\n<link rel=\"canonical\" href=\"https:\/\/www.fuegos.eu\/es\/product\/mechanische-faellkeil-tasche\/\" \/>\n<meta property=\"og:locale\" content=\"es_ES\" \/>\n<meta property=\"og:type\" content=\"article\" \/>\n<meta property=\"og:title\" content=\"Mechanische F\u00e4llkeil Tasche &#8226; Fuegos\" \/>\n<meta property=\"og:description\" content=\"Robuste Tasche f\u00fcr mechanische F\u00e4llkeile. Made in Germany mit 4 Jahren Garantie von Fuegos.\" \/>\n<meta property=\"og:url\" content=\"https:\/\/www.fuegos.eu\/es\/product\/mechanische-faellkeil-tasche\/\" \/>\n<meta property=\"og:site_name\" content=\"Fuegos\" \/>\n<meta property=\"article:publisher\" content=\"https:\/\/www.facebook.com\/FuegosForst\/\" \/>\n<meta property=\"article:modified_time\" content=\"2025-09-11T07:38:58+00:00\" \/>\n<meta property=\"og:image\" content=\"https:\/\/www.fuegos.eu\/wp-content\/uploads\/2021\/09\/Forstgurtel_Keiltasche_Mechanische-Fallkeile_Fuegos.jpg\" \/>\n\t<meta property=\"og:image:width\" content=\"1067\" \/>\n\t<meta property=\"og:image:height\" content=\"1067\" \/>\n\t<meta property=\"og:image:type\" content=\"image\/jpeg\" \/>\n<meta name=\"twitter:card\" content=\"summary_large_image\" \/>\n<meta name=\"twitter:label1\" content=\"Tiempo de lectura\" \/>\n\t<meta name=\"twitter:data1\" content=\"3 minutos\" \/>\n<script type=\"application\/ld+json\" class=\"yoast-schema-graph\">{\"@context\":\"https:\\\/\\\/schema.org\",\"@graph\":[{\"@type\":\"WebPage\",\"@id\":\"https:\\\/\\\/www.fuegos.eu\\\/product\\\/mechanische-faellkeil-tasche\\\/\",\"url\":\"https:\\\/\\\/www.fuegos.eu\\\/product\\\/mechanische-faellkeil-tasche\\\/\",\"name\":\"Mechanische F\u00e4llkeil Tasche &#8226; Fuegos\",\"isPartOf\":{\"@id\":\"https:\\\/\\\/www.fuegos.eu\\\/#website\"},\"primaryImageOfPage\":{\"@id\":\"https:\\\/\\\/www.fuegos.eu\\\/product\\\/mechanische-faellkeil-tasche\\\/#primaryimage\"},\"image\":{\"@id\":\"https:\\\/\\\/www.fuegos.eu\\\/product\\\/mechanische-faellkeil-tasche\\\/#primaryimage\"},\"thumbnailUrl\":\"https:\\\/\\\/www.fuegos.eu\\\/wp-content\\\/uploads\\\/2022\\\/01\\\/Mechanischer-Faellkeil-Tasche_Fuegos-min.jpg\",\"datePublished\":\"2022-01-23T13:02:52+00:00\",\"dateModified\":\"2025-09-11T07:38:58+00:00\",\"description\":\"Mechanische F\u00e4llkeil Tasche f\u00fcr Forstg\u00fcrtel | Tasche f\u00fcr mechanische F\u00e4llkeile f\u00fcr verschiedene Gr\u00f6\u00dfen. Stabazier- & belastbar.\",\"breadcrumb\":{\"@id\":\"https:\\\/\\\/www.fuegos.eu\\\/product\\\/mechanische-faellkeil-tasche\\\/#breadcrumb\"},\"inLanguage\":\"es\",\"potentialAction\":[{\"@type\":\"ReadAction\",\"target\":[\"https:\\\/\\\/www.fuegos.eu\\\/product\\\/mechanische-faellkeil-tasche\\\/\"]}]},{\"@type\":\"ImageObject\",\"inLanguage\":\"es\",\"@id\":\"https:\\\/\\\/www.fuegos.eu\\\/product\\\/mechanische-faellkeil-tasche\\\/#primaryimage\",\"url\":\"https:\\\/\\\/www.fuegos.eu\\\/wp-content\\\/uploads\\\/2022\\\/01\\\/Mechanischer-Faellkeil-Tasche_Fuegos-min.jpg\",\"contentUrl\":\"https:\\\/\\\/www.fuegos.eu\\\/wp-content\\\/uploads\\\/2022\\\/01\\\/Mechanischer-Faellkeil-Tasche_Fuegos-min.jpg\",\"width\":1920,\"height\":1920,\"caption\":\"Die Mechanische F\u00e4llkeil Tasche von Fuegos bietet optimalen Halt f\u00fcr mechanische F\u00e4llkeile wie den TR24 von Forstreich. Das robuste Hightech-Kunstleder h\u00e4lt schweren Spindeln und scharfen Kanten stand, w\u00e4hrend das praktische Design einen schnellen Zugriff garantiert. Ein unverzichtbares Werkzeug f\u00fcr professionelle Forstarbeiter.\"},{\"@type\":\"BreadcrumbList\",\"@id\":\"https:\\\/\\\/www.fuegos.eu\\\/product\\\/mechanische-faellkeil-tasche\\\/#breadcrumb\",\"itemListElement\":[{\"@type\":\"ListItem\",\"position\":1,\"name\":\"Home\",\"item\":\"https:\\\/\\\/www.fuegos.eu\\\/\"},{\"@type\":\"ListItem\",\"position\":2,\"name\":\"Shop\",\"item\":\"https:\\\/\\\/www.fuegos.eu\\\/forstguertel-taschen-online-kaufen\\\/\"},{\"@type\":\"ListItem\",\"position\":3,\"name\":\"Mechanische F\u00e4llkeil Tasche\"}]},{\"@type\":\"WebSite\",\"@id\":\"https:\\\/\\\/www.fuegos.eu\\\/#website\",\"url\":\"https:\\\/\\\/www.fuegos.eu\\\/\",\"name\":\"Fuegos\",\"description\":\"Textile L\u00f6sungen nach Ma\u00df\",\"publisher\":{\"@id\":\"https:\\\/\\\/www.fuegos.eu\\\/#organization\"},\"potentialAction\":[{\"@type\":\"SearchAction\",\"target\":{\"@type\":\"EntryPoint\",\"urlTemplate\":\"https:\\\/\\\/www.fuegos.eu\\\/?s={search_term_string}\"},\"query-input\":{\"@type\":\"PropertyValueSpecification\",\"valueRequired\":true,\"valueName\":\"search_term_string\"}}],\"inLanguage\":\"es\"},{\"@type\":\"Organization\",\"@id\":\"https:\\\/\\\/www.fuegos.eu\\\/#organization\",\"name\":\"Fuegos\",\"url\":\"https:\\\/\\\/www.fuegos.eu\\\/\",\"logo\":{\"@type\":\"ImageObject\",\"inLanguage\":\"es\",\"@id\":\"https:\\\/\\\/www.fuegos.eu\\\/#\\\/schema\\\/logo\\\/image\\\/\",\"url\":\"https:\\\/\\\/fuegos.eu\\\/wp-content\\\/uploads\\\/2020\\\/05\\\/FuegosSignatur000.jpg\",\"contentUrl\":\"https:\\\/\\\/fuegos.eu\\\/wp-content\\\/uploads\\\/2020\\\/05\\\/FuegosSignatur000.jpg\",\"width\":960,\"height\":408,\"caption\":\"Fuegos\"},\"image\":{\"@id\":\"https:\\\/\\\/www.fuegos.eu\\\/#\\\/schema\\\/logo\\\/image\\\/\"},\"sameAs\":[\"https:\\\/\\\/www.facebook.com\\\/FuegosForst\\\/\",\"https:\\\/\\\/www.youtube.com\\\/channel\\\/UC0SFe93Vgi6YZV6tSCOLdkA\"]}]}<\/script>\n<!-- \/ Yoast SEO plugin. -->","yoast_head_json":{"title":"Mechanische F\u00e4llkeil Tasche &#8226; Fuegos","description":"Mechanische F\u00e4llkeil Tasche f\u00fcr Forstg\u00fcrtel | Tasche f\u00fcr mechanische F\u00e4llkeile f\u00fcr verschiedene Gr\u00f6\u00dfen. Stabazier- & belastbar.","robots":{"index":"index","follow":"follow","max-snippet":"max-snippet:-1","max-image-preview":"max-image-preview:large","max-video-preview":"max-video-preview:-1"},"canonical":"https:\/\/www.fuegos.eu\/es\/product\/mechanische-faellkeil-tasche\/","og_locale":"es_ES","og_type":"article","og_title":"Mechanische F\u00e4llkeil Tasche &#8226; Fuegos","og_description":"Robuste Tasche f\u00fcr mechanische F\u00e4llkeile. Made in Germany mit 4 Jahren Garantie von Fuegos.","og_url":"https:\/\/www.fuegos.eu\/es\/product\/mechanische-faellkeil-tasche\/","og_site_name":"Fuegos","article_publisher":"https:\/\/www.facebook.com\/FuegosForst\/","article_modified_time":"2025-09-11T07:38:58+00:00","og_image":[{"width":1067,"height":1067,"url":"https:\/\/www.fuegos.eu\/wp-content\/uploads\/2021\/09\/Forstgurtel_Keiltasche_Mechanische-Fallkeile_Fuegos.jpg","type":"image\/jpeg"}],"twitter_card":"summary_large_image","twitter_misc":{"Tiempo de lectura":"3 minutos"},"schema":{"@context":"https:\/\/schema.org","@graph":[{"@type":"WebPage","@id":"https:\/\/www.fuegos.eu\/product\/mechanische-faellkeil-tasche\/","url":"https:\/\/www.fuegos.eu\/product\/mechanische-faellkeil-tasche\/","name":"Mechanische F\u00e4llkeil Tasche &#8226; Fuegos","isPartOf":{"@id":"https:\/\/www.fuegos.eu\/#website"},"primaryImageOfPage":{"@id":"https:\/\/www.fuegos.eu\/product\/mechanische-faellkeil-tasche\/#primaryimage"},"image":{"@id":"https:\/\/www.fuegos.eu\/product\/mechanische-faellkeil-tasche\/#primaryimage"},"thumbnailUrl":"https:\/\/www.fuegos.eu\/wp-content\/uploads\/2022\/01\/Mechanischer-Faellkeil-Tasche_Fuegos-min.jpg","datePublished":"2022-01-23T13:02:52+00:00","dateModified":"2025-09-11T07:38:58+00:00","description":"Mechanische F\u00e4llkeil Tasche f\u00fcr Forstg\u00fcrtel | Tasche f\u00fcr mechanische F\u00e4llkeile f\u00fcr verschiedene Gr\u00f6\u00dfen. Stabazier- & belastbar.","breadcrumb":{"@id":"https:\/\/www.fuegos.eu\/product\/mechanische-faellkeil-tasche\/#breadcrumb"},"inLanguage":"es","potentialAction":[{"@type":"ReadAction","target":["https:\/\/www.fuegos.eu\/product\/mechanische-faellkeil-tasche\/"]}]},{"@type":"ImageObject","inLanguage":"es","@id":"https:\/\/www.fuegos.eu\/product\/mechanische-faellkeil-tasche\/#primaryimage","url":"https:\/\/www.fuegos.eu\/wp-content\/uploads\/2022\/01\/Mechanischer-Faellkeil-Tasche_Fuegos-min.jpg","contentUrl":"https:\/\/www.fuegos.eu\/wp-content\/uploads\/2022\/01\/Mechanischer-Faellkeil-Tasche_Fuegos-min.jpg","width":1920,"height":1920,"caption":"Die Mechanische F\u00e4llkeil Tasche von Fuegos bietet optimalen Halt f\u00fcr mechanische F\u00e4llkeile wie den TR24 von Forstreich. Das robuste Hightech-Kunstleder h\u00e4lt schweren Spindeln und scharfen Kanten stand, w\u00e4hrend das praktische Design einen schnellen Zugriff garantiert. Ein unverzichtbares Werkzeug f\u00fcr professionelle Forstarbeiter."},{"@type":"BreadcrumbList","@id":"https:\/\/www.fuegos.eu\/product\/mechanische-faellkeil-tasche\/#breadcrumb","itemListElement":[{"@type":"ListItem","position":1,"name":"Home","item":"https:\/\/www.fuegos.eu\/"},{"@type":"ListItem","position":2,"name":"Shop","item":"https:\/\/www.fuegos.eu\/forstguertel-taschen-online-kaufen\/"},{"@type":"ListItem","position":3,"name":"Mechanische F\u00e4llkeil Tasche"}]},{"@type":"WebSite","@id":"https:\/\/www.fuegos.eu\/#website","url":"https:\/\/www.fuegos.eu\/","name":"Inicio","description":"Soluciones textiles","publisher":{"@id":"https:\/\/www.fuegos.eu\/#organization"},"potentialAction":[{"@type":"SearchAction","target":{"@type":"EntryPoint","urlTemplate":"https:\/\/www.fuegos.eu\/?s={search_term_string}"},"query-input":{"@type":"PropertyValueSpecification","valueRequired":true,"valueName":"search_term_string"}}],"inLanguage":"es"},{"@type":"Organization","@id":"https:\/\/www.fuegos.eu\/#organization","name":"Inicio","url":"https:\/\/www.fuegos.eu\/","logo":{"@type":"ImageObject","inLanguage":"es","@id":"https:\/\/www.fuegos.eu\/#\/schema\/logo\/image\/","url":"https:\/\/fuegos.eu\/wp-content\/uploads\/2020\/05\/FuegosSignatur000.jpg","contentUrl":"https:\/\/fuegos.eu\/wp-content\/uploads\/2020\/05\/FuegosSignatur000.jpg","width":960,"height":408,"caption":"Fuegos"},"image":{"@id":"https:\/\/www.fuegos.eu\/#\/schema\/logo\/image\/"},"sameAs":["https:\/\/www.facebook.com\/FuegosForst\/","https:\/\/www.youtube.com\/channel\/UC0SFe93Vgi6YZV6tSCOLdkA"]}]}},"_links":{"self":[{"href":"https:\/\/www.fuegos.eu\/es\/wp-json\/wp\/v2\/product\/248864","targetHints":{"allow":["GET"]}}],"collection":[{"href":"https:\/\/www.fuegos.eu\/es\/wp-json\/wp\/v2\/product"}],"about":[{"href":"https:\/\/www.fuegos.eu\/es\/wp-json\/wp\/v2\/types\/product"}],"replies":[{"embeddable":true,"href":"https:\/\/www.fuegos.eu\/es\/wp-json\/wp\/v2\/comments?post=248864"}],"wp:featuredmedia":[{"embeddable":true,"href":"https:\/\/www.fuegos.eu\/es\/wp-json\/wp\/v2\/media\/248872"}],"wp:attachment":[{"href":"https:\/\/www.fuegos.eu\/es\/wp-json\/wp\/v2\/media?parent=248864"}],"wp:term":[{"taxonomy":"product_brand","embeddable":true,"href":"https:\/\/www.fuegos.eu\/es\/wp-json\/wp\/v2\/product_brand?post=248864"},{"taxonomy":"product_cat","embeddable":true,"href":"https:\/\/www.fuegos.eu\/es\/wp-json\/wp\/v2\/product_cat?post=248864"},{"taxonomy":"product_tag","embeddable":true,"href":"https:\/\/www.fuegos.eu\/es\/wp-json\/wp\/v2\/product_tag?post=248864"}],"curies":[{"name":"wp","href":"https:\/\/api.w.org\/{rel}","templated":true}]}}