{"id":254816,"date":"2024-11-22T00:02:39","date_gmt":"2024-11-21T23:02:39","guid":{"rendered":"https:\/\/fuegos.eu\/?post_type=product&#038;p=254816"},"modified":"2024-12-19T17:36:25","modified_gmt":"2024-12-19T16:36:25","slug":"tonkinstabkoecher-75cm","status":"publish","type":"product","link":"https:\/\/www.fuegos.eu\/es\/product\/tonkinstabkoecher-75cm\/","title":{"rendered":"Tonkin varilla de la aljaba de 75cm"},"content":{"rendered":"<h3><strong>Tonkin varilla de la aljaba de 75cm \u2013 Vers\u00e1til y robusto Tonkin bolsillo de la barra para la silvicultura<\/strong><\/h3>\n<p class=\"translation-block\">El <strong>porta palos Tonkin de 75 cm<\/strong>, tambi\u00e9n conocido como <strong>bolsa para palos Tonkin<\/strong>, es la soluci\u00f3n perfecta para trabajos forestales profesionales. Este robusto porta palos est\u00e1 especialmente dise\u00f1ado para transportar de forma segura y eficiente <strong>entre 25 y 30 palos Tonkin o palos de robinia<\/strong>. Con una altura de 75 cm y un di\u00e1metro de 25 cm, ofrece espacio suficiente, mientras que el material duradero y <strong>sin PVC<\/strong> protege tanto el medio ambiente como el contenido.<\/p>\n<hr \/>\n<h4><strong>\u00bfPor qu\u00e9 el Tonkin varilla de la aljaba de 75cm es esencial<\/strong><\/h4>\n<ul>\n<li class=\"translation-block\"><strong>Adecuado para varas de tonkin y robinia:<\/strong> con espacio para hasta 30 varas, es ideal para todos los proyectos de plantaci\u00f3n.<\/li>\n<li class=\"translation-block\"><strong>Duraderas y resistentes a la intemperie:<\/strong> la lona impermeable y resistente a la abrasi\u00f3n soporta incluso las condiciones m\u00e1s adversas.<\/li>\n<li class=\"translation-block\"><strong>Flexibilidad gracias al acoplamiento:<\/strong> con posibilidades de suspensi\u00f3n y en el <a href=\"https:\/\/www.fuegos.eu\/es\/product\/schultertragesystem-forstguertel-werkzeugguertel\/\" target=\"_blank\" rel=\"noopener\">sistema de transporte forestal para el hombro<\/a> o el <a href=\"https:\/\/www.fuegos.eu\/es\/product\/forstguertel-flexibler-forstgurt-made-in-germany\/\" target=\"_blank\" rel=\"noopener\">cintur\u00f3n forestal <\/a>, el carcaj se adapta a las necesidades.<\/li>\n<li class=\"translation-block\"><strong>Enfoque en la sostenibilidad:<\/strong> fabricado con material reciclable y libre de sustancias nocivas, que protege el medio ambiente y ofrece al mismo tiempo la m\u00e1xima resistencia.<\/li>\n<li class=\"translation-block\"><strong>F\u00e1cil de limpiar:<\/strong> el material es repelente al agua y se puede lavar f\u00e1cilmente a mano a 30 \u00b0C.<\/li>\n<\/ul>\n<hr \/>\n<h4><strong>Los Detalles t\u00e9cnicos de la varilla de Tonkin carcaj 75cm<\/strong><\/h4>\n<ul>\n<li class=\"translation-block\"><strong>Dimensiones:<\/strong> Altura 75 cm, di\u00e1metro 25 cm, circunferencia 75 cm.<\/li>\n<li class=\"translation-block\"><strong>Gewicht:<\/strong>&nbsp;Nur 350 g f\u00fcr einfaches Handling<\/li>\n<li class=\"translation-block\"><strong>Material:<\/strong>&nbsp;PVC-freier, recycelbarer Planenstoff in signalroter Farbe<\/li>\n<li class=\"translation-block\"><strong>Capacidad:<\/strong> Apto para 25-30 varas de tonka o varas de robinia.<\/li>\n<li class=\"translation-block\"><strong>Funcionalidad:<\/strong> Suspensi\u00f3n y acoplamiento a <a href=\"https:\/\/www.fuegos.eu\/es\/forst\/\" target=\"_blank\" rel=\"noopener\">sistemas STS<\/a> y <a href=\"https:\/\/www.fuegos.eu\/es\/product\/forstguertel-flexibler-forstgurt-made-in-germany\/\" target=\"_blank\" rel=\"noopener\">cinturones forestales<\/a><\/li>\n<\/ul>\n<hr \/>\n<h3><strong>Formas de uso<\/strong><\/h3>\n<ol>\n<li class=\"translation-block\"><strong>Proyectos de reforestaci\u00f3n:<\/strong> perfectos para transportar soportes para plantas, como varillas de tonkino o de robinia, para sostener \u00e1rboles j\u00f3venes.<\/li>\n<li class=\"translation-block\"><strong>Cuidado forestal:<\/strong> Ayuda a los guardabosques y a los trabajadores forestales en las medidas de cuidado y protecci\u00f3n.<\/li>\n<li class=\"translation-block\"><strong>Nuevas plantaciones:<\/strong> ideal para crear nuevas plantaciones y reforzar plantas en crecimiento.<\/li>\n<\/ol>\n<hr \/>\n<h4><strong>La sostenibilidad se une a la funcionalidad<\/strong><\/h4>\n<p class=\"translation-block\">El <strong>porta-varas Tonkin de 75 cm<\/strong> ha sido dise\u00f1ado para combinar la m\u00e1xima funcionalidad con un enfoque sostenible. La lona utilizada <strong>no contiene PVC ni sustancias nocivas<\/strong>, lo que la hace segura para las personas, el medio ambiente y las pl\u00e1ntulas. El <strong>color rojo brillante<\/strong> no solo le da un aspecto atractivo, sino que tambi\u00e9n aumenta la visibilidad durante el trabajo en el bosque.<\/p>\n<hr \/>\n<h3><strong>\u00bfPor qu\u00e9 el Tonkin varilla de la aljaba de 75 cm?<\/strong><\/h3>\n<p class=\"translation-block\">Este portatroncos ofrece todo lo necesario para realizar con \u00e9xito los trabajos forestales: robustez, capacidad, respeto por el medio ambiente y comodidad. Ya sea para reforestaci\u00f3n, mantenimiento forestal o nuevas plantaciones, el <strong>portatroncos Tonkin de 75 cm<\/strong> es el compa\u00f1ero ideal para todos aquellos que valoran la calidad y la sostenibilidad.<\/p>\n<hr \/>\n<h3><strong>Otros productos de la serie<\/strong><\/h3>\n<ul>\n<li class=\"translation-block\"><a href=\"https:\/\/www.fuegos.eu\/es\/product\/tonkinstabkoecher-75cm-vielseitige-tonkinstab-tasche-fuer-tonkin-und-robinienstaebe\/\" target=\"_blank\" rel=\"noopener\"><strong>Porta flechas Tonkin 75 cm:<\/strong><\/a> Para cantidades y proyectos m\u00e1s compactos: ligero y flexible.<\/li>\n<li class=\"translation-block\"><a href=\"https:\/\/www.fuegos.eu\/es\/product\/tonkinstabkoecher-90cm-robuste-tonkinstab-tasche-fuer-groessere-mengen\/\" target=\"_blank\" rel=\"noopener\"><strong>Estuche para palos de tonkino de 90 cm:<\/strong><\/a> Para cantidades mayores o palos m\u00e1s largos.<\/li>\n<li class=\"translation-block\"><a href=\"https:\/\/www.fuegos.eu\/es\/product\/pflanztasche-30-cm-fuer-die-forstwirtschaft\/\" target=\"_blank\" rel=\"noopener\"><strong>Bolsa para plantas de 30 cm para silvicultura:<\/strong><\/a> Compacta y flexible para pl\u00e1ntulas m\u00e1s peque\u00f1as.<\/li>\n<li class=\"translation-block\"><a href=\"https:\/\/www.fuegos.eu\/es\/product\/pflanztasche-40-cm-fuer-die-forstwirtschaft\/\" target=\"_blank\" rel=\"noopener\"><strong>Bolsa para plantas de 40 cm para silvicultura:<\/strong><\/a> El tama\u00f1o perfecto para proyectos de plantaci\u00f3n medianos.<\/li>\n<li class=\"translation-block\"><a href=\"https:\/\/www.fuegos.eu\/es\/product\/pflanztasche-fuer-den-forst-50cm\/\" target=\"_blank\" rel=\"noopener\"><strong>Bolsa para plantas forestales de 50 cm:<\/strong><\/a> Capacidad m\u00e1xima para grandes proyectos de reforestaci\u00f3n.<\/li>\n<li class=\"translation-block\"><a href=\"https:\/\/www.fuegos.eu\/es\/product\/pflanztaschen-baukasten\/\" target=\"_blank\" rel=\"noopener\"><strong>Kit para sistemas de transporte de bolsas para plantas:<\/strong><\/a> Sistema de transporte personalizable para una ergonom\u00eda y eficiencia \u00f3ptimas.<\/li>\n<\/ul>\n<hr \/>\n<p class=\"translation-block\">Der&nbsp;<strong>Tonkinstabk\u00f6cher 75cm<\/strong>&nbsp;ist die perfekte Kombination aus Funktionalit\u00e4t, Nachhaltigkeit und Flexibilit\u00e4t \u2013 ein unverzichtbares Werkzeug f\u00fcr jede erfolgreiche Forstarbeit.<\/p>","protected":false},"excerpt":{"rendered":"<h3><strong>Tonkin varilla de la aljaba de 75cm<\/strong><\/h3>\n<p class=\"translation-block\">El <strong>estuche para varas de Tonkin de 75 cm<\/strong> tiene un volumen de <strong>36,8 litros<\/strong> y es la elecci\u00f3n perfecta para transportar <strong>entre 25 y 30 varas de Tonkin o robinia<\/strong>.<\/p>\n<p class=\"translation-block\">Con una altura de 75 cm y un di\u00e1metro de 25 cm, es compacto y flexible. Se suministra con una <strong>correa de transporte<\/strong> y es <strong>compatible con cinturones forestales y sistemas ergon\u00f3micos de transporte al hombro<\/strong>. El material resistente e impermeable protege el contenido de forma fiable, mientras que el color rojo brillante garantiza una alta visibilidad.<\/p>\n<p class=\"translation-block\"><strong>Dimensiones:<\/strong> altura 75 cm, di\u00e1metro 25 cm, volumen 36,8 litros<br>\n<strong>Material:<\/strong> lona sin PVC, resistente al agua y a la intemperie<br>\n<strong>Caracter\u00edsticas especiales:<\/strong> con correa de transporte, compatible con cintur\u00f3n forestal y sistema de transporte al hombro, libre de sustancias nocivas, f\u00e1cil de limpiar.<\/p>","protected":false},"featured_media":254819,"comment_status":"open","ping_status":"closed","template":"","meta":{"_et_pb_use_builder":"","_et_pb_old_content":"","_et_gb_content_width":""},"product_brand":[],"product_cat":[25,200,187],"product_tag":[],"class_list":{"0":"post-254816","1":"product","2":"type-product","3":"status-publish","4":"has-post-thumbnail","6":"product_cat-forst","7":"product_cat-forstguertel-equipment","8":"product_cat-pflanztaschen","10":"first","11":"instock","12":"taxable","13":"shipping-taxable","14":"purchasable","15":"product-type-simple"},"yoast_head":"<!-- This site is optimized with the Yoast SEO plugin v27.3 - https:\/\/yoast.com\/product\/yoast-seo-wordpress\/ -->\n<title>Tonkinstabk\u00f6cher 75cm &#8226; Fuegos<\/title>\n<meta name=\"description\" content=\"Tonkinstabk\u00f6cher 75cm \u2013 Vielseitige Tonkinstab Tasche f\u00fcr Tonkin- und Robinienst\u00e4be. Nachhaltig, PVC-frei und robust. Perfekt f\u00fcr Aufforstungsarbeiten.\" \/>\n<meta name=\"robots\" content=\"index, follow, max-snippet:-1, max-image-preview:large, max-video-preview:-1\" \/>\n<link rel=\"canonical\" href=\"https:\/\/www.fuegos.eu\/es\/product\/tonkinstabkoecher-75cm\/\" \/>\n<meta property=\"og:locale\" content=\"es_ES\" \/>\n<meta property=\"og:type\" content=\"article\" \/>\n<meta property=\"og:title\" content=\"Tonkinstabk\u00f6cher 75cm &#8226; Fuegos\" \/>\n<meta property=\"og:description\" content=\"Tonkinstabk\u00f6cher 75cm \u2013 Vielseitige Tonkinstab Tasche f\u00fcr Tonkin- und Robinienst\u00e4be. Nachhaltig, PVC-frei und robust. Perfekt f\u00fcr Aufforstungsarbeiten.\" \/>\n<meta property=\"og:url\" content=\"https:\/\/www.fuegos.eu\/es\/product\/tonkinstabkoecher-75cm\/\" \/>\n<meta property=\"og:site_name\" content=\"Fuegos\" \/>\n<meta property=\"article:publisher\" content=\"https:\/\/www.facebook.com\/FuegosForst\/\" \/>\n<meta property=\"article:modified_time\" content=\"2024-12-19T16:36:25+00:00\" \/>\n<meta property=\"og:image\" content=\"https:\/\/www.fuegos.eu\/wp-content\/uploads\/2024\/11\/Tonkin_Tasche-Tonkinkoecher_800-min.jpg\" \/>\n\t<meta property=\"og:image:width\" content=\"800\" \/>\n\t<meta property=\"og:image:height\" content=\"800\" \/>\n\t<meta property=\"og:image:type\" content=\"image\/jpeg\" \/>\n<meta name=\"twitter:card\" content=\"summary_large_image\" \/>\n<meta name=\"twitter:label1\" content=\"Tiempo de lectura\" \/>\n\t<meta name=\"twitter:data1\" content=\"3 minutos\" \/>\n<script type=\"application\/ld+json\" class=\"yoast-schema-graph\">{\"@context\":\"https:\\\/\\\/schema.org\",\"@graph\":[{\"@type\":\"WebPage\",\"@id\":\"https:\\\/\\\/www.fuegos.eu\\\/product\\\/tonkinstabkoecher-75cm\\\/\",\"url\":\"https:\\\/\\\/www.fuegos.eu\\\/product\\\/tonkinstabkoecher-75cm\\\/\",\"name\":\"Tonkinstabk\u00f6cher 75cm &#8226; Fuegos\",\"isPartOf\":{\"@id\":\"https:\\\/\\\/www.fuegos.eu\\\/#website\"},\"primaryImageOfPage\":{\"@id\":\"https:\\\/\\\/www.fuegos.eu\\\/product\\\/tonkinstabkoecher-75cm\\\/#primaryimage\"},\"image\":{\"@id\":\"https:\\\/\\\/www.fuegos.eu\\\/product\\\/tonkinstabkoecher-75cm\\\/#primaryimage\"},\"thumbnailUrl\":\"https:\\\/\\\/www.fuegos.eu\\\/wp-content\\\/uploads\\\/2024\\\/11\\\/Tonkin_Tasche-Tonkinkoecher_800-min.jpg\",\"datePublished\":\"2024-11-21T23:02:39+00:00\",\"dateModified\":\"2024-12-19T16:36:25+00:00\",\"description\":\"Tonkinstabk\u00f6cher 75cm \u2013 Vielseitige Tonkinstab Tasche f\u00fcr Tonkin- und Robinienst\u00e4be. Nachhaltig, PVC-frei und robust. Perfekt f\u00fcr Aufforstungsarbeiten.\",\"breadcrumb\":{\"@id\":\"https:\\\/\\\/www.fuegos.eu\\\/product\\\/tonkinstabkoecher-75cm\\\/#breadcrumb\"},\"inLanguage\":\"es\",\"potentialAction\":[{\"@type\":\"ReadAction\",\"target\":[\"https:\\\/\\\/www.fuegos.eu\\\/product\\\/tonkinstabkoecher-75cm\\\/\"]}]},{\"@type\":\"ImageObject\",\"inLanguage\":\"es\",\"@id\":\"https:\\\/\\\/www.fuegos.eu\\\/product\\\/tonkinstabkoecher-75cm\\\/#primaryimage\",\"url\":\"https:\\\/\\\/www.fuegos.eu\\\/wp-content\\\/uploads\\\/2024\\\/11\\\/Tonkin_Tasche-Tonkinkoecher_800-min.jpg\",\"contentUrl\":\"https:\\\/\\\/www.fuegos.eu\\\/wp-content\\\/uploads\\\/2024\\\/11\\\/Tonkin_Tasche-Tonkinkoecher_800-min.jpg\",\"width\":800,\"height\":800,\"caption\":\"Der Tonkinstabk\u00f6cher 75cm ist ideal f\u00fcr den Transport von 25-30 Tonkin- oder Robinienst\u00e4ben. PVC-frei, nachhaltig und wetterfest.\"},{\"@type\":\"BreadcrumbList\",\"@id\":\"https:\\\/\\\/www.fuegos.eu\\\/product\\\/tonkinstabkoecher-75cm\\\/#breadcrumb\",\"itemListElement\":[{\"@type\":\"ListItem\",\"position\":1,\"name\":\"Home\",\"item\":\"https:\\\/\\\/www.fuegos.eu\\\/\"},{\"@type\":\"ListItem\",\"position\":2,\"name\":\"Shop\",\"item\":\"https:\\\/\\\/www.fuegos.eu\\\/forstguertel-taschen-online-kaufen\\\/\"},{\"@type\":\"ListItem\",\"position\":3,\"name\":\"Tonkinstabk\u00f6cher 75cm\"}]},{\"@type\":\"WebSite\",\"@id\":\"https:\\\/\\\/www.fuegos.eu\\\/#website\",\"url\":\"https:\\\/\\\/www.fuegos.eu\\\/\",\"name\":\"Fuegos\",\"description\":\"Textile L\u00f6sungen nach Ma\u00df\",\"publisher\":{\"@id\":\"https:\\\/\\\/www.fuegos.eu\\\/#organization\"},\"potentialAction\":[{\"@type\":\"SearchAction\",\"target\":{\"@type\":\"EntryPoint\",\"urlTemplate\":\"https:\\\/\\\/www.fuegos.eu\\\/?s={search_term_string}\"},\"query-input\":{\"@type\":\"PropertyValueSpecification\",\"valueRequired\":true,\"valueName\":\"search_term_string\"}}],\"inLanguage\":\"es\"},{\"@type\":\"Organization\",\"@id\":\"https:\\\/\\\/www.fuegos.eu\\\/#organization\",\"name\":\"Fuegos\",\"url\":\"https:\\\/\\\/www.fuegos.eu\\\/\",\"logo\":{\"@type\":\"ImageObject\",\"inLanguage\":\"es\",\"@id\":\"https:\\\/\\\/www.fuegos.eu\\\/#\\\/schema\\\/logo\\\/image\\\/\",\"url\":\"https:\\\/\\\/fuegos.eu\\\/wp-content\\\/uploads\\\/2020\\\/05\\\/FuegosSignatur000.jpg\",\"contentUrl\":\"https:\\\/\\\/fuegos.eu\\\/wp-content\\\/uploads\\\/2020\\\/05\\\/FuegosSignatur000.jpg\",\"width\":960,\"height\":408,\"caption\":\"Fuegos\"},\"image\":{\"@id\":\"https:\\\/\\\/www.fuegos.eu\\\/#\\\/schema\\\/logo\\\/image\\\/\"},\"sameAs\":[\"https:\\\/\\\/www.facebook.com\\\/FuegosForst\\\/\",\"https:\\\/\\\/www.youtube.com\\\/channel\\\/UC0SFe93Vgi6YZV6tSCOLdkA\"]}]}<\/script>\n<!-- \/ Yoast SEO plugin. -->","yoast_head_json":{"title":"Tonkin varilla de la aljaba de 75cm \u2022 Fuegos","description":"Tonkin varilla de la aljaba de 75cm \u2013 Vers\u00e1til Tonkin bolsillo de la barra de Tonkin, y Robinia varillas. Sostenible, libre de PVC y robusto. Perfecto para la forestaci\u00f3n de trabajo.","robots":{"index":"index","follow":"follow","max-snippet":"max-snippet:-1","max-image-preview":"max-image-preview:large","max-video-preview":"max-video-preview:-1"},"canonical":"https:\/\/www.fuegos.eu\/es\/product\/tonkinstabkoecher-75cm\/","og_locale":"es_ES","og_type":"article","og_title":"Tonkinstabk\u00f6cher 75cm &#8226; Fuegos","og_description":"Tonkinstabk\u00f6cher 75cm \u2013 Vielseitige Tonkinstab Tasche f\u00fcr Tonkin- und Robinienst\u00e4be. Nachhaltig, PVC-frei und robust. Perfekt f\u00fcr Aufforstungsarbeiten.","og_url":"https:\/\/www.fuegos.eu\/es\/product\/tonkinstabkoecher-75cm\/","og_site_name":"Fuegos","article_publisher":"https:\/\/www.facebook.com\/FuegosForst\/","article_modified_time":"2024-12-19T16:36:25+00:00","og_image":[{"width":800,"height":800,"url":"https:\/\/www.fuegos.eu\/wp-content\/uploads\/2024\/11\/Tonkin_Tasche-Tonkinkoecher_800-min.jpg","type":"image\/jpeg"}],"twitter_card":"summary_large_image","twitter_misc":{"Tiempo de lectura":"3 minutos"},"schema":{"@context":"https:\/\/schema.org","@graph":[{"@type":"WebPage","@id":"https:\/\/www.fuegos.eu\/product\/tonkinstabkoecher-75cm\/","url":"https:\/\/www.fuegos.eu\/product\/tonkinstabkoecher-75cm\/","name":"Tonkin varilla de la aljaba de 75cm \u2022 Fuegos","isPartOf":{"@id":"https:\/\/www.fuegos.eu\/#website"},"primaryImageOfPage":{"@id":"https:\/\/www.fuegos.eu\/product\/tonkinstabkoecher-75cm\/#primaryimage"},"image":{"@id":"https:\/\/www.fuegos.eu\/product\/tonkinstabkoecher-75cm\/#primaryimage"},"thumbnailUrl":"https:\/\/www.fuegos.eu\/wp-content\/uploads\/2024\/11\/Tonkin_Tasche-Tonkinkoecher_800-min.jpg","datePublished":"2024-11-21T23:02:39+00:00","dateModified":"2024-12-19T16:36:25+00:00","description":"Tonkin varilla de la aljaba de 75cm \u2013 Vers\u00e1til Tonkin bolsillo de la barra de Tonkin, y Robinia varillas. Sostenible, libre de PVC y robusto. Perfecto para la forestaci\u00f3n de trabajo.","breadcrumb":{"@id":"https:\/\/www.fuegos.eu\/product\/tonkinstabkoecher-75cm\/#breadcrumb"},"inLanguage":"es","potentialAction":[{"@type":"ReadAction","target":["https:\/\/www.fuegos.eu\/product\/tonkinstabkoecher-75cm\/"]}]},{"@type":"ImageObject","inLanguage":"es","@id":"https:\/\/www.fuegos.eu\/product\/tonkinstabkoecher-75cm\/#primaryimage","url":"https:\/\/www.fuegos.eu\/wp-content\/uploads\/2024\/11\/Tonkin_Tasche-Tonkinkoecher_800-min.jpg","contentUrl":"https:\/\/www.fuegos.eu\/wp-content\/uploads\/2024\/11\/Tonkin_Tasche-Tonkinkoecher_800-min.jpg","width":800,"height":800,"caption":"Der Tonkinstabk\u00f6cher 75cm ist ideal f\u00fcr den Transport von 25-30 Tonkin- oder Robinienst\u00e4ben. PVC-frei, nachhaltig und wetterfest."},{"@type":"BreadcrumbList","@id":"https:\/\/www.fuegos.eu\/product\/tonkinstabkoecher-75cm\/#breadcrumb","itemListElement":[{"@type":"ListItem","position":1,"name":"Home","item":"https:\/\/www.fuegos.eu\/"},{"@type":"ListItem","position":2,"name":"Shop","item":"https:\/\/www.fuegos.eu\/forstguertel-taschen-online-kaufen\/"},{"@type":"ListItem","position":3,"name":"Tonkinstabk\u00f6cher 75cm"}]},{"@type":"WebSite","@id":"https:\/\/www.fuegos.eu\/#website","url":"https:\/\/www.fuegos.eu\/","name":"Inicio","description":"Soluciones textiles","publisher":{"@id":"https:\/\/www.fuegos.eu\/#organization"},"potentialAction":[{"@type":"SearchAction","target":{"@type":"EntryPoint","urlTemplate":"https:\/\/www.fuegos.eu\/?s={search_term_string}"},"query-input":{"@type":"PropertyValueSpecification","valueRequired":true,"valueName":"search_term_string"}}],"inLanguage":"es"},{"@type":"Organization","@id":"https:\/\/www.fuegos.eu\/#organization","name":"Inicio","url":"https:\/\/www.fuegos.eu\/","logo":{"@type":"ImageObject","inLanguage":"es","@id":"https:\/\/www.fuegos.eu\/#\/schema\/logo\/image\/","url":"https:\/\/fuegos.eu\/wp-content\/uploads\/2020\/05\/FuegosSignatur000.jpg","contentUrl":"https:\/\/fuegos.eu\/wp-content\/uploads\/2020\/05\/FuegosSignatur000.jpg","width":960,"height":408,"caption":"Fuegos"},"image":{"@id":"https:\/\/www.fuegos.eu\/#\/schema\/logo\/image\/"},"sameAs":["https:\/\/www.facebook.com\/FuegosForst\/","https:\/\/www.youtube.com\/channel\/UC0SFe93Vgi6YZV6tSCOLdkA"]}]}},"_links":{"self":[{"href":"https:\/\/www.fuegos.eu\/es\/wp-json\/wp\/v2\/product\/254816","targetHints":{"allow":["GET"]}}],"collection":[{"href":"https:\/\/www.fuegos.eu\/es\/wp-json\/wp\/v2\/product"}],"about":[{"href":"https:\/\/www.fuegos.eu\/es\/wp-json\/wp\/v2\/types\/product"}],"replies":[{"embeddable":true,"href":"https:\/\/www.fuegos.eu\/es\/wp-json\/wp\/v2\/comments?post=254816"}],"wp:featuredmedia":[{"embeddable":true,"href":"https:\/\/www.fuegos.eu\/es\/wp-json\/wp\/v2\/media\/254819"}],"wp:attachment":[{"href":"https:\/\/www.fuegos.eu\/es\/wp-json\/wp\/v2\/media?parent=254816"}],"wp:term":[{"taxonomy":"product_brand","embeddable":true,"href":"https:\/\/www.fuegos.eu\/es\/wp-json\/wp\/v2\/product_brand?post=254816"},{"taxonomy":"product_cat","embeddable":true,"href":"https:\/\/www.fuegos.eu\/es\/wp-json\/wp\/v2\/product_cat?post=254816"},{"taxonomy":"product_tag","embeddable":true,"href":"https:\/\/www.fuegos.eu\/es\/wp-json\/wp\/v2\/product_tag?post=254816"}],"curies":[{"name":"wp","href":"https:\/\/api.w.org\/{rel}","templated":true}]}}