{"id":254830,"date":"2024-11-22T10:39:27","date_gmt":"2024-11-22T09:39:27","guid":{"rendered":"https:\/\/fuegos.eu\/?post_type=product&#038;p=254830"},"modified":"2024-12-19T17:35:51","modified_gmt":"2024-12-19T16:35:51","slug":"adapterhaken-pflanztasche-schultersystem-einzelnd","status":"publish","type":"product","link":"https:\/\/www.fuegos.eu\/es\/product\/adapterhaken-pflanztasche-schultersystem-einzelnd\/","title":{"rendered":"Adaptador de gancho de la siembra bolsa de hombro sistema por separado"},"content":{"rendered":"<h3><strong>Adaptador de gancho de la siembra bolsa de hombro sistema Para la Integraci\u00f3n y seguro de carga<\/strong><\/h3>\n<p class=\"translation-block\">El <strong>gancho adaptador para bolsa de plantaci\u00f3n con sistema de transporte al hombro<\/strong> permite integrar perfectamente bolsas de plantaci\u00f3n de cualquier tama\u00f1o en nuestros ergon\u00f3micos sistemas de transporte al hombro. Con estas correas se pueden transportar c\u00f3modamente y con seguridad cargas de hasta <strong>20 kg por lado<\/strong>, lo que aumenta considerablemente la eficiencia en el trabajo en proyectos de reforestaci\u00f3n y mantenimiento.<\/p>\n<p>&nbsp;<\/p>\n<hr \/>\n<h4><\/h4>\n<h4><strong>Ventajas del adaptador de gancho de la siembra bolsa de hombro sistema<\/strong><\/h4>\n<ul>\n<li class=\"translation-block\"><strong>Compatibilidad universal:<\/strong> el gancho es compatible con todos los tama\u00f1os de bolsas para plantas y permite una integraci\u00f3n perfecta en los sistemas de transporte existentes.<\/li>\n<li class=\"translation-block\"><strong>Ajustabilidad:<\/strong> con un ajuste longitudinal de hasta 30 cm, el gancho se puede adaptar individualmente y garantiza una ergonom\u00eda \u00f3ptima.<\/li>\n<li class=\"translation-block\"><strong>Gancho integrado:<\/strong> Gancho robusto y estable para una fijaci\u00f3n segura en <a href=\"https:\/\/www.fuegos.eu\/es\/product\/pflanztaschen-baukasten\/\" target=\"_blank\" rel=\"noopener\">bolsas para plantas<\/a> y <a href=\"https:\/\/www.fuegos.eu\/es\/product\/schultertragesystem-forstguertel-werkzeugguertel\/\" target=\"_blank\" rel=\"noopener\">sistemas de transporte al hombro<\/a>.<\/li>\n<li class=\"translation-block\"><strong>Langlebiges Material:<\/strong>&nbsp;Hergestellt aus strapazierf\u00e4higem Material, das auch anspruchsvollen Bedingungen standh\u00e4lt.<\/li>\n<li class=\"translation-block\"><strong>Ergonom\u00eda y comodidad:<\/strong> permite una distribuci\u00f3n uniforme del peso y reduce la fatiga durante usos prolongados.<\/li>\n<\/ul>\n<hr \/>\n<h4><\/h4>\n<h4><strong>Detalles T\u00e9cnicos<\/strong><\/h4>\n<ul>\n<li class=\"translation-block\"><strong>Dimensiones:<\/strong> Ajustable hasta 30 cm.<\/li>\n<li class=\"translation-block\"><strong>Capacidad de carga:<\/strong> hasta 20 kg por correa.<\/li>\n<li class=\"translation-block\"><strong>Material:<\/strong> Material resistente y duradero.<\/li>\n<li class=\"translation-block\"><strong>Caracter\u00edsticas especiales:<\/strong> compatible con todos los tama\u00f1os de bolsas para plantas, dise\u00f1o ergon\u00f3mico, gancho resistente.<\/li>\n<\/ul>\n<hr \/>\n<h3><\/h3>\n<h3><strong>Formas de uso<\/strong><\/h3>\n<ol>\n<li class=\"translation-block\"><strong>Reforestaci\u00f3n:<\/strong> Perfecto para proyectos profesionales en los que la ergonom\u00eda y la flexibilidad son fundamentales.<\/li>\n<li class=\"translation-block\"><strong>Cuidado forestal:<\/strong> Ayuda a los guardabosques y a los trabajadores forestales a realizar tareas de mantenimiento de forma eficiente con bolsas para plantas.<\/li>\n<li class=\"translation-block\"><strong>Nuevas plantaciones:<\/strong> ideal para integrar en proyectos de plantaci\u00f3n con bolsas de diferentes tama\u00f1os.<\/li>\n<\/ol>\n<hr \/>\n<h4><\/h4>\n<h4><strong>\u00bfPor qu\u00e9 el adaptador de gancho de la siembra bolsa de hombro sistema para elegir?<\/strong><\/h4>\n<p class=\"translation-block\">El <strong>gancho adaptador para mochila portatierra con sistema de transporte al hombro<\/strong> est\u00e1 especialmente dise\u00f1ado para un uso seguro y c\u00f3modo. La posibilidad de combinarlo con mochilas portatierra de todos los tama\u00f1os y sistemas de transporte ergon\u00f3micos lo convierte en una soluci\u00f3n universal para cualquier tipo de trabajo forestal. Su dise\u00f1o robusto y duradero garantiza su fiabilidad y utilidad a largo plazo.<\/p>\n<hr \/>\n<h3><\/h3>\n<h3><strong>Weitere Produkte der Serie<\/strong><\/h3>\n<ul>\n<li class=\"translation-block\"><a href=\"https:\/\/www.fuegos.eu\/es\/product\/tonkinstabkoecher-75cm-vielseitige-tonkinstab-tasche-fuer-tonkin-und-robinienstaebe\/\" target=\"_blank\" rel=\"noopener\"><strong>Porta flechas Tonkin 75 cm:<\/strong><\/a> Para cantidades y proyectos m\u00e1s compactos: ligero y flexible.<\/li>\n<li class=\"translation-block\"><a href=\"https:\/\/www.fuegos.eu\/es\/product\/tonkinstabkoecher-90cm-robuste-tonkinstab-tasche-fuer-groessere-mengen\/\" target=\"_blank\" rel=\"noopener\"><strong>Estuche para palos de tonkino de 90 cm:<\/strong><\/a> Para cantidades mayores o palos m\u00e1s largos.<\/li>\n<li class=\"translation-block\"><a href=\"https:\/\/www.fuegos.eu\/es\/product\/pflanztasche-30-cm-fuer-die-forstwirtschaft\/\" target=\"_blank\" rel=\"noopener\"><strong>Bolsa para plantas de 30 cm para silvicultura:<\/strong><\/a> Compacta y flexible para pl\u00e1ntulas m\u00e1s peque\u00f1as.<\/li>\n<li class=\"translation-block\"><a href=\"https:\/\/www.fuegos.eu\/es\/product\/pflanztasche-40-cm-fuer-die-forstwirtschaft\/\" target=\"_blank\" rel=\"noopener\"><strong>Bolsa para plantas de 40 cm para silvicultura:<\/strong><\/a> El tama\u00f1o perfecto para proyectos de plantaci\u00f3n medianos.<\/li>\n<li class=\"translation-block\"><a href=\"https:\/\/www.fuegos.eu\/es\/product\/pflanztasche-fuer-den-forst-50cm\/\" target=\"_blank\" rel=\"noopener\"><strong>Bolsa para plantas forestales de 50 cm:<\/strong><\/a> Capacidad m\u00e1xima para grandes proyectos de reforestaci\u00f3n.<\/li>\n<li class=\"translation-block\"><a href=\"https:\/\/www.fuegos.eu\/es\/product\/pflanztaschen-baukasten\/\" target=\"_blank\" rel=\"noopener\"><strong>Kit para sistemas de transporte de bolsas para plantas:<\/strong><\/a> Sistema de transporte personalizable para una ergonom\u00eda y eficiencia \u00f3ptimas.<\/li>\n<\/ul>\n<hr \/>\n<p class=\"translation-block\">El <strong>gancho adaptador para bolsa de plantaci\u00f3n con sistema de hombros<\/strong> es un accesorio fiable y flexible que ayuda a los trabajadores forestales en sus tareas diarias y hace que el trabajo sea m\u00e1s c\u00f3modo y eficiente.<\/p>","protected":false},"excerpt":{"rendered":"<h3><strong>Adaptador de gancho de la siembra bolsa de hombro sistema por separado<\/strong><\/h3>\n<p class=\"translation-block\">El <strong>gancho adaptador para bolsa de plantaci\u00f3n con sistema de hombro<\/strong> es el complemento perfecto para todos los tama\u00f1os de bolsas de plantaci\u00f3n y permite un sistema de transporte ergon\u00f3mico y flexible.<\/p>\n<p class=\"translation-block\">Con una <strong>ajustabilidad de hasta 30 cm<\/strong> y un <strong>gancho integrado<\/strong>, ofrece una conexi\u00f3n segura y estable entre la bolsa para plantas y el sistema de transporte al hombro. El material resistente garantiza una larga vida \u00fatil y un uso fiable en la silvicultura.<\/p>\n<p>El Sistema es compatible con todas las de la maceta bolsas de tama\u00f1os y garantiza el m\u00e1ximo confort y eficiencia, la reforestaci\u00f3n y la plantaci\u00f3n de trabajo.<\/p>\n<p class=\"translation-block\"><strong>Dimensiones:<\/strong> ajustable hasta 30 cm<br>\n<strong>Material:<\/strong> material resistente y duradero<br>\n<strong>Caracter\u00edsticas especiales:<\/strong> compatible con todos los tama\u00f1os de bolsas para plantas, gancho integrado, sistema de transporte ergon\u00f3mico<\/p>","protected":false},"featured_media":254832,"comment_status":"open","ping_status":"closed","template":"","meta":{"_et_pb_use_builder":"","_et_pb_old_content":"","_et_gb_content_width":""},"product_brand":[],"product_cat":[25,200,187],"product_tag":[],"class_list":{"0":"post-254830","1":"product","2":"type-product","3":"status-publish","4":"has-post-thumbnail","6":"product_cat-forst","7":"product_cat-forstguertel-equipment","8":"product_cat-pflanztaschen","10":"first","11":"instock","12":"taxable","13":"shipping-taxable","14":"purchasable","15":"product-type-simple"},"yoast_head":"<!-- This site is optimized with the Yoast SEO plugin v27.3 - https:\/\/yoast.com\/product\/yoast-seo-wordpress\/ -->\n<title>Adapterhaken Pflanztasche Schultersystem einzelnd &#8226; Fuegos<\/title>\n<meta name=\"description\" content=\"Adapterhaken Pflanztasche Schultersystem einzelnd\" \/>\n<meta name=\"robots\" content=\"index, follow, max-snippet:-1, max-image-preview:large, max-video-preview:-1\" \/>\n<link rel=\"canonical\" href=\"https:\/\/www.fuegos.eu\/es\/product\/adapterhaken-pflanztasche-schultersystem-einzelnd\/\" \/>\n<meta property=\"og:locale\" content=\"es_ES\" \/>\n<meta property=\"og:type\" content=\"article\" \/>\n<meta property=\"og:title\" content=\"Adapterhaken Pflanztasche Schultersystem einzelnd &#8226; Fuegos\" \/>\n<meta property=\"og:description\" content=\"Adapterhaken Pflanztasche Schultersystem einzelnd\" \/>\n<meta property=\"og:url\" content=\"https:\/\/www.fuegos.eu\/es\/product\/adapterhaken-pflanztasche-schultersystem-einzelnd\/\" \/>\n<meta property=\"og:site_name\" content=\"Fuegos\" \/>\n<meta property=\"article:publisher\" content=\"https:\/\/www.facebook.com\/FuegosForst\/\" \/>\n<meta property=\"article:modified_time\" content=\"2024-12-19T16:35:51+00:00\" \/>\n<meta property=\"og:image\" content=\"https:\/\/www.fuegos.eu\/wp-content\/uploads\/2024\/11\/Pflanztaschen_Adapter_Schultertragesystem_Einzelnd_800-min.jpg\" \/>\n\t<meta property=\"og:image:width\" content=\"800\" \/>\n\t<meta property=\"og:image:height\" content=\"800\" \/>\n\t<meta property=\"og:image:type\" content=\"image\/jpeg\" \/>\n<meta name=\"twitter:card\" content=\"summary_large_image\" \/>\n<meta name=\"twitter:label1\" content=\"Tiempo de lectura\" \/>\n\t<meta name=\"twitter:data1\" content=\"2 minutos\" \/>\n<script type=\"application\/ld+json\" class=\"yoast-schema-graph\">{\"@context\":\"https:\\\/\\\/schema.org\",\"@graph\":[{\"@type\":\"WebPage\",\"@id\":\"https:\\\/\\\/www.fuegos.eu\\\/product\\\/adapterhaken-pflanztasche-schultersystem-einzelnd\\\/\",\"url\":\"https:\\\/\\\/www.fuegos.eu\\\/product\\\/adapterhaken-pflanztasche-schultersystem-einzelnd\\\/\",\"name\":\"Adapterhaken Pflanztasche Schultersystem einzelnd &#8226; Fuegos\",\"isPartOf\":{\"@id\":\"https:\\\/\\\/www.fuegos.eu\\\/#website\"},\"primaryImageOfPage\":{\"@id\":\"https:\\\/\\\/www.fuegos.eu\\\/product\\\/adapterhaken-pflanztasche-schultersystem-einzelnd\\\/#primaryimage\"},\"image\":{\"@id\":\"https:\\\/\\\/www.fuegos.eu\\\/product\\\/adapterhaken-pflanztasche-schultersystem-einzelnd\\\/#primaryimage\"},\"thumbnailUrl\":\"https:\\\/\\\/www.fuegos.eu\\\/wp-content\\\/uploads\\\/2024\\\/11\\\/Pflanztaschen_Adapter_Schultertragesystem_Einzelnd_800-min.jpg\",\"datePublished\":\"2024-11-22T09:39:27+00:00\",\"dateModified\":\"2024-12-19T16:35:51+00:00\",\"description\":\"Adapterhaken Pflanztasche Schultersystem einzelnd\",\"breadcrumb\":{\"@id\":\"https:\\\/\\\/www.fuegos.eu\\\/product\\\/adapterhaken-pflanztasche-schultersystem-einzelnd\\\/#breadcrumb\"},\"inLanguage\":\"es\",\"potentialAction\":[{\"@type\":\"ReadAction\",\"target\":[\"https:\\\/\\\/www.fuegos.eu\\\/product\\\/adapterhaken-pflanztasche-schultersystem-einzelnd\\\/\"]}]},{\"@type\":\"ImageObject\",\"inLanguage\":\"es\",\"@id\":\"https:\\\/\\\/www.fuegos.eu\\\/product\\\/adapterhaken-pflanztasche-schultersystem-einzelnd\\\/#primaryimage\",\"url\":\"https:\\\/\\\/www.fuegos.eu\\\/wp-content\\\/uploads\\\/2024\\\/11\\\/Pflanztaschen_Adapter_Schultertragesystem_Einzelnd_800-min.jpg\",\"contentUrl\":\"https:\\\/\\\/www.fuegos.eu\\\/wp-content\\\/uploads\\\/2024\\\/11\\\/Pflanztaschen_Adapter_Schultertragesystem_Einzelnd_800-min.jpg\",\"width\":800,\"height\":800,\"caption\":\"Adapterhaken f\u00fcr Pflanztasche, ideal zur Verbindung mit dem ergonomischen Schultertragesystem. Perfekt f\u00fcr den flexiblen Einsatz.\"},{\"@type\":\"BreadcrumbList\",\"@id\":\"https:\\\/\\\/www.fuegos.eu\\\/product\\\/adapterhaken-pflanztasche-schultersystem-einzelnd\\\/#breadcrumb\",\"itemListElement\":[{\"@type\":\"ListItem\",\"position\":1,\"name\":\"Home\",\"item\":\"https:\\\/\\\/www.fuegos.eu\\\/\"},{\"@type\":\"ListItem\",\"position\":2,\"name\":\"Shop\",\"item\":\"https:\\\/\\\/www.fuegos.eu\\\/forstguertel-taschen-online-kaufen\\\/\"},{\"@type\":\"ListItem\",\"position\":3,\"name\":\"Adapterhaken Pflanztasche Schultersystem einzelnd\"}]},{\"@type\":\"WebSite\",\"@id\":\"https:\\\/\\\/www.fuegos.eu\\\/#website\",\"url\":\"https:\\\/\\\/www.fuegos.eu\\\/\",\"name\":\"Fuegos\",\"description\":\"Textile L\u00f6sungen nach Ma\u00df\",\"publisher\":{\"@id\":\"https:\\\/\\\/www.fuegos.eu\\\/#organization\"},\"potentialAction\":[{\"@type\":\"SearchAction\",\"target\":{\"@type\":\"EntryPoint\",\"urlTemplate\":\"https:\\\/\\\/www.fuegos.eu\\\/?s={search_term_string}\"},\"query-input\":{\"@type\":\"PropertyValueSpecification\",\"valueRequired\":true,\"valueName\":\"search_term_string\"}}],\"inLanguage\":\"es\"},{\"@type\":\"Organization\",\"@id\":\"https:\\\/\\\/www.fuegos.eu\\\/#organization\",\"name\":\"Fuegos\",\"url\":\"https:\\\/\\\/www.fuegos.eu\\\/\",\"logo\":{\"@type\":\"ImageObject\",\"inLanguage\":\"es\",\"@id\":\"https:\\\/\\\/www.fuegos.eu\\\/#\\\/schema\\\/logo\\\/image\\\/\",\"url\":\"https:\\\/\\\/fuegos.eu\\\/wp-content\\\/uploads\\\/2020\\\/05\\\/FuegosSignatur000.jpg\",\"contentUrl\":\"https:\\\/\\\/fuegos.eu\\\/wp-content\\\/uploads\\\/2020\\\/05\\\/FuegosSignatur000.jpg\",\"width\":960,\"height\":408,\"caption\":\"Fuegos\"},\"image\":{\"@id\":\"https:\\\/\\\/www.fuegos.eu\\\/#\\\/schema\\\/logo\\\/image\\\/\"},\"sameAs\":[\"https:\\\/\\\/www.facebook.com\\\/FuegosForst\\\/\",\"https:\\\/\\\/www.youtube.com\\\/channel\\\/UC0SFe93Vgi6YZV6tSCOLdkA\"]}]}<\/script>\n<!-- \/ Yoast SEO plugin. -->","yoast_head_json":{"title":"Adaptador de gancho de la siembra bolsa de hombro sistema por separado \u2022 Fuegos","description":"Adaptador de gancho de la siembra bolsa de hombro sistema por separado","robots":{"index":"index","follow":"follow","max-snippet":"max-snippet:-1","max-image-preview":"max-image-preview:large","max-video-preview":"max-video-preview:-1"},"canonical":"https:\/\/www.fuegos.eu\/es\/product\/adapterhaken-pflanztasche-schultersystem-einzelnd\/","og_locale":"es_ES","og_type":"article","og_title":"Adapterhaken Pflanztasche Schultersystem einzelnd &#8226; Fuegos","og_description":"Adapterhaken Pflanztasche Schultersystem einzelnd","og_url":"https:\/\/www.fuegos.eu\/es\/product\/adapterhaken-pflanztasche-schultersystem-einzelnd\/","og_site_name":"Fuegos","article_publisher":"https:\/\/www.facebook.com\/FuegosForst\/","article_modified_time":"2024-12-19T16:35:51+00:00","og_image":[{"width":800,"height":800,"url":"https:\/\/www.fuegos.eu\/wp-content\/uploads\/2024\/11\/Pflanztaschen_Adapter_Schultertragesystem_Einzelnd_800-min.jpg","type":"image\/jpeg"}],"twitter_card":"summary_large_image","twitter_misc":{"Tiempo de lectura":"2 minutos"},"schema":{"@context":"https:\/\/schema.org","@graph":[{"@type":"WebPage","@id":"https:\/\/www.fuegos.eu\/product\/adapterhaken-pflanztasche-schultersystem-einzelnd\/","url":"https:\/\/www.fuegos.eu\/product\/adapterhaken-pflanztasche-schultersystem-einzelnd\/","name":"Adaptador de gancho de la siembra bolsa de hombro sistema por separado \u2022 Fuegos","isPartOf":{"@id":"https:\/\/www.fuegos.eu\/#website"},"primaryImageOfPage":{"@id":"https:\/\/www.fuegos.eu\/product\/adapterhaken-pflanztasche-schultersystem-einzelnd\/#primaryimage"},"image":{"@id":"https:\/\/www.fuegos.eu\/product\/adapterhaken-pflanztasche-schultersystem-einzelnd\/#primaryimage"},"thumbnailUrl":"https:\/\/www.fuegos.eu\/wp-content\/uploads\/2024\/11\/Pflanztaschen_Adapter_Schultertragesystem_Einzelnd_800-min.jpg","datePublished":"2024-11-22T09:39:27+00:00","dateModified":"2024-12-19T16:35:51+00:00","description":"Adaptador de gancho de la siembra bolsa de hombro sistema por separado","breadcrumb":{"@id":"https:\/\/www.fuegos.eu\/product\/adapterhaken-pflanztasche-schultersystem-einzelnd\/#breadcrumb"},"inLanguage":"es","potentialAction":[{"@type":"ReadAction","target":["https:\/\/www.fuegos.eu\/product\/adapterhaken-pflanztasche-schultersystem-einzelnd\/"]}]},{"@type":"ImageObject","inLanguage":"es","@id":"https:\/\/www.fuegos.eu\/product\/adapterhaken-pflanztasche-schultersystem-einzelnd\/#primaryimage","url":"https:\/\/www.fuegos.eu\/wp-content\/uploads\/2024\/11\/Pflanztaschen_Adapter_Schultertragesystem_Einzelnd_800-min.jpg","contentUrl":"https:\/\/www.fuegos.eu\/wp-content\/uploads\/2024\/11\/Pflanztaschen_Adapter_Schultertragesystem_Einzelnd_800-min.jpg","width":800,"height":800,"caption":"Adapterhaken f\u00fcr Pflanztasche, ideal zur Verbindung mit dem ergonomischen Schultertragesystem. Perfekt f\u00fcr den flexiblen Einsatz."},{"@type":"BreadcrumbList","@id":"https:\/\/www.fuegos.eu\/product\/adapterhaken-pflanztasche-schultersystem-einzelnd\/#breadcrumb","itemListElement":[{"@type":"ListItem","position":1,"name":"Home","item":"https:\/\/www.fuegos.eu\/"},{"@type":"ListItem","position":2,"name":"Shop","item":"https:\/\/www.fuegos.eu\/forstguertel-taschen-online-kaufen\/"},{"@type":"ListItem","position":3,"name":"Adapterhaken Pflanztasche Schultersystem einzelnd"}]},{"@type":"WebSite","@id":"https:\/\/www.fuegos.eu\/#website","url":"https:\/\/www.fuegos.eu\/","name":"Inicio","description":"Soluciones textiles","publisher":{"@id":"https:\/\/www.fuegos.eu\/#organization"},"potentialAction":[{"@type":"SearchAction","target":{"@type":"EntryPoint","urlTemplate":"https:\/\/www.fuegos.eu\/?s={search_term_string}"},"query-input":{"@type":"PropertyValueSpecification","valueRequired":true,"valueName":"search_term_string"}}],"inLanguage":"es"},{"@type":"Organization","@id":"https:\/\/www.fuegos.eu\/#organization","name":"Inicio","url":"https:\/\/www.fuegos.eu\/","logo":{"@type":"ImageObject","inLanguage":"es","@id":"https:\/\/www.fuegos.eu\/#\/schema\/logo\/image\/","url":"https:\/\/fuegos.eu\/wp-content\/uploads\/2020\/05\/FuegosSignatur000.jpg","contentUrl":"https:\/\/fuegos.eu\/wp-content\/uploads\/2020\/05\/FuegosSignatur000.jpg","width":960,"height":408,"caption":"Fuegos"},"image":{"@id":"https:\/\/www.fuegos.eu\/#\/schema\/logo\/image\/"},"sameAs":["https:\/\/www.facebook.com\/FuegosForst\/","https:\/\/www.youtube.com\/channel\/UC0SFe93Vgi6YZV6tSCOLdkA"]}]}},"_links":{"self":[{"href":"https:\/\/www.fuegos.eu\/es\/wp-json\/wp\/v2\/product\/254830","targetHints":{"allow":["GET"]}}],"collection":[{"href":"https:\/\/www.fuegos.eu\/es\/wp-json\/wp\/v2\/product"}],"about":[{"href":"https:\/\/www.fuegos.eu\/es\/wp-json\/wp\/v2\/types\/product"}],"replies":[{"embeddable":true,"href":"https:\/\/www.fuegos.eu\/es\/wp-json\/wp\/v2\/comments?post=254830"}],"wp:featuredmedia":[{"embeddable":true,"href":"https:\/\/www.fuegos.eu\/es\/wp-json\/wp\/v2\/media\/254832"}],"wp:attachment":[{"href":"https:\/\/www.fuegos.eu\/es\/wp-json\/wp\/v2\/media?parent=254830"}],"wp:term":[{"taxonomy":"product_brand","embeddable":true,"href":"https:\/\/www.fuegos.eu\/es\/wp-json\/wp\/v2\/product_brand?post=254830"},{"taxonomy":"product_cat","embeddable":true,"href":"https:\/\/www.fuegos.eu\/es\/wp-json\/wp\/v2\/product_cat?post=254830"},{"taxonomy":"product_tag","embeddable":true,"href":"https:\/\/www.fuegos.eu\/es\/wp-json\/wp\/v2\/product_tag?post=254830"}],"curies":[{"name":"wp","href":"https:\/\/api.w.org\/{rel}","templated":true}]}}