{"id":254894,"date":"2024-11-27T14:36:52","date_gmt":"2024-11-27T13:36:52","guid":{"rendered":"https:\/\/fuegos.eu\/?post_type=product&#038;p=254894"},"modified":"2024-12-19T17:34:41","modified_gmt":"2024-12-19T16:34:41","slug":"tonkintabtasche-75-90cm","status":"publish","type":"product","link":"https:\/\/www.fuegos.eu\/es\/product\/tonkintabtasche-75-90cm\/","title":{"rendered":"Tonkin bolsillo de la barra 75\/90 cm"},"content":{"rendered":"<h3><strong>Tonkin bolsillo de la barra 75\/90CM \u2013 protecci\u00f3n Robusta y un Dise\u00f1o ergon\u00f3mico para proyectos de reforestaci\u00f3n<\/strong><\/h3>\n<p class=\"translation-block\">La <strong>bolsa para varillas de tonka 75\/90 cm<\/strong> es la soluci\u00f3n ideal para transportar de forma segura varillas de tonka y otros accesorios para plantar. Con dos tama\u00f1os, <strong>75 cm<\/strong> y <strong>90 cm<\/strong>, y una capacidad de <strong>aprox. 18 litros (75 cm)<\/strong> y <strong>24 litros (90 cm)<\/strong> ofrece la m\u00e1xima capacidad y flexibilidad para varillas de diferentes longitudes y proyectos de gran envergadura. La bolsa es perfecta para la reforestaci\u00f3n, nuevas plantaciones y trabajos de mantenimiento en los que la estabilidad y la organizaci\u00f3n son fundamentales.<\/p>\n<p class=\"translation-block\">Con su dise\u00f1o bien pensado y sus materiales de alta calidad, la <strong>bolsa para bastones Tonkin 75\/90 cm<\/strong> protege los bastones de forma fiable contra influencias externas como la lluvia, la suciedad y los da\u00f1os. La posibilidad de acoplar la bolsa a sistemas de transporte ergon\u00f3micos, como correas para el hombro o cinturones forestales, la convierte en una herramienta indispensable para los trabajadores forestales.<\/p>\n<hr \/>\n<h4><strong>\u00bfPor qu\u00e9 el Tonkin bolsillo de la barra 75\/90 cm elegir?<\/strong><\/h4>\n<ul>\n<li class=\"translation-block\"><strong>Flexibilidad para diferentes cantidades y tama\u00f1os<\/strong>: con una capacidad de 18 litros (75 cm) y 24 litros (90 cm), puede transportar f\u00e1cilmente hasta 25-30 palillos de tonk.<\/li>\n<li class=\"translation-block\"><strong>Materiales resistentes<\/strong>: la lona resistente al agua y a la abrasi\u00f3n protege contra las inclemencias meteorol\u00f3gicas y garantiza una larga vida \u00fatil.<\/li>\n<li class=\"translation-block\"><strong>Ergonom\u00eda gracias a los sistemas de transporte<\/strong>: gracias a la conexi\u00f3n con el cintur\u00f3n forestal y los sistemas de transporte para los hombros, el peso se distribuye de manera uniforme, lo que reduce la carga y aumenta la comodidad de transporte.<\/li>\n<li class=\"translation-block\"><strong>Sostenibilidad<\/strong>: fabricado con material reciclable y sin PVC, respetuoso tanto con las personas como con el medio ambiente.<\/li>\n<\/ul>\n<hr \/>\n<h4><strong>Los Detalles t\u00e9cnicos de la Tonkin bolsillo de la barra 75\/90 cm<\/strong><\/h4>\n<ul>\n<li class=\"translation-block\"><strong>Material<\/strong>: Lona resistente, impermeable y resistente a la intemperie.<\/li>\n<li><strong>Gr\u00f6\u00dfen<\/strong>:\n<ul>\n<li class=\"translation-block\"><a href=\"https:\/\/www.fuegos.eu\/es\/product\/tonkinstabkoecher-75cm\/\" target=\"_blank\" rel=\"noopener\"><strong>Bolsa para palos de tonk\u00e1n de 75 cm<\/strong><\/a>: volumen aproximado de 18 litros, para proyectos compactos y palos m\u00e1s cortos.<\/li>\n<li class=\"translation-block\"><a href=\"https:\/\/www.fuegos.eu\/es\/product\/tonkinstabkoecher-90cm\/\" target=\"_blank\" rel=\"noopener\"><strong>Bolsa para palos de tonk\u00e1n de 90 cm<\/strong><\/a>: volumen aproximado de 24 litros, para cantidades mayores y palos m\u00e1s largos.<\/li>\n<\/ul>\n<\/li>\n<li class=\"translation-block\"><strong>Kapazit\u00e4t<\/strong>: Platz f\u00fcr 25-30 Tonkinst\u00e4be (abh\u00e4ngig vom Durchmesser der St\u00e4be)<\/li>\n<li class=\"translation-block\"><strong>Gewicht<\/strong>: Leicht und handlich<\/li>\n<li class=\"translation-block\"><strong>Besonderheiten<\/strong>: Kompatibel mit <a href=\"https:\/\/www.fuegos.eu\/es\/product\/forstguertel-flexibler-forstgurt-made-in-germany\/\" target=\"_blank\" rel=\"noopener\">Forstg\u00fcrteln<\/a> und <a href=\"https:\/\/www.fuegos.eu\/es\/product\/schultertragesystem-forstguertel-werkzeugguertel\/\" target=\"_blank\" rel=\"noopener\">Schultertragesystemen<\/a>, ergonomisches Tragedesign<\/li>\n<li><strong>Cuidado<\/strong>Para limpiar : simplemente, el agua y resistente a la suciedad (lavado a mano a 30\u00b0)<br \/>\n<hr \/>\n<h3><strong>Weitere Produkte der Serie<\/strong><\/h3>\n<ul>\n<li class=\"translation-block\"><a href=\"https:\/\/www.fuegos.eu\/es\/product\/tonkinstabkoecher-75cm-vielseitige-tonkinstab-tasche-fuer-tonkin-und-robinienstaebe\/\" target=\"_blank\" rel=\"noopener\"><strong>Porta flechas Tonkin 75 cm:<\/strong><\/a> Para cantidades y proyectos m\u00e1s compactos: ligero y flexible.<\/li>\n<li class=\"translation-block\"><a href=\"https:\/\/www.fuegos.eu\/es\/product\/tonkinstabkoecher-90cm-robuste-tonkinstab-tasche-fuer-groessere-mengen\/\" target=\"_blank\" rel=\"noopener\"><strong>Estuche para palos de tonkino de 90 cm:<\/strong><\/a> Para cantidades mayores o palos m\u00e1s largos.<\/li>\n<li class=\"translation-block\"><a href=\"https:\/\/www.fuegos.eu\/es\/product\/pflanztasche-30-cm-fuer-die-forstwirtschaft\/\" target=\"_blank\" rel=\"noopener\"><strong>Bolsa para plantas de 30 cm para silvicultura:<\/strong><\/a> Compacta y flexible para pl\u00e1ntulas m\u00e1s peque\u00f1as.<\/li>\n<li class=\"translation-block\"><a href=\"https:\/\/www.fuegos.eu\/es\/product\/pflanztasche-40-cm-fuer-die-forstwirtschaft\/\" target=\"_blank\" rel=\"noopener\"><strong>Bolsa para plantas de 40 cm para silvicultura:<\/strong><\/a> El tama\u00f1o perfecto para proyectos de plantaci\u00f3n medianos.<\/li>\n<li class=\"translation-block\"><a href=\"https:\/\/www.fuegos.eu\/es\/product\/pflanztasche-fuer-den-forst-50cm\/\" target=\"_blank\" rel=\"noopener\"><strong>Bolsa para plantas forestales de 50 cm:<\/strong><\/a> Capacidad m\u00e1xima para grandes proyectos de reforestaci\u00f3n.<\/li>\n<li class=\"translation-block\"><a href=\"https:\/\/www.fuegos.eu\/es\/product\/pflanztaschen-baukasten\/\" target=\"_blank\" rel=\"noopener\"><strong>Kit para sistemas de transporte de bolsas para plantas:<\/strong><\/a> Sistema de transporte personalizable para una ergonom\u00eda y eficiencia \u00f3ptimas.<\/li>\n<\/ul>\n<\/li>\n<\/ul>","protected":false},"excerpt":{"rendered":"<h2><strong>TONKIN BOLSILLO DE LA BARRA 75\/90 CM<\/strong><\/h2>\n<p class=\"translation-block\">La <strong>bolsa para varas de tonkin 75\/90 cm<\/strong> es la opci\u00f3n ideal para transportar varas de tonkin y otros accesorios para plantar en trabajos forestales.<\/p>\n<p class=\"translation-block\">Con dos tama\u00f1os, <strong>75 cm (18 litros)<\/strong> y <strong>90 cm (24 litros)<\/strong>, ofrece la m\u00e1xima capacidad y flexibilidad para diferentes tipos de \u00e1rboles y proyectos. La lona resistente, impermeable y resistente a la abrasi\u00f3n protege las varas de forma fiable contra las inclemencias del tiempo, mientras que el acoplamiento a <strong><a href=\"https:\/\/www.fuegos.eu\/es\/product\/forstguertel-flexibler-forstgurt-made-in-germany\/\" target=\"_self\">cinturones forestales<\/a> y los <a href=\"https:\/\/www.fuegos.eu\/es\/product\/schultertragesystem-forstguertel-werkzeugguertel\/\" target=\"_self\">sistemas de transporte al hombro<\/a><\/strong> ergon\u00f3micos garantizan una gran comodidad de transporte.<\/p>\n<p>El Material es PVC, reciclables, y protege a las personas y el medio ambiente. Con su bajo peso, la bolsa es f\u00e1cil de usar y extremadamente durable.<\/p>\n<p class=\"translation-block\"><strong>Dimensiones<\/strong>: longitud 75\/90 cm, anchura 20 cm, volumen 18\/24 litros<br>\n<strong>Peso<\/strong>: 240 g (75 cm), 300 g (90 cm)<br>\n<strong>Material<\/strong>: lona sin PVC, resistente al agua y a la intemperie<br>\n<strong>Caracter\u00edsticas especiales<\/strong>: dise\u00f1o ergon\u00f3mico, compatible con sistemas de transporte, f\u00e1cil de limpiar (lavar a mano a 30 \u00b0C)<\/p>","protected":false},"featured_media":254896,"comment_status":"open","ping_status":"closed","template":"","meta":{"_et_pb_use_builder":"","_et_pb_old_content":"","_et_gb_content_width":""},"product_brand":[],"product_cat":[25,200,187],"product_tag":[],"class_list":{"0":"post-254894","1":"product","2":"type-product","3":"status-publish","4":"has-post-thumbnail","6":"product_cat-forst","7":"product_cat-forstguertel-equipment","8":"product_cat-pflanztaschen","10":"first","11":"instock","12":"taxable","13":"shipping-taxable","14":"purchasable","15":"product-type-simple"},"yoast_head":"<!-- This site is optimized with the Yoast SEO plugin v27.3 - https:\/\/yoast.com\/product\/yoast-seo-wordpress\/ -->\n<title>Tonkinstabtasche 75\/90cm &#8226; Fuegos<\/title>\n<meta name=\"description\" content=\"Die Tonkinstabtasche 75\/90cm bietet mit 18 bzw. 24 Litern Volumen und robustem, die perfekte L\u00f6sung f\u00fcr den Transport von Tonkin- &amp; Robinienst\u00e4ben.\" \/>\n<meta name=\"robots\" content=\"index, follow, max-snippet:-1, max-image-preview:large, max-video-preview:-1\" \/>\n<link rel=\"canonical\" href=\"https:\/\/www.fuegos.eu\/es\/product\/tonkintabtasche-75-90cm\/\" \/>\n<meta property=\"og:locale\" content=\"es_ES\" \/>\n<meta property=\"og:type\" content=\"article\" \/>\n<meta property=\"og:title\" content=\"Tonkinstabtasche 75\/90cm &#8226; Fuegos\" \/>\n<meta property=\"og:description\" content=\"Die Tonkinstabtasche 75\/90cm bietet mit 18 bzw. 24 Litern Volumen und robustem, die perfekte L\u00f6sung f\u00fcr den Transport von Tonkin- &amp; Robinienst\u00e4ben.\" \/>\n<meta property=\"og:url\" content=\"https:\/\/www.fuegos.eu\/es\/product\/tonkintabtasche-75-90cm\/\" \/>\n<meta property=\"og:site_name\" content=\"Fuegos\" \/>\n<meta property=\"article:publisher\" content=\"https:\/\/www.facebook.com\/FuegosForst\/\" \/>\n<meta property=\"article:modified_time\" content=\"2024-12-19T16:34:41+00:00\" \/>\n<meta property=\"og:image\" content=\"https:\/\/www.fuegos.eu\/wp-content\/uploads\/2024\/11\/Tonkin_Tasche-Tonkinkoecher_800-min-2.jpg\" \/>\n\t<meta property=\"og:image:width\" content=\"800\" \/>\n\t<meta property=\"og:image:height\" content=\"800\" \/>\n\t<meta property=\"og:image:type\" content=\"image\/jpeg\" \/>\n<meta name=\"twitter:card\" content=\"summary_large_image\" \/>\n<meta name=\"twitter:label1\" content=\"Tiempo de lectura\" \/>\n\t<meta name=\"twitter:data1\" content=\"2 minutos\" \/>\n<script type=\"application\/ld+json\" class=\"yoast-schema-graph\">{\"@context\":\"https:\\\/\\\/schema.org\",\"@graph\":[{\"@type\":\"WebPage\",\"@id\":\"https:\\\/\\\/www.fuegos.eu\\\/product\\\/tonkintabtasche-75-90cm\\\/\",\"url\":\"https:\\\/\\\/www.fuegos.eu\\\/product\\\/tonkintabtasche-75-90cm\\\/\",\"name\":\"Tonkinstabtasche 75\\\/90cm &#8226; Fuegos\",\"isPartOf\":{\"@id\":\"https:\\\/\\\/www.fuegos.eu\\\/#website\"},\"primaryImageOfPage\":{\"@id\":\"https:\\\/\\\/www.fuegos.eu\\\/product\\\/tonkintabtasche-75-90cm\\\/#primaryimage\"},\"image\":{\"@id\":\"https:\\\/\\\/www.fuegos.eu\\\/product\\\/tonkintabtasche-75-90cm\\\/#primaryimage\"},\"thumbnailUrl\":\"https:\\\/\\\/www.fuegos.eu\\\/wp-content\\\/uploads\\\/2024\\\/11\\\/Tonkin_Tasche-Tonkinkoecher_800-min-2.jpg\",\"datePublished\":\"2024-11-27T13:36:52+00:00\",\"dateModified\":\"2024-12-19T16:34:41+00:00\",\"description\":\"Die Tonkinstabtasche 75\\\/90cm bietet mit 18 bzw. 24 Litern Volumen und robustem, die perfekte L\u00f6sung f\u00fcr den Transport von Tonkin- & Robinienst\u00e4ben.\",\"breadcrumb\":{\"@id\":\"https:\\\/\\\/www.fuegos.eu\\\/product\\\/tonkintabtasche-75-90cm\\\/#breadcrumb\"},\"inLanguage\":\"es\",\"potentialAction\":[{\"@type\":\"ReadAction\",\"target\":[\"https:\\\/\\\/www.fuegos.eu\\\/product\\\/tonkintabtasche-75-90cm\\\/\"]}]},{\"@type\":\"ImageObject\",\"inLanguage\":\"es\",\"@id\":\"https:\\\/\\\/www.fuegos.eu\\\/product\\\/tonkintabtasche-75-90cm\\\/#primaryimage\",\"url\":\"https:\\\/\\\/www.fuegos.eu\\\/wp-content\\\/uploads\\\/2024\\\/11\\\/Tonkin_Tasche-Tonkinkoecher_800-min-2.jpg\",\"contentUrl\":\"https:\\\/\\\/www.fuegos.eu\\\/wp-content\\\/uploads\\\/2024\\\/11\\\/Tonkin_Tasche-Tonkinkoecher_800-min-2.jpg\",\"width\":800,\"height\":800,\"caption\":\"Rote Tonkinstabtasche made by Fuegos\"},{\"@type\":\"BreadcrumbList\",\"@id\":\"https:\\\/\\\/www.fuegos.eu\\\/product\\\/tonkintabtasche-75-90cm\\\/#breadcrumb\",\"itemListElement\":[{\"@type\":\"ListItem\",\"position\":1,\"name\":\"Home\",\"item\":\"https:\\\/\\\/www.fuegos.eu\\\/\"},{\"@type\":\"ListItem\",\"position\":2,\"name\":\"Shop\",\"item\":\"https:\\\/\\\/www.fuegos.eu\\\/forstguertel-taschen-online-kaufen\\\/\"},{\"@type\":\"ListItem\",\"position\":3,\"name\":\"Tonkinstabtasche 75\\\/90cm\"}]},{\"@type\":\"WebSite\",\"@id\":\"https:\\\/\\\/www.fuegos.eu\\\/#website\",\"url\":\"https:\\\/\\\/www.fuegos.eu\\\/\",\"name\":\"Fuegos\",\"description\":\"Textile L\u00f6sungen nach Ma\u00df\",\"publisher\":{\"@id\":\"https:\\\/\\\/www.fuegos.eu\\\/#organization\"},\"potentialAction\":[{\"@type\":\"SearchAction\",\"target\":{\"@type\":\"EntryPoint\",\"urlTemplate\":\"https:\\\/\\\/www.fuegos.eu\\\/?s={search_term_string}\"},\"query-input\":{\"@type\":\"PropertyValueSpecification\",\"valueRequired\":true,\"valueName\":\"search_term_string\"}}],\"inLanguage\":\"es\"},{\"@type\":\"Organization\",\"@id\":\"https:\\\/\\\/www.fuegos.eu\\\/#organization\",\"name\":\"Fuegos\",\"url\":\"https:\\\/\\\/www.fuegos.eu\\\/\",\"logo\":{\"@type\":\"ImageObject\",\"inLanguage\":\"es\",\"@id\":\"https:\\\/\\\/www.fuegos.eu\\\/#\\\/schema\\\/logo\\\/image\\\/\",\"url\":\"https:\\\/\\\/fuegos.eu\\\/wp-content\\\/uploads\\\/2020\\\/05\\\/FuegosSignatur000.jpg\",\"contentUrl\":\"https:\\\/\\\/fuegos.eu\\\/wp-content\\\/uploads\\\/2020\\\/05\\\/FuegosSignatur000.jpg\",\"width\":960,\"height\":408,\"caption\":\"Fuegos\"},\"image\":{\"@id\":\"https:\\\/\\\/www.fuegos.eu\\\/#\\\/schema\\\/logo\\\/image\\\/\"},\"sameAs\":[\"https:\\\/\\\/www.facebook.com\\\/FuegosForst\\\/\",\"https:\\\/\\\/www.youtube.com\\\/channel\\\/UC0SFe93Vgi6YZV6tSCOLdkA\"]}]}<\/script>\n<!-- \/ Yoast SEO plugin. -->","yoast_head_json":{"title":"Tonkin bolsillo de la barra 75\/90 cm \u2022 Fuegos","description":"El Tonkin bolsillo de la barra 75\/90 cm con 18 o 24 litros de volumen, y duradera, la soluci\u00f3n perfecta para el Transporte de Tonkin &amp; Robinia varillas.","robots":{"index":"index","follow":"follow","max-snippet":"max-snippet:-1","max-image-preview":"max-image-preview:large","max-video-preview":"max-video-preview:-1"},"canonical":"https:\/\/www.fuegos.eu\/es\/product\/tonkintabtasche-75-90cm\/","og_locale":"es_ES","og_type":"article","og_title":"Tonkinstabtasche 75\/90cm &#8226; Fuegos","og_description":"Die Tonkinstabtasche 75\/90cm bietet mit 18 bzw. 24 Litern Volumen und robustem, die perfekte L\u00f6sung f\u00fcr den Transport von Tonkin- & Robinienst\u00e4ben.","og_url":"https:\/\/www.fuegos.eu\/es\/product\/tonkintabtasche-75-90cm\/","og_site_name":"Fuegos","article_publisher":"https:\/\/www.facebook.com\/FuegosForst\/","article_modified_time":"2024-12-19T16:34:41+00:00","og_image":[{"width":800,"height":800,"url":"https:\/\/www.fuegos.eu\/wp-content\/uploads\/2024\/11\/Tonkin_Tasche-Tonkinkoecher_800-min-2.jpg","type":"image\/jpeg"}],"twitter_card":"summary_large_image","twitter_misc":{"Tiempo de lectura":"2 minutos"},"schema":{"@context":"https:\/\/schema.org","@graph":[{"@type":"WebPage","@id":"https:\/\/www.fuegos.eu\/product\/tonkintabtasche-75-90cm\/","url":"https:\/\/www.fuegos.eu\/product\/tonkintabtasche-75-90cm\/","name":"Tonkin bolsillo de la barra 75\/90 cm \u2022 Fuegos","isPartOf":{"@id":"https:\/\/www.fuegos.eu\/#website"},"primaryImageOfPage":{"@id":"https:\/\/www.fuegos.eu\/product\/tonkintabtasche-75-90cm\/#primaryimage"},"image":{"@id":"https:\/\/www.fuegos.eu\/product\/tonkintabtasche-75-90cm\/#primaryimage"},"thumbnailUrl":"https:\/\/www.fuegos.eu\/wp-content\/uploads\/2024\/11\/Tonkin_Tasche-Tonkinkoecher_800-min-2.jpg","datePublished":"2024-11-27T13:36:52+00:00","dateModified":"2024-12-19T16:34:41+00:00","description":"El Tonkin bolsillo de la barra 75\/90 cm con 18 o 24 litros de volumen, y duradera, la soluci\u00f3n perfecta para el Transporte de Tonkin &amp; Robinia varillas.","breadcrumb":{"@id":"https:\/\/www.fuegos.eu\/product\/tonkintabtasche-75-90cm\/#breadcrumb"},"inLanguage":"es","potentialAction":[{"@type":"ReadAction","target":["https:\/\/www.fuegos.eu\/product\/tonkintabtasche-75-90cm\/"]}]},{"@type":"ImageObject","inLanguage":"es","@id":"https:\/\/www.fuegos.eu\/product\/tonkintabtasche-75-90cm\/#primaryimage","url":"https:\/\/www.fuegos.eu\/wp-content\/uploads\/2024\/11\/Tonkin_Tasche-Tonkinkoecher_800-min-2.jpg","contentUrl":"https:\/\/www.fuegos.eu\/wp-content\/uploads\/2024\/11\/Tonkin_Tasche-Tonkinkoecher_800-min-2.jpg","width":800,"height":800,"caption":"Rote Tonkinstabtasche made by Fuegos"},{"@type":"BreadcrumbList","@id":"https:\/\/www.fuegos.eu\/product\/tonkintabtasche-75-90cm\/#breadcrumb","itemListElement":[{"@type":"ListItem","position":1,"name":"Home","item":"https:\/\/www.fuegos.eu\/"},{"@type":"ListItem","position":2,"name":"Shop","item":"https:\/\/www.fuegos.eu\/forstguertel-taschen-online-kaufen\/"},{"@type":"ListItem","position":3,"name":"Tonkinstabtasche 75\/90cm"}]},{"@type":"WebSite","@id":"https:\/\/www.fuegos.eu\/#website","url":"https:\/\/www.fuegos.eu\/","name":"Inicio","description":"Soluciones textiles","publisher":{"@id":"https:\/\/www.fuegos.eu\/#organization"},"potentialAction":[{"@type":"SearchAction","target":{"@type":"EntryPoint","urlTemplate":"https:\/\/www.fuegos.eu\/?s={search_term_string}"},"query-input":{"@type":"PropertyValueSpecification","valueRequired":true,"valueName":"search_term_string"}}],"inLanguage":"es"},{"@type":"Organization","@id":"https:\/\/www.fuegos.eu\/#organization","name":"Inicio","url":"https:\/\/www.fuegos.eu\/","logo":{"@type":"ImageObject","inLanguage":"es","@id":"https:\/\/www.fuegos.eu\/#\/schema\/logo\/image\/","url":"https:\/\/fuegos.eu\/wp-content\/uploads\/2020\/05\/FuegosSignatur000.jpg","contentUrl":"https:\/\/fuegos.eu\/wp-content\/uploads\/2020\/05\/FuegosSignatur000.jpg","width":960,"height":408,"caption":"Fuegos"},"image":{"@id":"https:\/\/www.fuegos.eu\/#\/schema\/logo\/image\/"},"sameAs":["https:\/\/www.facebook.com\/FuegosForst\/","https:\/\/www.youtube.com\/channel\/UC0SFe93Vgi6YZV6tSCOLdkA"]}]}},"_links":{"self":[{"href":"https:\/\/www.fuegos.eu\/es\/wp-json\/wp\/v2\/product\/254894","targetHints":{"allow":["GET"]}}],"collection":[{"href":"https:\/\/www.fuegos.eu\/es\/wp-json\/wp\/v2\/product"}],"about":[{"href":"https:\/\/www.fuegos.eu\/es\/wp-json\/wp\/v2\/types\/product"}],"replies":[{"embeddable":true,"href":"https:\/\/www.fuegos.eu\/es\/wp-json\/wp\/v2\/comments?post=254894"}],"wp:featuredmedia":[{"embeddable":true,"href":"https:\/\/www.fuegos.eu\/es\/wp-json\/wp\/v2\/media\/254896"}],"wp:attachment":[{"href":"https:\/\/www.fuegos.eu\/es\/wp-json\/wp\/v2\/media?parent=254894"}],"wp:term":[{"taxonomy":"product_brand","embeddable":true,"href":"https:\/\/www.fuegos.eu\/es\/wp-json\/wp\/v2\/product_brand?post=254894"},{"taxonomy":"product_cat","embeddable":true,"href":"https:\/\/www.fuegos.eu\/es\/wp-json\/wp\/v2\/product_cat?post=254894"},{"taxonomy":"product_tag","embeddable":true,"href":"https:\/\/www.fuegos.eu\/es\/wp-json\/wp\/v2\/product_tag?post=254894"}],"curies":[{"name":"wp","href":"https:\/\/api.w.org\/{rel}","templated":true}]}}