{"id":255920,"date":"2025-05-10T20:10:47","date_gmt":"2025-05-10T18:10:47","guid":{"rendered":"https:\/\/www.fuegos.eu\/?post_type=product&#038;p=255920"},"modified":"2025-05-10T21:01:48","modified_gmt":"2025-05-10T19:01:48","slug":"forst-set-flex-basic-sappie-edition","status":"publish","type":"product","link":"https:\/\/www.fuegos.eu\/es\/product\/forst-set-flex-basic-sappie-edition\/","title":{"rendered":"Bosque Establecido Flex B\u00e1sica Podr\u00eda Edici\u00f3n"},"content":{"rendered":"<h2 class=\"\" data-start=\"92\" data-end=\"148\"><strong data-start=\"95\" data-end=\"148\">Bosque De Ergo-Flex Modular Basic \u2013 Usted Podr\u00eda Edici\u00f3n<\/strong><\/h2>\n<h3 class=\"\" data-start=\"150\" data-end=\"216\">Modular sistema de bolsa de profesionales de trabajos Forestales<\/h3>\n<p class=\"\" data-start=\"217\" data-end=\"297\"><strong data-start=\"217\" data-end=\"297\">Compatible con cinturones de bosques de Stihl, Husqvarna, ForstBW, Daniel Lorch u. una.<\/strong><\/p>\n<p class=\"translation-block\" data-start=\"203\" data-end=\"631\">El <strong data-start=\"\u00ab207\u00bb\" data-end=\"\u00ab248\u00bb\">set forestal Flex Basic \u2013 Sappie Edition<\/strong> es el equipamiento b\u00e1sico reducido, pero totalmente funcional, para los trabajadores forestales que prefieren trabajar en lugar de configurar.<br data-start=\"\u00ab367\u00bb\" data-end=\"\u00ab370\u00bb\">Los cuatro componentes incluidos cubren las necesidades m\u00e1s importantes del trabajo diario, ya sea en el retroceso, la recogida de madera o la inspecci\u00f3n del bosque.<br data-start=\"\u00ab543\u00bb\" data-end=\"\u00ab546\u00bb\">Compacto, robusto, modular y compatible con casi todos los sistemas de arneses forestales habituales.<\/p>\n<p class=\"translation-block\" data-start=\"633\" data-end=\"930\">El set ha sido dise\u00f1ado para todos aquellos que prescinden de extras innecesarios, pero no quieren renunciar a la funcionalidad, la calidad y la durabilidad. <br data-start=\"\u00ab786\u00bb\" data-end=\"\u00ab789\u00bb\">Ya sean aprendices, j\u00f3venes silvicultores o profesionales que necesitan un segundo equipo: el Flex Basic est\u00e1 listo para su uso inmediato y se puede ampliar posteriormente.<\/p>\n<p class=\"translation-block\" data-start=\"932\" data-end=\"1205\">Es compatible con correas forestales de <strong data-start=\"\u00ab970\u00bb\" data-end=\"\u00ab994\u00bb\">Stihl ADVANCE X-Flex<\/strong>, <strong data-start=\"\u201c996\u201d\" data-end=\"\u00ab1009\u00bb\">Husqvarna<\/strong>, <strong data-start=\"\u00ab1011\u00bb\" data-end=\"\u00ab1041\u00bb\">Forstkoppel \u2013 Daniel Lorch<\/strong>, <strong data-start=\"\u00ab1043\u00bb\" data-end=\"\u201c1057\u201d\">Ochsenkopf<\/strong> y sistemas basados en MOLLE. <br data-start=\"\u00ab1089\u00bb\" data-end=\"\u00ab1092\u00bb\">La fijaci\u00f3n se realiza mediante el probado <strong data-start=\"\u00ab1134\u00bb\" data-end=\"\u00ab1162\u00bb\">sistema FUEGOS RapidClick<\/strong> o <strong data-start=\"\u201c1168\u201d\" data-end=\"\u00ab1183\u00bb\">velcro MOLLE<\/strong>, seg\u00fan el modelo.<\/p>\n<h3 class=\"\" data-start=\"1212\" data-end=\"1276\"><strong data-start=\"1216\" data-end=\"1274\">Lo que est\u00e1 en el bosque-Conjunto de Flex B\u00e1sica podr\u00eda Edici\u00f3n:<\/strong><\/h3>\n<p class=\"translation-block\" data-start=\"1277\" data-end=\"1675\">\u2714 <strong data-start=\"\u00ab1279\u00bb\" data-end=\"\u00ab1298\u00bb\">Bolsa universal<\/strong>: ideal para spray marcador, cinta m\u00e9trica, snacks o multiherramienta.<br data-start=\"\u00ab1359\u00bb\" data-end=\"\u00ab1362\u00bb\">\u2714 <strong data-start=\"\u201c1364\u201d\" data-end=\"\u00ab1396\u00bb\">Bolsa para cu\u00f1as (ajustable)<\/strong>: sujeta cu\u00f1as cl\u00e1sicas y mec\u00e1nicas de forma segura. Doble costura, con abertura para la suciedad.<br data-start=\"\u00ab1481\u00bb\" data-end=\"\u00ab1484\u00bb\">\u2714 <strong data-start=\"\u201c1486\u201d\" data-end=\"\u00ab1502\u00bb\">Soporte para tiza<\/strong>: con sistema magn\u00e9tico y pendular, compatible con tizas Stihl y Oregon.<br data-start=\"\u00ab1575\u00bb\" data-end=\"\u00ab1578\u00bb\">\u2714 <strong data-start=\"\u201c1580\u201d\" data-end=\"\u00ab1606\u00bb\">Soporte para sapie\/herramientas<\/strong>: se mantiene firme durante el movimiento, f\u00e1cil de alcanzar incluso con guantes.<\/p>\n<h3 class=\"\" data-start=\"1682\" data-end=\"1712\"><strong data-start=\"1686\" data-end=\"1710\">Caracter\u00edsticas T\u00e9cnicas:<\/strong><\/h3>\n<ul data-start=\"1713\" data-end=\"2203\">\n<li class=\"\" data-start=\"1713\" data-end=\"1814\">\n<p class=\"translation-block\" data-start=\"1715\" data-end=\"1814\"><strong data-start=\"\u00ab1715\u00bb\" data-end=\"\u00ab1734\u00bb\">Compatibilidad:<\/strong> Stihl ADVANCE X-Flex, Husqvarna, Forstkoppel \u2013 Daniel Lorch, Ochsenkopf, entre otros.<\/p>\n<\/li>\n<li class=\"\" data-start=\"1815\" data-end=\"1889\">\n<p class=\"translation-block\" data-start=\"1817\" data-end=\"1889\"><strong data-start=\"\u00ab1817\u00bb\" data-end=\"\u00ab1833\u00bb\">Modularidad:<\/strong> ampliable con m\u00e1s de 30 componentes del sistema FUEGOS.<\/p>\n<\/li>\n<li class=\"\" data-start=\"1890\" data-end=\"1945\">\n<p class=\"translation-block\" data-start=\"1892\" data-end=\"1945\"><strong data-start=\"1892\" data-end=\"1908\">Befestigung:<\/strong> RapidClick-System oder MOLLE-Klett<\/p>\n<\/li>\n<li class=\"\" data-start=\"1946\" data-end=\"2012\">\n<p class=\"translation-block\" data-start=\"1948\" data-end=\"2012\"><strong data-start=\"\u00ab1948\u00bb\" data-end=\"\u00ab1964\u00bb\">Materiales:<\/strong> resistente a la abrasi\u00f3n, repelente a la suciedad, resistente a la intemperie.<\/p>\n<\/li>\n<li class=\"\" data-start=\"2013\" data-end=\"2085\">\n<p class=\"translation-block\" data-start=\"2015\" data-end=\"2085\"><strong data-start=\"\u00ab2015\u00bb\" data-end=\"\u00ab2031\u00bb\">Fabricaci\u00f3n:<\/strong> Fabricado en Alemania: duradero y dise\u00f1ado para el uso pr\u00e1ctico.<\/p>\n<\/li>\n<li class=\"\" data-start=\"2086\" data-end=\"2158\">\n<p class=\"translation-block\" data-start=\"2088\" data-end=\"2158\"><strong data-start=\"\u00ab2088\u00bb\" data-end=\"\u00ab2099\u00bb\">Cuidados:<\/strong> lavable a m\u00e1quina (30 \u00b0C, no secar en secadora)<\/p>\n<\/li>\n<li class=\"\" data-start=\"2159\" data-end=\"2203\">\n<p class=\"translation-block\" data-start=\"2161\" data-end=\"2203\"><strong data-start=\"\u00ab2161\u00bb\" data-end=\"\u00ab2174\u00bb\">Garant\u00eda:<\/strong> 4 a\u00f1os para todos los componentes.<\/p>\n<\/li>\n<\/ul>\n<p>&nbsp;<\/p>\n<p class=\"\" data-start=\"2210\" data-end=\"2340\"><strong data-start=\"2210\" data-end=\"2258\">FUEGOS forestales-Conjunto de Flex B\u00e1sica podr\u00eda Edici\u00f3n<\/strong><\/p>","protected":false},"excerpt":{"rendered":"<h2 class=\"\" data-start=\"64\" data-end=\"108\"><strong data-start=\"67\" data-end=\"108\">Bosque-Conjunto De Flex B\u00e1sica Podr\u00eda Edici\u00f3n<\/strong><\/h2>\n<p class=\"translation-block\" data-start=\"110\" data-end=\"261\"><strong data-start=\"\u00ab110\u00bb\" data-end=\"\u00ab126\u00bb\">\u00bfQu\u00e9 es?<\/strong><br data-start=\"\u201c126\u201d\" data-end=\"\u00ab129\u00bb\">Un set compacto de bolsillos para tu arn\u00e9s forestal.<br data-start=\"\u00ab175\u00bb\" data-end=\"\u00ab178\u00bb\">Cuatro soportes que realmente necesitas, ya montados y listos para usar.<\/p>\n<p class=\"translation-block\" data-start=\"263\" data-end=\"417\"><strong data-start=\"\u00ab263\u00bb\" data-end=\"\u00ab280\u00bb\">\u00bfQu\u00e9 incluye?<\/strong><br data-start=\"\u00ab280\u00bb\" data-end=\"\u00ab283\u00bb\">\u2714 Bolsa universal<br data-start=\"\u201c300\u201d\" data-end=\"\u00ab303\u00bb\">\u2714 Bolsa para cu\u00f1as (2 cu\u00f1as, ajustables)<br data-start=\"\u00ab342\u00bb\" data-end=\"\u00ab345\u00bb\">\u2714 Soporte para tiza (con p\u00e9ndulo y im\u00e1n)<br data-start=\"\u201c383\u201d\" data-end=\"\u00ab386\u00bb\">\u2714 Soporte para sapie \/ soporte para herramientas<\/p>\n<p class=\"translation-block\" data-start=\"419\" data-end=\"583\"><strong data-start=\"\u00ab419\u00bb\" data-end=\"\u00ab432\u00bb\">\u00bfD\u00f3nde se adapta?<\/strong><br data-start=\"\u201c432\u201d\" data-end=\"\u00ab435\u00bb\">A casi todos los arneses forestales habituales: Stihl, Husqvarna, Forstkoppel, Daniel Lorch, Ochsenkopf, etc.<br data-start=\"\u00ab535\u00bb\" data-end=\"\u00ab538\u00bb\">MOLLE, velcro o RapidClick, como prefieras.<\/p>\n<p class=\"translation-block\" data-start=\"585\" data-end=\"717\"><strong data-start=\"\u00ab585\u00bb\" data-end=\"\u00ab599\u00bb\">\u00bfPor qu\u00e9?<\/strong><br data-start=\"\u201c599\u201d\" data-end=\"\u00ab602\u00bb\">\u2714 Listo para usar, sin necesidad de configuraci\u00f3n<br data-start=\"\u00ab639\u00bb\" data-end=\"\u00ab642\u00bb\">\u2714 Ampliable de forma modular<br data-start=\"\u00ab663\u00bb\" data-end=\"\u00ab666\u00bb\">\u2714 Fabricado en Alemania<br data-start=\"\u201c694\u201d\" data-end=\"\u00ab697\u00bb\">\u2714 4 a\u00f1os de garant\u00eda<\/p>\n<p class=\"translation-block\" data-start=\"719\" data-end=\"820\"><strong data-start=\"\u00ab719\u00bb\" data-end=\"\u00ab797\u00bb\">Para todos aquellos que buscan una soluci\u00f3n sencilla y bien pensada, sin concesiones.<\/strong><br data-start=\"\u00ab797\u00bb\" data-end=\"\u00ab800\u00bb\"><strong data-start=\"\u201c800\u201d\" data-end=\"\u00ab820\u00bb\">Flex Basic, simplemente.<\/p>","protected":false},"featured_media":255922,"comment_status":"open","ping_status":"closed","template":"","meta":{"_et_pb_use_builder":"","_et_pb_old_content":"","_et_gb_content_width":""},"product_brand":[],"product_cat":[25,31,167],"product_tag":[],"class_list":{"0":"post-255920","1":"product","2":"type-product","3":"status-publish","4":"has-post-thumbnail","6":"product_cat-forst","7":"product_cat-forst-taschen-zubehoer","8":"product_cat-sets","10":"first","11":"instock","12":"taxable","13":"shipping-taxable","14":"product-type-simple"},"yoast_head":"<!-- This site is optimized with the Yoast SEO plugin v27.3 - https:\/\/yoast.com\/product\/yoast-seo-wordpress\/ -->\n<title>Forst Set Flex Basic \u2013 Sappie Edition &#8226; Fuegos<\/title>\n<meta name=\"description\" content=\"Forst Set Flex Basic \u2013 Sappie Edition kompatibel mit Stihl Systemen. Enth\u00e4lt Sappiehalter, Keiltasche, Kreidehalter &amp; Universaltasche. Made in Germany.\" \/>\n<meta name=\"robots\" content=\"index, follow, max-snippet:-1, max-image-preview:large, max-video-preview:-1\" \/>\n<link rel=\"canonical\" href=\"https:\/\/www.fuegos.eu\/es\/product\/forst-set-flex-basic-sappie-edition\/\" \/>\n<meta property=\"og:locale\" content=\"es_ES\" \/>\n<meta property=\"og:type\" content=\"article\" \/>\n<meta property=\"og:title\" content=\"Forst Set Flex Basic \u2013 Sappie Edition &#8226; Fuegos\" \/>\n<meta property=\"og:description\" content=\"Forst Set Flex Basic \u2013 Sappie Edition kompatibel mit Stihl Systemen. Enth\u00e4lt Sappiehalter, Keiltasche, Kreidehalter &amp; Universaltasche. Made in Germany.\" \/>\n<meta property=\"og:url\" content=\"https:\/\/www.fuegos.eu\/es\/product\/forst-set-flex-basic-sappie-edition\/\" \/>\n<meta property=\"og:site_name\" content=\"Fuegos\" \/>\n<meta property=\"article:publisher\" content=\"https:\/\/www.facebook.com\/FuegosForst\/\" \/>\n<meta property=\"article:modified_time\" content=\"2025-05-10T19:01:48+00:00\" \/>\n<meta property=\"og:image\" content=\"https:\/\/www.fuegos.eu\/wp-content\/uploads\/2025\/05\/Forst-Set-ErgoFlex-Modular-Basic.jpg\" \/>\n\t<meta property=\"og:image:width\" content=\"800\" \/>\n\t<meta property=\"og:image:height\" content=\"800\" \/>\n\t<meta property=\"og:image:type\" content=\"image\/jpeg\" \/>\n<meta name=\"twitter:card\" content=\"summary_large_image\" \/>\n<meta name=\"twitter:label1\" content=\"Tiempo de lectura\" \/>\n\t<meta name=\"twitter:data1\" content=\"1 minuto\" \/>\n<script type=\"application\/ld+json\" class=\"yoast-schema-graph\">{\"@context\":\"https:\\\/\\\/schema.org\",\"@graph\":[{\"@type\":\"WebPage\",\"@id\":\"https:\\\/\\\/www.fuegos.eu\\\/product\\\/forst-set-flex-basic-sappie-edition\\\/\",\"url\":\"https:\\\/\\\/www.fuegos.eu\\\/product\\\/forst-set-flex-basic-sappie-edition\\\/\",\"name\":\"Forst Set Flex Basic \u2013 Sappie Edition &#8226; Fuegos\",\"isPartOf\":{\"@id\":\"https:\\\/\\\/www.fuegos.eu\\\/#website\"},\"primaryImageOfPage\":{\"@id\":\"https:\\\/\\\/www.fuegos.eu\\\/product\\\/forst-set-flex-basic-sappie-edition\\\/#primaryimage\"},\"image\":{\"@id\":\"https:\\\/\\\/www.fuegos.eu\\\/product\\\/forst-set-flex-basic-sappie-edition\\\/#primaryimage\"},\"thumbnailUrl\":\"https:\\\/\\\/www.fuegos.eu\\\/wp-content\\\/uploads\\\/2025\\\/05\\\/Forst-Set-ErgoFlex-Modular-Basic.jpg\",\"datePublished\":\"2025-05-10T18:10:47+00:00\",\"dateModified\":\"2025-05-10T19:01:48+00:00\",\"description\":\"Forst Set Flex Basic \u2013 Sappie Edition kompatibel mit Stihl Systemen. Enth\u00e4lt Sappiehalter, Keiltasche, Kreidehalter & Universaltasche. Made in Germany.\",\"breadcrumb\":{\"@id\":\"https:\\\/\\\/www.fuegos.eu\\\/product\\\/forst-set-flex-basic-sappie-edition\\\/#breadcrumb\"},\"inLanguage\":\"es\",\"potentialAction\":[{\"@type\":\"ReadAction\",\"target\":[\"https:\\\/\\\/www.fuegos.eu\\\/product\\\/forst-set-flex-basic-sappie-edition\\\/\"]}]},{\"@type\":\"ImageObject\",\"inLanguage\":\"es\",\"@id\":\"https:\\\/\\\/www.fuegos.eu\\\/product\\\/forst-set-flex-basic-sappie-edition\\\/#primaryimage\",\"url\":\"https:\\\/\\\/www.fuegos.eu\\\/wp-content\\\/uploads\\\/2025\\\/05\\\/Forst-Set-ErgoFlex-Modular-Basic.jpg\",\"contentUrl\":\"https:\\\/\\\/www.fuegos.eu\\\/wp-content\\\/uploads\\\/2025\\\/05\\\/Forst-Set-ErgoFlex-Modular-Basic.jpg\",\"width\":800,\"height\":800},{\"@type\":\"BreadcrumbList\",\"@id\":\"https:\\\/\\\/www.fuegos.eu\\\/product\\\/forst-set-flex-basic-sappie-edition\\\/#breadcrumb\",\"itemListElement\":[{\"@type\":\"ListItem\",\"position\":1,\"name\":\"Home\",\"item\":\"https:\\\/\\\/www.fuegos.eu\\\/\"},{\"@type\":\"ListItem\",\"position\":2,\"name\":\"Shop\",\"item\":\"https:\\\/\\\/www.fuegos.eu\\\/forstguertel-taschen-online-kaufen\\\/\"},{\"@type\":\"ListItem\",\"position\":3,\"name\":\"Forst Set Flex Basic \u2013 Sappie Edition\"}]},{\"@type\":\"WebSite\",\"@id\":\"https:\\\/\\\/www.fuegos.eu\\\/#website\",\"url\":\"https:\\\/\\\/www.fuegos.eu\\\/\",\"name\":\"Fuegos\",\"description\":\"Textile L\u00f6sungen nach Ma\u00df\",\"publisher\":{\"@id\":\"https:\\\/\\\/www.fuegos.eu\\\/#organization\"},\"potentialAction\":[{\"@type\":\"SearchAction\",\"target\":{\"@type\":\"EntryPoint\",\"urlTemplate\":\"https:\\\/\\\/www.fuegos.eu\\\/?s={search_term_string}\"},\"query-input\":{\"@type\":\"PropertyValueSpecification\",\"valueRequired\":true,\"valueName\":\"search_term_string\"}}],\"inLanguage\":\"es\"},{\"@type\":\"Organization\",\"@id\":\"https:\\\/\\\/www.fuegos.eu\\\/#organization\",\"name\":\"Fuegos\",\"url\":\"https:\\\/\\\/www.fuegos.eu\\\/\",\"logo\":{\"@type\":\"ImageObject\",\"inLanguage\":\"es\",\"@id\":\"https:\\\/\\\/www.fuegos.eu\\\/#\\\/schema\\\/logo\\\/image\\\/\",\"url\":\"https:\\\/\\\/fuegos.eu\\\/wp-content\\\/uploads\\\/2020\\\/05\\\/FuegosSignatur000.jpg\",\"contentUrl\":\"https:\\\/\\\/fuegos.eu\\\/wp-content\\\/uploads\\\/2020\\\/05\\\/FuegosSignatur000.jpg\",\"width\":960,\"height\":408,\"caption\":\"Fuegos\"},\"image\":{\"@id\":\"https:\\\/\\\/www.fuegos.eu\\\/#\\\/schema\\\/logo\\\/image\\\/\"},\"sameAs\":[\"https:\\\/\\\/www.facebook.com\\\/FuegosForst\\\/\",\"https:\\\/\\\/www.youtube.com\\\/channel\\\/UC0SFe93Vgi6YZV6tSCOLdkA\"]}]}<\/script>\n<!-- \/ Yoast SEO plugin. -->","yoast_head_json":{"title":"Bosque Establecido Flex B\u00e1sica Podr\u00eda Edici\u00f3n \u2022 Fuegos","description":"Bosque Establecido Flex B\u00e1sica podr\u00eda Edici\u00f3n compatible con Stihl sistemas. Contiene Sappiehalter, Bolsa De Fuelle, Tiza Titular &amp; Universal De La Bolsa. Hecho en Alemania.","robots":{"index":"index","follow":"follow","max-snippet":"max-snippet:-1","max-image-preview":"max-image-preview:large","max-video-preview":"max-video-preview:-1"},"canonical":"https:\/\/www.fuegos.eu\/es\/product\/forst-set-flex-basic-sappie-edition\/","og_locale":"es_ES","og_type":"article","og_title":"Forst Set Flex Basic \u2013 Sappie Edition &#8226; Fuegos","og_description":"Forst Set Flex Basic \u2013 Sappie Edition kompatibel mit Stihl Systemen. Enth\u00e4lt Sappiehalter, Keiltasche, Kreidehalter & Universaltasche. Made in Germany.","og_url":"https:\/\/www.fuegos.eu\/es\/product\/forst-set-flex-basic-sappie-edition\/","og_site_name":"Fuegos","article_publisher":"https:\/\/www.facebook.com\/FuegosForst\/","article_modified_time":"2025-05-10T19:01:48+00:00","og_image":[{"width":800,"height":800,"url":"https:\/\/www.fuegos.eu\/wp-content\/uploads\/2025\/05\/Forst-Set-ErgoFlex-Modular-Basic.jpg","type":"image\/jpeg"}],"twitter_card":"summary_large_image","twitter_misc":{"Tiempo de lectura":"1 minuto"},"schema":{"@context":"https:\/\/schema.org","@graph":[{"@type":"WebPage","@id":"https:\/\/www.fuegos.eu\/product\/forst-set-flex-basic-sappie-edition\/","url":"https:\/\/www.fuegos.eu\/product\/forst-set-flex-basic-sappie-edition\/","name":"Bosque Establecido Flex B\u00e1sica Podr\u00eda Edici\u00f3n \u2022 Fuegos","isPartOf":{"@id":"https:\/\/www.fuegos.eu\/#website"},"primaryImageOfPage":{"@id":"https:\/\/www.fuegos.eu\/product\/forst-set-flex-basic-sappie-edition\/#primaryimage"},"image":{"@id":"https:\/\/www.fuegos.eu\/product\/forst-set-flex-basic-sappie-edition\/#primaryimage"},"thumbnailUrl":"https:\/\/www.fuegos.eu\/wp-content\/uploads\/2025\/05\/Forst-Set-ErgoFlex-Modular-Basic.jpg","datePublished":"2025-05-10T18:10:47+00:00","dateModified":"2025-05-10T19:01:48+00:00","description":"Bosque Establecido Flex B\u00e1sica podr\u00eda Edici\u00f3n compatible con Stihl sistemas. Contiene Sappiehalter, Bolsa De Fuelle, Tiza Titular &amp; Universal De La Bolsa. Hecho en Alemania.","breadcrumb":{"@id":"https:\/\/www.fuegos.eu\/product\/forst-set-flex-basic-sappie-edition\/#breadcrumb"},"inLanguage":"es","potentialAction":[{"@type":"ReadAction","target":["https:\/\/www.fuegos.eu\/product\/forst-set-flex-basic-sappie-edition\/"]}]},{"@type":"ImageObject","inLanguage":"es","@id":"https:\/\/www.fuegos.eu\/product\/forst-set-flex-basic-sappie-edition\/#primaryimage","url":"https:\/\/www.fuegos.eu\/wp-content\/uploads\/2025\/05\/Forst-Set-ErgoFlex-Modular-Basic.jpg","contentUrl":"https:\/\/www.fuegos.eu\/wp-content\/uploads\/2025\/05\/Forst-Set-ErgoFlex-Modular-Basic.jpg","width":800,"height":800},{"@type":"BreadcrumbList","@id":"https:\/\/www.fuegos.eu\/product\/forst-set-flex-basic-sappie-edition\/#breadcrumb","itemListElement":[{"@type":"ListItem","position":1,"name":"Home","item":"https:\/\/www.fuegos.eu\/"},{"@type":"ListItem","position":2,"name":"Shop","item":"https:\/\/www.fuegos.eu\/forstguertel-taschen-online-kaufen\/"},{"@type":"ListItem","position":3,"name":"Forst Set Flex Basic \u2013 Sappie Edition"}]},{"@type":"WebSite","@id":"https:\/\/www.fuegos.eu\/#website","url":"https:\/\/www.fuegos.eu\/","name":"Inicio","description":"Soluciones textiles","publisher":{"@id":"https:\/\/www.fuegos.eu\/#organization"},"potentialAction":[{"@type":"SearchAction","target":{"@type":"EntryPoint","urlTemplate":"https:\/\/www.fuegos.eu\/?s={search_term_string}"},"query-input":{"@type":"PropertyValueSpecification","valueRequired":true,"valueName":"search_term_string"}}],"inLanguage":"es"},{"@type":"Organization","@id":"https:\/\/www.fuegos.eu\/#organization","name":"Inicio","url":"https:\/\/www.fuegos.eu\/","logo":{"@type":"ImageObject","inLanguage":"es","@id":"https:\/\/www.fuegos.eu\/#\/schema\/logo\/image\/","url":"https:\/\/fuegos.eu\/wp-content\/uploads\/2020\/05\/FuegosSignatur000.jpg","contentUrl":"https:\/\/fuegos.eu\/wp-content\/uploads\/2020\/05\/FuegosSignatur000.jpg","width":960,"height":408,"caption":"Fuegos"},"image":{"@id":"https:\/\/www.fuegos.eu\/#\/schema\/logo\/image\/"},"sameAs":["https:\/\/www.facebook.com\/FuegosForst\/","https:\/\/www.youtube.com\/channel\/UC0SFe93Vgi6YZV6tSCOLdkA"]}]}},"_links":{"self":[{"href":"https:\/\/www.fuegos.eu\/es\/wp-json\/wp\/v2\/product\/255920","targetHints":{"allow":["GET"]}}],"collection":[{"href":"https:\/\/www.fuegos.eu\/es\/wp-json\/wp\/v2\/product"}],"about":[{"href":"https:\/\/www.fuegos.eu\/es\/wp-json\/wp\/v2\/types\/product"}],"replies":[{"embeddable":true,"href":"https:\/\/www.fuegos.eu\/es\/wp-json\/wp\/v2\/comments?post=255920"}],"wp:featuredmedia":[{"embeddable":true,"href":"https:\/\/www.fuegos.eu\/es\/wp-json\/wp\/v2\/media\/255922"}],"wp:attachment":[{"href":"https:\/\/www.fuegos.eu\/es\/wp-json\/wp\/v2\/media?parent=255920"}],"wp:term":[{"taxonomy":"product_brand","embeddable":true,"href":"https:\/\/www.fuegos.eu\/es\/wp-json\/wp\/v2\/product_brand?post=255920"},{"taxonomy":"product_cat","embeddable":true,"href":"https:\/\/www.fuegos.eu\/es\/wp-json\/wp\/v2\/product_cat?post=255920"},{"taxonomy":"product_tag","embeddable":true,"href":"https:\/\/www.fuegos.eu\/es\/wp-json\/wp\/v2\/product_tag?post=255920"}],"curies":[{"name":"wp","href":"https:\/\/api.w.org\/{rel}","templated":true}]}}