{"id":255926,"date":"2025-05-10T21:58:39","date_gmt":"2025-05-10T19:58:39","guid":{"rendered":"https:\/\/www.fuegos.eu\/?post_type=product&#038;p=255926"},"modified":"2025-05-12T10:22:22","modified_gmt":"2025-05-12T08:22:22","slug":"halterung-fuer-kreidehalter-mit-selbstaufroller","status":"publish","type":"product","link":"https:\/\/www.fuegos.eu\/es\/product\/halterung-fuer-kreidehalter-mit-selbstaufroller\/","title":{"rendered":"Titular de tiza titular con correa retr\u00e1ctil"},"content":{"rendered":"<h2 class=\"\" data-start=\"238\" data-end=\"293\"><strong data-start=\"241\" data-end=\"291\">Titular de tiza titular con correa retr\u00e1ctil<\/strong><\/h2>\n<p class=\"\" data-start=\"245\" data-end=\"288\">Para todos los de la marca \u2013 no nachf\u00e4deln.<\/p>\n<p class=\"translation-block\" data-start=\"290\" data-end=\"536\">El soporte para portacretas con enrollador autom\u00e1tico ha sido dise\u00f1ado para un uso forestal continuo. <br data-start=\"\u00ab391\u00bb\" data-end=\"\u00ab394\u00bb\">Tiene todo lo que les falta a los modelos cl\u00e1sicos: retorno silencioso, movilidad durante el uso y un material que no corta.<\/p>\n<p class=\"translation-block\" data-start=\"538\" data-end=\"849\">En el centro se encuentra el enrollador autom\u00e1tico giratorio de 360 grados, que sigue todos los movimientos, ya sea al caminar, agacharse o cambiar de posici\u00f3n.<br data-start=\"\u00ab657\u00bb\" data-end=\"\u00ab660\u00bb\">El cable de Kevlar de 2 m de longitud funciona de forma silenciosa, no se deshilacha y se puede acortar si es necesario. El primer metro es el que m\u00e1s se desgasta con un uso intensivo, por lo que se incluye suficiente reserva.<\/p>\n<p class=\"translation-block\" data-start=\"851\" data-end=\"1027\">A diferencia de los cables de alambre o acero, aqu\u00ed no se producen bordes afilados. Esto significa: <strong data-start=\"\u00ab943\u00bb\" data-end=\"\u00ab1027\u00bb\">sin cortes en el tejido, sin marcas en las herramientas, sin problemas durante el retorno.<\/p>\n<h3 class=\"\" data-start=\"1756\" data-end=\"1794\">Compatibilidad con tiza los titulares de<\/h3>\n<p class=\"translation-block\" data-start=\"1795\" data-end=\"1934\">El soporte es adecuado para portacretas con un di\u00e1metro de 11-12 mm, ya sean redondos o cuadrados.<br data-start=\"\u00ab1900\u00bb\" data-end=\"\u00ab1903\u00bb\">Las marcas compatibles son, entre otras: <strong data-start=\"\u00ab1938\u00bb\" data-end=\"\u00ab1947\u00bb\">Stihl, <\/strong><strong data-start=\"\u201c1952\u201d\" data-end=\"\u00ab1962\u00bb\">Oregon, <\/strong><strong data-start=\"\u00ab1967\u00bb\" data-end=\"\u00ab1975\u00bb\">Lyra, <\/strong><strong data-start=\"\u00ab1980\u00bb\" data-end=\"\u00ab1988\u00bb\">Pica, <\/strong><strong data-start=\"\u201c1993\u201d\" data-end=\"\u00ab2002\u00bb\">Grube<\/strong><\/p>\n<p class=\"\" data-start=\"2004\" data-end=\"2123\">El titular de obras con el cl\u00e1sico soportes de metal, as\u00ed como con pl\u00e1stico o de liberaci\u00f3n r\u00e1pida de modelos.<\/p>\n<h3 class=\"\" data-start=\"1034\" data-end=\"1106\">\u00bfCu\u00e1l es el soporte para tiza titular con correa retr\u00e1ctil se caracteriza<\/h3>\n<p class=\"translation-block\" data-start=\"1107\" data-end=\"1374\">El corte del soporte es, como siempre, ergon\u00f3mico y se adapta al cuerpo.<br data-start=\"\u00ab1173\u00bb\" data-end=\"\u00ab1176\u00bb\">Esto evita que se enganche en la ropa, las ramas o el sistema de transporte.<br data-start=\"\u201c1240\u201d\" data-end=\"\u00ab1243\u00bb\">El material no contiene PVC, es ultra resistente a la abrasi\u00f3n y est\u00e1 dise\u00f1ado para un uso intensivo en el campo, en condiciones de humedad, resina o estr\u00e9s mec\u00e1nico.<\/p>\n<p class=\"\" data-start=\"1376\" data-end=\"1507\">El soporte puede ser conectado a trav\u00e9s de MOLLE o r\u00e1pido haga clic en, y es con casi todos los populares de bosque puede ser combinado cinturones, incluyendo: Stihl ADELANTADO X-Flex, Husqvarna, silvicultura acoplamiento Daniel Lorch, buey-cabeza, as\u00ed como todos los FUEGOS de la correa de hombro y el sistema de carga<\/p>\n<p class=\"\" data-start=\"1648\" data-end=\"1749\">Est\u00e1 acoplado a 20, 25 y 30 mm de ancho de la correa de la correa, as\u00ed como directamente en el hombro.<\/p>\n<h3 class=\"\" data-start=\"1329\" data-end=\"1349\">Compatible con<\/h3>\n<p class=\"translation-block\" data-start=\"1350\" data-end=\"1623\">\u2714 <a href=\"https:\/\/www.fuegos.eu\/es\/profi-forstguertel\/\" target=\"_self\"><strong data-start=\"\u00ab1352\u00bb\" data-end=\"\u00ab1370\u00bb\">Forstgurt <\/strong><\/a><br data-start=\"\u201c1370\u201d\" data-end=\"\u00ab1373\u00bb\">\u2714 <a href=\"https:\/\/www.fuegos.eu\/es\/product\/forst-universaltasche-flex\/\" target=\"_self\"><strong data-start=\"\u00ab1375\u00bb\" data-end=\"\u00ab1405\u00bb\">Forst Universaltasche Flex<\/strong><\/a><br data-start=\"\u201c1405\u201d\" data-end=\"\u00ab1408\u00bb\">\u2714 <strong data-start=\"\u00ab1410\u00bb\" data-end=\"\u00ab1433\u00bb\">Packzangenhalterung<\/strong><br data-start=\"\u00ab1433\u00bb\" data-end=\"\u201c1436\u201d\">\u2714<a href=\"https:\/\/www.fuegos.eu\/es\/forst-schulter-tragesystem\/\" target=\"_self\"> <strong data-start=\"\u00ab1438\u00bb\" data-end=\"\u00ab1475\u00bb\">Sistema ergon\u00f3mico de transporte al hombro<\/strong><\/a><br data-start=\"\u201c1475\u201d\" data-end=\"\u00ab1478\u00bb\">\u2714 <a href=\"https:\/\/www.fuegos.eu\/es\/tragesysteme-im-bereich-forstwirtschaft\/pro-forstguertel-system-armadillo-s4\/\" target=\"_self\"><strong data-start=\"\u00ab1480\u00bb\" data-end=\"\u201c1513\u201d\">Sistema de transporte en el hombro Armadillo<\/strong><\/a><br data-start=\"\u00ab1548\u00bb\" data-end=\"\u00ab1551\u00bb\">\u2714 <strong data-start=\"\u201c1553\u201d\" data-end=\"\u00ab1623\u00bb\">Correas de Stihl, Husqvarna, Forstkoppel \u2013 Daniel Lorch, Ochsenkopf<\/strong><\/p>\n<h3 class=\"\" data-start=\"1630\" data-end=\"1654\">Detalles T\u00e9cnicos<\/h3>\n<ul data-start=\"1655\" data-end=\"1901\">\n<li class=\"\" data-start=\"1655\" data-end=\"1683\">\n<p class=\"\" data-start=\"1657\" data-end=\"1683\">Giratorias de 360\u00b0 carretes<\/p>\n<\/li>\n<li class=\"\" data-start=\"1684\" data-end=\"1751\">\n<p class=\"\" data-start=\"1686\" data-end=\"1751\">Cable de Kevlar: corte resistente, adaptable y suave, sin Corte<\/p>\n<\/li>\n<li class=\"\" data-start=\"1752\" data-end=\"1802\">\n<p class=\"\" data-start=\"1754\" data-end=\"1802\">Materiales: libre de PVC tela especial, resistente al desgaste<\/p>\n<\/li>\n<li class=\"\" data-start=\"1803\" data-end=\"1849\">\n<p class=\"\" data-start=\"1805\" data-end=\"1849\">Atenci\u00f3n: wipeable o lavable a 30 \u00b0C<\/p>\n<\/li>\n<li class=\"\" data-start=\"1850\" data-end=\"1880\">\n<p class=\"\" data-start=\"1852\" data-end=\"1880\">Hecho en Alemania<\/p>\n<\/li>\n<li class=\"\" data-start=\"1881\" data-end=\"1901\">\n<p class=\"\" data-start=\"1883\" data-end=\"1901\">4 A\u00f1os De Garant\u00eda<\/p>\n<\/li>\n<\/ul>\n<p class=\"\" data-start=\"1908\" data-end=\"2003\"><strong data-start=\"1908\" data-end=\"2003\">FUEGOS titular con Kevlar auto-separador \u2013 si desea que su titular est\u00e1 involucrado.<\/strong><\/p>\n<p data-start=\"1908\" data-end=\"2003\" class=\"translation-block\"><strong data-start=\"\u00ab68\u00bb\" data-end=\"\u201c93\u201d\">Nota sobre la garant\u00eda:<\/strong><br data-start=\"\u00ab93\u00bb\" data-end=\"\u00ab96\u00bb\">El <strong data-start=\"\u00ab104\u00bb\" data-end=\"\u00ab123\u00bb\">rodillo autom\u00e1tico<\/strong> <strong data-start=\"\u201c129\u201d\" data-end=\"\u00ab158\u00bb\">no est\u00e1 cubierto por la garant\u00eda Fuegos<\/strong>, ya que se trata de un componente adquirido externamente. En este caso, solo se aplica la <strong data-start=\"\u00ab248\u00bb\" data-end=\"\u201c278\u201d\" data-is-only-node=\"\u00ab\u00bb\">garant\u00eda legal<\/strong>.<\/p>","protected":false},"excerpt":{"rendered":"<h2 class=\"\" data-start=\"107\" data-end=\"160\"><strong data-start=\"110\" data-end=\"160\">Titular de tiza titular con correa retr\u00e1ctil<\/strong><\/h2>\n<p class=\"translation-block\" data-start=\"162\" data-end=\"274\"><strong data-start=\"\u00ab162\u00bb\" data-end=\"\u00ab178\u00bb\">\u00bfQu\u00e9 es?<\/strong><br data-start=\"\u201c178\u201d\" data-end=\"\u00ab181\u00bb\">Un soporte compacto con enrollador de 360\u00b0, para todos aquellos que quieren marcar y seguir corriendo.<\/p>\n<p class=\"translation-block\" data-start=\"276\" data-end=\"444\"><strong data-start=\"\u00ab276\u00bb\" data-end=\"\u00ab301\u00bb\">\u00bfQu\u00e9 la hace mejor?<\/strong><br data-start=\"\u00ab301\u00bb\" data-end=\"\u00ab304\u00bb\">\u2714 Cord\u00f3n de Kevlar en lugar de alambre: no se clava<br data-start=\"\u201c350\u201d\" data-end=\"\u00ab353\u00bb\">\u2714 Gira con la mano, no se engancha durante el trabajo<br data-start=\"\u00ab399\u00bb\" data-end=\"\u00ab402\u00bb\">\u2714 Corte ajustado al cuerpo, no se engancha<\/p>\n<p class=\"translation-block\" data-start=\"446\" data-end=\"643\"><strong data-start=\"\u00ab446\u00bb\" data-end=\"\u00ab465\u00bb\">\u00bfCompatible con?<\/strong><br data-start=\"\u201c465\u201d\" data-end=\"\u00ab468\u00bb\">Soportes para l\u00e1pices de Stihl, Oregon, Lyra, Pica, Grube, para tizas con un di\u00e1metro de 11-12 mm.<br data-start=\"\u00ab550\u00bb\" data-end=\"\u00ab553\u00bb\">Se adapta a MOLLE, RapidClick y sistemas de correas de Stihl, Husqvarna, Daniel Lorch, Ochsenkopf.<\/p>\n<p class=\"translation-block\" data-start=\"645\" data-end=\"727\"><strong data-start=\"\u00ab645\u00bb\" data-end=\"\u00ab687\u00bb\">Disponible para titulares de derechos y links.<\/strong><br data-start=\"\u201c687\u201d\" data-end=\"\u00ab690\u00bb\">Solo hay que seleccionarlo al realizar el pedido.<\/p>","protected":false},"featured_media":255927,"comment_status":"open","ping_status":"closed","template":"","meta":{"_et_pb_use_builder":"","_et_pb_old_content":"","_et_gb_content_width":""},"product_brand":[],"product_cat":[25,31],"product_tag":[],"class_list":{"0":"post-255926","1":"product","2":"type-product","3":"status-publish","4":"has-post-thumbnail","6":"product_cat-forst","7":"product_cat-forst-taschen-zubehoer","9":"first","10":"instock","11":"taxable","12":"shipping-taxable","13":"purchasable","14":"product-type-simple"},"yoast_head":"<!-- This site is optimized with the Yoast SEO plugin v27.3 - https:\/\/yoast.com\/product\/yoast-seo-wordpress\/ -->\n<title>Halterung f\u00fcr Kreidehalter mit Selbstaufroller &#8226; Fuegos<\/title>\n<meta name=\"description\" content=\"Halterung f\u00fcr Kreidehalter mit 360\u00b0 Selbstaufroller &amp; Kevlarschnur. Kompatibel mit Stihl, Oregon, Lyra, Pica &amp; Grube. Kein Einschneiden, made in Germany.\" \/>\n<meta name=\"robots\" content=\"index, follow, max-snippet:-1, max-image-preview:large, max-video-preview:-1\" \/>\n<link rel=\"canonical\" href=\"https:\/\/www.fuegos.eu\/es\/product\/halterung-fuer-kreidehalter-mit-selbstaufroller\/\" \/>\n<meta property=\"og:locale\" content=\"es_ES\" \/>\n<meta property=\"og:type\" content=\"article\" \/>\n<meta property=\"og:title\" content=\"Halterung f\u00fcr Kreidehalter mit Selbstaufroller &#8226; Fuegos\" \/>\n<meta property=\"og:description\" content=\"Halterung f\u00fcr Kreidehalter mit 360\u00b0 Selbstaufroller &amp; Kevlarschnur. Kompatibel mit Stihl, Oregon, Lyra, Pica &amp; Grube. Kein Einschneiden, made in Germany.\" \/>\n<meta property=\"og:url\" content=\"https:\/\/www.fuegos.eu\/es\/product\/halterung-fuer-kreidehalter-mit-selbstaufroller\/\" \/>\n<meta property=\"og:site_name\" content=\"Fuegos\" \/>\n<meta property=\"article:publisher\" content=\"https:\/\/www.facebook.com\/FuegosForst\/\" \/>\n<meta property=\"article:modified_time\" content=\"2025-05-12T08:22:22+00:00\" \/>\n<meta property=\"og:image\" content=\"https:\/\/www.fuegos.eu\/wp-content\/uploads\/2025\/05\/Halterung-fuer-Kreidehalter-mit-Selbstaufroller_800-min.jpg\" \/>\n\t<meta property=\"og:image:width\" content=\"800\" \/>\n\t<meta property=\"og:image:height\" content=\"800\" \/>\n\t<meta property=\"og:image:type\" content=\"image\/jpeg\" \/>\n<meta name=\"twitter:card\" content=\"summary_large_image\" \/>\n<meta name=\"twitter:label1\" content=\"Tiempo de lectura\" \/>\n\t<meta name=\"twitter:data1\" content=\"2 minutos\" \/>\n<script type=\"application\/ld+json\" class=\"yoast-schema-graph\">{\"@context\":\"https:\\\/\\\/schema.org\",\"@graph\":[{\"@type\":\"WebPage\",\"@id\":\"https:\\\/\\\/www.fuegos.eu\\\/product\\\/halterung-fuer-kreidehalter-mit-selbstaufroller\\\/\",\"url\":\"https:\\\/\\\/www.fuegos.eu\\\/product\\\/halterung-fuer-kreidehalter-mit-selbstaufroller\\\/\",\"name\":\"Halterung f\u00fcr Kreidehalter mit Selbstaufroller &#8226; Fuegos\",\"isPartOf\":{\"@id\":\"https:\\\/\\\/www.fuegos.eu\\\/#website\"},\"primaryImageOfPage\":{\"@id\":\"https:\\\/\\\/www.fuegos.eu\\\/product\\\/halterung-fuer-kreidehalter-mit-selbstaufroller\\\/#primaryimage\"},\"image\":{\"@id\":\"https:\\\/\\\/www.fuegos.eu\\\/product\\\/halterung-fuer-kreidehalter-mit-selbstaufroller\\\/#primaryimage\"},\"thumbnailUrl\":\"https:\\\/\\\/www.fuegos.eu\\\/wp-content\\\/uploads\\\/2025\\\/05\\\/Halterung-fuer-Kreidehalter-mit-Selbstaufroller_800-min.jpg\",\"datePublished\":\"2025-05-10T19:58:39+00:00\",\"dateModified\":\"2025-05-12T08:22:22+00:00\",\"description\":\"Halterung f\u00fcr Kreidehalter mit 360\u00b0 Selbstaufroller & Kevlarschnur. Kompatibel mit Stihl, Oregon, Lyra, Pica & Grube. Kein Einschneiden, made in Germany.\",\"breadcrumb\":{\"@id\":\"https:\\\/\\\/www.fuegos.eu\\\/product\\\/halterung-fuer-kreidehalter-mit-selbstaufroller\\\/#breadcrumb\"},\"inLanguage\":\"es\",\"potentialAction\":[{\"@type\":\"ReadAction\",\"target\":[\"https:\\\/\\\/www.fuegos.eu\\\/product\\\/halterung-fuer-kreidehalter-mit-selbstaufroller\\\/\"]}]},{\"@type\":\"ImageObject\",\"inLanguage\":\"es\",\"@id\":\"https:\\\/\\\/www.fuegos.eu\\\/product\\\/halterung-fuer-kreidehalter-mit-selbstaufroller\\\/#primaryimage\",\"url\":\"https:\\\/\\\/www.fuegos.eu\\\/wp-content\\\/uploads\\\/2025\\\/05\\\/Halterung-fuer-Kreidehalter-mit-Selbstaufroller_800-min.jpg\",\"contentUrl\":\"https:\\\/\\\/www.fuegos.eu\\\/wp-content\\\/uploads\\\/2025\\\/05\\\/Halterung-fuer-Kreidehalter-mit-Selbstaufroller_800-min.jpg\",\"width\":800,\"height\":800,\"caption\":\"FUEGOS Halterung f\u00fcr Kreidehalter mit drehbarem Selbstaufroller und Kevlarschnur \u2013 kein scharfer Draht, kein Einschneiden ins Material.\"},{\"@type\":\"BreadcrumbList\",\"@id\":\"https:\\\/\\\/www.fuegos.eu\\\/product\\\/halterung-fuer-kreidehalter-mit-selbstaufroller\\\/#breadcrumb\",\"itemListElement\":[{\"@type\":\"ListItem\",\"position\":1,\"name\":\"Home\",\"item\":\"https:\\\/\\\/www.fuegos.eu\\\/\"},{\"@type\":\"ListItem\",\"position\":2,\"name\":\"Shop\",\"item\":\"https:\\\/\\\/www.fuegos.eu\\\/forstguertel-taschen-online-kaufen\\\/\"},{\"@type\":\"ListItem\",\"position\":3,\"name\":\"Halterung f\u00fcr Kreidehalter mit Selbstaufroller\"}]},{\"@type\":\"WebSite\",\"@id\":\"https:\\\/\\\/www.fuegos.eu\\\/#website\",\"url\":\"https:\\\/\\\/www.fuegos.eu\\\/\",\"name\":\"Fuegos\",\"description\":\"Textile L\u00f6sungen nach Ma\u00df\",\"publisher\":{\"@id\":\"https:\\\/\\\/www.fuegos.eu\\\/#organization\"},\"potentialAction\":[{\"@type\":\"SearchAction\",\"target\":{\"@type\":\"EntryPoint\",\"urlTemplate\":\"https:\\\/\\\/www.fuegos.eu\\\/?s={search_term_string}\"},\"query-input\":{\"@type\":\"PropertyValueSpecification\",\"valueRequired\":true,\"valueName\":\"search_term_string\"}}],\"inLanguage\":\"es\"},{\"@type\":\"Organization\",\"@id\":\"https:\\\/\\\/www.fuegos.eu\\\/#organization\",\"name\":\"Fuegos\",\"url\":\"https:\\\/\\\/www.fuegos.eu\\\/\",\"logo\":{\"@type\":\"ImageObject\",\"inLanguage\":\"es\",\"@id\":\"https:\\\/\\\/www.fuegos.eu\\\/#\\\/schema\\\/logo\\\/image\\\/\",\"url\":\"https:\\\/\\\/fuegos.eu\\\/wp-content\\\/uploads\\\/2020\\\/05\\\/FuegosSignatur000.jpg\",\"contentUrl\":\"https:\\\/\\\/fuegos.eu\\\/wp-content\\\/uploads\\\/2020\\\/05\\\/FuegosSignatur000.jpg\",\"width\":960,\"height\":408,\"caption\":\"Fuegos\"},\"image\":{\"@id\":\"https:\\\/\\\/www.fuegos.eu\\\/#\\\/schema\\\/logo\\\/image\\\/\"},\"sameAs\":[\"https:\\\/\\\/www.facebook.com\\\/FuegosForst\\\/\",\"https:\\\/\\\/www.youtube.com\\\/channel\\\/UC0SFe93Vgi6YZV6tSCOLdkA\"]}]}<\/script>\n<!-- \/ Yoast SEO plugin. -->","yoast_head_json":{"title":"Titular de tiza titular con correa retr\u00e1ctil \u2022 Fuegos","description":"Titular de tiza titular con 360\u00b0 de auto-cilindros &amp; cable de Kevlar. Compatible con Stihl, Oregon, Lyra, Pica &amp; pit. Ninguna Incisi\u00f3n, hecho en Alemania.","robots":{"index":"index","follow":"follow","max-snippet":"max-snippet:-1","max-image-preview":"max-image-preview:large","max-video-preview":"max-video-preview:-1"},"canonical":"https:\/\/www.fuegos.eu\/es\/product\/halterung-fuer-kreidehalter-mit-selbstaufroller\/","og_locale":"es_ES","og_type":"article","og_title":"Halterung f\u00fcr Kreidehalter mit Selbstaufroller &#8226; Fuegos","og_description":"Halterung f\u00fcr Kreidehalter mit 360\u00b0 Selbstaufroller & Kevlarschnur. Kompatibel mit Stihl, Oregon, Lyra, Pica & Grube. Kein Einschneiden, made in Germany.","og_url":"https:\/\/www.fuegos.eu\/es\/product\/halterung-fuer-kreidehalter-mit-selbstaufroller\/","og_site_name":"Fuegos","article_publisher":"https:\/\/www.facebook.com\/FuegosForst\/","article_modified_time":"2025-05-12T08:22:22+00:00","og_image":[{"width":800,"height":800,"url":"https:\/\/www.fuegos.eu\/wp-content\/uploads\/2025\/05\/Halterung-fuer-Kreidehalter-mit-Selbstaufroller_800-min.jpg","type":"image\/jpeg"}],"twitter_card":"summary_large_image","twitter_misc":{"Tiempo de lectura":"2 minutos"},"schema":{"@context":"https:\/\/schema.org","@graph":[{"@type":"WebPage","@id":"https:\/\/www.fuegos.eu\/product\/halterung-fuer-kreidehalter-mit-selbstaufroller\/","url":"https:\/\/www.fuegos.eu\/product\/halterung-fuer-kreidehalter-mit-selbstaufroller\/","name":"Titular de tiza titular con correa retr\u00e1ctil \u2022 Fuegos","isPartOf":{"@id":"https:\/\/www.fuegos.eu\/#website"},"primaryImageOfPage":{"@id":"https:\/\/www.fuegos.eu\/product\/halterung-fuer-kreidehalter-mit-selbstaufroller\/#primaryimage"},"image":{"@id":"https:\/\/www.fuegos.eu\/product\/halterung-fuer-kreidehalter-mit-selbstaufroller\/#primaryimage"},"thumbnailUrl":"https:\/\/www.fuegos.eu\/wp-content\/uploads\/2025\/05\/Halterung-fuer-Kreidehalter-mit-Selbstaufroller_800-min.jpg","datePublished":"2025-05-10T19:58:39+00:00","dateModified":"2025-05-12T08:22:22+00:00","description":"Titular de tiza titular con 360\u00b0 de auto-cilindros &amp; cable de Kevlar. Compatible con Stihl, Oregon, Lyra, Pica &amp; pit. Ninguna Incisi\u00f3n, hecho en Alemania.","breadcrumb":{"@id":"https:\/\/www.fuegos.eu\/product\/halterung-fuer-kreidehalter-mit-selbstaufroller\/#breadcrumb"},"inLanguage":"es","potentialAction":[{"@type":"ReadAction","target":["https:\/\/www.fuegos.eu\/product\/halterung-fuer-kreidehalter-mit-selbstaufroller\/"]}]},{"@type":"ImageObject","inLanguage":"es","@id":"https:\/\/www.fuegos.eu\/product\/halterung-fuer-kreidehalter-mit-selbstaufroller\/#primaryimage","url":"https:\/\/www.fuegos.eu\/wp-content\/uploads\/2025\/05\/Halterung-fuer-Kreidehalter-mit-Selbstaufroller_800-min.jpg","contentUrl":"https:\/\/www.fuegos.eu\/wp-content\/uploads\/2025\/05\/Halterung-fuer-Kreidehalter-mit-Selbstaufroller_800-min.jpg","width":800,"height":800,"caption":"FUEGOS Halterung f\u00fcr Kreidehalter mit drehbarem Selbstaufroller und Kevlarschnur \u2013 kein scharfer Draht, kein Einschneiden ins Material."},{"@type":"BreadcrumbList","@id":"https:\/\/www.fuegos.eu\/product\/halterung-fuer-kreidehalter-mit-selbstaufroller\/#breadcrumb","itemListElement":[{"@type":"ListItem","position":1,"name":"Home","item":"https:\/\/www.fuegos.eu\/"},{"@type":"ListItem","position":2,"name":"Shop","item":"https:\/\/www.fuegos.eu\/forstguertel-taschen-online-kaufen\/"},{"@type":"ListItem","position":3,"name":"Halterung f\u00fcr Kreidehalter mit Selbstaufroller"}]},{"@type":"WebSite","@id":"https:\/\/www.fuegos.eu\/#website","url":"https:\/\/www.fuegos.eu\/","name":"Inicio","description":"Soluciones textiles","publisher":{"@id":"https:\/\/www.fuegos.eu\/#organization"},"potentialAction":[{"@type":"SearchAction","target":{"@type":"EntryPoint","urlTemplate":"https:\/\/www.fuegos.eu\/?s={search_term_string}"},"query-input":{"@type":"PropertyValueSpecification","valueRequired":true,"valueName":"search_term_string"}}],"inLanguage":"es"},{"@type":"Organization","@id":"https:\/\/www.fuegos.eu\/#organization","name":"Inicio","url":"https:\/\/www.fuegos.eu\/","logo":{"@type":"ImageObject","inLanguage":"es","@id":"https:\/\/www.fuegos.eu\/#\/schema\/logo\/image\/","url":"https:\/\/fuegos.eu\/wp-content\/uploads\/2020\/05\/FuegosSignatur000.jpg","contentUrl":"https:\/\/fuegos.eu\/wp-content\/uploads\/2020\/05\/FuegosSignatur000.jpg","width":960,"height":408,"caption":"Fuegos"},"image":{"@id":"https:\/\/www.fuegos.eu\/#\/schema\/logo\/image\/"},"sameAs":["https:\/\/www.facebook.com\/FuegosForst\/","https:\/\/www.youtube.com\/channel\/UC0SFe93Vgi6YZV6tSCOLdkA"]}]}},"_links":{"self":[{"href":"https:\/\/www.fuegos.eu\/es\/wp-json\/wp\/v2\/product\/255926","targetHints":{"allow":["GET"]}}],"collection":[{"href":"https:\/\/www.fuegos.eu\/es\/wp-json\/wp\/v2\/product"}],"about":[{"href":"https:\/\/www.fuegos.eu\/es\/wp-json\/wp\/v2\/types\/product"}],"replies":[{"embeddable":true,"href":"https:\/\/www.fuegos.eu\/es\/wp-json\/wp\/v2\/comments?post=255926"}],"wp:featuredmedia":[{"embeddable":true,"href":"https:\/\/www.fuegos.eu\/es\/wp-json\/wp\/v2\/media\/255927"}],"wp:attachment":[{"href":"https:\/\/www.fuegos.eu\/es\/wp-json\/wp\/v2\/media?parent=255926"}],"wp:term":[{"taxonomy":"product_brand","embeddable":true,"href":"https:\/\/www.fuegos.eu\/es\/wp-json\/wp\/v2\/product_brand?post=255926"},{"taxonomy":"product_cat","embeddable":true,"href":"https:\/\/www.fuegos.eu\/es\/wp-json\/wp\/v2\/product_cat?post=255926"},{"taxonomy":"product_tag","embeddable":true,"href":"https:\/\/www.fuegos.eu\/es\/wp-json\/wp\/v2\/product_tag?post=255926"}],"curies":[{"name":"wp","href":"https:\/\/api.w.org\/{rel}","templated":true}]}}