{"id":255937,"date":"2025-05-11T00:40:04","date_gmt":"2025-05-10T22:40:04","guid":{"rendered":"https:\/\/www.fuegos.eu\/?post_type=product&#038;p=255937"},"modified":"2025-05-11T00:52:31","modified_gmt":"2025-05-10T22:52:31","slug":"halterung-fuer-kreidehalter-ohne-selbstaufroller","status":"publish","type":"product","link":"https:\/\/www.fuegos.eu\/es\/product\/halterung-fuer-kreidehalter-ohne-selbstaufroller\/","title":{"rendered":"Para el titular de la tiza titular, no-auto-carrete"},"content":{"rendered":"<h2 class=\"\" data-start=\"198\" data-end=\"254\"><strong data-start=\"201\" data-end=\"252\">Para el titular de la tiza titular, no-auto-carrete<\/strong><\/h2>\n<p class=\"\" data-start=\"255\" data-end=\"328\">Para todos los que quieren seguir siendo flexible \u2013 o retractor ya tienen.<\/p>\n<p class=\"translation-block\" data-start=\"330\" data-end=\"629\">Este soporte ha sido dise\u00f1ado para usuarios que prefieren prescindir de un enrollador fijo o que ya disponen de un enrollador Fuegos adecuado. <br data-start=\"\u00ab496\u00bb\" data-end=\"\u00ab499\u00bb\">Ofrece el mismo dise\u00f1o ergon\u00f3mico y la misma estructura robusta que el modelo completo, pero se suministra sin retractor.<\/p>\n<p class=\"translation-block\" data-start=\"631\" data-end=\"966\">El soporte est\u00e1 dise\u00f1ado espec\u00edficamente para el <strong data-start=\"\u00ab666\u00bb\" data-end=\"\u00ab699\u00bb\">enrollador autom\u00e1tico Fuegos de Kevlar<\/strong>. Por motivos de seguridad, otros modelos <strong data-start=\"\u201c751\u201d\" data-end=\"\u00ab771\u00bb\">no son compatibles<\/strong>, en particular los enrolladores con abrazaderas met\u00e1licas o de dise\u00f1o r\u00edgido.<br data-start=\"\u00ab843\u00bb\" data-end=\"\u00ab846\u00bb\">Solo con el enrollador original Fuegos se garantiza la movilidad, el retorno y la conexi\u00f3n segura.<\/p>\n<h3 class=\"\" data-start=\"973\" data-end=\"1046\">\u00bfCu\u00e1l es el soporte para la tiza titular, no-auto-retractor se caracteriza<\/h3>\n<p class=\"translation-block\" data-start=\"1047\" data-end=\"1312\">El soporte tiene un dise\u00f1o deliberadamente plano y ajustado al cuerpo, para que no moleste durante el trabajo, no se deslice y se mantenga estable incluso con movimientos amplios. El material utilizado no contiene PVC, es resistente a la abrasi\u00f3n y est\u00e1 dise\u00f1ado para soportar el uso diario en el almac\u00e9n.<\/p>\n<p class=\"translation-block\" data-start=\"1314\" data-end=\"1428\">El soporte est\u00e1 dise\u00f1ado para tizas con un di\u00e1metro de 11-12 mm y funciona con modelos de: <strong data-start=\"\u00ab1432\u00bb\" data-end=\"\u00ab1441\u00bb\">Stihl, <\/strong><strong data-start=\"\u201c1446\u201d\" data-end=\"\u00ab1456\u00bb\">Oregon, <\/strong><strong data-start=\"\u00ab1461\u00bb\" data-end=\"\u00ab1469\u00bb\">Lyra, <\/strong><strong data-start=\"\u00ab1474\u00bb\" data-end=\"\u00ab1482\u00bb\">Pica, <\/strong><strong data-start=\"\u201c1487\u201d\" data-end=\"\u00ab1496\u00bb\">Grube<\/strong><\/p>\n<h3 class=\"\" data-start=\"1503\" data-end=\"1523\">Compatibilidad<\/h3>\n<p class=\"translation-block\" data-start=\"1524\" data-end=\"1779\">\u2714 Compatible con cinturones y sistemas de transporte para el hombro Fuegos<br data-start=\"\u00ab1581\u00bb\" data-end=\"\u00ab1584\u00bb\">\u2714 Acoplable a cinturones de 20, 25 y 30 mm de ancho<br data-start=\"\u201c1629\u201d\" data-end=\"\u00ab1632\u00bb\">\u2714 Fijaci\u00f3n mediante MOLLE o RapidClick<br data-start=\"\u00ab1672\u00bb\" data-end=\"\u00ab1675\u00bb\">\u2714 Disponible para usuarios diestros y zurdos<br data-start=\"\u201c1715\u201d\" data-end=\"\u00ab1718\u00bb\">\u2714 Solo apto para enrolladores autom\u00e1ticos Fuegos, no para modelos de otras marcas<\/p>\n<h3 class=\"\" data-start=\"1786\" data-end=\"1808\">Datos T\u00e9cnicos<\/h3>\n<ul data-start=\"1809\" data-end=\"1981\">\n<li class=\"\" data-start=\"1809\" data-end=\"1830\">\n<p class=\"\" data-start=\"1811\" data-end=\"1830\">Peso: alrededor de 45 g<\/p>\n<\/li>\n<li class=\"\" data-start=\"1831\" data-end=\"1875\">\n<p class=\"\" data-start=\"1833\" data-end=\"1875\">Materiales: libre de PVC, de alto rendimiento de la tela<\/p>\n<\/li>\n<li class=\"\" data-start=\"1876\" data-end=\"1931\">\n<p class=\"\" data-start=\"1878\" data-end=\"1931\">Atenci\u00f3n: se puede limpiar o lavable a m\u00e1quina a 30 \u00b0C<\/p>\n<\/li>\n<li class=\"\" data-start=\"1932\" data-end=\"1962\">\n<p class=\"\" data-start=\"1934\" data-end=\"1962\">Hecho en Alemania<\/p>\n<\/li>\n<li class=\"\" data-start=\"1963\" data-end=\"1981\">\n<p class=\"\" data-start=\"1965\" data-end=\"1981\">4 A\u00f1os De Garant\u00eda<\/p>\n<\/li>\n<\/ul>\n<p class=\"translation-block\" data-start=\"1988\" data-end=\"2124\"><strong data-start=\"\u00ab1988\u00bb\" data-end=\"\u00ab2046\u00bb\"><br>\nSoporte Fuegos para portachalkas sin enrollador autom\u00e1tico<\/strong><br data-start=\"\u201c2046\u201d\" data-end=\"\u00ab2049\u00bb\">Para todos aquellos que desean mantener la flexibilidad o elegir su propio enrollador.<\/p>","protected":false},"excerpt":{"rendered":"<h2 class=\"\" data-start=\"107\" data-end=\"160\"><strong data-start=\"110\" data-end=\"160\">Titular de tiza titular con correa retr\u00e1ctil<\/strong><\/h2>\n<p class=\"translation-block\" data-start=\"162\" data-end=\"274\"><strong data-start=\"\u00ab162\u00bb\" data-end=\"\u00ab178\u00bb\">\u00bfQu\u00e9 es?<\/strong><br data-start=\"\u201c178\u201d\" data-end=\"\u00ab181\u00bb\">Un soporte compacto con enrollador de 360\u00b0, para todos aquellos que quieren marcar y seguir corriendo.<\/p>\n<p class=\"translation-block\" data-start=\"276\" data-end=\"444\"><strong data-start=\"\u00ab276\u00bb\" data-end=\"\u00ab301\u00bb\">\u00bfQu\u00e9 la hace mejor?<\/strong><br data-start=\"\u00ab301\u00bb\" data-end=\"\u00ab304\u00bb\">\u2714 Cord\u00f3n de Kevlar en lugar de alambre: no se clava<br data-start=\"\u201c350\u201d\" data-end=\"\u00ab353\u00bb\">\u2714 Gira con la mano, no se engancha durante el trabajo<br data-start=\"\u00ab399\u00bb\" data-end=\"\u00ab402\u00bb\">\u2714 Corte ajustado al cuerpo, no se engancha<\/p>\n<p class=\"translation-block\" data-start=\"446\" data-end=\"643\"><strong data-start=\"\u00ab446\u00bb\" data-end=\"\u00ab465\u00bb\">\u00bfCompatible con?<\/strong><br data-start=\"\u201c465\u201d\" data-end=\"\u00ab468\u00bb\">Soportes para l\u00e1pices de Stihl, Oregon, Lyra, Pica, Grube, para tizas con un di\u00e1metro de 11-12 mm.<br data-start=\"\u00ab550\u00bb\" data-end=\"\u00ab553\u00bb\">Se adapta a MOLLE, RapidClick y sistemas de correas de Stihl, Husqvarna, Daniel Lorch, Ochsenkopf.<\/p>\n<p class=\"translation-block\" data-start=\"645\" data-end=\"727\"><strong data-start=\"\u00ab645\u00bb\" data-end=\"\u00ab687\u00bb\">Disponible para titulares de derechos y links.<\/strong><br data-start=\"\u201c687\u201d\" data-end=\"\u00ab690\u00bb\">Solo hay que seleccionarlo al realizar el pedido.<\/p>","protected":false},"featured_media":255938,"comment_status":"open","ping_status":"closed","template":"","meta":{"_et_pb_use_builder":"","_et_pb_old_content":"","_et_gb_content_width":""},"product_brand":[],"product_cat":[25,31],"product_tag":[],"class_list":{"0":"post-255937","1":"product","2":"type-product","3":"status-publish","4":"has-post-thumbnail","6":"product_cat-forst","7":"product_cat-forst-taschen-zubehoer","9":"first","10":"instock","11":"taxable","12":"shipping-taxable","13":"purchasable","14":"product-type-simple"},"yoast_head":"<!-- This site is optimized with the Yoast SEO plugin v27.3 - https:\/\/yoast.com\/product\/yoast-seo-wordpress\/ -->\n<title>Halterung f\u00fcr Kreidehalter ohne Selbstaufroller &#8226; Fuegos<\/title>\n<meta name=\"description\" content=\"Halterung f\u00fcr Kreidehalter mit 360\u00b0 Selbstaufroller &amp; Kevlarschnur. Kompatibel mit Stihl, Oregon, Lyra, Pica &amp; Grube. Kein Einschneiden, made in Germany.\" \/>\n<meta name=\"robots\" content=\"index, follow, max-snippet:-1, max-image-preview:large, max-video-preview:-1\" \/>\n<link rel=\"canonical\" href=\"https:\/\/www.fuegos.eu\/es\/product\/halterung-fuer-kreidehalter-ohne-selbstaufroller\/\" \/>\n<meta property=\"og:locale\" content=\"es_ES\" \/>\n<meta property=\"og:type\" content=\"article\" \/>\n<meta property=\"og:title\" content=\"Halterung f\u00fcr Kreidehalter ohne Selbstaufroller &#8226; Fuegos\" \/>\n<meta property=\"og:description\" content=\"Halterung f\u00fcr Kreidehalter mit 360\u00b0 Selbstaufroller &amp; Kevlarschnur. Kompatibel mit Stihl, Oregon, Lyra, Pica &amp; Grube. Kein Einschneiden, made in Germany.\" \/>\n<meta property=\"og:url\" content=\"https:\/\/www.fuegos.eu\/es\/product\/halterung-fuer-kreidehalter-ohne-selbstaufroller\/\" \/>\n<meta property=\"og:site_name\" content=\"Fuegos\" \/>\n<meta property=\"article:publisher\" content=\"https:\/\/www.facebook.com\/FuegosForst\/\" \/>\n<meta property=\"article:modified_time\" content=\"2025-05-10T22:52:31+00:00\" \/>\n<meta property=\"og:image\" content=\"https:\/\/www.fuegos.eu\/wp-content\/uploads\/2025\/05\/Halterung-fuer-Kreidehalter-ohne-Selbstaufroller_800.jpg\" \/>\n\t<meta property=\"og:image:width\" content=\"800\" \/>\n\t<meta property=\"og:image:height\" content=\"800\" \/>\n\t<meta property=\"og:image:type\" content=\"image\/jpeg\" \/>\n<meta name=\"twitter:card\" content=\"summary_large_image\" \/>\n<meta name=\"twitter:label1\" content=\"Tiempo de lectura\" \/>\n\t<meta name=\"twitter:data1\" content=\"1 minuto\" \/>\n<script type=\"application\/ld+json\" class=\"yoast-schema-graph\">{\"@context\":\"https:\\\/\\\/schema.org\",\"@graph\":[{\"@type\":\"WebPage\",\"@id\":\"https:\\\/\\\/www.fuegos.eu\\\/product\\\/halterung-fuer-kreidehalter-ohne-selbstaufroller\\\/\",\"url\":\"https:\\\/\\\/www.fuegos.eu\\\/product\\\/halterung-fuer-kreidehalter-ohne-selbstaufroller\\\/\",\"name\":\"Halterung f\u00fcr Kreidehalter ohne Selbstaufroller &#8226; Fuegos\",\"isPartOf\":{\"@id\":\"https:\\\/\\\/www.fuegos.eu\\\/#website\"},\"primaryImageOfPage\":{\"@id\":\"https:\\\/\\\/www.fuegos.eu\\\/product\\\/halterung-fuer-kreidehalter-ohne-selbstaufroller\\\/#primaryimage\"},\"image\":{\"@id\":\"https:\\\/\\\/www.fuegos.eu\\\/product\\\/halterung-fuer-kreidehalter-ohne-selbstaufroller\\\/#primaryimage\"},\"thumbnailUrl\":\"https:\\\/\\\/www.fuegos.eu\\\/wp-content\\\/uploads\\\/2025\\\/05\\\/Halterung-fuer-Kreidehalter-ohne-Selbstaufroller_800.jpg\",\"datePublished\":\"2025-05-10T22:40:04+00:00\",\"dateModified\":\"2025-05-10T22:52:31+00:00\",\"description\":\"Halterung f\u00fcr Kreidehalter mit 360\u00b0 Selbstaufroller & Kevlarschnur. Kompatibel mit Stihl, Oregon, Lyra, Pica & Grube. Kein Einschneiden, made in Germany.\",\"breadcrumb\":{\"@id\":\"https:\\\/\\\/www.fuegos.eu\\\/product\\\/halterung-fuer-kreidehalter-ohne-selbstaufroller\\\/#breadcrumb\"},\"inLanguage\":\"es\",\"potentialAction\":[{\"@type\":\"ReadAction\",\"target\":[\"https:\\\/\\\/www.fuegos.eu\\\/product\\\/halterung-fuer-kreidehalter-ohne-selbstaufroller\\\/\"]}]},{\"@type\":\"ImageObject\",\"inLanguage\":\"es\",\"@id\":\"https:\\\/\\\/www.fuegos.eu\\\/product\\\/halterung-fuer-kreidehalter-ohne-selbstaufroller\\\/#primaryimage\",\"url\":\"https:\\\/\\\/www.fuegos.eu\\\/wp-content\\\/uploads\\\/2025\\\/05\\\/Halterung-fuer-Kreidehalter-ohne-Selbstaufroller_800.jpg\",\"contentUrl\":\"https:\\\/\\\/www.fuegos.eu\\\/wp-content\\\/uploads\\\/2025\\\/05\\\/Halterung-fuer-Kreidehalter-ohne-Selbstaufroller_800.jpg\",\"width\":800,\"height\":800,\"caption\":\"Halterung f\u00fcr Kreidehalter ohne Selbstaufroller \u2013 ergonomisch geschnitten, kompatibel mit Fuegos-Gurten. Version f\u00fcr Rechts und Links erh\u00e4ltlich.\"},{\"@type\":\"BreadcrumbList\",\"@id\":\"https:\\\/\\\/www.fuegos.eu\\\/product\\\/halterung-fuer-kreidehalter-ohne-selbstaufroller\\\/#breadcrumb\",\"itemListElement\":[{\"@type\":\"ListItem\",\"position\":1,\"name\":\"Home\",\"item\":\"https:\\\/\\\/www.fuegos.eu\\\/\"},{\"@type\":\"ListItem\",\"position\":2,\"name\":\"Shop\",\"item\":\"https:\\\/\\\/www.fuegos.eu\\\/forstguertel-taschen-online-kaufen\\\/\"},{\"@type\":\"ListItem\",\"position\":3,\"name\":\"Halterung f\u00fcr Kreidehalter ohne Selbstaufroller\"}]},{\"@type\":\"WebSite\",\"@id\":\"https:\\\/\\\/www.fuegos.eu\\\/#website\",\"url\":\"https:\\\/\\\/www.fuegos.eu\\\/\",\"name\":\"Fuegos\",\"description\":\"Textile L\u00f6sungen nach Ma\u00df\",\"publisher\":{\"@id\":\"https:\\\/\\\/www.fuegos.eu\\\/#organization\"},\"potentialAction\":[{\"@type\":\"SearchAction\",\"target\":{\"@type\":\"EntryPoint\",\"urlTemplate\":\"https:\\\/\\\/www.fuegos.eu\\\/?s={search_term_string}\"},\"query-input\":{\"@type\":\"PropertyValueSpecification\",\"valueRequired\":true,\"valueName\":\"search_term_string\"}}],\"inLanguage\":\"es\"},{\"@type\":\"Organization\",\"@id\":\"https:\\\/\\\/www.fuegos.eu\\\/#organization\",\"name\":\"Fuegos\",\"url\":\"https:\\\/\\\/www.fuegos.eu\\\/\",\"logo\":{\"@type\":\"ImageObject\",\"inLanguage\":\"es\",\"@id\":\"https:\\\/\\\/www.fuegos.eu\\\/#\\\/schema\\\/logo\\\/image\\\/\",\"url\":\"https:\\\/\\\/fuegos.eu\\\/wp-content\\\/uploads\\\/2020\\\/05\\\/FuegosSignatur000.jpg\",\"contentUrl\":\"https:\\\/\\\/fuegos.eu\\\/wp-content\\\/uploads\\\/2020\\\/05\\\/FuegosSignatur000.jpg\",\"width\":960,\"height\":408,\"caption\":\"Fuegos\"},\"image\":{\"@id\":\"https:\\\/\\\/www.fuegos.eu\\\/#\\\/schema\\\/logo\\\/image\\\/\"},\"sameAs\":[\"https:\\\/\\\/www.facebook.com\\\/FuegosForst\\\/\",\"https:\\\/\\\/www.youtube.com\\\/channel\\\/UC0SFe93Vgi6YZV6tSCOLdkA\"]}]}<\/script>\n<!-- \/ Yoast SEO plugin. -->","yoast_head_json":{"title":"Para el titular de la tiza titular, no auto-retr\u00e1ctil \u2022 Fuegos","description":"Titular de tiza titular con 360\u00b0 de auto-cilindros &amp; cable de Kevlar. Compatible con Stihl, Oregon, Lyra, Pica &amp; pit. Ninguna Incisi\u00f3n, hecho en Alemania.","robots":{"index":"index","follow":"follow","max-snippet":"max-snippet:-1","max-image-preview":"max-image-preview:large","max-video-preview":"max-video-preview:-1"},"canonical":"https:\/\/www.fuegos.eu\/es\/product\/halterung-fuer-kreidehalter-ohne-selbstaufroller\/","og_locale":"es_ES","og_type":"article","og_title":"Halterung f\u00fcr Kreidehalter ohne Selbstaufroller &#8226; Fuegos","og_description":"Halterung f\u00fcr Kreidehalter mit 360\u00b0 Selbstaufroller & Kevlarschnur. Kompatibel mit Stihl, Oregon, Lyra, Pica & Grube. Kein Einschneiden, made in Germany.","og_url":"https:\/\/www.fuegos.eu\/es\/product\/halterung-fuer-kreidehalter-ohne-selbstaufroller\/","og_site_name":"Fuegos","article_publisher":"https:\/\/www.facebook.com\/FuegosForst\/","article_modified_time":"2025-05-10T22:52:31+00:00","og_image":[{"width":800,"height":800,"url":"https:\/\/www.fuegos.eu\/wp-content\/uploads\/2025\/05\/Halterung-fuer-Kreidehalter-ohne-Selbstaufroller_800.jpg","type":"image\/jpeg"}],"twitter_card":"summary_large_image","twitter_misc":{"Tiempo de lectura":"1 minuto"},"schema":{"@context":"https:\/\/schema.org","@graph":[{"@type":"WebPage","@id":"https:\/\/www.fuegos.eu\/product\/halterung-fuer-kreidehalter-ohne-selbstaufroller\/","url":"https:\/\/www.fuegos.eu\/product\/halterung-fuer-kreidehalter-ohne-selbstaufroller\/","name":"Para el titular de la tiza titular, no auto-retr\u00e1ctil \u2022 Fuegos","isPartOf":{"@id":"https:\/\/www.fuegos.eu\/#website"},"primaryImageOfPage":{"@id":"https:\/\/www.fuegos.eu\/product\/halterung-fuer-kreidehalter-ohne-selbstaufroller\/#primaryimage"},"image":{"@id":"https:\/\/www.fuegos.eu\/product\/halterung-fuer-kreidehalter-ohne-selbstaufroller\/#primaryimage"},"thumbnailUrl":"https:\/\/www.fuegos.eu\/wp-content\/uploads\/2025\/05\/Halterung-fuer-Kreidehalter-ohne-Selbstaufroller_800.jpg","datePublished":"2025-05-10T22:40:04+00:00","dateModified":"2025-05-10T22:52:31+00:00","description":"Titular de tiza titular con 360\u00b0 de auto-cilindros &amp; cable de Kevlar. Compatible con Stihl, Oregon, Lyra, Pica &amp; pit. Ninguna Incisi\u00f3n, hecho en Alemania.","breadcrumb":{"@id":"https:\/\/www.fuegos.eu\/product\/halterung-fuer-kreidehalter-ohne-selbstaufroller\/#breadcrumb"},"inLanguage":"es","potentialAction":[{"@type":"ReadAction","target":["https:\/\/www.fuegos.eu\/product\/halterung-fuer-kreidehalter-ohne-selbstaufroller\/"]}]},{"@type":"ImageObject","inLanguage":"es","@id":"https:\/\/www.fuegos.eu\/product\/halterung-fuer-kreidehalter-ohne-selbstaufroller\/#primaryimage","url":"https:\/\/www.fuegos.eu\/wp-content\/uploads\/2025\/05\/Halterung-fuer-Kreidehalter-ohne-Selbstaufroller_800.jpg","contentUrl":"https:\/\/www.fuegos.eu\/wp-content\/uploads\/2025\/05\/Halterung-fuer-Kreidehalter-ohne-Selbstaufroller_800.jpg","width":800,"height":800,"caption":"Halterung f\u00fcr Kreidehalter ohne Selbstaufroller \u2013 ergonomisch geschnitten, kompatibel mit Fuegos-Gurten. Version f\u00fcr Rechts und Links erh\u00e4ltlich."},{"@type":"BreadcrumbList","@id":"https:\/\/www.fuegos.eu\/product\/halterung-fuer-kreidehalter-ohne-selbstaufroller\/#breadcrumb","itemListElement":[{"@type":"ListItem","position":1,"name":"Home","item":"https:\/\/www.fuegos.eu\/"},{"@type":"ListItem","position":2,"name":"Shop","item":"https:\/\/www.fuegos.eu\/forstguertel-taschen-online-kaufen\/"},{"@type":"ListItem","position":3,"name":"Halterung f\u00fcr Kreidehalter ohne Selbstaufroller"}]},{"@type":"WebSite","@id":"https:\/\/www.fuegos.eu\/#website","url":"https:\/\/www.fuegos.eu\/","name":"Inicio","description":"Soluciones textiles","publisher":{"@id":"https:\/\/www.fuegos.eu\/#organization"},"potentialAction":[{"@type":"SearchAction","target":{"@type":"EntryPoint","urlTemplate":"https:\/\/www.fuegos.eu\/?s={search_term_string}"},"query-input":{"@type":"PropertyValueSpecification","valueRequired":true,"valueName":"search_term_string"}}],"inLanguage":"es"},{"@type":"Organization","@id":"https:\/\/www.fuegos.eu\/#organization","name":"Inicio","url":"https:\/\/www.fuegos.eu\/","logo":{"@type":"ImageObject","inLanguage":"es","@id":"https:\/\/www.fuegos.eu\/#\/schema\/logo\/image\/","url":"https:\/\/fuegos.eu\/wp-content\/uploads\/2020\/05\/FuegosSignatur000.jpg","contentUrl":"https:\/\/fuegos.eu\/wp-content\/uploads\/2020\/05\/FuegosSignatur000.jpg","width":960,"height":408,"caption":"Fuegos"},"image":{"@id":"https:\/\/www.fuegos.eu\/#\/schema\/logo\/image\/"},"sameAs":["https:\/\/www.facebook.com\/FuegosForst\/","https:\/\/www.youtube.com\/channel\/UC0SFe93Vgi6YZV6tSCOLdkA"]}]}},"_links":{"self":[{"href":"https:\/\/www.fuegos.eu\/es\/wp-json\/wp\/v2\/product\/255937","targetHints":{"allow":["GET"]}}],"collection":[{"href":"https:\/\/www.fuegos.eu\/es\/wp-json\/wp\/v2\/product"}],"about":[{"href":"https:\/\/www.fuegos.eu\/es\/wp-json\/wp\/v2\/types\/product"}],"replies":[{"embeddable":true,"href":"https:\/\/www.fuegos.eu\/es\/wp-json\/wp\/v2\/comments?post=255937"}],"wp:featuredmedia":[{"embeddable":true,"href":"https:\/\/www.fuegos.eu\/es\/wp-json\/wp\/v2\/media\/255938"}],"wp:attachment":[{"href":"https:\/\/www.fuegos.eu\/es\/wp-json\/wp\/v2\/media?parent=255937"}],"wp:term":[{"taxonomy":"product_brand","embeddable":true,"href":"https:\/\/www.fuegos.eu\/es\/wp-json\/wp\/v2\/product_brand?post=255937"},{"taxonomy":"product_cat","embeddable":true,"href":"https:\/\/www.fuegos.eu\/es\/wp-json\/wp\/v2\/product_cat?post=255937"},{"taxonomy":"product_tag","embeddable":true,"href":"https:\/\/www.fuegos.eu\/es\/wp-json\/wp\/v2\/product_tag?post=255937"}],"curies":[{"name":"wp","href":"https:\/\/api.w.org\/{rel}","templated":true}]}}