{"id":256239,"date":"2025-06-07T18:21:41","date_gmt":"2025-06-07T16:21:41","guid":{"rendered":"https:\/\/www.fuegos.eu\/?post_type=product&#038;p=256239"},"modified":"2025-06-07T19:13:25","modified_gmt":"2025-06-07T17:13:25","slug":"kombi-holster-fuer-packzange-packhaken","status":"publish","type":"product","link":"https:\/\/www.fuegos.eu\/es\/product\/kombi-holster-fuer-packzange-packhaken\/","title":{"rendered":"Combo Funda para el pack de pinzas &amp; pack de gancho"},"content":{"rendered":"<h2 data-start=\"0\" data-end=\"44\">Combo Funda para el pack de pinzas &amp; pack de gancho<\/h2>\n<p data-start=\"46\" data-end=\"369\" class=\"translation-block\"><strong data-start=\"46\" data-end=\"115\">Das ultraflache Profi-Holster mit modularer Kreidehalter-Aufnahme<\/strong><br data-start=\"115\" data-end=\"118\">Unser Fuegos Kombi-Holster f\u00fcr Packzange und Packhaken kombiniert durchdachte Ergonomie mit maximaler Flexibilit\u00e4t. Es richtet sich an Profis, die schnell zwischen verschiedenen Werkzeugen wechseln m\u00fcssen und dabei keine Kompromisse eingehen wollen.<\/p>\n<h3 data-start=\"371\" data-end=\"397\">Problema \/ Dolor En El Punto De<\/h3>\n<p data-start=\"398\" data-end=\"806\">Muchos de la Funda en el mercado est\u00e1n dise\u00f1ados r\u00edgido y ofrecer s\u00f3lo una o dos herramientas de espacio. Pack de pinzas y pack gancho de deslizamiento, charlando, o en un espacio confinado quedar atrapados. Una tiza debe estar en el cintur\u00f3n de herramientas est\u00e1 guardado, \u00bfcu\u00e1l es el costo de r\u00e1pidos procesos de trabajo, el tiempo y los nervios. Adem\u00e1s, una menos flexible Funda son a menudo innecesarios espacio y restringe la libertad de movimiento.<\/p>\n<h3 data-start=\"808\" data-end=\"835\">De Soluci\u00f3n Y Beneficios De La Parte Superior<\/h3>\n<p data-start=\"836\" data-end=\"1348\">Con nuestro multi-Funda de resolver estos problemas de un plumazo. La precisi\u00f3n del corte, bolsillos abiertos proporcionan un Agarre firme para un paquete de pinzas y el paquete de gancho sin la herramienta de deslizamiento cuando caminar o Agacharse a cabo. Un built-in de la abrazadera de bucle utiliza el Est\u00e1ndar de la tiza titular con un di\u00e1metro de 11 a 12 mm en cuesti\u00f3n de segundos. Su tiza estar\u00e1 listo para manejar. Gracias a el delgado perfil de la Funda se encuentra cerca del muslo, y tampoco interfiere con la Subida de escaleras, incluso cuando el Rastreo en cajas apiladas.<\/p>\n<ul data-start=\"1350\" data-end=\"1638\">\n<li data-start=\"1350\" data-end=\"1400\">\n<p data-start=\"1352\" data-end=\"1400\">La forma de la estabilidad de los compartimentos para los alicates y el paquete de gancho<\/p>\n<\/li>\n<li data-start=\"1401\" data-end=\"1487\">\n<p data-start=\"1403\" data-end=\"1487\">Modular de Clip Adaptador est\u00e1ndar de tiza titular (Stihl, Oregon, Lyra, Pica, pozo)<\/p>\n<\/li>\n<li data-start=\"1488\" data-end=\"1557\">\n<p data-start=\"1490\" data-end=\"1557\">Cierre de ajuste, de Dise\u00f1o ergon\u00f3mico para una total libertad de movimiento<\/p>\n<\/li>\n<li data-start=\"1558\" data-end=\"1638\">\n<p data-start=\"1560\" data-end=\"1638\">Extremadamente ligero, libre de PVC, Material de Cordura, resistente a la intemperie y resistente a la abrasi\u00f3n<\/p>\n<\/li>\n<\/ul>\n<h3 data-start=\"1640\" data-end=\"1668\">Funci\u00f3n y aplicaci\u00f3n de<\/h3>\n<p data-start=\"1669\" data-end=\"2041\">Puede hacer clic en la Funda, simplemente, por el r\u00e1pido clic de los Fuegos-correa (o de otras marcas, como Stihl, al Norte del bosque, Husqvarna, buey-cabeza profesional). A continuaci\u00f3n, poner Su paquete de pinzas o ganchos en los bolsillos de siempre. Si es necesario, el Clip est\u00e1 atascado en la tiza titular para ser confiable. Las herramientas que se almacenen siempre de una manera segura y r\u00e1pida.<\/p>\n<h3 data-start=\"2043\" data-end=\"2065\">Datos T\u00e9cnicos<\/h3>\n<p data-start=\"2066\" data-end=\"2338\" class=\"translation-block\">Material: Hochleistungs-Cordura (PVC-frei)<br data-start=\"2108\" data-end=\"2111\">Gewicht: ca. 60 g<br data-start=\"2128\" data-end=\"2131\">Kreidehalter-Aufnahme: \u00d8 11\u201312 mm<br data-start=\"2164\" data-end=\"2167\">Befestigung: RapidClick, kompatibel mit bis 50 mm Gurtbreite<br data-start=\"2237\" data-end=\"2240\">Pflege: Abwischbar oder Maschinenw\u00e4sche bei 30 \u00b0C<br data-start=\"2289\" data-end=\"2292\">Hergestellt in Deutschland, 4 Jahre Garantie<\/p>\n<h3 data-start=\"2340\" data-end=\"2373\">Por Qu\u00e9 Fuegos Combo Funda?<\/h3>\n<p data-start=\"2374\" data-end=\"2663\">Con los Fuegos combo Funda, Se obtiene una herramienta de Gesti\u00f3n es tan dif\u00edcil como Usted. Usted puede ahorrar tiempo, reducir los movimientos de b\u00fasqueda y de trabajo m\u00e1s seguro. Si para los profesionales del sector forestal o Hobby Su Configuraci\u00f3n sigue siendo delgado, r\u00e1pido y perfectamente organizado.<\/p>\n<p data-start=\"2665\" data-end=\"2789\" data-is-last-node=\"\" data-is-only-node=\"\">Obtener los Fuegos combo Funda para el pack de pinzas &amp; pack de gancho y de la experiencia, de c\u00f3mo Trabajar de manera eficiente que funciona para usted ahora.<\/p>","protected":false},"excerpt":{"rendered":"<h2 class=\"\" data-start=\"107\" data-end=\"160\">Combo Funda para el pack de pinzas &amp; pack de gancho<\/h2>\n<p data-start=\"41\" data-end=\"199\" class=\"translation-block\"><strong>Was ist das?<\/strong><br data-start=\"53\" data-end=\"56\">Ein ultraleichtes Profi-Holster, das Packzange und Packhaken sicher und formstabil aufnimmt \u2013 plus modularer Clip-Slot f\u00fcr deinen Kreidehalter.<\/p>\n<p data-start=\"201\" data-end=\"559\" class=\"translation-block\"><strong>Was macht es besser?<\/strong><br data-start=\"221\" data-end=\"224\">\u2714 Formstabile, offene Taschen \u2013 keine verrutschenden oder klappernden Werkzeuge<br data-start=\"303\" data-end=\"306\">\u2714 Modularer Kreidehalter-Clip (\u00d8 11\u201312 mm) \u2013 sekundenschnell montiert, immer griffbereit<br data-start=\"394\" data-end=\"397\">\u2714 Flaches, k\u00f6rpernahes Design \u2013 kein H\u00e4ngenbleiben, volle Bewegungsfreiheit<br data-start=\"472\" data-end=\"475\">\u2714 Abriebfestes, PVC-freies Cordura \u2013 federleicht, wetterbest\u00e4ndig und pflegeleicht<\/p>\n<p data-start=\"561\" data-end=\"799\" class=\"translation-block\"><strong>Kompatibel mit?<\/strong><br data-start=\"576\" data-end=\"579\">Packzangen und Packhaken aller g\u00e4ngigen Hersteller.<br data-start=\"630\" data-end=\"633\">Kreidehaltern von Stihl, Oregon, Lyra, Pica, Grube (\u00d8 11\u201312 mm).<br data-start=\"697\" data-end=\"700\">Befestigung an MOLLE, RapidClick und Fuegos-G\u00fcrteln oder Schultertragesystemen (20 \/ 25 \/ 30 mm).<\/p>\n<p data-start=\"801\" data-end=\"876\" data-is-last-node=\"\" data-is-only-node=\"\">Para izquierda y derecha-disponible \u2013 s\u00f3lo tiene que especificar al hacer el pedido.<\/p>","protected":false},"featured_media":256249,"comment_status":"open","ping_status":"closed","template":"","meta":{"_et_pb_use_builder":"","_et_pb_old_content":"","_et_gb_content_width":""},"product_brand":[],"product_cat":[25,31],"product_tag":[],"class_list":{"0":"post-256239","1":"product","2":"type-product","3":"status-publish","4":"has-post-thumbnail","6":"product_cat-forst","7":"product_cat-forst-taschen-zubehoer","9":"first","10":"instock","11":"taxable","12":"shipping-taxable","13":"purchasable","14":"product-type-simple"},"yoast_head":"<!-- This site is optimized with the Yoast SEO plugin v27.3 - https:\/\/yoast.com\/product\/yoast-seo-wordpress\/ -->\n<title>Kombi-Holster f\u00fcr Packzange &amp; Packhaken &#8226; Fuegos<\/title>\n<meta name=\"description\" content=\"Halterung f\u00fcr Kreidehalter mit 360\u00b0 Selbstaufroller &amp; Kevlarschnur. Kompatibel mit Stihl, Oregon, Lyra, Pica &amp; Grube. Kein Einschneiden, made in Germany.\" \/>\n<meta name=\"robots\" content=\"index, follow, max-snippet:-1, max-image-preview:large, max-video-preview:-1\" \/>\n<link rel=\"canonical\" href=\"https:\/\/www.fuegos.eu\/es\/product\/kombi-holster-fuer-packzange-packhaken\/\" \/>\n<meta property=\"og:locale\" content=\"es_ES\" \/>\n<meta property=\"og:type\" content=\"article\" \/>\n<meta property=\"og:title\" content=\"Kombi-Holster f\u00fcr Packzange &amp; Packhaken &#8226; Fuegos\" \/>\n<meta property=\"og:description\" content=\"Halterung f\u00fcr Kreidehalter mit 360\u00b0 Selbstaufroller &amp; Kevlarschnur. Kompatibel mit Stihl, Oregon, Lyra, Pica &amp; Grube. Kein Einschneiden, made in Germany.\" \/>\n<meta property=\"og:url\" content=\"https:\/\/www.fuegos.eu\/es\/product\/kombi-holster-fuer-packzange-packhaken\/\" \/>\n<meta property=\"og:site_name\" content=\"Fuegos\" \/>\n<meta property=\"article:publisher\" content=\"https:\/\/www.facebook.com\/FuegosForst\/\" \/>\n<meta property=\"article:modified_time\" content=\"2025-06-07T17:13:25+00:00\" \/>\n<meta property=\"og:image\" content=\"https:\/\/www.fuegos.eu\/wp-content\/uploads\/2025\/06\/Kombi-Holster-fuer-Packzange-Packhaken-1.jpg\" \/>\n\t<meta property=\"og:image:width\" content=\"800\" \/>\n\t<meta property=\"og:image:height\" content=\"800\" \/>\n\t<meta property=\"og:image:type\" content=\"image\/jpeg\" \/>\n<meta name=\"twitter:card\" content=\"summary_large_image\" \/>\n<meta name=\"twitter:label1\" content=\"Tiempo de lectura\" \/>\n\t<meta name=\"twitter:data1\" content=\"2 minutos\" \/>\n<script type=\"application\/ld+json\" class=\"yoast-schema-graph\">{\"@context\":\"https:\\\/\\\/schema.org\",\"@graph\":[{\"@type\":\"WebPage\",\"@id\":\"https:\\\/\\\/www.fuegos.eu\\\/product\\\/kombi-holster-fuer-packzange-packhaken\\\/\",\"url\":\"https:\\\/\\\/www.fuegos.eu\\\/product\\\/kombi-holster-fuer-packzange-packhaken\\\/\",\"name\":\"Kombi-Holster f\u00fcr Packzange & Packhaken &#8226; Fuegos\",\"isPartOf\":{\"@id\":\"https:\\\/\\\/www.fuegos.eu\\\/#website\"},\"primaryImageOfPage\":{\"@id\":\"https:\\\/\\\/www.fuegos.eu\\\/product\\\/kombi-holster-fuer-packzange-packhaken\\\/#primaryimage\"},\"image\":{\"@id\":\"https:\\\/\\\/www.fuegos.eu\\\/product\\\/kombi-holster-fuer-packzange-packhaken\\\/#primaryimage\"},\"thumbnailUrl\":\"https:\\\/\\\/www.fuegos.eu\\\/wp-content\\\/uploads\\\/2025\\\/06\\\/Kombi-Holster-fuer-Packzange-Packhaken-1.jpg\",\"datePublished\":\"2025-06-07T16:21:41+00:00\",\"dateModified\":\"2025-06-07T17:13:25+00:00\",\"description\":\"Halterung f\u00fcr Kreidehalter mit 360\u00b0 Selbstaufroller & Kevlarschnur. Kompatibel mit Stihl, Oregon, Lyra, Pica & Grube. Kein Einschneiden, made in Germany.\",\"breadcrumb\":{\"@id\":\"https:\\\/\\\/www.fuegos.eu\\\/product\\\/kombi-holster-fuer-packzange-packhaken\\\/#breadcrumb\"},\"inLanguage\":\"es\",\"potentialAction\":[{\"@type\":\"ReadAction\",\"target\":[\"https:\\\/\\\/www.fuegos.eu\\\/product\\\/kombi-holster-fuer-packzange-packhaken\\\/\"]}]},{\"@type\":\"ImageObject\",\"inLanguage\":\"es\",\"@id\":\"https:\\\/\\\/www.fuegos.eu\\\/product\\\/kombi-holster-fuer-packzange-packhaken\\\/#primaryimage\",\"url\":\"https:\\\/\\\/www.fuegos.eu\\\/wp-content\\\/uploads\\\/2025\\\/06\\\/Kombi-Holster-fuer-Packzange-Packhaken-1.jpg\",\"contentUrl\":\"https:\\\/\\\/www.fuegos.eu\\\/wp-content\\\/uploads\\\/2025\\\/06\\\/Kombi-Holster-fuer-Packzange-Packhaken-1.jpg\",\"width\":800,\"height\":800,\"caption\":\"Ultraleichtes Profi-Holster mit formstabilen Taschen f\u00fcr Packzange und Packhaken\"},{\"@type\":\"BreadcrumbList\",\"@id\":\"https:\\\/\\\/www.fuegos.eu\\\/product\\\/kombi-holster-fuer-packzange-packhaken\\\/#breadcrumb\",\"itemListElement\":[{\"@type\":\"ListItem\",\"position\":1,\"name\":\"Home\",\"item\":\"https:\\\/\\\/www.fuegos.eu\\\/\"},{\"@type\":\"ListItem\",\"position\":2,\"name\":\"Shop\",\"item\":\"https:\\\/\\\/www.fuegos.eu\\\/forstguertel-taschen-online-kaufen\\\/\"},{\"@type\":\"ListItem\",\"position\":3,\"name\":\"Kombi-Holster f\u00fcr Packzange &#038; Packhaken\"}]},{\"@type\":\"WebSite\",\"@id\":\"https:\\\/\\\/www.fuegos.eu\\\/#website\",\"url\":\"https:\\\/\\\/www.fuegos.eu\\\/\",\"name\":\"Fuegos\",\"description\":\"Textile L\u00f6sungen nach Ma\u00df\",\"publisher\":{\"@id\":\"https:\\\/\\\/www.fuegos.eu\\\/#organization\"},\"potentialAction\":[{\"@type\":\"SearchAction\",\"target\":{\"@type\":\"EntryPoint\",\"urlTemplate\":\"https:\\\/\\\/www.fuegos.eu\\\/?s={search_term_string}\"},\"query-input\":{\"@type\":\"PropertyValueSpecification\",\"valueRequired\":true,\"valueName\":\"search_term_string\"}}],\"inLanguage\":\"es\"},{\"@type\":\"Organization\",\"@id\":\"https:\\\/\\\/www.fuegos.eu\\\/#organization\",\"name\":\"Fuegos\",\"url\":\"https:\\\/\\\/www.fuegos.eu\\\/\",\"logo\":{\"@type\":\"ImageObject\",\"inLanguage\":\"es\",\"@id\":\"https:\\\/\\\/www.fuegos.eu\\\/#\\\/schema\\\/logo\\\/image\\\/\",\"url\":\"https:\\\/\\\/fuegos.eu\\\/wp-content\\\/uploads\\\/2020\\\/05\\\/FuegosSignatur000.jpg\",\"contentUrl\":\"https:\\\/\\\/fuegos.eu\\\/wp-content\\\/uploads\\\/2020\\\/05\\\/FuegosSignatur000.jpg\",\"width\":960,\"height\":408,\"caption\":\"Fuegos\"},\"image\":{\"@id\":\"https:\\\/\\\/www.fuegos.eu\\\/#\\\/schema\\\/logo\\\/image\\\/\"},\"sameAs\":[\"https:\\\/\\\/www.facebook.com\\\/FuegosForst\\\/\",\"https:\\\/\\\/www.youtube.com\\\/channel\\\/UC0SFe93Vgi6YZV6tSCOLdkA\"]}]}<\/script>\n<!-- \/ Yoast SEO plugin. -->","yoast_head_json":{"title":"Combo Funda para el pack de pinzas &amp; pack de gancho \u2022 Fuegos","description":"Titular de tiza titular con 360\u00b0 de auto-cilindros &amp; cable de Kevlar. Compatible con Stihl, Oregon, Lyra, Pica &amp; pit. Ninguna Incisi\u00f3n, hecho en Alemania.","robots":{"index":"index","follow":"follow","max-snippet":"max-snippet:-1","max-image-preview":"max-image-preview:large","max-video-preview":"max-video-preview:-1"},"canonical":"https:\/\/www.fuegos.eu\/es\/product\/kombi-holster-fuer-packzange-packhaken\/","og_locale":"es_ES","og_type":"article","og_title":"Kombi-Holster f\u00fcr Packzange & Packhaken &#8226; Fuegos","og_description":"Halterung f\u00fcr Kreidehalter mit 360\u00b0 Selbstaufroller & Kevlarschnur. Kompatibel mit Stihl, Oregon, Lyra, Pica & Grube. Kein Einschneiden, made in Germany.","og_url":"https:\/\/www.fuegos.eu\/es\/product\/kombi-holster-fuer-packzange-packhaken\/","og_site_name":"Fuegos","article_publisher":"https:\/\/www.facebook.com\/FuegosForst\/","article_modified_time":"2025-06-07T17:13:25+00:00","og_image":[{"width":800,"height":800,"url":"https:\/\/www.fuegos.eu\/wp-content\/uploads\/2025\/06\/Kombi-Holster-fuer-Packzange-Packhaken-1.jpg","type":"image\/jpeg"}],"twitter_card":"summary_large_image","twitter_misc":{"Tiempo de lectura":"2 minutos"},"schema":{"@context":"https:\/\/schema.org","@graph":[{"@type":"WebPage","@id":"https:\/\/www.fuegos.eu\/product\/kombi-holster-fuer-packzange-packhaken\/","url":"https:\/\/www.fuegos.eu\/product\/kombi-holster-fuer-packzange-packhaken\/","name":"Combo Funda para el pack de pinzas &amp; pack de gancho \u2022 Fuegos","isPartOf":{"@id":"https:\/\/www.fuegos.eu\/#website"},"primaryImageOfPage":{"@id":"https:\/\/www.fuegos.eu\/product\/kombi-holster-fuer-packzange-packhaken\/#primaryimage"},"image":{"@id":"https:\/\/www.fuegos.eu\/product\/kombi-holster-fuer-packzange-packhaken\/#primaryimage"},"thumbnailUrl":"https:\/\/www.fuegos.eu\/wp-content\/uploads\/2025\/06\/Kombi-Holster-fuer-Packzange-Packhaken-1.jpg","datePublished":"2025-06-07T16:21:41+00:00","dateModified":"2025-06-07T17:13:25+00:00","description":"Titular de tiza titular con 360\u00b0 de auto-cilindros &amp; cable de Kevlar. Compatible con Stihl, Oregon, Lyra, Pica &amp; pit. Ninguna Incisi\u00f3n, hecho en Alemania.","breadcrumb":{"@id":"https:\/\/www.fuegos.eu\/product\/kombi-holster-fuer-packzange-packhaken\/#breadcrumb"},"inLanguage":"es","potentialAction":[{"@type":"ReadAction","target":["https:\/\/www.fuegos.eu\/product\/kombi-holster-fuer-packzange-packhaken\/"]}]},{"@type":"ImageObject","inLanguage":"es","@id":"https:\/\/www.fuegos.eu\/product\/kombi-holster-fuer-packzange-packhaken\/#primaryimage","url":"https:\/\/www.fuegos.eu\/wp-content\/uploads\/2025\/06\/Kombi-Holster-fuer-Packzange-Packhaken-1.jpg","contentUrl":"https:\/\/www.fuegos.eu\/wp-content\/uploads\/2025\/06\/Kombi-Holster-fuer-Packzange-Packhaken-1.jpg","width":800,"height":800,"caption":"Ultraleichtes Profi-Holster mit formstabilen Taschen f\u00fcr Packzange und Packhaken"},{"@type":"BreadcrumbList","@id":"https:\/\/www.fuegos.eu\/product\/kombi-holster-fuer-packzange-packhaken\/#breadcrumb","itemListElement":[{"@type":"ListItem","position":1,"name":"Home","item":"https:\/\/www.fuegos.eu\/"},{"@type":"ListItem","position":2,"name":"Shop","item":"https:\/\/www.fuegos.eu\/forstguertel-taschen-online-kaufen\/"},{"@type":"ListItem","position":3,"name":"Kombi-Holster f\u00fcr Packzange &#038; Packhaken"}]},{"@type":"WebSite","@id":"https:\/\/www.fuegos.eu\/#website","url":"https:\/\/www.fuegos.eu\/","name":"Inicio","description":"Soluciones textiles","publisher":{"@id":"https:\/\/www.fuegos.eu\/#organization"},"potentialAction":[{"@type":"SearchAction","target":{"@type":"EntryPoint","urlTemplate":"https:\/\/www.fuegos.eu\/?s={search_term_string}"},"query-input":{"@type":"PropertyValueSpecification","valueRequired":true,"valueName":"search_term_string"}}],"inLanguage":"es"},{"@type":"Organization","@id":"https:\/\/www.fuegos.eu\/#organization","name":"Inicio","url":"https:\/\/www.fuegos.eu\/","logo":{"@type":"ImageObject","inLanguage":"es","@id":"https:\/\/www.fuegos.eu\/#\/schema\/logo\/image\/","url":"https:\/\/fuegos.eu\/wp-content\/uploads\/2020\/05\/FuegosSignatur000.jpg","contentUrl":"https:\/\/fuegos.eu\/wp-content\/uploads\/2020\/05\/FuegosSignatur000.jpg","width":960,"height":408,"caption":"Fuegos"},"image":{"@id":"https:\/\/www.fuegos.eu\/#\/schema\/logo\/image\/"},"sameAs":["https:\/\/www.facebook.com\/FuegosForst\/","https:\/\/www.youtube.com\/channel\/UC0SFe93Vgi6YZV6tSCOLdkA"]}]}},"_links":{"self":[{"href":"https:\/\/www.fuegos.eu\/es\/wp-json\/wp\/v2\/product\/256239","targetHints":{"allow":["GET"]}}],"collection":[{"href":"https:\/\/www.fuegos.eu\/es\/wp-json\/wp\/v2\/product"}],"about":[{"href":"https:\/\/www.fuegos.eu\/es\/wp-json\/wp\/v2\/types\/product"}],"replies":[{"embeddable":true,"href":"https:\/\/www.fuegos.eu\/es\/wp-json\/wp\/v2\/comments?post=256239"}],"wp:featuredmedia":[{"embeddable":true,"href":"https:\/\/www.fuegos.eu\/es\/wp-json\/wp\/v2\/media\/256249"}],"wp:attachment":[{"href":"https:\/\/www.fuegos.eu\/es\/wp-json\/wp\/v2\/media?parent=256239"}],"wp:term":[{"taxonomy":"product_brand","embeddable":true,"href":"https:\/\/www.fuegos.eu\/es\/wp-json\/wp\/v2\/product_brand?post=256239"},{"taxonomy":"product_cat","embeddable":true,"href":"https:\/\/www.fuegos.eu\/es\/wp-json\/wp\/v2\/product_cat?post=256239"},{"taxonomy":"product_tag","embeddable":true,"href":"https:\/\/www.fuegos.eu\/es\/wp-json\/wp\/v2\/product_tag?post=256239"}],"curies":[{"name":"wp","href":"https:\/\/api.w.org\/{rel}","templated":true}]}}