{"id":1272,"date":"2020-04-27T03:48:07","date_gmt":"2020-04-27T01:48:07","guid":{"rendered":"https:\/\/www.fuegos.eu\/?post_type=product&#038;p=1272"},"modified":"2024-12-19T18:08:57","modified_gmt":"2024-12-19T17:08:57","slug":"messkluppenhalterung_neigungswinkel-verstellbar","status":"publish","type":"product","link":"https:\/\/www.fuegos.eu\/fr\/product\/messkluppenhalterung_neigungswinkel-verstellbar\/","title":{"rendered":"Messkluppenhalter \u2022 Inclinaison r\u00e9glable \u2022 Forstg\u00fcrtel"},"content":{"rendered":"<h3><strong>Br\u00e8ve description:<\/strong><\/h3>\n<p>Messkluppenhalterung pour la Sylviculture. Triple r\u00e9glables en Inclinaison. Support pour diff\u00e9rents Messkluppen, de Tailles et de Longueurs. Diff\u00e9rents Mod\u00e8les pour les Liens et les Droitiers. Compatible avec diff\u00e9rents Forstg\u00fcrteln et Werkzeugg\u00fcrteln pour les Forestiers et Sylviculteurs.<\/p>\n<p>&nbsp;<\/p>\n<h3><strong>L&#039;Id\u00e9e de Fuegos Messkluppenhalters: <\/strong><\/h3>\n<p>Fuegos propose des nouveaut\u00e9s pour la sylviculture. Le travail en for\u00eat exige de nouvelles approches. Diff\u00e9rents compas de mesure sont utilis\u00e9s pour mesurer les troncs d'arbres. Ces compas de mesure ont g\u00e9n\u00e9ralement des longueurs diff\u00e9rentes. Les plus longs peuvent rapidement racler le sol lorsque l'on s'agenouille. Un r\u00e9glage de l'angle permet de r\u00e9soudre ce probl\u00e8me. Les \u00e9quipements forestiers sont individuels. Nous en sommes conscients gr\u00e2ce \u00e0 nos \u00e9tudes et \u00e0 nos demandes aupr\u00e8s de forestiers et de sylviculteurs dans toute l'Allemagne. Tout le monde ne porte pas le m\u00eame \u00e9quipement forestier de la m\u00eame mani\u00e8re. C'est pourquoi nous proposons des supports de compas de mesure pour droitiers et gauchers.<\/p>\n<p>&nbsp;<\/p>\n<h3><strong>Notre Support pour Messkluppen<\/strong><\/h3>\n<h4><strong> Fonction : <\/strong><\/h4>\n<p>Le support pour m\u00e8tre forestier de Fuegos pour les sylviculteurs et les ma\u00eetres forestiers. Confort pour l'utilisateur. Le support pour m\u00e8tre forestier est r\u00e9glable en angle. L'angle peut \u00eatre r\u00e9gl\u00e9 individuellement selon les besoins. Trois r\u00e9glages diff\u00e9rents sont disponibles \u00e0 cet effet. L'ouverture sup\u00e9rieure fixe facilite l'insertion et le retrait du m\u00e8tre forestier.<\/p>\n<h4><strong>Mat\u00e9riau :<\/strong><\/h4>\n<p>Le Mat\u00e9riau du Support pour les For\u00eats<strong>Messkluppenhalter<\/strong> se compose de <strong>r\u00e9sistant \u00e0 l&#039;abrasion et high-tech Polymerleder<\/strong>. Le haut-Sangles sont r\u00e9sistant \u00e0 l&#039;usure. Cela permet de la maintenir \u00e9lev\u00e9e \u00e0 l&#039;Abrasion et \u00e0 la Charge d&#039;un etat. Le Choix des Mat\u00e9riaux vise \u00e0 une longue dur\u00e9e de Vie des Produits.<\/p>\n<h4><strong>Avantages :<\/strong><\/h4>\n<ul>\n<li class=\"translation-block\">Fuegos est synonyme d'innovation dans chaque couture. C'est pourquoi nous offrons une garantie de quatre ans sur nos produits Made by Fuegos.<\/li>\n<li>Compatible avec diff\u00e9rents Forstg\u00fcrtel &amp; Ceinture porte-outils.<\/li>\n<li><b>Inclinable<\/b>. Ceci individuel personnalisable \u00e0 Volont\u00e9.<\/li>\n<li>Ex\u00e9cution de Gauche pour les Droitiers disponible.<\/li>\n<li>La Messkluppenhalter est de Qualit\u00e9 <strong>Made in Germany<\/strong>.<\/li>\n<\/ul>\n<p>&nbsp;<\/p>\n<h3><strong>Donn\u00e9es techniques<\/strong><\/h3>\n<h4><strong>S\u00e9rie: <\/strong><\/h4>\n<p>MKH001<\/p>\n<h4><strong> Forme:<\/strong><\/h4>\n<p>La forme conique.<\/p>\n<h4><strong>Taille:<\/strong><\/h4>\n<p>Largeur moyenne: 10 cm<br \/>\nLongueur: 25 cm<\/p>\n<h4><strong>Mat\u00e9riau<\/strong>:<\/h4>\n<p>R\u00e9sistant \u00c0 L&#039;Abrasion High-Tech Polymerlederimitat.<\/p>\n<h4><strong>Poids :<\/strong><\/h4>\n<p>L\u00e9g\u00e8re 135g.<\/p>\n<h4><strong>Pays d'origine :<\/strong><\/h4>\n<p>Allemagne.<\/p>\n<h4><strong>Utilisation :<\/strong><\/h4>\n<p>Messkluppen.<\/p>\n<p>&nbsp;<\/p>\n<h3><strong>domaine d'utilisation<\/strong><strong>:<\/strong><\/h3>\n<p>Les Messkluppenhalter pour Messkluppen de Fuegos font partie Int\u00e9grante des personnels Forstausr\u00fcstung. Les prend en charge le Support de Travail. Et vise \u00e0 augmenter le Confort.<br \/>\n<strong>IMPORTANT:<\/strong><\/p>\n<ul>\n<li>Les Angles ne peuvent simplement pas \u00eatre r\u00e9gl\u00e9e. Cela doit accidentelle du R\u00e9glage de pr\u00e9vention.<\/li>\n<\/ul>\n<p>&nbsp;<\/p>\n<h3>Recommandation pour une compl\u00e8te Forstausr\u00fcstung<\/h3>\n<p>L&#039; <strong>Messkluppenhalter<\/strong> est un \u00e9l\u00e9ment indispensable d&#039;une int\u00e9grale de Forstausr\u00fcstung et prend en charge pr\u00e9cis Messarbeiten dans la for\u00eat. Combin\u00e9 avec d&#039;autres Outils et de Solutions ergonomiques de Fuegos, l&#039;exploitation Foresti\u00e8re efficaces et ergonomiques.<\/p>\n<h4>D&#039;autres Composants recommand\u00e9s:<\/h4>\n<ul>\n<li><strong><a target=\"_new\" rel=\"noopener\">Forstg\u00fcrtel FWG100<\/a><\/strong> \u2013 Ergonomic forestry belt for foresters and master foresters, ideal for everyday use.<\/li>\n<li><strong><a target=\"_new\" rel=\"noopener\">Bandouli\u00e8re FWSTS100<\/a><\/strong> \u2013 Prend en charge la R\u00e9partition du poids et soulage les \u00c9paules.<\/li>\n<li><strong><a target=\"_new\" rel=\"noopener\">Ma\u00dfbandhalterung<\/a><\/strong> \u2013 Avec suspension magn\u00e9tique et adapt\u00e9 aux mod\u00e8les de 15 et 25 m\u00e8tres de long.<\/li>\n<li><strong><a target=\"_new\" rel=\"noopener\">Sac de gousset pour deux F\u00e4llkeile<\/a><\/strong> \u2013 Compatible avec la m\u00e9canique des Clavettes, r\u00e9glable et durable.<\/li>\n<li><strong><a href=\"https:\/\/www.fuegos.eu\/fr\/product\/motorsaegenwerkzeug-holster\/\" target=\"_new\" rel=\"noopener\">Motors\u00e4genwerkzeug \u00c9tui TMW001<\/a><\/strong> \u2013 Utilisable \u00e9galement pour la m\u00e9canique de Cales.<\/li>\n<li><strong><a target=\"_new\" rel=\"noopener\">Une trousse de premier Secours pour les ouvriers Forestiers<\/a><\/strong> \u2013 Sac \u00e9tanche avec des Pansements selon la norme DIN 13164.<\/li>\n<li><strong><a target=\"_new\" rel=\"noopener\">Kreidestift Support DST001<\/a><\/strong> \u2013 Robuste et parfait pour les Forstg\u00fcrtel adapt\u00e9.<\/li>\n<\/ul>\n<h4>Pour plus d&#039;Offres ergonomique Caract\u00e9ristiques:<\/h4>\n<ul>\n<li><strong><a target=\"_new\" rel=\"noopener\">Forstg\u00fcrtel Set FW-GS001<\/a><\/strong> \u2013 Flexible et ergonomique, pour une Utilisation quotidienne dans la For\u00eat.<\/li>\n<li><strong><a target=\"_new\" rel=\"noopener\">Syst\u00e8me de transport pour les Apprentis FW-TS100<\/a><\/strong> \u2013 Forstg\u00fcrtel avec Composant et Schultertragesystem pour les Apprentis.<\/li>\n<li><strong><a target=\"_new\" rel=\"noopener\">Les forestiers &amp; Forstwirtschaftsmeister Set FWTS001<\/a><\/strong> \u2013 Syst\u00e8me complet pour les travailleurs Forestiers exp\u00e9riment\u00e9s.<\/li>\n<li><strong><a target=\"_new\" rel=\"noopener\">Gr\u00f6del Collector<\/a><\/strong> \u2013 Pour Forestiers avec 6 Pointes en Gr\u00f6del.<\/li>\n<\/ul>\n<p>&nbsp;<\/p>\n<p>&nbsp;<\/p>\n<h3><strong>Connu pour :<\/strong><\/h3>\n<ul>\n<li><a href=\"https:\/\/www.forstpraxis.de\/fuego-sport-tragesystem-forst\/\">Test : syst\u00e8me de portage Fuego-Sport <\/a>\u2013 La Sylviculture Et De La Technologie<\/li>\n<li><a href=\"https:\/\/www.forstpraxis.de\/fuegos-rapid-klick\/\">Fuegos avec clic rapide<\/a> \u2013 La Sylviculture Et De La Technologie<\/li>\n<li><a href=\"https:\/\/www.forstpraxis.de\/leichte-schulter\/\"> \u00c9paules l\u00e9g\u00e8res<\/a> \u2013 La Sylviculture Et De La Technologie<\/li>\n<li><a href=\"https:\/\/www.profi.de\/aktuell\/neuheiten\/multifunktionales-forst-tragesystem-12379412.html\">Multifonctionnel, De La Foresterie, Transport<\/a> Magazine professionnel<\/li>\n<\/ul>","protected":false},"excerpt":{"rendered":"<p>Fuegos Forstkluppenhalterung est dans le coin jusqu&#039;\u00e0 trois chiffres r\u00e9glable. Ce Composant constitue un \u00c9l\u00e9ment essentiel de la Fuegos, de la Foresterie, la S\u00e9rie gr\u00e2ce \u00e0 Rapid-Clic sur Forstwirtgurt FWG100 lors de F\u00f6rsterg\u00fcrtel PIN-MFG001angedockt \u00eatre. Notre Support pour Forstkluppen existe en deux Versions, l&#039;une \u00e0 Droite et \u00e0 gauche. Ainsi, nous apportons notre Promesse de notre produit adapt\u00e9 selon les Besoins, de d\u00e9velopper et d&#039;adapter.<\/p>","protected":false},"featured_media":254620,"comment_status":"open","ping_status":"closed","template":"","meta":{"_et_pb_use_builder":"off","_et_pb_old_content":"<h3><strong>Fuegos Innovation:<\/strong><\/h3>\r\n<h4>Derartiges gab es in der Forstbranche nicht: Der Holster ist <strong>DREIFACH in der Neigung Verstellbar<\/strong><\/h4>\r\n<ul>\r\n \t<li>Dadurch individuel anpassbar<\/li>\r\n \t<li>Breite dauerhaft geformte Einf\u00fchr\u00f6ffnung<\/li>\r\n \t<li>Runter fallen von Dreck durch untere \u00d6ffnung garantiert<\/li>\r\n \t<li>Durchschnittlich 10 cm breit, 25 cm lang Gesamt, Schutzscheide 20 cm lang<\/li>\r\n \t<li>Robust, Sto\u00dfsch\u00fctzend<\/li>\r\n \t<li>Einfach cooooool<\/li>\r\n<\/ul>\r\n\u00a0\r\n\r\nFuegos Entwickler ist mit dem Ergebnis -seltsamerweise- fast zufrieden. Das will viel bedeuten, aber er sagt...\r\n\r\nMinuspunkt\r\n<ul>\r\n \t<li>Winkel l\u00e4sst sich nicht so einfach verstellen<\/li>\r\n<\/ul>\r\n\u00a0\r\n\r\nWir, das Team sagten dann: Pluspunkt\r\n<ul>\r\n \t<li>Winkel wird nicht oft verstellt<\/li>\r\n<\/ul>\r\nZum Gl\u00fcck war er dann wieder fast zufrieden.","_et_gb_content_width":""},"product_brand":[],"product_cat":[25,31,34,200,35,175],"product_tag":[],"class_list":{"0":"post-1272","1":"product","2":"type-product","3":"status-publish","4":"has-post-thumbnail","6":"product_cat-forst","7":"product_cat-forst-taschen-zubehoer","8":"product_cat-foerster","9":"product_cat-forstguertel-equipment","10":"product_cat-forstwirte","11":"product_cat-produkt-auswahl","13":"first","14":"instock","15":"taxable","16":"shipping-taxable","17":"purchasable","18":"product-type-variable"},"yoast_head":"<!-- This site is optimized with the Yoast SEO plugin v27.3 - https:\/\/yoast.com\/product\/yoast-seo-wordpress\/ -->\n<title>Messkluppenhalter \u2022 Neigungs verstellbar \u2022 Forstg\u00fcrtel &#8226; Fuegos<\/title>\n<meta name=\"description\" content=\"Messkluppenhalter \u2022 Im Neigungswinkel verstellbar. F\u00fcr Linksh\u00e4nder und Rechtsh\u00e4nder erh\u00e4ltlich. Von Fuegos, zu 100\u00a0% Made in Germany.\" \/>\n<meta name=\"robots\" content=\"index, follow, max-snippet:-1, max-image-preview:large, max-video-preview:-1\" \/>\n<link rel=\"canonical\" href=\"https:\/\/www.fuegos.eu\/fr\/product\/messkluppenhalterung_neigungswinkel-verstellbar\/\" \/>\n<meta property=\"og:locale\" content=\"fr_FR\" \/>\n<meta property=\"og:type\" content=\"article\" \/>\n<meta property=\"og:title\" content=\"Messkluppenhalter \u2022 Neigungs verstellbar \u2022 Forstg\u00fcrtel &#8226; Fuegos\" \/>\n<meta property=\"og:description\" content=\"Messkluppenhalter \u2022 Im Neigungswinkel verstellbar. F\u00fcr Linksh\u00e4nder und Rechtsh\u00e4nder erh\u00e4ltlich. Von Fuegos, zu 100\u00a0% Made in Germany.\" \/>\n<meta property=\"og:url\" content=\"https:\/\/www.fuegos.eu\/fr\/product\/messkluppenhalterung_neigungswinkel-verstellbar\/\" \/>\n<meta property=\"og:site_name\" content=\"Fuegos\" \/>\n<meta property=\"article:publisher\" content=\"https:\/\/www.facebook.com\/FuegosForst\/\" \/>\n<meta property=\"article:modified_time\" content=\"2024-12-19T17:08:57+00:00\" \/>\n<meta property=\"og:image\" content=\"https:\/\/www.fuegos.eu\/wp-content\/uploads\/2020\/04\/Messkluppenholster_Forstwirt_Rechts_500x500-min.jpg\" \/>\n\t<meta property=\"og:image:width\" content=\"500\" \/>\n\t<meta property=\"og:image:height\" content=\"500\" \/>\n\t<meta property=\"og:image:type\" content=\"image\/jpeg\" \/>\n<meta name=\"twitter:card\" content=\"summary_large_image\" \/>\n<meta name=\"twitter:label1\" content=\"Dur\u00e9e de lecture estim\u00e9e\" \/>\n\t<meta name=\"twitter:data1\" content=\"2 minutes\" \/>\n<script type=\"application\/ld+json\" class=\"yoast-schema-graph\">{\"@context\":\"https:\\\/\\\/schema.org\",\"@graph\":[{\"@type\":\"WebPage\",\"@id\":\"https:\\\/\\\/www.fuegos.eu\\\/product\\\/messkluppenhalterung_neigungswinkel-verstellbar\\\/\",\"url\":\"https:\\\/\\\/www.fuegos.eu\\\/product\\\/messkluppenhalterung_neigungswinkel-verstellbar\\\/\",\"name\":\"Messkluppenhalter \u2022 Neigungs verstellbar \u2022 Forstg\u00fcrtel &#8226; Fuegos\",\"isPartOf\":{\"@id\":\"https:\\\/\\\/www.fuegos.eu\\\/#website\"},\"primaryImageOfPage\":{\"@id\":\"https:\\\/\\\/www.fuegos.eu\\\/product\\\/messkluppenhalterung_neigungswinkel-verstellbar\\\/#primaryimage\"},\"image\":{\"@id\":\"https:\\\/\\\/www.fuegos.eu\\\/product\\\/messkluppenhalterung_neigungswinkel-verstellbar\\\/#primaryimage\"},\"thumbnailUrl\":\"https:\\\/\\\/www.fuegos.eu\\\/wp-content\\\/uploads\\\/2020\\\/04\\\/Messkluppenholster_Forstwirt_Rechts_500x500-min.jpg\",\"datePublished\":\"2020-04-27T01:48:07+00:00\",\"dateModified\":\"2024-12-19T17:08:57+00:00\",\"description\":\"Messkluppenhalter \u2022 Im Neigungswinkel verstellbar. F\u00fcr Linksh\u00e4nder und Rechtsh\u00e4nder erh\u00e4ltlich. Von Fuegos, zu 100\u00a0% Made in Germany.\",\"breadcrumb\":{\"@id\":\"https:\\\/\\\/www.fuegos.eu\\\/product\\\/messkluppenhalterung_neigungswinkel-verstellbar\\\/#breadcrumb\"},\"inLanguage\":\"fr-FR\",\"potentialAction\":[{\"@type\":\"ReadAction\",\"target\":[\"https:\\\/\\\/www.fuegos.eu\\\/product\\\/messkluppenhalterung_neigungswinkel-verstellbar\\\/\"]}]},{\"@type\":\"ImageObject\",\"inLanguage\":\"fr-FR\",\"@id\":\"https:\\\/\\\/www.fuegos.eu\\\/product\\\/messkluppenhalterung_neigungswinkel-verstellbar\\\/#primaryimage\",\"url\":\"https:\\\/\\\/www.fuegos.eu\\\/wp-content\\\/uploads\\\/2020\\\/04\\\/Messkluppenholster_Forstwirt_Rechts_500x500-min.jpg\",\"contentUrl\":\"https:\\\/\\\/www.fuegos.eu\\\/wp-content\\\/uploads\\\/2020\\\/04\\\/Messkluppenholster_Forstwirt_Rechts_500x500-min.jpg\",\"width\":500,\"height\":500,\"caption\":\"Robustes Messkluppenholster f\u00fcr Forstwirte, speziell f\u00fcr die rechte Seite entwickelt. Das Holster erm\u00f6glicht einen schnellen Zugriff auf Messkluppen w\u00e4hrend der Arbeit im Wald. Es besteht aus abriebfestem Hightech-Kunstleder und ist kompatibel mit verschiedenen Forstg\u00fcrteln und Tragesystemen. Ideal f\u00fcr effiziente Forstarbeiten.\"},{\"@type\":\"BreadcrumbList\",\"@id\":\"https:\\\/\\\/www.fuegos.eu\\\/product\\\/messkluppenhalterung_neigungswinkel-verstellbar\\\/#breadcrumb\",\"itemListElement\":[{\"@type\":\"ListItem\",\"position\":1,\"name\":\"Home\",\"item\":\"https:\\\/\\\/www.fuegos.eu\\\/\"},{\"@type\":\"ListItem\",\"position\":2,\"name\":\"Shop\",\"item\":\"https:\\\/\\\/www.fuegos.eu\\\/forstguertel-taschen-online-kaufen\\\/\"},{\"@type\":\"ListItem\",\"position\":3,\"name\":\"Messkluppenhalter \u2022 Neigungs verstellbar \u2022 Forstg\u00fcrtel\"}]},{\"@type\":\"WebSite\",\"@id\":\"https:\\\/\\\/www.fuegos.eu\\\/#website\",\"url\":\"https:\\\/\\\/www.fuegos.eu\\\/\",\"name\":\"Fuegos\",\"description\":\"Textile L\u00f6sungen nach Ma\u00df\",\"publisher\":{\"@id\":\"https:\\\/\\\/www.fuegos.eu\\\/#organization\"},\"potentialAction\":[{\"@type\":\"SearchAction\",\"target\":{\"@type\":\"EntryPoint\",\"urlTemplate\":\"https:\\\/\\\/www.fuegos.eu\\\/?s={search_term_string}\"},\"query-input\":{\"@type\":\"PropertyValueSpecification\",\"valueRequired\":true,\"valueName\":\"search_term_string\"}}],\"inLanguage\":\"fr-FR\"},{\"@type\":\"Organization\",\"@id\":\"https:\\\/\\\/www.fuegos.eu\\\/#organization\",\"name\":\"Fuegos\",\"url\":\"https:\\\/\\\/www.fuegos.eu\\\/\",\"logo\":{\"@type\":\"ImageObject\",\"inLanguage\":\"fr-FR\",\"@id\":\"https:\\\/\\\/www.fuegos.eu\\\/#\\\/schema\\\/logo\\\/image\\\/\",\"url\":\"https:\\\/\\\/fuegos.eu\\\/wp-content\\\/uploads\\\/2020\\\/05\\\/FuegosSignatur000.jpg\",\"contentUrl\":\"https:\\\/\\\/fuegos.eu\\\/wp-content\\\/uploads\\\/2020\\\/05\\\/FuegosSignatur000.jpg\",\"width\":960,\"height\":408,\"caption\":\"Fuegos\"},\"image\":{\"@id\":\"https:\\\/\\\/www.fuegos.eu\\\/#\\\/schema\\\/logo\\\/image\\\/\"},\"sameAs\":[\"https:\\\/\\\/www.facebook.com\\\/FuegosForst\\\/\",\"https:\\\/\\\/www.youtube.com\\\/channel\\\/UC0SFe93Vgi6YZV6tSCOLdkA\"]}]}<\/script>\n<!-- \/ Yoast SEO plugin. -->","yoast_head_json":{"title":"Messkluppenhalter \u2022 Inclinaison r\u00e9glable \u2022 Forstg\u00fcrtel \u2022 Fuegos","description":"Messkluppenhalter \u2022 angle d&#039;Inclinaison r\u00e9glable. Pour les Gauchers et les Droitiers disponible. De Fuegos, 100% Made in Germany.","robots":{"index":"index","follow":"follow","max-snippet":"max-snippet:-1","max-image-preview":"max-image-preview:large","max-video-preview":"max-video-preview:-1"},"canonical":"https:\/\/www.fuegos.eu\/fr\/product\/messkluppenhalterung_neigungswinkel-verstellbar\/","og_locale":"fr_FR","og_type":"article","og_title":"Messkluppenhalter \u2022 Neigungs verstellbar \u2022 Forstg\u00fcrtel &#8226; Fuegos","og_description":"Messkluppenhalter \u2022 Im Neigungswinkel verstellbar. F\u00fcr Linksh\u00e4nder und Rechtsh\u00e4nder erh\u00e4ltlich. Von Fuegos, zu 100\u00a0% Made in Germany.","og_url":"https:\/\/www.fuegos.eu\/fr\/product\/messkluppenhalterung_neigungswinkel-verstellbar\/","og_site_name":"Fuegos","article_publisher":"https:\/\/www.facebook.com\/FuegosForst\/","article_modified_time":"2024-12-19T17:08:57+00:00","og_image":[{"width":500,"height":500,"url":"https:\/\/www.fuegos.eu\/wp-content\/uploads\/2020\/04\/Messkluppenholster_Forstwirt_Rechts_500x500-min.jpg","type":"image\/jpeg"}],"twitter_card":"summary_large_image","twitter_misc":{"Dur\u00e9e de lecture estim\u00e9e":"2 minutes"},"schema":{"@context":"https:\/\/schema.org","@graph":[{"@type":"WebPage","@id":"https:\/\/www.fuegos.eu\/product\/messkluppenhalterung_neigungswinkel-verstellbar\/","url":"https:\/\/www.fuegos.eu\/product\/messkluppenhalterung_neigungswinkel-verstellbar\/","name":"Messkluppenhalter \u2022 Inclinaison r\u00e9glable \u2022 Forstg\u00fcrtel \u2022 Fuegos","isPartOf":{"@id":"https:\/\/www.fuegos.eu\/#website"},"primaryImageOfPage":{"@id":"https:\/\/www.fuegos.eu\/product\/messkluppenhalterung_neigungswinkel-verstellbar\/#primaryimage"},"image":{"@id":"https:\/\/www.fuegos.eu\/product\/messkluppenhalterung_neigungswinkel-verstellbar\/#primaryimage"},"thumbnailUrl":"https:\/\/www.fuegos.eu\/wp-content\/uploads\/2020\/04\/Messkluppenholster_Forstwirt_Rechts_500x500-min.jpg","datePublished":"2020-04-27T01:48:07+00:00","dateModified":"2024-12-19T17:08:57+00:00","description":"Messkluppenhalter \u2022 angle d&#039;Inclinaison r\u00e9glable. Pour les Gauchers et les Droitiers disponible. De Fuegos, 100% Made in Germany.","breadcrumb":{"@id":"https:\/\/www.fuegos.eu\/product\/messkluppenhalterung_neigungswinkel-verstellbar\/#breadcrumb"},"inLanguage":"fr-FR","potentialAction":[{"@type":"ReadAction","target":["https:\/\/www.fuegos.eu\/product\/messkluppenhalterung_neigungswinkel-verstellbar\/"]}]},{"@type":"ImageObject","inLanguage":"fr-FR","@id":"https:\/\/www.fuegos.eu\/product\/messkluppenhalterung_neigungswinkel-verstellbar\/#primaryimage","url":"https:\/\/www.fuegos.eu\/wp-content\/uploads\/2020\/04\/Messkluppenholster_Forstwirt_Rechts_500x500-min.jpg","contentUrl":"https:\/\/www.fuegos.eu\/wp-content\/uploads\/2020\/04\/Messkluppenholster_Forstwirt_Rechts_500x500-min.jpg","width":500,"height":500,"caption":"Robustes Messkluppenholster f\u00fcr Forstwirte, speziell f\u00fcr die rechte Seite entwickelt. Das Holster erm\u00f6glicht einen schnellen Zugriff auf Messkluppen w\u00e4hrend der Arbeit im Wald. Es besteht aus abriebfestem Hightech-Kunstleder und ist kompatibel mit verschiedenen Forstg\u00fcrteln und Tragesystemen. Ideal f\u00fcr effiziente Forstarbeiten."},{"@type":"BreadcrumbList","@id":"https:\/\/www.fuegos.eu\/product\/messkluppenhalterung_neigungswinkel-verstellbar\/#breadcrumb","itemListElement":[{"@type":"ListItem","position":1,"name":"Home","item":"https:\/\/www.fuegos.eu\/"},{"@type":"ListItem","position":2,"name":"Shop","item":"https:\/\/www.fuegos.eu\/forstguertel-taschen-online-kaufen\/"},{"@type":"ListItem","position":3,"name":"Messkluppenhalter \u2022 Neigungs verstellbar \u2022 Forstg\u00fcrtel"}]},{"@type":"WebSite","@id":"https:\/\/www.fuegos.eu\/#website","url":"https:\/\/www.fuegos.eu\/","name":"Fuegos","description":"Textile des Solutions sur Mesure","publisher":{"@id":"https:\/\/www.fuegos.eu\/#organization"},"potentialAction":[{"@type":"SearchAction","target":{"@type":"EntryPoint","urlTemplate":"https:\/\/www.fuegos.eu\/?s={search_term_string}"},"query-input":{"@type":"PropertyValueSpecification","valueRequired":true,"valueName":"search_term_string"}}],"inLanguage":"fr-FR"},{"@type":"Organization","@id":"https:\/\/www.fuegos.eu\/#organization","name":"Fuegos","url":"https:\/\/www.fuegos.eu\/","logo":{"@type":"ImageObject","inLanguage":"fr-FR","@id":"https:\/\/www.fuegos.eu\/#\/schema\/logo\/image\/","url":"https:\/\/fuegos.eu\/wp-content\/uploads\/2020\/05\/FuegosSignatur000.jpg","contentUrl":"https:\/\/fuegos.eu\/wp-content\/uploads\/2020\/05\/FuegosSignatur000.jpg","width":960,"height":408,"caption":"Fuegos"},"image":{"@id":"https:\/\/www.fuegos.eu\/#\/schema\/logo\/image\/"},"sameAs":["https:\/\/www.facebook.com\/FuegosForst\/","https:\/\/www.youtube.com\/channel\/UC0SFe93Vgi6YZV6tSCOLdkA"]}]}},"_links":{"self":[{"href":"https:\/\/www.fuegos.eu\/fr\/wp-json\/wp\/v2\/product\/1272","targetHints":{"allow":["GET"]}}],"collection":[{"href":"https:\/\/www.fuegos.eu\/fr\/wp-json\/wp\/v2\/product"}],"about":[{"href":"https:\/\/www.fuegos.eu\/fr\/wp-json\/wp\/v2\/types\/product"}],"replies":[{"embeddable":true,"href":"https:\/\/www.fuegos.eu\/fr\/wp-json\/wp\/v2\/comments?post=1272"}],"wp:featuredmedia":[{"embeddable":true,"href":"https:\/\/www.fuegos.eu\/fr\/wp-json\/wp\/v2\/media\/254620"}],"wp:attachment":[{"href":"https:\/\/www.fuegos.eu\/fr\/wp-json\/wp\/v2\/media?parent=1272"}],"wp:term":[{"taxonomy":"product_brand","embeddable":true,"href":"https:\/\/www.fuegos.eu\/fr\/wp-json\/wp\/v2\/product_brand?post=1272"},{"taxonomy":"product_cat","embeddable":true,"href":"https:\/\/www.fuegos.eu\/fr\/wp-json\/wp\/v2\/product_cat?post=1272"},{"taxonomy":"product_tag","embeddable":true,"href":"https:\/\/www.fuegos.eu\/fr\/wp-json\/wp\/v2\/product_tag?post=1272"}],"curies":[{"name":"wp","href":"https:\/\/api.w.org\/{rel}","templated":true}]}}