{"id":235591,"date":"2021-01-01T21:21:04","date_gmt":"2021-01-01T20:21:04","guid":{"rendered":"https:\/\/fuegos.eu\/?post_type=product&#038;p=235591"},"modified":"2026-01-14T12:00:08","modified_gmt":"2026-01-14T11:00:08","slug":"foerster-multifunktionsgurt-mit-groedel-austrialpin-groedel","status":"publish","type":"product","link":"https:\/\/www.fuegos.eu\/fr\/product\/foerster-multifunktionsgurt-mit-groedel-austrialpin-groedel\/","title":{"rendered":"Des forestiers, Multifunktionsgurt avec Gr\u00f6del AustriAlpin Gr\u00f6del"},"content":{"rendered":"<div class=\"et_pb_column et_pb_column_3_5 et_pb_column_8_tb_body et_pb_css_mix_blend_mode_passthrough\">\n<div class=\"et_pb_module et_pb_wc_description et_pb_wc_description_1_tb_body et_pb_bg_layout_light et_pb_text_align_left optml-bg-lazyloaded\">\n<div class=\"et_pb_module_inner\">\n<p>Le Gr\u00f6del Ensemble compos\u00e9 de:<\/p>\n<ol>\n<li><a href=\"https:\/\/www.fuegos.eu\/fr\/produit\/austrialpin-groedel-a-sg01p\/\" target=\"_blank\" rel=\"noopener\">AustriAlpin Gr\u00f6del<\/a><\/li>\n<li><a href=\"https:\/\/www.fuegos.eu\/fr\/produit\/multifunktionsgurt-foerster-mfg001\/\" target=\"_blank\" rel=\"noopener\">Des Forestiers, Multifunktionsgurt<\/a><\/li>\n<li><a href=\"https:\/\/www.fuegos.eu\/fr\/produit\/halterung-hammer\/\" target=\"_blank\" rel=\"noopener\">Porte marteau<\/a><\/li>\n<li><a href=\"https:\/\/www.fuegos.eu\/fr\/produit\/forst-massband\/\" target=\"_blank\" rel=\"noopener\">Ma\u00dfbandhalter<\/a><\/li>\n<li><a href=\"https:\/\/www.fuegos.eu\/fr\/produit\/halterung-spruehfrabe\/\" target=\"_blank\" rel=\"noopener\">Rapid \u00e0\/compresseur de climatisation Spr\u00fchdosenhalter<\/a><\/li>\n<li><a href=\"https:\/\/www.fuegos.eu\/fr\/produit\/halterung-fur-kennzeichnungsmagazin-fo-kmh002\/\" target=\"_blank\" rel=\"noopener\">Deux rapid \u00e0\/abkoppelbare Gurthalterungen pour Marquage plaquettes Abnahmemagazin<\/a><\/li>\n<\/ol>\n<p>&nbsp;<\/p>\n<p>Pour ce faire, nous recommandons entre autre de nos Produits<\/p>\n<ul>\n<li><a href=\"https:\/\/www.fuegos.eu\/fr\/produit\/smart-forst-smartphoneschutz\/\" target=\"_blank\" rel=\"noopener\">Le t\u00e9l\u00e9phone ou smartphone \u00c9tui de protection pour Samsung X Cover<\/a><\/li>\n<li><a href=\"https:\/\/www.fuegos.eu\/fr\/produit\/erste-hilfe\/\" target=\"_blank\" rel=\"noopener\">Trousse De Premier Secours<\/a><\/li>\n<\/ul>\n<p>Tous les autres peut-\u00eatre sur les Photos repr\u00e9sent\u00e9e Article ne sont pas inclus dans l&#039;Offre.<\/p>\n<ul>\n<li>Enti\u00e8rement compatible avec tous les Fuegos Outil et poches de rangements, \u00c9tuis et Supports<\/li>\n<li>Peut \u00eatre combin\u00e9 avec des Sacs d&#039;autres Marques<\/li>\n<li>Schultertragesystem Ankoppelbar \u00e0 tous les types de ceintures \u00e0 outils, de 5 cm de Largeur<\/li>\n<li>Ceinture enti\u00e8rement compatible avec tous les Fuegos Schultertragesysteme<\/li>\n<li>Surface int\u00e9rieure: respirante 3D Meschstoff<\/li>\n<li>Tissu ext\u00e9rieur: r\u00e9sistant \u00e0 l&#039;Abrasion, r\u00e9sistant \u00e0 l&#039;usure, r\u00e9sistant \u00e0 l&#039;eau<\/li>\n<li>De confort et de rembourrage et pourtant l\u00e9ger et \u00e9troit<\/li>\n<li>Equip\u00e9 de Hig-R\u00e9sistant de Sangles et de haute qualit\u00e9, r\u00e9sistant aux chocs Ferrures<\/li>\n<li>R\u00e9sistance \u00e0 la d\u00e9chirure du syst\u00e8me porte-bagages, 50 daN. Ceinture porte-outils de 80 daN<\/li>\n<\/ul>\n<p>&nbsp;<\/p>\n<p>Point n\u00e9gatif:<\/p>\n<ul>\n<li>Un peu \u00e9trange, il est d\u00e9j\u00e0<\/li>\n<li>Pas tout cela vous permet de dissocier, comme les Forestiers aurais aim\u00e9. Comme la phase de Test nous a Montr\u00e9, il a fallu d\u00e9j\u00e0 entre 30 et 90 Secondes de plus<\/li>\n<li>Certains Forestiers ont \u00e9t\u00e9 d\u00e9\u00e7us que l&#039;ensemble du syst\u00e8me de Transport, Contrairement aux Attentes l\u00e9ger et \u00e0 peine ressentie.<\/li>\n<\/ul>\n<p>&nbsp;<\/p>\n<p>Bien que pas comme PSA Partie d\u00e9clar\u00e9e, propose des Fuegos FW-TS100 en fonction de la Taille, un Rembourrage suppl\u00e9mentaire contre les Chocs et les nageoires Dorsale et Lombaire dans environ 30 % ( + ) les deux Domaines sont couverts.<\/p>\n<p>&nbsp;<\/p>\n<p class=\"translation-block\"><b>Le produit offre \u00e0 l'utilisateur une protection suppl\u00e9mentaire contre les forces d'impact sur le corps. La s\u00e9curit\u00e9, le confort, la fonctionnalit\u00e9 et la durabilit\u00e9\nr\u00e9pondent aux normes habituelles de Fuegos.<\/p>\n<p class=\"translation-block\">Syst\u00e8me de transport \u00e0 bandouli\u00e8re, ceinture \u00e0 outils et poches lavables \u00e0 la main ou en cycle d\u00e9licat \u00e0 30 \u00b0C. Ne pas essorer, ne pas mettre au s\u00e8che-linge.<\/p>\n<\/div>\n<h3><strong>Connu pour :<\/strong><\/h3>\n<ul>\n<li><a href=\"https:\/\/www.forstpraxis.de\/fuego-sport-tragesystem-forst\/\">Test : syst\u00e8me de portage Fuego-Sport <\/a>\u2013 La Sylviculture Et De La Technologie<\/li>\n<li><a href=\"https:\/\/www.forstpraxis.de\/fuegos-rapid-klick\/\">Fuegos avec clic rapide<\/a> \u2013 La Sylviculture Et De La Technologie<\/li>\n<li><a href=\"https:\/\/www.forstpraxis.de\/leichte-schulter\/\"> \u00c9paules l\u00e9g\u00e8res<\/a> \u2013 La Sylviculture Et De La Technologie<\/li>\n<\/ul>\n<h3><strong>Reduction: <\/strong><\/h3>\n<ul>\n<li class=\"translation-block\"><a href=\"https:\/\/www.fuegos.eu\/fr\/produit\/tragesystem-fuer-auszubildende-forstwirte-fw-ts100\/\" target=\"_blank\" rel=\"noopener\">Auszubildende <\/a><a class=\"row-title\" href=\"https:\/\/www.fuegos.eu\/wp-admin\/post.php?post=234972&amp;action=edit\" target=\"_blank\" rel=\"noopener\">FW-TS100<\/a> \u2013 Ceinture de s\u00e9curit\u00e9 avec composants et syst\u00e8me de transport \u00e0 l'\u00e9paule<\/li>\n<li class=\"translation-block\"><a href=\"https:\/\/www.fuegos.eu\/fr\/produit\/forstguertel-set-komplett-ausgestattet\/\" target=\"_blank\" rel=\"noopener\">Ensemble ceinture foresti\u00e8re FW-GS001<\/a> \u2013 Ensemble ceinture foresti\u00e8re \u2013 flexible, ergonomique<\/li>\n<li class=\"translation-block\"><a href=\"https:\/\/www.fuegos.eu\/fr\/produit\/forstwirte-tragesystem\/\" target=\"_self\">Forestiers et ma\u00eetres forestiers <\/a><a title=\"Kit ceinture foresti\u00e8re \/ Kit ceinture \u00e0 outils forestiers\" href=\"https:\/\/www.fuegos.eu\/fr\/produit\/forstwirte-tragesystem\/\" target=\"_blank\" rel=\"noopener noreferrer\">FW-TS001<\/a> \u2013 Ceinture foresti\u00e8re avec composants et syst\u00e8me de transport \u00e0 bandouli\u00e8re<\/li>\n<li class=\"translation-block\"><a href=\"https:\/\/www.fuegos.eu\/fr\/produit\/foerster-tragesystem\/\" target=\"_self\">F\u00f6rster F\u00d6-TS001<\/a> \u2013 Ceinture foresti\u00e8re avec composant et syst\u00e8me de transport sur les \u00e9paules<\/li>\n<li class=\"translation-block\"><a href=\"https:\/\/www.fuegos.eu\/fr\/produit\/foerster-multifunktionsgurt-mit-groedel-austrialpin-groedel\/\" target=\"_self\">Pack combin\u00e9 Gr\u00f6del<\/a> \u2013 Ceinture foresti\u00e8re pour forestiers avec crampons \u00e0 6 pointes<\/li>\n<\/ul>\n<p>&nbsp;<\/p>\n<h3><strong>Connu pour :<\/strong><\/h3>\n<ul>\n<li><a href=\"https:\/\/www.forstpraxis.de\/fuego-sport-tragesystem-forst\/\">Test : syst\u00e8me de portage Fuego-Sport <\/a>\u2013 La Sylviculture Et De La Technologie<\/li>\n<li><a href=\"https:\/\/www.forstpraxis.de\/fuegos-rapid-klick\/\">Fuegos avec clic rapide<\/a> \u2013 La Sylviculture Et De La Technologie<\/li>\n<li><a href=\"https:\/\/www.forstpraxis.de\/leichte-schulter\/\"> \u00c9paules l\u00e9g\u00e8res<\/a> \u2013 La Sylviculture Et De La Technologie<\/li>\n<li><a href=\"https:\/\/www.profi.de\/aktuell\/neuheiten\/multifunktionales-forst-tragesystem-12379412.html\">Multifonctionnel, De La Foresterie, Transport<\/a> Magazine professionnel<\/li>\n<\/ul>\n<\/div>\n<\/div>","protected":false},"excerpt":{"rendered":"<p class=\"translation-block\">Notre pack combin\u00e9 compl\u00e8te la gamme de produits d\u00e9velopp\u00e9e par Fuegos pour les forestiers. Les produits suppl\u00e9mentaires <a href=\"https:\/\/www.austrialpin.at\/produkte\/steigeisen-und-groedel\/detail\/sg01p-power-grip-6-zack-groedel\/\" target=\"_self\">crampons Made by AustriAlpin<\/a> suppl\u00e9mentaires offrent \u00e0 nos forestiers la stabilit\u00e9 n\u00e9cessaire dans leur travail, leur permettant ainsi de manipuler en toute s\u00e9curit\u00e9 les outils et \u00e9quipements habituels, mais aussi de r\u00e9partir le poids et de garder l'\u00e9quilibre, m\u00eame sur les poteaux.<\/p>","protected":false},"featured_media":255431,"comment_status":"open","ping_status":"closed","template":"","meta":{"_et_pb_use_builder":"","_et_pb_old_content":"","_et_gb_content_width":""},"product_brand":[],"product_cat":[25,31,34,200,175,24],"product_tag":[],"class_list":{"0":"post-235591","1":"product","2":"type-product","3":"status-publish","4":"has-post-thumbnail","6":"product_cat-forst","7":"product_cat-forst-taschen-zubehoer","8":"product_cat-foerster","9":"product_cat-forstguertel-equipment","10":"product_cat-produkt-auswahl","11":"product_cat-tragesysteme","13":"first","14":"instock","15":"taxable","16":"shipping-taxable","17":"purchasable","18":"product-type-simple"},"yoast_head":"<!-- This site is optimized with the Yoast SEO plugin v27.3 - https:\/\/yoast.com\/product\/yoast-seo-wordpress\/ -->\n<title>F\u00f6rster-Multifunktionsgurt mit Gr\u00f6del AustriAlpin Gr\u00f6del &#8226; Fuegos<\/title>\n<meta name=\"robots\" content=\"index, follow, max-snippet:-1, max-image-preview:large, max-video-preview:-1\" \/>\n<link rel=\"canonical\" href=\"https:\/\/www.fuegos.eu\/fr\/product\/foerster-multifunktionsgurt-mit-groedel-austrialpin-groedel\/\" \/>\n<meta property=\"og:locale\" content=\"fr_FR\" \/>\n<meta property=\"og:type\" content=\"article\" \/>\n<meta property=\"og:title\" content=\"F\u00f6rster-Multifunktionsgurt mit Gr\u00f6del AustriAlpin Gr\u00f6del &#8226; Fuegos\" \/>\n<meta property=\"og:description\" content=\"Unser Kombipaket erg\u00e4nzt die von Fuegos f\u00fcr F\u00f6rster entwickelte Produktserie. Die zus\u00e4tzlichen Gr\u00f6del Made by AustriAlpin geben unseren F\u00f6rstern den n\u00f6tigen Halt bei der Arbeit, um damit die sichere Handhabung der \u00fcblichen Werkzeuge und Ger\u00e4tschaften zu erm\u00f6glichen, sowie die Gewichtsbelastung und Balance auch auf den Pollern zu erm\u00f6glichen.\" \/>\n<meta property=\"og:url\" content=\"https:\/\/www.fuegos.eu\/fr\/product\/foerster-multifunktionsgurt-mit-groedel-austrialpin-groedel\/\" \/>\n<meta property=\"og:site_name\" content=\"Fuegos\" \/>\n<meta property=\"article:publisher\" content=\"https:\/\/www.facebook.com\/FuegosForst\/\" \/>\n<meta property=\"article:modified_time\" content=\"2026-01-14T11:00:08+00:00\" \/>\n<meta property=\"og:image\" content=\"https:\/\/www.fuegos.eu\/wp-content\/uploads\/2021\/01\/Foerster-Multifunktionsgurt-mit-Groedel-AustriAlpin-Groedel_min.jpg\" \/>\n\t<meta property=\"og:image:width\" content=\"517\" \/>\n\t<meta property=\"og:image:height\" content=\"517\" \/>\n\t<meta property=\"og:image:type\" content=\"image\/jpeg\" \/>\n<meta name=\"twitter:card\" content=\"summary_large_image\" \/>\n<meta name=\"twitter:label1\" content=\"Dur\u00e9e de lecture estim\u00e9e\" \/>\n\t<meta name=\"twitter:data1\" content=\"2 minutes\" \/>\n<script type=\"application\/ld+json\" class=\"yoast-schema-graph\">{\"@context\":\"https:\\\/\\\/schema.org\",\"@graph\":[{\"@type\":\"WebPage\",\"@id\":\"https:\\\/\\\/www.fuegos.eu\\\/product\\\/foerster-multifunktionsgurt-mit-groedel-austrialpin-groedel\\\/\",\"url\":\"https:\\\/\\\/www.fuegos.eu\\\/product\\\/foerster-multifunktionsgurt-mit-groedel-austrialpin-groedel\\\/\",\"name\":\"F\u00f6rster-Multifunktionsgurt mit Gr\u00f6del AustriAlpin Gr\u00f6del &#8226; Fuegos\",\"isPartOf\":{\"@id\":\"https:\\\/\\\/www.fuegos.eu\\\/#website\"},\"primaryImageOfPage\":{\"@id\":\"https:\\\/\\\/www.fuegos.eu\\\/product\\\/foerster-multifunktionsgurt-mit-groedel-austrialpin-groedel\\\/#primaryimage\"},\"image\":{\"@id\":\"https:\\\/\\\/www.fuegos.eu\\\/product\\\/foerster-multifunktionsgurt-mit-groedel-austrialpin-groedel\\\/#primaryimage\"},\"thumbnailUrl\":\"https:\\\/\\\/www.fuegos.eu\\\/wp-content\\\/uploads\\\/2021\\\/01\\\/Foerster-Multifunktionsgurt-mit-Groedel-AustriAlpin-Groedel_min.jpg\",\"datePublished\":\"2021-01-01T20:21:04+00:00\",\"dateModified\":\"2026-01-14T11:00:08+00:00\",\"breadcrumb\":{\"@id\":\"https:\\\/\\\/www.fuegos.eu\\\/product\\\/foerster-multifunktionsgurt-mit-groedel-austrialpin-groedel\\\/#breadcrumb\"},\"inLanguage\":\"fr-FR\",\"potentialAction\":[{\"@type\":\"ReadAction\",\"target\":[\"https:\\\/\\\/www.fuegos.eu\\\/product\\\/foerster-multifunktionsgurt-mit-groedel-austrialpin-groedel\\\/\"]}]},{\"@type\":\"ImageObject\",\"inLanguage\":\"fr-FR\",\"@id\":\"https:\\\/\\\/www.fuegos.eu\\\/product\\\/foerster-multifunktionsgurt-mit-groedel-austrialpin-groedel\\\/#primaryimage\",\"url\":\"https:\\\/\\\/www.fuegos.eu\\\/wp-content\\\/uploads\\\/2021\\\/01\\\/Foerster-Multifunktionsgurt-mit-Groedel-AustriAlpin-Groedel_min.jpg\",\"contentUrl\":\"https:\\\/\\\/www.fuegos.eu\\\/wp-content\\\/uploads\\\/2021\\\/01\\\/Foerster-Multifunktionsgurt-mit-Groedel-AustriAlpin-Groedel_min.jpg\",\"width\":517,\"height\":517,\"caption\":\"F\u00f6rster-Multifunktionsgurt mit AustriAlpin Gr\u00f6del \u2013 Stabilit\u00e4t und Sicherheit f\u00fcr den professionellen Einsatz\"},{\"@type\":\"BreadcrumbList\",\"@id\":\"https:\\\/\\\/www.fuegos.eu\\\/product\\\/foerster-multifunktionsgurt-mit-groedel-austrialpin-groedel\\\/#breadcrumb\",\"itemListElement\":[{\"@type\":\"ListItem\",\"position\":1,\"name\":\"Home\",\"item\":\"https:\\\/\\\/www.fuegos.eu\\\/\"},{\"@type\":\"ListItem\",\"position\":2,\"name\":\"Shop\",\"item\":\"https:\\\/\\\/www.fuegos.eu\\\/forstguertel-taschen-online-kaufen\\\/\"},{\"@type\":\"ListItem\",\"position\":3,\"name\":\"F\u00f6rster-Multifunktionsgurt mit Gr\u00f6del AustriAlpin Gr\u00f6del\"}]},{\"@type\":\"WebSite\",\"@id\":\"https:\\\/\\\/www.fuegos.eu\\\/#website\",\"url\":\"https:\\\/\\\/www.fuegos.eu\\\/\",\"name\":\"Fuegos\",\"description\":\"Textile L\u00f6sungen nach Ma\u00df\",\"publisher\":{\"@id\":\"https:\\\/\\\/www.fuegos.eu\\\/#organization\"},\"potentialAction\":[{\"@type\":\"SearchAction\",\"target\":{\"@type\":\"EntryPoint\",\"urlTemplate\":\"https:\\\/\\\/www.fuegos.eu\\\/?s={search_term_string}\"},\"query-input\":{\"@type\":\"PropertyValueSpecification\",\"valueRequired\":true,\"valueName\":\"search_term_string\"}}],\"inLanguage\":\"fr-FR\"},{\"@type\":\"Organization\",\"@id\":\"https:\\\/\\\/www.fuegos.eu\\\/#organization\",\"name\":\"Fuegos\",\"url\":\"https:\\\/\\\/www.fuegos.eu\\\/\",\"logo\":{\"@type\":\"ImageObject\",\"inLanguage\":\"fr-FR\",\"@id\":\"https:\\\/\\\/www.fuegos.eu\\\/#\\\/schema\\\/logo\\\/image\\\/\",\"url\":\"https:\\\/\\\/fuegos.eu\\\/wp-content\\\/uploads\\\/2020\\\/05\\\/FuegosSignatur000.jpg\",\"contentUrl\":\"https:\\\/\\\/fuegos.eu\\\/wp-content\\\/uploads\\\/2020\\\/05\\\/FuegosSignatur000.jpg\",\"width\":960,\"height\":408,\"caption\":\"Fuegos\"},\"image\":{\"@id\":\"https:\\\/\\\/www.fuegos.eu\\\/#\\\/schema\\\/logo\\\/image\\\/\"},\"sameAs\":[\"https:\\\/\\\/www.facebook.com\\\/FuegosForst\\\/\",\"https:\\\/\\\/www.youtube.com\\\/channel\\\/UC0SFe93Vgi6YZV6tSCOLdkA\"]}]}<\/script>\n<!-- \/ Yoast SEO plugin. -->","yoast_head_json":{"title":"Des forestiers, Multifunktionsgurt avec Gr\u00f6del AustriAlpin Gr\u00f6del \u2022 Fuegos","robots":{"index":"index","follow":"follow","max-snippet":"max-snippet:-1","max-image-preview":"max-image-preview:large","max-video-preview":"max-video-preview:-1"},"canonical":"https:\/\/www.fuegos.eu\/fr\/product\/foerster-multifunktionsgurt-mit-groedel-austrialpin-groedel\/","og_locale":"fr_FR","og_type":"article","og_title":"F\u00f6rster-Multifunktionsgurt mit Gr\u00f6del AustriAlpin Gr\u00f6del &#8226; Fuegos","og_description":"Unser Kombipaket erg\u00e4nzt die von Fuegos f\u00fcr F\u00f6rster entwickelte Produktserie. Die zus\u00e4tzlichen Gr\u00f6del Made by AustriAlpin geben unseren F\u00f6rstern den n\u00f6tigen Halt bei der Arbeit, um damit die sichere Handhabung der \u00fcblichen Werkzeuge und Ger\u00e4tschaften zu erm\u00f6glichen, sowie die Gewichtsbelastung und Balance auch auf den Pollern zu erm\u00f6glichen.","og_url":"https:\/\/www.fuegos.eu\/fr\/product\/foerster-multifunktionsgurt-mit-groedel-austrialpin-groedel\/","og_site_name":"Fuegos","article_publisher":"https:\/\/www.facebook.com\/FuegosForst\/","article_modified_time":"2026-01-14T11:00:08+00:00","og_image":[{"width":517,"height":517,"url":"https:\/\/www.fuegos.eu\/wp-content\/uploads\/2021\/01\/Foerster-Multifunktionsgurt-mit-Groedel-AustriAlpin-Groedel_min.jpg","type":"image\/jpeg"}],"twitter_card":"summary_large_image","twitter_misc":{"Dur\u00e9e de lecture estim\u00e9e":"2 minutes"},"schema":{"@context":"https:\/\/schema.org","@graph":[{"@type":"WebPage","@id":"https:\/\/www.fuegos.eu\/product\/foerster-multifunktionsgurt-mit-groedel-austrialpin-groedel\/","url":"https:\/\/www.fuegos.eu\/product\/foerster-multifunktionsgurt-mit-groedel-austrialpin-groedel\/","name":"Des forestiers, Multifunktionsgurt avec Gr\u00f6del AustriAlpin Gr\u00f6del \u2022 Fuegos","isPartOf":{"@id":"https:\/\/www.fuegos.eu\/#website"},"primaryImageOfPage":{"@id":"https:\/\/www.fuegos.eu\/product\/foerster-multifunktionsgurt-mit-groedel-austrialpin-groedel\/#primaryimage"},"image":{"@id":"https:\/\/www.fuegos.eu\/product\/foerster-multifunktionsgurt-mit-groedel-austrialpin-groedel\/#primaryimage"},"thumbnailUrl":"https:\/\/www.fuegos.eu\/wp-content\/uploads\/2021\/01\/Foerster-Multifunktionsgurt-mit-Groedel-AustriAlpin-Groedel_min.jpg","datePublished":"2021-01-01T20:21:04+00:00","dateModified":"2026-01-14T11:00:08+00:00","breadcrumb":{"@id":"https:\/\/www.fuegos.eu\/product\/foerster-multifunktionsgurt-mit-groedel-austrialpin-groedel\/#breadcrumb"},"inLanguage":"fr-FR","potentialAction":[{"@type":"ReadAction","target":["https:\/\/www.fuegos.eu\/product\/foerster-multifunktionsgurt-mit-groedel-austrialpin-groedel\/"]}]},{"@type":"ImageObject","inLanguage":"fr-FR","@id":"https:\/\/www.fuegos.eu\/product\/foerster-multifunktionsgurt-mit-groedel-austrialpin-groedel\/#primaryimage","url":"https:\/\/www.fuegos.eu\/wp-content\/uploads\/2021\/01\/Foerster-Multifunktionsgurt-mit-Groedel-AustriAlpin-Groedel_min.jpg","contentUrl":"https:\/\/www.fuegos.eu\/wp-content\/uploads\/2021\/01\/Foerster-Multifunktionsgurt-mit-Groedel-AustriAlpin-Groedel_min.jpg","width":517,"height":517,"caption":"F\u00f6rster-Multifunktionsgurt mit AustriAlpin Gr\u00f6del \u2013 Stabilit\u00e4t und Sicherheit f\u00fcr den professionellen Einsatz"},{"@type":"BreadcrumbList","@id":"https:\/\/www.fuegos.eu\/product\/foerster-multifunktionsgurt-mit-groedel-austrialpin-groedel\/#breadcrumb","itemListElement":[{"@type":"ListItem","position":1,"name":"Home","item":"https:\/\/www.fuegos.eu\/"},{"@type":"ListItem","position":2,"name":"Shop","item":"https:\/\/www.fuegos.eu\/forstguertel-taschen-online-kaufen\/"},{"@type":"ListItem","position":3,"name":"F\u00f6rster-Multifunktionsgurt mit Gr\u00f6del AustriAlpin Gr\u00f6del"}]},{"@type":"WebSite","@id":"https:\/\/www.fuegos.eu\/#website","url":"https:\/\/www.fuegos.eu\/","name":"Fuegos","description":"Textile des Solutions sur Mesure","publisher":{"@id":"https:\/\/www.fuegos.eu\/#organization"},"potentialAction":[{"@type":"SearchAction","target":{"@type":"EntryPoint","urlTemplate":"https:\/\/www.fuegos.eu\/?s={search_term_string}"},"query-input":{"@type":"PropertyValueSpecification","valueRequired":true,"valueName":"search_term_string"}}],"inLanguage":"fr-FR"},{"@type":"Organization","@id":"https:\/\/www.fuegos.eu\/#organization","name":"Fuegos","url":"https:\/\/www.fuegos.eu\/","logo":{"@type":"ImageObject","inLanguage":"fr-FR","@id":"https:\/\/www.fuegos.eu\/#\/schema\/logo\/image\/","url":"https:\/\/fuegos.eu\/wp-content\/uploads\/2020\/05\/FuegosSignatur000.jpg","contentUrl":"https:\/\/fuegos.eu\/wp-content\/uploads\/2020\/05\/FuegosSignatur000.jpg","width":960,"height":408,"caption":"Fuegos"},"image":{"@id":"https:\/\/www.fuegos.eu\/#\/schema\/logo\/image\/"},"sameAs":["https:\/\/www.facebook.com\/FuegosForst\/","https:\/\/www.youtube.com\/channel\/UC0SFe93Vgi6YZV6tSCOLdkA"]}]}},"_links":{"self":[{"href":"https:\/\/www.fuegos.eu\/fr\/wp-json\/wp\/v2\/product\/235591","targetHints":{"allow":["GET"]}}],"collection":[{"href":"https:\/\/www.fuegos.eu\/fr\/wp-json\/wp\/v2\/product"}],"about":[{"href":"https:\/\/www.fuegos.eu\/fr\/wp-json\/wp\/v2\/types\/product"}],"replies":[{"embeddable":true,"href":"https:\/\/www.fuegos.eu\/fr\/wp-json\/wp\/v2\/comments?post=235591"}],"wp:featuredmedia":[{"embeddable":true,"href":"https:\/\/www.fuegos.eu\/fr\/wp-json\/wp\/v2\/media\/255431"}],"wp:attachment":[{"href":"https:\/\/www.fuegos.eu\/fr\/wp-json\/wp\/v2\/media?parent=235591"}],"wp:term":[{"taxonomy":"product_brand","embeddable":true,"href":"https:\/\/www.fuegos.eu\/fr\/wp-json\/wp\/v2\/product_brand?post=235591"},{"taxonomy":"product_cat","embeddable":true,"href":"https:\/\/www.fuegos.eu\/fr\/wp-json\/wp\/v2\/product_cat?post=235591"},{"taxonomy":"product_tag","embeddable":true,"href":"https:\/\/www.fuegos.eu\/fr\/wp-json\/wp\/v2\/product_tag?post=235591"}],"curies":[{"name":"wp","href":"https:\/\/api.w.org\/{rel}","templated":true}]}}