{"id":244699,"date":"2021-11-01T09:18:29","date_gmt":"2021-11-01T08:18:29","guid":{"rendered":"https:\/\/fuegos.eu\/?post_type=product&#038;p=244699"},"modified":"2024-12-19T17:55:21","modified_gmt":"2024-12-19T16:55:21","slug":"jagd-jagdhunde-erste-hilfe-tasche","status":"publish","type":"product","link":"https:\/\/www.fuegos.eu\/fr\/product\/jagd-jagdhunde-erste-hilfe-tasche\/","title":{"rendered":"Premiers Secours Poche pour les Chiens de chasse"},"content":{"rendered":"<p>[et_pb_section fb_built=&#8221;1&#8243; _builder_version=&#8221;4.16&#8243; custom_padding=&#8221;0px||||false|false&#8221; global_colors_info=&#8221;{}&#8221;][et_pb_row _builder_version=&#8221;4.16&#8243; background_size=&#8221;initial&#8221; background_position=&#8221;top_left&#8221; background_repeat=&#8221;repeat&#8221; width=&#8221;100%&#8221; custom_padding=&#8221;0px||0px||false|false&#8221; global_colors_info=&#8221;{}&#8221; admin_label=&#8221;Zeile&#8221;][et_pb_column type=&#8221;4_4&#8243; _builder_version=&#8221;4.16&#8243; custom_padding=&#8221;|||&#8221; global_colors_info=&#8221;{}&#8221; custom_padding__hover=&#8221;|||&#8221;][et_pb_wc_breadcrumb _builder_version=&#8221;4.16&#8243; global_colors_info=&#8221;{}&#8221;][\/et_pb_wc_breadcrumb][et_pb_wc_cart_notice _builder_version=&#8221;4.16&#8243; global_colors_info=&#8221;{}&#8221;][\/et_pb_wc_cart_notice][\/et_pb_column][\/et_pb_row][et_pb_row column_structure=&#8221;1_2,1_2&#8243; _builder_version=&#8221;4.16&#8243; background_size=&#8221;initial&#8221; background_position=&#8221;top_left&#8221; background_repeat=&#8221;repeat&#8221; width=&#8221;100%&#8221; custom_padding=&#8221;0px||||false|false&#8221; global_colors_info=&#8221;{}&#8221;][et_pb_column type=&#8221;1_2&#8243; _builder_version=&#8221;4.16&#8243; custom_padding=&#8221;|||&#8221; global_colors_info=&#8221;{}&#8221; custom_padding__hover=&#8221;|||&#8221;][et_pb_wc_images _builder_version=&#8221;4.16&#8243; global_colors_info=&#8221;{}&#8221;][\/et_pb_wc_images][\/et_pb_column][et_pb_column type=&#8221;1_2&#8243; _builder_version=&#8221;4.16&#8243; custom_padding=&#8221;|||&#8221; global_colors_info=&#8221;{}&#8221; custom_padding__hover=&#8221;|||&#8221;][et_pb_wc_title _builder_version=&#8221;4.16&#8243; global_colors_info=&#8221;{}&#8221;][\/et_pb_wc_title][et_pb_wc_rating _builder_version=&#8221;4.16&#8243; global_colors_info=&#8221;{}&#8221;][\/et_pb_wc_rating][et_pb_wc_price _builder_version=&#8221;4.16&#8243; global_colors_info=&#8221;{}&#8221;][\/et_pb_wc_price][et_pb_wc_description _builder_version=&#8221;4.16&#8243; global_colors_info=&#8221;{}&#8221;][\/et_pb_wc_description][et_pb_wc_add_to_cart _builder_version=&#8221;4.16&#8243; global_colors_info=&#8221;{}&#8221;][\/et_pb_wc_add_to_cart][et_pb_wc_meta _builder_version=&#8221;4.16&#8243; global_colors_info=&#8221;{}&#8221;][\/et_pb_wc_meta][\/et_pb_column][\/et_pb_row][et_pb_row _builder_version=&#8221;4.16&#8243; background_size=&#8221;initial&#8221; background_position=&#8221;top_left&#8221; background_repeat=&#8221;repeat&#8221; width=&#8221;100%&#8221; global_colors_info=&#8221;{}&#8221;][et_pb_column type=&#8221;4_4&#8243; _builder_version=&#8221;4.16&#8243; custom_padding=&#8221;|||&#8221; global_colors_info=&#8221;{}&#8221; custom_padding__hover=&#8221;|||&#8221;][et_pb_wc_tabs _builder_version=&#8221;4.16&#8243; global_colors_info=&#8221;{}&#8221;]\t\t\t\t\t[\/et_pb_wc_tabs][et_pb_wc_upsells _builder_version=&#8221;4.16&#8243; global_colors_info=&#8221;{}&#8221;][\/et_pb_wc_upsells][et_pb_wc_related_products _builder_version=&#8221;4.16&#8243; global_colors_info=&#8221;{}&#8221;][\/et_pb_wc_related_products][\/et_pb_column][\/et_pb_row][\/et_pb_section]<\/p>\n","protected":false},"excerpt":{"rendered":"<div class=\"et_pb_module et_pb_wc_description et_pb_wc_description_0_tb_body et_pb_bg_layout_light et_pb_text_align_left\">\n<div class=\"et_pb_module_inner\">\n<h2><strong>sans Contenu<\/strong><\/h2>\n<p>&nbsp;<\/p>\n<h5 class=\"translation-block\"><strong><em>Fuegos<\/em><\/strong>&nbsp; wasserabweisende Tasche (PVC frei) erg\u00e4nzt Ihre Tragesystemkollektion f\u00fcr den Jagdbereich.<\/h5>\n<h5><\/h5>\n<ul>\n<li>Premiers Secours Poche pour les Chiens de chasse dans Not<\/li>\n<li class=\"translation-block\">Die Tasche wird am G\u00fcrtel via <strong>Schnellverschluss<\/strong> befestigt und bietet so im Fall der F\u00e4lle eine <strong>schnelle Abnahme<\/strong><\/li>\n<li>Tissus imperm\u00e9ables avec la Norme \u00d6ko-Tex. Les coutures ne compacte pas, par cons\u00e9quent, seulement hydrofuge<\/li>\n<li>Imperm\u00e9able, robuste et facile \u00e0 l&#039;ouverture de la fermeture.<\/li>\n<li>R\u00e9sistant \u00c0 L&#039;Usure, R\u00e9sistant Au Frottements.<\/li>\n<\/ul>\n<p class=\"translation-block\"><strong>Hauptfunktion: <\/strong>Erinnerung daran, dass<strong><i>&nbsp; d<\/i><i>ie beste Erste Hilfe das Gebot der Vorsicht bei der Jagd<\/i><\/strong><i><b> ist<\/b><\/i>.<\/p>\n<\/div>\n<\/div>","protected":false},"featured_media":244721,"comment_status":"open","ping_status":"closed","template":"","meta":{"_et_pb_use_builder":"on","_et_pb_old_content":"<h3><strong>Kurzbeschreibung:<\/strong><\/h3>\r\n<strong>Erste Hilfe Tasche f\u00fcr Jagdhunde<\/strong> (ohne Inhalt) entworfen f\u00fcr das praktische Tragen am G\u00fcrtel von Erste Hilfe Sets f\u00fcr Jagdhunde. Die Tasche ist auf den G\u00fcrtel einfach an- und abkoppelbar durch Klettverschluss.\r\n\r\n&nbsp;\r\n<h3><strong>Die Idee der Fuegos Erste Hilfe Tasche f\u00fcr Jagdhunde:<\/strong><\/h3>\r\n<strong>Schneller zugrif auf die Erste Hilfe wenn Jagdhunde im Not sind.<\/strong>\r\n<ul>\r\n \t<li style=\"list-style-type: none\">\r\n<ul>\r\n \t<li><span style=\"font-family: Helvetica, Arial, sans-serif\">Wasserabweisend<\/span><\/li>\r\n \t<li>Mit Wasserabweisendem Rei\u00dfverschlu\u00df<\/li>\r\n<\/ul>\r\n<\/li>\r\n<\/ul>\r\n<h3><span style=\"font-family: Helvetica, Arial, sans-serif\"><b>Die Zentrale Funktion<\/b><\/span><span style=\"font-family: Helvetica, Arial, sans-serif\"><b>:<\/b><\/span><\/h3>\r\n<ul>\r\n \t<li><span style=\"font-family: Helvetica, Arial, sans-serif\"><b>\u00a0F\u00fcr Jagdhunde in Notsituationen bei der Jagd\r\n<\/b><\/span><\/li>\r\n<\/ul>\r\n<h3><\/h3>\r\n<h4><strong>Funktion: <\/strong><\/h4>\r\n<strong>Erste Hilfe leisten an Jagdhunde <\/strong>\r\n<h3><strong>Material:<\/strong><\/h3>\r\nDas Material der Taschen besteht aus <strong>abriebfesten Fuegos beschichtetem Polymergewebe<\/strong>. Witterungsbest\u00e4ndig (+40\u00b0-10\u00b0). Die F\u00e4den der N\u00e4hte sind aus hochwertige umsponnene Polyfilamente. Hierdurch garantiert <strong>Fuegos<\/strong> <strong>Langlebigkeit<\/strong> bis zum letzten Stich der Naht. Der Rei\u00dfverschluss ist wasserabweisend, ger\u00e4uscharm und robust.\r\n<h4><strong>Vorteile:<\/strong><\/h4>\r\nFuegos <strong>erschafft durch seine Tragesysteme mehr Sicherheit <\/strong>im Jagdbereich.\r\n\r\n&nbsp;\r\n<h3><strong>Technische Daten<\/strong><\/h3>\r\n<h4><\/h4>\r\n<h4><strong>Belastbarkeit:<\/strong><\/h4>\r\n<h5>Hohe Rei\u00dffestigkeit, starker Rei\u00dfverschluss.<strong>\r\n<\/strong><\/h5>\r\n&nbsp;\r\n<h4><strong> Form:<\/strong><\/h4>\r\nTaschenf\u00f6rmig - rechteckig. H20 bis 25 x B15 bis 20x T4 bis 6 cm\r\n<h4><strong>Material<\/strong>:<\/h4>\r\nAbriebfestes Polymergewebe.\r\n<h4><strong>Gewicht:<\/strong><\/h4>\r\nLeichte 55g.\r\n<h4><strong>Ursprungsland:<\/strong><\/h4>\r\nDeutschland.\r\n<h4><strong>Anwendung:<\/strong><\/h4>\r\nJagd mit Hunden, Wildh\u00fcten.\r\n\r\n&nbsp;\r\n<h3><strong>Anwendungsbereich<\/strong><strong>:<\/strong><\/h3>\r\nJagd, Baum - Klettersitz, Wildh\u00fcte, Wildbestandkontrolle, Forst, Waldbeobachtung, Naturschutz.\r\n\r\n&nbsp;\r\n<h3><strong>Empfehlung:\u00a0<\/strong><\/h3>\r\n<ul>\r\n \t<li><a href=\"https:\/\/fuegos.eu\/produkt\/multifunktionsgurt-fuer-forstwirte-fw-mfg100\/\">Forstg\u00fcrtel f\u00fcr Forstwirte und Forstwirtschaftsmeister FWSTS100<\/a>\u00a0\u2013 Ergonomische Forstg\u00fcrtel<\/li>\r\n \t<li><a href=\"https:\/\/fuegos.eu\/produkt\/tragesystem-forstwirte\/\">Schultergurt FW-MFG100<\/a>\u00a0 \u2013 Mit ergonomischer Auflage. Unterst\u00fctzt die Gewichtsverteilung<\/li>\r\n \t<li><a href=\"https:\/\/fuegos.eu\/produkt\/messkluppenhalterung\/\">Messkluppenhalter MKH001<\/a> \u2013 F\u00fcr Rechts- und Linksh\u00e4nder. Dreifach im Winkelverstellbar<\/li>\r\n \t<li><a href=\"https:\/\/fuegos.eu\/produkt\/forst-massband\/\">Ma\u00dfbandhalterung<\/a> \u2013 Mit Ausbalanciersystem und Magnetaufh\u00e4ngung. Kompatibel mit Fabrikate der L\u00e4nge 15 &amp; 25 Meter<\/li>\r\n \t<li><a href=\"https:\/\/fuegos.eu\/produkt\/keiltasche-fuer-zwei-faellkeile-kompatibel-mit-mechanischen-keilen-kopie\/\">Keiltasche f\u00fcr zwei F\u00e4llkeile<\/a> \u2013 Kompatibel mit mechanischen Keilen &amp; verstellbar<\/li>\r\n \t<li><a href=\"https:\/\/fuegos.eu\/produkt\/motorsaegenwerkzeug-holster-kombiwerkzeuge-feilen\/\">Motors\u00e4genwerkzeug Holster TMW001 <\/a>\u2013 Kompatibel mit mechanischen Keilen &amp; verstellbar<\/li>\r\n \t<li><a href=\"https:\/\/fuegos.eu\/produkt\/erste-hilfe\/\">Erste Hilfe Set f\u00fcr Waldarbeiter<\/a> \u2013 bestehend aus wasserabweisender Tasche &amp; Verbrandsortiment nach DIN 13164<\/li>\r\n \t<li><a href=\"https:\/\/fuegos.eu\/produkt\/stift\/\">Kreidestift Halterung <\/a><a class=\"row-title\" href=\"https:\/\/fuegos.eu\/wp-admin\/post.php?post=1196&amp;action=edit\">DST001<\/a><a href=\"https:\/\/fuegos.eu\/produkt\/stift\/\">\u00a0<\/a><a href=\"https:\/\/fuegos.eu\/produkt\/kuno-funkgeraettasche-forstguertel-komplettsystem\/\">Funkger\u00e4tetasche<\/a><\/li>\r\n<\/ul>\r\n<h3><\/h3>\r\n<h3><strong>Sparpakete: <\/strong><\/h3>\r\n<ul>\r\n \t<li><a href=\"https:\/\/fuegos.eu\/produkt\/tragesystem-fuer-auszubildende-forstwirte-fw-ts100\/\">Auszubildende <\/a><a class=\"row-title\" href=\"https:\/\/fuegos.eu\/wp-admin\/post.php?post=234972&amp;action=edit\">FW-TS100<\/a> \u2013 Forstg\u00fcrtel mit Komponente und Schultertragesystem<\/li>\r\n \t<li><a href=\"https:\/\/fuegos.eu\/produkt\/forstwirte-tragesystem\/\">Forstwirte &amp; Forstwirtschaftsmeister <\/a><a title=\"Forstg\u00fcrtel Set \/ Forst-Werkzeugg\u00fcrtel-Set\" href=\"https:\/\/fuegos.eu\/produkt\/forstwirte-tragesystem\/\" target=\"_blank\" rel=\"noopener noreferrer\">FW-TS001<\/a> \u2013 Forstg\u00fcrtel mit Komponente und Schultertragesystem<\/li>\r\n \t<li><a href=\"https:\/\/fuegos.eu\/produkt\/foerster-tragesystem\/\">F\u00f6rster F\u00d6-TS001<\/a> \u2013 Forstg\u00fcrtel mit Komponente und Schultertragesystem<\/li>\r\n \t<li><a href=\"https:\/\/fuegos.eu\/produkt\/foerster-multifunktionsgurt-mit-groedel-austrialpin-groedel\/\">Gr\u00f6del Kombipaket<\/a> \u2013 Forstg\u00fcrtel f\u00fcr F\u00f6rster mit 6-Zacken-Gr\u00f6del<\/li>\r\n<\/ul>\r\n&nbsp;\r\n<h3><strong>Bekannt durch:<\/strong><\/h3>\r\n<ul>\r\n \t<li><a href=\"https:\/\/www.forstpraxis.de\/fuego-sport-tragesystem-forst\/\">Test: Fuego-Sport Tragesystem <\/a>\u2013 Forst&amp;Technik<\/li>\r\n \t<li><a href=\"https:\/\/www.forstpraxis.de\/fuegos-rapid-klick\/\">Fuegos mit Rapid-Klick<\/a> \u2013 Forst&amp;Technik<\/li>\r\n \t<li><a href=\"https:\/\/www.forstpraxis.de\/leichte-schulter\/\"> Leichte Schulter<\/a> \u2013 Forst&amp;Technik<\/li>\r\n<\/ul>","_et_gb_content_width":""},"product_brand":[],"product_cat":[25,34,81],"product_tag":[102,104,103,110,105,108,106,107,109],"class_list":{"0":"post-244699","1":"product","2":"type-product","3":"status-publish","4":"has-post-thumbnail","6":"product_cat-forst","7":"product_cat-foerster","8":"product_cat-jagd","9":"product_tag-erste-hilfe","10":"product_tag-jagd","11":"product_tag-jagdhund","12":"product_tag-klettersitz-jagd","13":"product_tag-schweisshund","14":"product_tag-schweissjagd","15":"product_tag-suchhund","16":"product_tag-treibhund","17":"product_tag-treibjagd","19":"first","20":"instock","21":"taxable","22":"shipping-taxable","23":"purchasable","24":"product-type-simple"},"yoast_head":"<!-- This site is optimized with the Yoast SEO plugin v27.3 - https:\/\/yoast.com\/product\/yoast-seo-wordpress\/ -->\n<title>Erste Hilfe Tasche f\u00fcr Jagdhunde &#8226; Fuegos %<\/title>\n<meta name=\"description\" content=\"Jagdhund-Erste Hilfe, Jagd-Hunderettung: Erste Hilfe beim Jagd, Klettersitz - Stabilisierungsgurte, Jagd, Baum - Klettersitz, Wildh\u00fcte, Wildbestandkontrolle, Forst, Waldbeobachtung, Naturschutz, Jagen, Beobachten Naturbeobachten, Wildbeobachten, Baumsitz, Jagd privaten Forstbetrieb, Jagdrevier. Sicherheit und Stabilit\u00e4t im Jagdbereich, Natur-Wald- Landschafts-, Tier- und Umweltschutz.100\u00a0% Made in Germany.\" \/>\n<meta name=\"robots\" content=\"index, follow, max-snippet:-1, max-image-preview:large, max-video-preview:-1\" \/>\n<link rel=\"canonical\" href=\"https:\/\/www.fuegos.eu\/fr\/product\/jagd-jagdhunde-erste-hilfe-tasche\/\" \/>\n<meta property=\"og:locale\" content=\"fr_FR\" \/>\n<meta property=\"og:type\" content=\"article\" \/>\n<meta property=\"og:title\" content=\"Erste Hilfe Tasche f\u00fcr Jagdhunde &#8226; Fuegos %\" \/>\n<meta property=\"og:description\" content=\"Jagdhund-Erste Hilfe, Jagd-Hunderettung: Erste Hilfe beim Jagd, Klettersitz - Stabilisierungsgurte, Jagd, Baum - Klettersitz, Wildh\u00fcte, Wildbestandkontrolle, Forst, Waldbeobachtung, Naturschutz, Jagen, Beobachten Naturbeobachten, Wildbeobachten, Baumsitz, Jagd privaten Forstbetrieb, Jagdrevier. Sicherheit und Stabilit\u00e4t im Jagdbereich, Natur-Wald- Landschafts-, Tier- und Umweltschutz.100\u00a0% Made in Germany.\" \/>\n<meta property=\"og:url\" content=\"https:\/\/www.fuegos.eu\/fr\/product\/jagd-jagdhunde-erste-hilfe-tasche\/\" \/>\n<meta property=\"og:site_name\" content=\"Fuegos\" \/>\n<meta property=\"article:publisher\" content=\"https:\/\/www.facebook.com\/FuegosForst\/\" \/>\n<meta property=\"article:modified_time\" content=\"2024-12-19T16:55:21+00:00\" \/>\n<meta property=\"og:image\" content=\"https:\/\/www.fuegos.eu\/wp-content\/uploads\/2021\/11\/Erste_Hilfe_Jagdhund_Erste-Hilfe-Set_Fuegos.jpg\" \/>\n\t<meta property=\"og:image:width\" content=\"1920\" \/>\n\t<meta property=\"og:image:height\" content=\"1080\" \/>\n\t<meta property=\"og:image:type\" content=\"image\/jpeg\" \/>\n<meta name=\"twitter:card\" content=\"summary_large_image\" \/>\n<meta name=\"twitter:label1\" content=\"Dur\u00e9e de lecture estim\u00e9e\" \/>\n\t<meta name=\"twitter:data1\" content=\"3 minutes\" \/>\n<script type=\"application\/ld+json\" class=\"yoast-schema-graph\">{\"@context\":\"https:\\\/\\\/schema.org\",\"@graph\":[{\"@type\":\"WebPage\",\"@id\":\"https:\\\/\\\/www.fuegos.eu\\\/product\\\/jagd-jagdhunde-erste-hilfe-tasche\\\/\",\"url\":\"https:\\\/\\\/www.fuegos.eu\\\/product\\\/jagd-jagdhunde-erste-hilfe-tasche\\\/\",\"name\":\"Erste Hilfe Tasche f\u00fcr Jagdhunde &#8226; Fuegos %\",\"isPartOf\":{\"@id\":\"https:\\\/\\\/www.fuegos.eu\\\/#website\"},\"primaryImageOfPage\":{\"@id\":\"https:\\\/\\\/www.fuegos.eu\\\/product\\\/jagd-jagdhunde-erste-hilfe-tasche\\\/#primaryimage\"},\"image\":{\"@id\":\"https:\\\/\\\/www.fuegos.eu\\\/product\\\/jagd-jagdhunde-erste-hilfe-tasche\\\/#primaryimage\"},\"thumbnailUrl\":\"https:\\\/\\\/www.fuegos.eu\\\/wp-content\\\/uploads\\\/2021\\\/11\\\/Erste_Hilfe_Jagdhund_Erste-Hilfe-Set_Fuegos.jpg\",\"datePublished\":\"2021-11-01T08:18:29+00:00\",\"dateModified\":\"2024-12-19T16:55:21+00:00\",\"description\":\"Jagdhund-Erste Hilfe, Jagd-Hunderettung: Erste Hilfe beim Jagd, Klettersitz - Stabilisierungsgurte, Jagd, Baum - Klettersitz, Wildh\u00fcte, Wildbestandkontrolle, Forst, Waldbeobachtung, Naturschutz, Jagen, Beobachten Naturbeobachten, Wildbeobachten, Baumsitz, Jagd privaten Forstbetrieb, Jagdrevier. Sicherheit und Stabilit\u00e4t im Jagdbereich, Natur-Wald- Landschafts-, Tier- und Umweltschutz.100\u00a0% Made in Germany.\",\"breadcrumb\":{\"@id\":\"https:\\\/\\\/www.fuegos.eu\\\/product\\\/jagd-jagdhunde-erste-hilfe-tasche\\\/#breadcrumb\"},\"inLanguage\":\"fr-FR\",\"potentialAction\":[{\"@type\":\"ReadAction\",\"target\":[\"https:\\\/\\\/www.fuegos.eu\\\/product\\\/jagd-jagdhunde-erste-hilfe-tasche\\\/\"]}]},{\"@type\":\"ImageObject\",\"inLanguage\":\"fr-FR\",\"@id\":\"https:\\\/\\\/www.fuegos.eu\\\/product\\\/jagd-jagdhunde-erste-hilfe-tasche\\\/#primaryimage\",\"url\":\"https:\\\/\\\/www.fuegos.eu\\\/wp-content\\\/uploads\\\/2021\\\/11\\\/Erste_Hilfe_Jagdhund_Erste-Hilfe-Set_Fuegos.jpg\",\"contentUrl\":\"https:\\\/\\\/www.fuegos.eu\\\/wp-content\\\/uploads\\\/2021\\\/11\\\/Erste_Hilfe_Jagdhund_Erste-Hilfe-Set_Fuegos.jpg\",\"width\":1920,\"height\":1080,\"caption\":\"Erste Hilfe f\u00fcr Jagdhunde. Erste Hilfe Set Hund von Fuegos\"},{\"@type\":\"BreadcrumbList\",\"@id\":\"https:\\\/\\\/www.fuegos.eu\\\/product\\\/jagd-jagdhunde-erste-hilfe-tasche\\\/#breadcrumb\",\"itemListElement\":[{\"@type\":\"ListItem\",\"position\":1,\"name\":\"Home\",\"item\":\"https:\\\/\\\/www.fuegos.eu\\\/\"},{\"@type\":\"ListItem\",\"position\":2,\"name\":\"Shop\",\"item\":\"https:\\\/\\\/www.fuegos.eu\\\/forstguertel-taschen-online-kaufen\\\/\"},{\"@type\":\"ListItem\",\"position\":3,\"name\":\"Erste Hilfe Tasche f\u00fcr Jagdhunde\"}]},{\"@type\":\"WebSite\",\"@id\":\"https:\\\/\\\/www.fuegos.eu\\\/#website\",\"url\":\"https:\\\/\\\/www.fuegos.eu\\\/\",\"name\":\"Fuegos\",\"description\":\"Textile L\u00f6sungen nach Ma\u00df\",\"publisher\":{\"@id\":\"https:\\\/\\\/www.fuegos.eu\\\/#organization\"},\"potentialAction\":[{\"@type\":\"SearchAction\",\"target\":{\"@type\":\"EntryPoint\",\"urlTemplate\":\"https:\\\/\\\/www.fuegos.eu\\\/?s={search_term_string}\"},\"query-input\":{\"@type\":\"PropertyValueSpecification\",\"valueRequired\":true,\"valueName\":\"search_term_string\"}}],\"inLanguage\":\"fr-FR\"},{\"@type\":\"Organization\",\"@id\":\"https:\\\/\\\/www.fuegos.eu\\\/#organization\",\"name\":\"Fuegos\",\"url\":\"https:\\\/\\\/www.fuegos.eu\\\/\",\"logo\":{\"@type\":\"ImageObject\",\"inLanguage\":\"fr-FR\",\"@id\":\"https:\\\/\\\/www.fuegos.eu\\\/#\\\/schema\\\/logo\\\/image\\\/\",\"url\":\"https:\\\/\\\/fuegos.eu\\\/wp-content\\\/uploads\\\/2020\\\/05\\\/FuegosSignatur000.jpg\",\"contentUrl\":\"https:\\\/\\\/fuegos.eu\\\/wp-content\\\/uploads\\\/2020\\\/05\\\/FuegosSignatur000.jpg\",\"width\":960,\"height\":408,\"caption\":\"Fuegos\"},\"image\":{\"@id\":\"https:\\\/\\\/www.fuegos.eu\\\/#\\\/schema\\\/logo\\\/image\\\/\"},\"sameAs\":[\"https:\\\/\\\/www.facebook.com\\\/FuegosForst\\\/\",\"https:\\\/\\\/www.youtube.com\\\/channel\\\/UC0SFe93Vgi6YZV6tSCOLdkA\"]}]}<\/script>\n<!-- \/ Yoast SEO plugin. -->","yoast_head_json":{"title":"Premiers Secours Poche pour les Chiens de chasse \u2022 Fuegos %","description":"Chien de chasse-Premiers Secours, de Chasse au chien d&#039;apariv: Premiers Secours lors de la Chasse, Klettersitz - Stabilisierungsgurte, de la Chasse, de l&#039;Arbre Klettersitz, Wildh\u00fcte, Wildbestandkontrolle, des For\u00eats, des For\u00eats, la protection de la Nature, la Chasse, Regarder Naturbeobachten, Wildbeobachten, Baumsitz, Chasse priv\u00e9e, exploitation foresti\u00e8re, de Chasse. La s\u00e9curit\u00e9 et la Stabilit\u00e9 dans Jagdbereich, de la Nature, For\u00eat, Paysages, d&#039;Animaux et de protection de l&#039;Environnement.100 % Made in Germany.","robots":{"index":"index","follow":"follow","max-snippet":"max-snippet:-1","max-image-preview":"max-image-preview:large","max-video-preview":"max-video-preview:-1"},"canonical":"https:\/\/www.fuegos.eu\/fr\/product\/jagd-jagdhunde-erste-hilfe-tasche\/","og_locale":"fr_FR","og_type":"article","og_title":"Erste Hilfe Tasche f\u00fcr Jagdhunde &#8226; Fuegos %","og_description":"Jagdhund-Erste Hilfe, Jagd-Hunderettung: Erste Hilfe beim Jagd, Klettersitz - Stabilisierungsgurte, Jagd, Baum - Klettersitz, Wildh\u00fcte, Wildbestandkontrolle, Forst, Waldbeobachtung, Naturschutz, Jagen, Beobachten Naturbeobachten, Wildbeobachten, Baumsitz, Jagd privaten Forstbetrieb, Jagdrevier. Sicherheit und Stabilit\u00e4t im Jagdbereich, Natur-Wald- Landschafts-, Tier- und Umweltschutz.100\u00a0% Made in Germany.","og_url":"https:\/\/www.fuegos.eu\/fr\/product\/jagd-jagdhunde-erste-hilfe-tasche\/","og_site_name":"Fuegos","article_publisher":"https:\/\/www.facebook.com\/FuegosForst\/","article_modified_time":"2024-12-19T16:55:21+00:00","og_image":[{"width":1920,"height":1080,"url":"https:\/\/www.fuegos.eu\/wp-content\/uploads\/2021\/11\/Erste_Hilfe_Jagdhund_Erste-Hilfe-Set_Fuegos.jpg","type":"image\/jpeg"}],"twitter_card":"summary_large_image","twitter_misc":{"Dur\u00e9e de lecture estim\u00e9e":"3 minutes"},"schema":{"@context":"https:\/\/schema.org","@graph":[{"@type":"WebPage","@id":"https:\/\/www.fuegos.eu\/product\/jagd-jagdhunde-erste-hilfe-tasche\/","url":"https:\/\/www.fuegos.eu\/product\/jagd-jagdhunde-erste-hilfe-tasche\/","name":"Premiers Secours Poche pour les Chiens de chasse \u2022 Fuegos %","isPartOf":{"@id":"https:\/\/www.fuegos.eu\/#website"},"primaryImageOfPage":{"@id":"https:\/\/www.fuegos.eu\/product\/jagd-jagdhunde-erste-hilfe-tasche\/#primaryimage"},"image":{"@id":"https:\/\/www.fuegos.eu\/product\/jagd-jagdhunde-erste-hilfe-tasche\/#primaryimage"},"thumbnailUrl":"https:\/\/www.fuegos.eu\/wp-content\/uploads\/2021\/11\/Erste_Hilfe_Jagdhund_Erste-Hilfe-Set_Fuegos.jpg","datePublished":"2021-11-01T08:18:29+00:00","dateModified":"2024-12-19T16:55:21+00:00","description":"Chien de chasse-Premiers Secours, de Chasse au chien d&#039;apariv: Premiers Secours lors de la Chasse, Klettersitz - Stabilisierungsgurte, de la Chasse, de l&#039;Arbre Klettersitz, Wildh\u00fcte, Wildbestandkontrolle, des For\u00eats, des For\u00eats, la protection de la Nature, la Chasse, Regarder Naturbeobachten, Wildbeobachten, Baumsitz, Chasse priv\u00e9e, exploitation foresti\u00e8re, de Chasse. La s\u00e9curit\u00e9 et la Stabilit\u00e9 dans Jagdbereich, de la Nature, For\u00eat, Paysages, d&#039;Animaux et de protection de l&#039;Environnement.100 % Made in Germany.","breadcrumb":{"@id":"https:\/\/www.fuegos.eu\/product\/jagd-jagdhunde-erste-hilfe-tasche\/#breadcrumb"},"inLanguage":"fr-FR","potentialAction":[{"@type":"ReadAction","target":["https:\/\/www.fuegos.eu\/product\/jagd-jagdhunde-erste-hilfe-tasche\/"]}]},{"@type":"ImageObject","inLanguage":"fr-FR","@id":"https:\/\/www.fuegos.eu\/product\/jagd-jagdhunde-erste-hilfe-tasche\/#primaryimage","url":"https:\/\/www.fuegos.eu\/wp-content\/uploads\/2021\/11\/Erste_Hilfe_Jagdhund_Erste-Hilfe-Set_Fuegos.jpg","contentUrl":"https:\/\/www.fuegos.eu\/wp-content\/uploads\/2021\/11\/Erste_Hilfe_Jagdhund_Erste-Hilfe-Set_Fuegos.jpg","width":1920,"height":1080,"caption":"Erste Hilfe f\u00fcr Jagdhunde. Erste Hilfe Set Hund von Fuegos"},{"@type":"BreadcrumbList","@id":"https:\/\/www.fuegos.eu\/product\/jagd-jagdhunde-erste-hilfe-tasche\/#breadcrumb","itemListElement":[{"@type":"ListItem","position":1,"name":"Home","item":"https:\/\/www.fuegos.eu\/"},{"@type":"ListItem","position":2,"name":"Shop","item":"https:\/\/www.fuegos.eu\/forstguertel-taschen-online-kaufen\/"},{"@type":"ListItem","position":3,"name":"Erste Hilfe Tasche f\u00fcr Jagdhunde"}]},{"@type":"WebSite","@id":"https:\/\/www.fuegos.eu\/#website","url":"https:\/\/www.fuegos.eu\/","name":"Fuegos","description":"Textile des Solutions sur Mesure","publisher":{"@id":"https:\/\/www.fuegos.eu\/#organization"},"potentialAction":[{"@type":"SearchAction","target":{"@type":"EntryPoint","urlTemplate":"https:\/\/www.fuegos.eu\/?s={search_term_string}"},"query-input":{"@type":"PropertyValueSpecification","valueRequired":true,"valueName":"search_term_string"}}],"inLanguage":"fr-FR"},{"@type":"Organization","@id":"https:\/\/www.fuegos.eu\/#organization","name":"Fuegos","url":"https:\/\/www.fuegos.eu\/","logo":{"@type":"ImageObject","inLanguage":"fr-FR","@id":"https:\/\/www.fuegos.eu\/#\/schema\/logo\/image\/","url":"https:\/\/fuegos.eu\/wp-content\/uploads\/2020\/05\/FuegosSignatur000.jpg","contentUrl":"https:\/\/fuegos.eu\/wp-content\/uploads\/2020\/05\/FuegosSignatur000.jpg","width":960,"height":408,"caption":"Fuegos"},"image":{"@id":"https:\/\/www.fuegos.eu\/#\/schema\/logo\/image\/"},"sameAs":["https:\/\/www.facebook.com\/FuegosForst\/","https:\/\/www.youtube.com\/channel\/UC0SFe93Vgi6YZV6tSCOLdkA"]}]}},"_links":{"self":[{"href":"https:\/\/www.fuegos.eu\/fr\/wp-json\/wp\/v2\/product\/244699","targetHints":{"allow":["GET"]}}],"collection":[{"href":"https:\/\/www.fuegos.eu\/fr\/wp-json\/wp\/v2\/product"}],"about":[{"href":"https:\/\/www.fuegos.eu\/fr\/wp-json\/wp\/v2\/types\/product"}],"replies":[{"embeddable":true,"href":"https:\/\/www.fuegos.eu\/fr\/wp-json\/wp\/v2\/comments?post=244699"}],"wp:featuredmedia":[{"embeddable":true,"href":"https:\/\/www.fuegos.eu\/fr\/wp-json\/wp\/v2\/media\/244721"}],"wp:attachment":[{"href":"https:\/\/www.fuegos.eu\/fr\/wp-json\/wp\/v2\/media?parent=244699"}],"wp:term":[{"taxonomy":"product_brand","embeddable":true,"href":"https:\/\/www.fuegos.eu\/fr\/wp-json\/wp\/v2\/product_brand?post=244699"},{"taxonomy":"product_cat","embeddable":true,"href":"https:\/\/www.fuegos.eu\/fr\/wp-json\/wp\/v2\/product_cat?post=244699"},{"taxonomy":"product_tag","embeddable":true,"href":"https:\/\/www.fuegos.eu\/fr\/wp-json\/wp\/v2\/product_tag?post=244699"}],"curies":[{"name":"wp","href":"https:\/\/api.w.org\/{rel}","templated":true}]}}