{"id":246954,"date":"2021-11-12T11:12:37","date_gmt":"2021-11-12T10:12:37","guid":{"rendered":"https:\/\/fuegos.eu\/?post_type=product&#038;p=246954"},"modified":"2024-02-29T22:58:46","modified_gmt":"2024-02-29T21:58:46","slug":"gps-tasche-fuer-jagd-gps-geraete","status":"publish","type":"product","link":"https:\/\/www.fuegos.eu\/fr\/product\/gps-tasche-fuer-jagd-gps-geraete\/","title":{"rendered":"GPS Tasche f\u00fcr Jagd GPS Ger\u00e4tehttps:\/\/fuegos.eu\/wp-admin\/edit.php?post_type=product"},"content":{"rendered":"<h3><strong>Br\u00e8ve description:<\/strong><\/h3>\n<p class=\"translation-block\">Sacoche GPS con\u00e7ue pour tous les appareils GPS de chasse. Peut \u00eatre combin\u00e9e avec la ceinture de chasse et foresti\u00e8re Fuegos et le syst\u00e8me de transport \u00e0 bandouli\u00e8re. Le syst\u00e8me est facile \u00e0 fixer et \u00e0 retirer. Utilisation flexible avec le syst\u00e8me de transport \u00e0 bandouli\u00e8re ou la ceinture foresti\u00e8re.<\/p>\n<p>&nbsp;<\/p>\n<h3><strong>L&#039;Id\u00e9e de la Fuegos GPS de Poche GPS-T100:<\/strong><\/h3>\n<h4><strong>Plus grande Port\u00e9e, Acc\u00e8s rapide, fonctionnel et agr\u00e9able \u00e0 Porter.<br \/>\n<\/strong><\/h4>\n<h4><strong>Dans Le D\u00e9tail<br \/>\n<\/strong><\/h4>\n<ul>\n<li>\n<ul>\n<li>Umrundschutz de l&#039;Appareil, en priorit\u00e9<\/li>\n<li>contre Chocs, de la R\u00e9sine, de la Salet\u00e9.<\/li>\n<li>Ainsi, en plus de la S\u00e9curit\u00e9 des personnes et<\/li>\n<li>la plus longue Ger\u00e4teleben<\/li>\n<li>Port\u00e9 \u00e0 la Ceinture, d&#039;un Appareil d\u00e9pend certainement, l\u00e0 o\u00f9 il doit \u00eatre, z\u00e9ro risque de Perte,<\/li>\n<li>Le poids d&#039;une agr\u00e9able mani\u00e8re \u00e9quilibr\u00e9e<\/li>\n<li>Universel de l&#039;unit\u00e9 et de la Fonction Design adapt\u00e9<\/li>\n<\/ul>\n<\/li>\n<\/ul>\n<p>&nbsp;<\/p>\n<h3 class=\"translation-block\"><b>La fonction centrale du GPS-T100 i<\/b><b>en combinaison avec le <a href=\"https:\/\/www.fuegos.eu\/fr\/produit\/schultertragesystem-forstguertel-werkzeugguertel\/\" target=\"_blank\" rel=\"noopener\">syst\u00e8me de transport \u00e0 bandouli\u00e8re STS100<\/a> :<\/b><\/h3>\n<h5><b>Le plus important<\/b><\/h5>\n<ul>\n<li class=\"translation-block\"><b>Port\u00e9e accrue gr\u00e2ce \u00e0 l'augmentation de la port\u00e9e d'\u00e9mission et de r\u00e9ception, <\/b><b>\u00e0 la conception Fuegos STS et au positionnement crois\u00e9 du blindage de la masse propre afin d'\u00e9viter les interf\u00e9rences analogiques ou le basculement num\u00e9rique des signaux.<\/li>\n<\/ul>\n<p><b>Au\u00dferdem<\/b><\/p>\n<ul>\n<li>plus de Confort au Porter<\/li>\n<li>Protection suppl\u00e9mentaire des Chasseurs contre les forces d&#039;impact<\/li>\n<li>Le soulagement de Poids de l&#039;\u00c9quipement<\/li>\n<li>Pratique de Placement \u00e0 la Ceinture<\/li>\n<li>Facile \u00c0 D\u00e9tacher<\/li>\n<\/ul>\n<p>Fuegos GPS-T100 permet, en Combinaison avec notre Schultertragesysteme plus \u00e0 Port\u00e9e de la main. Dans la For\u00eat, la R\u00e9ception n&#039;est pas toujours le meilleur, parmi les mauvaises conditions M\u00e9t\u00e9orologiques de moiti\u00e9 m\u00eame. Surtout sur le Terrain et de la For\u00eat sur le Niveau normal, au-del\u00e0 de ce qui n&#039;est toujours le cas en dehors des Alpes.<\/p>\n<p>&nbsp;<\/p>\n<h3><strong>Les Funkger\u00e4tetasche<\/strong><\/h3>\n<h4><strong>Fonction : <\/strong><\/h4>\n<p class=\"translation-block\">La sacoche pour appareil radio est <strong>sp\u00e9cialement con\u00e7ue pour les appareils GPS de chasse courants<\/strong>.<strong> <\/strong> Son positionnement sur le syst\u00e8me de transport \u00e0 bandouli\u00e8re offre une port\u00e9e nettement sup\u00e9rieure \u00e0 celle obtenue avec une fixation \u00e0 la ceinture.<\/p>\n<h4><strong>Mat\u00e9riau :<\/strong><\/h4>\n<p class=\"translation-block\">Le mat\u00e9riau de la housse pour appareil GPS est compos\u00e9 de <strong>cuir polym\u00e8re Fuegos haute technologie r\u00e9sistant \u00e0 l'abrasion<\/strong>. Le film (si pr\u00e9sent, selon le mod\u00e8le) est tactile. Cela le rend particuli\u00e8rement r\u00e9sistant aux intemp\u00e9ries. Les fils utilis\u00e9s pour les coutures sont des filaments polyesters de haute qualit\u00e9. Fuegos garantit ainsi une <strong>long\u00e9vit\u00e9<\/strong> jusqu'au dernier point de couture. Nous garantissons ainsi une dur\u00e9e de vie durable.<\/p>\n<h4><strong>Avantages :<\/strong><\/h4>\n<p class=\"translation-block\">Fuegos <strong>offre une plus grande port\u00e9e gr\u00e2ce \u00e0 ses syst\u00e8mes de transport <\/strong>dans le domaine de la communication \u00e9metteur-r\u00e9cepteur. Cette pochette pour appareil GPS est r\u00e9sistante et <strong>int\u00e9grable au syst\u00e8me de transport Fuegos<\/strong>. Elle permet ainsi \u00e0 son utilisateur d'<strong>atteindre une plus grande port\u00e9e en for\u00eat et en terrain montagneux<\/strong>. La pochette pour appareil GPS est \u00e9galement compatible avec les diff\u00e9rents syst\u00e8mes complets de ceintures foresti\u00e8res. Vous achetez <strong>un produit fabriqu\u00e9 en Allemagne<\/strong>.<\/p>\n<p>&nbsp;<\/p>\n<h3><strong>Donn\u00e9es techniques<\/strong><\/h3>\n<h4><strong> Forme:<\/strong><\/h4>\n<p>Uniforme rectangulaire. H13,0 x B7,5 x T5,0 cm<\/p>\n<h4><strong>Mat\u00e9riau<\/strong>:<\/h4>\n<p>R\u00e9sistant \u00c0 L&#039;Abrasion High-Tech Polymerleder.<\/p>\n<h4><strong>Poids :<\/strong><\/h4>\n<p>L\u00e9g\u00e8re 45g.<\/p>\n<h4><strong>Pays d'origine :<\/strong><\/h4>\n<p>Allemagne.<\/p>\n<h4><strong>Utilisation :<\/strong><\/h4>\n<p class=\"translation-block\">Localisation pr\u00e9cise, g\u00e9olocalisation,  syst\u00e8me mondial de navigation par satellite, s\u00e9curit\u00e9 dans le domaine de la chasse et de la sylviculture.<\/p>\n<p>&nbsp;<\/p>\n<h3><strong>domaine d'utilisation<\/strong><strong>:<\/strong><\/h3>\n<p>Les GPS de Poche de Fuegos est une Partie du personnel de la Chasse et de Forstausr\u00fcstung. Prot\u00e9gez-les contre des p\u00e9riph\u00e9riques en en mauvais Terrain.<\/p>\n<h3><strong>Recommandation : <\/strong><\/h3>\n<p>Le GPS Ger\u00e4tetasche est une Partie int\u00e9grale de la Chasse et de Forstausr\u00fcstung.<\/p>\n<ul>\n<li class=\"translation-block\"><a href=\"https:\/\/www.fuegos.eu\/fr\/produit\/multifunktionsgurt-fuer-forstwirte-fw-mfg100\/\" target=\"_blank\" rel=\"noopener\">Ceinture foresti\u00e8re pour sylviculteurs et ma\u00eetres sylviculteurs FWSTS100<\/a> \u2013 Ceintures foresti\u00e8res ergonomiques<\/li>\n<li class=\"translation-block\"><a href=\"https:\/\/www.fuegos.eu\/fr\/produit\/tragesystem-forstwirte\/\" target=\"_blank\" rel=\"noopener\">Sangle d'\u00e9paule FW-MFG100<\/a>  \u2013 Avec appui ergonomique. Favorise la r\u00e9partition du poids.<\/li>\n<li class=\"translation-block\"><a href=\"https:\/\/www.fuegos.eu\/fr\/produit\/messkluppenhalterung\/\" target=\"_blank\" rel=\"noopener\">Support pour m\u00e8tre pliant MKH001<\/a> \u2013 Pour droitiers et gauchers. Triple r\u00e9glage de l'angle.<\/li>\n<li class=\"translation-block\"><a href=\"https:\/\/www.fuegos.eu\/fr\/produit\/forst-massband\/\" target=\"_blank\" rel=\"noopener\">Support pour m\u00e8tre ruban<\/a> \u2013 Avec syst\u00e8me d'\u00e9quilibrage et suspension magn\u00e9tique. Compatible avec les mod\u00e8les de 15 et 25 m\u00e8tres de long.<\/li>\n<li class=\"translation-block\"><a href=\"https:\/\/www.fuegos.eu\/fr\/produit\/keiltasche-fuer-zwei-faellkeile-kompatibel-mit-mechanischen-keilen-kopie\/\" target=\"_blank\" rel=\"noopener\">Sacoche pour deux coins d'abattage<\/a> \u2013 Compatible avec les coins m\u00e9caniques et r\u00e9glable<\/li>\n<li class=\"translation-block\"><a href=\"https:\/\/www.fuegos.eu\/fr\/produit\/motorsaegenwerkzeug-holster-kombiwerkzeuge-feilen\/\" target=\"_blank\" rel=\"noopener\">\u00c9tui pour outils de tron\u00e7onneuse TMW001 <\/a>\u2013 Compatible avec les coins m\u00e9caniques et r\u00e9glable<\/li>\n<li class=\"translation-block\"><a href=\"https:\/\/www.fuegos.eu\/fr\/produit\/erste-hilfe\/\" target=\"_blank\" rel=\"noopener\">Trousse de premiers secours pour les travailleurs forestiers<\/a> \u2013 comprenant un sac imperm\u00e9able et un assortiment de produits pour les br\u00fblures conform\u00e9ment \u00e0 la norme DIN 13164<\/li>\n<li class=\"translation-block\"><a href=\"https:\/\/www.fuegos.eu\/fr\/produit\/stift\/\" target=\"_blank\" rel=\"noopener\">Porte-crayons Halterung <\/a><a class=\"row-title\" href=\"https:\/\/www.fuegos.eu\/wp-admin\/post.php?post=1196&amp;action=edit\" target=\"_blank\" rel=\"noopener\">DST001<\/a><a href=\"https:\/\/www.fuegos.eu\/fr\/produit\/stift\/\" target=\"_blank\" rel=\"noopener\"> <\/a><\/li>\n<li class=\"translation-block\"><a href=\"https:\/\/www.fuegos.eu\/fr\/produit\/kuno-funkgeraettasche-forstguertel-komplettsystem\/\" target=\"_blank\" rel=\"noopener\">Sacoche pour radio<\/a> NexEdge NX-3300E2 \u2013 Compatible avec le syst\u00e8me de transport \u00e0 bandouli\u00e8re<\/li>\n<\/ul>\n<h3><\/h3>\n<h3><strong>Mesures d'\u00e9conomie : <\/strong><\/h3>\n<ul>\n<li class=\"translation-block\"><a href=\"https:\/\/www.fuegos.eu\/fr\/produit\/tragesystem-fuer-auszubildende-forstwirte-fw-ts100\/\" target=\"_blank\" rel=\"noopener\">Auszubildende <\/a><a class=\"row-title\" href=\"https:\/\/www.fuegos.eu\/wp-admin\/post.php?post=234972&amp;action=edit\" target=\"_blank\" rel=\"noopener\">FW-TS100<\/a> \u2013 Ceinture de s\u00e9curit\u00e9 avec composants et syst\u00e8me de transport \u00e0 l'\u00e9paule<\/li>\n<li class=\"translation-block\"><a href=\"https:\/\/www.fuegos.eu\/fr\/produit\/forstwirte-tragesystem\/\" target=\"_self\">Forestiers et ma\u00eetres forestiers <\/a><a title=\"Kit ceinture foresti\u00e8re \/ Kit ceinture \u00e0 outils forestiers\" href=\"https:\/\/www.fuegos.eu\/fr\/produit\/forstwirte-tragesystem\/\" target=\"_blank\" rel=\"noopener noreferrer\">FW-TS001<\/a> \u2013 Ceinture foresti\u00e8re avec composants et syst\u00e8me de transport \u00e0 bandouli\u00e8re<\/li>\n<li class=\"translation-block\"><a href=\"https:\/\/www.fuegos.eu\/fr\/produit\/foerster-tragesystem\/\" target=\"_self\">F\u00f6rster F\u00d6-TS001<\/a> \u2013 Ceinture foresti\u00e8re avec composant et syst\u00e8me de transport sur les \u00e9paules<\/li>\n<li class=\"translation-block\"><a href=\"https:\/\/www.fuegos.eu\/fr\/produit\/foerster-multifunktionsgurt-mit-groedel-austrialpin-groedel\/\" target=\"_self\">Pack combin\u00e9 Gr\u00f6del<\/a> \u2013 Ceinture foresti\u00e8re pour forestiers avec crampons \u00e0 6 pointes<\/li>\n<\/ul>\n<p>&nbsp;<\/p>\n<h3><strong>Connu pour :<\/strong><\/h3>\n<ul>\n<li><a href=\"https:\/\/www.forstpraxis.de\/fuego-sport-tragesystem-forst\/\">Test : syst\u00e8me de portage Fuego-Sport <\/a>\u2013 La Sylviculture Et De La Technologie<\/li>\n<li><a href=\"https:\/\/www.forstpraxis.de\/fuegos-rapid-klick\/\">Fuegos avec clic rapide<\/a> \u2013 La Sylviculture Et De La Technologie<\/li>\n<li><a href=\"https:\/\/www.forstpraxis.de\/leichte-schulter\/\"> \u00c9paules l\u00e9g\u00e8res<\/a> \u2013 La Sylviculture Et De La Technologie<\/li>\n<li class=\"translation-block\"><a href=\"https:\/\/www.profi.de\/aktuell\/neuheiten\/multifunktionales-forst-tragesystem-12379412.html\" target=\"_blank\" rel=\"noopener\">Syst\u00e8me de transport forestier multifonctionnel<\/a> \u2013 Magazine Profi<\/li>\n<\/ul>","protected":false},"excerpt":{"rendered":"<p>Avec le GPS Ger\u00e4tetasche pour les courants GPS de Chasse de P\u00e9riph\u00e9riques Vous positionner plus pr\u00e9cis\u00e9ment de suite. Le Sac permet de Fixer les Schultertragesystem. Ainsi, la Port\u00e9e de la main dans la For\u00eat augmente. L&#039;Innovation Made dans le Jura Souabe.<\/p>\n<p>GPS-T100 a \u00e9t\u00e9 repens\u00e9 comme un Soutien de la chasse pour la Protection de la biodiversit\u00e9 en For\u00eat - Triages, des R\u00e9serves naturelles, de ForstBW, BaySF, \u00d6BF, Foresti\u00e8res et Foresti\u00e8res du Minist\u00e8re d&#039;etat de Saxe pour la protection du Climat, de l&#039;Environnement et de l&#039;Agriculture, de Hesse, de la Sylviculture, etc. Fuegos depuis 2015 reklamationsfrei poches de rangements et de Syst\u00e8mes de transport pour les Autorit\u00e9s et les Institutions.<\/p>","protected":false},"featured_media":246955,"comment_status":"open","ping_status":"closed","template":"","meta":{"_et_pb_use_builder":"","_et_pb_old_content":"","_et_gb_content_width":""},"product_brand":[],"product_cat":[25,34,81],"product_tag":[],"class_list":{"0":"post-246954","1":"product","2":"type-product","3":"status-publish","4":"has-post-thumbnail","6":"product_cat-forst","7":"product_cat-foerster","8":"product_cat-jagd","10":"first","11":"instock","12":"taxable","13":"shipping-taxable","14":"purchasable","15":"product-type-simple"},"yoast_head":"<!-- This site is optimized with the Yoast SEO plugin v27.3 - https:\/\/yoast.com\/product\/yoast-seo-wordpress\/ -->\n<title>GPS Tasche f\u00fcr Jagd GPS Ger\u00e4tehttps:\/\/fuegos.eu\/wp-admin\/edit.php?post_type=product &#8226; Fuegos<\/title>\n<meta name=\"description\" content=\"Jagd-Universal-GPS-Ger\u00e4tetasche \u2022 Jagd-Kompletsystem. Globales Navigationssatellitensystem, Positionsbestimmung, Ortung, Navvegation. Jagd-G\u00fcrtel. Taktische Systeme. Forstg\u00fcrtel-Komplettsystem. Funkger\u00e4tetasche f\u00fcr NexEdge-Funkger\u00e4te. Notrufsysteme- Forstg\u00fcrtel- und Schultertragesystem kompatibel. Funk-Notsignal.100\u00a0% Made in Germany.\" \/>\n<meta name=\"robots\" content=\"index, follow, max-snippet:-1, max-image-preview:large, max-video-preview:-1\" \/>\n<link rel=\"canonical\" href=\"https:\/\/www.fuegos.eu\/fr\/product\/gps-tasche-fuer-jagd-gps-geraete\/\" \/>\n<meta property=\"og:locale\" content=\"fr_FR\" \/>\n<meta property=\"og:type\" content=\"article\" \/>\n<meta property=\"og:title\" content=\"GPS Tasche f\u00fcr Jagd GPS Ger\u00e4tehttps:\/\/fuegos.eu\/wp-admin\/edit.php?post_type=product &#8226; Fuegos\" \/>\n<meta property=\"og:description\" content=\"Jagd-Universal-GPS-Ger\u00e4tetasche \u2022 Jagd-Kompletsystem. Globales Navigationssatellitensystem, Positionsbestimmung, Ortung, Navvegation. Jagd-G\u00fcrtel. Taktische Systeme. Forstg\u00fcrtel-Komplettsystem. Funkger\u00e4tetasche f\u00fcr NexEdge-Funkger\u00e4te. Notrufsysteme- Forstg\u00fcrtel- und Schultertragesystem kompatibel. Funk-Notsignal.100\u00a0% Made in Germany.\" \/>\n<meta property=\"og:url\" content=\"https:\/\/www.fuegos.eu\/fr\/product\/gps-tasche-fuer-jagd-gps-geraete\/\" \/>\n<meta property=\"og:site_name\" content=\"Fuegos\" \/>\n<meta property=\"article:publisher\" content=\"https:\/\/www.facebook.com\/FuegosForst\/\" \/>\n<meta property=\"article:modified_time\" content=\"2024-02-29T21:58:46+00:00\" \/>\n<meta property=\"og:image\" content=\"https:\/\/www.fuegos.eu\/wp-content\/uploads\/2021\/11\/Jagd-GPS-T100A-scaled.jpg\" \/>\n\t<meta property=\"og:image:width\" content=\"2560\" \/>\n\t<meta property=\"og:image:height\" content=\"2261\" \/>\n\t<meta property=\"og:image:type\" content=\"image\/jpeg\" \/>\n<meta name=\"twitter:card\" content=\"summary_large_image\" \/>\n<meta name=\"twitter:label1\" content=\"Dur\u00e9e de lecture estim\u00e9e\" \/>\n\t<meta name=\"twitter:data1\" content=\"3 minutes\" \/>\n<script type=\"application\/ld+json\" class=\"yoast-schema-graph\">{\"@context\":\"https:\\\/\\\/schema.org\",\"@graph\":[{\"@type\":\"WebPage\",\"@id\":\"https:\\\/\\\/www.fuegos.eu\\\/product\\\/gps-tasche-fuer-jagd-gps-geraete\\\/\",\"url\":\"https:\\\/\\\/www.fuegos.eu\\\/product\\\/gps-tasche-fuer-jagd-gps-geraete\\\/\",\"name\":\"GPS Tasche f\u00fcr Jagd GPS Ger\u00e4tehttps:\\\/\\\/fuegos.eu\\\/wp-admin\\\/edit.php?post_type=product &#8226; Fuegos\",\"isPartOf\":{\"@id\":\"https:\\\/\\\/www.fuegos.eu\\\/#website\"},\"primaryImageOfPage\":{\"@id\":\"https:\\\/\\\/www.fuegos.eu\\\/product\\\/gps-tasche-fuer-jagd-gps-geraete\\\/#primaryimage\"},\"image\":{\"@id\":\"https:\\\/\\\/www.fuegos.eu\\\/product\\\/gps-tasche-fuer-jagd-gps-geraete\\\/#primaryimage\"},\"thumbnailUrl\":\"https:\\\/\\\/www.fuegos.eu\\\/wp-content\\\/uploads\\\/2021\\\/11\\\/Jagd-GPS-T100A-scaled.jpg\",\"datePublished\":\"2021-11-12T10:12:37+00:00\",\"dateModified\":\"2024-02-29T21:58:46+00:00\",\"description\":\"Jagd-Universal-GPS-Ger\u00e4tetasche \u2022 Jagd-Kompletsystem. Globales Navigationssatellitensystem, Positionsbestimmung, Ortung, Navvegation. Jagd-G\u00fcrtel. Taktische Systeme. Forstg\u00fcrtel-Komplettsystem. Funkger\u00e4tetasche f\u00fcr NexEdge-Funkger\u00e4te. Notrufsysteme- Forstg\u00fcrtel- und Schultertragesystem kompatibel. Funk-Notsignal.100\u00a0% Made in Germany.\",\"breadcrumb\":{\"@id\":\"https:\\\/\\\/www.fuegos.eu\\\/product\\\/gps-tasche-fuer-jagd-gps-geraete\\\/#breadcrumb\"},\"inLanguage\":\"fr-FR\",\"potentialAction\":[{\"@type\":\"ReadAction\",\"target\":[\"https:\\\/\\\/www.fuegos.eu\\\/product\\\/gps-tasche-fuer-jagd-gps-geraete\\\/\"]}]},{\"@type\":\"ImageObject\",\"inLanguage\":\"fr-FR\",\"@id\":\"https:\\\/\\\/www.fuegos.eu\\\/product\\\/gps-tasche-fuer-jagd-gps-geraete\\\/#primaryimage\",\"url\":\"https:\\\/\\\/www.fuegos.eu\\\/wp-content\\\/uploads\\\/2021\\\/11\\\/Jagd-GPS-T100A-scaled.jpg\",\"contentUrl\":\"https:\\\/\\\/www.fuegos.eu\\\/wp-content\\\/uploads\\\/2021\\\/11\\\/Jagd-GPS-T100A-scaled.jpg\",\"width\":2560,\"height\":2261},{\"@type\":\"BreadcrumbList\",\"@id\":\"https:\\\/\\\/www.fuegos.eu\\\/product\\\/gps-tasche-fuer-jagd-gps-geraete\\\/#breadcrumb\",\"itemListElement\":[{\"@type\":\"ListItem\",\"position\":1,\"name\":\"Home\",\"item\":\"https:\\\/\\\/www.fuegos.eu\\\/\"},{\"@type\":\"ListItem\",\"position\":2,\"name\":\"Shop\",\"item\":\"https:\\\/\\\/www.fuegos.eu\\\/forstguertel-taschen-online-kaufen\\\/\"},{\"@type\":\"ListItem\",\"position\":3,\"name\":\"GPS Tasche f\u00fcr Jagd GPS Ger\u00e4tehttps:\\\/\\\/fuegos.eu\\\/wp-admin\\\/edit.php?post_type=product\"}]},{\"@type\":\"WebSite\",\"@id\":\"https:\\\/\\\/www.fuegos.eu\\\/#website\",\"url\":\"https:\\\/\\\/www.fuegos.eu\\\/\",\"name\":\"Fuegos\",\"description\":\"Textile L\u00f6sungen nach Ma\u00df\",\"publisher\":{\"@id\":\"https:\\\/\\\/www.fuegos.eu\\\/#organization\"},\"potentialAction\":[{\"@type\":\"SearchAction\",\"target\":{\"@type\":\"EntryPoint\",\"urlTemplate\":\"https:\\\/\\\/www.fuegos.eu\\\/?s={search_term_string}\"},\"query-input\":{\"@type\":\"PropertyValueSpecification\",\"valueRequired\":true,\"valueName\":\"search_term_string\"}}],\"inLanguage\":\"fr-FR\"},{\"@type\":\"Organization\",\"@id\":\"https:\\\/\\\/www.fuegos.eu\\\/#organization\",\"name\":\"Fuegos\",\"url\":\"https:\\\/\\\/www.fuegos.eu\\\/\",\"logo\":{\"@type\":\"ImageObject\",\"inLanguage\":\"fr-FR\",\"@id\":\"https:\\\/\\\/www.fuegos.eu\\\/#\\\/schema\\\/logo\\\/image\\\/\",\"url\":\"https:\\\/\\\/fuegos.eu\\\/wp-content\\\/uploads\\\/2020\\\/05\\\/FuegosSignatur000.jpg\",\"contentUrl\":\"https:\\\/\\\/fuegos.eu\\\/wp-content\\\/uploads\\\/2020\\\/05\\\/FuegosSignatur000.jpg\",\"width\":960,\"height\":408,\"caption\":\"Fuegos\"},\"image\":{\"@id\":\"https:\\\/\\\/www.fuegos.eu\\\/#\\\/schema\\\/logo\\\/image\\\/\"},\"sameAs\":[\"https:\\\/\\\/www.facebook.com\\\/FuegosForst\\\/\",\"https:\\\/\\\/www.youtube.com\\\/channel\\\/UC0SFe93Vgi6YZV6tSCOLdkA\"]}]}<\/script>\n<!-- \/ Yoast SEO plugin. -->","yoast_head_json":{"title":"GPS Tasche f\u00fcr Jagd GPS Ger\u00e4tehttps:\/\/fuegos.eu\/wp-admin\/edit.php?post_type=product &#8226; Fuegos","description":"Chasse-Universal-GPS-Ger\u00e4tetasche \u2022 Chasse-Kompletsystem. Mondial Navigationssatellitensystem, Localisation, Localisation, Navvegation. De Chasse Ceinture. Syst\u00e8mes Tactiques. Forstg\u00fcrtel Complet. Funkger\u00e4tetasche pour NexEdge Radios. Syst\u00e8mes d&#039;appel d&#039;urgence - Forstg\u00fcrtel et Schultertragesystem compatible. Radio Signal De D\u00e9tresse.100 % Made in Germany.","robots":{"index":"index","follow":"follow","max-snippet":"max-snippet:-1","max-image-preview":"max-image-preview:large","max-video-preview":"max-video-preview:-1"},"canonical":"https:\/\/www.fuegos.eu\/fr\/product\/gps-tasche-fuer-jagd-gps-geraete\/","og_locale":"fr_FR","og_type":"article","og_title":"GPS Tasche f\u00fcr Jagd GPS Ger\u00e4tehttps:\/\/fuegos.eu\/wp-admin\/edit.php?post_type=product &#8226; Fuegos","og_description":"Jagd-Universal-GPS-Ger\u00e4tetasche \u2022 Jagd-Kompletsystem. Globales Navigationssatellitensystem, Positionsbestimmung, Ortung, Navvegation. Jagd-G\u00fcrtel. Taktische Systeme. Forstg\u00fcrtel-Komplettsystem. Funkger\u00e4tetasche f\u00fcr NexEdge-Funkger\u00e4te. Notrufsysteme- Forstg\u00fcrtel- und Schultertragesystem kompatibel. Funk-Notsignal.100\u00a0% Made in Germany.","og_url":"https:\/\/www.fuegos.eu\/fr\/product\/gps-tasche-fuer-jagd-gps-geraete\/","og_site_name":"Fuegos","article_publisher":"https:\/\/www.facebook.com\/FuegosForst\/","article_modified_time":"2024-02-29T21:58:46+00:00","og_image":[{"width":2560,"height":2261,"url":"https:\/\/www.fuegos.eu\/wp-content\/uploads\/2021\/11\/Jagd-GPS-T100A-scaled.jpg","type":"image\/jpeg"}],"twitter_card":"summary_large_image","twitter_misc":{"Dur\u00e9e de lecture estim\u00e9e":"3 minutes"},"schema":{"@context":"https:\/\/schema.org","@graph":[{"@type":"WebPage","@id":"https:\/\/www.fuegos.eu\/product\/gps-tasche-fuer-jagd-gps-geraete\/","url":"https:\/\/www.fuegos.eu\/product\/gps-tasche-fuer-jagd-gps-geraete\/","name":"GPS Tasche f\u00fcr Jagd GPS Ger\u00e4tehttps:\/\/fuegos.eu\/wp-admin\/edit.php?post_type=product &#8226; Fuegos","isPartOf":{"@id":"https:\/\/www.fuegos.eu\/#website"},"primaryImageOfPage":{"@id":"https:\/\/www.fuegos.eu\/product\/gps-tasche-fuer-jagd-gps-geraete\/#primaryimage"},"image":{"@id":"https:\/\/www.fuegos.eu\/product\/gps-tasche-fuer-jagd-gps-geraete\/#primaryimage"},"thumbnailUrl":"https:\/\/www.fuegos.eu\/wp-content\/uploads\/2021\/11\/Jagd-GPS-T100A-scaled.jpg","datePublished":"2021-11-12T10:12:37+00:00","dateModified":"2024-02-29T21:58:46+00:00","description":"Chasse-Universal-GPS-Ger\u00e4tetasche \u2022 Chasse-Kompletsystem. Mondial Navigationssatellitensystem, Localisation, Localisation, Navvegation. De Chasse Ceinture. Syst\u00e8mes Tactiques. Forstg\u00fcrtel Complet. Funkger\u00e4tetasche pour NexEdge Radios. Syst\u00e8mes d&#039;appel d&#039;urgence - Forstg\u00fcrtel et Schultertragesystem compatible. Radio Signal De D\u00e9tresse.100 % Made in Germany.","breadcrumb":{"@id":"https:\/\/www.fuegos.eu\/product\/gps-tasche-fuer-jagd-gps-geraete\/#breadcrumb"},"inLanguage":"fr-FR","potentialAction":[{"@type":"ReadAction","target":["https:\/\/www.fuegos.eu\/product\/gps-tasche-fuer-jagd-gps-geraete\/"]}]},{"@type":"ImageObject","inLanguage":"fr-FR","@id":"https:\/\/www.fuegos.eu\/product\/gps-tasche-fuer-jagd-gps-geraete\/#primaryimage","url":"https:\/\/www.fuegos.eu\/wp-content\/uploads\/2021\/11\/Jagd-GPS-T100A-scaled.jpg","contentUrl":"https:\/\/www.fuegos.eu\/wp-content\/uploads\/2021\/11\/Jagd-GPS-T100A-scaled.jpg","width":2560,"height":2261},{"@type":"BreadcrumbList","@id":"https:\/\/www.fuegos.eu\/product\/gps-tasche-fuer-jagd-gps-geraete\/#breadcrumb","itemListElement":[{"@type":"ListItem","position":1,"name":"Home","item":"https:\/\/www.fuegos.eu\/"},{"@type":"ListItem","position":2,"name":"Shop","item":"https:\/\/www.fuegos.eu\/forstguertel-taschen-online-kaufen\/"},{"@type":"ListItem","position":3,"name":"GPS Tasche f\u00fcr Jagd GPS Ger\u00e4tehttps:\/\/fuegos.eu\/wp-admin\/edit.php?post_type=product"}]},{"@type":"WebSite","@id":"https:\/\/www.fuegos.eu\/#website","url":"https:\/\/www.fuegos.eu\/","name":"Fuegos","description":"Textile des Solutions sur Mesure","publisher":{"@id":"https:\/\/www.fuegos.eu\/#organization"},"potentialAction":[{"@type":"SearchAction","target":{"@type":"EntryPoint","urlTemplate":"https:\/\/www.fuegos.eu\/?s={search_term_string}"},"query-input":{"@type":"PropertyValueSpecification","valueRequired":true,"valueName":"search_term_string"}}],"inLanguage":"fr-FR"},{"@type":"Organization","@id":"https:\/\/www.fuegos.eu\/#organization","name":"Fuegos","url":"https:\/\/www.fuegos.eu\/","logo":{"@type":"ImageObject","inLanguage":"fr-FR","@id":"https:\/\/www.fuegos.eu\/#\/schema\/logo\/image\/","url":"https:\/\/fuegos.eu\/wp-content\/uploads\/2020\/05\/FuegosSignatur000.jpg","contentUrl":"https:\/\/fuegos.eu\/wp-content\/uploads\/2020\/05\/FuegosSignatur000.jpg","width":960,"height":408,"caption":"Fuegos"},"image":{"@id":"https:\/\/www.fuegos.eu\/#\/schema\/logo\/image\/"},"sameAs":["https:\/\/www.facebook.com\/FuegosForst\/","https:\/\/www.youtube.com\/channel\/UC0SFe93Vgi6YZV6tSCOLdkA"]}]}},"_links":{"self":[{"href":"https:\/\/www.fuegos.eu\/fr\/wp-json\/wp\/v2\/product\/246954","targetHints":{"allow":["GET"]}}],"collection":[{"href":"https:\/\/www.fuegos.eu\/fr\/wp-json\/wp\/v2\/product"}],"about":[{"href":"https:\/\/www.fuegos.eu\/fr\/wp-json\/wp\/v2\/types\/product"}],"replies":[{"embeddable":true,"href":"https:\/\/www.fuegos.eu\/fr\/wp-json\/wp\/v2\/comments?post=246954"}],"wp:featuredmedia":[{"embeddable":true,"href":"https:\/\/www.fuegos.eu\/fr\/wp-json\/wp\/v2\/media\/246955"}],"wp:attachment":[{"href":"https:\/\/www.fuegos.eu\/fr\/wp-json\/wp\/v2\/media?parent=246954"}],"wp:term":[{"taxonomy":"product_brand","embeddable":true,"href":"https:\/\/www.fuegos.eu\/fr\/wp-json\/wp\/v2\/product_brand?post=246954"},{"taxonomy":"product_cat","embeddable":true,"href":"https:\/\/www.fuegos.eu\/fr\/wp-json\/wp\/v2\/product_cat?post=246954"},{"taxonomy":"product_tag","embeddable":true,"href":"https:\/\/www.fuegos.eu\/fr\/wp-json\/wp\/v2\/product_tag?post=246954"}],"curies":[{"name":"wp","href":"https:\/\/api.w.org\/{rel}","templated":true}]}}