{"id":253558,"date":"2024-02-18T09:07:30","date_gmt":"2024-02-18T08:07:30","guid":{"rendered":"https:\/\/fuegos.eu\/?post_type=product&#038;p=253558"},"modified":"2026-01-08T22:30:16","modified_gmt":"2026-01-08T21:30:16","slug":"profi-forstguertel-arms-selber-zusammenstellen","status":"publish","type":"product","link":"https:\/\/www.fuegos.eu\/fr\/product\/profi-forstguertel-arms-selber-zusammenstellen\/","title":{"rendered":"Kit de ceinture foresti\u00e8re professionnelle ARMS | \u00c0 composer soi-m\u00eame"},"content":{"rendered":"<div class=\"pointer-events-none h-px w-px absolute top-0\" aria-hidden=\"true\" data-edge=\"true\">\n<h2 data-start=\"291\" data-end=\"320\">Profi-Forstg\u00fcrtel ARMS Set<\/h2>\n<p data-start=\"322\" data-end=\"663\">Le <strong data-start=\"326\" data-end=\"356\">Profi-Forstg\u00fcrtel ARMS Set<\/strong> ist das erste Schultertragesystem der Forstbranche, das nach den Fuegos S4+ Sicherheits-Standards entwickelt wurde. Es richtet sich gezielt an Forstwirte und Forstwirtschaftsmeister, die unter realen Einsatzbedingungen maximale Sicherheit, ergonomisches Arbeiten sowie zuverl\u00e4ssige Kommunikation ben\u00f6tigen.<\/p>\n<p data-start=\"665\" data-end=\"862\">Le <strong data-start=\"669\" data-end=\"699\">Profi-Forstg\u00fcrtel ARMS Set<\/strong> wurde f\u00fcr die Maximierung der Funkreichweite, die regelm\u00e4\u00dfige Wassereinnahme w\u00e4hrend der Arbeit und den aktiven Schutz im professionellen Forsteinsatz konzipiert.<\/p>\n<h2 data-start=\"919\" data-end=\"985\">Profi-Forstg\u00fcrtel Set ARMS \u2013 Entwicklung und Sicherheitskonzept<\/h2>\n<p data-start=\"987\" data-end=\"1274\">Le <strong data-start=\"991\" data-end=\"1021\">Profi-Forstg\u00fcrtel Set ARMS<\/strong> entstand in Zusammenarbeit mit der <span class=\"hover:entity-accent entity-underline inline cursor-pointer align-baseline\"><span class=\"whitespace-normal\">Hochschule Weihenstephan-Triesdorf<\/span><\/span> sowie auf Basis praxisnaher Studien der <a href=\"https:\/\/www.svlfg.de\/waldarbeit\"><span class=\"hover:entity-accent entity-underline inline cursor-pointer align-baseline\"><span class=\"whitespace-normal\">SVLFG<\/span><\/span><\/a>. Ergebnis ist ein <strong data-start=\"1191\" data-end=\"1210\">3-Stufen-System<\/strong>, das Schutz, Ergonomie und Funktionalit\u00e4t systematisch vereint.<\/p>\n<p data-start=\"1276\" data-end=\"1427\">Das integrierte <a href=\"https:\/\/www.fuegos.eu\/fr\/product\/profi-forst-schultertragesystem-arms4\/\"><strong data-start=\"1292\" data-end=\"1329\">ARMADILLO S4+ Schultertragesystem<\/strong><\/a> ist das erste seiner Art in der Forstbranche, das diese Sicherheitsstandards vollst\u00e4ndig erf\u00fcllt.<\/p>\n<h2 data-start=\"1434\" data-end=\"1508\">Profi-Forstg\u00fcrtel Set ARMS \u2013 Schutz bei gleichzeitiger Atmungsaktivit\u00e4t<\/h2>\n<p data-start=\"1510\" data-end=\"1751\">Le <strong data-start=\"1514\" data-end=\"1544\">Profi-Forstg\u00fcrtel Set ARMS<\/strong> bietet <strong data-start=\"1552\" data-end=\"1595\">aktiven Schutz gegen herabfallende \u00c4ste<\/strong> und \u00e4u\u00dfere Einwirkungen. Gleichzeitig sorgt das offene, hochatmungsaktive Design daf\u00fcr, dass auch bei hoher k\u00f6rperlicher Belastung kein Hitzestau entsteht.<\/p>\n<p data-start=\"1753\" data-end=\"1857\">Die verwendeten Materialien und die Konstruktion sind speziell f\u00fcr lange Arbeitstage im Forst ausgelegt.<\/p>\n<h2 data-start=\"1864\" data-end=\"1939\"><\/h2>\n<h2 data-start=\"1864\" data-end=\"1939\">Profi-Forstg\u00fcrtel Set ARMS \u2013 Trinkwasser-Integration f\u00fcr den Forstalltag<\/h2>\n<p data-start=\"1941\" data-end=\"2246\">Le <strong data-start=\"1945\" data-end=\"1975\">Profi-Forstg\u00fcrtel Set ARMS<\/strong> verf\u00fcgt \u00fcber eine integrierte <a href=\"https:\/\/www.fuegos.eu\/fr\/product\/trinkflaschen-tasche-schultersysteme-zubehoer\/\">Trinkwasserl\u00f6sung<\/a> f\u00fcr bis zu <strong data-start=\"2035\" data-end=\"2048\">0,5 Liter<\/strong>, die eine <strong data-start=\"2059\" data-end=\"2118\">kontinuierliche Fl\u00fcssigkeitsaufnahme w\u00e4hrend der Arbeit<\/strong> erm\u00f6glicht. Dies unterst\u00fctzt Konzentration und Leistungsf\u00e4higkeit und reduziert das Risiko von Ersch\u00f6pfung und Arbeitsunf\u00e4llen.<\/p>\n<h2 data-start=\"2253\" data-end=\"2318\"><\/h2>\n<h2 data-start=\"2253\" data-end=\"2318\">Profi-Forstg\u00fcrtel Set ARMS \u2013 Erh\u00f6hte Funkreichweite im Bestand<\/h2>\n<p data-start=\"2320\" data-end=\"2617\">Durch die gezielte Positionierung des Funksystems am Schultertragesystem erreicht das <strong data-start=\"2406\" data-end=\"2436\">Profi-Forstg\u00fcrtel Set ARMS<\/strong> eine <strong data-start=\"2442\" data-end=\"2495\">Erh\u00f6hung der Funkreichweite von bis zu 90 Prozent<\/strong>. Die stabile Funkverbindung verbessert die Kommunikation im Bestand und erh\u00f6ht die Sicherheit bei Einzel- und Teamarbeit.<\/p>\n<\/div>\n<h2 data-start=\"2624\" data-end=\"2686\"><\/h2>\n<h2 data-start=\"2624\" data-end=\"2686\">Profi-Forstg\u00fcrtel Set ARMS \u2013 Integrierte Erste-Hilfe-Tasche<\/h2>\n<p data-start=\"2688\" data-end=\"2888\">Eine <strong data-start=\"2693\" data-end=\"2757\">direkt am <a href=\"https:\/\/www.fuegos.eu\/fr\/product\/forst-koppel-schultertragesystem-mit-smartphonetasche\/\">Schultertragesystem<\/a> integrierte <a href=\"https:\/\/www.fuegos.eu\/fr\/product\/erste-hilfe-set-fuer-waldarbeiter\/\">Erste-Hilfe-Tasche<\/a><\/strong> stellt sicher, dass lebenswichtige Hilfsmittel jederzeit griffbereit sind, ohne zus\u00e4tzlichen Platz am Forstg\u00fcrtel zu beanspruchen.<\/p>\n<h2 data-start=\"2895\" data-end=\"2961\"><\/h2>\n<h2 data-start=\"2895\" data-end=\"2961\">Profi-Forstg\u00fcrtel Set ARMS f\u00fcr den professionellen Forsteinsatz<\/h2>\n<p data-start=\"2963\" data-end=\"3262\">Le <strong data-start=\"2967\" data-end=\"2997\">Profi-Forstg\u00fcrtel Set ARMS<\/strong> ist vollst\u00e4ndig auf den professionellen Einsatz im Forst ausgelegt. Das<a href=\"https:\/\/www.fuegos.eu\/fr\/product\/profi-forstguertel-alternative-zum-leder-forstguertel\/\"> ergonomische Tragesystem<\/a> verteilt das Gewicht gleichm\u00e4\u00dfig auf Schultern und Oberk\u00f6rper, entlastet R\u00fccken und H\u00fcfte und ist mit modularen Forstg\u00fcrteln und Zubeh\u00f6rsystemen von Fuegos kompatibel.<\/p>\n<h4><strong>Das Profi-Forstg\u00fcrtel Set \u2013 Gestalten Sie Ihren G\u00fcrtel individuell<\/strong><\/h4>\n<p class=\"translation-block\">Gr\u00e2ce \u00e0 sa conception modulaire, la <strong><a href=\"https:\/\/www.fuegos.eu\/fr\/product\/profi-forstguertel-die-alternative-zum-lederwerkzeugguertel\/\" target=\"_blank\" rel=\"noopener\">ceinture foresti\u00e8re professionnelle<\/a> \u2013 syst\u00e8me modulaire<\/strong> constitue la base id\u00e9ale pour un syst\u00e8me de transport polyvalent. Gr\u00e2ce \u00e0 plus de 30 modules diff\u00e9rents, vous pouvez adapter la ceinture \u00e0 vos besoins individuels. Parmi les modules les plus populaires, on trouve :<\/p>\n<ul>\n<li>\n<ul>\n<li class=\"translation-block\"><strong><a href=\"https:\/\/www.fuegos.eu\/fr\/product\/massbandhalterung-fuer-forstguertel-mit-magnet\/\" target=\"_blank\" rel=\"noopener\">Support pour m\u00e8tre ruban<\/a> :<\/strong> parfaitement r\u00e9glable pour les m\u00e8tres rubans de diff\u00e9rentes tailles.<\/li>\n<li class=\"translation-block\"><strong><a href=\"https:\/\/www.fuegos.eu\/fr\/product\/messkluppenhalterung_neigungswinkel-verstellbar\/\" target=\"_blank\" rel=\"noopener\">Support pour claviers<\/a> :<\/strong> maintient votre clavier en place et propre, sans que la r\u00e9sine ou la salet\u00e9 ne l'ab\u00eement.<\/li>\n<li class=\"translation-block\"><strong><a href=\"https:\/\/www.fuegos.eu\/fr\/product\/doppel-keiltasche-gross-forstgurtkoppel\/\" target=\"_blank\" rel=\"noopener\">Support pour coin d'abattage<\/a> :<\/strong> Convient pour les coins d'abattage de diff\u00e9rentes marques telles que Stihl, Husqvarna, Kox et NordForest, Forstkoppel, Ochsenkopf<\/li>\n<li class=\"translation-block\"><a href=\"https:\/\/www.fuegos.eu\/fr\/product\/erste-hilfe-set-fuer-waldarbeiter\/\" target=\"_blank\" rel=\"noopener\"><strong>Trousse de premiers secours :<\/strong><\/a> Imperm\u00e9able et robuste, id\u00e9ale pour une utilisation dans des environnements difficiles.<\/li>\n<li class=\"translation-block\"><strong><a href=\"https:\/\/www.fuegos.eu\/fr\/product\/motorsaegenwerkzeug-holster-kombiwerkzeuge-feilen\/\" target=\"_blank\" rel=\"noopener\">Support pour outils de tron\u00e7onneuse<\/a> :<\/strong> avec dispositif anti-chute pour ranger vos outils en toute s\u00e9curit\u00e9.<\/li>\n<li class=\"translation-block\"><strong><a href=\"https:\/\/www.fuegos.eu\/fr\/product\/pflanztaschen-30-40-50cm\/\" target=\"_blank\" rel=\"noopener\">Sacs pour plantes<\/a> :<\/strong> parfaits pour transporter les semis et les accessoires.<\/li>\n<\/ul>\n<p class=\"translation-block\">Les <strong><a href=\"https:\/\/www.fuegos.eu\/fr\/product\/schultertragesystem-forstguertel-werkzeugguertel\/\" target=\"_blank\" rel=\"noopener\">syst\u00e8mes de transport \u00e0 l'\u00e9paule<\/a> de Fuegos<\/strong> compl\u00e8tent parfaitement la ceinture en r\u00e9partissant le poids de mani\u00e8re uniforme sur les \u00e9paules et le dos. Ces syst\u00e8mes peuvent \u00eatre combin\u00e9s avec tous les modules et offrent un confort de transport ergonomique, m\u00eame lorsque l'\u00e9quipement est complet.<\/li>\n<\/ul>\n<p class=\"translation-block\">La combinaison de <strong>syst\u00e8mes de transport ergonomiques sur les \u00e9paules<\/strong> et de ce syst\u00e8me modulaire vous permet de cr\u00e9er une solution personnalis\u00e9e et efficace pour vos travaux forestiers.<\/p>\n<h4><strong>Compatibilit\u00e9 universelle avec les marques<\/strong><\/h4>\n<p class=\"translation-block\">Que vous utilisiez d\u00e9j\u00e0 des produits <strong>Stihl<\/strong>, <strong>Forstkoppel<\/strong>, <strong>Ochsenkopf<\/strong>, <strong>Kox<\/strong> ou <strong>NordForest<\/strong>, la <strong>ceinture foresti\u00e8re professionnelle \u2013 syst\u00e8me modulaire<\/strong> est parfaitement adapt\u00e9e. De plus, les modules d'autres fabricants peuvent \u00eatre combin\u00e9s sans probl\u00e8me avec la ceinture. Cela garantit une flexibilit\u00e9 maximale et vous permet d'int\u00e9grer parfaitement votre \u00e9quipement existant.<\/p>","protected":false},"excerpt":{"rendered":"<p>Profi-Forstg\u00fcrtel ARMS Set Das Profi-Forstg\u00fcrtel ARMS Set ist das erste Schultertragesystem der Forstbranche, das nach den Fuegos S4+ Sicherheits-Standards entwickelt wurde. Es richtet sich gezielt an Forstwirte und Forstwirtschaftsmeister, die unter realen Einsatzbedingungen maximale Sicherheit, ergonomisches Arbeiten sowie zuverl\u00e4ssige Kommunikation ben\u00f6tigen. Das Profi-Forstg\u00fcrtel ARMS Set wurde f\u00fcr die Maximierung der Funkreichweite, die regelm\u00e4\u00dfige Wassereinnahme w\u00e4hrend [&hellip;]<\/p>\n","protected":false},"featured_media":254410,"comment_status":"open","ping_status":"closed","template":"","meta":{"_et_pb_use_builder":"","_et_pb_old_content":"","_et_gb_content_width":""},"product_brand":[],"product_cat":[133,25,35],"product_tag":[],"class_list":{"0":"post-253558","1":"product","2":"type-product","3":"status-publish","4":"has-post-thumbnail","6":"product_cat-baukasten","7":"product_cat-forst","8":"product_cat-forstwirte","10":"first","11":"instock","12":"taxable","13":"shipping-taxable","14":"purchasable","15":"product-type-simple"},"yoast_head":"<!-- This site is optimized with the Yoast SEO plugin v27.3 - https:\/\/yoast.com\/product\/yoast-seo-wordpress\/ -->\n<title>Profi-Forstg\u00fcrtel Set ARMS | Selber Zusammenstellen &#8226; Fuegos<\/title>\n<meta name=\"description\" content=\"Profi-Forstg\u00fcrtel ARMS | Selber Zusammenstellen. Einfach den eigenen Forstg\u00fcrtel und Komponente aussuchen. Made by Fuegos f\u00fcr Forstwirte.\" \/>\n<meta name=\"robots\" content=\"index, follow, max-snippet:-1, max-image-preview:large, max-video-preview:-1\" \/>\n<link rel=\"canonical\" href=\"https:\/\/www.fuegos.eu\/fr\/product\/profi-forstguertel-arms-selber-zusammenstellen\/\" \/>\n<meta property=\"og:locale\" content=\"fr_FR\" \/>\n<meta property=\"og:type\" content=\"article\" \/>\n<meta property=\"og:title\" content=\"Profi-Forstg\u00fcrtel Set ARMS | Selber Zusammenstellen &#8226; Fuegos\" \/>\n<meta property=\"og:description\" content=\"Profi-Forstg\u00fcrtel ARMS | Selber Zusammenstellen. Einfach den eigenen Forstg\u00fcrtel und Komponente aussuchen. Made by Fuegos f\u00fcr Forstwirte.\" \/>\n<meta property=\"og:url\" content=\"https:\/\/www.fuegos.eu\/fr\/product\/profi-forstguertel-arms-selber-zusammenstellen\/\" \/>\n<meta property=\"og:site_name\" content=\"Fuegos\" \/>\n<meta property=\"article:publisher\" content=\"https:\/\/www.facebook.com\/FuegosForst\/\" \/>\n<meta property=\"article:modified_time\" content=\"2026-01-08T21:30:16+00:00\" \/>\n<meta property=\"og:image\" content=\"https:\/\/www.fuegos.eu\/wp-content\/uploads\/2024\/02\/Profi_Forstguertel_Fuegos_800.jpg\" \/>\n\t<meta property=\"og:image:width\" content=\"800\" \/>\n\t<meta property=\"og:image:height\" content=\"800\" \/>\n\t<meta property=\"og:image:type\" content=\"image\/jpeg\" \/>\n<meta name=\"twitter:card\" content=\"summary_large_image\" \/>\n<meta name=\"twitter:label1\" content=\"Dur\u00e9e de lecture estim\u00e9e\" \/>\n\t<meta name=\"twitter:data1\" content=\"3 minutes\" \/>\n<script type=\"application\/ld+json\" class=\"yoast-schema-graph\">{\"@context\":\"https:\\\/\\\/schema.org\",\"@graph\":[{\"@type\":\"WebPage\",\"@id\":\"https:\\\/\\\/www.fuegos.eu\\\/product\\\/profi-forstguertel-arms-selber-zusammenstellen\\\/\",\"url\":\"https:\\\/\\\/www.fuegos.eu\\\/product\\\/profi-forstguertel-arms-selber-zusammenstellen\\\/\",\"name\":\"Profi-Forstg\u00fcrtel Set ARMS | Selber Zusammenstellen &#8226; Fuegos\",\"isPartOf\":{\"@id\":\"https:\\\/\\\/www.fuegos.eu\\\/#website\"},\"primaryImageOfPage\":{\"@id\":\"https:\\\/\\\/www.fuegos.eu\\\/product\\\/profi-forstguertel-arms-selber-zusammenstellen\\\/#primaryimage\"},\"image\":{\"@id\":\"https:\\\/\\\/www.fuegos.eu\\\/product\\\/profi-forstguertel-arms-selber-zusammenstellen\\\/#primaryimage\"},\"thumbnailUrl\":\"https:\\\/\\\/www.fuegos.eu\\\/wp-content\\\/uploads\\\/2024\\\/02\\\/Profi_Forstguertel_Fuegos_800.jpg\",\"datePublished\":\"2024-02-18T08:07:30+00:00\",\"dateModified\":\"2026-01-08T21:30:16+00:00\",\"description\":\"Profi-Forstg\u00fcrtel ARMS | Selber Zusammenstellen. Einfach den eigenen Forstg\u00fcrtel und Komponente aussuchen. Made by Fuegos f\u00fcr Forstwirte.\",\"breadcrumb\":{\"@id\":\"https:\\\/\\\/www.fuegos.eu\\\/product\\\/profi-forstguertel-arms-selber-zusammenstellen\\\/#breadcrumb\"},\"inLanguage\":\"fr-FR\",\"potentialAction\":[{\"@type\":\"ReadAction\",\"target\":[\"https:\\\/\\\/www.fuegos.eu\\\/product\\\/profi-forstguertel-arms-selber-zusammenstellen\\\/\"]}]},{\"@type\":\"ImageObject\",\"inLanguage\":\"fr-FR\",\"@id\":\"https:\\\/\\\/www.fuegos.eu\\\/product\\\/profi-forstguertel-arms-selber-zusammenstellen\\\/#primaryimage\",\"url\":\"https:\\\/\\\/www.fuegos.eu\\\/wp-content\\\/uploads\\\/2024\\\/02\\\/Profi_Forstguertel_Fuegos_800.jpg\",\"contentUrl\":\"https:\\\/\\\/www.fuegos.eu\\\/wp-content\\\/uploads\\\/2024\\\/02\\\/Profi_Forstguertel_Fuegos_800.jpg\",\"width\":800,\"height\":800,\"caption\":\"Profi-Forstg\u00fcrtel Set ARMS Selber Zusammenstellen high\"},{\"@type\":\"BreadcrumbList\",\"@id\":\"https:\\\/\\\/www.fuegos.eu\\\/product\\\/profi-forstguertel-arms-selber-zusammenstellen\\\/#breadcrumb\",\"itemListElement\":[{\"@type\":\"ListItem\",\"position\":1,\"name\":\"Home\",\"item\":\"https:\\\/\\\/www.fuegos.eu\\\/\"},{\"@type\":\"ListItem\",\"position\":2,\"name\":\"Shop\",\"item\":\"https:\\\/\\\/www.fuegos.eu\\\/forstguertel-taschen-online-kaufen\\\/\"},{\"@type\":\"ListItem\",\"position\":3,\"name\":\"Profi-Forstg\u00fcrtel Set ARMS | Selber Zusammenstellen\"}]},{\"@type\":\"WebSite\",\"@id\":\"https:\\\/\\\/www.fuegos.eu\\\/#website\",\"url\":\"https:\\\/\\\/www.fuegos.eu\\\/\",\"name\":\"Fuegos\",\"description\":\"Textile L\u00f6sungen nach Ma\u00df\",\"publisher\":{\"@id\":\"https:\\\/\\\/www.fuegos.eu\\\/#organization\"},\"potentialAction\":[{\"@type\":\"SearchAction\",\"target\":{\"@type\":\"EntryPoint\",\"urlTemplate\":\"https:\\\/\\\/www.fuegos.eu\\\/?s={search_term_string}\"},\"query-input\":{\"@type\":\"PropertyValueSpecification\",\"valueRequired\":true,\"valueName\":\"search_term_string\"}}],\"inLanguage\":\"fr-FR\"},{\"@type\":\"Organization\",\"@id\":\"https:\\\/\\\/www.fuegos.eu\\\/#organization\",\"name\":\"Fuegos\",\"url\":\"https:\\\/\\\/www.fuegos.eu\\\/\",\"logo\":{\"@type\":\"ImageObject\",\"inLanguage\":\"fr-FR\",\"@id\":\"https:\\\/\\\/www.fuegos.eu\\\/#\\\/schema\\\/logo\\\/image\\\/\",\"url\":\"https:\\\/\\\/fuegos.eu\\\/wp-content\\\/uploads\\\/2020\\\/05\\\/FuegosSignatur000.jpg\",\"contentUrl\":\"https:\\\/\\\/fuegos.eu\\\/wp-content\\\/uploads\\\/2020\\\/05\\\/FuegosSignatur000.jpg\",\"width\":960,\"height\":408,\"caption\":\"Fuegos\"},\"image\":{\"@id\":\"https:\\\/\\\/www.fuegos.eu\\\/#\\\/schema\\\/logo\\\/image\\\/\"},\"sameAs\":[\"https:\\\/\\\/www.facebook.com\\\/FuegosForst\\\/\",\"https:\\\/\\\/www.youtube.com\\\/channel\\\/UC0SFe93Vgi6YZV6tSCOLdkA\"]}]}<\/script>\n<!-- \/ Yoast SEO plugin. -->","yoast_head_json":{"title":"Profi-Forstg\u00fcrtel Set ARMS | Selber Zusammenstellen &#8226; Fuegos","description":"Profi-Forstg\u00fcrtel ARMS | Selber Zusammenstellen. Einfach den eigenen Forstg\u00fcrtel und Komponente aussuchen. Made by Fuegos f\u00fcr Forstwirte.","robots":{"index":"index","follow":"follow","max-snippet":"max-snippet:-1","max-image-preview":"max-image-preview:large","max-video-preview":"max-video-preview:-1"},"canonical":"https:\/\/www.fuegos.eu\/fr\/product\/profi-forstguertel-arms-selber-zusammenstellen\/","og_locale":"fr_FR","og_type":"article","og_title":"Profi-Forstg\u00fcrtel Set ARMS | Selber Zusammenstellen &#8226; Fuegos","og_description":"Profi-Forstg\u00fcrtel ARMS | Selber Zusammenstellen. Einfach den eigenen Forstg\u00fcrtel und Komponente aussuchen. Made by Fuegos f\u00fcr Forstwirte.","og_url":"https:\/\/www.fuegos.eu\/fr\/product\/profi-forstguertel-arms-selber-zusammenstellen\/","og_site_name":"Fuegos","article_publisher":"https:\/\/www.facebook.com\/FuegosForst\/","article_modified_time":"2026-01-08T21:30:16+00:00","og_image":[{"width":800,"height":800,"url":"https:\/\/www.fuegos.eu\/wp-content\/uploads\/2024\/02\/Profi_Forstguertel_Fuegos_800.jpg","type":"image\/jpeg"}],"twitter_card":"summary_large_image","twitter_misc":{"Dur\u00e9e de lecture estim\u00e9e":"3 minutes"},"schema":{"@context":"https:\/\/schema.org","@graph":[{"@type":"WebPage","@id":"https:\/\/www.fuegos.eu\/product\/profi-forstguertel-arms-selber-zusammenstellen\/","url":"https:\/\/www.fuegos.eu\/product\/profi-forstguertel-arms-selber-zusammenstellen\/","name":"Profi-Forstg\u00fcrtel Set ARMS | Selber Zusammenstellen &#8226; Fuegos","isPartOf":{"@id":"https:\/\/www.fuegos.eu\/#website"},"primaryImageOfPage":{"@id":"https:\/\/www.fuegos.eu\/product\/profi-forstguertel-arms-selber-zusammenstellen\/#primaryimage"},"image":{"@id":"https:\/\/www.fuegos.eu\/product\/profi-forstguertel-arms-selber-zusammenstellen\/#primaryimage"},"thumbnailUrl":"https:\/\/www.fuegos.eu\/wp-content\/uploads\/2024\/02\/Profi_Forstguertel_Fuegos_800.jpg","datePublished":"2024-02-18T08:07:30+00:00","dateModified":"2026-01-08T21:30:16+00:00","description":"Profi-Forstg\u00fcrtel ARMS | Selber Zusammenstellen. Einfach den eigenen Forstg\u00fcrtel und Komponente aussuchen. Made by Fuegos f\u00fcr Forstwirte.","breadcrumb":{"@id":"https:\/\/www.fuegos.eu\/product\/profi-forstguertel-arms-selber-zusammenstellen\/#breadcrumb"},"inLanguage":"fr-FR","potentialAction":[{"@type":"ReadAction","target":["https:\/\/www.fuegos.eu\/product\/profi-forstguertel-arms-selber-zusammenstellen\/"]}]},{"@type":"ImageObject","inLanguage":"fr-FR","@id":"https:\/\/www.fuegos.eu\/product\/profi-forstguertel-arms-selber-zusammenstellen\/#primaryimage","url":"https:\/\/www.fuegos.eu\/wp-content\/uploads\/2024\/02\/Profi_Forstguertel_Fuegos_800.jpg","contentUrl":"https:\/\/www.fuegos.eu\/wp-content\/uploads\/2024\/02\/Profi_Forstguertel_Fuegos_800.jpg","width":800,"height":800,"caption":"Profi-Forstg\u00fcrtel Set ARMS Selber Zusammenstellen high"},{"@type":"BreadcrumbList","@id":"https:\/\/www.fuegos.eu\/product\/profi-forstguertel-arms-selber-zusammenstellen\/#breadcrumb","itemListElement":[{"@type":"ListItem","position":1,"name":"Home","item":"https:\/\/www.fuegos.eu\/"},{"@type":"ListItem","position":2,"name":"Shop","item":"https:\/\/www.fuegos.eu\/forstguertel-taschen-online-kaufen\/"},{"@type":"ListItem","position":3,"name":"Profi-Forstg\u00fcrtel Set ARMS | Selber Zusammenstellen"}]},{"@type":"WebSite","@id":"https:\/\/www.fuegos.eu\/#website","url":"https:\/\/www.fuegos.eu\/","name":"Fuegos","description":"Textile des Solutions sur Mesure","publisher":{"@id":"https:\/\/www.fuegos.eu\/#organization"},"potentialAction":[{"@type":"SearchAction","target":{"@type":"EntryPoint","urlTemplate":"https:\/\/www.fuegos.eu\/?s={search_term_string}"},"query-input":{"@type":"PropertyValueSpecification","valueRequired":true,"valueName":"search_term_string"}}],"inLanguage":"fr-FR"},{"@type":"Organization","@id":"https:\/\/www.fuegos.eu\/#organization","name":"Fuegos","url":"https:\/\/www.fuegos.eu\/","logo":{"@type":"ImageObject","inLanguage":"fr-FR","@id":"https:\/\/www.fuegos.eu\/#\/schema\/logo\/image\/","url":"https:\/\/fuegos.eu\/wp-content\/uploads\/2020\/05\/FuegosSignatur000.jpg","contentUrl":"https:\/\/fuegos.eu\/wp-content\/uploads\/2020\/05\/FuegosSignatur000.jpg","width":960,"height":408,"caption":"Fuegos"},"image":{"@id":"https:\/\/www.fuegos.eu\/#\/schema\/logo\/image\/"},"sameAs":["https:\/\/www.facebook.com\/FuegosForst\/","https:\/\/www.youtube.com\/channel\/UC0SFe93Vgi6YZV6tSCOLdkA"]}]}},"_links":{"self":[{"href":"https:\/\/www.fuegos.eu\/fr\/wp-json\/wp\/v2\/product\/253558","targetHints":{"allow":["GET"]}}],"collection":[{"href":"https:\/\/www.fuegos.eu\/fr\/wp-json\/wp\/v2\/product"}],"about":[{"href":"https:\/\/www.fuegos.eu\/fr\/wp-json\/wp\/v2\/types\/product"}],"replies":[{"embeddable":true,"href":"https:\/\/www.fuegos.eu\/fr\/wp-json\/wp\/v2\/comments?post=253558"}],"wp:featuredmedia":[{"embeddable":true,"href":"https:\/\/www.fuegos.eu\/fr\/wp-json\/wp\/v2\/media\/254410"}],"wp:attachment":[{"href":"https:\/\/www.fuegos.eu\/fr\/wp-json\/wp\/v2\/media?parent=253558"}],"wp:term":[{"taxonomy":"product_brand","embeddable":true,"href":"https:\/\/www.fuegos.eu\/fr\/wp-json\/wp\/v2\/product_brand?post=253558"},{"taxonomy":"product_cat","embeddable":true,"href":"https:\/\/www.fuegos.eu\/fr\/wp-json\/wp\/v2\/product_cat?post=253558"},{"taxonomy":"product_tag","embeddable":true,"href":"https:\/\/www.fuegos.eu\/fr\/wp-json\/wp\/v2\/product_tag?post=253558"}],"curies":[{"name":"wp","href":"https:\/\/api.w.org\/{rel}","templated":true}]}}