{"id":254040,"date":"2024-04-04T00:09:57","date_gmt":"2024-04-03T22:09:57","guid":{"rendered":"https:\/\/fuegos.eu\/?post_type=product&#038;p=254040"},"modified":"2026-01-08T22:43:24","modified_gmt":"2026-01-08T21:43:24","slug":"forstgurt-koppel-massband-messkluppenhalterung","status":"publish","type":"product","link":"https:\/\/www.fuegos.eu\/fr\/product\/forstgurt-koppel-massband-messkluppenhalterung\/","title":{"rendered":"Ceinture foresti\u00e8re, ruban \u00e0 mesurer et support pour m\u00e8tre pliant"},"content":{"rendered":"<h3 data-start=\"626\" data-end=\"677\">Ceinture foresti\u00e8re, ruban \u00e0 mesurer et support pour m\u00e8tre pliant<\/h3>\n<p data-start=\"679\" data-end=\"946\">Les <strong data-start=\"683\" data-end=\"703\">Forstgurt Koppel<\/strong> mit Ma\u00dfband- und Messkluppenhalterung ist ein praxisorientiertes Set f\u00fcr strukturierte Mess- und Markierungsarbeiten im Forst. Sie richtet sich an Forstwirte, die ihre Werkzeuge kompakt, griffbereit und \u00fcbersichtlich am K\u00f6rper tragen m\u00f6chten.<\/p>\n<p data-start=\"948\" data-end=\"1148\">Das Set kombiniert eine funktionale <strong data-start=\"984\" data-end=\"1000\">Forst Koppel<\/strong> mit ausgew\u00e4hlten Modulen f\u00fcr den t\u00e4glichen Arbeitseinsatz und unterst\u00fctzt effiziente Arbeitsabl\u00e4ufe bei Vermessung, Auszeichnung und Dokumentation.<\/p>\n<p data-start=\"937\" data-end=\"1069\">\n<h3 data-start=\"1155\" data-end=\"1195\">Beinhaltete Komponenten im \u00dcberblick<\/h3>\n<p data-start=\"1197\" data-end=\"1219\">Dieses Set beinhaltet:<\/p>\n<ul data-start=\"1220\" data-end=\"1390\">\n<li data-start=\"1220\" data-end=\"1265\">\n<p data-start=\"1222\" data-end=\"1265\">eine <a href=\"https:\/\/www.fuegos.eu\/fr\/product\/forst-koppel-minimalist\/\">Forst Koppel als Basissystem<\/a><\/p>\n<\/li>\n<li data-start=\"1266\" data-end=\"1291\">\n<p data-start=\"1268\" data-end=\"1291\">eine <a href=\"https:\/\/www.fuegos.eu\/fr\/product\/massbandhalterung-fuer-forstguertel-mit-magnet\/\">Ma\u00dfbandhalterung<\/a><\/p>\n<\/li>\n<li data-start=\"1292\" data-end=\"1321\">\n<p data-start=\"1294\" data-end=\"1321\">eine <a href=\"https:\/\/www.fuegos.eu\/fr\/product\/messkluppenhalterung_neigungswinkel-verstellbar\/\">Messkluppenhalterung<\/a><\/p>\n<\/li>\n<li data-start=\"1322\" data-end=\"1350\">\n<p data-start=\"1324\" data-end=\"1350\">eine <a href=\"https:\/\/www.fuegos.eu\/fr\/product\/spruehdosenhalter-sdh001\/\">Spr\u00fchdosenhalterung<\/a><\/p>\n<\/li>\n<li data-start=\"1351\" data-end=\"1390\">\n<p data-start=\"1353\" data-end=\"1390\">eine integrierte <a href=\"https:\/\/www.fuegos.eu\/fr\/product\/erste-hilfe-set-fuer-waldarbeiter\/\">Erste-Hilfe-Tasche<\/a><\/p>\n<\/li>\n<\/ul>\n<p data-start=\"1392\" data-end=\"1524\">Alle Komponenten sind so angeordnet, dass sie w\u00e4hrend der Arbeit schnell erreichbar sind, ohne die Bewegungsfreiheit einzuschr\u00e4nken.<\/p>\n<p data-start=\"1392\" data-end=\"1524\">\n<h3 data-start=\"1531\" data-end=\"1584\">Strukturierte Arbeitsabl\u00e4ufe mit der Forst Koppel<\/h3>\n<p data-start=\"1586\" data-end=\"1885\">Les <strong data-start=\"1590\" data-end=\"1606\">Forst Koppel<\/strong> bildet die stabile Grundlage f\u00fcr die enthaltenen Module. Ma\u00dfband und Messkluppe lassen sich sicher fixieren und bei Bedarf schnell entnehmen. Die Spr\u00fchdosenhalterung unterst\u00fctzt Markierungsarbeiten, w\u00e4hrend die Erste-Hilfe-Tasche wichtige Hilfsmittel jederzeit griffbereit h\u00e4lt.<\/p>\n<p data-start=\"1887\" data-end=\"2067\"><strong data-start=\"1887\" data-end=\"1898\">Dadurch<\/strong> wird der Arbeitsablauf klar strukturiert und Unterbrechungen werden reduziert. <strong data-start=\"1978\" data-end=\"1990\">Au\u00dferdem<\/strong> bleibt die Ausr\u00fcstung \u00fcbersichtlich, auch bei l\u00e4ngeren Eins\u00e4tzen im Bestand.<\/p>\n<p data-start=\"1887\" data-end=\"2067\">\n<h3 data-start=\"2074\" data-end=\"2134\">Modulares Forstg\u00fcrtel-System mit Erweiterungsm\u00f6glichkeit<\/h3>\n<p data-start=\"2136\" data-end=\"2412\">Als Teil des <strong data-start=\"2149\" data-end=\"2175\">Forstg\u00fcrtel-Baukastens<\/strong> l\u00e4sst sich die Koppel jederzeit anpassen. Module k\u00f6nnen erg\u00e4nzt, ausgetauscht oder neu positioniert werden. <strong data-start=\"2284\" data-end=\"2300\">Insbesondere<\/strong> bei wechselnden T\u00e4tigkeiten bietet das modulare System einen klaren Vorteil gegen\u00fcber starren Komplettl\u00f6sungen.<\/p>\n<p data-start=\"2414\" data-end=\"2538\">Die Forstgurt Koppel eignet sich somit sowohl f\u00fcr standardisierte Messarbeiten als auch f\u00fcr individuell angepasste Eins\u00e4tze.<\/p>\n<p data-start=\"2414\" data-end=\"2538\">\n<h3 data-start=\"2545\" data-end=\"2588\">Kompatibilit\u00e4t mit bestehenden Systemen<\/h3>\n<p data-start=\"2590\" data-end=\"2905\">Les <strong data-start=\"2594\" data-end=\"2614\">Forstgurt Koppel<\/strong> ist kompatibel mit allen Modulen und Tragesystemen von Fuegos sowie mit Fremdprodukten wie <strong data-start=\"2706\" data-end=\"2713\">Kox<\/strong>, <strong data-start=\"2715\" data-end=\"2729\">NordForest<\/strong>, <strong data-start=\"2731\" data-end=\"2746\">P\u00e2turage forestier<\/strong>, <strong data-start=\"2748\" data-end=\"2762\">Ochsenkopf<\/strong> und weiteren modularen Forstsystemen. <strong data-start=\"2801\" data-end=\"2812\">Dadurch<\/strong> lassen sich vorhandene Komponenten problemlos weiterverwenden und in das System integrieren.<\/p>","protected":false},"excerpt":{"rendered":"<p>Forstgurt Koppel Ma\u00dfband &amp; Messkluppenhalterung Die Forstgurt Koppel mit Ma\u00dfband- und Messkluppenhalterung ist ein praxisorientiertes Set f\u00fcr strukturierte Mess- und Markierungsarbeiten im Forst. Sie richtet sich an Forstwirte, die ihre Werkzeuge kompakt, griffbereit und \u00fcbersichtlich am K\u00f6rper tragen m\u00f6chten. Das Set kombiniert eine funktionale Forst Koppel mit ausgew\u00e4hlten Modulen f\u00fcr den t\u00e4glichen Arbeitseinsatz und unterst\u00fctzt [&hellip;]<\/p>\n","protected":false},"featured_media":254014,"comment_status":"open","ping_status":"closed","template":"","meta":{"_et_pb_use_builder":"","_et_pb_old_content":"","_et_gb_content_width":""},"product_brand":[],"product_cat":[25,192,191,178,167],"product_tag":[],"class_list":{"0":"post-254040","1":"product","2":"type-product","3":"status-publish","4":"has-post-thumbnail","6":"product_cat-forst","7":"product_cat-forstgurt-koppel","8":"product_cat-forstguertel","9":"product_cat-forstguertel-sel","10":"product_cat-sets","12":"first","13":"instock","14":"taxable","15":"shipping-taxable","16":"purchasable","17":"product-type-simple"},"yoast_head":"<!-- This site is optimized with the Yoast SEO plugin v27.3 - https:\/\/yoast.com\/product\/yoast-seo-wordpress\/ -->\n<title>Forstgurt Koppel Ma\u00dfband &amp; Messkluppenhalterung &#8226; Fuegos<\/title>\n<meta name=\"description\" content=\"Forstgurt Koppel Ma\u00dfband &amp; Messkluppenhalterung. Alles, was man zur Vermessung ben\u00f6tigt. Plus dem Minimalisten Forstgurt Koppel.\" \/>\n<meta name=\"robots\" content=\"index, follow, max-snippet:-1, max-image-preview:large, max-video-preview:-1\" \/>\n<link rel=\"canonical\" href=\"https:\/\/www.fuegos.eu\/fr\/product\/forstgurt-koppel-massband-messkluppenhalterung\/\" \/>\n<meta property=\"og:locale\" content=\"fr_FR\" \/>\n<meta property=\"og:type\" content=\"article\" \/>\n<meta property=\"og:title\" content=\"Forstgurt Koppel Ma\u00dfband &amp; Messkluppenhalterung &#8226; Fuegos\" \/>\n<meta property=\"og:description\" content=\"Forstgurt Koppel Ma\u00dfband &amp; Messkluppenhalterung. Alles, was man zur Vermessung ben\u00f6tigt. Plus dem Minimalisten Forstgurt Koppel.\" \/>\n<meta property=\"og:url\" content=\"https:\/\/www.fuegos.eu\/fr\/product\/forstgurt-koppel-massband-messkluppenhalterung\/\" \/>\n<meta property=\"og:site_name\" content=\"Fuegos\" \/>\n<meta property=\"article:publisher\" content=\"https:\/\/www.facebook.com\/FuegosForst\/\" \/>\n<meta property=\"article:modified_time\" content=\"2026-01-08T21:43:24+00:00\" \/>\n<meta property=\"og:image\" content=\"https:\/\/www.fuegos.eu\/wp-content\/uploads\/2024\/04\/Forstguertel-Koppel-Messkluppen-Halterung_Set-min.jpg\" \/>\n\t<meta property=\"og:image:width\" content=\"500\" \/>\n\t<meta property=\"og:image:height\" content=\"500\" \/>\n\t<meta property=\"og:image:type\" content=\"image\/jpeg\" \/>\n<meta name=\"twitter:card\" content=\"summary_large_image\" \/>\n<meta name=\"twitter:label1\" content=\"Dur\u00e9e de lecture estim\u00e9e\" \/>\n\t<meta name=\"twitter:data1\" content=\"1 minute\" \/>\n<script type=\"application\/ld+json\" class=\"yoast-schema-graph\">{\"@context\":\"https:\\\/\\\/schema.org\",\"@graph\":[{\"@type\":\"WebPage\",\"@id\":\"https:\\\/\\\/www.fuegos.eu\\\/product\\\/forstgurt-koppel-massband-messkluppenhalterung\\\/\",\"url\":\"https:\\\/\\\/www.fuegos.eu\\\/product\\\/forstgurt-koppel-massband-messkluppenhalterung\\\/\",\"name\":\"Forstgurt Koppel Ma\u00dfband & Messkluppenhalterung &#8226; Fuegos\",\"isPartOf\":{\"@id\":\"https:\\\/\\\/www.fuegos.eu\\\/#website\"},\"primaryImageOfPage\":{\"@id\":\"https:\\\/\\\/www.fuegos.eu\\\/product\\\/forstgurt-koppel-massband-messkluppenhalterung\\\/#primaryimage\"},\"image\":{\"@id\":\"https:\\\/\\\/www.fuegos.eu\\\/product\\\/forstgurt-koppel-massband-messkluppenhalterung\\\/#primaryimage\"},\"thumbnailUrl\":\"https:\\\/\\\/www.fuegos.eu\\\/wp-content\\\/uploads\\\/2024\\\/04\\\/Forstguertel-Koppel-Messkluppen-Halterung_Set-min.jpg\",\"datePublished\":\"2024-04-03T22:09:57+00:00\",\"dateModified\":\"2026-01-08T21:43:24+00:00\",\"description\":\"Forstgurt Koppel Ma\u00dfband & Messkluppenhalterung. Alles, was man zur Vermessung ben\u00f6tigt. Plus dem Minimalisten Forstgurt Koppel.\",\"breadcrumb\":{\"@id\":\"https:\\\/\\\/www.fuegos.eu\\\/product\\\/forstgurt-koppel-massband-messkluppenhalterung\\\/#breadcrumb\"},\"inLanguage\":\"fr-FR\",\"potentialAction\":[{\"@type\":\"ReadAction\",\"target\":[\"https:\\\/\\\/www.fuegos.eu\\\/product\\\/forstgurt-koppel-massband-messkluppenhalterung\\\/\"]}]},{\"@type\":\"ImageObject\",\"inLanguage\":\"fr-FR\",\"@id\":\"https:\\\/\\\/www.fuegos.eu\\\/product\\\/forstgurt-koppel-massband-messkluppenhalterung\\\/#primaryimage\",\"url\":\"https:\\\/\\\/www.fuegos.eu\\\/wp-content\\\/uploads\\\/2024\\\/04\\\/Forstguertel-Koppel-Messkluppen-Halterung_Set-min.jpg\",\"contentUrl\":\"https:\\\/\\\/www.fuegos.eu\\\/wp-content\\\/uploads\\\/2024\\\/04\\\/Forstguertel-Koppel-Messkluppen-Halterung_Set-min.jpg\",\"width\":500,\"height\":500,\"caption\":\"Forstgurt Koppel Ma\u00dfband & Messkluppenhalterung\"},{\"@type\":\"BreadcrumbList\",\"@id\":\"https:\\\/\\\/www.fuegos.eu\\\/product\\\/forstgurt-koppel-massband-messkluppenhalterung\\\/#breadcrumb\",\"itemListElement\":[{\"@type\":\"ListItem\",\"position\":1,\"name\":\"Home\",\"item\":\"https:\\\/\\\/www.fuegos.eu\\\/\"},{\"@type\":\"ListItem\",\"position\":2,\"name\":\"Shop\",\"item\":\"https:\\\/\\\/www.fuegos.eu\\\/forstguertel-taschen-online-kaufen\\\/\"},{\"@type\":\"ListItem\",\"position\":3,\"name\":\"Forstgurt Koppel Ma\u00dfband &#038; Messkluppenhalterung\"}]},{\"@type\":\"WebSite\",\"@id\":\"https:\\\/\\\/www.fuegos.eu\\\/#website\",\"url\":\"https:\\\/\\\/www.fuegos.eu\\\/\",\"name\":\"Fuegos\",\"description\":\"Textile L\u00f6sungen nach Ma\u00df\",\"publisher\":{\"@id\":\"https:\\\/\\\/www.fuegos.eu\\\/#organization\"},\"potentialAction\":[{\"@type\":\"SearchAction\",\"target\":{\"@type\":\"EntryPoint\",\"urlTemplate\":\"https:\\\/\\\/www.fuegos.eu\\\/?s={search_term_string}\"},\"query-input\":{\"@type\":\"PropertyValueSpecification\",\"valueRequired\":true,\"valueName\":\"search_term_string\"}}],\"inLanguage\":\"fr-FR\"},{\"@type\":\"Organization\",\"@id\":\"https:\\\/\\\/www.fuegos.eu\\\/#organization\",\"name\":\"Fuegos\",\"url\":\"https:\\\/\\\/www.fuegos.eu\\\/\",\"logo\":{\"@type\":\"ImageObject\",\"inLanguage\":\"fr-FR\",\"@id\":\"https:\\\/\\\/www.fuegos.eu\\\/#\\\/schema\\\/logo\\\/image\\\/\",\"url\":\"https:\\\/\\\/fuegos.eu\\\/wp-content\\\/uploads\\\/2020\\\/05\\\/FuegosSignatur000.jpg\",\"contentUrl\":\"https:\\\/\\\/fuegos.eu\\\/wp-content\\\/uploads\\\/2020\\\/05\\\/FuegosSignatur000.jpg\",\"width\":960,\"height\":408,\"caption\":\"Fuegos\"},\"image\":{\"@id\":\"https:\\\/\\\/www.fuegos.eu\\\/#\\\/schema\\\/logo\\\/image\\\/\"},\"sameAs\":[\"https:\\\/\\\/www.facebook.com\\\/FuegosForst\\\/\",\"https:\\\/\\\/www.youtube.com\\\/channel\\\/UC0SFe93Vgi6YZV6tSCOLdkA\"]}]}<\/script>\n<!-- \/ Yoast SEO plugin. -->","yoast_head_json":{"title":"Forstgurt Koppel Ma\u00dfband & Messkluppenhalterung &#8226; Fuegos","description":"Forstgurt Koppel Ma\u00dfband & Messkluppenhalterung. Alles, was man zur Vermessung ben\u00f6tigt. Plus dem Minimalisten Forstgurt Koppel.","robots":{"index":"index","follow":"follow","max-snippet":"max-snippet:-1","max-image-preview":"max-image-preview:large","max-video-preview":"max-video-preview:-1"},"canonical":"https:\/\/www.fuegos.eu\/fr\/product\/forstgurt-koppel-massband-messkluppenhalterung\/","og_locale":"fr_FR","og_type":"article","og_title":"Forstgurt Koppel Ma\u00dfband & Messkluppenhalterung &#8226; Fuegos","og_description":"Forstgurt Koppel Ma\u00dfband & Messkluppenhalterung. Alles, was man zur Vermessung ben\u00f6tigt. Plus dem Minimalisten Forstgurt Koppel.","og_url":"https:\/\/www.fuegos.eu\/fr\/product\/forstgurt-koppel-massband-messkluppenhalterung\/","og_site_name":"Fuegos","article_publisher":"https:\/\/www.facebook.com\/FuegosForst\/","article_modified_time":"2026-01-08T21:43:24+00:00","og_image":[{"width":500,"height":500,"url":"https:\/\/www.fuegos.eu\/wp-content\/uploads\/2024\/04\/Forstguertel-Koppel-Messkluppen-Halterung_Set-min.jpg","type":"image\/jpeg"}],"twitter_card":"summary_large_image","twitter_misc":{"Dur\u00e9e de lecture estim\u00e9e":"1 minute"},"schema":{"@context":"https:\/\/schema.org","@graph":[{"@type":"WebPage","@id":"https:\/\/www.fuegos.eu\/product\/forstgurt-koppel-massband-messkluppenhalterung\/","url":"https:\/\/www.fuegos.eu\/product\/forstgurt-koppel-massband-messkluppenhalterung\/","name":"Forstgurt Koppel Ma\u00dfband & Messkluppenhalterung &#8226; Fuegos","isPartOf":{"@id":"https:\/\/www.fuegos.eu\/#website"},"primaryImageOfPage":{"@id":"https:\/\/www.fuegos.eu\/product\/forstgurt-koppel-massband-messkluppenhalterung\/#primaryimage"},"image":{"@id":"https:\/\/www.fuegos.eu\/product\/forstgurt-koppel-massband-messkluppenhalterung\/#primaryimage"},"thumbnailUrl":"https:\/\/www.fuegos.eu\/wp-content\/uploads\/2024\/04\/Forstguertel-Koppel-Messkluppen-Halterung_Set-min.jpg","datePublished":"2024-04-03T22:09:57+00:00","dateModified":"2026-01-08T21:43:24+00:00","description":"Forstgurt Koppel Ma\u00dfband & Messkluppenhalterung. Alles, was man zur Vermessung ben\u00f6tigt. Plus dem Minimalisten Forstgurt Koppel.","breadcrumb":{"@id":"https:\/\/www.fuegos.eu\/product\/forstgurt-koppel-massband-messkluppenhalterung\/#breadcrumb"},"inLanguage":"fr-FR","potentialAction":[{"@type":"ReadAction","target":["https:\/\/www.fuegos.eu\/product\/forstgurt-koppel-massband-messkluppenhalterung\/"]}]},{"@type":"ImageObject","inLanguage":"fr-FR","@id":"https:\/\/www.fuegos.eu\/product\/forstgurt-koppel-massband-messkluppenhalterung\/#primaryimage","url":"https:\/\/www.fuegos.eu\/wp-content\/uploads\/2024\/04\/Forstguertel-Koppel-Messkluppen-Halterung_Set-min.jpg","contentUrl":"https:\/\/www.fuegos.eu\/wp-content\/uploads\/2024\/04\/Forstguertel-Koppel-Messkluppen-Halterung_Set-min.jpg","width":500,"height":500,"caption":"Forstgurt Koppel Ma\u00dfband & Messkluppenhalterung"},{"@type":"BreadcrumbList","@id":"https:\/\/www.fuegos.eu\/product\/forstgurt-koppel-massband-messkluppenhalterung\/#breadcrumb","itemListElement":[{"@type":"ListItem","position":1,"name":"Home","item":"https:\/\/www.fuegos.eu\/"},{"@type":"ListItem","position":2,"name":"Shop","item":"https:\/\/www.fuegos.eu\/forstguertel-taschen-online-kaufen\/"},{"@type":"ListItem","position":3,"name":"Forstgurt Koppel Ma\u00dfband &#038; Messkluppenhalterung"}]},{"@type":"WebSite","@id":"https:\/\/www.fuegos.eu\/#website","url":"https:\/\/www.fuegos.eu\/","name":"Fuegos","description":"Textile des Solutions sur Mesure","publisher":{"@id":"https:\/\/www.fuegos.eu\/#organization"},"potentialAction":[{"@type":"SearchAction","target":{"@type":"EntryPoint","urlTemplate":"https:\/\/www.fuegos.eu\/?s={search_term_string}"},"query-input":{"@type":"PropertyValueSpecification","valueRequired":true,"valueName":"search_term_string"}}],"inLanguage":"fr-FR"},{"@type":"Organization","@id":"https:\/\/www.fuegos.eu\/#organization","name":"Fuegos","url":"https:\/\/www.fuegos.eu\/","logo":{"@type":"ImageObject","inLanguage":"fr-FR","@id":"https:\/\/www.fuegos.eu\/#\/schema\/logo\/image\/","url":"https:\/\/fuegos.eu\/wp-content\/uploads\/2020\/05\/FuegosSignatur000.jpg","contentUrl":"https:\/\/fuegos.eu\/wp-content\/uploads\/2020\/05\/FuegosSignatur000.jpg","width":960,"height":408,"caption":"Fuegos"},"image":{"@id":"https:\/\/www.fuegos.eu\/#\/schema\/logo\/image\/"},"sameAs":["https:\/\/www.facebook.com\/FuegosForst\/","https:\/\/www.youtube.com\/channel\/UC0SFe93Vgi6YZV6tSCOLdkA"]}]}},"_links":{"self":[{"href":"https:\/\/www.fuegos.eu\/fr\/wp-json\/wp\/v2\/product\/254040","targetHints":{"allow":["GET"]}}],"collection":[{"href":"https:\/\/www.fuegos.eu\/fr\/wp-json\/wp\/v2\/product"}],"about":[{"href":"https:\/\/www.fuegos.eu\/fr\/wp-json\/wp\/v2\/types\/product"}],"replies":[{"embeddable":true,"href":"https:\/\/www.fuegos.eu\/fr\/wp-json\/wp\/v2\/comments?post=254040"}],"wp:featuredmedia":[{"embeddable":true,"href":"https:\/\/www.fuegos.eu\/fr\/wp-json\/wp\/v2\/media\/254014"}],"wp:attachment":[{"href":"https:\/\/www.fuegos.eu\/fr\/wp-json\/wp\/v2\/media?parent=254040"}],"wp:term":[{"taxonomy":"product_brand","embeddable":true,"href":"https:\/\/www.fuegos.eu\/fr\/wp-json\/wp\/v2\/product_brand?post=254040"},{"taxonomy":"product_cat","embeddable":true,"href":"https:\/\/www.fuegos.eu\/fr\/wp-json\/wp\/v2\/product_cat?post=254040"},{"taxonomy":"product_tag","embeddable":true,"href":"https:\/\/www.fuegos.eu\/fr\/wp-json\/wp\/v2\/product_tag?post=254040"}],"curies":[{"name":"wp","href":"https:\/\/api.w.org\/{rel}","templated":true}]}}