{"id":254468,"date":"2024-09-18T00:13:40","date_gmt":"2024-09-17T22:13:40","guid":{"rendered":"https:\/\/fuegos.eu\/?post_type=product&#038;p=254468"},"modified":"2024-12-19T17:38:02","modified_gmt":"2024-12-19T16:38:02","slug":"pflanztaschen-baukasten","status":"publish","type":"product","link":"https:\/\/www.fuegos.eu\/fr\/product\/pflanztaschen-baukasten\/","title":{"rendered":"Kit de sacs pour plantes"},"content":{"rendered":"<div class=\"flex max-w-full flex-col flex-grow\">\n<div class=\"min-h-[20px] text-message flex w-full flex-col items-end gap-2 whitespace-normal break-words [.text-message+&amp;]:mt-5\" dir=\"auto\" data-message-author-role=\"assistant\" data-message-id=\"092653da-ef06-45d6-8cc3-40a846cc42f8\">\n<div class=\"flex w-full flex-col gap-1 empty:hidden first:pt-[3px]\">\n<div class=\"markdown prose w-full break-words dark:prose-invert dark\">\n<h3><strong>Pflanztaschen Baukasten \u2013 Flexible L\u00f6sung f\u00fcr den Forst<\/strong><\/h3>\n<p>Das <strong>Pflanztaschen Baukasten<\/strong>-System bietet eine flexible und anpassbare L\u00f6sung f\u00fcr den Transport von Setzlingen bei Aufforstungsprojekten. Dank der robusten Materialien und modularen Bauweise l\u00e4sst es sich individuell kombinieren, um den speziellen Anforderungen bei Forstarbeiten gerecht zu werden.<\/p>\n<h3><strong>Robust und Anpassbar f\u00fcr Forstarbeiten<\/strong><\/h3>\n<p>Jede Tasche im <strong>Pflanztaschen Baukasten<\/strong> hat eine <strong>Tragf\u00e4higkeit von bis zu 20 kg<\/strong> und besteht aus strapazierf\u00e4higem, PVC-freiem Material, das schnittfest und witterungsbest\u00e4ndig ist. Diese Taschen sind nicht nur robust, sondern auch modular, sodass du sie flexibel auf die Anforderungen deiner Arbeit im Forst anpassen kannst. Ideal f\u00fcr den t\u00e4glichen Einsatz im Wald.<\/p>\n<h3><strong>Ergonomisches Tragesystem f\u00fcr mehr Komfort<\/strong><\/h3>\n<p>In Kombination mit dem <a href=\"https:\/\/fuegos.eu\/product\/pflanztasche-mit-schultertragesystem\/\" target=\"_new\" rel=\"noopener\"><strong>Fuegos Schultertragesystem<\/strong><\/a> wird das Tragen der Taschen noch komfortabler. Das ergonomische Design verteilt das Gewicht gleichm\u00e4\u00dfig auf den K\u00f6rper, um Belastungen im R\u00fccken- und Schulterbereich zu reduzieren. Besonders bei l\u00e4ngeren Eins\u00e4tzen sorgt das System f\u00fcr eine gleichm\u00e4\u00dfige Gewichtsverteilung und erh\u00f6ht so den Komfort.<\/p>\n<p>&nbsp;<\/p>\n<div class=\"flex max-w-full flex-col flex-grow\">\n<div class=\"min-h-[20px] text-message flex w-full flex-col items-end gap-2 whitespace-normal break-words [.text-message+&amp;]:mt-5\" dir=\"auto\" data-message-author-role=\"assistant\" data-message-id=\"80626cc7-9276-4e92-8712-f33fd996fd4d\">\n<div class=\"flex w-full flex-col gap-1 empty:hidden first:pt-[3px]\">\n<div class=\"markdown prose w-full break-words dark:prose-invert dark\">\n<h3><strong>Weitere Optionen f\u00fcr den Forsteinsatz<\/strong><\/h3>\n<p>Unsere <strong>Pflanztaschen Baukasten<\/strong>-L\u00f6sung ist nur eine von vielen praktischen Optionen, die du f\u00fcr deine Arbeit im Forst nutzen kannst. Entdecke auch diese Produkte:<\/p>\n<ul>\n<li><a href=\"https:\/\/fuegos.eu\/product\/pflanztasche-fuer-den-forst\/\" target=\"_new\" rel=\"noopener\"><strong>Pflanztasche f\u00fcr den Forst<\/strong><\/a>: Robuste Tasche f\u00fcr den t\u00e4glichen Einsatz im Wald.<\/li>\n<li><a href=\"https:\/\/fuegos.eu\/product\/planztasche-doppelpack\/\" target=\"_new\" rel=\"noopener\"><strong>Pflanztasche Doppelpack<\/strong><\/a>: Zwei Taschen f\u00fcr den effizienten Transport von Setzlingen.<\/li>\n<li><a href=\"https:\/\/fuegos.eu\/product\/doppel-pflanztasche-mit-forst-schultertragesystem\/\" target=\"_new\" rel=\"noopener\"><strong>Doppel Pflanztasche mit Forst Schultertragesystem<\/strong><\/a>: Ergonomische L\u00f6sung mit doppeltem Fassungsverm\u00f6gen.<\/li>\n<li><a href=\"https:\/\/fuegos.eu\/product\/pflanztasche-mit-schultertragesystem\/\" target=\"_new\" rel=\"noopener\"><strong>Pflanztasche mit Schultertragesystem<\/strong><\/a>: Komfortable Gewichtsverteilung f\u00fcr lange Eins\u00e4tze.<\/li>\n<li><a href=\"https:\/\/fuegos.eu\/product\/pflanztaschen-umgaengegurt\/\" target=\"_new\" rel=\"noopener\"><strong>Pflanztaschen Umg\u00e4ngegurt<\/strong><\/a>: Einfache Tragehilfe f\u00fcr zus\u00e4tzlichen Komfort.<\/li>\n<\/ul>\n<p>F\u00fcr weitere technische Details und eine aktuelle Produktschau zur Anwendung ergonomischer Pflanztaschen kannst du den Artikel im Fachmagazin <strong>AFZ-DerWald<\/strong> lesen: <a href=\"https:\/\/www.digitalmagazin.de\/marken\/afz-derwald\/hauptheft\/2024-6\/aktuell-produktschau\/048_ergonomisch-pflanzen\" target=\"_new\" rel=\"noopener\">Hier klicken<\/a>.<\/p>\n<h3><strong>Technische Daten:<\/strong><\/h3>\n<ul>\n<li><strong>Tragf\u00e4higkeit<\/strong>: Bis zu 20 kg pro Tasche<\/li>\n<li><strong>Material<\/strong>: PVC-freies, schnittfestes Polymer<\/li>\n<li><strong>Modularit\u00e4t<\/strong>: Kombinierbar mit dem Fuegos Schultertragesystem<\/li>\n<li><strong>Reinigung<\/strong>: Schmutzabweisend, leicht zu reinigen<\/li>\n<\/ul>\n<p>Mit dem <strong>Pflanztaschen Baukasten<\/strong>-System hast du die Flexibilit\u00e4t, deine Forstarbeiten effizienter zu gestalten und gleichzeitig den Tragekomfort zu maximieren.<\/p>\n<\/div>\n<\/div>\n<\/div>\n<\/div>\n<\/div>\n<\/div>\n<\/div>\n<\/div>\n","protected":false},"excerpt":{"rendered":"<p class=\"translation-block\">Deux forestiers utilisent le syst\u00e8me modulaire <strong>Pflanztaschen Baukasten<\/strong> pour transporter efficacement des plants. Chaque sac peut contenir jusqu'\u00e0 20 kg, ce qui est id\u00e9al pour les travaux forestiers.<\/p>","protected":false},"featured_media":254787,"comment_status":"open","ping_status":"closed","template":"","meta":{"_et_pb_use_builder":"","_et_pb_old_content":"","_et_gb_content_width":""},"product_brand":[],"product_cat":[133,25,187,188,190],"product_tag":[],"class_list":{"0":"post-254468","1":"product","2":"type-product","3":"status-publish","4":"has-post-thumbnail","6":"product_cat-baukasten","7":"product_cat-forst","8":"product_cat-pflanztaschen","9":"product_cat-pflanztaschen-empfehlung","10":"product_cat-pflanztaschen-sets-pflanztaschen","12":"first","13":"instock","14":"taxable","15":"shipping-taxable","16":"purchasable","17":"product-type-simple"},"yoast_head":"<!-- This site is optimized with the Yoast SEO plugin v27.3 - https:\/\/yoast.com\/product\/yoast-seo-wordpress\/ -->\n<title>Pflanztaschen Baukasten &#8226; Fuegos<\/title>\n<meta name=\"description\" content=\"Ein Forstwirt nutzt das Pflanztaschen Baukasten-System, das aus zwei robusten Pflanztaschen besteht, die jeweils 20 kg Setzlinge tragen k\u00f6nnen.\" \/>\n<meta name=\"robots\" content=\"index, follow, max-snippet:-1, max-image-preview:large, max-video-preview:-1\" \/>\n<link rel=\"canonical\" href=\"https:\/\/www.fuegos.eu\/fr\/product\/pflanztaschen-baukasten\/\" \/>\n<meta property=\"og:locale\" content=\"fr_FR\" \/>\n<meta property=\"og:type\" content=\"article\" \/>\n<meta property=\"og:title\" content=\"Pflanztaschen Baukasten &#8226; Fuegos\" \/>\n<meta property=\"og:description\" content=\"Ein Forstwirt nutzt das Pflanztaschen Baukasten-System, das aus zwei robusten Pflanztaschen besteht, die jeweils 20 kg Setzlinge tragen k\u00f6nnen.\" \/>\n<meta property=\"og:url\" content=\"https:\/\/www.fuegos.eu\/fr\/product\/pflanztaschen-baukasten\/\" \/>\n<meta property=\"og:site_name\" content=\"Fuegos\" \/>\n<meta property=\"article:publisher\" content=\"https:\/\/www.facebook.com\/FuegosForst\/\" \/>\n<meta property=\"article:modified_time\" content=\"2024-12-19T16:38:02+00:00\" \/>\n<meta property=\"og:image\" content=\"https:\/\/www.fuegos.eu\/wp-content\/uploads\/2024\/09\/Pflanztaschen_Tonkin_Set_800-min.jpg\" \/>\n\t<meta property=\"og:image:width\" content=\"800\" \/>\n\t<meta property=\"og:image:height\" content=\"800\" \/>\n\t<meta property=\"og:image:type\" content=\"image\/jpeg\" \/>\n<meta name=\"twitter:card\" content=\"summary_large_image\" \/>\n<meta name=\"twitter:label1\" content=\"Dur\u00e9e de lecture estim\u00e9e\" \/>\n\t<meta name=\"twitter:data1\" content=\"2 minutes\" \/>\n<script type=\"application\/ld+json\" class=\"yoast-schema-graph\">{\"@context\":\"https:\\\/\\\/schema.org\",\"@graph\":[{\"@type\":\"WebPage\",\"@id\":\"https:\\\/\\\/www.fuegos.eu\\\/product\\\/pflanztaschen-baukasten\\\/\",\"url\":\"https:\\\/\\\/www.fuegos.eu\\\/product\\\/pflanztaschen-baukasten\\\/\",\"name\":\"Pflanztaschen Baukasten &#8226; Fuegos\",\"isPartOf\":{\"@id\":\"https:\\\/\\\/www.fuegos.eu\\\/#website\"},\"primaryImageOfPage\":{\"@id\":\"https:\\\/\\\/www.fuegos.eu\\\/product\\\/pflanztaschen-baukasten\\\/#primaryimage\"},\"image\":{\"@id\":\"https:\\\/\\\/www.fuegos.eu\\\/product\\\/pflanztaschen-baukasten\\\/#primaryimage\"},\"thumbnailUrl\":\"https:\\\/\\\/www.fuegos.eu\\\/wp-content\\\/uploads\\\/2024\\\/09\\\/Pflanztaschen_Tonkin_Set_800-min.jpg\",\"datePublished\":\"2024-09-17T22:13:40+00:00\",\"dateModified\":\"2024-12-19T16:38:02+00:00\",\"description\":\"Ein Forstwirt nutzt das Pflanztaschen Baukasten-System, das aus zwei robusten Pflanztaschen besteht, die jeweils 20 kg Setzlinge tragen k\u00f6nnen.\",\"breadcrumb\":{\"@id\":\"https:\\\/\\\/www.fuegos.eu\\\/product\\\/pflanztaschen-baukasten\\\/#breadcrumb\"},\"inLanguage\":\"fr-FR\",\"potentialAction\":[{\"@type\":\"ReadAction\",\"target\":[\"https:\\\/\\\/www.fuegos.eu\\\/product\\\/pflanztaschen-baukasten\\\/\"]}]},{\"@type\":\"ImageObject\",\"inLanguage\":\"fr-FR\",\"@id\":\"https:\\\/\\\/www.fuegos.eu\\\/product\\\/pflanztaschen-baukasten\\\/#primaryimage\",\"url\":\"https:\\\/\\\/www.fuegos.eu\\\/wp-content\\\/uploads\\\/2024\\\/09\\\/Pflanztaschen_Tonkin_Set_800-min.jpg\",\"contentUrl\":\"https:\\\/\\\/www.fuegos.eu\\\/wp-content\\\/uploads\\\/2024\\\/09\\\/Pflanztaschen_Tonkin_Set_800-min.jpg\",\"width\":800,\"height\":800,\"caption\":\"Pflanztaschen-Set mit Tonkin-K\u00f6cher \u2013 die perfekte Kombination f\u00fcr Forstprofis.\"},{\"@type\":\"BreadcrumbList\",\"@id\":\"https:\\\/\\\/www.fuegos.eu\\\/product\\\/pflanztaschen-baukasten\\\/#breadcrumb\",\"itemListElement\":[{\"@type\":\"ListItem\",\"position\":1,\"name\":\"Home\",\"item\":\"https:\\\/\\\/www.fuegos.eu\\\/\"},{\"@type\":\"ListItem\",\"position\":2,\"name\":\"Shop\",\"item\":\"https:\\\/\\\/www.fuegos.eu\\\/forstguertel-taschen-online-kaufen\\\/\"},{\"@type\":\"ListItem\",\"position\":3,\"name\":\"Pflanztaschen Baukasten\"}]},{\"@type\":\"WebSite\",\"@id\":\"https:\\\/\\\/www.fuegos.eu\\\/#website\",\"url\":\"https:\\\/\\\/www.fuegos.eu\\\/\",\"name\":\"Fuegos\",\"description\":\"Textile L\u00f6sungen nach Ma\u00df\",\"publisher\":{\"@id\":\"https:\\\/\\\/www.fuegos.eu\\\/#organization\"},\"potentialAction\":[{\"@type\":\"SearchAction\",\"target\":{\"@type\":\"EntryPoint\",\"urlTemplate\":\"https:\\\/\\\/www.fuegos.eu\\\/?s={search_term_string}\"},\"query-input\":{\"@type\":\"PropertyValueSpecification\",\"valueRequired\":true,\"valueName\":\"search_term_string\"}}],\"inLanguage\":\"fr-FR\"},{\"@type\":\"Organization\",\"@id\":\"https:\\\/\\\/www.fuegos.eu\\\/#organization\",\"name\":\"Fuegos\",\"url\":\"https:\\\/\\\/www.fuegos.eu\\\/\",\"logo\":{\"@type\":\"ImageObject\",\"inLanguage\":\"fr-FR\",\"@id\":\"https:\\\/\\\/www.fuegos.eu\\\/#\\\/schema\\\/logo\\\/image\\\/\",\"url\":\"https:\\\/\\\/fuegos.eu\\\/wp-content\\\/uploads\\\/2020\\\/05\\\/FuegosSignatur000.jpg\",\"contentUrl\":\"https:\\\/\\\/fuegos.eu\\\/wp-content\\\/uploads\\\/2020\\\/05\\\/FuegosSignatur000.jpg\",\"width\":960,\"height\":408,\"caption\":\"Fuegos\"},\"image\":{\"@id\":\"https:\\\/\\\/www.fuegos.eu\\\/#\\\/schema\\\/logo\\\/image\\\/\"},\"sameAs\":[\"https:\\\/\\\/www.facebook.com\\\/FuegosForst\\\/\",\"https:\\\/\\\/www.youtube.com\\\/channel\\\/UC0SFe93Vgi6YZV6tSCOLdkA\"]}]}<\/script>\n<!-- \/ Yoast SEO plugin. -->","yoast_head_json":{"title":"Pflanztaschen Baukasten &#8226; Fuegos","description":"Ein Forstwirt nutzt das Pflanztaschen Baukasten-System, das aus zwei robusten Pflanztaschen besteht, die jeweils 20 kg Setzlinge tragen k\u00f6nnen.","robots":{"index":"index","follow":"follow","max-snippet":"max-snippet:-1","max-image-preview":"max-image-preview:large","max-video-preview":"max-video-preview:-1"},"canonical":"https:\/\/www.fuegos.eu\/fr\/product\/pflanztaschen-baukasten\/","og_locale":"fr_FR","og_type":"article","og_title":"Pflanztaschen Baukasten &#8226; Fuegos","og_description":"Ein Forstwirt nutzt das Pflanztaschen Baukasten-System, das aus zwei robusten Pflanztaschen besteht, die jeweils 20 kg Setzlinge tragen k\u00f6nnen.","og_url":"https:\/\/www.fuegos.eu\/fr\/product\/pflanztaschen-baukasten\/","og_site_name":"Fuegos","article_publisher":"https:\/\/www.facebook.com\/FuegosForst\/","article_modified_time":"2024-12-19T16:38:02+00:00","og_image":[{"width":800,"height":800,"url":"https:\/\/www.fuegos.eu\/wp-content\/uploads\/2024\/09\/Pflanztaschen_Tonkin_Set_800-min.jpg","type":"image\/jpeg"}],"twitter_card":"summary_large_image","twitter_misc":{"Dur\u00e9e de lecture estim\u00e9e":"2 minutes"},"schema":{"@context":"https:\/\/schema.org","@graph":[{"@type":"WebPage","@id":"https:\/\/www.fuegos.eu\/product\/pflanztaschen-baukasten\/","url":"https:\/\/www.fuegos.eu\/product\/pflanztaschen-baukasten\/","name":"Pflanztaschen Baukasten &#8226; Fuegos","isPartOf":{"@id":"https:\/\/www.fuegos.eu\/#website"},"primaryImageOfPage":{"@id":"https:\/\/www.fuegos.eu\/product\/pflanztaschen-baukasten\/#primaryimage"},"image":{"@id":"https:\/\/www.fuegos.eu\/product\/pflanztaschen-baukasten\/#primaryimage"},"thumbnailUrl":"https:\/\/www.fuegos.eu\/wp-content\/uploads\/2024\/09\/Pflanztaschen_Tonkin_Set_800-min.jpg","datePublished":"2024-09-17T22:13:40+00:00","dateModified":"2024-12-19T16:38:02+00:00","description":"Ein Forstwirt nutzt das Pflanztaschen Baukasten-System, das aus zwei robusten Pflanztaschen besteht, die jeweils 20 kg Setzlinge tragen k\u00f6nnen.","breadcrumb":{"@id":"https:\/\/www.fuegos.eu\/product\/pflanztaschen-baukasten\/#breadcrumb"},"inLanguage":"fr-FR","potentialAction":[{"@type":"ReadAction","target":["https:\/\/www.fuegos.eu\/product\/pflanztaschen-baukasten\/"]}]},{"@type":"ImageObject","inLanguage":"fr-FR","@id":"https:\/\/www.fuegos.eu\/product\/pflanztaschen-baukasten\/#primaryimage","url":"https:\/\/www.fuegos.eu\/wp-content\/uploads\/2024\/09\/Pflanztaschen_Tonkin_Set_800-min.jpg","contentUrl":"https:\/\/www.fuegos.eu\/wp-content\/uploads\/2024\/09\/Pflanztaschen_Tonkin_Set_800-min.jpg","width":800,"height":800,"caption":"Pflanztaschen-Set mit Tonkin-K\u00f6cher \u2013 die perfekte Kombination f\u00fcr Forstprofis."},{"@type":"BreadcrumbList","@id":"https:\/\/www.fuegos.eu\/product\/pflanztaschen-baukasten\/#breadcrumb","itemListElement":[{"@type":"ListItem","position":1,"name":"Home","item":"https:\/\/www.fuegos.eu\/"},{"@type":"ListItem","position":2,"name":"Shop","item":"https:\/\/www.fuegos.eu\/forstguertel-taschen-online-kaufen\/"},{"@type":"ListItem","position":3,"name":"Pflanztaschen Baukasten"}]},{"@type":"WebSite","@id":"https:\/\/www.fuegos.eu\/#website","url":"https:\/\/www.fuegos.eu\/","name":"Fuegos","description":"Textile des Solutions sur Mesure","publisher":{"@id":"https:\/\/www.fuegos.eu\/#organization"},"potentialAction":[{"@type":"SearchAction","target":{"@type":"EntryPoint","urlTemplate":"https:\/\/www.fuegos.eu\/?s={search_term_string}"},"query-input":{"@type":"PropertyValueSpecification","valueRequired":true,"valueName":"search_term_string"}}],"inLanguage":"fr-FR"},{"@type":"Organization","@id":"https:\/\/www.fuegos.eu\/#organization","name":"Fuegos","url":"https:\/\/www.fuegos.eu\/","logo":{"@type":"ImageObject","inLanguage":"fr-FR","@id":"https:\/\/www.fuegos.eu\/#\/schema\/logo\/image\/","url":"https:\/\/fuegos.eu\/wp-content\/uploads\/2020\/05\/FuegosSignatur000.jpg","contentUrl":"https:\/\/fuegos.eu\/wp-content\/uploads\/2020\/05\/FuegosSignatur000.jpg","width":960,"height":408,"caption":"Fuegos"},"image":{"@id":"https:\/\/www.fuegos.eu\/#\/schema\/logo\/image\/"},"sameAs":["https:\/\/www.facebook.com\/FuegosForst\/","https:\/\/www.youtube.com\/channel\/UC0SFe93Vgi6YZV6tSCOLdkA"]}]}},"_links":{"self":[{"href":"https:\/\/www.fuegos.eu\/fr\/wp-json\/wp\/v2\/product\/254468","targetHints":{"allow":["GET"]}}],"collection":[{"href":"https:\/\/www.fuegos.eu\/fr\/wp-json\/wp\/v2\/product"}],"about":[{"href":"https:\/\/www.fuegos.eu\/fr\/wp-json\/wp\/v2\/types\/product"}],"replies":[{"embeddable":true,"href":"https:\/\/www.fuegos.eu\/fr\/wp-json\/wp\/v2\/comments?post=254468"}],"wp:featuredmedia":[{"embeddable":true,"href":"https:\/\/www.fuegos.eu\/fr\/wp-json\/wp\/v2\/media\/254787"}],"wp:attachment":[{"href":"https:\/\/www.fuegos.eu\/fr\/wp-json\/wp\/v2\/media?parent=254468"}],"wp:term":[{"taxonomy":"product_brand","embeddable":true,"href":"https:\/\/www.fuegos.eu\/fr\/wp-json\/wp\/v2\/product_brand?post=254468"},{"taxonomy":"product_cat","embeddable":true,"href":"https:\/\/www.fuegos.eu\/fr\/wp-json\/wp\/v2\/product_cat?post=254468"},{"taxonomy":"product_tag","embeddable":true,"href":"https:\/\/www.fuegos.eu\/fr\/wp-json\/wp\/v2\/product_tag?post=254468"}],"curies":[{"name":"wp","href":"https:\/\/api.w.org\/{rel}","templated":true}]}}