{"id":254470,"date":"2024-09-18T00:28:57","date_gmt":"2024-09-17T22:28:57","guid":{"rendered":"https:\/\/fuegos.eu\/?post_type=product&#038;p=254470"},"modified":"2024-12-19T17:37:39","modified_gmt":"2024-12-19T16:37:39","slug":"tragegurt-fuer-pflanztaschen-tonkintaschen","status":"publish","type":"product","link":"https:\/\/www.fuegos.eu\/fr\/product\/tragegurt-fuer-pflanztaschen-tonkintaschen\/","title":{"rendered":"Sangle pour sacs \u00e0 plantes et sacs \u00e0 argile"},"content":{"rendered":"<p><strong>Sangle pour sacs \u00e0 plantes et sacs Tonkita \u2013 Pratique et robuste pour toutes les utilisations<\/strong><\/p>\n<p class=\"translation-block\">La <strong>sangle pour <a href=\"https:\/\/www.fuegos.eu\/fr\/product\/pflanztasche-fuer-den-forst\/\" target=\"_blank\" rel=\"noopener\">sacs \u00e0 plantes<\/a> et sacs \u00e0 tonkita<\/strong> est le compl\u00e9ment id\u00e9al pour une utilisation professionnelle dans la sylviculture et les travaux en ext\u00e9rieur. \u00c9quip\u00e9e de crochets robustes, la sangle se fixe et se d\u00e9tache rapidement et facilement, ce qui permet une utilisation flexible. Cette sangle de transport assure une r\u00e9partition confortable et ergonomique du poids et augmente ainsi le confort de transport, m\u00eame lors d'utilisations prolong\u00e9es.<\/p>\n<p class=\"translation-block\">Cette sangle est fournie en standard avec nos <a href=\"https:\/\/www.fuegos.eu\/fr\/product\/pflanztasche-fuer-den-forst\/\" target=\"_blank\" rel=\"noopener\">sacs de plantation<\/a>. Cet article est sp\u00e9cialement con\u00e7u pour r\u00e9pondre \u00e0 des besoins suppl\u00e9mentaires, par exemple pour compl\u00e9ter un \u00e9quipement ou remplacer des sangles d\u00e9j\u00e0 utilis\u00e9es.<\/p>\n<p>Fabriqu\u00e9e dans un mat\u00e9riau sans PVC et r\u00e9sistant \u00e0 l'abrasion, cette sangle de transport est particuli\u00e8rement durable et r\u00e9sistante aux contraintes quotidiennes. Que ce soit en for\u00eat, sur un chantier ou pour d'autres travaux exigeants, cette sangle offre la stabilit\u00e9 et la flexibilit\u00e9 n\u00e9cessaires.<\/p>\n<p><strong>Autres avantages de la sangle pour sacs \u00e0 plantes et sacs pour instruments de musique :<\/strong><\/p>\n<ul>\n<li class=\"translation-block\"><strong>Manipulation facile :<\/strong> gr\u00e2ce \u00e0 sa conception \u00e0 clip, la sangle est rapidement pr\u00eate \u00e0 l'emploi.<\/li>\n<li class=\"translation-block\"><strong>Mat\u00e9riau robuste :<\/strong> mat\u00e9riaux durables qui r\u00e9sistent m\u00eame dans les conditions les plus difficiles.<\/li>\n<\/ul>\n<p><strong>Caract\u00e9ristiques techniques :<\/strong><\/p>\n<ul>\n<li class=\"translation-block\"><strong>Mat\u00e9riau :<\/strong> sans PVC et r\u00e9sistant \u00e0 l'abrasion<\/li>\n<li class=\"translation-block\"><strong>Compatibilit\u00e9 :<\/strong> Convient pour les <a href=\"https:\/\/www.fuegos.eu\/fr\/product\/pflanztasche-fuer-den-forst\/\" target=\"_blank\" rel=\"noopener\">sacs \u00e0 plantes<\/a> et les sacs pour argile<\/li>\n<li class=\"translation-block\"><strong>Fonction :<\/strong> peut \u00eatre clips\u00e9 et d\u00e9clips\u00e9<\/li>\n<li class=\"translation-block\"><strong>Particularit\u00e9 :<\/strong> sangle de remplacement ou sangle suppl\u00e9mentaire<\/li>\n<\/ul>\n<p><strong>D\u00e9couvrez les produits adapt\u00e9s :<\/strong><\/p>\n<ul>\n<li><a href=\"https:\/\/www.fuegos.eu\/fr\/pflanztaschen-im-forst\/\" target=\"_new\" rel=\"noopener\">Aper\u00e7u des \u00e9quipements pour plantes<\/a><\/li>\n<li><a href=\"https:\/\/www.fuegos.eu\/fr\/product\/pflanztaschen-baukasten\/\">Kit de sacs pour plantes<\/a><\/li>\n<\/ul>\n<p class=\"translation-block\">Augmentez votre efficacit\u00e9 et votre confort lors des travaux forestiers gr\u00e2ce au <strong>harnais pour sacs de plantation et sacs d'argile<\/strong> \u2013 la solution parfaite pour tous les besoins.<\/p>","protected":false},"excerpt":{"rendered":"<p><strong>Sangle pour sacs \u00e0 plantes et sacs \u00e0 argile<\/strong><\/p>\n<p class=\"translation-block\">La <strong>sangle pour sacs \u00e0 plantes et sacs \u00e0 argile<\/strong> est la solution id\u00e9ale pour un transport s\u00fbr et confortable. Gr\u00e2ce \u00e0 ses crochets robustes, elle s'attache et se d\u00e9tache facilement et est donc particuli\u00e8rement facile \u00e0 utiliser.<\/p>\n<p>Cette sangle de transport est fournie en standard avec nos sacs de plantation. Cet article est sp\u00e9cialement con\u00e7u pour r\u00e9pondre \u00e0 des besoins suppl\u00e9mentaires ou pour \u00eatre ajout\u00e9 ult\u00e9rieurement.<\/p>\n<p class=\"translation-block\">Fabriqu\u00e9e \u00e0 partir de mat\u00e9riaux de haute qualit\u00e9, la sangle est <strong>sans PVC<\/strong> et r\u00e9sistante \u00e0 l'abrasion, ce qui la rend id\u00e9ale pour une utilisation intensive dans les environnements forestiers et ext\u00e9rieurs.<\/p>","protected":false},"featured_media":254790,"comment_status":"open","ping_status":"closed","template":"","meta":{"_et_pb_use_builder":"","_et_pb_old_content":"","_et_gb_content_width":""},"product_brand":[],"product_cat":[25,200,187],"product_tag":[],"class_list":{"0":"post-254470","1":"product","2":"type-product","3":"status-publish","4":"has-post-thumbnail","6":"product_cat-forst","7":"product_cat-forstguertel-equipment","8":"product_cat-pflanztaschen","10":"first","11":"instock","12":"taxable","13":"shipping-taxable","14":"purchasable","15":"product-type-simple"},"yoast_head":"<!-- This site is optimized with the Yoast SEO plugin v27.3 - https:\/\/yoast.com\/product\/yoast-seo-wordpress\/ -->\n<title>Tragegurt f\u00fcr Pflanztaschen &amp; Tonkintaschen &#8226; Fuegos<\/title>\n<meta name=\"description\" content=\"Tragegurt f\u00fcr Pflanztaschen &amp; Tonkintaschen f\u00fcr die Fuegos Pflanztasche. Einfach anklippbar und austauschbar auch f\u00fcr andere Pflanztaschen. Made in Germany\" \/>\n<meta name=\"robots\" content=\"index, follow, max-snippet:-1, max-image-preview:large, max-video-preview:-1\" \/>\n<link rel=\"canonical\" href=\"https:\/\/www.fuegos.eu\/fr\/product\/tragegurt-fuer-pflanztaschen-tonkintaschen\/\" \/>\n<meta property=\"og:locale\" content=\"fr_FR\" \/>\n<meta property=\"og:type\" content=\"article\" \/>\n<meta property=\"og:title\" content=\"Tragegurt f\u00fcr Pflanztaschen &amp; Tonkintaschen &#8226; Fuegos\" \/>\n<meta property=\"og:description\" content=\"Tragegurt f\u00fcr Pflanztaschen &amp; Tonkintaschen f\u00fcr die Fuegos Pflanztasche. Einfach anklippbar und austauschbar auch f\u00fcr andere Pflanztaschen. Made in Germany\" \/>\n<meta property=\"og:url\" content=\"https:\/\/www.fuegos.eu\/fr\/product\/tragegurt-fuer-pflanztaschen-tonkintaschen\/\" \/>\n<meta property=\"og:site_name\" content=\"Fuegos\" \/>\n<meta property=\"article:publisher\" content=\"https:\/\/www.facebook.com\/FuegosForst\/\" \/>\n<meta property=\"article:modified_time\" content=\"2024-12-19T16:37:39+00:00\" \/>\n<meta property=\"og:image\" content=\"https:\/\/www.fuegos.eu\/wp-content\/uploads\/2024\/09\/Pflanztaschen_Tragegurt-Einzelnd_800.jpg\" \/>\n\t<meta property=\"og:image:width\" content=\"800\" \/>\n\t<meta property=\"og:image:height\" content=\"800\" \/>\n\t<meta property=\"og:image:type\" content=\"image\/jpeg\" \/>\n<meta name=\"twitter:card\" content=\"summary_large_image\" \/>\n<meta name=\"twitter:label1\" content=\"Dur\u00e9e de lecture estim\u00e9e\" \/>\n\t<meta name=\"twitter:data1\" content=\"1 minute\" \/>\n<script type=\"application\/ld+json\" class=\"yoast-schema-graph\">{\"@context\":\"https:\\\/\\\/schema.org\",\"@graph\":[{\"@type\":\"WebPage\",\"@id\":\"https:\\\/\\\/www.fuegos.eu\\\/product\\\/tragegurt-fuer-pflanztaschen-tonkintaschen\\\/\",\"url\":\"https:\\\/\\\/www.fuegos.eu\\\/product\\\/tragegurt-fuer-pflanztaschen-tonkintaschen\\\/\",\"name\":\"Tragegurt f\u00fcr Pflanztaschen & Tonkintaschen &#8226; Fuegos\",\"isPartOf\":{\"@id\":\"https:\\\/\\\/www.fuegos.eu\\\/#website\"},\"primaryImageOfPage\":{\"@id\":\"https:\\\/\\\/www.fuegos.eu\\\/product\\\/tragegurt-fuer-pflanztaschen-tonkintaschen\\\/#primaryimage\"},\"image\":{\"@id\":\"https:\\\/\\\/www.fuegos.eu\\\/product\\\/tragegurt-fuer-pflanztaschen-tonkintaschen\\\/#primaryimage\"},\"thumbnailUrl\":\"https:\\\/\\\/www.fuegos.eu\\\/wp-content\\\/uploads\\\/2024\\\/09\\\/Pflanztaschen_Tragegurt-Einzelnd_800.jpg\",\"datePublished\":\"2024-09-17T22:28:57+00:00\",\"dateModified\":\"2024-12-19T16:37:39+00:00\",\"description\":\"Tragegurt f\u00fcr Pflanztaschen & Tonkintaschen f\u00fcr die Fuegos Pflanztasche. Einfach anklippbar und austauschbar auch f\u00fcr andere Pflanztaschen. Made in Germany\",\"breadcrumb\":{\"@id\":\"https:\\\/\\\/www.fuegos.eu\\\/product\\\/tragegurt-fuer-pflanztaschen-tonkintaschen\\\/#breadcrumb\"},\"inLanguage\":\"fr-FR\",\"potentialAction\":[{\"@type\":\"ReadAction\",\"target\":[\"https:\\\/\\\/www.fuegos.eu\\\/product\\\/tragegurt-fuer-pflanztaschen-tonkintaschen\\\/\"]}]},{\"@type\":\"ImageObject\",\"inLanguage\":\"fr-FR\",\"@id\":\"https:\\\/\\\/www.fuegos.eu\\\/product\\\/tragegurt-fuer-pflanztaschen-tonkintaschen\\\/#primaryimage\",\"url\":\"https:\\\/\\\/www.fuegos.eu\\\/wp-content\\\/uploads\\\/2024\\\/09\\\/Pflanztaschen_Tragegurt-Einzelnd_800.jpg\",\"contentUrl\":\"https:\\\/\\\/www.fuegos.eu\\\/wp-content\\\/uploads\\\/2024\\\/09\\\/Pflanztaschen_Tragegurt-Einzelnd_800.jpg\",\"width\":800,\"height\":800},{\"@type\":\"BreadcrumbList\",\"@id\":\"https:\\\/\\\/www.fuegos.eu\\\/product\\\/tragegurt-fuer-pflanztaschen-tonkintaschen\\\/#breadcrumb\",\"itemListElement\":[{\"@type\":\"ListItem\",\"position\":1,\"name\":\"Home\",\"item\":\"https:\\\/\\\/www.fuegos.eu\\\/\"},{\"@type\":\"ListItem\",\"position\":2,\"name\":\"Shop\",\"item\":\"https:\\\/\\\/www.fuegos.eu\\\/forstguertel-taschen-online-kaufen\\\/\"},{\"@type\":\"ListItem\",\"position\":3,\"name\":\"Tragegurt f\u00fcr Pflanztaschen &#038; Tonkintaschen\"}]},{\"@type\":\"WebSite\",\"@id\":\"https:\\\/\\\/www.fuegos.eu\\\/#website\",\"url\":\"https:\\\/\\\/www.fuegos.eu\\\/\",\"name\":\"Fuegos\",\"description\":\"Textile L\u00f6sungen nach Ma\u00df\",\"publisher\":{\"@id\":\"https:\\\/\\\/www.fuegos.eu\\\/#organization\"},\"potentialAction\":[{\"@type\":\"SearchAction\",\"target\":{\"@type\":\"EntryPoint\",\"urlTemplate\":\"https:\\\/\\\/www.fuegos.eu\\\/?s={search_term_string}\"},\"query-input\":{\"@type\":\"PropertyValueSpecification\",\"valueRequired\":true,\"valueName\":\"search_term_string\"}}],\"inLanguage\":\"fr-FR\"},{\"@type\":\"Organization\",\"@id\":\"https:\\\/\\\/www.fuegos.eu\\\/#organization\",\"name\":\"Fuegos\",\"url\":\"https:\\\/\\\/www.fuegos.eu\\\/\",\"logo\":{\"@type\":\"ImageObject\",\"inLanguage\":\"fr-FR\",\"@id\":\"https:\\\/\\\/www.fuegos.eu\\\/#\\\/schema\\\/logo\\\/image\\\/\",\"url\":\"https:\\\/\\\/fuegos.eu\\\/wp-content\\\/uploads\\\/2020\\\/05\\\/FuegosSignatur000.jpg\",\"contentUrl\":\"https:\\\/\\\/fuegos.eu\\\/wp-content\\\/uploads\\\/2020\\\/05\\\/FuegosSignatur000.jpg\",\"width\":960,\"height\":408,\"caption\":\"Fuegos\"},\"image\":{\"@id\":\"https:\\\/\\\/www.fuegos.eu\\\/#\\\/schema\\\/logo\\\/image\\\/\"},\"sameAs\":[\"https:\\\/\\\/www.facebook.com\\\/FuegosForst\\\/\",\"https:\\\/\\\/www.youtube.com\\\/channel\\\/UC0SFe93Vgi6YZV6tSCOLdkA\"]}]}<\/script>\n<!-- \/ Yoast SEO plugin. -->","yoast_head_json":{"title":"Tragegurt f\u00fcr Pflanztaschen & Tonkintaschen &#8226; Fuegos","description":"Tragegurt f\u00fcr Pflanztaschen & Tonkintaschen f\u00fcr die Fuegos Pflanztasche. Einfach anklippbar und austauschbar auch f\u00fcr andere Pflanztaschen. Made in Germany","robots":{"index":"index","follow":"follow","max-snippet":"max-snippet:-1","max-image-preview":"max-image-preview:large","max-video-preview":"max-video-preview:-1"},"canonical":"https:\/\/www.fuegos.eu\/fr\/product\/tragegurt-fuer-pflanztaschen-tonkintaschen\/","og_locale":"fr_FR","og_type":"article","og_title":"Tragegurt f\u00fcr Pflanztaschen & Tonkintaschen &#8226; Fuegos","og_description":"Tragegurt f\u00fcr Pflanztaschen & Tonkintaschen f\u00fcr die Fuegos Pflanztasche. Einfach anklippbar und austauschbar auch f\u00fcr andere Pflanztaschen. Made in Germany","og_url":"https:\/\/www.fuegos.eu\/fr\/product\/tragegurt-fuer-pflanztaschen-tonkintaschen\/","og_site_name":"Fuegos","article_publisher":"https:\/\/www.facebook.com\/FuegosForst\/","article_modified_time":"2024-12-19T16:37:39+00:00","og_image":[{"width":800,"height":800,"url":"https:\/\/www.fuegos.eu\/wp-content\/uploads\/2024\/09\/Pflanztaschen_Tragegurt-Einzelnd_800.jpg","type":"image\/jpeg"}],"twitter_card":"summary_large_image","twitter_misc":{"Dur\u00e9e de lecture estim\u00e9e":"1 minute"},"schema":{"@context":"https:\/\/schema.org","@graph":[{"@type":"WebPage","@id":"https:\/\/www.fuegos.eu\/product\/tragegurt-fuer-pflanztaschen-tonkintaschen\/","url":"https:\/\/www.fuegos.eu\/product\/tragegurt-fuer-pflanztaschen-tonkintaschen\/","name":"Tragegurt f\u00fcr Pflanztaschen & Tonkintaschen &#8226; Fuegos","isPartOf":{"@id":"https:\/\/www.fuegos.eu\/#website"},"primaryImageOfPage":{"@id":"https:\/\/www.fuegos.eu\/product\/tragegurt-fuer-pflanztaschen-tonkintaschen\/#primaryimage"},"image":{"@id":"https:\/\/www.fuegos.eu\/product\/tragegurt-fuer-pflanztaschen-tonkintaschen\/#primaryimage"},"thumbnailUrl":"https:\/\/www.fuegos.eu\/wp-content\/uploads\/2024\/09\/Pflanztaschen_Tragegurt-Einzelnd_800.jpg","datePublished":"2024-09-17T22:28:57+00:00","dateModified":"2024-12-19T16:37:39+00:00","description":"Tragegurt f\u00fcr Pflanztaschen & Tonkintaschen f\u00fcr die Fuegos Pflanztasche. Einfach anklippbar und austauschbar auch f\u00fcr andere Pflanztaschen. Made in Germany","breadcrumb":{"@id":"https:\/\/www.fuegos.eu\/product\/tragegurt-fuer-pflanztaschen-tonkintaschen\/#breadcrumb"},"inLanguage":"fr-FR","potentialAction":[{"@type":"ReadAction","target":["https:\/\/www.fuegos.eu\/product\/tragegurt-fuer-pflanztaschen-tonkintaschen\/"]}]},{"@type":"ImageObject","inLanguage":"fr-FR","@id":"https:\/\/www.fuegos.eu\/product\/tragegurt-fuer-pflanztaschen-tonkintaschen\/#primaryimage","url":"https:\/\/www.fuegos.eu\/wp-content\/uploads\/2024\/09\/Pflanztaschen_Tragegurt-Einzelnd_800.jpg","contentUrl":"https:\/\/www.fuegos.eu\/wp-content\/uploads\/2024\/09\/Pflanztaschen_Tragegurt-Einzelnd_800.jpg","width":800,"height":800},{"@type":"BreadcrumbList","@id":"https:\/\/www.fuegos.eu\/product\/tragegurt-fuer-pflanztaschen-tonkintaschen\/#breadcrumb","itemListElement":[{"@type":"ListItem","position":1,"name":"Home","item":"https:\/\/www.fuegos.eu\/"},{"@type":"ListItem","position":2,"name":"Shop","item":"https:\/\/www.fuegos.eu\/forstguertel-taschen-online-kaufen\/"},{"@type":"ListItem","position":3,"name":"Tragegurt f\u00fcr Pflanztaschen &#038; Tonkintaschen"}]},{"@type":"WebSite","@id":"https:\/\/www.fuegos.eu\/#website","url":"https:\/\/www.fuegos.eu\/","name":"Fuegos","description":"Textile des Solutions sur Mesure","publisher":{"@id":"https:\/\/www.fuegos.eu\/#organization"},"potentialAction":[{"@type":"SearchAction","target":{"@type":"EntryPoint","urlTemplate":"https:\/\/www.fuegos.eu\/?s={search_term_string}"},"query-input":{"@type":"PropertyValueSpecification","valueRequired":true,"valueName":"search_term_string"}}],"inLanguage":"fr-FR"},{"@type":"Organization","@id":"https:\/\/www.fuegos.eu\/#organization","name":"Fuegos","url":"https:\/\/www.fuegos.eu\/","logo":{"@type":"ImageObject","inLanguage":"fr-FR","@id":"https:\/\/www.fuegos.eu\/#\/schema\/logo\/image\/","url":"https:\/\/fuegos.eu\/wp-content\/uploads\/2020\/05\/FuegosSignatur000.jpg","contentUrl":"https:\/\/fuegos.eu\/wp-content\/uploads\/2020\/05\/FuegosSignatur000.jpg","width":960,"height":408,"caption":"Fuegos"},"image":{"@id":"https:\/\/www.fuegos.eu\/#\/schema\/logo\/image\/"},"sameAs":["https:\/\/www.facebook.com\/FuegosForst\/","https:\/\/www.youtube.com\/channel\/UC0SFe93Vgi6YZV6tSCOLdkA"]}]}},"_links":{"self":[{"href":"https:\/\/www.fuegos.eu\/fr\/wp-json\/wp\/v2\/product\/254470","targetHints":{"allow":["GET"]}}],"collection":[{"href":"https:\/\/www.fuegos.eu\/fr\/wp-json\/wp\/v2\/product"}],"about":[{"href":"https:\/\/www.fuegos.eu\/fr\/wp-json\/wp\/v2\/types\/product"}],"replies":[{"embeddable":true,"href":"https:\/\/www.fuegos.eu\/fr\/wp-json\/wp\/v2\/comments?post=254470"}],"wp:featuredmedia":[{"embeddable":true,"href":"https:\/\/www.fuegos.eu\/fr\/wp-json\/wp\/v2\/media\/254790"}],"wp:attachment":[{"href":"https:\/\/www.fuegos.eu\/fr\/wp-json\/wp\/v2\/media?parent=254470"}],"wp:term":[{"taxonomy":"product_brand","embeddable":true,"href":"https:\/\/www.fuegos.eu\/fr\/wp-json\/wp\/v2\/product_brand?post=254470"},{"taxonomy":"product_cat","embeddable":true,"href":"https:\/\/www.fuegos.eu\/fr\/wp-json\/wp\/v2\/product_cat?post=254470"},{"taxonomy":"product_tag","embeddable":true,"href":"https:\/\/www.fuegos.eu\/fr\/wp-json\/wp\/v2\/product_tag?post=254470"}],"curies":[{"name":"wp","href":"https:\/\/api.w.org\/{rel}","templated":true}]}}