{"id":254894,"date":"2024-11-27T14:36:52","date_gmt":"2024-11-27T13:36:52","guid":{"rendered":"https:\/\/fuegos.eu\/?post_type=product&#038;p=254894"},"modified":"2024-12-19T17:34:41","modified_gmt":"2024-12-19T16:34:41","slug":"tonkintabtasche-75-90cm","status":"publish","type":"product","link":"https:\/\/www.fuegos.eu\/fr\/product\/tonkintabtasche-75-90cm\/","title":{"rendered":"Tonkinstabtasche 75\/90cm"},"content":{"rendered":"<h3><strong>SAC POUR BARRE DE SON 75\/90 CM \u2013 Protection robuste et design ergonomique pour les projets de reboisement<\/strong><\/h3>\n<p class=\"translation-block\">Le <strong>sac pour tiges de bambou 75\/90 cm<\/strong> est la solution id\u00e9ale pour transporter en toute s\u00e9curit\u00e9 les tiges de bambou et autres supports de plantation. Disponible en deux tailles \u2013 <strong>75 cm<\/strong> et <strong>90 cm<\/strong> \u2013 et d'une capacit\u00e9 d'<strong>environ 18 litres (75 cm)<\/strong> et <strong>24 litres (90 cm)<\/strong> respectivement, il offre une capacit\u00e9 et une flexibilit\u00e9 maximales pour les tuteurs de diff\u00e9rentes longueurs et les projets de grande envergure. Le sac est parfait pour le reboisement, les nouvelles plantations et les travaux d'entretien o\u00f9 la stabilit\u00e9 et l'organisation sont essentielles.<\/p>\n<p class=\"translation-block\">Gr\u00e2ce \u00e0 sa conception bien pens\u00e9e et \u00e0 ses mat\u00e9riaux de haute qualit\u00e9, la <strong>sacoche pour b\u00e2tons Tonkin 75\/90 cm<\/strong> prot\u00e8ge efficacement les b\u00e2tons contre les influences ext\u00e9rieures telles que la pluie, la salet\u00e9 et les dommages. La possibilit\u00e9 de fixer la sacoche \u00e0 des syst\u00e8mes de transport ergonomiques tels que des bandouli\u00e8res ou des ceintures foresti\u00e8res en fait un outil indispensable pour les travailleurs forestiers.<\/p>\n<hr \/>\n<h4><strong>Pourquoi choisir le sac pour baguettes Tonkin 75\/90 cm ?<\/strong><\/h4>\n<ul>\n<li class=\"translation-block\"><strong>Flexibilit\u00e9 pour diff\u00e9rentes quantit\u00e9s et tailles<\/strong> : avec une capacit\u00e9 de 18 litres (75 cm) et 24 litres (90 cm), vous pouvez transporter sans probl\u00e8me jusqu'\u00e0 25-30 baguettes.<\/li>\n<li class=\"translation-block\"><strong>Mat\u00e9riaux robustes<\/strong> : la b\u00e2che r\u00e9sistante \u00e0 l'eau et \u00e0 l'abrasion prot\u00e8ge des intemp\u00e9ries et garantit une longue dur\u00e9e de vie.<\/li>\n<li class=\"translation-block\"><strong>Ergonomie gr\u00e2ce aux syst\u00e8mes de transport<\/strong> : gr\u00e2ce \u00e0 la fixation \u00e0 une ceinture foresti\u00e8re et \u00e0 des syst\u00e8mes de transport sur les \u00e9paules, le poids est r\u00e9parti de mani\u00e8re uniforme, ce qui r\u00e9duit la charge et augmente le confort de transport.<\/li>\n<li class=\"translation-block\"><strong>Durabilit\u00e9<\/strong> : fabriqu\u00e9 \u00e0 partir d'un mat\u00e9riau recyclable sans PVC, respectueux de l'homme et de l'environnement.<\/li>\n<\/ul>\n<hr \/>\n<h4><strong>D\u00e9tails techniques du sac pour baguettes Tonkin 75\/90 cm<\/strong><\/h4>\n<ul>\n<li class=\"translation-block\"><strong>Mat\u00e9riau<\/strong> : toile robuste, r\u00e9sistante \u00e0 l'eau et aux intemp\u00e9ries<\/li>\n<li><strong>Tailles<\/strong>:\n<ul>\n<li class=\"translation-block\"><a href=\"https:\/\/www.fuegos.eu\/fr\/product\/tonkinstabkoecher-75cm\/\" target=\"_blank\" rel=\"noopener\"><strong>Sac pour baguettes Tonkin 75 cm<\/strong><\/a> : volume d'environ 18 litres, pour les projets compacts et les baguettes plus courtes<\/li>\n<li class=\"translation-block\"><a href=\"https:\/\/www.fuegos.eu\/fr\/product\/tonkinstabkoecher-90cm\/\" target=\"_blank\" rel=\"noopener\"><strong>Sac pour baguettes Tonkin 90 cm<\/strong><\/a> : volume d'environ 24 litres, pour les grandes quantit\u00e9s et les baguettes plus longues<\/li>\n<\/ul>\n<\/li>\n<li class=\"translation-block\"><strong>Capacit\u00e9<\/strong> : peut contenir 25 \u00e0 30 baguettes (selon leur diam\u00e8tre)<\/li>\n<li class=\"translation-block\"><strong>Poids<\/strong> : l\u00e9ger et maniable<\/li>\n<li class=\"translation-block\"><strong>Besonderheiten<\/strong>: Kompatibel mit <a href=\"https:\/\/www.fuegos.eu\/fr\/product\/forstguertel-flexibler-forstgurt-made-in-germany\/\" target=\"_blank\" rel=\"noopener\">Forstg\u00fcrteln<\/a> und <a href=\"https:\/\/www.fuegos.eu\/fr\/product\/schultertragesystem-forstguertel-werkzeugguertel\/\" target=\"_blank\" rel=\"noopener\">Schultertragesystemen<\/a>, ergonomisches Tragedesign<\/li>\n<li><strong>Pflege<\/strong>: Einfach zu reinigen, wasser- und schmutzabweisend (Handw\u00e4sche bei 30\u00b0)<br \/>\n<hr \/>\n<h3><strong>Autres produits de la s\u00e9rie<\/strong><\/h3>\n<ul>\n<li class=\"translation-block\"><a href=\"https:\/\/www.fuegos.eu\/fr\/product\/tonkinstabkoecher-75cm-vielseitige-tonkinstab-tasche-fuer-tonkin-und-robinienstaebe\/\" target=\"_blank\" rel=\"noopener\"><strong>Bo\u00eete \u00e0 baguettes Tonkin 75 cm :<\/strong><\/a> pour des quantit\u00e9s et des projets plus compacts \u2013 l\u00e9g\u00e8re et flexible.<\/li>\n<li class=\"translation-block\"><a href=\"https:\/\/www.fuegos.eu\/fr\/product\/tonkinstabkoecher-90cm-robuste-tonkinstab-tasche-fuer-groessere-mengen\/\" target=\"_blank\" rel=\"noopener\"><strong>\u00c9tui pour baguettes Tonkin 90 cm :<\/strong><\/a> Pour les quantit\u00e9s plus importantes ou les baguettes plus longues.<\/li>\n<li class=\"translation-block\"><a href=\"https:\/\/www.fuegos.eu\/fr\/product\/pflanztasche-30-cm-fuer-die-forstwirtschaft\/\" target=\"_blank\" rel=\"noopener\"><strong>Sac de plantation 30 cm pour la sylviculture :<\/strong><\/a> Compact et flexible pour les petits plants.<\/li>\n<li class=\"translation-block\"><a href=\"https:\/\/www.fuegos.eu\/fr\/product\/pflanztasche-40-cm-fuer-die-forstwirtschaft\/\" target=\"_blank\" rel=\"noopener\"><strong>Sac de plantation 40 cm pour la sylviculture :<\/strong><\/a> La taille id\u00e9ale pour les projets de plantation de taille moyenne.<\/li>\n<li class=\"translation-block\"><a href=\"https:\/\/www.fuegos.eu\/fr\/product\/pflanztasche-fuer-den-forst-50cm\/\" target=\"_blank\" rel=\"noopener\"><strong>Sac \u00e0 plantes pour la sylviculture 50 cm :<\/strong><\/a> Capacit\u00e9 maximale pour les grands projets de reboisement.<\/li>\n<li class=\"translation-block\"><a href=\"https:\/\/www.fuegos.eu\/fr\/product\/pflanztaschen-baukasten\/\" target=\"_blank\" rel=\"noopener\"><strong>Kit de sacs pour plantes Syst\u00e8mes de transport :<\/strong><\/a> Syst\u00e8me de transport personnalisable pour une ergonomie et une efficacit\u00e9 optimales.<\/li>\n<\/ul>\n<\/li>\n<\/ul>","protected":false},"excerpt":{"rendered":"<h2><strong>TONKINSTABTASCHE 75\/90CM<\/strong><\/h2>\n<p class=\"translation-block\">Le <strong>sac pour tiges de tonkin 75\/90 cm<\/strong> est le choix id\u00e9al pour transporter des tiges de tonkin et autres accessoires de plantation lors de travaux forestiers.<\/p>\n<p class=\"translation-block\">Disponible en deux tailles \u2013 <strong>75 cm (18 litres)<\/strong> et <strong>90 cm (24 litres)<\/strong> \u2013 elle offre une capacit\u00e9 et une flexibilit\u00e9 maximales pour diff\u00e9rents types d'arbres et diff\u00e9rents projets. La b\u00e2che robuste, r\u00e9sistante \u00e0 l'eau et \u00e0 l'abrasion prot\u00e8ge efficacement les tiges des intemp\u00e9ries, tandis que le raccordement \u00e0 <strong><a href=\"https:\/\/www.fuegos.eu\/fr\/product\/forstguertel-flexibler-forstgurt-made-in-germany\/\" target=\"_self\">ceintures foresti\u00e8res<\/a> et les <a href=\"https:\/\/www.fuegos.eu\/fr\/product\/schultertragesystem-forstguertel-werkzeugguertel\/\" target=\"_self\">syst\u00e8mes de transport \u00e0 bandouli\u00e8re<\/a><\/strong> ergonomiques garantissent un confort de transport \u00e9lev\u00e9.<\/p>\n<p>Le mat\u00e9riau est exempt de PVC, recyclable et respecte ainsi l'homme et l'environnement. Gr\u00e2ce \u00e0 son poids l\u00e9ger, le sac est facile \u00e0 transporter tout en \u00e9tant particuli\u00e8rement r\u00e9sistant.<\/p>\n<p class=\"translation-block\"><strong>Dimensions<\/strong> : longueur 75\/90 cm, largeur 20 cm, volume 18\/24 litres<br>\n<strong>Poids<\/strong> : 240 g (75 cm), 300 g (90 cm)<br>\n<strong>Mat\u00e9riau<\/strong> : toile sans PVC, r\u00e9sistante \u00e0 l'eau et aux intemp\u00e9ries<br>\n<strong>Particularit\u00e9s<\/strong> : design ergonomique, compatible avec les syst\u00e8mes de transport, facile \u00e0 nettoyer (lavage \u00e0 la main \u00e0 30 \u00b0C)<\/p>","protected":false},"featured_media":254896,"comment_status":"open","ping_status":"closed","template":"","meta":{"_et_pb_use_builder":"","_et_pb_old_content":"","_et_gb_content_width":""},"product_brand":[],"product_cat":[25,200,187],"product_tag":[],"class_list":{"0":"post-254894","1":"product","2":"type-product","3":"status-publish","4":"has-post-thumbnail","6":"product_cat-forst","7":"product_cat-forstguertel-equipment","8":"product_cat-pflanztaschen","10":"first","11":"instock","12":"taxable","13":"shipping-taxable","14":"purchasable","15":"product-type-simple"},"yoast_head":"<!-- This site is optimized with the Yoast SEO plugin v27.3 - https:\/\/yoast.com\/product\/yoast-seo-wordpress\/ -->\n<title>Tonkinstabtasche 75\/90cm &#8226; Fuegos<\/title>\n<meta name=\"description\" content=\"Die Tonkinstabtasche 75\/90cm bietet mit 18 bzw. 24 Litern Volumen und robustem, die perfekte L\u00f6sung f\u00fcr den Transport von Tonkin- &amp; Robinienst\u00e4ben.\" \/>\n<meta name=\"robots\" content=\"index, follow, max-snippet:-1, max-image-preview:large, max-video-preview:-1\" \/>\n<link rel=\"canonical\" href=\"https:\/\/www.fuegos.eu\/fr\/product\/tonkintabtasche-75-90cm\/\" \/>\n<meta property=\"og:locale\" content=\"fr_FR\" \/>\n<meta property=\"og:type\" content=\"article\" \/>\n<meta property=\"og:title\" content=\"Tonkinstabtasche 75\/90cm &#8226; Fuegos\" \/>\n<meta property=\"og:description\" content=\"Die Tonkinstabtasche 75\/90cm bietet mit 18 bzw. 24 Litern Volumen und robustem, die perfekte L\u00f6sung f\u00fcr den Transport von Tonkin- &amp; Robinienst\u00e4ben.\" \/>\n<meta property=\"og:url\" content=\"https:\/\/www.fuegos.eu\/fr\/product\/tonkintabtasche-75-90cm\/\" \/>\n<meta property=\"og:site_name\" content=\"Fuegos\" \/>\n<meta property=\"article:publisher\" content=\"https:\/\/www.facebook.com\/FuegosForst\/\" \/>\n<meta property=\"article:modified_time\" content=\"2024-12-19T16:34:41+00:00\" \/>\n<meta property=\"og:image\" content=\"https:\/\/www.fuegos.eu\/wp-content\/uploads\/2024\/11\/Tonkin_Tasche-Tonkinkoecher_800-min-2.jpg\" \/>\n\t<meta property=\"og:image:width\" content=\"800\" \/>\n\t<meta property=\"og:image:height\" content=\"800\" \/>\n\t<meta property=\"og:image:type\" content=\"image\/jpeg\" \/>\n<meta name=\"twitter:card\" content=\"summary_large_image\" \/>\n<meta name=\"twitter:label1\" content=\"Dur\u00e9e de lecture estim\u00e9e\" \/>\n\t<meta name=\"twitter:data1\" content=\"2 minutes\" \/>\n<script type=\"application\/ld+json\" class=\"yoast-schema-graph\">{\"@context\":\"https:\\\/\\\/schema.org\",\"@graph\":[{\"@type\":\"WebPage\",\"@id\":\"https:\\\/\\\/www.fuegos.eu\\\/product\\\/tonkintabtasche-75-90cm\\\/\",\"url\":\"https:\\\/\\\/www.fuegos.eu\\\/product\\\/tonkintabtasche-75-90cm\\\/\",\"name\":\"Tonkinstabtasche 75\\\/90cm &#8226; Fuegos\",\"isPartOf\":{\"@id\":\"https:\\\/\\\/www.fuegos.eu\\\/#website\"},\"primaryImageOfPage\":{\"@id\":\"https:\\\/\\\/www.fuegos.eu\\\/product\\\/tonkintabtasche-75-90cm\\\/#primaryimage\"},\"image\":{\"@id\":\"https:\\\/\\\/www.fuegos.eu\\\/product\\\/tonkintabtasche-75-90cm\\\/#primaryimage\"},\"thumbnailUrl\":\"https:\\\/\\\/www.fuegos.eu\\\/wp-content\\\/uploads\\\/2024\\\/11\\\/Tonkin_Tasche-Tonkinkoecher_800-min-2.jpg\",\"datePublished\":\"2024-11-27T13:36:52+00:00\",\"dateModified\":\"2024-12-19T16:34:41+00:00\",\"description\":\"Die Tonkinstabtasche 75\\\/90cm bietet mit 18 bzw. 24 Litern Volumen und robustem, die perfekte L\u00f6sung f\u00fcr den Transport von Tonkin- & Robinienst\u00e4ben.\",\"breadcrumb\":{\"@id\":\"https:\\\/\\\/www.fuegos.eu\\\/product\\\/tonkintabtasche-75-90cm\\\/#breadcrumb\"},\"inLanguage\":\"fr-FR\",\"potentialAction\":[{\"@type\":\"ReadAction\",\"target\":[\"https:\\\/\\\/www.fuegos.eu\\\/product\\\/tonkintabtasche-75-90cm\\\/\"]}]},{\"@type\":\"ImageObject\",\"inLanguage\":\"fr-FR\",\"@id\":\"https:\\\/\\\/www.fuegos.eu\\\/product\\\/tonkintabtasche-75-90cm\\\/#primaryimage\",\"url\":\"https:\\\/\\\/www.fuegos.eu\\\/wp-content\\\/uploads\\\/2024\\\/11\\\/Tonkin_Tasche-Tonkinkoecher_800-min-2.jpg\",\"contentUrl\":\"https:\\\/\\\/www.fuegos.eu\\\/wp-content\\\/uploads\\\/2024\\\/11\\\/Tonkin_Tasche-Tonkinkoecher_800-min-2.jpg\",\"width\":800,\"height\":800,\"caption\":\"Rote Tonkinstabtasche made by Fuegos\"},{\"@type\":\"BreadcrumbList\",\"@id\":\"https:\\\/\\\/www.fuegos.eu\\\/product\\\/tonkintabtasche-75-90cm\\\/#breadcrumb\",\"itemListElement\":[{\"@type\":\"ListItem\",\"position\":1,\"name\":\"Home\",\"item\":\"https:\\\/\\\/www.fuegos.eu\\\/\"},{\"@type\":\"ListItem\",\"position\":2,\"name\":\"Shop\",\"item\":\"https:\\\/\\\/www.fuegos.eu\\\/forstguertel-taschen-online-kaufen\\\/\"},{\"@type\":\"ListItem\",\"position\":3,\"name\":\"Tonkinstabtasche 75\\\/90cm\"}]},{\"@type\":\"WebSite\",\"@id\":\"https:\\\/\\\/www.fuegos.eu\\\/#website\",\"url\":\"https:\\\/\\\/www.fuegos.eu\\\/\",\"name\":\"Fuegos\",\"description\":\"Textile L\u00f6sungen nach Ma\u00df\",\"publisher\":{\"@id\":\"https:\\\/\\\/www.fuegos.eu\\\/#organization\"},\"potentialAction\":[{\"@type\":\"SearchAction\",\"target\":{\"@type\":\"EntryPoint\",\"urlTemplate\":\"https:\\\/\\\/www.fuegos.eu\\\/?s={search_term_string}\"},\"query-input\":{\"@type\":\"PropertyValueSpecification\",\"valueRequired\":true,\"valueName\":\"search_term_string\"}}],\"inLanguage\":\"fr-FR\"},{\"@type\":\"Organization\",\"@id\":\"https:\\\/\\\/www.fuegos.eu\\\/#organization\",\"name\":\"Fuegos\",\"url\":\"https:\\\/\\\/www.fuegos.eu\\\/\",\"logo\":{\"@type\":\"ImageObject\",\"inLanguage\":\"fr-FR\",\"@id\":\"https:\\\/\\\/www.fuegos.eu\\\/#\\\/schema\\\/logo\\\/image\\\/\",\"url\":\"https:\\\/\\\/fuegos.eu\\\/wp-content\\\/uploads\\\/2020\\\/05\\\/FuegosSignatur000.jpg\",\"contentUrl\":\"https:\\\/\\\/fuegos.eu\\\/wp-content\\\/uploads\\\/2020\\\/05\\\/FuegosSignatur000.jpg\",\"width\":960,\"height\":408,\"caption\":\"Fuegos\"},\"image\":{\"@id\":\"https:\\\/\\\/www.fuegos.eu\\\/#\\\/schema\\\/logo\\\/image\\\/\"},\"sameAs\":[\"https:\\\/\\\/www.facebook.com\\\/FuegosForst\\\/\",\"https:\\\/\\\/www.youtube.com\\\/channel\\\/UC0SFe93Vgi6YZV6tSCOLdkA\"]}]}<\/script>\n<!-- \/ Yoast SEO plugin. -->","yoast_head_json":{"title":"Tonkinstabtasche 75\/90cm &#8226; Fuegos","description":"Die Tonkinstabtasche 75\/90cm bietet mit 18 bzw. 24 Litern Volumen und robustem, die perfekte L\u00f6sung f\u00fcr den Transport von Tonkin- & Robinienst\u00e4ben.","robots":{"index":"index","follow":"follow","max-snippet":"max-snippet:-1","max-image-preview":"max-image-preview:large","max-video-preview":"max-video-preview:-1"},"canonical":"https:\/\/www.fuegos.eu\/fr\/product\/tonkintabtasche-75-90cm\/","og_locale":"fr_FR","og_type":"article","og_title":"Tonkinstabtasche 75\/90cm &#8226; Fuegos","og_description":"Die Tonkinstabtasche 75\/90cm bietet mit 18 bzw. 24 Litern Volumen und robustem, die perfekte L\u00f6sung f\u00fcr den Transport von Tonkin- & Robinienst\u00e4ben.","og_url":"https:\/\/www.fuegos.eu\/fr\/product\/tonkintabtasche-75-90cm\/","og_site_name":"Fuegos","article_publisher":"https:\/\/www.facebook.com\/FuegosForst\/","article_modified_time":"2024-12-19T16:34:41+00:00","og_image":[{"width":800,"height":800,"url":"https:\/\/www.fuegos.eu\/wp-content\/uploads\/2024\/11\/Tonkin_Tasche-Tonkinkoecher_800-min-2.jpg","type":"image\/jpeg"}],"twitter_card":"summary_large_image","twitter_misc":{"Dur\u00e9e de lecture estim\u00e9e":"2 minutes"},"schema":{"@context":"https:\/\/schema.org","@graph":[{"@type":"WebPage","@id":"https:\/\/www.fuegos.eu\/product\/tonkintabtasche-75-90cm\/","url":"https:\/\/www.fuegos.eu\/product\/tonkintabtasche-75-90cm\/","name":"Tonkinstabtasche 75\/90cm &#8226; Fuegos","isPartOf":{"@id":"https:\/\/www.fuegos.eu\/#website"},"primaryImageOfPage":{"@id":"https:\/\/www.fuegos.eu\/product\/tonkintabtasche-75-90cm\/#primaryimage"},"image":{"@id":"https:\/\/www.fuegos.eu\/product\/tonkintabtasche-75-90cm\/#primaryimage"},"thumbnailUrl":"https:\/\/www.fuegos.eu\/wp-content\/uploads\/2024\/11\/Tonkin_Tasche-Tonkinkoecher_800-min-2.jpg","datePublished":"2024-11-27T13:36:52+00:00","dateModified":"2024-12-19T16:34:41+00:00","description":"Die Tonkinstabtasche 75\/90cm bietet mit 18 bzw. 24 Litern Volumen und robustem, die perfekte L\u00f6sung f\u00fcr den Transport von Tonkin- & Robinienst\u00e4ben.","breadcrumb":{"@id":"https:\/\/www.fuegos.eu\/product\/tonkintabtasche-75-90cm\/#breadcrumb"},"inLanguage":"fr-FR","potentialAction":[{"@type":"ReadAction","target":["https:\/\/www.fuegos.eu\/product\/tonkintabtasche-75-90cm\/"]}]},{"@type":"ImageObject","inLanguage":"fr-FR","@id":"https:\/\/www.fuegos.eu\/product\/tonkintabtasche-75-90cm\/#primaryimage","url":"https:\/\/www.fuegos.eu\/wp-content\/uploads\/2024\/11\/Tonkin_Tasche-Tonkinkoecher_800-min-2.jpg","contentUrl":"https:\/\/www.fuegos.eu\/wp-content\/uploads\/2024\/11\/Tonkin_Tasche-Tonkinkoecher_800-min-2.jpg","width":800,"height":800,"caption":"Rote Tonkinstabtasche made by Fuegos"},{"@type":"BreadcrumbList","@id":"https:\/\/www.fuegos.eu\/product\/tonkintabtasche-75-90cm\/#breadcrumb","itemListElement":[{"@type":"ListItem","position":1,"name":"Home","item":"https:\/\/www.fuegos.eu\/"},{"@type":"ListItem","position":2,"name":"Shop","item":"https:\/\/www.fuegos.eu\/forstguertel-taschen-online-kaufen\/"},{"@type":"ListItem","position":3,"name":"Tonkinstabtasche 75\/90cm"}]},{"@type":"WebSite","@id":"https:\/\/www.fuegos.eu\/#website","url":"https:\/\/www.fuegos.eu\/","name":"Fuegos","description":"Textile des Solutions sur Mesure","publisher":{"@id":"https:\/\/www.fuegos.eu\/#organization"},"potentialAction":[{"@type":"SearchAction","target":{"@type":"EntryPoint","urlTemplate":"https:\/\/www.fuegos.eu\/?s={search_term_string}"},"query-input":{"@type":"PropertyValueSpecification","valueRequired":true,"valueName":"search_term_string"}}],"inLanguage":"fr-FR"},{"@type":"Organization","@id":"https:\/\/www.fuegos.eu\/#organization","name":"Fuegos","url":"https:\/\/www.fuegos.eu\/","logo":{"@type":"ImageObject","inLanguage":"fr-FR","@id":"https:\/\/www.fuegos.eu\/#\/schema\/logo\/image\/","url":"https:\/\/fuegos.eu\/wp-content\/uploads\/2020\/05\/FuegosSignatur000.jpg","contentUrl":"https:\/\/fuegos.eu\/wp-content\/uploads\/2020\/05\/FuegosSignatur000.jpg","width":960,"height":408,"caption":"Fuegos"},"image":{"@id":"https:\/\/www.fuegos.eu\/#\/schema\/logo\/image\/"},"sameAs":["https:\/\/www.facebook.com\/FuegosForst\/","https:\/\/www.youtube.com\/channel\/UC0SFe93Vgi6YZV6tSCOLdkA"]}]}},"_links":{"self":[{"href":"https:\/\/www.fuegos.eu\/fr\/wp-json\/wp\/v2\/product\/254894","targetHints":{"allow":["GET"]}}],"collection":[{"href":"https:\/\/www.fuegos.eu\/fr\/wp-json\/wp\/v2\/product"}],"about":[{"href":"https:\/\/www.fuegos.eu\/fr\/wp-json\/wp\/v2\/types\/product"}],"replies":[{"embeddable":true,"href":"https:\/\/www.fuegos.eu\/fr\/wp-json\/wp\/v2\/comments?post=254894"}],"wp:featuredmedia":[{"embeddable":true,"href":"https:\/\/www.fuegos.eu\/fr\/wp-json\/wp\/v2\/media\/254896"}],"wp:attachment":[{"href":"https:\/\/www.fuegos.eu\/fr\/wp-json\/wp\/v2\/media?parent=254894"}],"wp:term":[{"taxonomy":"product_brand","embeddable":true,"href":"https:\/\/www.fuegos.eu\/fr\/wp-json\/wp\/v2\/product_brand?post=254894"},{"taxonomy":"product_cat","embeddable":true,"href":"https:\/\/www.fuegos.eu\/fr\/wp-json\/wp\/v2\/product_cat?post=254894"},{"taxonomy":"product_tag","embeddable":true,"href":"https:\/\/www.fuegos.eu\/fr\/wp-json\/wp\/v2\/product_tag?post=254894"}],"curies":[{"name":"wp","href":"https:\/\/api.w.org\/{rel}","templated":true}]}}