{"id":255068,"date":"2024-12-08T02:46:09","date_gmt":"2024-12-08T01:46:09","guid":{"rendered":"https:\/\/fuegos.eu\/?post_type=product&#038;p=255068"},"modified":"2026-01-25T21:30:53","modified_gmt":"2026-01-25T20:30:53","slug":"profi-forstguertel-baukasten-2","status":"publish","type":"product","link":"https:\/\/www.fuegos.eu\/fr\/product\/profi-forstguertel-baukasten-2\/","title":{"rendered":"Profi-Forstg\u00fcrtel  \u2013 Baukasten"},"content":{"rendered":"<h3><strong>Ceinture foresti\u00e8re professionnelle \u2013 syst\u00e8me modulaire pour plus de flexibilit\u00e9 et de confort<\/strong><\/h3>\n<p class=\"translation-block\">La <strong>ceinture foresti\u00e8re professionnelle \u2013 syst\u00e8me modulaire<\/strong> est la solution id\u00e9ale pour les travaux forestiers exigeants. D\u00e9velopp\u00e9e par Fuegos, elle allie un design ergonomique, une adaptabilit\u00e9 maximale et des mat\u00e9riaux robustes pour vous offrir un soutien optimal dans toutes les situations. Avec plus de 30 modules et une compatibilit\u00e9 universelle avec toutes les marques, la ceinture peut \u00eatre personnalis\u00e9e en fonction de vos besoins \u2013 un v\u00e9ritable outil polyvalent pour les professionnels.<\/p>\n<h4><strong>Ergonomie et s\u00e9curit\u00e9 repens\u00e9es<\/strong><\/h4>\n<p class=\"translation-block\">L'un des principaux avantages du <strong>harnais forestier professionnel modulaire<\/strong> r\u00e9side dans sa conception ergonomique bien pens\u00e9e. Le dos rembourr\u00e9 assure une r\u00e9partition uniforme du poids, \u00e9vitant ainsi les points de pression. Cela garantit un confort optimal, m\u00eame lors de longues journ\u00e9es de travail.<\/p>\n<p class=\"translation-block\">La <strong>boucle m\u00e9tallique<\/strong> robuste, qui r\u00e9siste \u00e0 des charges allant jusqu'\u00e0 9,0 kN, garantit une stabilit\u00e9 et une s\u00e9curit\u00e9 maximales. Elle est intuitive \u00e0 utiliser et offre une fiabilit\u00e9 maximale m\u00eame en cas d'utilisation intensive \u2013 un d\u00e9tail qui distingue cette ceinture.<\/p>\n<h4><strong>Syst\u00e8me de transport professionnel \u00e0 bandouli\u00e8re pour une utilisation intensive<\/strong><\/h4>\n<p class=\"translation-block\">Pour encore plus de confort avec un \u00e9quipement lourd, nous recommandons le <a href=\"https:\/\/www.fuegos.eu\/fr\/product\/profi-forstguertel-set-armadillo-s4\/\" target=\"_blank\" rel=\"noopener\"><strong>syst\u00e8me de portage professionnel Armadillo<\/strong><\/a>. Ce syst\u00e8me compl\u00e8te parfaitement la ceinture en r\u00e9partissant le poids de mani\u00e8re uniforme sur les \u00e9paules et les hanches. Il offre \u00e9galement de la place pour des fonctions suppl\u00e9mentaires telles que des syst\u00e8mes d'hydratation ou des composants de protection, ce qui est id\u00e9al pour les missions exigeantes en for\u00eat.<\/p>\n<h4><strong>Le kit de construction \u2013 Cr\u00e9ez votre ceinture personnalis\u00e9e<\/strong><\/h4>\n<p class=\"translation-block\">Gr\u00e2ce \u00e0 sa conception modulaire, la <strong><a href=\"https:\/\/www.fuegos.eu\/fr\/product\/profi-forstguertel-die-alternative-zum-lederwerkzeugguertel\/\" target=\"_blank\" rel=\"noopener\">ceinture foresti\u00e8re professionnelle<\/a> \u2013 syst\u00e8me modulaire<\/strong> constitue la base id\u00e9ale pour un syst\u00e8me de transport polyvalent. Gr\u00e2ce \u00e0 plus de 30 modules diff\u00e9rents, vous pouvez adapter la ceinture \u00e0 vos besoins individuels. Parmi les modules les plus populaires, on trouve :<\/p>\n<ul>\n<li>\n<ul>\n<li class=\"translation-block\"><strong><a href=\"https:\/\/www.fuegos.eu\/fr\/product\/massbandhalterung-fuer-forstguertel-mit-magnet\/\" target=\"_blank\" rel=\"noopener\">Support pour m\u00e8tre ruban<\/a> :<\/strong> parfaitement r\u00e9glable pour les m\u00e8tres rubans de diff\u00e9rentes tailles.<\/li>\n<li class=\"translation-block\"><strong><a href=\"https:\/\/www.fuegos.eu\/fr\/product\/messkluppenhalterung_neigungswinkel-verstellbar\/\" target=\"_blank\" rel=\"noopener\">Support pour claviers<\/a> :<\/strong> maintient votre clavier en place et propre, sans que la r\u00e9sine ou la salet\u00e9 ne l'ab\u00eement.<\/li>\n<li class=\"translation-block\"><strong><a href=\"https:\/\/www.fuegos.eu\/fr\/product\/doppel-keiltasche-gross-forstgurtkoppel\/\" target=\"_blank\" rel=\"noopener\">Support pour coin d'abattage<\/a> :<\/strong> Convient pour les coins d'abattage de diff\u00e9rentes marques telles que Stihl, Husqvarna, Kox et NordForest, Forstkoppel, Ochsenkopf<\/li>\n<li class=\"translation-block\"><a href=\"https:\/\/www.fuegos.eu\/fr\/product\/erste-hilfe-set-fuer-waldarbeiter\/\" target=\"_blank\" rel=\"noopener\"><strong>Trousse de premiers secours :<\/strong><\/a> Imperm\u00e9able et robuste, id\u00e9ale pour une utilisation dans des environnements difficiles.<\/li>\n<li class=\"translation-block\"><strong><a href=\"https:\/\/www.fuegos.eu\/fr\/product\/motorsaegenwerkzeug-holster-kombiwerkzeuge-feilen\/\" target=\"_blank\" rel=\"noopener\">Support pour outils de tron\u00e7onneuse<\/a> :<\/strong> avec dispositif anti-chute pour ranger vos outils en toute s\u00e9curit\u00e9.<\/li>\n<li class=\"translation-block\"><strong><a href=\"https:\/\/www.fuegos.eu\/fr\/product\/pflanztaschen-30-40-50cm\/\" target=\"_blank\" rel=\"noopener\">Sacs pour plantes<\/a> :<\/strong> parfaits pour transporter les semis et les accessoires.<\/li>\n<\/ul>\n<p class=\"translation-block\">Les <strong><a href=\"https:\/\/www.fuegos.eu\/fr\/product\/schultertragesystem-forstguertel-werkzeugguertel\/\" target=\"_blank\" rel=\"noopener\">syst\u00e8mes de transport \u00e0 l'\u00e9paule<\/a> de Fuegos<\/strong> compl\u00e8tent parfaitement la ceinture en r\u00e9partissant le poids de mani\u00e8re uniforme sur les \u00e9paules et le dos. Ces syst\u00e8mes peuvent \u00eatre combin\u00e9s avec tous les modules et offrent un confort de transport ergonomique, m\u00eame lorsque l'\u00e9quipement est complet.<\/li>\n<\/ul>\n<p class=\"translation-block\">La combinaison de <strong>syst\u00e8mes de transport ergonomiques sur les \u00e9paules<\/strong> et de ce syst\u00e8me modulaire vous permet de cr\u00e9er une solution personnalis\u00e9e et efficace pour vos travaux forestiers.<\/p>\n<h4><strong>Compatibilit\u00e9 universelle avec les marques<\/strong><\/h4>\n<p class=\"translation-block\">Que vous utilisiez d\u00e9j\u00e0 des produits <strong>Stihl<\/strong>, <strong>Forstkoppel<\/strong>, <strong>Ochsenkopf<\/strong>, <strong>Kox<\/strong> ou <strong>NordForest<\/strong>, la <strong>ceinture foresti\u00e8re professionnelle \u2013 syst\u00e8me modulaire<\/strong> est parfaitement adapt\u00e9e. De plus, les modules d'autres fabricants peuvent \u00eatre combin\u00e9s sans probl\u00e8me avec la ceinture. Cela garantit une flexibilit\u00e9 maximale et vous permet d'int\u00e9grer parfaitement votre \u00e9quipement existant.<\/p>\n<h4><strong>Durable et r\u00e9sistant aux intemp\u00e9ries<\/strong><\/h4>\n<p class=\"translation-block\">La ceinture est compos\u00e9e de mat\u00e9riaux hautement r\u00e9sistants et r\u00e9sistants aux intemp\u00e9ries, qui supportent m\u00eame les conditions les plus difficiles. Avec une dur\u00e9e de vie pouvant atteindre huit ans et une garantie de quatre ans, la <strong>ceinture foresti\u00e8re professionnelle \u2013 kit modulaire<\/strong> est un investissement durable. Un contr\u00f4le r\u00e9gulier apr\u00e8s six ans garantit qu'elle reste en parfait \u00e9tat.<\/p>\n<h4><strong>Comparaison avec les ceintures \u00e0 outils classiques<\/strong><\/h4>\n<p class=\"translation-block\">Les ceintures \u00e0 outils traditionnelles, telles que celles de <strong>Ochsenkopf<\/strong>, misent sur des mat\u00e9riaux classiques comme le cuir. Si le cuir s\u00e9duit par sa robustesse, la <strong>ceinture foresti\u00e8re professionnelle \u2013 modulable<\/strong> offre des avantages d\u00e9cisifs : elle est plus l\u00e9g\u00e8re, r\u00e9sistante aux intemp\u00e9ries et modulable. Avec son rembourrage respirant et sa boucle Cobra universelle, elle offre un confort et une s\u00e9curit\u00e9 que de nombreux mod\u00e8les traditionnels ne peuvent \u00e9galer.<\/p>\n<h4><strong>Coupe et ajustabilit\u00e9<\/strong><\/h4>\n<p>Bestellbar in 3 Gr\u00f6\u00dfen. Umfang von <strong>80 bis 140 cm<\/strong> passt sich der G\u00fcrtel an jede K\u00f6rperform an. Dank der flexiblen Module und der Erweiterungsm\u00f6glichkeiten ist er ideal f\u00fcr Einsteiger und Profis, die Wert auf eine individuell gestaltbare Ausr\u00fcstung legen.<\/p>\n<p>L&#039;\u00a0<strong>Profi-Forstg\u00fcrtel \u2013 Baukasten<\/strong> von Fuegos ist die optimale L\u00f6sung f\u00fcr alle, die auf Qualit\u00e4t, Flexibilit\u00e4t und Komfort setzen. Dank seines ergonomischen Designs, der robusten Metall-Schnalle und der modularen Bauweise ist er perfekt f\u00fcr alle Herausforderungen im Wald ger\u00fcstet. Lassen Sie sich von seiner Vielseitigkeit \u00fcberzeugen und erleben Sie ein Tragesystem, das individuell auf Ihre Anforderungen zugeschnitten ist.<\/p>","protected":false},"excerpt":{"rendered":"<p><strong>Ceinture foresti\u00e8re professionnelle \u2013 L'alternative \u00e0 la ceinture \u00e0 outils en cuir<\/strong><\/p>\n<ul>\n<li class=\"translation-block\"><strong>Ergonomique et confortable :<\/strong> rembourrage dorsal pour une r\u00e9partition uniforme du poids et un confort maximal lors d'utilisations prolong\u00e9es.<\/li>\n<li class=\"translation-block\"><strong>Boucle m\u00e9tallique de haute qualit\u00e9 :<\/strong> r\u00e9sistante jusqu'\u00e0 9,0 kN pour une s\u00e9curit\u00e9 et une stabilit\u00e9 maximales.<\/li>\n<li class=\"translation-block\"><strong>Structure modulaire :<\/strong> plus de 30 modules disponibles, tels que support pour m\u00e8tre ruban, support pour pinces, poches doubles pour coins, trousse de premiers secours et poches pour plantes.<\/li>\n<li class=\"translation-block\"><strong>Compatibilit\u00e9 avec les marques :<\/strong> Convient aux modules et sacoches de Stihl, Ochsenkopf, Forstkoppel, NordForest, Kox et autres.<\/li>\n<li class=\"translation-block\"><strong>Durable et facile d'entretien :<\/strong> mat\u00e9riaux r\u00e9sistants aux intemp\u00e9ries avec une dur\u00e9e de vie pouvant atteindre 8 ans avec un entretien ad\u00e9quat.<\/li>\n<li class=\"translation-block\"><strong>Syst\u00e8me de portage professionnel sur les \u00e9paules :<\/strong> syst\u00e8me Armadillo en option pour plus d'ergonomie, de protection et l'int\u00e9gration d'un syst\u00e8me d'hydratation.<\/li>\n<\/ul>","protected":false},"featured_media":255101,"comment_status":"open","ping_status":"closed","template":"","meta":{"_et_pb_use_builder":"","_et_pb_old_content":"","_et_gb_content_width":""},"product_brand":[],"product_cat":[133,25,35,195],"product_tag":[],"class_list":{"0":"post-255068","1":"product","2":"type-product","3":"status-publish","4":"has-post-thumbnail","6":"product_cat-baukasten","7":"product_cat-forst","8":"product_cat-forstwirte","9":"product_cat-profi-forstguertel","11":"first","12":"instock","13":"taxable","14":"shipping-taxable","15":"purchasable","16":"product-type-simple"},"yoast_head":"<!-- This site is optimized with the Yoast SEO plugin v27.3 - https:\/\/yoast.com\/product\/yoast-seo-wordpress\/ -->\n<title>Profi-Forstg\u00fcrtel \u2013 Baukasten &#8226; Fuegos<\/title>\n<meta name=\"description\" content=\"Profi-Forstg\u00fcrtel \u2013 Baukasten \u2013 Die Alternative zum Lederwerkzeugg\u00fcrtel: ergonomisch, modular und wetterbest\u00e4ndig. Mit \u00fcber 30 Anpassungsm\u00f6glichkeiten.\" \/>\n<meta name=\"robots\" content=\"index, follow, max-snippet:-1, max-image-preview:large, max-video-preview:-1\" \/>\n<link rel=\"canonical\" href=\"https:\/\/www.fuegos.eu\/fr\/product\/profi-forstguertel-baukasten-2\/\" \/>\n<meta property=\"og:locale\" content=\"fr_FR\" \/>\n<meta property=\"og:type\" content=\"article\" \/>\n<meta property=\"og:title\" content=\"Profi-Forstg\u00fcrtel \u2013 Baukasten &#8226; Fuegos\" \/>\n<meta property=\"og:description\" content=\"Profi-Forstg\u00fcrtel \u2013 Baukasten \u2013 Die Alternative zum Lederwerkzeugg\u00fcrtel: ergonomisch, modular und wetterbest\u00e4ndig. Mit \u00fcber 30 Anpassungsm\u00f6glichkeiten.\" \/>\n<meta property=\"og:url\" content=\"https:\/\/www.fuegos.eu\/fr\/product\/profi-forstguertel-baukasten-2\/\" \/>\n<meta property=\"og:site_name\" content=\"Fuegos\" \/>\n<meta property=\"article:publisher\" content=\"https:\/\/www.facebook.com\/FuegosForst\/\" \/>\n<meta property=\"article:modified_time\" content=\"2026-01-25T20:30:53+00:00\" \/>\n<meta property=\"og:image\" content=\"https:\/\/www.fuegos.eu\/wp-content\/uploads\/2024\/12\/ProfiForstguertel_Ochsenkopf_Alternative_Massbandhalterung-800x800-1.jpg\" \/>\n\t<meta property=\"og:image:width\" content=\"800\" \/>\n\t<meta property=\"og:image:height\" content=\"800\" \/>\n\t<meta property=\"og:image:type\" content=\"image\/jpeg\" \/>\n<meta name=\"twitter:card\" content=\"summary_large_image\" \/>\n<meta name=\"twitter:label1\" content=\"Dur\u00e9e de lecture estim\u00e9e\" \/>\n\t<meta name=\"twitter:data1\" content=\"3 minutes\" \/>\n<script type=\"application\/ld+json\" class=\"yoast-schema-graph\">{\"@context\":\"https:\\\/\\\/schema.org\",\"@graph\":[{\"@type\":\"WebPage\",\"@id\":\"https:\\\/\\\/www.fuegos.eu\\\/product\\\/profi-forstguertel-baukasten-2\\\/\",\"url\":\"https:\\\/\\\/www.fuegos.eu\\\/product\\\/profi-forstguertel-baukasten-2\\\/\",\"name\":\"Profi-Forstg\u00fcrtel \u2013 Baukasten &#8226; Fuegos\",\"isPartOf\":{\"@id\":\"https:\\\/\\\/www.fuegos.eu\\\/#website\"},\"primaryImageOfPage\":{\"@id\":\"https:\\\/\\\/www.fuegos.eu\\\/product\\\/profi-forstguertel-baukasten-2\\\/#primaryimage\"},\"image\":{\"@id\":\"https:\\\/\\\/www.fuegos.eu\\\/product\\\/profi-forstguertel-baukasten-2\\\/#primaryimage\"},\"thumbnailUrl\":\"https:\\\/\\\/www.fuegos.eu\\\/wp-content\\\/uploads\\\/2024\\\/12\\\/ProfiForstguertel_Ochsenkopf_Alternative_Massbandhalterung-800x800-1.jpg\",\"datePublished\":\"2024-12-08T01:46:09+00:00\",\"dateModified\":\"2026-01-25T20:30:53+00:00\",\"description\":\"Profi-Forstg\u00fcrtel \u2013 Baukasten \u2013 Die Alternative zum Lederwerkzeugg\u00fcrtel: ergonomisch, modular und wetterbest\u00e4ndig. Mit \u00fcber 30 Anpassungsm\u00f6glichkeiten.\",\"breadcrumb\":{\"@id\":\"https:\\\/\\\/www.fuegos.eu\\\/product\\\/profi-forstguertel-baukasten-2\\\/#breadcrumb\"},\"inLanguage\":\"fr-FR\",\"potentialAction\":[{\"@type\":\"ReadAction\",\"target\":[\"https:\\\/\\\/www.fuegos.eu\\\/product\\\/profi-forstguertel-baukasten-2\\\/\"]}]},{\"@type\":\"ImageObject\",\"inLanguage\":\"fr-FR\",\"@id\":\"https:\\\/\\\/www.fuegos.eu\\\/product\\\/profi-forstguertel-baukasten-2\\\/#primaryimage\",\"url\":\"https:\\\/\\\/www.fuegos.eu\\\/wp-content\\\/uploads\\\/2024\\\/12\\\/ProfiForstguertel_Ochsenkopf_Alternative_Massbandhalterung-800x800-1.jpg\",\"contentUrl\":\"https:\\\/\\\/www.fuegos.eu\\\/wp-content\\\/uploads\\\/2024\\\/12\\\/ProfiForstguertel_Ochsenkopf_Alternative_Massbandhalterung-800x800-1.jpg\",\"width\":800,\"height\":800,\"caption\":\"Der Profi-Forstg\u00fcrtel \u2013 Baukasten von Fuegos mit atmungsaktiver Polsterung und Cobra-Schnalle: Die ideale Basis f\u00fcr individuelle Module.\"},{\"@type\":\"BreadcrumbList\",\"@id\":\"https:\\\/\\\/www.fuegos.eu\\\/product\\\/profi-forstguertel-baukasten-2\\\/#breadcrumb\",\"itemListElement\":[{\"@type\":\"ListItem\",\"position\":1,\"name\":\"Home\",\"item\":\"https:\\\/\\\/www.fuegos.eu\\\/\"},{\"@type\":\"ListItem\",\"position\":2,\"name\":\"Shop\",\"item\":\"https:\\\/\\\/www.fuegos.eu\\\/forstguertel-taschen-online-kaufen\\\/\"},{\"@type\":\"ListItem\",\"position\":3,\"name\":\"Profi-Forstg\u00fcrtel \u2013 Baukasten\"}]},{\"@type\":\"WebSite\",\"@id\":\"https:\\\/\\\/www.fuegos.eu\\\/#website\",\"url\":\"https:\\\/\\\/www.fuegos.eu\\\/\",\"name\":\"Fuegos\",\"description\":\"Textile L\u00f6sungen nach Ma\u00df\",\"publisher\":{\"@id\":\"https:\\\/\\\/www.fuegos.eu\\\/#organization\"},\"potentialAction\":[{\"@type\":\"SearchAction\",\"target\":{\"@type\":\"EntryPoint\",\"urlTemplate\":\"https:\\\/\\\/www.fuegos.eu\\\/?s={search_term_string}\"},\"query-input\":{\"@type\":\"PropertyValueSpecification\",\"valueRequired\":true,\"valueName\":\"search_term_string\"}}],\"inLanguage\":\"fr-FR\"},{\"@type\":\"Organization\",\"@id\":\"https:\\\/\\\/www.fuegos.eu\\\/#organization\",\"name\":\"Fuegos\",\"url\":\"https:\\\/\\\/www.fuegos.eu\\\/\",\"logo\":{\"@type\":\"ImageObject\",\"inLanguage\":\"fr-FR\",\"@id\":\"https:\\\/\\\/www.fuegos.eu\\\/#\\\/schema\\\/logo\\\/image\\\/\",\"url\":\"https:\\\/\\\/fuegos.eu\\\/wp-content\\\/uploads\\\/2020\\\/05\\\/FuegosSignatur000.jpg\",\"contentUrl\":\"https:\\\/\\\/fuegos.eu\\\/wp-content\\\/uploads\\\/2020\\\/05\\\/FuegosSignatur000.jpg\",\"width\":960,\"height\":408,\"caption\":\"Fuegos\"},\"image\":{\"@id\":\"https:\\\/\\\/www.fuegos.eu\\\/#\\\/schema\\\/logo\\\/image\\\/\"},\"sameAs\":[\"https:\\\/\\\/www.facebook.com\\\/FuegosForst\\\/\",\"https:\\\/\\\/www.youtube.com\\\/channel\\\/UC0SFe93Vgi6YZV6tSCOLdkA\"]}]}<\/script>\n<!-- \/ Yoast SEO plugin. -->","yoast_head_json":{"title":"Profi-Forstg\u00fcrtel \u2013 Baukasten &#8226; Fuegos","description":"Profi-Forstg\u00fcrtel \u2013 Baukasten \u2013 Die Alternative zum Lederwerkzeugg\u00fcrtel: ergonomisch, modular und wetterbest\u00e4ndig. Mit \u00fcber 30 Anpassungsm\u00f6glichkeiten.","robots":{"index":"index","follow":"follow","max-snippet":"max-snippet:-1","max-image-preview":"max-image-preview:large","max-video-preview":"max-video-preview:-1"},"canonical":"https:\/\/www.fuegos.eu\/fr\/product\/profi-forstguertel-baukasten-2\/","og_locale":"fr_FR","og_type":"article","og_title":"Profi-Forstg\u00fcrtel \u2013 Baukasten &#8226; Fuegos","og_description":"Profi-Forstg\u00fcrtel \u2013 Baukasten \u2013 Die Alternative zum Lederwerkzeugg\u00fcrtel: ergonomisch, modular und wetterbest\u00e4ndig. Mit \u00fcber 30 Anpassungsm\u00f6glichkeiten.","og_url":"https:\/\/www.fuegos.eu\/fr\/product\/profi-forstguertel-baukasten-2\/","og_site_name":"Fuegos","article_publisher":"https:\/\/www.facebook.com\/FuegosForst\/","article_modified_time":"2026-01-25T20:30:53+00:00","og_image":[{"width":800,"height":800,"url":"https:\/\/www.fuegos.eu\/wp-content\/uploads\/2024\/12\/ProfiForstguertel_Ochsenkopf_Alternative_Massbandhalterung-800x800-1.jpg","type":"image\/jpeg"}],"twitter_card":"summary_large_image","twitter_misc":{"Dur\u00e9e de lecture estim\u00e9e":"3 minutes"},"schema":{"@context":"https:\/\/schema.org","@graph":[{"@type":"WebPage","@id":"https:\/\/www.fuegos.eu\/product\/profi-forstguertel-baukasten-2\/","url":"https:\/\/www.fuegos.eu\/product\/profi-forstguertel-baukasten-2\/","name":"Profi-Forstg\u00fcrtel \u2013 Baukasten &#8226; Fuegos","isPartOf":{"@id":"https:\/\/www.fuegos.eu\/#website"},"primaryImageOfPage":{"@id":"https:\/\/www.fuegos.eu\/product\/profi-forstguertel-baukasten-2\/#primaryimage"},"image":{"@id":"https:\/\/www.fuegos.eu\/product\/profi-forstguertel-baukasten-2\/#primaryimage"},"thumbnailUrl":"https:\/\/www.fuegos.eu\/wp-content\/uploads\/2024\/12\/ProfiForstguertel_Ochsenkopf_Alternative_Massbandhalterung-800x800-1.jpg","datePublished":"2024-12-08T01:46:09+00:00","dateModified":"2026-01-25T20:30:53+00:00","description":"Profi-Forstg\u00fcrtel \u2013 Baukasten \u2013 Die Alternative zum Lederwerkzeugg\u00fcrtel: ergonomisch, modular und wetterbest\u00e4ndig. Mit \u00fcber 30 Anpassungsm\u00f6glichkeiten.","breadcrumb":{"@id":"https:\/\/www.fuegos.eu\/product\/profi-forstguertel-baukasten-2\/#breadcrumb"},"inLanguage":"fr-FR","potentialAction":[{"@type":"ReadAction","target":["https:\/\/www.fuegos.eu\/product\/profi-forstguertel-baukasten-2\/"]}]},{"@type":"ImageObject","inLanguage":"fr-FR","@id":"https:\/\/www.fuegos.eu\/product\/profi-forstguertel-baukasten-2\/#primaryimage","url":"https:\/\/www.fuegos.eu\/wp-content\/uploads\/2024\/12\/ProfiForstguertel_Ochsenkopf_Alternative_Massbandhalterung-800x800-1.jpg","contentUrl":"https:\/\/www.fuegos.eu\/wp-content\/uploads\/2024\/12\/ProfiForstguertel_Ochsenkopf_Alternative_Massbandhalterung-800x800-1.jpg","width":800,"height":800,"caption":"Der Profi-Forstg\u00fcrtel \u2013 Baukasten von Fuegos mit atmungsaktiver Polsterung und Cobra-Schnalle: Die ideale Basis f\u00fcr individuelle Module."},{"@type":"BreadcrumbList","@id":"https:\/\/www.fuegos.eu\/product\/profi-forstguertel-baukasten-2\/#breadcrumb","itemListElement":[{"@type":"ListItem","position":1,"name":"Home","item":"https:\/\/www.fuegos.eu\/"},{"@type":"ListItem","position":2,"name":"Shop","item":"https:\/\/www.fuegos.eu\/forstguertel-taschen-online-kaufen\/"},{"@type":"ListItem","position":3,"name":"Profi-Forstg\u00fcrtel \u2013 Baukasten"}]},{"@type":"WebSite","@id":"https:\/\/www.fuegos.eu\/#website","url":"https:\/\/www.fuegos.eu\/","name":"Fuegos","description":"Textile des Solutions sur Mesure","publisher":{"@id":"https:\/\/www.fuegos.eu\/#organization"},"potentialAction":[{"@type":"SearchAction","target":{"@type":"EntryPoint","urlTemplate":"https:\/\/www.fuegos.eu\/?s={search_term_string}"},"query-input":{"@type":"PropertyValueSpecification","valueRequired":true,"valueName":"search_term_string"}}],"inLanguage":"fr-FR"},{"@type":"Organization","@id":"https:\/\/www.fuegos.eu\/#organization","name":"Fuegos","url":"https:\/\/www.fuegos.eu\/","logo":{"@type":"ImageObject","inLanguage":"fr-FR","@id":"https:\/\/www.fuegos.eu\/#\/schema\/logo\/image\/","url":"https:\/\/fuegos.eu\/wp-content\/uploads\/2020\/05\/FuegosSignatur000.jpg","contentUrl":"https:\/\/fuegos.eu\/wp-content\/uploads\/2020\/05\/FuegosSignatur000.jpg","width":960,"height":408,"caption":"Fuegos"},"image":{"@id":"https:\/\/www.fuegos.eu\/#\/schema\/logo\/image\/"},"sameAs":["https:\/\/www.facebook.com\/FuegosForst\/","https:\/\/www.youtube.com\/channel\/UC0SFe93Vgi6YZV6tSCOLdkA"]}]}},"_links":{"self":[{"href":"https:\/\/www.fuegos.eu\/fr\/wp-json\/wp\/v2\/product\/255068","targetHints":{"allow":["GET"]}}],"collection":[{"href":"https:\/\/www.fuegos.eu\/fr\/wp-json\/wp\/v2\/product"}],"about":[{"href":"https:\/\/www.fuegos.eu\/fr\/wp-json\/wp\/v2\/types\/product"}],"replies":[{"embeddable":true,"href":"https:\/\/www.fuegos.eu\/fr\/wp-json\/wp\/v2\/comments?post=255068"}],"wp:featuredmedia":[{"embeddable":true,"href":"https:\/\/www.fuegos.eu\/fr\/wp-json\/wp\/v2\/media\/255101"}],"wp:attachment":[{"href":"https:\/\/www.fuegos.eu\/fr\/wp-json\/wp\/v2\/media?parent=255068"}],"wp:term":[{"taxonomy":"product_brand","embeddable":true,"href":"https:\/\/www.fuegos.eu\/fr\/wp-json\/wp\/v2\/product_brand?post=255068"},{"taxonomy":"product_cat","embeddable":true,"href":"https:\/\/www.fuegos.eu\/fr\/wp-json\/wp\/v2\/product_cat?post=255068"},{"taxonomy":"product_tag","embeddable":true,"href":"https:\/\/www.fuegos.eu\/fr\/wp-json\/wp\/v2\/product_tag?post=255068"}],"curies":[{"name":"wp","href":"https:\/\/api.w.org\/{rel}","templated":true}]}}