{"id":255920,"date":"2025-05-10T20:10:47","date_gmt":"2025-05-10T18:10:47","guid":{"rendered":"https:\/\/www.fuegos.eu\/?post_type=product&#038;p=255920"},"modified":"2025-05-10T21:01:48","modified_gmt":"2025-05-10T19:01:48","slug":"forst-set-flex-basic-sappie-edition","status":"publish","type":"product","link":"https:\/\/www.fuegos.eu\/fr\/product\/forst-set-flex-basic-sappie-edition\/","title":{"rendered":"Kit forestier Flex Basic \u2013 \u00c9dition Sappie"},"content":{"rendered":"<h2 class=\"\" data-start=\"92\" data-end=\"148\"><strong data-start=\"95\" data-end=\"148\">Kit forestier Ergo-Flex Modular Basic \u2013 \u00c9dition Sappie<\/strong><\/h2>\n<h3 class=\"\" data-start=\"150\" data-end=\"216\">Syst\u00e8me de sacs modulaires pour une utilisation professionnelle en for\u00eat<\/h3>\n<p class=\"\" data-start=\"217\" data-end=\"297\"><strong data-start=\"217\" data-end=\"297\">Kompatibel mit Forstgurten von Stihl, Husqvarna, ForstBW, Daniel Lorch u.\u202fa.<\/strong><\/p>\n<p class=\"translation-block\" data-start=\"203\" data-end=\"631\">Le <strong data-start=\"\u00ab\" data-end=\"\u00ab\">kit forestier Flex Basic \u2013 \u00e9dition Sappie<\/strong> est l'\u00e9quipement de base r\u00e9duit mais complet pour les forestiers qui pr\u00e9f\u00e8rent travailler plut\u00f4t que configurer.<br data-start=\"\u00ab\" data-end=\"\u00ab\">Les quatre composants inclus couvrent les besoins les plus importants du travail quotidien, qu'il s'agisse du d\u00e9bardage, de la mise en place du bois ou de l'inspection du peuplement.<br data-start=\"\u00ab\" data-end=\"\u00ab\">Compact, robuste, modulaire et compatible avec presque tous les syst\u00e8mes de harnais forestiers courants.<\/p>\n<p class=\"translation-block\" data-start=\"633\" data-end=\"930\">Cet ensemble a \u00e9t\u00e9 con\u00e7u pour tous ceux qui souhaitent se passer d'options superflues sans pour autant faire de compromis sur la fonctionnalit\u00e9, la qualit\u00e9 et la durabilit\u00e9. <br data-start=\"\u00ab\" data-end=\"\u00ab\">Que vous soyez apprenti, jeune forestier ou professionnel \u00e0 la recherche d'un deuxi\u00e8me \u00e9quipement, le Flex Basic est imm\u00e9diatement pr\u00eat \u00e0 l'emploi et peut \u00eatre compl\u00e9t\u00e9 ult\u00e9rieurement.<\/p>\n<p class=\"translation-block\" data-start=\"932\" data-end=\"1205\">Il est compatible avec les sangles foresti\u00e8res <strong data-start=\"\u00ab\" data-end=\"\u00ab\">Stihl ADVANCE X-Flex<\/strong>, <strong data-start=\"\u201c996\u201d\" data-end=\"\u00ab\">Husqvarna<\/strong>, <strong data-start=\"\u00ab\" data-end=\"\u00ab\">Forstkoppel \u2013 Daniel Lorch<\/strong>, <strong data-start=\"\u00ab\" data-end=\"\u201c1057\u201d\">Ochsenkopf<\/strong> et aux syst\u00e8mes bas\u00e9s sur MOLLE.<br data-start=\"\u00ab\" data-end=\"\u00ab\">La fixation s'effectue \u00e0 l'aide du syst\u00e8me \u00e9prouv\u00e9 <strong data-start=\"\u00ab\" data-end=\"\u00ab\">FUEGOS RapidClick<\/strong> ou <strong data-start=\"\u201c1168\u201d\" data-end=\"\u00ab\">MOLLE-Klett<\/strong>, selon le mod\u00e8le.<\/p>\n<h3 class=\"\" data-start=\"1212\" data-end=\"1276\"><strong data-start=\"1216\" data-end=\"1274\">Contenu du kit forestier Flex Basic \u2013 \u00c9dition Sappie :<\/strong><\/h3>\n<p class=\"translation-block\" data-start=\"1277\" data-end=\"1675\">\u2714 <strong data-start=\"\u00ab\" data-end=\"\u00ab\">Poche universelle<\/strong> \u2013 adapt\u00e9e pour un spray de marquage, un m\u00e8tre ruban, des snacks ou un outil multifonctions.<br data-start=\"\u00ab\" data-end=\"\u00ab\">\u2714 <strong data-start=\"\u201c1364\u201d\" data-end=\"\u00ab\">Poche pour coin d'abattage (r\u00e9glable)<\/strong> \u2013 maintient les coins classiques et m\u00e9caniques en toute s\u00e9curit\u00e9. Double couture, avec ouverture pour la salet\u00e9.<br data-start=\"\u00ab\" data-end=\"\u00ab\">\u2714 <strong data-start=\"\u201c1486\u201d\" data-end=\"\u00ab\">Porte-craie<\/strong> \u2013 avec syst\u00e8me magn\u00e9tique et pendulaire, compatible avec les craies Stihl et Oregon.<br data-start=\"\u00ab\" data-end=\"\u00ab\">\u2714 <strong data-start=\"\u201c1580\u201d\" data-end=\"\u00ab\">Support pour sapie\/outils<\/strong> \u2013 maintien ferme pendant le d\u00e9placement, rapidement accessible m\u00eame avec des gants.<\/p>\n<h3 class=\"\" data-start=\"1682\" data-end=\"1712\"><strong data-start=\"1686\" data-end=\"1710\">Caract\u00e9ristiques techniques :<\/strong><\/h3>\n<ul data-start=\"1713\" data-end=\"2203\">\n<li class=\"\" data-start=\"1713\" data-end=\"1814\">\n<p class=\"translation-block\" data-start=\"1715\" data-end=\"1814\"><strong data-start=\"\u00ab\" data-end=\"\u00ab\">Compatibilit\u00e9 :<\/strong> Stihl ADVANCE X-Flex, Husqvarna, Forstkoppel \u2013 Daniel Lorch, Ochsenkopf, etc.<\/p>\n<\/li>\n<li class=\"\" data-start=\"1815\" data-end=\"1889\">\n<p class=\"translation-block\" data-start=\"1817\" data-end=\"1889\"><strong data-start=\"\u00ab\" data-end=\"\u00ab\">Modularit\u00e9 :<\/strong> extensible avec plus de 30 composants du syst\u00e8me FUEGOS<\/p>\n<\/li>\n<li class=\"\" data-start=\"1890\" data-end=\"1945\">\n<p class=\"translation-block\" data-start=\"1892\" data-end=\"1945\"><strong data-start=\"\u00ab\" data-end=\"\u00ab\">Fixation :<\/strong> syst\u00e8me RapidClick ou velcro MOLLE<\/p>\n<\/li>\n<li class=\"\" data-start=\"1946\" data-end=\"2012\">\n<p class=\"translation-block\" data-start=\"1948\" data-end=\"2012\"><strong data-start=\"\u00ab\" data-end=\"\u00ab\">Mat\u00e9riaux :<\/strong> r\u00e9sistant \u00e0 l'abrasion, anti-salissures, r\u00e9sistant aux intemp\u00e9ries<\/p>\n<\/li>\n<li class=\"\" data-start=\"2013\" data-end=\"2085\">\n<p class=\"translation-block\" data-start=\"2015\" data-end=\"2085\"><strong data-start=\"\u00ab\" data-end=\"\u00ab\">Fabrication :<\/strong> Made in Germany \u2013 durable et pratique<\/p>\n<\/li>\n<li class=\"\" data-start=\"2086\" data-end=\"2158\">\n<p class=\"translation-block\" data-start=\"2088\" data-end=\"2158\"><strong data-start=\"\u00ab\" data-end=\"\u00ab\">Entretien :<\/strong> lavable \u00e0 la machine (30 \u00b0C, pas de s\u00e8che-linge)<\/p>\n<\/li>\n<li class=\"\" data-start=\"2159\" data-end=\"2203\">\n<p class=\"translation-block\" data-start=\"2161\" data-end=\"2203\"><strong data-start=\"\u00ab\" data-end=\"\u00ab\">Garantie :<\/strong> 4 ans sur tous les composants<\/p>\n<\/li>\n<\/ul>\n<p>&nbsp;<\/p>\n<p class=\"\" data-start=\"2210\" data-end=\"2340\"><strong data-start=\"2210\" data-end=\"2258\">FUEGOS Forst-Set Flex Basic \u2013 Sappie Edition<\/strong><\/p>","protected":false},"excerpt":{"rendered":"<h2 class=\"\" data-start=\"64\" data-end=\"108\"><strong data-start=\"67\" data-end=\"108\">Forst-Set Flex Basic \u2013 Sappie Edition<\/strong><\/h2>\n<p class=\"translation-block\" data-start=\"110\" data-end=\"261\"><strong data-start=\"\u00ab\" data-end=\"\u00ab\">Qu'est-ce que c'est ?<\/strong><br data-start=\"\u201c126\u201d\" data-end=\"\u00ab\">Un kit compact pour votre harnais forestier.<br data-start=\"\u00ab\" data-end=\"\u00ab\">Quatre supports dont vous avez vraiment besoin, d\u00e9j\u00e0 mont\u00e9s et pr\u00eats \u00e0 l'emploi.<\/p>\n<p class=\"translation-block\" data-start=\"263\" data-end=\"417\"><strong data-start=\"\u00ab\" data-end=\"\u00ab\">Que contient-il ?<\/strong><br data-start=\"\u00ab\" data-end=\"\u00ab\">\u2714 Sacoche universelle<br data-start=\"\u201c300\u201d\" data-end=\"\u00ab\">\u2714 Pochette pour coins d'abattage (2 coins, r\u00e9glables)<br data-start=\"\u00ab\" data-end=\"\u00ab\">\u2714 Porte-craie (avec pendule et aimant)<br data-start=\"\u201c383\u201d\" data-end=\"\u00ab\">\u2714 Porte-sappie \/ porte-outils<\/p>\n<p class=\"translation-block\" data-start=\"419\" data-end=\"583\"><strong data-start=\"\u00ab\" data-end=\"\u00ab\">S'adapte o\u00f9 ?<\/strong><br data-start=\"\u201c432\u201d\" data-end=\"\u00ab\">\u00c0 presque toutes les ceintures foresti\u00e8res courantes \u2013 Stihl, Husqvarna, Forstkoppel \u2013 Daniel Lorch, Ochsenkopf et bien d'autres encore.<br data-start=\"\u00ab\" data-end=\"\u00ab\">MOLLE, velcro ou RapidClick \u2013 comme tu veux.<\/p>\n<p class=\"translation-block\" data-start=\"585\" data-end=\"717\"><strong data-start=\"\u00ab\" data-end=\"\u00ab\">Pourquoi cela ?<\/strong><br data-start=\"\u201c599\u201d\" data-end=\"\u00ab\">\u2714 Utilisation imm\u00e9diate \u2013 aucune configuration n\u00e9cessaire<br data-start=\"\u00ab\" data-end=\"\u00ab\">\u2714 Modulable<br data-start=\"\u00ab\" data-end=\"\u00ab\">\u2714 Fabriqu\u00e9 en Allemagne<br data-start=\"\u201c694\u201d\" data-end=\"\u00ab\">\u2714 Garantie 4 ans<\/p>\n<p class=\"translation-block\" data-start=\"719\" data-end=\"820\"><strong data-start=\"\u00ab\" data-end=\"\u00ab\">Pour tous ceux qui recherchent une solution simple et bien pens\u00e9e, sans compromis. <\/strong><br data-start=\"\u00ab\" data-end=\"\u00ab\"><strong data-start=\"\u201c800\u201d\" data-end=\"\u00ab\">Flex Basic, tout simplement.<\/p>","protected":false},"featured_media":255922,"comment_status":"open","ping_status":"closed","template":"","meta":{"_et_pb_use_builder":"","_et_pb_old_content":"","_et_gb_content_width":""},"product_brand":[],"product_cat":[25,31,167],"product_tag":[],"class_list":{"0":"post-255920","1":"product","2":"type-product","3":"status-publish","4":"has-post-thumbnail","6":"product_cat-forst","7":"product_cat-forst-taschen-zubehoer","8":"product_cat-sets","10":"first","11":"instock","12":"taxable","13":"shipping-taxable","14":"product-type-simple"},"yoast_head":"<!-- This site is optimized with the Yoast SEO plugin v27.3 - https:\/\/yoast.com\/product\/yoast-seo-wordpress\/ -->\n<title>Forst Set Flex Basic \u2013 Sappie Edition &#8226; Fuegos<\/title>\n<meta name=\"description\" content=\"Forst Set Flex Basic \u2013 Sappie Edition kompatibel mit Stihl Systemen. Enth\u00e4lt Sappiehalter, Keiltasche, Kreidehalter &amp; Universaltasche. Made in Germany.\" \/>\n<meta name=\"robots\" content=\"index, follow, max-snippet:-1, max-image-preview:large, max-video-preview:-1\" \/>\n<link rel=\"canonical\" href=\"https:\/\/www.fuegos.eu\/fr\/product\/forst-set-flex-basic-sappie-edition\/\" \/>\n<meta property=\"og:locale\" content=\"fr_FR\" \/>\n<meta property=\"og:type\" content=\"article\" \/>\n<meta property=\"og:title\" content=\"Forst Set Flex Basic \u2013 Sappie Edition &#8226; Fuegos\" \/>\n<meta property=\"og:description\" content=\"Forst Set Flex Basic \u2013 Sappie Edition kompatibel mit Stihl Systemen. Enth\u00e4lt Sappiehalter, Keiltasche, Kreidehalter &amp; Universaltasche. Made in Germany.\" \/>\n<meta property=\"og:url\" content=\"https:\/\/www.fuegos.eu\/fr\/product\/forst-set-flex-basic-sappie-edition\/\" \/>\n<meta property=\"og:site_name\" content=\"Fuegos\" \/>\n<meta property=\"article:publisher\" content=\"https:\/\/www.facebook.com\/FuegosForst\/\" \/>\n<meta property=\"article:modified_time\" content=\"2025-05-10T19:01:48+00:00\" \/>\n<meta property=\"og:image\" content=\"https:\/\/www.fuegos.eu\/wp-content\/uploads\/2025\/05\/Forst-Set-ErgoFlex-Modular-Basic.jpg\" \/>\n\t<meta property=\"og:image:width\" content=\"800\" \/>\n\t<meta property=\"og:image:height\" content=\"800\" \/>\n\t<meta property=\"og:image:type\" content=\"image\/jpeg\" \/>\n<meta name=\"twitter:card\" content=\"summary_large_image\" \/>\n<meta name=\"twitter:label1\" content=\"Dur\u00e9e de lecture estim\u00e9e\" \/>\n\t<meta name=\"twitter:data1\" content=\"1 minute\" \/>\n<script type=\"application\/ld+json\" class=\"yoast-schema-graph\">{\"@context\":\"https:\\\/\\\/schema.org\",\"@graph\":[{\"@type\":\"WebPage\",\"@id\":\"https:\\\/\\\/www.fuegos.eu\\\/product\\\/forst-set-flex-basic-sappie-edition\\\/\",\"url\":\"https:\\\/\\\/www.fuegos.eu\\\/product\\\/forst-set-flex-basic-sappie-edition\\\/\",\"name\":\"Forst Set Flex Basic \u2013 Sappie Edition &#8226; Fuegos\",\"isPartOf\":{\"@id\":\"https:\\\/\\\/www.fuegos.eu\\\/#website\"},\"primaryImageOfPage\":{\"@id\":\"https:\\\/\\\/www.fuegos.eu\\\/product\\\/forst-set-flex-basic-sappie-edition\\\/#primaryimage\"},\"image\":{\"@id\":\"https:\\\/\\\/www.fuegos.eu\\\/product\\\/forst-set-flex-basic-sappie-edition\\\/#primaryimage\"},\"thumbnailUrl\":\"https:\\\/\\\/www.fuegos.eu\\\/wp-content\\\/uploads\\\/2025\\\/05\\\/Forst-Set-ErgoFlex-Modular-Basic.jpg\",\"datePublished\":\"2025-05-10T18:10:47+00:00\",\"dateModified\":\"2025-05-10T19:01:48+00:00\",\"description\":\"Forst Set Flex Basic \u2013 Sappie Edition kompatibel mit Stihl Systemen. Enth\u00e4lt Sappiehalter, Keiltasche, Kreidehalter & Universaltasche. Made in Germany.\",\"breadcrumb\":{\"@id\":\"https:\\\/\\\/www.fuegos.eu\\\/product\\\/forst-set-flex-basic-sappie-edition\\\/#breadcrumb\"},\"inLanguage\":\"fr-FR\",\"potentialAction\":[{\"@type\":\"ReadAction\",\"target\":[\"https:\\\/\\\/www.fuegos.eu\\\/product\\\/forst-set-flex-basic-sappie-edition\\\/\"]}]},{\"@type\":\"ImageObject\",\"inLanguage\":\"fr-FR\",\"@id\":\"https:\\\/\\\/www.fuegos.eu\\\/product\\\/forst-set-flex-basic-sappie-edition\\\/#primaryimage\",\"url\":\"https:\\\/\\\/www.fuegos.eu\\\/wp-content\\\/uploads\\\/2025\\\/05\\\/Forst-Set-ErgoFlex-Modular-Basic.jpg\",\"contentUrl\":\"https:\\\/\\\/www.fuegos.eu\\\/wp-content\\\/uploads\\\/2025\\\/05\\\/Forst-Set-ErgoFlex-Modular-Basic.jpg\",\"width\":800,\"height\":800},{\"@type\":\"BreadcrumbList\",\"@id\":\"https:\\\/\\\/www.fuegos.eu\\\/product\\\/forst-set-flex-basic-sappie-edition\\\/#breadcrumb\",\"itemListElement\":[{\"@type\":\"ListItem\",\"position\":1,\"name\":\"Home\",\"item\":\"https:\\\/\\\/www.fuegos.eu\\\/\"},{\"@type\":\"ListItem\",\"position\":2,\"name\":\"Shop\",\"item\":\"https:\\\/\\\/www.fuegos.eu\\\/forstguertel-taschen-online-kaufen\\\/\"},{\"@type\":\"ListItem\",\"position\":3,\"name\":\"Forst Set Flex Basic \u2013 Sappie Edition\"}]},{\"@type\":\"WebSite\",\"@id\":\"https:\\\/\\\/www.fuegos.eu\\\/#website\",\"url\":\"https:\\\/\\\/www.fuegos.eu\\\/\",\"name\":\"Fuegos\",\"description\":\"Textile L\u00f6sungen nach Ma\u00df\",\"publisher\":{\"@id\":\"https:\\\/\\\/www.fuegos.eu\\\/#organization\"},\"potentialAction\":[{\"@type\":\"SearchAction\",\"target\":{\"@type\":\"EntryPoint\",\"urlTemplate\":\"https:\\\/\\\/www.fuegos.eu\\\/?s={search_term_string}\"},\"query-input\":{\"@type\":\"PropertyValueSpecification\",\"valueRequired\":true,\"valueName\":\"search_term_string\"}}],\"inLanguage\":\"fr-FR\"},{\"@type\":\"Organization\",\"@id\":\"https:\\\/\\\/www.fuegos.eu\\\/#organization\",\"name\":\"Fuegos\",\"url\":\"https:\\\/\\\/www.fuegos.eu\\\/\",\"logo\":{\"@type\":\"ImageObject\",\"inLanguage\":\"fr-FR\",\"@id\":\"https:\\\/\\\/www.fuegos.eu\\\/#\\\/schema\\\/logo\\\/image\\\/\",\"url\":\"https:\\\/\\\/fuegos.eu\\\/wp-content\\\/uploads\\\/2020\\\/05\\\/FuegosSignatur000.jpg\",\"contentUrl\":\"https:\\\/\\\/fuegos.eu\\\/wp-content\\\/uploads\\\/2020\\\/05\\\/FuegosSignatur000.jpg\",\"width\":960,\"height\":408,\"caption\":\"Fuegos\"},\"image\":{\"@id\":\"https:\\\/\\\/www.fuegos.eu\\\/#\\\/schema\\\/logo\\\/image\\\/\"},\"sameAs\":[\"https:\\\/\\\/www.facebook.com\\\/FuegosForst\\\/\",\"https:\\\/\\\/www.youtube.com\\\/channel\\\/UC0SFe93Vgi6YZV6tSCOLdkA\"]}]}<\/script>\n<!-- \/ Yoast SEO plugin. -->","yoast_head_json":{"title":"Forst Set Flex Basic \u2013 Sappie Edition &#8226; Fuegos","description":"Forst Set Flex Basic \u2013 Sappie Edition kompatibel mit Stihl Systemen. Enth\u00e4lt Sappiehalter, Keiltasche, Kreidehalter & Universaltasche. Made in Germany.","robots":{"index":"index","follow":"follow","max-snippet":"max-snippet:-1","max-image-preview":"max-image-preview:large","max-video-preview":"max-video-preview:-1"},"canonical":"https:\/\/www.fuegos.eu\/fr\/product\/forst-set-flex-basic-sappie-edition\/","og_locale":"fr_FR","og_type":"article","og_title":"Forst Set Flex Basic \u2013 Sappie Edition &#8226; Fuegos","og_description":"Forst Set Flex Basic \u2013 Sappie Edition kompatibel mit Stihl Systemen. Enth\u00e4lt Sappiehalter, Keiltasche, Kreidehalter & Universaltasche. Made in Germany.","og_url":"https:\/\/www.fuegos.eu\/fr\/product\/forst-set-flex-basic-sappie-edition\/","og_site_name":"Fuegos","article_publisher":"https:\/\/www.facebook.com\/FuegosForst\/","article_modified_time":"2025-05-10T19:01:48+00:00","og_image":[{"width":800,"height":800,"url":"https:\/\/www.fuegos.eu\/wp-content\/uploads\/2025\/05\/Forst-Set-ErgoFlex-Modular-Basic.jpg","type":"image\/jpeg"}],"twitter_card":"summary_large_image","twitter_misc":{"Dur\u00e9e de lecture estim\u00e9e":"1 minute"},"schema":{"@context":"https:\/\/schema.org","@graph":[{"@type":"WebPage","@id":"https:\/\/www.fuegos.eu\/product\/forst-set-flex-basic-sappie-edition\/","url":"https:\/\/www.fuegos.eu\/product\/forst-set-flex-basic-sappie-edition\/","name":"Forst Set Flex Basic \u2013 Sappie Edition &#8226; Fuegos","isPartOf":{"@id":"https:\/\/www.fuegos.eu\/#website"},"primaryImageOfPage":{"@id":"https:\/\/www.fuegos.eu\/product\/forst-set-flex-basic-sappie-edition\/#primaryimage"},"image":{"@id":"https:\/\/www.fuegos.eu\/product\/forst-set-flex-basic-sappie-edition\/#primaryimage"},"thumbnailUrl":"https:\/\/www.fuegos.eu\/wp-content\/uploads\/2025\/05\/Forst-Set-ErgoFlex-Modular-Basic.jpg","datePublished":"2025-05-10T18:10:47+00:00","dateModified":"2025-05-10T19:01:48+00:00","description":"Forst Set Flex Basic \u2013 Sappie Edition kompatibel mit Stihl Systemen. Enth\u00e4lt Sappiehalter, Keiltasche, Kreidehalter & Universaltasche. Made in Germany.","breadcrumb":{"@id":"https:\/\/www.fuegos.eu\/product\/forst-set-flex-basic-sappie-edition\/#breadcrumb"},"inLanguage":"fr-FR","potentialAction":[{"@type":"ReadAction","target":["https:\/\/www.fuegos.eu\/product\/forst-set-flex-basic-sappie-edition\/"]}]},{"@type":"ImageObject","inLanguage":"fr-FR","@id":"https:\/\/www.fuegos.eu\/product\/forst-set-flex-basic-sappie-edition\/#primaryimage","url":"https:\/\/www.fuegos.eu\/wp-content\/uploads\/2025\/05\/Forst-Set-ErgoFlex-Modular-Basic.jpg","contentUrl":"https:\/\/www.fuegos.eu\/wp-content\/uploads\/2025\/05\/Forst-Set-ErgoFlex-Modular-Basic.jpg","width":800,"height":800},{"@type":"BreadcrumbList","@id":"https:\/\/www.fuegos.eu\/product\/forst-set-flex-basic-sappie-edition\/#breadcrumb","itemListElement":[{"@type":"ListItem","position":1,"name":"Home","item":"https:\/\/www.fuegos.eu\/"},{"@type":"ListItem","position":2,"name":"Shop","item":"https:\/\/www.fuegos.eu\/forstguertel-taschen-online-kaufen\/"},{"@type":"ListItem","position":3,"name":"Forst Set Flex Basic \u2013 Sappie Edition"}]},{"@type":"WebSite","@id":"https:\/\/www.fuegos.eu\/#website","url":"https:\/\/www.fuegos.eu\/","name":"Fuegos","description":"Textile des Solutions sur Mesure","publisher":{"@id":"https:\/\/www.fuegos.eu\/#organization"},"potentialAction":[{"@type":"SearchAction","target":{"@type":"EntryPoint","urlTemplate":"https:\/\/www.fuegos.eu\/?s={search_term_string}"},"query-input":{"@type":"PropertyValueSpecification","valueRequired":true,"valueName":"search_term_string"}}],"inLanguage":"fr-FR"},{"@type":"Organization","@id":"https:\/\/www.fuegos.eu\/#organization","name":"Fuegos","url":"https:\/\/www.fuegos.eu\/","logo":{"@type":"ImageObject","inLanguage":"fr-FR","@id":"https:\/\/www.fuegos.eu\/#\/schema\/logo\/image\/","url":"https:\/\/fuegos.eu\/wp-content\/uploads\/2020\/05\/FuegosSignatur000.jpg","contentUrl":"https:\/\/fuegos.eu\/wp-content\/uploads\/2020\/05\/FuegosSignatur000.jpg","width":960,"height":408,"caption":"Fuegos"},"image":{"@id":"https:\/\/www.fuegos.eu\/#\/schema\/logo\/image\/"},"sameAs":["https:\/\/www.facebook.com\/FuegosForst\/","https:\/\/www.youtube.com\/channel\/UC0SFe93Vgi6YZV6tSCOLdkA"]}]}},"_links":{"self":[{"href":"https:\/\/www.fuegos.eu\/fr\/wp-json\/wp\/v2\/product\/255920","targetHints":{"allow":["GET"]}}],"collection":[{"href":"https:\/\/www.fuegos.eu\/fr\/wp-json\/wp\/v2\/product"}],"about":[{"href":"https:\/\/www.fuegos.eu\/fr\/wp-json\/wp\/v2\/types\/product"}],"replies":[{"embeddable":true,"href":"https:\/\/www.fuegos.eu\/fr\/wp-json\/wp\/v2\/comments?post=255920"}],"wp:featuredmedia":[{"embeddable":true,"href":"https:\/\/www.fuegos.eu\/fr\/wp-json\/wp\/v2\/media\/255922"}],"wp:attachment":[{"href":"https:\/\/www.fuegos.eu\/fr\/wp-json\/wp\/v2\/media?parent=255920"}],"wp:term":[{"taxonomy":"product_brand","embeddable":true,"href":"https:\/\/www.fuegos.eu\/fr\/wp-json\/wp\/v2\/product_brand?post=255920"},{"taxonomy":"product_cat","embeddable":true,"href":"https:\/\/www.fuegos.eu\/fr\/wp-json\/wp\/v2\/product_cat?post=255920"},{"taxonomy":"product_tag","embeddable":true,"href":"https:\/\/www.fuegos.eu\/fr\/wp-json\/wp\/v2\/product_tag?post=255920"}],"curies":[{"name":"wp","href":"https:\/\/api.w.org\/{rel}","templated":true}]}}