{"id":255937,"date":"2025-05-11T00:40:04","date_gmt":"2025-05-10T22:40:04","guid":{"rendered":"https:\/\/www.fuegos.eu\/?post_type=product&#038;p=255937"},"modified":"2025-05-11T00:52:31","modified_gmt":"2025-05-10T22:52:31","slug":"halterung-fuer-kreidehalter-ohne-selbstaufroller","status":"publish","type":"product","link":"https:\/\/www.fuegos.eu\/fr\/product\/halterung-fuer-kreidehalter-ohne-selbstaufroller\/","title":{"rendered":"Support pour porte-craie sans enrouleur automatique"},"content":{"rendered":"<h2 class=\"\" data-start=\"198\" data-end=\"254\"><strong data-start=\"201\" data-end=\"252\">Support pour porte-craie sans enrouleur automatique<\/strong><\/h2>\n<p class=\"\" data-start=\"255\" data-end=\"328\">Pour tous ceux qui veulent rester flexibles \u2013 ou qui ont d\u00e9j\u00e0 leur enrouleur.<\/p>\n<p class=\"translation-block\" data-start=\"330\" data-end=\"629\">Ce support a \u00e9t\u00e9 con\u00e7u pour les utilisateurs qui souhaitent se passer d'un enrouleur fixe int\u00e9gr\u00e9 ou qui poss\u00e8dent d\u00e9j\u00e0 un enrouleur Fuegos adapt\u00e9. <br data-start=\"\u00ab\" data-end=\"\u00ab\">Il offre la m\u00eame coupe ergonomique et la m\u00eame construction robuste que le mod\u00e8le complet, mais est livr\u00e9 sans r\u00e9tracteur.<\/p>\n<p class=\"translation-block\" data-start=\"631\" data-end=\"966\">Le support est con\u00e7u sur mesure pour l'enrouleur automatique en Kevlar Fuegos. Pour des raisons de s\u00e9curit\u00e9, les autres mod\u00e8les ne sont pas compatibles, en particulier les enrouleurs avec des clips m\u00e9talliques ou une structure rigide.<br data-start=\"\u00ab\" data-end=\"\u00ab\">Seul l'enrouleur Fuegos d'origine garantit la mobilit\u00e9, le retour et la s\u00e9curit\u00e9 de la connexion.<\/p>\n<h3 class=\"\" data-start=\"973\" data-end=\"1046\">Ce qui caract\u00e9rise le support pour porte-craies sans enrouleur automatique<\/h3>\n<p class=\"translation-block\" data-start=\"1047\" data-end=\"1312\">Le support est volontairement plat et ajust\u00e9 au corps afin de ne pas g\u00eaner pendant le travail, de ne pas glisser et de rester stable m\u00eame en cas de mouvements importants. <br data-start=\"\u00ab\" data-end=\"\u00ab\">Le mat\u00e9riau utilis\u00e9 est sans PVC, r\u00e9sistant \u00e0 l'abrasion et con\u00e7u pour les sollicitations quotidiennes dans les entrep\u00f4ts.<\/p>\n<p class=\"translation-block\" data-start=\"1314\" data-end=\"1428\">Le support est con\u00e7u pour les porte-craies d'un diam\u00e8tre de 11 \u00e0 12 mm et fonctionne avec les mod\u00e8les suivants : <strong data-start=\"\u00ab\" data-end=\"\u00ab\">Stihl, <\/strong><strong data-start=\"\u201c1446\u201d\" data-end=\"\u00ab\">Oregon, <\/strong><strong data-start=\"\u00ab\" data-end=\"\u00ab\">Lyra, <\/strong><strong data-start=\"\u00ab\" data-end=\"\u00ab\">Pica, <\/strong><strong data-start=\"\u201c1487\u201d\" data-end=\"\u00ab\">Grube<\/strong><\/p>\n<h3 class=\"\" data-start=\"1503\" data-end=\"1523\">compatibilit\u00e9<\/h3>\n<p class=\"translation-block\" data-start=\"1524\" data-end=\"1779\">\u2714 Compatible avec les ceintures Fuegos et les syst\u00e8mes de transport \u00e0 l'\u00e9paule<br data-start=\"\u00ab\" data-end=\"\u00ab\">\u2714 Peut \u00eatre fix\u00e9 \u00e0 des sangles de 20, 25 et 30 mm de largeur<br data-start=\"\u201c1629\u201d\" data-end=\"\u00ab\">\u2714 Fixation via MOLLE ou RapidClick<br data-start=\"\u00ab\" data-end=\"\u00ab\">\u2714 Disponible pour les porteurs droitiers et gauchers<br data-start=\"\u201c1715\u201d\" data-end=\"\u00ab\">\u2714 Convient uniquement aux enrouleurs Fuegos \u2013 pas aux mod\u00e8les d'autres marques<\/p>\n<h3 class=\"\" data-start=\"1786\" data-end=\"1808\">Donn\u00e9es techniques<\/h3>\n<ul data-start=\"1809\" data-end=\"1981\">\n<li class=\"\" data-start=\"1809\" data-end=\"1830\">\n<p class=\"\" data-start=\"1811\" data-end=\"1830\">Poids : env. 45 g<\/p>\n<\/li>\n<li class=\"\" data-start=\"1831\" data-end=\"1875\">\n<p class=\"\" data-start=\"1833\" data-end=\"1875\">Mat\u00e9riau : tissu haute performance sans PVC<\/p>\n<\/li>\n<li class=\"\" data-start=\"1876\" data-end=\"1931\">\n<p class=\"\" data-start=\"1878\" data-end=\"1931\">Entretien : lavable en machine \u00e0 30 \u00b0C ou lavable \u00e0 la main<\/p>\n<\/li>\n<li class=\"\" data-start=\"1932\" data-end=\"1962\">\n<p class=\"\" data-start=\"1934\" data-end=\"1962\">Fabriqu\u00e9 en Allemagne<\/p>\n<\/li>\n<li class=\"\" data-start=\"1963\" data-end=\"1981\">\n<p class=\"\" data-start=\"1965\" data-end=\"1981\">Garantie de 4 ans<\/p>\n<\/li>\n<\/ul>\n<p class=\"translation-block\" data-start=\"1988\" data-end=\"2124\"><strong data-start=\"\u00ab\" data-end=\"\u00ab\"><br>\nSupport Fuegos pour porte-craies sans enrouleur automatique<\/strong><br data-start=\"\u201c2046\u201d\" data-end=\"\u00ab\">Pour tous ceux qui veulent rester flexibles ou choisir leur propre enrouleur.<\/p>","protected":false},"excerpt":{"rendered":"<h2 class=\"\" data-start=\"107\" data-end=\"160\"><strong data-start=\"110\" data-end=\"160\">Support pour porte-craie avec enrouleur automatique<\/strong><\/h2>\n<p class=\"translation-block\" data-start=\"162\" data-end=\"274\"><strong data-start=\"\u00ab\" data-end=\"\u00ab\">Qu'est-ce que c'est ?<\/strong><br data-start=\"\u201c178\u201d\" data-end=\"\u00ab\">Un support compact avec enrouleur \u00e0 360\u00b0 \u2013 pour tous ceux qui veulent marquer et continuer \u00e0 courir.<\/p>\n<p class=\"translation-block\" data-start=\"276\" data-end=\"444\"><strong data-start=\"\u00ab\" data-end=\"\u00ab\">Qu'est-ce qui la rend meilleure ?<\/strong><br data-start=\"\u00ab\" data-end=\"\u00ab\">\u2714 Cordon en Kevlar au lieu de fil m\u00e9tallique \u2013 ne coupe pas<br data-start=\"\u201c350\u201d\" data-end=\"\u00ab\">\u2714 Tourne avec la main \u2013 ne s'accroche pas pendant le travail<br data-start=\"\u00ab\" data-end=\"\u00ab\">\u2714 Coupe pr\u00e8s du corps \u2013 ne reste pas accroch\u00e9<\/p>\n<p class=\"translation-block\" data-start=\"446\" data-end=\"643\"><strong data-start=\"\u00ab\" data-end=\"\u00ab\">Compatible avec ?<\/strong><br data-start=\"\u201c465\u201d\" data-end=\"\u00ab\">Porte-crayons de Stihl, Oregon, Lyra, Pica, Grube \u2013 pour craies de \u00d8 11-12 mm.<br data-start=\"\u00ab\" data-end=\"\u00ab\">Compatible avec les syst\u00e8mes MOLLE, RapidClick et les ceintures de Stihl, Husqvarna, Daniel Lorch, Ochsenkopf.<\/p>\n<p class=\"translation-block\" data-start=\"645\" data-end=\"727\"><strong data-start=\"\u00ab\" data-end=\"\u00ab\">Disponible pour les titulaires de liens et de droits. <\/strong><br data-start=\"\u201c687\u201d\" data-end=\"\u00ab\">Il suffit de s\u00e9lectionner l'option lors de la commande.<\/p>","protected":false},"featured_media":255938,"comment_status":"open","ping_status":"closed","template":"","meta":{"_et_pb_use_builder":"","_et_pb_old_content":"","_et_gb_content_width":""},"product_brand":[],"product_cat":[25,31],"product_tag":[],"class_list":{"0":"post-255937","1":"product","2":"type-product","3":"status-publish","4":"has-post-thumbnail","6":"product_cat-forst","7":"product_cat-forst-taschen-zubehoer","9":"first","10":"instock","11":"taxable","12":"shipping-taxable","13":"purchasable","14":"product-type-simple"},"yoast_head":"<!-- This site is optimized with the Yoast SEO plugin v27.3 - https:\/\/yoast.com\/product\/yoast-seo-wordpress\/ -->\n<title>Halterung f\u00fcr Kreidehalter ohne Selbstaufroller &#8226; Fuegos<\/title>\n<meta name=\"description\" content=\"Halterung f\u00fcr Kreidehalter mit 360\u00b0 Selbstaufroller &amp; Kevlarschnur. Kompatibel mit Stihl, Oregon, Lyra, Pica &amp; Grube. Kein Einschneiden, made in Germany.\" \/>\n<meta name=\"robots\" content=\"index, follow, max-snippet:-1, max-image-preview:large, max-video-preview:-1\" \/>\n<link rel=\"canonical\" href=\"https:\/\/www.fuegos.eu\/fr\/product\/halterung-fuer-kreidehalter-ohne-selbstaufroller\/\" \/>\n<meta property=\"og:locale\" content=\"fr_FR\" \/>\n<meta property=\"og:type\" content=\"article\" \/>\n<meta property=\"og:title\" content=\"Halterung f\u00fcr Kreidehalter ohne Selbstaufroller &#8226; Fuegos\" \/>\n<meta property=\"og:description\" content=\"Halterung f\u00fcr Kreidehalter mit 360\u00b0 Selbstaufroller &amp; Kevlarschnur. Kompatibel mit Stihl, Oregon, Lyra, Pica &amp; Grube. Kein Einschneiden, made in Germany.\" \/>\n<meta property=\"og:url\" content=\"https:\/\/www.fuegos.eu\/fr\/product\/halterung-fuer-kreidehalter-ohne-selbstaufroller\/\" \/>\n<meta property=\"og:site_name\" content=\"Fuegos\" \/>\n<meta property=\"article:publisher\" content=\"https:\/\/www.facebook.com\/FuegosForst\/\" \/>\n<meta property=\"article:modified_time\" content=\"2025-05-10T22:52:31+00:00\" \/>\n<meta property=\"og:image\" content=\"https:\/\/www.fuegos.eu\/wp-content\/uploads\/2025\/05\/Halterung-fuer-Kreidehalter-ohne-Selbstaufroller_800.jpg\" \/>\n\t<meta property=\"og:image:width\" content=\"800\" \/>\n\t<meta property=\"og:image:height\" content=\"800\" \/>\n\t<meta property=\"og:image:type\" content=\"image\/jpeg\" \/>\n<meta name=\"twitter:card\" content=\"summary_large_image\" \/>\n<meta name=\"twitter:label1\" content=\"Dur\u00e9e de lecture estim\u00e9e\" \/>\n\t<meta name=\"twitter:data1\" content=\"1 minute\" \/>\n<script type=\"application\/ld+json\" class=\"yoast-schema-graph\">{\"@context\":\"https:\\\/\\\/schema.org\",\"@graph\":[{\"@type\":\"WebPage\",\"@id\":\"https:\\\/\\\/www.fuegos.eu\\\/product\\\/halterung-fuer-kreidehalter-ohne-selbstaufroller\\\/\",\"url\":\"https:\\\/\\\/www.fuegos.eu\\\/product\\\/halterung-fuer-kreidehalter-ohne-selbstaufroller\\\/\",\"name\":\"Halterung f\u00fcr Kreidehalter ohne Selbstaufroller &#8226; Fuegos\",\"isPartOf\":{\"@id\":\"https:\\\/\\\/www.fuegos.eu\\\/#website\"},\"primaryImageOfPage\":{\"@id\":\"https:\\\/\\\/www.fuegos.eu\\\/product\\\/halterung-fuer-kreidehalter-ohne-selbstaufroller\\\/#primaryimage\"},\"image\":{\"@id\":\"https:\\\/\\\/www.fuegos.eu\\\/product\\\/halterung-fuer-kreidehalter-ohne-selbstaufroller\\\/#primaryimage\"},\"thumbnailUrl\":\"https:\\\/\\\/www.fuegos.eu\\\/wp-content\\\/uploads\\\/2025\\\/05\\\/Halterung-fuer-Kreidehalter-ohne-Selbstaufroller_800.jpg\",\"datePublished\":\"2025-05-10T22:40:04+00:00\",\"dateModified\":\"2025-05-10T22:52:31+00:00\",\"description\":\"Halterung f\u00fcr Kreidehalter mit 360\u00b0 Selbstaufroller & Kevlarschnur. Kompatibel mit Stihl, Oregon, Lyra, Pica & Grube. Kein Einschneiden, made in Germany.\",\"breadcrumb\":{\"@id\":\"https:\\\/\\\/www.fuegos.eu\\\/product\\\/halterung-fuer-kreidehalter-ohne-selbstaufroller\\\/#breadcrumb\"},\"inLanguage\":\"fr-FR\",\"potentialAction\":[{\"@type\":\"ReadAction\",\"target\":[\"https:\\\/\\\/www.fuegos.eu\\\/product\\\/halterung-fuer-kreidehalter-ohne-selbstaufroller\\\/\"]}]},{\"@type\":\"ImageObject\",\"inLanguage\":\"fr-FR\",\"@id\":\"https:\\\/\\\/www.fuegos.eu\\\/product\\\/halterung-fuer-kreidehalter-ohne-selbstaufroller\\\/#primaryimage\",\"url\":\"https:\\\/\\\/www.fuegos.eu\\\/wp-content\\\/uploads\\\/2025\\\/05\\\/Halterung-fuer-Kreidehalter-ohne-Selbstaufroller_800.jpg\",\"contentUrl\":\"https:\\\/\\\/www.fuegos.eu\\\/wp-content\\\/uploads\\\/2025\\\/05\\\/Halterung-fuer-Kreidehalter-ohne-Selbstaufroller_800.jpg\",\"width\":800,\"height\":800,\"caption\":\"Halterung f\u00fcr Kreidehalter ohne Selbstaufroller \u2013 ergonomisch geschnitten, kompatibel mit Fuegos-Gurten. Version f\u00fcr Rechts und Links erh\u00e4ltlich.\"},{\"@type\":\"BreadcrumbList\",\"@id\":\"https:\\\/\\\/www.fuegos.eu\\\/product\\\/halterung-fuer-kreidehalter-ohne-selbstaufroller\\\/#breadcrumb\",\"itemListElement\":[{\"@type\":\"ListItem\",\"position\":1,\"name\":\"Home\",\"item\":\"https:\\\/\\\/www.fuegos.eu\\\/\"},{\"@type\":\"ListItem\",\"position\":2,\"name\":\"Shop\",\"item\":\"https:\\\/\\\/www.fuegos.eu\\\/forstguertel-taschen-online-kaufen\\\/\"},{\"@type\":\"ListItem\",\"position\":3,\"name\":\"Halterung f\u00fcr Kreidehalter ohne Selbstaufroller\"}]},{\"@type\":\"WebSite\",\"@id\":\"https:\\\/\\\/www.fuegos.eu\\\/#website\",\"url\":\"https:\\\/\\\/www.fuegos.eu\\\/\",\"name\":\"Fuegos\",\"description\":\"Textile L\u00f6sungen nach Ma\u00df\",\"publisher\":{\"@id\":\"https:\\\/\\\/www.fuegos.eu\\\/#organization\"},\"potentialAction\":[{\"@type\":\"SearchAction\",\"target\":{\"@type\":\"EntryPoint\",\"urlTemplate\":\"https:\\\/\\\/www.fuegos.eu\\\/?s={search_term_string}\"},\"query-input\":{\"@type\":\"PropertyValueSpecification\",\"valueRequired\":true,\"valueName\":\"search_term_string\"}}],\"inLanguage\":\"fr-FR\"},{\"@type\":\"Organization\",\"@id\":\"https:\\\/\\\/www.fuegos.eu\\\/#organization\",\"name\":\"Fuegos\",\"url\":\"https:\\\/\\\/www.fuegos.eu\\\/\",\"logo\":{\"@type\":\"ImageObject\",\"inLanguage\":\"fr-FR\",\"@id\":\"https:\\\/\\\/www.fuegos.eu\\\/#\\\/schema\\\/logo\\\/image\\\/\",\"url\":\"https:\\\/\\\/fuegos.eu\\\/wp-content\\\/uploads\\\/2020\\\/05\\\/FuegosSignatur000.jpg\",\"contentUrl\":\"https:\\\/\\\/fuegos.eu\\\/wp-content\\\/uploads\\\/2020\\\/05\\\/FuegosSignatur000.jpg\",\"width\":960,\"height\":408,\"caption\":\"Fuegos\"},\"image\":{\"@id\":\"https:\\\/\\\/www.fuegos.eu\\\/#\\\/schema\\\/logo\\\/image\\\/\"},\"sameAs\":[\"https:\\\/\\\/www.facebook.com\\\/FuegosForst\\\/\",\"https:\\\/\\\/www.youtube.com\\\/channel\\\/UC0SFe93Vgi6YZV6tSCOLdkA\"]}]}<\/script>\n<!-- \/ Yoast SEO plugin. -->","yoast_head_json":{"title":"Halterung f\u00fcr Kreidehalter ohne Selbstaufroller &#8226; Fuegos","description":"Halterung f\u00fcr Kreidehalter mit 360\u00b0 Selbstaufroller & Kevlarschnur. Kompatibel mit Stihl, Oregon, Lyra, Pica & Grube. Kein Einschneiden, made in Germany.","robots":{"index":"index","follow":"follow","max-snippet":"max-snippet:-1","max-image-preview":"max-image-preview:large","max-video-preview":"max-video-preview:-1"},"canonical":"https:\/\/www.fuegos.eu\/fr\/product\/halterung-fuer-kreidehalter-ohne-selbstaufroller\/","og_locale":"fr_FR","og_type":"article","og_title":"Halterung f\u00fcr Kreidehalter ohne Selbstaufroller &#8226; Fuegos","og_description":"Halterung f\u00fcr Kreidehalter mit 360\u00b0 Selbstaufroller & Kevlarschnur. Kompatibel mit Stihl, Oregon, Lyra, Pica & Grube. Kein Einschneiden, made in Germany.","og_url":"https:\/\/www.fuegos.eu\/fr\/product\/halterung-fuer-kreidehalter-ohne-selbstaufroller\/","og_site_name":"Fuegos","article_publisher":"https:\/\/www.facebook.com\/FuegosForst\/","article_modified_time":"2025-05-10T22:52:31+00:00","og_image":[{"width":800,"height":800,"url":"https:\/\/www.fuegos.eu\/wp-content\/uploads\/2025\/05\/Halterung-fuer-Kreidehalter-ohne-Selbstaufroller_800.jpg","type":"image\/jpeg"}],"twitter_card":"summary_large_image","twitter_misc":{"Dur\u00e9e de lecture estim\u00e9e":"1 minute"},"schema":{"@context":"https:\/\/schema.org","@graph":[{"@type":"WebPage","@id":"https:\/\/www.fuegos.eu\/product\/halterung-fuer-kreidehalter-ohne-selbstaufroller\/","url":"https:\/\/www.fuegos.eu\/product\/halterung-fuer-kreidehalter-ohne-selbstaufroller\/","name":"Halterung f\u00fcr Kreidehalter ohne Selbstaufroller &#8226; Fuegos","isPartOf":{"@id":"https:\/\/www.fuegos.eu\/#website"},"primaryImageOfPage":{"@id":"https:\/\/www.fuegos.eu\/product\/halterung-fuer-kreidehalter-ohne-selbstaufroller\/#primaryimage"},"image":{"@id":"https:\/\/www.fuegos.eu\/product\/halterung-fuer-kreidehalter-ohne-selbstaufroller\/#primaryimage"},"thumbnailUrl":"https:\/\/www.fuegos.eu\/wp-content\/uploads\/2025\/05\/Halterung-fuer-Kreidehalter-ohne-Selbstaufroller_800.jpg","datePublished":"2025-05-10T22:40:04+00:00","dateModified":"2025-05-10T22:52:31+00:00","description":"Halterung f\u00fcr Kreidehalter mit 360\u00b0 Selbstaufroller & Kevlarschnur. Kompatibel mit Stihl, Oregon, Lyra, Pica & Grube. Kein Einschneiden, made in Germany.","breadcrumb":{"@id":"https:\/\/www.fuegos.eu\/product\/halterung-fuer-kreidehalter-ohne-selbstaufroller\/#breadcrumb"},"inLanguage":"fr-FR","potentialAction":[{"@type":"ReadAction","target":["https:\/\/www.fuegos.eu\/product\/halterung-fuer-kreidehalter-ohne-selbstaufroller\/"]}]},{"@type":"ImageObject","inLanguage":"fr-FR","@id":"https:\/\/www.fuegos.eu\/product\/halterung-fuer-kreidehalter-ohne-selbstaufroller\/#primaryimage","url":"https:\/\/www.fuegos.eu\/wp-content\/uploads\/2025\/05\/Halterung-fuer-Kreidehalter-ohne-Selbstaufroller_800.jpg","contentUrl":"https:\/\/www.fuegos.eu\/wp-content\/uploads\/2025\/05\/Halterung-fuer-Kreidehalter-ohne-Selbstaufroller_800.jpg","width":800,"height":800,"caption":"Halterung f\u00fcr Kreidehalter ohne Selbstaufroller \u2013 ergonomisch geschnitten, kompatibel mit Fuegos-Gurten. Version f\u00fcr Rechts und Links erh\u00e4ltlich."},{"@type":"BreadcrumbList","@id":"https:\/\/www.fuegos.eu\/product\/halterung-fuer-kreidehalter-ohne-selbstaufroller\/#breadcrumb","itemListElement":[{"@type":"ListItem","position":1,"name":"Home","item":"https:\/\/www.fuegos.eu\/"},{"@type":"ListItem","position":2,"name":"Shop","item":"https:\/\/www.fuegos.eu\/forstguertel-taschen-online-kaufen\/"},{"@type":"ListItem","position":3,"name":"Halterung f\u00fcr Kreidehalter ohne Selbstaufroller"}]},{"@type":"WebSite","@id":"https:\/\/www.fuegos.eu\/#website","url":"https:\/\/www.fuegos.eu\/","name":"Fuegos","description":"Textile des Solutions sur Mesure","publisher":{"@id":"https:\/\/www.fuegos.eu\/#organization"},"potentialAction":[{"@type":"SearchAction","target":{"@type":"EntryPoint","urlTemplate":"https:\/\/www.fuegos.eu\/?s={search_term_string}"},"query-input":{"@type":"PropertyValueSpecification","valueRequired":true,"valueName":"search_term_string"}}],"inLanguage":"fr-FR"},{"@type":"Organization","@id":"https:\/\/www.fuegos.eu\/#organization","name":"Fuegos","url":"https:\/\/www.fuegos.eu\/","logo":{"@type":"ImageObject","inLanguage":"fr-FR","@id":"https:\/\/www.fuegos.eu\/#\/schema\/logo\/image\/","url":"https:\/\/fuegos.eu\/wp-content\/uploads\/2020\/05\/FuegosSignatur000.jpg","contentUrl":"https:\/\/fuegos.eu\/wp-content\/uploads\/2020\/05\/FuegosSignatur000.jpg","width":960,"height":408,"caption":"Fuegos"},"image":{"@id":"https:\/\/www.fuegos.eu\/#\/schema\/logo\/image\/"},"sameAs":["https:\/\/www.facebook.com\/FuegosForst\/","https:\/\/www.youtube.com\/channel\/UC0SFe93Vgi6YZV6tSCOLdkA"]}]}},"_links":{"self":[{"href":"https:\/\/www.fuegos.eu\/fr\/wp-json\/wp\/v2\/product\/255937","targetHints":{"allow":["GET"]}}],"collection":[{"href":"https:\/\/www.fuegos.eu\/fr\/wp-json\/wp\/v2\/product"}],"about":[{"href":"https:\/\/www.fuegos.eu\/fr\/wp-json\/wp\/v2\/types\/product"}],"replies":[{"embeddable":true,"href":"https:\/\/www.fuegos.eu\/fr\/wp-json\/wp\/v2\/comments?post=255937"}],"wp:featuredmedia":[{"embeddable":true,"href":"https:\/\/www.fuegos.eu\/fr\/wp-json\/wp\/v2\/media\/255938"}],"wp:attachment":[{"href":"https:\/\/www.fuegos.eu\/fr\/wp-json\/wp\/v2\/media?parent=255937"}],"wp:term":[{"taxonomy":"product_brand","embeddable":true,"href":"https:\/\/www.fuegos.eu\/fr\/wp-json\/wp\/v2\/product_brand?post=255937"},{"taxonomy":"product_cat","embeddable":true,"href":"https:\/\/www.fuegos.eu\/fr\/wp-json\/wp\/v2\/product_cat?post=255937"},{"taxonomy":"product_tag","embeddable":true,"href":"https:\/\/www.fuegos.eu\/fr\/wp-json\/wp\/v2\/product_tag?post=255937"}],"curies":[{"name":"wp","href":"https:\/\/api.w.org\/{rel}","templated":true}]}}